{"id":12152,"date":"2020-11-26T15:32:03","date_gmt":"2020-11-26T14:32:03","guid":{"rendered":"https:\/\/eurotrail.info\/producten\/jupe-anti-courant-dair-caravane\/"},"modified":"2021-11-24T14:41:40","modified_gmt":"2021-11-24T13:41:40","slug":"jupe-anti-courant-dair-caravane","status":"publish","type":"product","link":"https:\/\/eurotrail.info\/fr\/producten\/caravane-camping-car-bus\/accessoires-caravane\/jupe-anti-courant-dair-caravane\/","title":{"rendered":"Paravent pour caravane"},"content":{"rendered":"<p>Paravent robuste disponible en diff\u00e9rentes longueurs pr\u00e9d\u00e9coup\u00e9es.<br \/>\nFabriqu\u00e9 \u00e0 partir d&#8217;un polyester PVC solide et r\u00e9sistant avec un tendon de 7 mm et \u00e9quip\u00e9 d&#8217;\u0153illets pour la tension.<br \/>\nFacile \u00e0 nettoyer et \u00e0 d\u00e9couper.<\/p>\n<p>Dimension : 300 x 60 cm<br \/>\nMat\u00e9riau : 100% polyester<br \/>\nCouleur : gris<\/p>\n<p>\u00c9galement disponible en tailles :<br \/>\n350 x 60 cm &#8211; ETCT0121.350<br \/>\n400 x 60 cm &#8211; ETCT0121.400<br \/>\n450 x 60 cm &#8211; ETCT0121.450<br \/>\n500 x 60 cm &#8211; ETCT0121.500<br \/>\n550 x 60 cm &#8211; ETCT0121.550<br \/>\n600 x 60 cm &#8211; ETCT0121.600<br \/>\n650 x 60 cm &#8211; ETCT0121.650<\/p>\n","protected":false},"excerpt":{"rendered":"<p>Paravent robuste disponible en diff\u00e9rentes longueurs pr\u00e9d\u00e9coup\u00e9es. Fabriqu\u00e9 \u00e0 partir d&#8217;un polyester PVC solide et r\u00e9sistant avec un tendon de 7 mm et \u00e9quip\u00e9 d&#8217;\u0153illets&hellip;<\/p>\n","protected":false},"featured_media":12141,"comment_status":"open","ping_status":"closed","template":"","meta":{"_acf_changed":false},"product_brand":[],"product_cat":[242,237],"product_tag":[],"class_list":{"0":"post-12152","1":"product","2":"type-product","3":"status-publish","4":"has-post-thumbnail","6":"product_cat-accessoires-caravane","7":"product_cat-caravane-camping-car-bus","9":"first","10":"instock","11":"shipping-taxable","12":"product-type-simple"},"acf":[],"yoast_head":"<!-- This site is optimized with the Yoast SEO plugin v27.4 - https:\/\/yoast.com\/product\/yoast-seo-wordpress\/ -->\n<title>Paravent pour caravane - Eurotrail | The way we camp!<\/title>\n<meta name=\"robots\" content=\"index, follow, max-snippet:-1, max-image-preview:large, max-video-preview:-1\" \/>\n<link rel=\"canonical\" href=\"https:\/\/eurotrail.info\/fr\/producten\/caravane-camping-car-bus\/accessoires-caravane\/jupe-anti-courant-dair-caravane\/\" \/>\n<meta property=\"og:locale\" content=\"fr_FR\" \/>\n<meta property=\"og:type\" content=\"article\" \/>\n<meta property=\"og:title\" content=\"Paravent pour caravane - Eurotrail | The way we camp!\" \/>\n<meta property=\"og:description\" content=\"Paravent robuste disponible en diff\u00e9rentes longueurs pr\u00e9d\u00e9coup\u00e9es. Fabriqu\u00e9 \u00e0 partir d&#8217;un polyester PVC solide et r\u00e9sistant avec un tendon de 7 mm et \u00e9quip\u00e9 d&#8217;\u0153illets&hellip;\" \/>\n<meta property=\"og:url\" content=\"https:\/\/eurotrail.info\/fr\/producten\/caravane-camping-car-bus\/accessoires-caravane\/jupe-anti-courant-dair-caravane\/\" \/>\n<meta property=\"og:site_name\" content=\"Eurotrail | The way we camp!\" \/>\n<meta property=\"article:modified_time\" content=\"2021-11-24T13:41:40+00:00\" \/>\n<meta property=\"og:image\" content=\"https:\/\/eurotrail.info\/wp\/wp-content\/uploads\/2020\/11\/ETCT0121-Draught-Screen-10.jpg\" \/>\n\t<meta property=\"og:image:width\" content=\"1417\" \/>\n\t<meta property=\"og:image:height\" content=\"931\" \/>\n\t<meta property=\"og:image:type\" content=\"image\/jpeg\" \/>\n<meta name=\"twitter:card\" content=\"summary_large_image\" \/>\n<script type=\"application\/ld+json\" class=\"yoast-schema-graph\">{\"@context\":\"https:\\\/\\\/schema.org\",\"@graph\":[{\"@type\":\"WebPage\",\"@id\":\"https:\\\/\\\/eurotrail.info\\\/fr\\\/producten\\\/caravane-camping-car-bus\\\/accessoires-caravane\\\/jupe-anti-courant-dair-caravane\\\/\",\"url\":\"https:\\\/\\\/eurotrail.info\\\/fr\\\/producten\\\/caravane-camping-car-bus\\\/accessoires-caravane\\\/jupe-anti-courant-dair-caravane\\\/\",\"name\":\"Paravent pour caravane - Eurotrail | The way we camp!\",\"isPartOf\":{\"@id\":\"https:\\\/\\\/eurotrail.info\\\/#website\"},\"primaryImageOfPage\":{\"@id\":\"https:\\\/\\\/eurotrail.info\\\/fr\\\/producten\\\/caravane-camping-car-bus\\\/accessoires-caravane\\\/jupe-anti-courant-dair-caravane\\\/#primaryimage\"},\"image\":{\"@id\":\"https:\\\/\\\/eurotrail.info\\\/fr\\\/producten\\\/caravane-camping-car-bus\\\/accessoires-caravane\\\/jupe-anti-courant-dair-caravane\\\/#primaryimage\"},\"thumbnailUrl\":\"https:\\\/\\\/eurotrail.info\\\/wp\\\/wp-content\\\/uploads\\\/2020\\\/11\\\/ETCT0121-Draught-Screen-10.jpg\",\"datePublished\":\"2020-11-26T14:32:03+00:00\",\"dateModified\":\"2021-11-24T13:41:40+00:00\",\"breadcrumb\":{\"@id\":\"https:\\\/\\\/eurotrail.info\\\/fr\\\/producten\\\/caravane-camping-car-bus\\\/accessoires-caravane\\\/jupe-anti-courant-dair-caravane\\\/#breadcrumb\"},\"inLanguage\":\"fr-FR\",\"potentialAction\":[{\"@type\":\"ReadAction\",\"target\":[\"https:\\\/\\\/eurotrail.info\\\/fr\\\/producten\\\/caravane-camping-car-bus\\\/accessoires-caravane\\\/jupe-anti-courant-dair-caravane\\\/\"]}]},{\"@type\":\"ImageObject\",\"inLanguage\":\"fr-FR\",\"@id\":\"https:\\\/\\\/eurotrail.info\\\/fr\\\/producten\\\/caravane-camping-car-bus\\\/accessoires-caravane\\\/jupe-anti-courant-dair-caravane\\\/#primaryimage\",\"url\":\"https:\\\/\\\/eurotrail.info\\\/wp\\\/wp-content\\\/uploads\\\/2020\\\/11\\\/ETCT0121-Draught-Screen-10.jpg\",\"contentUrl\":\"https:\\\/\\\/eurotrail.info\\\/wp\\\/wp-content\\\/uploads\\\/2020\\\/11\\\/ETCT0121-Draught-Screen-10.jpg\",\"width\":1417,\"height\":931,\"caption\":\"Eurotrail tochtstrook PVC\"},{\"@type\":\"BreadcrumbList\",\"@id\":\"https:\\\/\\\/eurotrail.info\\\/fr\\\/producten\\\/caravane-camping-car-bus\\\/accessoires-caravane\\\/jupe-anti-courant-dair-caravane\\\/#breadcrumb\",\"itemListElement\":[{\"@type\":\"ListItem\",\"position\":1,\"name\":\"Home\",\"item\":\"https:\\\/\\\/eurotrail.info\\\/fr\\\/\"},{\"@type\":\"ListItem\",\"position\":2,\"name\":\"Produits\",\"item\":\"https:\\\/\\\/eurotrail.info\\\/fr\\\/produits\\\/\"},{\"@type\":\"ListItem\",\"position\":3,\"name\":\"Paravent pour caravane\"}]},{\"@type\":\"WebSite\",\"@id\":\"https:\\\/\\\/eurotrail.info\\\/#website\",\"url\":\"https:\\\/\\\/eurotrail.info\\\/\",\"name\":\"Eurotrail | The way we camp!\",\"description\":\"\",\"publisher\":{\"@id\":\"https:\\\/\\\/eurotrail.info\\\/#organization\"},\"potentialAction\":[{\"@type\":\"SearchAction\",\"target\":{\"@type\":\"EntryPoint\",\"urlTemplate\":\"https:\\\/\\\/eurotrail.info\\\/?s={search_term_string}\"},\"query-input\":{\"@type\":\"PropertyValueSpecification\",\"valueRequired\":true,\"valueName\":\"search_term_string\"}}],\"inLanguage\":\"fr-FR\"},{\"@type\":\"Organization\",\"@id\":\"https:\\\/\\\/eurotrail.info\\\/#organization\",\"name\":\"Eurotrail | The way we camp!\",\"url\":\"https:\\\/\\\/eurotrail.info\\\/\",\"logo\":{\"@type\":\"ImageObject\",\"inLanguage\":\"fr-FR\",\"@id\":\"https:\\\/\\\/eurotrail.info\\\/#\\\/schema\\\/logo\\\/image\\\/\",\"url\":\"https:\\\/\\\/eurotrail.info\\\/wp\\\/wp-content\\\/uploads\\\/2023\\\/07\\\/ET-logo-quote_NL-scaled.jpg\",\"contentUrl\":\"https:\\\/\\\/eurotrail.info\\\/wp\\\/wp-content\\\/uploads\\\/2023\\\/07\\\/ET-logo-quote_NL-scaled.jpg\",\"width\":2560,\"height\":675,\"caption\":\"Eurotrail | The way we camp!\"},\"image\":{\"@id\":\"https:\\\/\\\/eurotrail.info\\\/#\\\/schema\\\/logo\\\/image\\\/\"}}]}<\/script>\n<!-- \/ Yoast SEO plugin. -->","yoast_head_json":{"title":"Paravent pour caravane - Eurotrail | The way we camp!","robots":{"index":"index","follow":"follow","max-snippet":"max-snippet:-1","max-image-preview":"max-image-preview:large","max-video-preview":"max-video-preview:-1"},"canonical":"https:\/\/eurotrail.info\/fr\/producten\/caravane-camping-car-bus\/accessoires-caravane\/jupe-anti-courant-dair-caravane\/","og_locale":"fr_FR","og_type":"article","og_title":"Paravent pour caravane - Eurotrail | The way we camp!","og_description":"Paravent robuste disponible en diff\u00e9rentes longueurs pr\u00e9d\u00e9coup\u00e9es. Fabriqu\u00e9 \u00e0 partir d&#8217;un polyester PVC solide et r\u00e9sistant avec un tendon de 7 mm et \u00e9quip\u00e9 d&#8217;\u0153illets&hellip;","og_url":"https:\/\/eurotrail.info\/fr\/producten\/caravane-camping-car-bus\/accessoires-caravane\/jupe-anti-courant-dair-caravane\/","og_site_name":"Eurotrail | The way we camp!","article_modified_time":"2021-11-24T13:41:40+00:00","og_image":[{"width":1417,"height":931,"url":"https:\/\/eurotrail.info\/wp\/wp-content\/uploads\/2020\/11\/ETCT0121-Draught-Screen-10.jpg","type":"image\/jpeg"}],"twitter_card":"summary_large_image","schema":{"@context":"https:\/\/schema.org","@graph":[{"@type":"WebPage","@id":"https:\/\/eurotrail.info\/fr\/producten\/caravane-camping-car-bus\/accessoires-caravane\/jupe-anti-courant-dair-caravane\/","url":"https:\/\/eurotrail.info\/fr\/producten\/caravane-camping-car-bus\/accessoires-caravane\/jupe-anti-courant-dair-caravane\/","name":"Paravent pour caravane - Eurotrail | The way we camp!","isPartOf":{"@id":"https:\/\/eurotrail.info\/#website"},"primaryImageOfPage":{"@id":"https:\/\/eurotrail.info\/fr\/producten\/caravane-camping-car-bus\/accessoires-caravane\/jupe-anti-courant-dair-caravane\/#primaryimage"},"image":{"@id":"https:\/\/eurotrail.info\/fr\/producten\/caravane-camping-car-bus\/accessoires-caravane\/jupe-anti-courant-dair-caravane\/#primaryimage"},"thumbnailUrl":"https:\/\/eurotrail.info\/wp\/wp-content\/uploads\/2020\/11\/ETCT0121-Draught-Screen-10.jpg","datePublished":"2020-11-26T14:32:03+00:00","dateModified":"2021-11-24T13:41:40+00:00","breadcrumb":{"@id":"https:\/\/eurotrail.info\/fr\/producten\/caravane-camping-car-bus\/accessoires-caravane\/jupe-anti-courant-dair-caravane\/#breadcrumb"},"inLanguage":"fr-FR","potentialAction":[{"@type":"ReadAction","target":["https:\/\/eurotrail.info\/fr\/producten\/caravane-camping-car-bus\/accessoires-caravane\/jupe-anti-courant-dair-caravane\/"]}]},{"@type":"ImageObject","inLanguage":"fr-FR","@id":"https:\/\/eurotrail.info\/fr\/producten\/caravane-camping-car-bus\/accessoires-caravane\/jupe-anti-courant-dair-caravane\/#primaryimage","url":"https:\/\/eurotrail.info\/wp\/wp-content\/uploads\/2020\/11\/ETCT0121-Draught-Screen-10.jpg","contentUrl":"https:\/\/eurotrail.info\/wp\/wp-content\/uploads\/2020\/11\/ETCT0121-Draught-Screen-10.jpg","width":1417,"height":931,"caption":"Eurotrail tochtstrook PVC"},{"@type":"BreadcrumbList","@id":"https:\/\/eurotrail.info\/fr\/producten\/caravane-camping-car-bus\/accessoires-caravane\/jupe-anti-courant-dair-caravane\/#breadcrumb","itemListElement":[{"@type":"ListItem","position":1,"name":"Home","item":"https:\/\/eurotrail.info\/fr\/"},{"@type":"ListItem","position":2,"name":"Produits","item":"https:\/\/eurotrail.info\/fr\/produits\/"},{"@type":"ListItem","position":3,"name":"Paravent pour caravane"}]},{"@type":"WebSite","@id":"https:\/\/eurotrail.info\/#website","url":"https:\/\/eurotrail.info\/","name":"Eurotrail | The way we camp!","description":"","publisher":{"@id":"https:\/\/eurotrail.info\/#organization"},"potentialAction":[{"@type":"SearchAction","target":{"@type":"EntryPoint","urlTemplate":"https:\/\/eurotrail.info\/?s={search_term_string}"},"query-input":{"@type":"PropertyValueSpecification","valueRequired":true,"valueName":"search_term_string"}}],"inLanguage":"fr-FR"},{"@type":"Organization","@id":"https:\/\/eurotrail.info\/#organization","name":"Eurotrail | The way we camp!","url":"https:\/\/eurotrail.info\/","logo":{"@type":"ImageObject","inLanguage":"fr-FR","@id":"https:\/\/eurotrail.info\/#\/schema\/logo\/image\/","url":"https:\/\/eurotrail.info\/wp\/wp-content\/uploads\/2023\/07\/ET-logo-quote_NL-scaled.jpg","contentUrl":"https:\/\/eurotrail.info\/wp\/wp-content\/uploads\/2023\/07\/ET-logo-quote_NL-scaled.jpg","width":2560,"height":675,"caption":"Eurotrail | The way we camp!"},"image":{"@id":"https:\/\/eurotrail.info\/#\/schema\/logo\/image\/"}}]}},"_links":{"self":[{"href":"https:\/\/eurotrail.info\/fr\/wp-json\/wp\/v2\/product\/12152","targetHints":{"allow":["GET"]}}],"collection":[{"href":"https:\/\/eurotrail.info\/fr\/wp-json\/wp\/v2\/product"}],"about":[{"href":"https:\/\/eurotrail.info\/fr\/wp-json\/wp\/v2\/types\/product"}],"replies":[{"embeddable":true,"href":"https:\/\/eurotrail.info\/fr\/wp-json\/wp\/v2\/comments?post=12152"}],"wp:featuredmedia":[{"embeddable":true,"href":"https:\/\/eurotrail.info\/fr\/wp-json\/wp\/v2\/media\/12141"}],"wp:attachment":[{"href":"https:\/\/eurotrail.info\/fr\/wp-json\/wp\/v2\/media?parent=12152"}],"wp:term":[{"taxonomy":"product_brand","embeddable":true,"href":"https:\/\/eurotrail.info\/fr\/wp-json\/wp\/v2\/product_brand?post=12152"},{"taxonomy":"product_cat","embeddable":true,"href":"https:\/\/eurotrail.info\/fr\/wp-json\/wp\/v2\/product_cat?post=12152"},{"taxonomy":"product_tag","embeddable":true,"href":"https:\/\/eurotrail.info\/fr\/wp-json\/wp\/v2\/product_tag?post=12152"}],"curies":[{"name":"wp","href":"https:\/\/api.w.org\/{rel}","templated":true}]}}