{"id":12264,"date":"2018-01-08T16:45:53","date_gmt":"2018-01-08T15:45:53","guid":{"rendered":"https:\/\/eurotrail.info\/producten\/leon-lampe-de-camping-rechargeable\/"},"modified":"2021-12-10T16:03:18","modified_gmt":"2021-12-10T15:03:18","slug":"leon-lampe-de-camping-rechargeable","status":"publish","type":"product","link":"https:\/\/eurotrail.info\/fr\/producten\/lampes-de-camping\/leon-lampe-de-camping-rechargeable\/","title":{"rendered":"Leon &#8211; Lampe de camping rechargeable"},"content":{"rendered":"<p>Lampe de camping rechargeable lumineuse jusqu&#8217;\u00e0 1000 lm. S\u2019utilise aussi comme lumi\u00e8re d&#8217;ambiance blanche ou chaleureuse gr\u00e2ce au variateur de lumi\u00e8re.<\/p>\n<p>Bo\u00eetier en ABS solide ; r\u00e9sistant \u00e0 la poussi\u00e8re et aux chocs. Poign\u00e9e en m\u00e9tal. Le boitier est amovible pour suspendre la lampe avec le crochet de suspension d\u00e9pliable en bas.<br \/>\nAppuyer plus longtemps sur le bouton marche \/ arr\u00eat, pour mettre en fonction gradateur.<\/p>\n<p>Couleur disponible : noir \/ vert for\u00eat.<\/p>\n<p>4 modes d&#8217;\u00e9clairage : lumi\u00e8re froide, lumi\u00e8re chaude, combin\u00e9 et clignotant.<\/p>\n<p>Puissance : 3,7 V, batterie au lithium 4000 mAh int\u00e9gr\u00e9e<br \/>\nRechargeable : entr\u00e9e USB ou micro USB (c\u00e2ble USB inclus)<br \/>\nDur\u00e9e : lumi\u00e8re froide \u00b1 5 heures, lumi\u00e8re chaude \u00b1 7 heures, combin\u00e9e (1000 lumens) \u00b1 3 heures.<\/p>\n<p>Dimensions : 10 x 9,5 x 19 cm<br \/>\nPoids : 490 gr<\/p>\n","protected":false},"excerpt":{"rendered":"<p>Lampe de camping rechargeable lumineuse jusqu&#8217;\u00e0 1000 lm. S\u2019utilise aussi comme lumi\u00e8re d&#8217;ambiance blanche ou chaleureuse gr\u00e2ce au variateur de lumi\u00e8re. Bo\u00eetier en ABS solide&hellip;<\/p>\n","protected":false},"featured_media":12265,"comment_status":"open","ping_status":"closed","template":"","meta":{"_acf_changed":false},"product_brand":[],"product_cat":[283],"product_tag":[],"class_list":{"0":"post-12264","1":"product","2":"type-product","3":"status-publish","4":"has-post-thumbnail","6":"product_cat-lampes-de-camping","8":"first","9":"instock","10":"shipping-taxable","11":"product-type-simple"},"acf":[],"yoast_head":"<!-- This site is optimized with the Yoast SEO plugin v27.3 - https:\/\/yoast.com\/product\/yoast-seo-wordpress\/ -->\n<title>Leon - Lampe de camping rechargeable - Eurotrail | The way we camp!<\/title>\n<meta name=\"description\" content=\"Lampe de camping rechargeable avec une lumi\u00e8re claire et lumineuse jusqu&#039;\u00e0 1000 Lumen. Enduit de caoutchouc. Lumi\u00e8re froide\/chaude, fonction variateur\" \/>\n<meta name=\"robots\" content=\"index, follow, max-snippet:-1, max-image-preview:large, max-video-preview:-1\" \/>\n<link rel=\"canonical\" href=\"https:\/\/eurotrail.info\/fr\/producten\/lampes-de-camping\/leon-lampe-de-camping-rechargeable\/\" \/>\n<meta property=\"og:locale\" content=\"fr_FR\" \/>\n<meta property=\"og:type\" content=\"article\" \/>\n<meta property=\"og:title\" content=\"Leon - Lampe de camping rechargeable - Eurotrail | The way we camp!\" \/>\n<meta property=\"og:description\" content=\"Lampe de camping rechargeable avec une lumi\u00e8re claire et lumineuse jusqu&#039;\u00e0 1000 Lumen. Enduit de caoutchouc. Lumi\u00e8re froide\/chaude, fonction variateur\" \/>\n<meta property=\"og:url\" content=\"https:\/\/eurotrail.info\/fr\/producten\/lampes-de-camping\/leon-lampe-de-camping-rechargeable\/\" \/>\n<meta property=\"og:site_name\" content=\"Eurotrail | The way we camp!\" \/>\n<meta property=\"article:modified_time\" content=\"2021-12-10T15:03:18+00:00\" \/>\n<meta property=\"og:image\" content=\"https:\/\/eurotrail.info\/wp\/wp-content\/uploads\/2018\/01\/ETLT1176-L\u00e9on-1000-17.jpg\" \/>\n\t<meta property=\"og:image:width\" content=\"1491\" \/>\n\t<meta property=\"og:image:height\" content=\"1772\" \/>\n\t<meta property=\"og:image:type\" content=\"image\/jpeg\" \/>\n<meta name=\"twitter:card\" content=\"summary_large_image\" \/>\n<meta name=\"twitter:label1\" content=\"Dur\u00e9e de lecture estim\u00e9e\" \/>\n\t<meta name=\"twitter:data1\" content=\"1 minute\" \/>\n<script type=\"application\/ld+json\" class=\"yoast-schema-graph\">{\"@context\":\"https:\\\/\\\/schema.org\",\"@graph\":[{\"@type\":\"WebPage\",\"@id\":\"https:\\\/\\\/eurotrail.info\\\/fr\\\/producten\\\/lampes-de-camping\\\/leon-lampe-de-camping-rechargeable\\\/\",\"url\":\"https:\\\/\\\/eurotrail.info\\\/fr\\\/producten\\\/lampes-de-camping\\\/leon-lampe-de-camping-rechargeable\\\/\",\"name\":\"Leon - Lampe de camping rechargeable - Eurotrail | The way we camp!\",\"isPartOf\":{\"@id\":\"https:\\\/\\\/eurotrail.info\\\/#website\"},\"primaryImageOfPage\":{\"@id\":\"https:\\\/\\\/eurotrail.info\\\/fr\\\/producten\\\/lampes-de-camping\\\/leon-lampe-de-camping-rechargeable\\\/#primaryimage\"},\"image\":{\"@id\":\"https:\\\/\\\/eurotrail.info\\\/fr\\\/producten\\\/lampes-de-camping\\\/leon-lampe-de-camping-rechargeable\\\/#primaryimage\"},\"thumbnailUrl\":\"https:\\\/\\\/eurotrail.info\\\/wp\\\/wp-content\\\/uploads\\\/2018\\\/01\\\/ETLT1176-L\u00e9on-1000-17.jpg\",\"datePublished\":\"2018-01-08T15:45:53+00:00\",\"dateModified\":\"2021-12-10T15:03:18+00:00\",\"description\":\"Lampe de camping rechargeable avec une lumi\u00e8re claire et lumineuse jusqu'\u00e0 1000 Lumen. Enduit de caoutchouc. Lumi\u00e8re froide\\\/chaude, fonction variateur\",\"breadcrumb\":{\"@id\":\"https:\\\/\\\/eurotrail.info\\\/fr\\\/producten\\\/lampes-de-camping\\\/leon-lampe-de-camping-rechargeable\\\/#breadcrumb\"},\"inLanguage\":\"fr-FR\",\"potentialAction\":[{\"@type\":\"ReadAction\",\"target\":[\"https:\\\/\\\/eurotrail.info\\\/fr\\\/producten\\\/lampes-de-camping\\\/leon-lampe-de-camping-rechargeable\\\/\"]}]},{\"@type\":\"ImageObject\",\"inLanguage\":\"fr-FR\",\"@id\":\"https:\\\/\\\/eurotrail.info\\\/fr\\\/producten\\\/lampes-de-camping\\\/leon-lampe-de-camping-rechargeable\\\/#primaryimage\",\"url\":\"https:\\\/\\\/eurotrail.info\\\/wp\\\/wp-content\\\/uploads\\\/2018\\\/01\\\/ETLT1176-L\u00e9on-1000-17.jpg\",\"contentUrl\":\"https:\\\/\\\/eurotrail.info\\\/wp\\\/wp-content\\\/uploads\\\/2018\\\/01\\\/ETLT1176-L\u00e9on-1000-17.jpg\",\"width\":1491,\"height\":1772},{\"@type\":\"BreadcrumbList\",\"@id\":\"https:\\\/\\\/eurotrail.info\\\/fr\\\/producten\\\/lampes-de-camping\\\/leon-lampe-de-camping-rechargeable\\\/#breadcrumb\",\"itemListElement\":[{\"@type\":\"ListItem\",\"position\":1,\"name\":\"Home\",\"item\":\"https:\\\/\\\/eurotrail.info\\\/fr\\\/\"},{\"@type\":\"ListItem\",\"position\":2,\"name\":\"Produits\",\"item\":\"https:\\\/\\\/eurotrail.info\\\/fr\\\/produits\\\/\"},{\"@type\":\"ListItem\",\"position\":3,\"name\":\"Leon &#8211; Lampe de camping rechargeable\"}]},{\"@type\":\"WebSite\",\"@id\":\"https:\\\/\\\/eurotrail.info\\\/#website\",\"url\":\"https:\\\/\\\/eurotrail.info\\\/\",\"name\":\"Eurotrail | The way we camp!\",\"description\":\"\",\"publisher\":{\"@id\":\"https:\\\/\\\/eurotrail.info\\\/#organization\"},\"potentialAction\":[{\"@type\":\"SearchAction\",\"target\":{\"@type\":\"EntryPoint\",\"urlTemplate\":\"https:\\\/\\\/eurotrail.info\\\/?s={search_term_string}\"},\"query-input\":{\"@type\":\"PropertyValueSpecification\",\"valueRequired\":true,\"valueName\":\"search_term_string\"}}],\"inLanguage\":\"fr-FR\"},{\"@type\":\"Organization\",\"@id\":\"https:\\\/\\\/eurotrail.info\\\/#organization\",\"name\":\"Eurotrail | The way we camp!\",\"url\":\"https:\\\/\\\/eurotrail.info\\\/\",\"logo\":{\"@type\":\"ImageObject\",\"inLanguage\":\"fr-FR\",\"@id\":\"https:\\\/\\\/eurotrail.info\\\/#\\\/schema\\\/logo\\\/image\\\/\",\"url\":\"https:\\\/\\\/eurotrail.info\\\/wp\\\/wp-content\\\/uploads\\\/2023\\\/07\\\/ET-logo-quote_NL-scaled.jpg\",\"contentUrl\":\"https:\\\/\\\/eurotrail.info\\\/wp\\\/wp-content\\\/uploads\\\/2023\\\/07\\\/ET-logo-quote_NL-scaled.jpg\",\"width\":2560,\"height\":675,\"caption\":\"Eurotrail | The way we camp!\"},\"image\":{\"@id\":\"https:\\\/\\\/eurotrail.info\\\/#\\\/schema\\\/logo\\\/image\\\/\"}}]}<\/script>\n<!-- \/ Yoast SEO plugin. -->","yoast_head_json":{"title":"Leon - Lampe de camping rechargeable - Eurotrail | The way we camp!","description":"Lampe de camping rechargeable avec une lumi\u00e8re claire et lumineuse jusqu'\u00e0 1000 Lumen. Enduit de caoutchouc. Lumi\u00e8re froide\/chaude, fonction variateur","robots":{"index":"index","follow":"follow","max-snippet":"max-snippet:-1","max-image-preview":"max-image-preview:large","max-video-preview":"max-video-preview:-1"},"canonical":"https:\/\/eurotrail.info\/fr\/producten\/lampes-de-camping\/leon-lampe-de-camping-rechargeable\/","og_locale":"fr_FR","og_type":"article","og_title":"Leon - Lampe de camping rechargeable - Eurotrail | The way we camp!","og_description":"Lampe de camping rechargeable avec une lumi\u00e8re claire et lumineuse jusqu'\u00e0 1000 Lumen. Enduit de caoutchouc. Lumi\u00e8re froide\/chaude, fonction variateur","og_url":"https:\/\/eurotrail.info\/fr\/producten\/lampes-de-camping\/leon-lampe-de-camping-rechargeable\/","og_site_name":"Eurotrail | The way we camp!","article_modified_time":"2021-12-10T15:03:18+00:00","og_image":[{"width":1491,"height":1772,"url":"https:\/\/eurotrail.info\/wp\/wp-content\/uploads\/2018\/01\/ETLT1176-L\u00e9on-1000-17.jpg","type":"image\/jpeg"}],"twitter_card":"summary_large_image","twitter_misc":{"Dur\u00e9e de lecture estim\u00e9e":"1 minute"},"schema":{"@context":"https:\/\/schema.org","@graph":[{"@type":"WebPage","@id":"https:\/\/eurotrail.info\/fr\/producten\/lampes-de-camping\/leon-lampe-de-camping-rechargeable\/","url":"https:\/\/eurotrail.info\/fr\/producten\/lampes-de-camping\/leon-lampe-de-camping-rechargeable\/","name":"Leon - Lampe de camping rechargeable - Eurotrail | The way we camp!","isPartOf":{"@id":"https:\/\/eurotrail.info\/#website"},"primaryImageOfPage":{"@id":"https:\/\/eurotrail.info\/fr\/producten\/lampes-de-camping\/leon-lampe-de-camping-rechargeable\/#primaryimage"},"image":{"@id":"https:\/\/eurotrail.info\/fr\/producten\/lampes-de-camping\/leon-lampe-de-camping-rechargeable\/#primaryimage"},"thumbnailUrl":"https:\/\/eurotrail.info\/wp\/wp-content\/uploads\/2018\/01\/ETLT1176-L\u00e9on-1000-17.jpg","datePublished":"2018-01-08T15:45:53+00:00","dateModified":"2021-12-10T15:03:18+00:00","description":"Lampe de camping rechargeable avec une lumi\u00e8re claire et lumineuse jusqu'\u00e0 1000 Lumen. Enduit de caoutchouc. Lumi\u00e8re froide\/chaude, fonction variateur","breadcrumb":{"@id":"https:\/\/eurotrail.info\/fr\/producten\/lampes-de-camping\/leon-lampe-de-camping-rechargeable\/#breadcrumb"},"inLanguage":"fr-FR","potentialAction":[{"@type":"ReadAction","target":["https:\/\/eurotrail.info\/fr\/producten\/lampes-de-camping\/leon-lampe-de-camping-rechargeable\/"]}]},{"@type":"ImageObject","inLanguage":"fr-FR","@id":"https:\/\/eurotrail.info\/fr\/producten\/lampes-de-camping\/leon-lampe-de-camping-rechargeable\/#primaryimage","url":"https:\/\/eurotrail.info\/wp\/wp-content\/uploads\/2018\/01\/ETLT1176-L\u00e9on-1000-17.jpg","contentUrl":"https:\/\/eurotrail.info\/wp\/wp-content\/uploads\/2018\/01\/ETLT1176-L\u00e9on-1000-17.jpg","width":1491,"height":1772},{"@type":"BreadcrumbList","@id":"https:\/\/eurotrail.info\/fr\/producten\/lampes-de-camping\/leon-lampe-de-camping-rechargeable\/#breadcrumb","itemListElement":[{"@type":"ListItem","position":1,"name":"Home","item":"https:\/\/eurotrail.info\/fr\/"},{"@type":"ListItem","position":2,"name":"Produits","item":"https:\/\/eurotrail.info\/fr\/produits\/"},{"@type":"ListItem","position":3,"name":"Leon &#8211; Lampe de camping rechargeable"}]},{"@type":"WebSite","@id":"https:\/\/eurotrail.info\/#website","url":"https:\/\/eurotrail.info\/","name":"Eurotrail | The way we camp!","description":"","publisher":{"@id":"https:\/\/eurotrail.info\/#organization"},"potentialAction":[{"@type":"SearchAction","target":{"@type":"EntryPoint","urlTemplate":"https:\/\/eurotrail.info\/?s={search_term_string}"},"query-input":{"@type":"PropertyValueSpecification","valueRequired":true,"valueName":"search_term_string"}}],"inLanguage":"fr-FR"},{"@type":"Organization","@id":"https:\/\/eurotrail.info\/#organization","name":"Eurotrail | The way we camp!","url":"https:\/\/eurotrail.info\/","logo":{"@type":"ImageObject","inLanguage":"fr-FR","@id":"https:\/\/eurotrail.info\/#\/schema\/logo\/image\/","url":"https:\/\/eurotrail.info\/wp\/wp-content\/uploads\/2023\/07\/ET-logo-quote_NL-scaled.jpg","contentUrl":"https:\/\/eurotrail.info\/wp\/wp-content\/uploads\/2023\/07\/ET-logo-quote_NL-scaled.jpg","width":2560,"height":675,"caption":"Eurotrail | The way we camp!"},"image":{"@id":"https:\/\/eurotrail.info\/#\/schema\/logo\/image\/"}}]}},"_links":{"self":[{"href":"https:\/\/eurotrail.info\/fr\/wp-json\/wp\/v2\/product\/12264","targetHints":{"allow":["GET"]}}],"collection":[{"href":"https:\/\/eurotrail.info\/fr\/wp-json\/wp\/v2\/product"}],"about":[{"href":"https:\/\/eurotrail.info\/fr\/wp-json\/wp\/v2\/types\/product"}],"replies":[{"embeddable":true,"href":"https:\/\/eurotrail.info\/fr\/wp-json\/wp\/v2\/comments?post=12264"}],"wp:featuredmedia":[{"embeddable":true,"href":"https:\/\/eurotrail.info\/fr\/wp-json\/wp\/v2\/media\/12265"}],"wp:attachment":[{"href":"https:\/\/eurotrail.info\/fr\/wp-json\/wp\/v2\/media?parent=12264"}],"wp:term":[{"taxonomy":"product_brand","embeddable":true,"href":"https:\/\/eurotrail.info\/fr\/wp-json\/wp\/v2\/product_brand?post=12264"},{"taxonomy":"product_cat","embeddable":true,"href":"https:\/\/eurotrail.info\/fr\/wp-json\/wp\/v2\/product_cat?post=12264"},{"taxonomy":"product_tag","embeddable":true,"href":"https:\/\/eurotrail.info\/fr\/wp-json\/wp\/v2\/product_tag?post=12264"}],"curies":[{"name":"wp","href":"https:\/\/api.w.org\/{rel}","templated":true}]}}