{"id":12271,"date":"2016-03-14T16:37:06","date_gmt":"2016-03-14T15:37:06","guid":{"rendered":"https:\/\/eurotrail.info\/producten\/lampe-multifonctionnelle-rechargeable\/"},"modified":"2021-04-22T11:23:56","modified_gmt":"2021-04-22T10:23:56","slug":"lampe-multifonctionnelle-rechargeable","status":"publish","type":"product","link":"https:\/\/eurotrail.info\/fr\/producten\/lampes-de-camping\/lampe-multifonctionnelle-rechargeable\/","title":{"rendered":"Lampe multifonctionnelle &#8211; Rechargeable"},"content":{"rendered":"<p>Lampe de camping multifonctionnelle \u00e9quip\u00e9e de 2 lampes de poche amovibles.<br \/>\nLa lampe a 2 intensit\u00e9s lumineuses : niveau 1 est une lumi\u00e8re douce o\u00f9 la lampe offre une lumi\u00e8re d&#8217;ambiance chaleureuse. Niveau 2 est une lumi\u00e8re plus lumineuse, o\u00f9 l&#8217;intensit\u00e9 lumineuse est maximale et illumine toute la tente. Les 2 lampes de poche amovibles sont un grand plus. Elles peuvent \u00eatre utilis\u00e9s comme lampes directionnelles si vous souhaitez sortir la nuit ou comme lampe de table pour lire.<br \/>\nLa base peut \u00eatre utilis\u00e9e avec des piles (non compris) ou avec des piles rechargeables (incluses), les lampes de poche fonctionnent avec des piles AAA (non compris).<\/p>\n<p>Puissance :<br \/>\nBase : batterie au lithium int\u00e9gr\u00e9e de 1800 mAh (incluse), rechargeable par USB ou avec 3 piles D (non compris)<\/p>\n<p>Lampes de poche : 3 piles AAA (non compris)<\/p>\n<p>Lumi\u00e8re :<br \/>\nLED : 58 SMD + LED &#8211; 500 Lumens<br \/>\nLampe : Marche 50% \/ 100% \/ Arr\u00eat<br \/>\nLampes de poche : lumi\u00e8re sup\u00e9rieure \/ lumi\u00e8re lat\u00e9rale \/ \u00e9teint<\/p>\n<p>Dimensions : \u00d8 11,6 x 20,5 cm<br \/>\nPoids : 612 gr<\/p>\n","protected":false},"excerpt":{"rendered":"<p>Lampe de camping multifonctionnelle \u00e9quip\u00e9e de 2 lampes de poche amovibles. La lampe a 2 intensit\u00e9s lumineuses : niveau 1 est une lumi\u00e8re douce o\u00f9&hellip;<\/p>\n","protected":false},"featured_media":12282,"comment_status":"open","ping_status":"closed","template":"","meta":{"_acf_changed":false},"product_brand":[],"product_cat":[283],"product_tag":[],"class_list":{"0":"post-12271","1":"product","2":"type-product","3":"status-publish","4":"has-post-thumbnail","6":"product_cat-lampes-de-camping","8":"first","9":"instock","10":"shipping-taxable","11":"product-type-simple"},"acf":[],"yoast_head":"<!-- This site is optimized with the Yoast SEO plugin v27.3 - https:\/\/yoast.com\/product\/yoast-seo-wordpress\/ -->\n<title>Lampe multifonctionnelle - Rechargeable - Eurotrail | The way we camp!<\/title>\n<meta name=\"description\" content=\"Lampe de camping multifonctionnelle \u00e9quip\u00e9e de 2 lampes de poche amovibles.\" \/>\n<meta name=\"robots\" content=\"index, follow, max-snippet:-1, max-image-preview:large, max-video-preview:-1\" \/>\n<link rel=\"canonical\" href=\"https:\/\/eurotrail.info\/fr\/producten\/lampes-de-camping\/lampe-multifonctionnelle-rechargeable\/\" \/>\n<meta property=\"og:locale\" content=\"fr_FR\" \/>\n<meta property=\"og:type\" content=\"article\" \/>\n<meta property=\"og:title\" content=\"Lampe multifonctionnelle - Rechargeable - Eurotrail | The way we camp!\" \/>\n<meta property=\"og:description\" content=\"Lampe de camping multifonctionnelle \u00e9quip\u00e9e de 2 lampes de poche amovibles.\" \/>\n<meta property=\"og:url\" content=\"https:\/\/eurotrail.info\/fr\/producten\/lampes-de-camping\/lampe-multifonctionnelle-rechargeable\/\" \/>\n<meta property=\"og:site_name\" content=\"Eurotrail | The way we camp!\" \/>\n<meta property=\"article:modified_time\" content=\"2021-04-22T10:23:56+00:00\" \/>\n<meta property=\"og:image\" content=\"https:\/\/eurotrail.info\/wp\/wp-content\/uploads\/2016\/03\/ETLT1147-multi-light-0414-compl-18.jpg\" \/>\n\t<meta property=\"og:image:width\" content=\"1306\" \/>\n\t<meta property=\"og:image:height\" content=\"1772\" \/>\n\t<meta property=\"og:image:type\" content=\"image\/jpeg\" \/>\n<meta name=\"twitter:card\" content=\"summary_large_image\" \/>\n<meta name=\"twitter:label1\" content=\"Dur\u00e9e de lecture estim\u00e9e\" \/>\n\t<meta name=\"twitter:data1\" content=\"1 minute\" \/>\n<script type=\"application\/ld+json\" class=\"yoast-schema-graph\">{\"@context\":\"https:\\\/\\\/schema.org\",\"@graph\":[{\"@type\":\"WebPage\",\"@id\":\"https:\\\/\\\/eurotrail.info\\\/fr\\\/producten\\\/lampes-de-camping\\\/lampe-multifonctionnelle-rechargeable\\\/\",\"url\":\"https:\\\/\\\/eurotrail.info\\\/fr\\\/producten\\\/lampes-de-camping\\\/lampe-multifonctionnelle-rechargeable\\\/\",\"name\":\"Lampe multifonctionnelle - Rechargeable - Eurotrail | The way we camp!\",\"isPartOf\":{\"@id\":\"https:\\\/\\\/eurotrail.info\\\/#website\"},\"primaryImageOfPage\":{\"@id\":\"https:\\\/\\\/eurotrail.info\\\/fr\\\/producten\\\/lampes-de-camping\\\/lampe-multifonctionnelle-rechargeable\\\/#primaryimage\"},\"image\":{\"@id\":\"https:\\\/\\\/eurotrail.info\\\/fr\\\/producten\\\/lampes-de-camping\\\/lampe-multifonctionnelle-rechargeable\\\/#primaryimage\"},\"thumbnailUrl\":\"https:\\\/\\\/eurotrail.info\\\/wp\\\/wp-content\\\/uploads\\\/2016\\\/03\\\/ETLT1147-multi-light-0414-compl-18.jpg\",\"datePublished\":\"2016-03-14T15:37:06+00:00\",\"dateModified\":\"2021-04-22T10:23:56+00:00\",\"description\":\"Lampe de camping multifonctionnelle \u00e9quip\u00e9e de 2 lampes de poche amovibles.\",\"breadcrumb\":{\"@id\":\"https:\\\/\\\/eurotrail.info\\\/fr\\\/producten\\\/lampes-de-camping\\\/lampe-multifonctionnelle-rechargeable\\\/#breadcrumb\"},\"inLanguage\":\"fr-FR\",\"potentialAction\":[{\"@type\":\"ReadAction\",\"target\":[\"https:\\\/\\\/eurotrail.info\\\/fr\\\/producten\\\/lampes-de-camping\\\/lampe-multifonctionnelle-rechargeable\\\/\"]}]},{\"@type\":\"ImageObject\",\"inLanguage\":\"fr-FR\",\"@id\":\"https:\\\/\\\/eurotrail.info\\\/fr\\\/producten\\\/lampes-de-camping\\\/lampe-multifonctionnelle-rechargeable\\\/#primaryimage\",\"url\":\"https:\\\/\\\/eurotrail.info\\\/wp\\\/wp-content\\\/uploads\\\/2016\\\/03\\\/ETLT1147-multi-light-0414-compl-18.jpg\",\"contentUrl\":\"https:\\\/\\\/eurotrail.info\\\/wp\\\/wp-content\\\/uploads\\\/2016\\\/03\\\/ETLT1147-multi-light-0414-compl-18.jpg\",\"width\":1306,\"height\":1772},{\"@type\":\"BreadcrumbList\",\"@id\":\"https:\\\/\\\/eurotrail.info\\\/fr\\\/producten\\\/lampes-de-camping\\\/lampe-multifonctionnelle-rechargeable\\\/#breadcrumb\",\"itemListElement\":[{\"@type\":\"ListItem\",\"position\":1,\"name\":\"Home\",\"item\":\"https:\\\/\\\/eurotrail.info\\\/fr\\\/\"},{\"@type\":\"ListItem\",\"position\":2,\"name\":\"Produits\",\"item\":\"https:\\\/\\\/eurotrail.info\\\/fr\\\/produits\\\/\"},{\"@type\":\"ListItem\",\"position\":3,\"name\":\"Lampe multifonctionnelle &#8211; Rechargeable\"}]},{\"@type\":\"WebSite\",\"@id\":\"https:\\\/\\\/eurotrail.info\\\/#website\",\"url\":\"https:\\\/\\\/eurotrail.info\\\/\",\"name\":\"Eurotrail | The way we camp!\",\"description\":\"\",\"publisher\":{\"@id\":\"https:\\\/\\\/eurotrail.info\\\/#organization\"},\"potentialAction\":[{\"@type\":\"SearchAction\",\"target\":{\"@type\":\"EntryPoint\",\"urlTemplate\":\"https:\\\/\\\/eurotrail.info\\\/?s={search_term_string}\"},\"query-input\":{\"@type\":\"PropertyValueSpecification\",\"valueRequired\":true,\"valueName\":\"search_term_string\"}}],\"inLanguage\":\"fr-FR\"},{\"@type\":\"Organization\",\"@id\":\"https:\\\/\\\/eurotrail.info\\\/#organization\",\"name\":\"Eurotrail | The way we camp!\",\"url\":\"https:\\\/\\\/eurotrail.info\\\/\",\"logo\":{\"@type\":\"ImageObject\",\"inLanguage\":\"fr-FR\",\"@id\":\"https:\\\/\\\/eurotrail.info\\\/#\\\/schema\\\/logo\\\/image\\\/\",\"url\":\"https:\\\/\\\/eurotrail.info\\\/wp\\\/wp-content\\\/uploads\\\/2023\\\/07\\\/ET-logo-quote_NL-scaled.jpg\",\"contentUrl\":\"https:\\\/\\\/eurotrail.info\\\/wp\\\/wp-content\\\/uploads\\\/2023\\\/07\\\/ET-logo-quote_NL-scaled.jpg\",\"width\":2560,\"height\":675,\"caption\":\"Eurotrail | The way we camp!\"},\"image\":{\"@id\":\"https:\\\/\\\/eurotrail.info\\\/#\\\/schema\\\/logo\\\/image\\\/\"}}]}<\/script>\n<!-- \/ Yoast SEO plugin. -->","yoast_head_json":{"title":"Lampe multifonctionnelle - Rechargeable - Eurotrail | The way we camp!","description":"Lampe de camping multifonctionnelle \u00e9quip\u00e9e de 2 lampes de poche amovibles.","robots":{"index":"index","follow":"follow","max-snippet":"max-snippet:-1","max-image-preview":"max-image-preview:large","max-video-preview":"max-video-preview:-1"},"canonical":"https:\/\/eurotrail.info\/fr\/producten\/lampes-de-camping\/lampe-multifonctionnelle-rechargeable\/","og_locale":"fr_FR","og_type":"article","og_title":"Lampe multifonctionnelle - Rechargeable - Eurotrail | The way we camp!","og_description":"Lampe de camping multifonctionnelle \u00e9quip\u00e9e de 2 lampes de poche amovibles.","og_url":"https:\/\/eurotrail.info\/fr\/producten\/lampes-de-camping\/lampe-multifonctionnelle-rechargeable\/","og_site_name":"Eurotrail | The way we camp!","article_modified_time":"2021-04-22T10:23:56+00:00","og_image":[{"width":1306,"height":1772,"url":"https:\/\/eurotrail.info\/wp\/wp-content\/uploads\/2016\/03\/ETLT1147-multi-light-0414-compl-18.jpg","type":"image\/jpeg"}],"twitter_card":"summary_large_image","twitter_misc":{"Dur\u00e9e de lecture estim\u00e9e":"1 minute"},"schema":{"@context":"https:\/\/schema.org","@graph":[{"@type":"WebPage","@id":"https:\/\/eurotrail.info\/fr\/producten\/lampes-de-camping\/lampe-multifonctionnelle-rechargeable\/","url":"https:\/\/eurotrail.info\/fr\/producten\/lampes-de-camping\/lampe-multifonctionnelle-rechargeable\/","name":"Lampe multifonctionnelle - Rechargeable - Eurotrail | The way we camp!","isPartOf":{"@id":"https:\/\/eurotrail.info\/#website"},"primaryImageOfPage":{"@id":"https:\/\/eurotrail.info\/fr\/producten\/lampes-de-camping\/lampe-multifonctionnelle-rechargeable\/#primaryimage"},"image":{"@id":"https:\/\/eurotrail.info\/fr\/producten\/lampes-de-camping\/lampe-multifonctionnelle-rechargeable\/#primaryimage"},"thumbnailUrl":"https:\/\/eurotrail.info\/wp\/wp-content\/uploads\/2016\/03\/ETLT1147-multi-light-0414-compl-18.jpg","datePublished":"2016-03-14T15:37:06+00:00","dateModified":"2021-04-22T10:23:56+00:00","description":"Lampe de camping multifonctionnelle \u00e9quip\u00e9e de 2 lampes de poche amovibles.","breadcrumb":{"@id":"https:\/\/eurotrail.info\/fr\/producten\/lampes-de-camping\/lampe-multifonctionnelle-rechargeable\/#breadcrumb"},"inLanguage":"fr-FR","potentialAction":[{"@type":"ReadAction","target":["https:\/\/eurotrail.info\/fr\/producten\/lampes-de-camping\/lampe-multifonctionnelle-rechargeable\/"]}]},{"@type":"ImageObject","inLanguage":"fr-FR","@id":"https:\/\/eurotrail.info\/fr\/producten\/lampes-de-camping\/lampe-multifonctionnelle-rechargeable\/#primaryimage","url":"https:\/\/eurotrail.info\/wp\/wp-content\/uploads\/2016\/03\/ETLT1147-multi-light-0414-compl-18.jpg","contentUrl":"https:\/\/eurotrail.info\/wp\/wp-content\/uploads\/2016\/03\/ETLT1147-multi-light-0414-compl-18.jpg","width":1306,"height":1772},{"@type":"BreadcrumbList","@id":"https:\/\/eurotrail.info\/fr\/producten\/lampes-de-camping\/lampe-multifonctionnelle-rechargeable\/#breadcrumb","itemListElement":[{"@type":"ListItem","position":1,"name":"Home","item":"https:\/\/eurotrail.info\/fr\/"},{"@type":"ListItem","position":2,"name":"Produits","item":"https:\/\/eurotrail.info\/fr\/produits\/"},{"@type":"ListItem","position":3,"name":"Lampe multifonctionnelle &#8211; Rechargeable"}]},{"@type":"WebSite","@id":"https:\/\/eurotrail.info\/#website","url":"https:\/\/eurotrail.info\/","name":"Eurotrail | The way we camp!","description":"","publisher":{"@id":"https:\/\/eurotrail.info\/#organization"},"potentialAction":[{"@type":"SearchAction","target":{"@type":"EntryPoint","urlTemplate":"https:\/\/eurotrail.info\/?s={search_term_string}"},"query-input":{"@type":"PropertyValueSpecification","valueRequired":true,"valueName":"search_term_string"}}],"inLanguage":"fr-FR"},{"@type":"Organization","@id":"https:\/\/eurotrail.info\/#organization","name":"Eurotrail | The way we camp!","url":"https:\/\/eurotrail.info\/","logo":{"@type":"ImageObject","inLanguage":"fr-FR","@id":"https:\/\/eurotrail.info\/#\/schema\/logo\/image\/","url":"https:\/\/eurotrail.info\/wp\/wp-content\/uploads\/2023\/07\/ET-logo-quote_NL-scaled.jpg","contentUrl":"https:\/\/eurotrail.info\/wp\/wp-content\/uploads\/2023\/07\/ET-logo-quote_NL-scaled.jpg","width":2560,"height":675,"caption":"Eurotrail | The way we camp!"},"image":{"@id":"https:\/\/eurotrail.info\/#\/schema\/logo\/image\/"}}]}},"_links":{"self":[{"href":"https:\/\/eurotrail.info\/fr\/wp-json\/wp\/v2\/product\/12271","targetHints":{"allow":["GET"]}}],"collection":[{"href":"https:\/\/eurotrail.info\/fr\/wp-json\/wp\/v2\/product"}],"about":[{"href":"https:\/\/eurotrail.info\/fr\/wp-json\/wp\/v2\/types\/product"}],"replies":[{"embeddable":true,"href":"https:\/\/eurotrail.info\/fr\/wp-json\/wp\/v2\/comments?post=12271"}],"wp:featuredmedia":[{"embeddable":true,"href":"https:\/\/eurotrail.info\/fr\/wp-json\/wp\/v2\/media\/12282"}],"wp:attachment":[{"href":"https:\/\/eurotrail.info\/fr\/wp-json\/wp\/v2\/media?parent=12271"}],"wp:term":[{"taxonomy":"product_brand","embeddable":true,"href":"https:\/\/eurotrail.info\/fr\/wp-json\/wp\/v2\/product_brand?post=12271"},{"taxonomy":"product_cat","embeddable":true,"href":"https:\/\/eurotrail.info\/fr\/wp-json\/wp\/v2\/product_cat?post=12271"},{"taxonomy":"product_tag","embeddable":true,"href":"https:\/\/eurotrail.info\/fr\/wp-json\/wp\/v2\/product_tag?post=12271"}],"curies":[{"name":"wp","href":"https:\/\/api.w.org\/{rel}","templated":true}]}}