{"id":12410,"date":"2020-12-01T13:14:49","date_gmt":"2020-12-01T12:14:49","guid":{"rendered":"https:\/\/eurotrail.info\/producten\/relax-si-matelas-2-pers\/"},"modified":"2023-05-05T08:32:27","modified_gmt":"2023-05-05T07:32:27","slug":"relax-si-matelas-2-pers","status":"publish","type":"product","link":"https:\/\/eurotrail.info\/fr\/producten\/matelas-auto-gonflables\/matelas-gonflables\/relax-si-matelas-2-pers\/","title":{"rendered":"Relax SI Matelas 2 pers."},"content":{"rendered":"<p>Matelas de couchage pour 2 personnes avec un mat\u00e9riau extensible doux (30D) sur le dessus qui est confortable. Le matelas est auto-gonflant et rempli et pr\u00eat \u00e0 l&#8217;emploi en quelques secondes gr\u00e2ce aux grandes valves. Le matelas mesure 10 cm d&#8217;\u00e9paisseur et vous offre un confort de sommeil exceptionnel, comme \u00e0 la maison!<br \/>\nSi vous pr\u00e9f\u00e9rez un matelas dur, vous pouvez facilement gonfler le matelas \u00e0 l&#8217;aide d&#8217;un Relax Si Pump ETIC0210 (non inclus dans la livraison!).<\/p>\n<p>Mat\u00e9riau : 100 % polyester extensible 3D \/ dessous 150D Poly\/Oxford<br \/>\nTaille : 201x132x10cm<br \/>\nEmball\u00e9 : \u00d830x65cm<br \/>\nPoids : 6,5 kg.<br \/>\nIsolation (valeur R)\u00a0: 10,7<\/p>\n","protected":false},"excerpt":{"rendered":"<p>Matelas de couchage pour 2 personnes avec un mat\u00e9riau extensible doux (30D) sur le dessus qui est confortable. Le matelas est auto-gonflant et rempli et&hellip;<\/p>\n","protected":false},"featured_media":23137,"comment_status":"open","ping_status":"closed","template":"","meta":{"_acf_changed":false},"product_brand":[],"product_cat":[266,268],"product_tag":[],"class_list":{"0":"post-12410","1":"product","2":"type-product","3":"status-publish","4":"has-post-thumbnail","6":"product_cat-matelas-auto-gonflables","7":"product_cat-matelas-gonflables","9":"first","10":"instock","11":"shipping-taxable","12":"product-type-simple"},"acf":[],"yoast_head":"<!-- This site is optimized with the Yoast SEO plugin v27.3 - https:\/\/yoast.com\/product\/yoast-seo-wordpress\/ -->\n<title>Relax SI Matelas 2 pers. - Eurotrail | The way we camp!<\/title>\n<meta name=\"robots\" content=\"index, follow, max-snippet:-1, max-image-preview:large, max-video-preview:-1\" \/>\n<link rel=\"canonical\" href=\"https:\/\/eurotrail.info\/fr\/producten\/matelas-auto-gonflables\/matelas-gonflables\/relax-si-matelas-2-pers\/\" \/>\n<meta property=\"og:locale\" content=\"fr_FR\" \/>\n<meta property=\"og:type\" content=\"article\" \/>\n<meta property=\"og:title\" content=\"Relax SI Matelas 2 pers. - Eurotrail | The way we camp!\" \/>\n<meta property=\"og:description\" content=\"Matelas de couchage pour 2 personnes avec un mat\u00e9riau extensible doux (30D) sur le dessus qui est confortable. Le matelas est auto-gonflant et rempli et&hellip;\" \/>\n<meta property=\"og:url\" content=\"https:\/\/eurotrail.info\/fr\/producten\/matelas-auto-gonflables\/matelas-gonflables\/relax-si-matelas-2-pers\/\" \/>\n<meta property=\"og:site_name\" content=\"Eurotrail | The way we camp!\" \/>\n<meta property=\"article:modified_time\" content=\"2023-05-05T07:32:27+00:00\" \/>\n<meta property=\"og:image\" content=\"https:\/\/eurotrail.info\/wp\/wp-content\/uploads\/2020\/02\/ETIC0202_2701_1.jpg\" \/>\n\t<meta property=\"og:image:width\" content=\"567\" \/>\n\t<meta property=\"og:image:height\" content=\"517\" \/>\n\t<meta property=\"og:image:type\" content=\"image\/jpeg\" \/>\n<meta name=\"twitter:card\" content=\"summary_large_image\" \/>\n<meta name=\"twitter:label1\" content=\"Dur\u00e9e de lecture estim\u00e9e\" \/>\n\t<meta name=\"twitter:data1\" content=\"1 minute\" \/>\n<script type=\"application\/ld+json\" class=\"yoast-schema-graph\">{\"@context\":\"https:\\\/\\\/schema.org\",\"@graph\":[{\"@type\":\"WebPage\",\"@id\":\"https:\\\/\\\/eurotrail.info\\\/fr\\\/producten\\\/matelas-auto-gonflables\\\/matelas-gonflables\\\/relax-si-matelas-2-pers\\\/\",\"url\":\"https:\\\/\\\/eurotrail.info\\\/fr\\\/producten\\\/matelas-auto-gonflables\\\/matelas-gonflables\\\/relax-si-matelas-2-pers\\\/\",\"name\":\"Relax SI Matelas 2 pers. - Eurotrail | The way we camp!\",\"isPartOf\":{\"@id\":\"https:\\\/\\\/eurotrail.info\\\/#website\"},\"primaryImageOfPage\":{\"@id\":\"https:\\\/\\\/eurotrail.info\\\/fr\\\/producten\\\/matelas-auto-gonflables\\\/matelas-gonflables\\\/relax-si-matelas-2-pers\\\/#primaryimage\"},\"image\":{\"@id\":\"https:\\\/\\\/eurotrail.info\\\/fr\\\/producten\\\/matelas-auto-gonflables\\\/matelas-gonflables\\\/relax-si-matelas-2-pers\\\/#primaryimage\"},\"thumbnailUrl\":\"https:\\\/\\\/eurotrail.info\\\/wp\\\/wp-content\\\/uploads\\\/2020\\\/02\\\/ETIC0202_2701_1.jpg\",\"datePublished\":\"2020-12-01T12:14:49+00:00\",\"dateModified\":\"2023-05-05T07:32:27+00:00\",\"breadcrumb\":{\"@id\":\"https:\\\/\\\/eurotrail.info\\\/fr\\\/producten\\\/matelas-auto-gonflables\\\/matelas-gonflables\\\/relax-si-matelas-2-pers\\\/#breadcrumb\"},\"inLanguage\":\"fr-FR\",\"potentialAction\":[{\"@type\":\"ReadAction\",\"target\":[\"https:\\\/\\\/eurotrail.info\\\/fr\\\/producten\\\/matelas-auto-gonflables\\\/matelas-gonflables\\\/relax-si-matelas-2-pers\\\/\"]}]},{\"@type\":\"ImageObject\",\"inLanguage\":\"fr-FR\",\"@id\":\"https:\\\/\\\/eurotrail.info\\\/fr\\\/producten\\\/matelas-auto-gonflables\\\/matelas-gonflables\\\/relax-si-matelas-2-pers\\\/#primaryimage\",\"url\":\"https:\\\/\\\/eurotrail.info\\\/wp\\\/wp-content\\\/uploads\\\/2020\\\/02\\\/ETIC0202_2701_1.jpg\",\"contentUrl\":\"https:\\\/\\\/eurotrail.info\\\/wp\\\/wp-content\\\/uploads\\\/2020\\\/02\\\/ETIC0202_2701_1.jpg\",\"width\":567,\"height\":517,\"caption\":\"De Relax mat is zelf-opblazend en door de 2 ventielen is de mat in een paar seconden gevuld en klaar voor gebruik.\"},{\"@type\":\"BreadcrumbList\",\"@id\":\"https:\\\/\\\/eurotrail.info\\\/fr\\\/producten\\\/matelas-auto-gonflables\\\/matelas-gonflables\\\/relax-si-matelas-2-pers\\\/#breadcrumb\",\"itemListElement\":[{\"@type\":\"ListItem\",\"position\":1,\"name\":\"Home\",\"item\":\"https:\\\/\\\/eurotrail.info\\\/fr\\\/\"},{\"@type\":\"ListItem\",\"position\":2,\"name\":\"Produits\",\"item\":\"https:\\\/\\\/eurotrail.info\\\/fr\\\/produits\\\/\"},{\"@type\":\"ListItem\",\"position\":3,\"name\":\"Relax SI Matelas 2 pers.\"}]},{\"@type\":\"WebSite\",\"@id\":\"https:\\\/\\\/eurotrail.info\\\/#website\",\"url\":\"https:\\\/\\\/eurotrail.info\\\/\",\"name\":\"Eurotrail | The way we camp!\",\"description\":\"\",\"publisher\":{\"@id\":\"https:\\\/\\\/eurotrail.info\\\/#organization\"},\"potentialAction\":[{\"@type\":\"SearchAction\",\"target\":{\"@type\":\"EntryPoint\",\"urlTemplate\":\"https:\\\/\\\/eurotrail.info\\\/?s={search_term_string}\"},\"query-input\":{\"@type\":\"PropertyValueSpecification\",\"valueRequired\":true,\"valueName\":\"search_term_string\"}}],\"inLanguage\":\"fr-FR\"},{\"@type\":\"Organization\",\"@id\":\"https:\\\/\\\/eurotrail.info\\\/#organization\",\"name\":\"Eurotrail | The way we camp!\",\"url\":\"https:\\\/\\\/eurotrail.info\\\/\",\"logo\":{\"@type\":\"ImageObject\",\"inLanguage\":\"fr-FR\",\"@id\":\"https:\\\/\\\/eurotrail.info\\\/#\\\/schema\\\/logo\\\/image\\\/\",\"url\":\"https:\\\/\\\/eurotrail.info\\\/wp\\\/wp-content\\\/uploads\\\/2023\\\/07\\\/ET-logo-quote_NL-scaled.jpg\",\"contentUrl\":\"https:\\\/\\\/eurotrail.info\\\/wp\\\/wp-content\\\/uploads\\\/2023\\\/07\\\/ET-logo-quote_NL-scaled.jpg\",\"width\":2560,\"height\":675,\"caption\":\"Eurotrail | The way we camp!\"},\"image\":{\"@id\":\"https:\\\/\\\/eurotrail.info\\\/#\\\/schema\\\/logo\\\/image\\\/\"}}]}<\/script>\n<!-- \/ Yoast SEO plugin. -->","yoast_head_json":{"title":"Relax SI Matelas 2 pers. - Eurotrail | The way we camp!","robots":{"index":"index","follow":"follow","max-snippet":"max-snippet:-1","max-image-preview":"max-image-preview:large","max-video-preview":"max-video-preview:-1"},"canonical":"https:\/\/eurotrail.info\/fr\/producten\/matelas-auto-gonflables\/matelas-gonflables\/relax-si-matelas-2-pers\/","og_locale":"fr_FR","og_type":"article","og_title":"Relax SI Matelas 2 pers. - Eurotrail | The way we camp!","og_description":"Matelas de couchage pour 2 personnes avec un mat\u00e9riau extensible doux (30D) sur le dessus qui est confortable. Le matelas est auto-gonflant et rempli et&hellip;","og_url":"https:\/\/eurotrail.info\/fr\/producten\/matelas-auto-gonflables\/matelas-gonflables\/relax-si-matelas-2-pers\/","og_site_name":"Eurotrail | The way we camp!","article_modified_time":"2023-05-05T07:32:27+00:00","og_image":[{"width":567,"height":517,"url":"https:\/\/eurotrail.info\/wp\/wp-content\/uploads\/2020\/02\/ETIC0202_2701_1.jpg","type":"image\/jpeg"}],"twitter_card":"summary_large_image","twitter_misc":{"Dur\u00e9e de lecture estim\u00e9e":"1 minute"},"schema":{"@context":"https:\/\/schema.org","@graph":[{"@type":"WebPage","@id":"https:\/\/eurotrail.info\/fr\/producten\/matelas-auto-gonflables\/matelas-gonflables\/relax-si-matelas-2-pers\/","url":"https:\/\/eurotrail.info\/fr\/producten\/matelas-auto-gonflables\/matelas-gonflables\/relax-si-matelas-2-pers\/","name":"Relax SI Matelas 2 pers. - Eurotrail | The way we camp!","isPartOf":{"@id":"https:\/\/eurotrail.info\/#website"},"primaryImageOfPage":{"@id":"https:\/\/eurotrail.info\/fr\/producten\/matelas-auto-gonflables\/matelas-gonflables\/relax-si-matelas-2-pers\/#primaryimage"},"image":{"@id":"https:\/\/eurotrail.info\/fr\/producten\/matelas-auto-gonflables\/matelas-gonflables\/relax-si-matelas-2-pers\/#primaryimage"},"thumbnailUrl":"https:\/\/eurotrail.info\/wp\/wp-content\/uploads\/2020\/02\/ETIC0202_2701_1.jpg","datePublished":"2020-12-01T12:14:49+00:00","dateModified":"2023-05-05T07:32:27+00:00","breadcrumb":{"@id":"https:\/\/eurotrail.info\/fr\/producten\/matelas-auto-gonflables\/matelas-gonflables\/relax-si-matelas-2-pers\/#breadcrumb"},"inLanguage":"fr-FR","potentialAction":[{"@type":"ReadAction","target":["https:\/\/eurotrail.info\/fr\/producten\/matelas-auto-gonflables\/matelas-gonflables\/relax-si-matelas-2-pers\/"]}]},{"@type":"ImageObject","inLanguage":"fr-FR","@id":"https:\/\/eurotrail.info\/fr\/producten\/matelas-auto-gonflables\/matelas-gonflables\/relax-si-matelas-2-pers\/#primaryimage","url":"https:\/\/eurotrail.info\/wp\/wp-content\/uploads\/2020\/02\/ETIC0202_2701_1.jpg","contentUrl":"https:\/\/eurotrail.info\/wp\/wp-content\/uploads\/2020\/02\/ETIC0202_2701_1.jpg","width":567,"height":517,"caption":"De Relax mat is zelf-opblazend en door de 2 ventielen is de mat in een paar seconden gevuld en klaar voor gebruik."},{"@type":"BreadcrumbList","@id":"https:\/\/eurotrail.info\/fr\/producten\/matelas-auto-gonflables\/matelas-gonflables\/relax-si-matelas-2-pers\/#breadcrumb","itemListElement":[{"@type":"ListItem","position":1,"name":"Home","item":"https:\/\/eurotrail.info\/fr\/"},{"@type":"ListItem","position":2,"name":"Produits","item":"https:\/\/eurotrail.info\/fr\/produits\/"},{"@type":"ListItem","position":3,"name":"Relax SI Matelas 2 pers."}]},{"@type":"WebSite","@id":"https:\/\/eurotrail.info\/#website","url":"https:\/\/eurotrail.info\/","name":"Eurotrail | The way we camp!","description":"","publisher":{"@id":"https:\/\/eurotrail.info\/#organization"},"potentialAction":[{"@type":"SearchAction","target":{"@type":"EntryPoint","urlTemplate":"https:\/\/eurotrail.info\/?s={search_term_string}"},"query-input":{"@type":"PropertyValueSpecification","valueRequired":true,"valueName":"search_term_string"}}],"inLanguage":"fr-FR"},{"@type":"Organization","@id":"https:\/\/eurotrail.info\/#organization","name":"Eurotrail | The way we camp!","url":"https:\/\/eurotrail.info\/","logo":{"@type":"ImageObject","inLanguage":"fr-FR","@id":"https:\/\/eurotrail.info\/#\/schema\/logo\/image\/","url":"https:\/\/eurotrail.info\/wp\/wp-content\/uploads\/2023\/07\/ET-logo-quote_NL-scaled.jpg","contentUrl":"https:\/\/eurotrail.info\/wp\/wp-content\/uploads\/2023\/07\/ET-logo-quote_NL-scaled.jpg","width":2560,"height":675,"caption":"Eurotrail | The way we camp!"},"image":{"@id":"https:\/\/eurotrail.info\/#\/schema\/logo\/image\/"}}]}},"_links":{"self":[{"href":"https:\/\/eurotrail.info\/fr\/wp-json\/wp\/v2\/product\/12410","targetHints":{"allow":["GET"]}}],"collection":[{"href":"https:\/\/eurotrail.info\/fr\/wp-json\/wp\/v2\/product"}],"about":[{"href":"https:\/\/eurotrail.info\/fr\/wp-json\/wp\/v2\/types\/product"}],"replies":[{"embeddable":true,"href":"https:\/\/eurotrail.info\/fr\/wp-json\/wp\/v2\/comments?post=12410"}],"wp:featuredmedia":[{"embeddable":true,"href":"https:\/\/eurotrail.info\/fr\/wp-json\/wp\/v2\/media\/23137"}],"wp:attachment":[{"href":"https:\/\/eurotrail.info\/fr\/wp-json\/wp\/v2\/media?parent=12410"}],"wp:term":[{"taxonomy":"product_brand","embeddable":true,"href":"https:\/\/eurotrail.info\/fr\/wp-json\/wp\/v2\/product_brand?post=12410"},{"taxonomy":"product_cat","embeddable":true,"href":"https:\/\/eurotrail.info\/fr\/wp-json\/wp\/v2\/product_cat?post=12410"},{"taxonomy":"product_tag","embeddable":true,"href":"https:\/\/eurotrail.info\/fr\/wp-json\/wp\/v2\/product_tag?post=12410"}],"curies":[{"name":"wp","href":"https:\/\/api.w.org\/{rel}","templated":true}]}}