{"id":12438,"date":"2016-04-07T12:59:49","date_gmt":"2016-04-07T11:59:49","guid":{"rendered":"https:\/\/eurotrail.info\/producten\/tapis-de-sol-permeable-a-l-eau\/"},"modified":"2024-01-16T15:33:23","modified_gmt":"2024-01-16T14:33:23","slug":"tapis-de-sol-pour-tente-permeable-a-l-eau","status":"publish","type":"product","link":"https:\/\/eurotrail.info\/fr\/producten\/tapis-de-tente\/tapis-de-sol-pour-tente-permeable-a-l-eau\/","title":{"rendered":"Tapis de sol pour tente, perm\u00e9able \u00e0 l eau"},"content":{"rendered":"<p>Toile de sol sp\u00e9ciale perm\u00e9able \u00e0 l&#8217;eau.<br \/>\nCe tissu garantit que le fond n&#8217;est pas herm\u00e9tiquement ferm\u00e9, ce qui pourrait faire pourrir l&#8217;herbe. L\u2019eau peut d\u00e9sormais simplement couler dans le sol et l\u2019air peut entrer. L&#8217;utilisation de ce tapis de sol est obligatoire dans de nombreux campings.<\/p>\n<p>Mat\u00e9riau : polypropyl\u00e8ne 100 % recycl\u00e9 (bien s\u00fbr sans plastifiants)<\/p>\n<p>Diff\u00e9rentes tailles sont disponibles. Prix \u200b\u200b\u00e0 partir de<br \/>\n250 x 300 cm &#8211; ETGS0051<br \/>\n250 x 400 cm &#8211; ETGS0053<br \/>\n250 x 600 cm &#8211; ETGS0057<br \/>\n250 x 700 cm &#8211; ETGS0059<br \/>\n300 x 300 cm &#8211; ETGS0064<br \/>\n300 x 400 cm &#8211; ETGS0065<br \/>\n300 x 500 cm &#8211; ETGS0066<br \/>\n300 x 600 cm &#8211; ETGS0067<br \/>\n300 x 700 cm &#8211; ETGS0068<br \/>\n400 x 500 cm &#8211; ETGS0070<br \/>\n400 x 600 cm &#8211; ETGS0071<\/p>\n","protected":false},"excerpt":{"rendered":"<p>Toile de sol sp\u00e9ciale perm\u00e9able \u00e0 l&#8217;eau. Ce tissu garantit que le fond n&#8217;est pas herm\u00e9tiquement ferm\u00e9, ce qui pourrait faire pourrir l&#8217;herbe. L\u2019eau peut&hellip;<\/p>\n","protected":false},"featured_media":12462,"comment_status":"open","ping_status":"closed","template":"","meta":{"_acf_changed":false},"product_brand":[],"product_cat":[281],"product_tag":[],"class_list":{"0":"post-12438","1":"product","2":"type-product","3":"status-publish","4":"has-post-thumbnail","6":"product_cat-tapis-de-tente","8":"first","9":"instock","10":"shipping-taxable","11":"product-type-simple"},"acf":[],"yoast_head":"<!-- This site is optimized with the Yoast SEO plugin v27.3 - https:\/\/yoast.com\/product\/yoast-seo-wordpress\/ -->\n<title>Tapis de sol pour tente, perm\u00e9able \u00e0 l eau - Eurotrail | The way we camp!<\/title>\n<meta name=\"description\" content=\"Toile de sol sp\u00e9ciale perm\u00e9able \u00e0 l&#039;eau.Ce tissu garantit que le fond n&#039;est pas herm\u00e9tiquement ferm\u00e9, ce qui pourrait faire pourrir l&#039;herbe.\" \/>\n<meta name=\"robots\" content=\"index, follow, max-snippet:-1, max-image-preview:large, max-video-preview:-1\" \/>\n<link rel=\"canonical\" href=\"https:\/\/eurotrail.info\/fr\/producten\/tapis-de-tente\/tapis-de-sol-pour-tente-permeable-a-l-eau\/\" \/>\n<meta property=\"og:locale\" content=\"fr_FR\" \/>\n<meta property=\"og:type\" content=\"article\" \/>\n<meta property=\"og:title\" content=\"Tapis de sol pour tente, perm\u00e9able \u00e0 l eau - Eurotrail | The way we camp!\" \/>\n<meta property=\"og:description\" content=\"Toile de sol sp\u00e9ciale perm\u00e9able \u00e0 l&#039;eau.Ce tissu garantit que le fond n&#039;est pas herm\u00e9tiquement ferm\u00e9, ce qui pourrait faire pourrir l&#039;herbe.\" \/>\n<meta property=\"og:url\" content=\"https:\/\/eurotrail.info\/fr\/producten\/tapis-de-tente\/tapis-de-sol-pour-tente-permeable-a-l-eau\/\" \/>\n<meta property=\"og:site_name\" content=\"Eurotrail | The way we camp!\" \/>\n<meta property=\"article:modified_time\" content=\"2024-01-16T14:33:23+00:00\" \/>\n<meta property=\"og:image\" content=\"https:\/\/eurotrail.info\/wp\/wp-content\/uploads\/2016\/04\/ETGS0053_NVT_2.jpg\" \/>\n\t<meta property=\"og:image:width\" content=\"1772\" \/>\n\t<meta property=\"og:image:height\" content=\"1178\" \/>\n\t<meta property=\"og:image:type\" content=\"image\/jpeg\" \/>\n<meta name=\"twitter:card\" content=\"summary_large_image\" \/>\n<meta name=\"twitter:label1\" content=\"Dur\u00e9e de lecture estim\u00e9e\" \/>\n\t<meta name=\"twitter:data1\" content=\"1 minute\" \/>\n<script type=\"application\/ld+json\" class=\"yoast-schema-graph\">{\"@context\":\"https:\\\/\\\/schema.org\",\"@graph\":[{\"@type\":\"WebPage\",\"@id\":\"https:\\\/\\\/eurotrail.info\\\/fr\\\/producten\\\/tapis-de-tente\\\/tapis-de-sol-pour-tente-permeable-a-l-eau\\\/\",\"url\":\"https:\\\/\\\/eurotrail.info\\\/fr\\\/producten\\\/tapis-de-tente\\\/tapis-de-sol-pour-tente-permeable-a-l-eau\\\/\",\"name\":\"Tapis de sol pour tente, perm\u00e9able \u00e0 l eau - Eurotrail | The way we camp!\",\"isPartOf\":{\"@id\":\"https:\\\/\\\/eurotrail.info\\\/#website\"},\"primaryImageOfPage\":{\"@id\":\"https:\\\/\\\/eurotrail.info\\\/fr\\\/producten\\\/tapis-de-tente\\\/tapis-de-sol-pour-tente-permeable-a-l-eau\\\/#primaryimage\"},\"image\":{\"@id\":\"https:\\\/\\\/eurotrail.info\\\/fr\\\/producten\\\/tapis-de-tente\\\/tapis-de-sol-pour-tente-permeable-a-l-eau\\\/#primaryimage\"},\"thumbnailUrl\":\"https:\\\/\\\/eurotrail.info\\\/wp\\\/wp-content\\\/uploads\\\/2016\\\/04\\\/ETGS0053_NVT_2.jpg\",\"datePublished\":\"2016-04-07T11:59:49+00:00\",\"dateModified\":\"2024-01-16T14:33:23+00:00\",\"description\":\"Toile de sol sp\u00e9ciale perm\u00e9able \u00e0 l'eau.Ce tissu garantit que le fond n'est pas herm\u00e9tiquement ferm\u00e9, ce qui pourrait faire pourrir l'herbe.\",\"breadcrumb\":{\"@id\":\"https:\\\/\\\/eurotrail.info\\\/fr\\\/producten\\\/tapis-de-tente\\\/tapis-de-sol-pour-tente-permeable-a-l-eau\\\/#breadcrumb\"},\"inLanguage\":\"fr-FR\",\"potentialAction\":[{\"@type\":\"ReadAction\",\"target\":[\"https:\\\/\\\/eurotrail.info\\\/fr\\\/producten\\\/tapis-de-tente\\\/tapis-de-sol-pour-tente-permeable-a-l-eau\\\/\"]}]},{\"@type\":\"ImageObject\",\"inLanguage\":\"fr-FR\",\"@id\":\"https:\\\/\\\/eurotrail.info\\\/fr\\\/producten\\\/tapis-de-tente\\\/tapis-de-sol-pour-tente-permeable-a-l-eau\\\/#primaryimage\",\"url\":\"https:\\\/\\\/eurotrail.info\\\/wp\\\/wp-content\\\/uploads\\\/2016\\\/04\\\/ETGS0053_NVT_2.jpg\",\"contentUrl\":\"https:\\\/\\\/eurotrail.info\\\/wp\\\/wp-content\\\/uploads\\\/2016\\\/04\\\/ETGS0053_NVT_2.jpg\",\"width\":1772,\"height\":1178,\"caption\":\"Eurotrail Eco doek\"},{\"@type\":\"BreadcrumbList\",\"@id\":\"https:\\\/\\\/eurotrail.info\\\/fr\\\/producten\\\/tapis-de-tente\\\/tapis-de-sol-pour-tente-permeable-a-l-eau\\\/#breadcrumb\",\"itemListElement\":[{\"@type\":\"ListItem\",\"position\":1,\"name\":\"Home\",\"item\":\"https:\\\/\\\/eurotrail.info\\\/fr\\\/\"},{\"@type\":\"ListItem\",\"position\":2,\"name\":\"Produits\",\"item\":\"https:\\\/\\\/eurotrail.info\\\/fr\\\/produits\\\/\"},{\"@type\":\"ListItem\",\"position\":3,\"name\":\"Tapis de sol pour tente, perm\u00e9able \u00e0 l eau\"}]},{\"@type\":\"WebSite\",\"@id\":\"https:\\\/\\\/eurotrail.info\\\/#website\",\"url\":\"https:\\\/\\\/eurotrail.info\\\/\",\"name\":\"Eurotrail | The way we camp!\",\"description\":\"\",\"publisher\":{\"@id\":\"https:\\\/\\\/eurotrail.info\\\/#organization\"},\"potentialAction\":[{\"@type\":\"SearchAction\",\"target\":{\"@type\":\"EntryPoint\",\"urlTemplate\":\"https:\\\/\\\/eurotrail.info\\\/?s={search_term_string}\"},\"query-input\":{\"@type\":\"PropertyValueSpecification\",\"valueRequired\":true,\"valueName\":\"search_term_string\"}}],\"inLanguage\":\"fr-FR\"},{\"@type\":\"Organization\",\"@id\":\"https:\\\/\\\/eurotrail.info\\\/#organization\",\"name\":\"Eurotrail | The way we camp!\",\"url\":\"https:\\\/\\\/eurotrail.info\\\/\",\"logo\":{\"@type\":\"ImageObject\",\"inLanguage\":\"fr-FR\",\"@id\":\"https:\\\/\\\/eurotrail.info\\\/#\\\/schema\\\/logo\\\/image\\\/\",\"url\":\"https:\\\/\\\/eurotrail.info\\\/wp\\\/wp-content\\\/uploads\\\/2023\\\/07\\\/ET-logo-quote_NL-scaled.jpg\",\"contentUrl\":\"https:\\\/\\\/eurotrail.info\\\/wp\\\/wp-content\\\/uploads\\\/2023\\\/07\\\/ET-logo-quote_NL-scaled.jpg\",\"width\":2560,\"height\":675,\"caption\":\"Eurotrail | The way we camp!\"},\"image\":{\"@id\":\"https:\\\/\\\/eurotrail.info\\\/#\\\/schema\\\/logo\\\/image\\\/\"}}]}<\/script>\n<!-- \/ Yoast SEO plugin. -->","yoast_head_json":{"title":"Tapis de sol pour tente, perm\u00e9able \u00e0 l eau - Eurotrail | The way we camp!","description":"Toile de sol sp\u00e9ciale perm\u00e9able \u00e0 l'eau.Ce tissu garantit que le fond n'est pas herm\u00e9tiquement ferm\u00e9, ce qui pourrait faire pourrir l'herbe.","robots":{"index":"index","follow":"follow","max-snippet":"max-snippet:-1","max-image-preview":"max-image-preview:large","max-video-preview":"max-video-preview:-1"},"canonical":"https:\/\/eurotrail.info\/fr\/producten\/tapis-de-tente\/tapis-de-sol-pour-tente-permeable-a-l-eau\/","og_locale":"fr_FR","og_type":"article","og_title":"Tapis de sol pour tente, perm\u00e9able \u00e0 l eau - Eurotrail | The way we camp!","og_description":"Toile de sol sp\u00e9ciale perm\u00e9able \u00e0 l'eau.Ce tissu garantit que le fond n'est pas herm\u00e9tiquement ferm\u00e9, ce qui pourrait faire pourrir l'herbe.","og_url":"https:\/\/eurotrail.info\/fr\/producten\/tapis-de-tente\/tapis-de-sol-pour-tente-permeable-a-l-eau\/","og_site_name":"Eurotrail | The way we camp!","article_modified_time":"2024-01-16T14:33:23+00:00","og_image":[{"width":1772,"height":1178,"url":"https:\/\/eurotrail.info\/wp\/wp-content\/uploads\/2016\/04\/ETGS0053_NVT_2.jpg","type":"image\/jpeg"}],"twitter_card":"summary_large_image","twitter_misc":{"Dur\u00e9e de lecture estim\u00e9e":"1 minute"},"schema":{"@context":"https:\/\/schema.org","@graph":[{"@type":"WebPage","@id":"https:\/\/eurotrail.info\/fr\/producten\/tapis-de-tente\/tapis-de-sol-pour-tente-permeable-a-l-eau\/","url":"https:\/\/eurotrail.info\/fr\/producten\/tapis-de-tente\/tapis-de-sol-pour-tente-permeable-a-l-eau\/","name":"Tapis de sol pour tente, perm\u00e9able \u00e0 l eau - Eurotrail | The way we camp!","isPartOf":{"@id":"https:\/\/eurotrail.info\/#website"},"primaryImageOfPage":{"@id":"https:\/\/eurotrail.info\/fr\/producten\/tapis-de-tente\/tapis-de-sol-pour-tente-permeable-a-l-eau\/#primaryimage"},"image":{"@id":"https:\/\/eurotrail.info\/fr\/producten\/tapis-de-tente\/tapis-de-sol-pour-tente-permeable-a-l-eau\/#primaryimage"},"thumbnailUrl":"https:\/\/eurotrail.info\/wp\/wp-content\/uploads\/2016\/04\/ETGS0053_NVT_2.jpg","datePublished":"2016-04-07T11:59:49+00:00","dateModified":"2024-01-16T14:33:23+00:00","description":"Toile de sol sp\u00e9ciale perm\u00e9able \u00e0 l'eau.Ce tissu garantit que le fond n'est pas herm\u00e9tiquement ferm\u00e9, ce qui pourrait faire pourrir l'herbe.","breadcrumb":{"@id":"https:\/\/eurotrail.info\/fr\/producten\/tapis-de-tente\/tapis-de-sol-pour-tente-permeable-a-l-eau\/#breadcrumb"},"inLanguage":"fr-FR","potentialAction":[{"@type":"ReadAction","target":["https:\/\/eurotrail.info\/fr\/producten\/tapis-de-tente\/tapis-de-sol-pour-tente-permeable-a-l-eau\/"]}]},{"@type":"ImageObject","inLanguage":"fr-FR","@id":"https:\/\/eurotrail.info\/fr\/producten\/tapis-de-tente\/tapis-de-sol-pour-tente-permeable-a-l-eau\/#primaryimage","url":"https:\/\/eurotrail.info\/wp\/wp-content\/uploads\/2016\/04\/ETGS0053_NVT_2.jpg","contentUrl":"https:\/\/eurotrail.info\/wp\/wp-content\/uploads\/2016\/04\/ETGS0053_NVT_2.jpg","width":1772,"height":1178,"caption":"Eurotrail Eco doek"},{"@type":"BreadcrumbList","@id":"https:\/\/eurotrail.info\/fr\/producten\/tapis-de-tente\/tapis-de-sol-pour-tente-permeable-a-l-eau\/#breadcrumb","itemListElement":[{"@type":"ListItem","position":1,"name":"Home","item":"https:\/\/eurotrail.info\/fr\/"},{"@type":"ListItem","position":2,"name":"Produits","item":"https:\/\/eurotrail.info\/fr\/produits\/"},{"@type":"ListItem","position":3,"name":"Tapis de sol pour tente, perm\u00e9able \u00e0 l eau"}]},{"@type":"WebSite","@id":"https:\/\/eurotrail.info\/#website","url":"https:\/\/eurotrail.info\/","name":"Eurotrail | The way we camp!","description":"","publisher":{"@id":"https:\/\/eurotrail.info\/#organization"},"potentialAction":[{"@type":"SearchAction","target":{"@type":"EntryPoint","urlTemplate":"https:\/\/eurotrail.info\/?s={search_term_string}"},"query-input":{"@type":"PropertyValueSpecification","valueRequired":true,"valueName":"search_term_string"}}],"inLanguage":"fr-FR"},{"@type":"Organization","@id":"https:\/\/eurotrail.info\/#organization","name":"Eurotrail | The way we camp!","url":"https:\/\/eurotrail.info\/","logo":{"@type":"ImageObject","inLanguage":"fr-FR","@id":"https:\/\/eurotrail.info\/#\/schema\/logo\/image\/","url":"https:\/\/eurotrail.info\/wp\/wp-content\/uploads\/2023\/07\/ET-logo-quote_NL-scaled.jpg","contentUrl":"https:\/\/eurotrail.info\/wp\/wp-content\/uploads\/2023\/07\/ET-logo-quote_NL-scaled.jpg","width":2560,"height":675,"caption":"Eurotrail | The way we camp!"},"image":{"@id":"https:\/\/eurotrail.info\/#\/schema\/logo\/image\/"}}]}},"_links":{"self":[{"href":"https:\/\/eurotrail.info\/fr\/wp-json\/wp\/v2\/product\/12438","targetHints":{"allow":["GET"]}}],"collection":[{"href":"https:\/\/eurotrail.info\/fr\/wp-json\/wp\/v2\/product"}],"about":[{"href":"https:\/\/eurotrail.info\/fr\/wp-json\/wp\/v2\/types\/product"}],"replies":[{"embeddable":true,"href":"https:\/\/eurotrail.info\/fr\/wp-json\/wp\/v2\/comments?post=12438"}],"wp:featuredmedia":[{"embeddable":true,"href":"https:\/\/eurotrail.info\/fr\/wp-json\/wp\/v2\/media\/12462"}],"wp:attachment":[{"href":"https:\/\/eurotrail.info\/fr\/wp-json\/wp\/v2\/media?parent=12438"}],"wp:term":[{"taxonomy":"product_brand","embeddable":true,"href":"https:\/\/eurotrail.info\/fr\/wp-json\/wp\/v2\/product_brand?post=12438"},{"taxonomy":"product_cat","embeddable":true,"href":"https:\/\/eurotrail.info\/fr\/wp-json\/wp\/v2\/product_cat?post=12438"},{"taxonomy":"product_tag","embeddable":true,"href":"https:\/\/eurotrail.info\/fr\/wp-json\/wp\/v2\/product_tag?post=12438"}],"curies":[{"name":"wp","href":"https:\/\/api.w.org\/{rel}","templated":true}]}}