{"id":12477,"date":"2017-01-04T10:37:35","date_gmt":"2017-01-04T09:37:35","guid":{"rendered":"https:\/\/eurotrail.info\/producten\/patio-mat\/"},"modified":"2017-01-04T10:37:35","modified_gmt":"2017-01-04T09:37:35","slug":"patio-mat","status":"publish","type":"product","link":"https:\/\/eurotrail.info\/fr\/producten\/tapis-de-tente\/patio-mat\/","title":{"rendered":"Patio tapis"},"content":{"rendered":"<p>Le Patiomat d&#8217;Eurotrail est l&#8217;accessoire parfait pour tous les auvents et auvents. Le tapis de patio est compos\u00e9 \u00e0 100% de polypropyl\u00e8ne respirant et garde donc l&#8217;herbe en dessous en bon \u00e9tat. Le Patiomat est r\u00e9sistant aux UV et aux couleurs stables. Facile \u00e0 nettoyer et peut \u00eatre utilis\u00e9 des deux c\u00f4t\u00e9s. Les c\u00f4t\u00e9s sont finis avec des sangles et les coins ont de grandes boucles pour attacher des piquets (exclusifs).<br \/>\nLe Patiomat offre un confort et une protection suppl\u00e9mentaires pour une utilisation au camping dans l&#8217;auvent ou auvent, mais \u00e9galement id\u00e9al pour la plage et autour ou dans la maison. Couleur: noir \/ anti course, avec sac de rangement.<\/p>\n<p>Tailles disponibles.<br \/>\n300&#215;250 cm<br \/>\n350&#215;250 cm<br \/>\n400&#215;250 cm<\/p>\n<p>Mat\u00e9riau: 100% polypropyl\u00e8ne avec sangle en polyester<\/p>\n<p>Facile \u00e0 nettoyer<br \/>\nR\u00e9sistant aux moisissures<br \/>\nStable aux UV<br \/>\nPeut \u00eatre utilis\u00e9 des deux c\u00f4t\u00e9s<br \/>\nMati\u00e8re respirante<br \/>\nComprend un sac de rangement<\/p>\n","protected":false},"excerpt":{"rendered":"<p>Le Patiomat d&#8217;Eurotrail est l&#8217;accessoire parfait pour tous les auvents et auvents. Le tapis de patio est compos\u00e9 \u00e0 100% de polypropyl\u00e8ne respirant et garde&hellip;<\/p>\n","protected":false},"featured_media":28795,"comment_status":"open","ping_status":"closed","template":"","meta":{"_acf_changed":false},"product_brand":[],"product_cat":[281],"product_tag":[],"class_list":{"0":"post-12477","1":"product","2":"type-product","3":"status-publish","4":"has-post-thumbnail","6":"product_cat-tapis-de-tente","8":"first","9":"instock","10":"shipping-taxable","11":"product-type-simple"},"acf":[],"yoast_head":"<!-- This site is optimized with the Yoast SEO plugin v27.4 - https:\/\/yoast.com\/product\/yoast-seo-wordpress\/ -->\n<title>Patio tapis - Eurotrail | The way we camp!<\/title>\n<meta name=\"robots\" content=\"index, follow, max-snippet:-1, max-image-preview:large, max-video-preview:-1\" \/>\n<link rel=\"canonical\" href=\"https:\/\/eurotrail.info\/fr\/producten\/tapis-de-tente\/patio-mat\/\" \/>\n<meta property=\"og:locale\" content=\"fr_FR\" \/>\n<meta property=\"og:type\" content=\"article\" \/>\n<meta property=\"og:title\" content=\"Patio tapis - Eurotrail | The way we camp!\" \/>\n<meta property=\"og:description\" content=\"Le Patiomat d&#8217;Eurotrail est l&#8217;accessoire parfait pour tous les auvents et auvents. Le tapis de patio est compos\u00e9 \u00e0 100% de polypropyl\u00e8ne respirant et garde&hellip;\" \/>\n<meta property=\"og:url\" content=\"https:\/\/eurotrail.info\/fr\/producten\/tapis-de-tente\/patio-mat\/\" \/>\n<meta property=\"og:site_name\" content=\"Eurotrail | The way we camp!\" \/>\n<meta property=\"og:image\" content=\"https:\/\/eurotrail.info\/wp\/wp-content\/uploads\/2017\/01\/ETGS5001-Relax-matt-Inca-1001-25-scaled.jpg\" \/>\n\t<meta property=\"og:image:width\" content=\"2560\" \/>\n\t<meta property=\"og:image:height\" content=\"1572\" \/>\n\t<meta property=\"og:image:type\" content=\"image\/jpeg\" \/>\n<meta name=\"twitter:card\" content=\"summary_large_image\" \/>\n<meta name=\"twitter:label1\" content=\"Dur\u00e9e de lecture estim\u00e9e\" \/>\n\t<meta name=\"twitter:data1\" content=\"1 minute\" \/>\n<script type=\"application\/ld+json\" class=\"yoast-schema-graph\">{\"@context\":\"https:\\\/\\\/schema.org\",\"@graph\":[{\"@type\":\"WebPage\",\"@id\":\"https:\\\/\\\/eurotrail.info\\\/fr\\\/producten\\\/tapis-de-tente\\\/patio-mat\\\/\",\"url\":\"https:\\\/\\\/eurotrail.info\\\/fr\\\/producten\\\/tapis-de-tente\\\/patio-mat\\\/\",\"name\":\"Patio tapis - Eurotrail | The way we camp!\",\"isPartOf\":{\"@id\":\"https:\\\/\\\/eurotrail.info\\\/#website\"},\"primaryImageOfPage\":{\"@id\":\"https:\\\/\\\/eurotrail.info\\\/fr\\\/producten\\\/tapis-de-tente\\\/patio-mat\\\/#primaryimage\"},\"image\":{\"@id\":\"https:\\\/\\\/eurotrail.info\\\/fr\\\/producten\\\/tapis-de-tente\\\/patio-mat\\\/#primaryimage\"},\"thumbnailUrl\":\"https:\\\/\\\/eurotrail.info\\\/wp\\\/wp-content\\\/uploads\\\/2017\\\/01\\\/ETGS5001-Relax-matt-Inca-1001-25-scaled.jpg\",\"datePublished\":\"2017-01-04T09:37:35+00:00\",\"breadcrumb\":{\"@id\":\"https:\\\/\\\/eurotrail.info\\\/fr\\\/producten\\\/tapis-de-tente\\\/patio-mat\\\/#breadcrumb\"},\"inLanguage\":\"fr-FR\",\"potentialAction\":[{\"@type\":\"ReadAction\",\"target\":[\"https:\\\/\\\/eurotrail.info\\\/fr\\\/producten\\\/tapis-de-tente\\\/patio-mat\\\/\"]}]},{\"@type\":\"ImageObject\",\"inLanguage\":\"fr-FR\",\"@id\":\"https:\\\/\\\/eurotrail.info\\\/fr\\\/producten\\\/tapis-de-tente\\\/patio-mat\\\/#primaryimage\",\"url\":\"https:\\\/\\\/eurotrail.info\\\/wp\\\/wp-content\\\/uploads\\\/2017\\\/01\\\/ETGS5001-Relax-matt-Inca-1001-25-scaled.jpg\",\"contentUrl\":\"https:\\\/\\\/eurotrail.info\\\/wp\\\/wp-content\\\/uploads\\\/2017\\\/01\\\/ETGS5001-Relax-matt-Inca-1001-25-scaled.jpg\",\"width\":2560,\"height\":1572},{\"@type\":\"BreadcrumbList\",\"@id\":\"https:\\\/\\\/eurotrail.info\\\/fr\\\/producten\\\/tapis-de-tente\\\/patio-mat\\\/#breadcrumb\",\"itemListElement\":[{\"@type\":\"ListItem\",\"position\":1,\"name\":\"Home\",\"item\":\"https:\\\/\\\/eurotrail.info\\\/fr\\\/\"},{\"@type\":\"ListItem\",\"position\":2,\"name\":\"Produits\",\"item\":\"https:\\\/\\\/eurotrail.info\\\/fr\\\/produits\\\/\"},{\"@type\":\"ListItem\",\"position\":3,\"name\":\"Patio tapis\"}]},{\"@type\":\"WebSite\",\"@id\":\"https:\\\/\\\/eurotrail.info\\\/#website\",\"url\":\"https:\\\/\\\/eurotrail.info\\\/\",\"name\":\"Eurotrail | The way we camp!\",\"description\":\"\",\"publisher\":{\"@id\":\"https:\\\/\\\/eurotrail.info\\\/#organization\"},\"potentialAction\":[{\"@type\":\"SearchAction\",\"target\":{\"@type\":\"EntryPoint\",\"urlTemplate\":\"https:\\\/\\\/eurotrail.info\\\/?s={search_term_string}\"},\"query-input\":{\"@type\":\"PropertyValueSpecification\",\"valueRequired\":true,\"valueName\":\"search_term_string\"}}],\"inLanguage\":\"fr-FR\"},{\"@type\":\"Organization\",\"@id\":\"https:\\\/\\\/eurotrail.info\\\/#organization\",\"name\":\"Eurotrail | The way we camp!\",\"url\":\"https:\\\/\\\/eurotrail.info\\\/\",\"logo\":{\"@type\":\"ImageObject\",\"inLanguage\":\"fr-FR\",\"@id\":\"https:\\\/\\\/eurotrail.info\\\/#\\\/schema\\\/logo\\\/image\\\/\",\"url\":\"https:\\\/\\\/eurotrail.info\\\/wp\\\/wp-content\\\/uploads\\\/2023\\\/07\\\/ET-logo-quote_NL-scaled.jpg\",\"contentUrl\":\"https:\\\/\\\/eurotrail.info\\\/wp\\\/wp-content\\\/uploads\\\/2023\\\/07\\\/ET-logo-quote_NL-scaled.jpg\",\"width\":2560,\"height\":675,\"caption\":\"Eurotrail | The way we camp!\"},\"image\":{\"@id\":\"https:\\\/\\\/eurotrail.info\\\/#\\\/schema\\\/logo\\\/image\\\/\"}}]}<\/script>\n<!-- \/ Yoast SEO plugin. -->","yoast_head_json":{"title":"Patio tapis - Eurotrail | The way we camp!","robots":{"index":"index","follow":"follow","max-snippet":"max-snippet:-1","max-image-preview":"max-image-preview:large","max-video-preview":"max-video-preview:-1"},"canonical":"https:\/\/eurotrail.info\/fr\/producten\/tapis-de-tente\/patio-mat\/","og_locale":"fr_FR","og_type":"article","og_title":"Patio tapis - Eurotrail | The way we camp!","og_description":"Le Patiomat d&#8217;Eurotrail est l&#8217;accessoire parfait pour tous les auvents et auvents. Le tapis de patio est compos\u00e9 \u00e0 100% de polypropyl\u00e8ne respirant et garde&hellip;","og_url":"https:\/\/eurotrail.info\/fr\/producten\/tapis-de-tente\/patio-mat\/","og_site_name":"Eurotrail | The way we camp!","og_image":[{"width":2560,"height":1572,"url":"https:\/\/eurotrail.info\/wp\/wp-content\/uploads\/2017\/01\/ETGS5001-Relax-matt-Inca-1001-25-scaled.jpg","type":"image\/jpeg"}],"twitter_card":"summary_large_image","twitter_misc":{"Dur\u00e9e de lecture estim\u00e9e":"1 minute"},"schema":{"@context":"https:\/\/schema.org","@graph":[{"@type":"WebPage","@id":"https:\/\/eurotrail.info\/fr\/producten\/tapis-de-tente\/patio-mat\/","url":"https:\/\/eurotrail.info\/fr\/producten\/tapis-de-tente\/patio-mat\/","name":"Patio tapis - Eurotrail | The way we camp!","isPartOf":{"@id":"https:\/\/eurotrail.info\/#website"},"primaryImageOfPage":{"@id":"https:\/\/eurotrail.info\/fr\/producten\/tapis-de-tente\/patio-mat\/#primaryimage"},"image":{"@id":"https:\/\/eurotrail.info\/fr\/producten\/tapis-de-tente\/patio-mat\/#primaryimage"},"thumbnailUrl":"https:\/\/eurotrail.info\/wp\/wp-content\/uploads\/2017\/01\/ETGS5001-Relax-matt-Inca-1001-25-scaled.jpg","datePublished":"2017-01-04T09:37:35+00:00","breadcrumb":{"@id":"https:\/\/eurotrail.info\/fr\/producten\/tapis-de-tente\/patio-mat\/#breadcrumb"},"inLanguage":"fr-FR","potentialAction":[{"@type":"ReadAction","target":["https:\/\/eurotrail.info\/fr\/producten\/tapis-de-tente\/patio-mat\/"]}]},{"@type":"ImageObject","inLanguage":"fr-FR","@id":"https:\/\/eurotrail.info\/fr\/producten\/tapis-de-tente\/patio-mat\/#primaryimage","url":"https:\/\/eurotrail.info\/wp\/wp-content\/uploads\/2017\/01\/ETGS5001-Relax-matt-Inca-1001-25-scaled.jpg","contentUrl":"https:\/\/eurotrail.info\/wp\/wp-content\/uploads\/2017\/01\/ETGS5001-Relax-matt-Inca-1001-25-scaled.jpg","width":2560,"height":1572},{"@type":"BreadcrumbList","@id":"https:\/\/eurotrail.info\/fr\/producten\/tapis-de-tente\/patio-mat\/#breadcrumb","itemListElement":[{"@type":"ListItem","position":1,"name":"Home","item":"https:\/\/eurotrail.info\/fr\/"},{"@type":"ListItem","position":2,"name":"Produits","item":"https:\/\/eurotrail.info\/fr\/produits\/"},{"@type":"ListItem","position":3,"name":"Patio tapis"}]},{"@type":"WebSite","@id":"https:\/\/eurotrail.info\/#website","url":"https:\/\/eurotrail.info\/","name":"Eurotrail | The way we camp!","description":"","publisher":{"@id":"https:\/\/eurotrail.info\/#organization"},"potentialAction":[{"@type":"SearchAction","target":{"@type":"EntryPoint","urlTemplate":"https:\/\/eurotrail.info\/?s={search_term_string}"},"query-input":{"@type":"PropertyValueSpecification","valueRequired":true,"valueName":"search_term_string"}}],"inLanguage":"fr-FR"},{"@type":"Organization","@id":"https:\/\/eurotrail.info\/#organization","name":"Eurotrail | The way we camp!","url":"https:\/\/eurotrail.info\/","logo":{"@type":"ImageObject","inLanguage":"fr-FR","@id":"https:\/\/eurotrail.info\/#\/schema\/logo\/image\/","url":"https:\/\/eurotrail.info\/wp\/wp-content\/uploads\/2023\/07\/ET-logo-quote_NL-scaled.jpg","contentUrl":"https:\/\/eurotrail.info\/wp\/wp-content\/uploads\/2023\/07\/ET-logo-quote_NL-scaled.jpg","width":2560,"height":675,"caption":"Eurotrail | The way we camp!"},"image":{"@id":"https:\/\/eurotrail.info\/#\/schema\/logo\/image\/"}}]}},"_links":{"self":[{"href":"https:\/\/eurotrail.info\/fr\/wp-json\/wp\/v2\/product\/12477","targetHints":{"allow":["GET"]}}],"collection":[{"href":"https:\/\/eurotrail.info\/fr\/wp-json\/wp\/v2\/product"}],"about":[{"href":"https:\/\/eurotrail.info\/fr\/wp-json\/wp\/v2\/types\/product"}],"replies":[{"embeddable":true,"href":"https:\/\/eurotrail.info\/fr\/wp-json\/wp\/v2\/comments?post=12477"}],"wp:featuredmedia":[{"embeddable":true,"href":"https:\/\/eurotrail.info\/fr\/wp-json\/wp\/v2\/media\/28795"}],"wp:attachment":[{"href":"https:\/\/eurotrail.info\/fr\/wp-json\/wp\/v2\/media?parent=12477"}],"wp:term":[{"taxonomy":"product_brand","embeddable":true,"href":"https:\/\/eurotrail.info\/fr\/wp-json\/wp\/v2\/product_brand?post=12477"},{"taxonomy":"product_cat","embeddable":true,"href":"https:\/\/eurotrail.info\/fr\/wp-json\/wp\/v2\/product_cat?post=12477"},{"taxonomy":"product_tag","embeddable":true,"href":"https:\/\/eurotrail.info\/fr\/wp-json\/wp\/v2\/product_tag?post=12477"}],"curies":[{"name":"wp","href":"https:\/\/api.w.org\/{rel}","templated":true}]}}