{"id":12485,"date":"2016-04-07T12:57:25","date_gmt":"2016-04-07T11:57:25","guid":{"rendered":"https:\/\/eurotrail.info\/producten\/camptex-tapis-de-tente\/"},"modified":"2024-01-16T15:47:00","modified_gmt":"2024-01-16T14:47:00","slug":"camptex-tapis-de-tente","status":"publish","type":"product","link":"https:\/\/eurotrail.info\/fr\/producten\/tapis-de-tente\/camptex-tapis-de-tente\/","title":{"rendered":"Camptex Tapis de tente"},"content":{"rendered":"<p>Tapis de tente Eurotrail: pratique, durable et facile \u00e0 personnaliser.<br \/>\nLe tapis de tente prot\u00e8ge votre tapis de sol de l&#8217;usure excessive et offre une sensation douce et confortable. Le tapis a un noyau en nylon entour\u00e9 d&#8217;une couche de mousse sp\u00e9ciale qui peut \u00eatre coup\u00e9e \u00e0 la taille requise. En utilisant les clips sp\u00e9ciaux pour tapis Eurotrail (en option), vous pouvez fixer le tapis aux coins avec une cheville. Apr\u00e8s utilisation, vous pouvez ranger le tapis dans un sac sp\u00e9cial pour tente Eurotrail (en option). Disponible en diff\u00e9rentes tailles.<\/p>\n<p>Tissu: Poly\u00e9thyl\u00e8ne \u00b1 500 gr \/ m\u00b2<\/p>\n<p>&#8211; Structure respirante<br \/>\n&#8211; Isolation thermique<br \/>\n&#8211; \u00c9vacuation de l&#8217;eau et de la salet\u00e9<br \/>\n&#8211; Colourfast<br \/>\n&#8211; Facile \u00e0 nettoyer<br \/>\n&#8211; R\u00e9sistant aux intemp\u00e9ries<\/p>\n","protected":false},"excerpt":{"rendered":"<p>Tapis de tente Eurotrail: pratique, durable et facile \u00e0 personnaliser. Le tapis de tente prot\u00e8ge votre tapis de sol de l&#8217;usure excessive et offre une&hellip;<\/p>\n","protected":false},"featured_media":12494,"comment_status":"open","ping_status":"closed","template":"","meta":{"_acf_changed":false},"product_brand":[],"product_cat":[281],"product_tag":[],"class_list":{"0":"post-12485","1":"product","2":"type-product","3":"status-publish","4":"has-post-thumbnail","6":"product_cat-tapis-de-tente","8":"first","9":"instock","10":"shipping-taxable","11":"product-type-simple"},"acf":[],"yoast_head":"<!-- This site is optimized with the Yoast SEO plugin v27.4 - https:\/\/yoast.com\/product\/yoast-seo-wordpress\/ -->\n<title>Camptex Tapis de tente - Eurotrail | The way we camp!<\/title>\n<meta name=\"robots\" content=\"index, follow, max-snippet:-1, max-image-preview:large, max-video-preview:-1\" \/>\n<link rel=\"canonical\" href=\"https:\/\/eurotrail.info\/fr\/producten\/tapis-de-tente\/camptex-tapis-de-tente\/\" \/>\n<meta property=\"og:locale\" content=\"fr_FR\" \/>\n<meta property=\"og:type\" content=\"article\" \/>\n<meta property=\"og:title\" content=\"Camptex Tapis de tente - Eurotrail | The way we camp!\" \/>\n<meta property=\"og:description\" content=\"Tapis de tente Eurotrail: pratique, durable et facile \u00e0 personnaliser. Le tapis de tente prot\u00e8ge votre tapis de sol de l&#8217;usure excessive et offre une&hellip;\" \/>\n<meta property=\"og:url\" content=\"https:\/\/eurotrail.info\/fr\/producten\/tapis-de-tente\/camptex-tapis-de-tente\/\" \/>\n<meta property=\"og:site_name\" content=\"Eurotrail | The way we camp!\" \/>\n<meta property=\"article:modified_time\" content=\"2024-01-16T14:47:00+00:00\" \/>\n<meta property=\"og:image\" content=\"https:\/\/eurotrail.info\/wp\/wp-content\/uploads\/2016\/04\/ETGS0008-sample-0002.jpg\" \/>\n\t<meta property=\"og:image:width\" content=\"282\" \/>\n\t<meta property=\"og:image:height\" content=\"413\" \/>\n\t<meta property=\"og:image:type\" content=\"image\/jpeg\" \/>\n<meta name=\"twitter:card\" content=\"summary_large_image\" \/>\n<meta name=\"twitter:label1\" content=\"Dur\u00e9e de lecture estim\u00e9e\" \/>\n\t<meta name=\"twitter:data1\" content=\"1 minute\" \/>\n<script type=\"application\/ld+json\" class=\"yoast-schema-graph\">{\"@context\":\"https:\\\/\\\/schema.org\",\"@graph\":[{\"@type\":\"WebPage\",\"@id\":\"https:\\\/\\\/eurotrail.info\\\/fr\\\/producten\\\/tapis-de-tente\\\/camptex-tapis-de-tente\\\/\",\"url\":\"https:\\\/\\\/eurotrail.info\\\/fr\\\/producten\\\/tapis-de-tente\\\/camptex-tapis-de-tente\\\/\",\"name\":\"Camptex Tapis de tente - Eurotrail | The way we camp!\",\"isPartOf\":{\"@id\":\"https:\\\/\\\/eurotrail.info\\\/#website\"},\"primaryImageOfPage\":{\"@id\":\"https:\\\/\\\/eurotrail.info\\\/fr\\\/producten\\\/tapis-de-tente\\\/camptex-tapis-de-tente\\\/#primaryimage\"},\"image\":{\"@id\":\"https:\\\/\\\/eurotrail.info\\\/fr\\\/producten\\\/tapis-de-tente\\\/camptex-tapis-de-tente\\\/#primaryimage\"},\"thumbnailUrl\":\"https:\\\/\\\/eurotrail.info\\\/wp\\\/wp-content\\\/uploads\\\/2016\\\/04\\\/ETGS0008-sample-0002.jpg\",\"datePublished\":\"2016-04-07T11:57:25+00:00\",\"dateModified\":\"2024-01-16T14:47:00+00:00\",\"breadcrumb\":{\"@id\":\"https:\\\/\\\/eurotrail.info\\\/fr\\\/producten\\\/tapis-de-tente\\\/camptex-tapis-de-tente\\\/#breadcrumb\"},\"inLanguage\":\"fr-FR\",\"potentialAction\":[{\"@type\":\"ReadAction\",\"target\":[\"https:\\\/\\\/eurotrail.info\\\/fr\\\/producten\\\/tapis-de-tente\\\/camptex-tapis-de-tente\\\/\"]}]},{\"@type\":\"ImageObject\",\"inLanguage\":\"fr-FR\",\"@id\":\"https:\\\/\\\/eurotrail.info\\\/fr\\\/producten\\\/tapis-de-tente\\\/camptex-tapis-de-tente\\\/#primaryimage\",\"url\":\"https:\\\/\\\/eurotrail.info\\\/wp\\\/wp-content\\\/uploads\\\/2016\\\/04\\\/ETGS0008-sample-0002.jpg\",\"contentUrl\":\"https:\\\/\\\/eurotrail.info\\\/wp\\\/wp-content\\\/uploads\\\/2016\\\/04\\\/ETGS0008-sample-0002.jpg\",\"width\":282,\"height\":413},{\"@type\":\"BreadcrumbList\",\"@id\":\"https:\\\/\\\/eurotrail.info\\\/fr\\\/producten\\\/tapis-de-tente\\\/camptex-tapis-de-tente\\\/#breadcrumb\",\"itemListElement\":[{\"@type\":\"ListItem\",\"position\":1,\"name\":\"Home\",\"item\":\"https:\\\/\\\/eurotrail.info\\\/fr\\\/\"},{\"@type\":\"ListItem\",\"position\":2,\"name\":\"Produits\",\"item\":\"https:\\\/\\\/eurotrail.info\\\/fr\\\/produits\\\/\"},{\"@type\":\"ListItem\",\"position\":3,\"name\":\"Camptex Tapis de tente\"}]},{\"@type\":\"WebSite\",\"@id\":\"https:\\\/\\\/eurotrail.info\\\/#website\",\"url\":\"https:\\\/\\\/eurotrail.info\\\/\",\"name\":\"Eurotrail | The way we camp!\",\"description\":\"\",\"publisher\":{\"@id\":\"https:\\\/\\\/eurotrail.info\\\/#organization\"},\"potentialAction\":[{\"@type\":\"SearchAction\",\"target\":{\"@type\":\"EntryPoint\",\"urlTemplate\":\"https:\\\/\\\/eurotrail.info\\\/?s={search_term_string}\"},\"query-input\":{\"@type\":\"PropertyValueSpecification\",\"valueRequired\":true,\"valueName\":\"search_term_string\"}}],\"inLanguage\":\"fr-FR\"},{\"@type\":\"Organization\",\"@id\":\"https:\\\/\\\/eurotrail.info\\\/#organization\",\"name\":\"Eurotrail | The way we camp!\",\"url\":\"https:\\\/\\\/eurotrail.info\\\/\",\"logo\":{\"@type\":\"ImageObject\",\"inLanguage\":\"fr-FR\",\"@id\":\"https:\\\/\\\/eurotrail.info\\\/#\\\/schema\\\/logo\\\/image\\\/\",\"url\":\"https:\\\/\\\/eurotrail.info\\\/wp\\\/wp-content\\\/uploads\\\/2023\\\/07\\\/ET-logo-quote_NL-scaled.jpg\",\"contentUrl\":\"https:\\\/\\\/eurotrail.info\\\/wp\\\/wp-content\\\/uploads\\\/2023\\\/07\\\/ET-logo-quote_NL-scaled.jpg\",\"width\":2560,\"height\":675,\"caption\":\"Eurotrail | The way we camp!\"},\"image\":{\"@id\":\"https:\\\/\\\/eurotrail.info\\\/#\\\/schema\\\/logo\\\/image\\\/\"}}]}<\/script>\n<!-- \/ Yoast SEO plugin. -->","yoast_head_json":{"title":"Camptex Tapis de tente - Eurotrail | The way we camp!","robots":{"index":"index","follow":"follow","max-snippet":"max-snippet:-1","max-image-preview":"max-image-preview:large","max-video-preview":"max-video-preview:-1"},"canonical":"https:\/\/eurotrail.info\/fr\/producten\/tapis-de-tente\/camptex-tapis-de-tente\/","og_locale":"fr_FR","og_type":"article","og_title":"Camptex Tapis de tente - Eurotrail | The way we camp!","og_description":"Tapis de tente Eurotrail: pratique, durable et facile \u00e0 personnaliser. Le tapis de tente prot\u00e8ge votre tapis de sol de l&#8217;usure excessive et offre une&hellip;","og_url":"https:\/\/eurotrail.info\/fr\/producten\/tapis-de-tente\/camptex-tapis-de-tente\/","og_site_name":"Eurotrail | The way we camp!","article_modified_time":"2024-01-16T14:47:00+00:00","og_image":[{"width":282,"height":413,"url":"https:\/\/eurotrail.info\/wp\/wp-content\/uploads\/2016\/04\/ETGS0008-sample-0002.jpg","type":"image\/jpeg"}],"twitter_card":"summary_large_image","twitter_misc":{"Dur\u00e9e de lecture estim\u00e9e":"1 minute"},"schema":{"@context":"https:\/\/schema.org","@graph":[{"@type":"WebPage","@id":"https:\/\/eurotrail.info\/fr\/producten\/tapis-de-tente\/camptex-tapis-de-tente\/","url":"https:\/\/eurotrail.info\/fr\/producten\/tapis-de-tente\/camptex-tapis-de-tente\/","name":"Camptex Tapis de tente - Eurotrail | The way we camp!","isPartOf":{"@id":"https:\/\/eurotrail.info\/#website"},"primaryImageOfPage":{"@id":"https:\/\/eurotrail.info\/fr\/producten\/tapis-de-tente\/camptex-tapis-de-tente\/#primaryimage"},"image":{"@id":"https:\/\/eurotrail.info\/fr\/producten\/tapis-de-tente\/camptex-tapis-de-tente\/#primaryimage"},"thumbnailUrl":"https:\/\/eurotrail.info\/wp\/wp-content\/uploads\/2016\/04\/ETGS0008-sample-0002.jpg","datePublished":"2016-04-07T11:57:25+00:00","dateModified":"2024-01-16T14:47:00+00:00","breadcrumb":{"@id":"https:\/\/eurotrail.info\/fr\/producten\/tapis-de-tente\/camptex-tapis-de-tente\/#breadcrumb"},"inLanguage":"fr-FR","potentialAction":[{"@type":"ReadAction","target":["https:\/\/eurotrail.info\/fr\/producten\/tapis-de-tente\/camptex-tapis-de-tente\/"]}]},{"@type":"ImageObject","inLanguage":"fr-FR","@id":"https:\/\/eurotrail.info\/fr\/producten\/tapis-de-tente\/camptex-tapis-de-tente\/#primaryimage","url":"https:\/\/eurotrail.info\/wp\/wp-content\/uploads\/2016\/04\/ETGS0008-sample-0002.jpg","contentUrl":"https:\/\/eurotrail.info\/wp\/wp-content\/uploads\/2016\/04\/ETGS0008-sample-0002.jpg","width":282,"height":413},{"@type":"BreadcrumbList","@id":"https:\/\/eurotrail.info\/fr\/producten\/tapis-de-tente\/camptex-tapis-de-tente\/#breadcrumb","itemListElement":[{"@type":"ListItem","position":1,"name":"Home","item":"https:\/\/eurotrail.info\/fr\/"},{"@type":"ListItem","position":2,"name":"Produits","item":"https:\/\/eurotrail.info\/fr\/produits\/"},{"@type":"ListItem","position":3,"name":"Camptex Tapis de tente"}]},{"@type":"WebSite","@id":"https:\/\/eurotrail.info\/#website","url":"https:\/\/eurotrail.info\/","name":"Eurotrail | The way we camp!","description":"","publisher":{"@id":"https:\/\/eurotrail.info\/#organization"},"potentialAction":[{"@type":"SearchAction","target":{"@type":"EntryPoint","urlTemplate":"https:\/\/eurotrail.info\/?s={search_term_string}"},"query-input":{"@type":"PropertyValueSpecification","valueRequired":true,"valueName":"search_term_string"}}],"inLanguage":"fr-FR"},{"@type":"Organization","@id":"https:\/\/eurotrail.info\/#organization","name":"Eurotrail | The way we camp!","url":"https:\/\/eurotrail.info\/","logo":{"@type":"ImageObject","inLanguage":"fr-FR","@id":"https:\/\/eurotrail.info\/#\/schema\/logo\/image\/","url":"https:\/\/eurotrail.info\/wp\/wp-content\/uploads\/2023\/07\/ET-logo-quote_NL-scaled.jpg","contentUrl":"https:\/\/eurotrail.info\/wp\/wp-content\/uploads\/2023\/07\/ET-logo-quote_NL-scaled.jpg","width":2560,"height":675,"caption":"Eurotrail | The way we camp!"},"image":{"@id":"https:\/\/eurotrail.info\/#\/schema\/logo\/image\/"}}]}},"_links":{"self":[{"href":"https:\/\/eurotrail.info\/fr\/wp-json\/wp\/v2\/product\/12485","targetHints":{"allow":["GET"]}}],"collection":[{"href":"https:\/\/eurotrail.info\/fr\/wp-json\/wp\/v2\/product"}],"about":[{"href":"https:\/\/eurotrail.info\/fr\/wp-json\/wp\/v2\/types\/product"}],"replies":[{"embeddable":true,"href":"https:\/\/eurotrail.info\/fr\/wp-json\/wp\/v2\/comments?post=12485"}],"wp:featuredmedia":[{"embeddable":true,"href":"https:\/\/eurotrail.info\/fr\/wp-json\/wp\/v2\/media\/12494"}],"wp:attachment":[{"href":"https:\/\/eurotrail.info\/fr\/wp-json\/wp\/v2\/media?parent=12485"}],"wp:term":[{"taxonomy":"product_brand","embeddable":true,"href":"https:\/\/eurotrail.info\/fr\/wp-json\/wp\/v2\/product_brand?post=12485"},{"taxonomy":"product_cat","embeddable":true,"href":"https:\/\/eurotrail.info\/fr\/wp-json\/wp\/v2\/product_cat?post=12485"},{"taxonomy":"product_tag","embeddable":true,"href":"https:\/\/eurotrail.info\/fr\/wp-json\/wp\/v2\/product_tag?post=12485"}],"curies":[{"name":"wp","href":"https:\/\/api.w.org\/{rel}","templated":true}]}}