{"id":12495,"date":"2016-09-28T13:29:14","date_gmt":"2016-09-28T12:29:14","guid":{"rendered":"https:\/\/eurotrail.info\/producten\/bouilloire-pliable-m\/"},"modified":"2016-09-28T13:29:14","modified_gmt":"2016-09-28T12:29:14","slug":"bouilloire-pliable-m","status":"publish","type":"product","link":"https:\/\/eurotrail.info\/fr\/producten\/articles-menagers\/articles-de-cuisine-pliants-en-silicone\/bouilloire-pliable-m\/","title":{"rendered":"Bouilloire pliable M"},"content":{"rendered":"<p><span lang=\"FR\">Bouilloire pliable avec fond en acier inoxydable et couvercle en plastique verrouillable. Contenu 1,2 L.<\/span><\/p>\n<p><span lang=\"FR\">&#8211; Sans BPA (sans danger pour les aliments, sans go\u00fbt)<br \/>\n&#8211; Peut \u00eatre plac\u00e9 directement sur le fourneau<br \/>\n&#8211; Petit format<br \/>\n&#8211; Facile \u00e0 d\u00e9plier et \u00e0 plier<br \/>\n&#8211; Lavable au lave-vaisselle<\/span><\/p>\n<p><span lang=\"FR\">Couleurs disponibles : vert et bleu.<\/span><\/p>\n<p><span lang=\"FR\">Dimensions : \u00d8 14,5 x 14 cm<br \/>\nDimensions pli\u00e9e : 22 x 15 x 6 cm<br \/>\nContenu : \u00b1 1,2 L<br \/>\nMat\u00e9riau : fermeture en silicone, acier inoxydable et plastique PP<br \/>\nPoids : 395 gr<\/span><\/p>\n","protected":false},"excerpt":{"rendered":"<p>Bouilloire pliable avec fond en acier inoxydable et couvercle en plastique verrouillable. Contenu 1,2 L. &#8211; Sans BPA (sans danger pour les aliments, sans go\u00fbt)&hellip;<\/p>\n","protected":false},"featured_media":12499,"comment_status":"open","ping_status":"closed","template":"","meta":{"_acf_changed":false},"product_brand":[],"product_cat":[249],"product_tag":[],"class_list":{"0":"post-12495","1":"product","2":"type-product","3":"status-publish","4":"has-post-thumbnail","6":"product_cat-articles-de-cuisine-pliants-en-silicone","8":"first","9":"instock","10":"shipping-taxable","11":"product-type-simple"},"acf":[],"yoast_head":"<!-- This site is optimized with the Yoast SEO plugin v27.3 - https:\/\/yoast.com\/product\/yoast-seo-wordpress\/ -->\n<title>Bouilloire pliable M - Eurotrail | The way we camp!<\/title>\n<meta name=\"robots\" content=\"index, follow, max-snippet:-1, max-image-preview:large, max-video-preview:-1\" \/>\n<link rel=\"canonical\" href=\"https:\/\/eurotrail.info\/producten\/huishoudelijk\/opvouwbare-boxen-keukenartikelen-siliconen\/waterketel-opvouwbaar\/\" \/>\n<meta property=\"og:locale\" content=\"fr_FR\" \/>\n<meta property=\"og:type\" content=\"article\" \/>\n<meta property=\"og:title\" content=\"Bouilloire pliable M - Eurotrail | The way we camp!\" \/>\n<meta property=\"og:description\" content=\"Bouilloire pliable avec fond en acier inoxydable et couvercle en plastique verrouillable. Contenu 1,2 L. &#8211; Sans BPA (sans danger pour les aliments, sans go\u00fbt)&hellip;\" \/>\n<meta property=\"og:url\" content=\"https:\/\/eurotrail.info\/producten\/huishoudelijk\/opvouwbare-boxen-keukenartikelen-siliconen\/waterketel-opvouwbaar\/\" \/>\n<meta property=\"og:site_name\" content=\"Eurotrail | The way we camp!\" \/>\n<meta property=\"og:image\" content=\"https:\/\/eurotrail.info\/wp\/wp-content\/uploads\/2016\/09\/Waterketel-opvouwbaar-3.jpg\" \/>\n\t<meta property=\"og:image:width\" content=\"1417\" \/>\n\t<meta property=\"og:image:height\" content=\"1200\" \/>\n\t<meta property=\"og:image:type\" content=\"image\/jpeg\" \/>\n<meta name=\"twitter:card\" content=\"summary_large_image\" \/>\n<script type=\"application\/ld+json\" class=\"yoast-schema-graph\">{\"@context\":\"https:\\\/\\\/schema.org\",\"@graph\":[{\"@type\":\"WebPage\",\"@id\":\"https:\\\/\\\/eurotrail.info\\\/producten\\\/huishoudelijk\\\/opvouwbare-boxen-keukenartikelen-siliconen\\\/waterketel-opvouwbaar\\\/\",\"url\":\"https:\\\/\\\/eurotrail.info\\\/producten\\\/huishoudelijk\\\/opvouwbare-boxen-keukenartikelen-siliconen\\\/waterketel-opvouwbaar\\\/\",\"name\":\"Bouilloire pliable M - Eurotrail | The way we camp!\",\"isPartOf\":{\"@id\":\"https:\\\/\\\/eurotrail.info\\\/#website\"},\"primaryImageOfPage\":{\"@id\":\"https:\\\/\\\/eurotrail.info\\\/producten\\\/huishoudelijk\\\/opvouwbare-boxen-keukenartikelen-siliconen\\\/waterketel-opvouwbaar\\\/#primaryimage\"},\"image\":{\"@id\":\"https:\\\/\\\/eurotrail.info\\\/producten\\\/huishoudelijk\\\/opvouwbare-boxen-keukenartikelen-siliconen\\\/waterketel-opvouwbaar\\\/#primaryimage\"},\"thumbnailUrl\":\"https:\\\/\\\/eurotrail.info\\\/wp\\\/wp-content\\\/uploads\\\/2016\\\/09\\\/Waterketel-opvouwbaar-3.jpg\",\"datePublished\":\"2016-09-28T12:29:14+00:00\",\"breadcrumb\":{\"@id\":\"https:\\\/\\\/eurotrail.info\\\/producten\\\/huishoudelijk\\\/opvouwbare-boxen-keukenartikelen-siliconen\\\/waterketel-opvouwbaar\\\/#breadcrumb\"},\"inLanguage\":\"fr-FR\",\"potentialAction\":[{\"@type\":\"ReadAction\",\"target\":[\"https:\\\/\\\/eurotrail.info\\\/producten\\\/huishoudelijk\\\/opvouwbare-boxen-keukenartikelen-siliconen\\\/waterketel-opvouwbaar\\\/\"]}]},{\"@type\":\"ImageObject\",\"inLanguage\":\"fr-FR\",\"@id\":\"https:\\\/\\\/eurotrail.info\\\/producten\\\/huishoudelijk\\\/opvouwbare-boxen-keukenartikelen-siliconen\\\/waterketel-opvouwbaar\\\/#primaryimage\",\"url\":\"https:\\\/\\\/eurotrail.info\\\/wp\\\/wp-content\\\/uploads\\\/2016\\\/09\\\/Waterketel-opvouwbaar-3.jpg\",\"contentUrl\":\"https:\\\/\\\/eurotrail.info\\\/wp\\\/wp-content\\\/uploads\\\/2016\\\/09\\\/Waterketel-opvouwbaar-3.jpg\",\"width\":1417,\"height\":1200},{\"@type\":\"BreadcrumbList\",\"@id\":\"https:\\\/\\\/eurotrail.info\\\/producten\\\/huishoudelijk\\\/opvouwbare-boxen-keukenartikelen-siliconen\\\/waterketel-opvouwbaar\\\/#breadcrumb\",\"itemListElement\":[{\"@type\":\"ListItem\",\"position\":1,\"name\":\"Home\",\"item\":\"https:\\\/\\\/eurotrail.info\\\/fr\\\/\"},{\"@type\":\"ListItem\",\"position\":2,\"name\":\"Produits\",\"item\":\"https:\\\/\\\/eurotrail.info\\\/fr\\\/produits\\\/\"},{\"@type\":\"ListItem\",\"position\":3,\"name\":\"Bouilloire pliable M\"}]},{\"@type\":\"WebSite\",\"@id\":\"https:\\\/\\\/eurotrail.info\\\/#website\",\"url\":\"https:\\\/\\\/eurotrail.info\\\/\",\"name\":\"Eurotrail | The way we camp!\",\"description\":\"\",\"publisher\":{\"@id\":\"https:\\\/\\\/eurotrail.info\\\/#organization\"},\"potentialAction\":[{\"@type\":\"SearchAction\",\"target\":{\"@type\":\"EntryPoint\",\"urlTemplate\":\"https:\\\/\\\/eurotrail.info\\\/?s={search_term_string}\"},\"query-input\":{\"@type\":\"PropertyValueSpecification\",\"valueRequired\":true,\"valueName\":\"search_term_string\"}}],\"inLanguage\":\"fr-FR\"},{\"@type\":\"Organization\",\"@id\":\"https:\\\/\\\/eurotrail.info\\\/#organization\",\"name\":\"Eurotrail | The way we camp!\",\"url\":\"https:\\\/\\\/eurotrail.info\\\/\",\"logo\":{\"@type\":\"ImageObject\",\"inLanguage\":\"fr-FR\",\"@id\":\"https:\\\/\\\/eurotrail.info\\\/#\\\/schema\\\/logo\\\/image\\\/\",\"url\":\"https:\\\/\\\/eurotrail.info\\\/wp\\\/wp-content\\\/uploads\\\/2023\\\/07\\\/ET-logo-quote_NL-scaled.jpg\",\"contentUrl\":\"https:\\\/\\\/eurotrail.info\\\/wp\\\/wp-content\\\/uploads\\\/2023\\\/07\\\/ET-logo-quote_NL-scaled.jpg\",\"width\":2560,\"height\":675,\"caption\":\"Eurotrail | The way we camp!\"},\"image\":{\"@id\":\"https:\\\/\\\/eurotrail.info\\\/#\\\/schema\\\/logo\\\/image\\\/\"}}]}<\/script>\n<!-- \/ Yoast SEO plugin. -->","yoast_head_json":{"title":"Bouilloire pliable M - Eurotrail | The way we camp!","robots":{"index":"index","follow":"follow","max-snippet":"max-snippet:-1","max-image-preview":"max-image-preview:large","max-video-preview":"max-video-preview:-1"},"canonical":"https:\/\/eurotrail.info\/producten\/huishoudelijk\/opvouwbare-boxen-keukenartikelen-siliconen\/waterketel-opvouwbaar\/","og_locale":"fr_FR","og_type":"article","og_title":"Bouilloire pliable M - Eurotrail | The way we camp!","og_description":"Bouilloire pliable avec fond en acier inoxydable et couvercle en plastique verrouillable. Contenu 1,2 L. &#8211; Sans BPA (sans danger pour les aliments, sans go\u00fbt)&hellip;","og_url":"https:\/\/eurotrail.info\/producten\/huishoudelijk\/opvouwbare-boxen-keukenartikelen-siliconen\/waterketel-opvouwbaar\/","og_site_name":"Eurotrail | The way we camp!","og_image":[{"width":1417,"height":1200,"url":"https:\/\/eurotrail.info\/wp\/wp-content\/uploads\/2016\/09\/Waterketel-opvouwbaar-3.jpg","type":"image\/jpeg"}],"twitter_card":"summary_large_image","schema":{"@context":"https:\/\/schema.org","@graph":[{"@type":"WebPage","@id":"https:\/\/eurotrail.info\/producten\/huishoudelijk\/opvouwbare-boxen-keukenartikelen-siliconen\/waterketel-opvouwbaar\/","url":"https:\/\/eurotrail.info\/producten\/huishoudelijk\/opvouwbare-boxen-keukenartikelen-siliconen\/waterketel-opvouwbaar\/","name":"Bouilloire pliable M - Eurotrail | The way we camp!","isPartOf":{"@id":"https:\/\/eurotrail.info\/#website"},"primaryImageOfPage":{"@id":"https:\/\/eurotrail.info\/producten\/huishoudelijk\/opvouwbare-boxen-keukenartikelen-siliconen\/waterketel-opvouwbaar\/#primaryimage"},"image":{"@id":"https:\/\/eurotrail.info\/producten\/huishoudelijk\/opvouwbare-boxen-keukenartikelen-siliconen\/waterketel-opvouwbaar\/#primaryimage"},"thumbnailUrl":"https:\/\/eurotrail.info\/wp\/wp-content\/uploads\/2016\/09\/Waterketel-opvouwbaar-3.jpg","datePublished":"2016-09-28T12:29:14+00:00","breadcrumb":{"@id":"https:\/\/eurotrail.info\/producten\/huishoudelijk\/opvouwbare-boxen-keukenartikelen-siliconen\/waterketel-opvouwbaar\/#breadcrumb"},"inLanguage":"fr-FR","potentialAction":[{"@type":"ReadAction","target":["https:\/\/eurotrail.info\/producten\/huishoudelijk\/opvouwbare-boxen-keukenartikelen-siliconen\/waterketel-opvouwbaar\/"]}]},{"@type":"ImageObject","inLanguage":"fr-FR","@id":"https:\/\/eurotrail.info\/producten\/huishoudelijk\/opvouwbare-boxen-keukenartikelen-siliconen\/waterketel-opvouwbaar\/#primaryimage","url":"https:\/\/eurotrail.info\/wp\/wp-content\/uploads\/2016\/09\/Waterketel-opvouwbaar-3.jpg","contentUrl":"https:\/\/eurotrail.info\/wp\/wp-content\/uploads\/2016\/09\/Waterketel-opvouwbaar-3.jpg","width":1417,"height":1200},{"@type":"BreadcrumbList","@id":"https:\/\/eurotrail.info\/producten\/huishoudelijk\/opvouwbare-boxen-keukenartikelen-siliconen\/waterketel-opvouwbaar\/#breadcrumb","itemListElement":[{"@type":"ListItem","position":1,"name":"Home","item":"https:\/\/eurotrail.info\/fr\/"},{"@type":"ListItem","position":2,"name":"Produits","item":"https:\/\/eurotrail.info\/fr\/produits\/"},{"@type":"ListItem","position":3,"name":"Bouilloire pliable M"}]},{"@type":"WebSite","@id":"https:\/\/eurotrail.info\/#website","url":"https:\/\/eurotrail.info\/","name":"Eurotrail | The way we camp!","description":"","publisher":{"@id":"https:\/\/eurotrail.info\/#organization"},"potentialAction":[{"@type":"SearchAction","target":{"@type":"EntryPoint","urlTemplate":"https:\/\/eurotrail.info\/?s={search_term_string}"},"query-input":{"@type":"PropertyValueSpecification","valueRequired":true,"valueName":"search_term_string"}}],"inLanguage":"fr-FR"},{"@type":"Organization","@id":"https:\/\/eurotrail.info\/#organization","name":"Eurotrail | The way we camp!","url":"https:\/\/eurotrail.info\/","logo":{"@type":"ImageObject","inLanguage":"fr-FR","@id":"https:\/\/eurotrail.info\/#\/schema\/logo\/image\/","url":"https:\/\/eurotrail.info\/wp\/wp-content\/uploads\/2023\/07\/ET-logo-quote_NL-scaled.jpg","contentUrl":"https:\/\/eurotrail.info\/wp\/wp-content\/uploads\/2023\/07\/ET-logo-quote_NL-scaled.jpg","width":2560,"height":675,"caption":"Eurotrail | The way we camp!"},"image":{"@id":"https:\/\/eurotrail.info\/#\/schema\/logo\/image\/"}}]}},"_links":{"self":[{"href":"https:\/\/eurotrail.info\/fr\/wp-json\/wp\/v2\/product\/12495","targetHints":{"allow":["GET"]}}],"collection":[{"href":"https:\/\/eurotrail.info\/fr\/wp-json\/wp\/v2\/product"}],"about":[{"href":"https:\/\/eurotrail.info\/fr\/wp-json\/wp\/v2\/types\/product"}],"replies":[{"embeddable":true,"href":"https:\/\/eurotrail.info\/fr\/wp-json\/wp\/v2\/comments?post=12495"}],"wp:featuredmedia":[{"embeddable":true,"href":"https:\/\/eurotrail.info\/fr\/wp-json\/wp\/v2\/media\/12499"}],"wp:attachment":[{"href":"https:\/\/eurotrail.info\/fr\/wp-json\/wp\/v2\/media?parent=12495"}],"wp:term":[{"taxonomy":"product_brand","embeddable":true,"href":"https:\/\/eurotrail.info\/fr\/wp-json\/wp\/v2\/product_brand?post=12495"},{"taxonomy":"product_cat","embeddable":true,"href":"https:\/\/eurotrail.info\/fr\/wp-json\/wp\/v2\/product_cat?post=12495"},{"taxonomy":"product_tag","embeddable":true,"href":"https:\/\/eurotrail.info\/fr\/wp-json\/wp\/v2\/product_tag?post=12495"}],"curies":[{"name":"wp","href":"https:\/\/api.w.org\/{rel}","templated":true}]}}