{"id":12522,"date":"2018-01-10T09:57:55","date_gmt":"2018-01-10T08:57:55","guid":{"rendered":"https:\/\/eurotrail.info\/producten\/poele-avec-poignee-pliable\/"},"modified":"2018-01-10T09:57:55","modified_gmt":"2018-01-10T08:57:55","slug":"poele-avec-poignee-pliable","status":"publish","type":"product","link":"https:\/\/eurotrail.info\/fr\/producten\/articles-menagers\/articles-de-cuisine-pliants-en-silicone\/poele-avec-poignee-pliable\/","title":{"rendered":"Po\u00eale avec poign\u00e9e pliable"},"content":{"rendered":"<p>Po\u00eale pliable avec couvercle et poign\u00e9e. La casserole est pliable et la poign\u00e9e peut \u00eatre repli\u00e9e sur la casserole apr\u00e8s utilisation. Cela cr\u00e9e un petit paquet que vous pouvez stocker n&#8217;importe o\u00f9. Id\u00e9al pour le camping.<\/p>\n<p>Couleur disponible : gris.<\/p>\n<p>Mat\u00e9riau : silicone, fond et collier en acier inoxydable, couvercle en acrylique, sans BPA<br \/>\nDimensions : \u00d8 16 x 9 cm<br \/>\nDimensions pli\u00e9e : \u00d8 16 \u00d7 4,5 cm<br \/>\nContenu : 1 L<br \/>\nPoids : 635 gr<\/p>\n","protected":false},"excerpt":{"rendered":"<p>Po\u00eale pliable avec couvercle et poign\u00e9e. La casserole est pliable et la poign\u00e9e peut \u00eatre repli\u00e9e sur la casserole apr\u00e8s utilisation. Cela cr\u00e9e un petit&hellip;<\/p>\n","protected":false},"featured_media":12526,"comment_status":"open","ping_status":"closed","template":"","meta":{"_acf_changed":false},"product_brand":[],"product_cat":[249],"product_tag":[],"class_list":{"0":"post-12522","1":"product","2":"type-product","3":"status-publish","4":"has-post-thumbnail","6":"product_cat-articles-de-cuisine-pliants-en-silicone","8":"first","9":"instock","10":"shipping-taxable","11":"product-type-simple"},"acf":[],"yoast_head":"<!-- This site is optimized with the Yoast SEO plugin v27.3 - https:\/\/yoast.com\/product\/yoast-seo-wordpress\/ -->\n<title>Po\u00eale avec poign\u00e9e pliable - Eurotrail | The way we camp!<\/title>\n<meta name=\"robots\" content=\"index, follow, max-snippet:-1, max-image-preview:large, max-video-preview:-1\" \/>\n<link rel=\"canonical\" href=\"https:\/\/eurotrail.info\/producten\/huishoudelijk\/opvouwbare-boxen-keukenartikelen-siliconen\/pan-met-handgreep\/\" \/>\n<meta property=\"og:locale\" content=\"fr_FR\" \/>\n<meta property=\"og:type\" content=\"article\" \/>\n<meta property=\"og:title\" content=\"Po\u00eale avec poign\u00e9e pliable - Eurotrail | The way we camp!\" \/>\n<meta property=\"og:description\" content=\"Po\u00eale pliable avec couvercle et poign\u00e9e. La casserole est pliable et la poign\u00e9e peut \u00eatre repli\u00e9e sur la casserole apr\u00e8s utilisation. Cela cr\u00e9e un petit&hellip;\" \/>\n<meta property=\"og:url\" content=\"https:\/\/eurotrail.info\/producten\/huishoudelijk\/opvouwbare-boxen-keukenartikelen-siliconen\/pan-met-handgreep\/\" \/>\n<meta property=\"og:site_name\" content=\"Eurotrail | The way we camp!\" \/>\n<meta property=\"og:image\" content=\"https:\/\/eurotrail.info\/wp\/wp-content\/uploads\/2018\/01\/ETKW5106-Pan-foldable.jpg\" \/>\n\t<meta property=\"og:image:width\" content=\"1772\" \/>\n\t<meta property=\"og:image:height\" content=\"744\" \/>\n\t<meta property=\"og:image:type\" content=\"image\/jpeg\" \/>\n<meta name=\"twitter:card\" content=\"summary_large_image\" \/>\n<script type=\"application\/ld+json\" class=\"yoast-schema-graph\">{\"@context\":\"https:\\\/\\\/schema.org\",\"@graph\":[{\"@type\":\"WebPage\",\"@id\":\"https:\\\/\\\/eurotrail.info\\\/producten\\\/huishoudelijk\\\/opvouwbare-boxen-keukenartikelen-siliconen\\\/pan-met-handgreep\\\/\",\"url\":\"https:\\\/\\\/eurotrail.info\\\/producten\\\/huishoudelijk\\\/opvouwbare-boxen-keukenartikelen-siliconen\\\/pan-met-handgreep\\\/\",\"name\":\"Po\u00eale avec poign\u00e9e pliable - Eurotrail | The way we camp!\",\"isPartOf\":{\"@id\":\"https:\\\/\\\/eurotrail.info\\\/#website\"},\"primaryImageOfPage\":{\"@id\":\"https:\\\/\\\/eurotrail.info\\\/producten\\\/huishoudelijk\\\/opvouwbare-boxen-keukenartikelen-siliconen\\\/pan-met-handgreep\\\/#primaryimage\"},\"image\":{\"@id\":\"https:\\\/\\\/eurotrail.info\\\/producten\\\/huishoudelijk\\\/opvouwbare-boxen-keukenartikelen-siliconen\\\/pan-met-handgreep\\\/#primaryimage\"},\"thumbnailUrl\":\"https:\\\/\\\/eurotrail.info\\\/wp\\\/wp-content\\\/uploads\\\/2018\\\/01\\\/ETKW5106-Pan-foldable.jpg\",\"datePublished\":\"2018-01-10T08:57:55+00:00\",\"breadcrumb\":{\"@id\":\"https:\\\/\\\/eurotrail.info\\\/producten\\\/huishoudelijk\\\/opvouwbare-boxen-keukenartikelen-siliconen\\\/pan-met-handgreep\\\/#breadcrumb\"},\"inLanguage\":\"fr-FR\",\"potentialAction\":[{\"@type\":\"ReadAction\",\"target\":[\"https:\\\/\\\/eurotrail.info\\\/producten\\\/huishoudelijk\\\/opvouwbare-boxen-keukenartikelen-siliconen\\\/pan-met-handgreep\\\/\"]}]},{\"@type\":\"ImageObject\",\"inLanguage\":\"fr-FR\",\"@id\":\"https:\\\/\\\/eurotrail.info\\\/producten\\\/huishoudelijk\\\/opvouwbare-boxen-keukenartikelen-siliconen\\\/pan-met-handgreep\\\/#primaryimage\",\"url\":\"https:\\\/\\\/eurotrail.info\\\/wp\\\/wp-content\\\/uploads\\\/2018\\\/01\\\/ETKW5106-Pan-foldable.jpg\",\"contentUrl\":\"https:\\\/\\\/eurotrail.info\\\/wp\\\/wp-content\\\/uploads\\\/2018\\\/01\\\/ETKW5106-Pan-foldable.jpg\",\"width\":1772,\"height\":744},{\"@type\":\"BreadcrumbList\",\"@id\":\"https:\\\/\\\/eurotrail.info\\\/producten\\\/huishoudelijk\\\/opvouwbare-boxen-keukenartikelen-siliconen\\\/pan-met-handgreep\\\/#breadcrumb\",\"itemListElement\":[{\"@type\":\"ListItem\",\"position\":1,\"name\":\"Home\",\"item\":\"https:\\\/\\\/eurotrail.info\\\/fr\\\/\"},{\"@type\":\"ListItem\",\"position\":2,\"name\":\"Produits\",\"item\":\"https:\\\/\\\/eurotrail.info\\\/fr\\\/produits\\\/\"},{\"@type\":\"ListItem\",\"position\":3,\"name\":\"Po\u00eale avec poign\u00e9e pliable\"}]},{\"@type\":\"WebSite\",\"@id\":\"https:\\\/\\\/eurotrail.info\\\/#website\",\"url\":\"https:\\\/\\\/eurotrail.info\\\/\",\"name\":\"Eurotrail | The way we camp!\",\"description\":\"\",\"publisher\":{\"@id\":\"https:\\\/\\\/eurotrail.info\\\/#organization\"},\"potentialAction\":[{\"@type\":\"SearchAction\",\"target\":{\"@type\":\"EntryPoint\",\"urlTemplate\":\"https:\\\/\\\/eurotrail.info\\\/?s={search_term_string}\"},\"query-input\":{\"@type\":\"PropertyValueSpecification\",\"valueRequired\":true,\"valueName\":\"search_term_string\"}}],\"inLanguage\":\"fr-FR\"},{\"@type\":\"Organization\",\"@id\":\"https:\\\/\\\/eurotrail.info\\\/#organization\",\"name\":\"Eurotrail | The way we camp!\",\"url\":\"https:\\\/\\\/eurotrail.info\\\/\",\"logo\":{\"@type\":\"ImageObject\",\"inLanguage\":\"fr-FR\",\"@id\":\"https:\\\/\\\/eurotrail.info\\\/#\\\/schema\\\/logo\\\/image\\\/\",\"url\":\"https:\\\/\\\/eurotrail.info\\\/wp\\\/wp-content\\\/uploads\\\/2023\\\/07\\\/ET-logo-quote_NL-scaled.jpg\",\"contentUrl\":\"https:\\\/\\\/eurotrail.info\\\/wp\\\/wp-content\\\/uploads\\\/2023\\\/07\\\/ET-logo-quote_NL-scaled.jpg\",\"width\":2560,\"height\":675,\"caption\":\"Eurotrail | The way we camp!\"},\"image\":{\"@id\":\"https:\\\/\\\/eurotrail.info\\\/#\\\/schema\\\/logo\\\/image\\\/\"}}]}<\/script>\n<!-- \/ Yoast SEO plugin. -->","yoast_head_json":{"title":"Po\u00eale avec poign\u00e9e pliable - Eurotrail | The way we camp!","robots":{"index":"index","follow":"follow","max-snippet":"max-snippet:-1","max-image-preview":"max-image-preview:large","max-video-preview":"max-video-preview:-1"},"canonical":"https:\/\/eurotrail.info\/producten\/huishoudelijk\/opvouwbare-boxen-keukenartikelen-siliconen\/pan-met-handgreep\/","og_locale":"fr_FR","og_type":"article","og_title":"Po\u00eale avec poign\u00e9e pliable - Eurotrail | The way we camp!","og_description":"Po\u00eale pliable avec couvercle et poign\u00e9e. La casserole est pliable et la poign\u00e9e peut \u00eatre repli\u00e9e sur la casserole apr\u00e8s utilisation. Cela cr\u00e9e un petit&hellip;","og_url":"https:\/\/eurotrail.info\/producten\/huishoudelijk\/opvouwbare-boxen-keukenartikelen-siliconen\/pan-met-handgreep\/","og_site_name":"Eurotrail | The way we camp!","og_image":[{"width":1772,"height":744,"url":"https:\/\/eurotrail.info\/wp\/wp-content\/uploads\/2018\/01\/ETKW5106-Pan-foldable.jpg","type":"image\/jpeg"}],"twitter_card":"summary_large_image","schema":{"@context":"https:\/\/schema.org","@graph":[{"@type":"WebPage","@id":"https:\/\/eurotrail.info\/producten\/huishoudelijk\/opvouwbare-boxen-keukenartikelen-siliconen\/pan-met-handgreep\/","url":"https:\/\/eurotrail.info\/producten\/huishoudelijk\/opvouwbare-boxen-keukenartikelen-siliconen\/pan-met-handgreep\/","name":"Po\u00eale avec poign\u00e9e pliable - Eurotrail | The way we camp!","isPartOf":{"@id":"https:\/\/eurotrail.info\/#website"},"primaryImageOfPage":{"@id":"https:\/\/eurotrail.info\/producten\/huishoudelijk\/opvouwbare-boxen-keukenartikelen-siliconen\/pan-met-handgreep\/#primaryimage"},"image":{"@id":"https:\/\/eurotrail.info\/producten\/huishoudelijk\/opvouwbare-boxen-keukenartikelen-siliconen\/pan-met-handgreep\/#primaryimage"},"thumbnailUrl":"https:\/\/eurotrail.info\/wp\/wp-content\/uploads\/2018\/01\/ETKW5106-Pan-foldable.jpg","datePublished":"2018-01-10T08:57:55+00:00","breadcrumb":{"@id":"https:\/\/eurotrail.info\/producten\/huishoudelijk\/opvouwbare-boxen-keukenartikelen-siliconen\/pan-met-handgreep\/#breadcrumb"},"inLanguage":"fr-FR","potentialAction":[{"@type":"ReadAction","target":["https:\/\/eurotrail.info\/producten\/huishoudelijk\/opvouwbare-boxen-keukenartikelen-siliconen\/pan-met-handgreep\/"]}]},{"@type":"ImageObject","inLanguage":"fr-FR","@id":"https:\/\/eurotrail.info\/producten\/huishoudelijk\/opvouwbare-boxen-keukenartikelen-siliconen\/pan-met-handgreep\/#primaryimage","url":"https:\/\/eurotrail.info\/wp\/wp-content\/uploads\/2018\/01\/ETKW5106-Pan-foldable.jpg","contentUrl":"https:\/\/eurotrail.info\/wp\/wp-content\/uploads\/2018\/01\/ETKW5106-Pan-foldable.jpg","width":1772,"height":744},{"@type":"BreadcrumbList","@id":"https:\/\/eurotrail.info\/producten\/huishoudelijk\/opvouwbare-boxen-keukenartikelen-siliconen\/pan-met-handgreep\/#breadcrumb","itemListElement":[{"@type":"ListItem","position":1,"name":"Home","item":"https:\/\/eurotrail.info\/fr\/"},{"@type":"ListItem","position":2,"name":"Produits","item":"https:\/\/eurotrail.info\/fr\/produits\/"},{"@type":"ListItem","position":3,"name":"Po\u00eale avec poign\u00e9e pliable"}]},{"@type":"WebSite","@id":"https:\/\/eurotrail.info\/#website","url":"https:\/\/eurotrail.info\/","name":"Eurotrail | The way we camp!","description":"","publisher":{"@id":"https:\/\/eurotrail.info\/#organization"},"potentialAction":[{"@type":"SearchAction","target":{"@type":"EntryPoint","urlTemplate":"https:\/\/eurotrail.info\/?s={search_term_string}"},"query-input":{"@type":"PropertyValueSpecification","valueRequired":true,"valueName":"search_term_string"}}],"inLanguage":"fr-FR"},{"@type":"Organization","@id":"https:\/\/eurotrail.info\/#organization","name":"Eurotrail | The way we camp!","url":"https:\/\/eurotrail.info\/","logo":{"@type":"ImageObject","inLanguage":"fr-FR","@id":"https:\/\/eurotrail.info\/#\/schema\/logo\/image\/","url":"https:\/\/eurotrail.info\/wp\/wp-content\/uploads\/2023\/07\/ET-logo-quote_NL-scaled.jpg","contentUrl":"https:\/\/eurotrail.info\/wp\/wp-content\/uploads\/2023\/07\/ET-logo-quote_NL-scaled.jpg","width":2560,"height":675,"caption":"Eurotrail | The way we camp!"},"image":{"@id":"https:\/\/eurotrail.info\/#\/schema\/logo\/image\/"}}]}},"_links":{"self":[{"href":"https:\/\/eurotrail.info\/fr\/wp-json\/wp\/v2\/product\/12522","targetHints":{"allow":["GET"]}}],"collection":[{"href":"https:\/\/eurotrail.info\/fr\/wp-json\/wp\/v2\/product"}],"about":[{"href":"https:\/\/eurotrail.info\/fr\/wp-json\/wp\/v2\/types\/product"}],"replies":[{"embeddable":true,"href":"https:\/\/eurotrail.info\/fr\/wp-json\/wp\/v2\/comments?post=12522"}],"wp:featuredmedia":[{"embeddable":true,"href":"https:\/\/eurotrail.info\/fr\/wp-json\/wp\/v2\/media\/12526"}],"wp:attachment":[{"href":"https:\/\/eurotrail.info\/fr\/wp-json\/wp\/v2\/media?parent=12522"}],"wp:term":[{"taxonomy":"product_brand","embeddable":true,"href":"https:\/\/eurotrail.info\/fr\/wp-json\/wp\/v2\/product_brand?post=12522"},{"taxonomy":"product_cat","embeddable":true,"href":"https:\/\/eurotrail.info\/fr\/wp-json\/wp\/v2\/product_cat?post=12522"},{"taxonomy":"product_tag","embeddable":true,"href":"https:\/\/eurotrail.info\/fr\/wp-json\/wp\/v2\/product_tag?post=12522"}],"curies":[{"name":"wp","href":"https:\/\/api.w.org\/{rel}","templated":true}]}}