{"id":12536,"date":"2017-01-06T15:24:31","date_gmt":"2017-01-06T14:24:31","guid":{"rendered":"https:\/\/eurotrail.info\/producten\/passoire-pour-evier\/"},"modified":"2017-01-06T15:24:31","modified_gmt":"2017-01-06T14:24:31","slug":"passoire-pour-evier","status":"publish","type":"product","link":"https:\/\/eurotrail.info\/fr\/producten\/articles-menagers\/articles-de-cuisine-pliants-en-silicone\/passoire-pour-evier\/","title":{"rendered":"Passoire pour \u00e9vier"},"content":{"rendered":"<p>Passoire pliable pratique pour \u00e9vier.<\/p>\n<p>Passoire id\u00e9ale pour une utilisation au-dessus de l&#8217;\u00e9vier. Les supports extensibles conviennent \u00e0 presque toutes les tailles d&#8217;\u00e9viers. Facile \u00e0 plier dans un petit emballage, facile \u00e0 stocker.<\/p>\n<p>Dimensions supports extensibles : 39 \u00e0 60 cm<br \/>\nDimensions de la passoire : 56 x 31 x 12 cm<br \/>\nDimensions pli\u00e9 : 39 x 31 x 4 cm<br \/>\nMat\u00e9riau : silicone \/ TPP<br \/>\nPoids : 524 gr<\/p>\n","protected":false},"excerpt":{"rendered":"<p>Passoire pliable pratique pour \u00e9vier. Passoire id\u00e9ale pour une utilisation au-dessus de l&#8217;\u00e9vier. Les supports extensibles conviennent \u00e0 presque toutes les tailles d&#8217;\u00e9viers. Facile \u00e0&hellip;<\/p>\n","protected":false},"featured_media":12540,"comment_status":"open","ping_status":"closed","template":"","meta":{"_acf_changed":false},"product_brand":[],"product_cat":[249],"product_tag":[],"class_list":{"0":"post-12536","1":"product","2":"type-product","3":"status-publish","4":"has-post-thumbnail","6":"product_cat-articles-de-cuisine-pliants-en-silicone","8":"first","9":"instock","10":"shipping-taxable","11":"product-type-simple"},"acf":[],"yoast_head":"<!-- This site is optimized with the Yoast SEO plugin v27.3 - https:\/\/yoast.com\/product\/yoast-seo-wordpress\/ -->\n<title>Passoire pour \u00e9vier - Eurotrail | The way we camp!<\/title>\n<meta name=\"robots\" content=\"index, follow, max-snippet:-1, max-image-preview:large, max-video-preview:-1\" \/>\n<link rel=\"canonical\" href=\"https:\/\/eurotrail.info\/producten\/huishoudelijk\/opvouwbare-boxen-keukenartikelen-siliconen\/wasbak-vergiet\/\" \/>\n<meta property=\"og:locale\" content=\"fr_FR\" \/>\n<meta property=\"og:type\" content=\"article\" \/>\n<meta property=\"og:title\" content=\"Passoire pour \u00e9vier - Eurotrail | The way we camp!\" \/>\n<meta property=\"og:description\" content=\"Passoire pliable pratique pour \u00e9vier. Passoire id\u00e9ale pour une utilisation au-dessus de l&#8217;\u00e9vier. Les supports extensibles conviennent \u00e0 presque toutes les tailles d&#8217;\u00e9viers. Facile \u00e0&hellip;\" \/>\n<meta property=\"og:url\" content=\"https:\/\/eurotrail.info\/producten\/huishoudelijk\/opvouwbare-boxen-keukenartikelen-siliconen\/wasbak-vergiet\/\" \/>\n<meta property=\"og:site_name\" content=\"Eurotrail | The way we camp!\" \/>\n<meta property=\"og:image\" content=\"https:\/\/eurotrail.info\/wp\/wp-content\/uploads\/2017\/01\/Eurotrail-opvouwbare-wasbak-vergiet-4.jpg\" \/>\n\t<meta property=\"og:image:width\" content=\"1772\" \/>\n\t<meta property=\"og:image:height\" content=\"772\" \/>\n\t<meta property=\"og:image:type\" content=\"image\/jpeg\" \/>\n<meta name=\"twitter:card\" content=\"summary_large_image\" \/>\n<script type=\"application\/ld+json\" class=\"yoast-schema-graph\">{\"@context\":\"https:\\\/\\\/schema.org\",\"@graph\":[{\"@type\":\"WebPage\",\"@id\":\"https:\\\/\\\/eurotrail.info\\\/producten\\\/huishoudelijk\\\/opvouwbare-boxen-keukenartikelen-siliconen\\\/wasbak-vergiet\\\/\",\"url\":\"https:\\\/\\\/eurotrail.info\\\/producten\\\/huishoudelijk\\\/opvouwbare-boxen-keukenartikelen-siliconen\\\/wasbak-vergiet\\\/\",\"name\":\"Passoire pour \u00e9vier - Eurotrail | The way we camp!\",\"isPartOf\":{\"@id\":\"https:\\\/\\\/eurotrail.info\\\/#website\"},\"primaryImageOfPage\":{\"@id\":\"https:\\\/\\\/eurotrail.info\\\/producten\\\/huishoudelijk\\\/opvouwbare-boxen-keukenartikelen-siliconen\\\/wasbak-vergiet\\\/#primaryimage\"},\"image\":{\"@id\":\"https:\\\/\\\/eurotrail.info\\\/producten\\\/huishoudelijk\\\/opvouwbare-boxen-keukenartikelen-siliconen\\\/wasbak-vergiet\\\/#primaryimage\"},\"thumbnailUrl\":\"https:\\\/\\\/eurotrail.info\\\/wp\\\/wp-content\\\/uploads\\\/2017\\\/01\\\/Eurotrail-opvouwbare-wasbak-vergiet-4.jpg\",\"datePublished\":\"2017-01-06T14:24:31+00:00\",\"breadcrumb\":{\"@id\":\"https:\\\/\\\/eurotrail.info\\\/producten\\\/huishoudelijk\\\/opvouwbare-boxen-keukenartikelen-siliconen\\\/wasbak-vergiet\\\/#breadcrumb\"},\"inLanguage\":\"fr-FR\",\"potentialAction\":[{\"@type\":\"ReadAction\",\"target\":[\"https:\\\/\\\/eurotrail.info\\\/producten\\\/huishoudelijk\\\/opvouwbare-boxen-keukenartikelen-siliconen\\\/wasbak-vergiet\\\/\"]}]},{\"@type\":\"ImageObject\",\"inLanguage\":\"fr-FR\",\"@id\":\"https:\\\/\\\/eurotrail.info\\\/producten\\\/huishoudelijk\\\/opvouwbare-boxen-keukenartikelen-siliconen\\\/wasbak-vergiet\\\/#primaryimage\",\"url\":\"https:\\\/\\\/eurotrail.info\\\/wp\\\/wp-content\\\/uploads\\\/2017\\\/01\\\/Eurotrail-opvouwbare-wasbak-vergiet-4.jpg\",\"contentUrl\":\"https:\\\/\\\/eurotrail.info\\\/wp\\\/wp-content\\\/uploads\\\/2017\\\/01\\\/Eurotrail-opvouwbare-wasbak-vergiet-4.jpg\",\"width\":1772,\"height\":772},{\"@type\":\"BreadcrumbList\",\"@id\":\"https:\\\/\\\/eurotrail.info\\\/producten\\\/huishoudelijk\\\/opvouwbare-boxen-keukenartikelen-siliconen\\\/wasbak-vergiet\\\/#breadcrumb\",\"itemListElement\":[{\"@type\":\"ListItem\",\"position\":1,\"name\":\"Home\",\"item\":\"https:\\\/\\\/eurotrail.info\\\/fr\\\/\"},{\"@type\":\"ListItem\",\"position\":2,\"name\":\"Produits\",\"item\":\"https:\\\/\\\/eurotrail.info\\\/fr\\\/produits\\\/\"},{\"@type\":\"ListItem\",\"position\":3,\"name\":\"Passoire pour \u00e9vier\"}]},{\"@type\":\"WebSite\",\"@id\":\"https:\\\/\\\/eurotrail.info\\\/#website\",\"url\":\"https:\\\/\\\/eurotrail.info\\\/\",\"name\":\"Eurotrail | The way we camp!\",\"description\":\"\",\"publisher\":{\"@id\":\"https:\\\/\\\/eurotrail.info\\\/#organization\"},\"potentialAction\":[{\"@type\":\"SearchAction\",\"target\":{\"@type\":\"EntryPoint\",\"urlTemplate\":\"https:\\\/\\\/eurotrail.info\\\/?s={search_term_string}\"},\"query-input\":{\"@type\":\"PropertyValueSpecification\",\"valueRequired\":true,\"valueName\":\"search_term_string\"}}],\"inLanguage\":\"fr-FR\"},{\"@type\":\"Organization\",\"@id\":\"https:\\\/\\\/eurotrail.info\\\/#organization\",\"name\":\"Eurotrail | The way we camp!\",\"url\":\"https:\\\/\\\/eurotrail.info\\\/\",\"logo\":{\"@type\":\"ImageObject\",\"inLanguage\":\"fr-FR\",\"@id\":\"https:\\\/\\\/eurotrail.info\\\/#\\\/schema\\\/logo\\\/image\\\/\",\"url\":\"https:\\\/\\\/eurotrail.info\\\/wp\\\/wp-content\\\/uploads\\\/2023\\\/07\\\/ET-logo-quote_NL-scaled.jpg\",\"contentUrl\":\"https:\\\/\\\/eurotrail.info\\\/wp\\\/wp-content\\\/uploads\\\/2023\\\/07\\\/ET-logo-quote_NL-scaled.jpg\",\"width\":2560,\"height\":675,\"caption\":\"Eurotrail | The way we camp!\"},\"image\":{\"@id\":\"https:\\\/\\\/eurotrail.info\\\/#\\\/schema\\\/logo\\\/image\\\/\"}}]}<\/script>\n<!-- \/ Yoast SEO plugin. -->","yoast_head_json":{"title":"Passoire pour \u00e9vier - Eurotrail | The way we camp!","robots":{"index":"index","follow":"follow","max-snippet":"max-snippet:-1","max-image-preview":"max-image-preview:large","max-video-preview":"max-video-preview:-1"},"canonical":"https:\/\/eurotrail.info\/producten\/huishoudelijk\/opvouwbare-boxen-keukenartikelen-siliconen\/wasbak-vergiet\/","og_locale":"fr_FR","og_type":"article","og_title":"Passoire pour \u00e9vier - Eurotrail | The way we camp!","og_description":"Passoire pliable pratique pour \u00e9vier. Passoire id\u00e9ale pour une utilisation au-dessus de l&#8217;\u00e9vier. Les supports extensibles conviennent \u00e0 presque toutes les tailles d&#8217;\u00e9viers. Facile \u00e0&hellip;","og_url":"https:\/\/eurotrail.info\/producten\/huishoudelijk\/opvouwbare-boxen-keukenartikelen-siliconen\/wasbak-vergiet\/","og_site_name":"Eurotrail | The way we camp!","og_image":[{"width":1772,"height":772,"url":"https:\/\/eurotrail.info\/wp\/wp-content\/uploads\/2017\/01\/Eurotrail-opvouwbare-wasbak-vergiet-4.jpg","type":"image\/jpeg"}],"twitter_card":"summary_large_image","schema":{"@context":"https:\/\/schema.org","@graph":[{"@type":"WebPage","@id":"https:\/\/eurotrail.info\/producten\/huishoudelijk\/opvouwbare-boxen-keukenartikelen-siliconen\/wasbak-vergiet\/","url":"https:\/\/eurotrail.info\/producten\/huishoudelijk\/opvouwbare-boxen-keukenartikelen-siliconen\/wasbak-vergiet\/","name":"Passoire pour \u00e9vier - Eurotrail | The way we camp!","isPartOf":{"@id":"https:\/\/eurotrail.info\/#website"},"primaryImageOfPage":{"@id":"https:\/\/eurotrail.info\/producten\/huishoudelijk\/opvouwbare-boxen-keukenartikelen-siliconen\/wasbak-vergiet\/#primaryimage"},"image":{"@id":"https:\/\/eurotrail.info\/producten\/huishoudelijk\/opvouwbare-boxen-keukenartikelen-siliconen\/wasbak-vergiet\/#primaryimage"},"thumbnailUrl":"https:\/\/eurotrail.info\/wp\/wp-content\/uploads\/2017\/01\/Eurotrail-opvouwbare-wasbak-vergiet-4.jpg","datePublished":"2017-01-06T14:24:31+00:00","breadcrumb":{"@id":"https:\/\/eurotrail.info\/producten\/huishoudelijk\/opvouwbare-boxen-keukenartikelen-siliconen\/wasbak-vergiet\/#breadcrumb"},"inLanguage":"fr-FR","potentialAction":[{"@type":"ReadAction","target":["https:\/\/eurotrail.info\/producten\/huishoudelijk\/opvouwbare-boxen-keukenartikelen-siliconen\/wasbak-vergiet\/"]}]},{"@type":"ImageObject","inLanguage":"fr-FR","@id":"https:\/\/eurotrail.info\/producten\/huishoudelijk\/opvouwbare-boxen-keukenartikelen-siliconen\/wasbak-vergiet\/#primaryimage","url":"https:\/\/eurotrail.info\/wp\/wp-content\/uploads\/2017\/01\/Eurotrail-opvouwbare-wasbak-vergiet-4.jpg","contentUrl":"https:\/\/eurotrail.info\/wp\/wp-content\/uploads\/2017\/01\/Eurotrail-opvouwbare-wasbak-vergiet-4.jpg","width":1772,"height":772},{"@type":"BreadcrumbList","@id":"https:\/\/eurotrail.info\/producten\/huishoudelijk\/opvouwbare-boxen-keukenartikelen-siliconen\/wasbak-vergiet\/#breadcrumb","itemListElement":[{"@type":"ListItem","position":1,"name":"Home","item":"https:\/\/eurotrail.info\/fr\/"},{"@type":"ListItem","position":2,"name":"Produits","item":"https:\/\/eurotrail.info\/fr\/produits\/"},{"@type":"ListItem","position":3,"name":"Passoire pour \u00e9vier"}]},{"@type":"WebSite","@id":"https:\/\/eurotrail.info\/#website","url":"https:\/\/eurotrail.info\/","name":"Eurotrail | The way we camp!","description":"","publisher":{"@id":"https:\/\/eurotrail.info\/#organization"},"potentialAction":[{"@type":"SearchAction","target":{"@type":"EntryPoint","urlTemplate":"https:\/\/eurotrail.info\/?s={search_term_string}"},"query-input":{"@type":"PropertyValueSpecification","valueRequired":true,"valueName":"search_term_string"}}],"inLanguage":"fr-FR"},{"@type":"Organization","@id":"https:\/\/eurotrail.info\/#organization","name":"Eurotrail | The way we camp!","url":"https:\/\/eurotrail.info\/","logo":{"@type":"ImageObject","inLanguage":"fr-FR","@id":"https:\/\/eurotrail.info\/#\/schema\/logo\/image\/","url":"https:\/\/eurotrail.info\/wp\/wp-content\/uploads\/2023\/07\/ET-logo-quote_NL-scaled.jpg","contentUrl":"https:\/\/eurotrail.info\/wp\/wp-content\/uploads\/2023\/07\/ET-logo-quote_NL-scaled.jpg","width":2560,"height":675,"caption":"Eurotrail | The way we camp!"},"image":{"@id":"https:\/\/eurotrail.info\/#\/schema\/logo\/image\/"}}]}},"_links":{"self":[{"href":"https:\/\/eurotrail.info\/fr\/wp-json\/wp\/v2\/product\/12536","targetHints":{"allow":["GET"]}}],"collection":[{"href":"https:\/\/eurotrail.info\/fr\/wp-json\/wp\/v2\/product"}],"about":[{"href":"https:\/\/eurotrail.info\/fr\/wp-json\/wp\/v2\/types\/product"}],"replies":[{"embeddable":true,"href":"https:\/\/eurotrail.info\/fr\/wp-json\/wp\/v2\/comments?post=12536"}],"wp:featuredmedia":[{"embeddable":true,"href":"https:\/\/eurotrail.info\/fr\/wp-json\/wp\/v2\/media\/12540"}],"wp:attachment":[{"href":"https:\/\/eurotrail.info\/fr\/wp-json\/wp\/v2\/media?parent=12536"}],"wp:term":[{"taxonomy":"product_brand","embeddable":true,"href":"https:\/\/eurotrail.info\/fr\/wp-json\/wp\/v2\/product_brand?post=12536"},{"taxonomy":"product_cat","embeddable":true,"href":"https:\/\/eurotrail.info\/fr\/wp-json\/wp\/v2\/product_cat?post=12536"},{"taxonomy":"product_tag","embeddable":true,"href":"https:\/\/eurotrail.info\/fr\/wp-json\/wp\/v2\/product_tag?post=12536"}],"curies":[{"name":"wp","href":"https:\/\/api.w.org\/{rel}","templated":true}]}}