{"id":12543,"date":"2016-09-28T15:32:00","date_gmt":"2016-09-28T14:32:00","guid":{"rendered":"https:\/\/eurotrail.info\/producten\/boite-de-conservation-pliable\/"},"modified":"2020-12-01T15:17:28","modified_gmt":"2020-12-01T14:17:28","slug":"boite-de-conservation-pliable","status":"publish","type":"product","link":"https:\/\/eurotrail.info\/fr\/producten\/articles-menagers\/articles-de-cuisine-pliants-en-silicone\/boite-de-conservation-pliable\/","title":{"rendered":"Bo\u00eete de conservation pliable"},"content":{"rendered":"<p>L&#8217;espace est un enjeu majeur pour les campeurs. Avec ces bo\u00eetes de conservation, Eurotrail propose une s\u00e9rie de bo\u00eetes alimentaires pliables en silicone flexible de haute qualit\u00e9. Convient aux denr\u00e9es alimentaires, bien fermable, r\u00e9sistant aux temp\u00e9ratures extr\u00eames et lavable au lave-vaisselle et convient au micro-ondes. La bo\u00eete se plie facilement pour le stocker et est donc tr\u00e8s peu encombrante. Id\u00e9al pour une utilisation dans la caravane ou la tente !<\/p>\n<p>Disponible dans les couleurs : vert et bleu<\/p>\n<p>Boite M, 180x150x30\/65mm<br \/>\nBoite L, 250x250x35\/90mm<\/p>\n<p>Poids : 216\/388 gr<br \/>\nMat\u00e9riau : Silicone<\/p>\n","protected":false},"excerpt":{"rendered":"<p>L&#8217;espace est un enjeu majeur pour les campeurs. Avec ces bo\u00eetes de conservation, Eurotrail propose une s\u00e9rie de bo\u00eetes alimentaires pliables en silicone flexible de&hellip;<\/p>\n","protected":false},"featured_media":12544,"comment_status":"open","ping_status":"closed","template":"","meta":{"_acf_changed":false},"product_brand":[],"product_cat":[249],"product_tag":[],"class_list":{"0":"post-12543","1":"product","2":"type-product","3":"status-publish","4":"has-post-thumbnail","6":"product_cat-articles-de-cuisine-pliants-en-silicone","8":"first","9":"instock","10":"shipping-taxable","11":"product-type-simple"},"acf":[],"yoast_head":"<!-- This site is optimized with the Yoast SEO plugin v27.3 - https:\/\/yoast.com\/product\/yoast-seo-wordpress\/ -->\n<title>Bo\u00eete de conservation pliable - Eurotrail | The way we camp!<\/title>\n<meta name=\"robots\" content=\"index, follow, max-snippet:-1, max-image-preview:large, max-video-preview:-1\" \/>\n<link rel=\"canonical\" href=\"https:\/\/eurotrail.info\/fr\/producten\/articles-menagers\/articles-de-cuisine-pliants-en-silicone\/boite-de-conservation-pliable\/\" \/>\n<meta property=\"og:locale\" content=\"fr_FR\" \/>\n<meta property=\"og:type\" content=\"article\" \/>\n<meta property=\"og:title\" content=\"Bo\u00eete de conservation pliable - Eurotrail | The way we camp!\" \/>\n<meta property=\"og:description\" content=\"L&#8217;espace est un enjeu majeur pour les campeurs. Avec ces bo\u00eetes de conservation, Eurotrail propose une s\u00e9rie de bo\u00eetes alimentaires pliables en silicone flexible de&hellip;\" \/>\n<meta property=\"og:url\" content=\"https:\/\/eurotrail.info\/fr\/producten\/articles-menagers\/articles-de-cuisine-pliants-en-silicone\/boite-de-conservation-pliable\/\" \/>\n<meta property=\"og:site_name\" content=\"Eurotrail | The way we camp!\" \/>\n<meta property=\"article:modified_time\" content=\"2020-12-01T14:17:28+00:00\" \/>\n<meta property=\"og:image\" content=\"https:\/\/eurotrail.info\/wp\/wp-content\/uploads\/2016\/09\/Eurotrail-Voorraadboxen-silikonen-opvouwbaar-4.jpg\" \/>\n\t<meta property=\"og:image:width\" content=\"1417\" \/>\n\t<meta property=\"og:image:height\" content=\"828\" \/>\n\t<meta property=\"og:image:type\" content=\"image\/jpeg\" \/>\n<meta name=\"twitter:card\" content=\"summary_large_image\" \/>\n<meta name=\"twitter:label1\" content=\"Dur\u00e9e de lecture estim\u00e9e\" \/>\n\t<meta name=\"twitter:data1\" content=\"1 minute\" \/>\n<script type=\"application\/ld+json\" class=\"yoast-schema-graph\">{\"@context\":\"https:\\\/\\\/schema.org\",\"@graph\":[{\"@type\":\"WebPage\",\"@id\":\"https:\\\/\\\/eurotrail.info\\\/fr\\\/producten\\\/articles-menagers\\\/articles-de-cuisine-pliants-en-silicone\\\/boite-de-conservation-pliable\\\/\",\"url\":\"https:\\\/\\\/eurotrail.info\\\/fr\\\/producten\\\/articles-menagers\\\/articles-de-cuisine-pliants-en-silicone\\\/boite-de-conservation-pliable\\\/\",\"name\":\"Bo\u00eete de conservation pliable - Eurotrail | The way we camp!\",\"isPartOf\":{\"@id\":\"https:\\\/\\\/eurotrail.info\\\/#website\"},\"primaryImageOfPage\":{\"@id\":\"https:\\\/\\\/eurotrail.info\\\/fr\\\/producten\\\/articles-menagers\\\/articles-de-cuisine-pliants-en-silicone\\\/boite-de-conservation-pliable\\\/#primaryimage\"},\"image\":{\"@id\":\"https:\\\/\\\/eurotrail.info\\\/fr\\\/producten\\\/articles-menagers\\\/articles-de-cuisine-pliants-en-silicone\\\/boite-de-conservation-pliable\\\/#primaryimage\"},\"thumbnailUrl\":\"https:\\\/\\\/eurotrail.info\\\/wp\\\/wp-content\\\/uploads\\\/2016\\\/09\\\/Eurotrail-Voorraadboxen-silikonen-opvouwbaar-4.jpg\",\"datePublished\":\"2016-09-28T14:32:00+00:00\",\"dateModified\":\"2020-12-01T14:17:28+00:00\",\"breadcrumb\":{\"@id\":\"https:\\\/\\\/eurotrail.info\\\/fr\\\/producten\\\/articles-menagers\\\/articles-de-cuisine-pliants-en-silicone\\\/boite-de-conservation-pliable\\\/#breadcrumb\"},\"inLanguage\":\"fr-FR\",\"potentialAction\":[{\"@type\":\"ReadAction\",\"target\":[\"https:\\\/\\\/eurotrail.info\\\/fr\\\/producten\\\/articles-menagers\\\/articles-de-cuisine-pliants-en-silicone\\\/boite-de-conservation-pliable\\\/\"]}]},{\"@type\":\"ImageObject\",\"inLanguage\":\"fr-FR\",\"@id\":\"https:\\\/\\\/eurotrail.info\\\/fr\\\/producten\\\/articles-menagers\\\/articles-de-cuisine-pliants-en-silicone\\\/boite-de-conservation-pliable\\\/#primaryimage\",\"url\":\"https:\\\/\\\/eurotrail.info\\\/wp\\\/wp-content\\\/uploads\\\/2016\\\/09\\\/Eurotrail-Voorraadboxen-silikonen-opvouwbaar-4.jpg\",\"contentUrl\":\"https:\\\/\\\/eurotrail.info\\\/wp\\\/wp-content\\\/uploads\\\/2016\\\/09\\\/Eurotrail-Voorraadboxen-silikonen-opvouwbaar-4.jpg\",\"width\":1417,\"height\":828},{\"@type\":\"BreadcrumbList\",\"@id\":\"https:\\\/\\\/eurotrail.info\\\/fr\\\/producten\\\/articles-menagers\\\/articles-de-cuisine-pliants-en-silicone\\\/boite-de-conservation-pliable\\\/#breadcrumb\",\"itemListElement\":[{\"@type\":\"ListItem\",\"position\":1,\"name\":\"Home\",\"item\":\"https:\\\/\\\/eurotrail.info\\\/fr\\\/\"},{\"@type\":\"ListItem\",\"position\":2,\"name\":\"Produits\",\"item\":\"https:\\\/\\\/eurotrail.info\\\/fr\\\/produits\\\/\"},{\"@type\":\"ListItem\",\"position\":3,\"name\":\"Bo\u00eete de conservation pliable\"}]},{\"@type\":\"WebSite\",\"@id\":\"https:\\\/\\\/eurotrail.info\\\/#website\",\"url\":\"https:\\\/\\\/eurotrail.info\\\/\",\"name\":\"Eurotrail | The way we camp!\",\"description\":\"\",\"publisher\":{\"@id\":\"https:\\\/\\\/eurotrail.info\\\/#organization\"},\"potentialAction\":[{\"@type\":\"SearchAction\",\"target\":{\"@type\":\"EntryPoint\",\"urlTemplate\":\"https:\\\/\\\/eurotrail.info\\\/?s={search_term_string}\"},\"query-input\":{\"@type\":\"PropertyValueSpecification\",\"valueRequired\":true,\"valueName\":\"search_term_string\"}}],\"inLanguage\":\"fr-FR\"},{\"@type\":\"Organization\",\"@id\":\"https:\\\/\\\/eurotrail.info\\\/#organization\",\"name\":\"Eurotrail | The way we camp!\",\"url\":\"https:\\\/\\\/eurotrail.info\\\/\",\"logo\":{\"@type\":\"ImageObject\",\"inLanguage\":\"fr-FR\",\"@id\":\"https:\\\/\\\/eurotrail.info\\\/#\\\/schema\\\/logo\\\/image\\\/\",\"url\":\"https:\\\/\\\/eurotrail.info\\\/wp\\\/wp-content\\\/uploads\\\/2023\\\/07\\\/ET-logo-quote_NL-scaled.jpg\",\"contentUrl\":\"https:\\\/\\\/eurotrail.info\\\/wp\\\/wp-content\\\/uploads\\\/2023\\\/07\\\/ET-logo-quote_NL-scaled.jpg\",\"width\":2560,\"height\":675,\"caption\":\"Eurotrail | The way we camp!\"},\"image\":{\"@id\":\"https:\\\/\\\/eurotrail.info\\\/#\\\/schema\\\/logo\\\/image\\\/\"}}]}<\/script>\n<!-- \/ Yoast SEO plugin. -->","yoast_head_json":{"title":"Bo\u00eete de conservation pliable - Eurotrail | The way we camp!","robots":{"index":"index","follow":"follow","max-snippet":"max-snippet:-1","max-image-preview":"max-image-preview:large","max-video-preview":"max-video-preview:-1"},"canonical":"https:\/\/eurotrail.info\/fr\/producten\/articles-menagers\/articles-de-cuisine-pliants-en-silicone\/boite-de-conservation-pliable\/","og_locale":"fr_FR","og_type":"article","og_title":"Bo\u00eete de conservation pliable - Eurotrail | The way we camp!","og_description":"L&#8217;espace est un enjeu majeur pour les campeurs. Avec ces bo\u00eetes de conservation, Eurotrail propose une s\u00e9rie de bo\u00eetes alimentaires pliables en silicone flexible de&hellip;","og_url":"https:\/\/eurotrail.info\/fr\/producten\/articles-menagers\/articles-de-cuisine-pliants-en-silicone\/boite-de-conservation-pliable\/","og_site_name":"Eurotrail | The way we camp!","article_modified_time":"2020-12-01T14:17:28+00:00","og_image":[{"width":1417,"height":828,"url":"https:\/\/eurotrail.info\/wp\/wp-content\/uploads\/2016\/09\/Eurotrail-Voorraadboxen-silikonen-opvouwbaar-4.jpg","type":"image\/jpeg"}],"twitter_card":"summary_large_image","twitter_misc":{"Dur\u00e9e de lecture estim\u00e9e":"1 minute"},"schema":{"@context":"https:\/\/schema.org","@graph":[{"@type":"WebPage","@id":"https:\/\/eurotrail.info\/fr\/producten\/articles-menagers\/articles-de-cuisine-pliants-en-silicone\/boite-de-conservation-pliable\/","url":"https:\/\/eurotrail.info\/fr\/producten\/articles-menagers\/articles-de-cuisine-pliants-en-silicone\/boite-de-conservation-pliable\/","name":"Bo\u00eete de conservation pliable - Eurotrail | The way we camp!","isPartOf":{"@id":"https:\/\/eurotrail.info\/#website"},"primaryImageOfPage":{"@id":"https:\/\/eurotrail.info\/fr\/producten\/articles-menagers\/articles-de-cuisine-pliants-en-silicone\/boite-de-conservation-pliable\/#primaryimage"},"image":{"@id":"https:\/\/eurotrail.info\/fr\/producten\/articles-menagers\/articles-de-cuisine-pliants-en-silicone\/boite-de-conservation-pliable\/#primaryimage"},"thumbnailUrl":"https:\/\/eurotrail.info\/wp\/wp-content\/uploads\/2016\/09\/Eurotrail-Voorraadboxen-silikonen-opvouwbaar-4.jpg","datePublished":"2016-09-28T14:32:00+00:00","dateModified":"2020-12-01T14:17:28+00:00","breadcrumb":{"@id":"https:\/\/eurotrail.info\/fr\/producten\/articles-menagers\/articles-de-cuisine-pliants-en-silicone\/boite-de-conservation-pliable\/#breadcrumb"},"inLanguage":"fr-FR","potentialAction":[{"@type":"ReadAction","target":["https:\/\/eurotrail.info\/fr\/producten\/articles-menagers\/articles-de-cuisine-pliants-en-silicone\/boite-de-conservation-pliable\/"]}]},{"@type":"ImageObject","inLanguage":"fr-FR","@id":"https:\/\/eurotrail.info\/fr\/producten\/articles-menagers\/articles-de-cuisine-pliants-en-silicone\/boite-de-conservation-pliable\/#primaryimage","url":"https:\/\/eurotrail.info\/wp\/wp-content\/uploads\/2016\/09\/Eurotrail-Voorraadboxen-silikonen-opvouwbaar-4.jpg","contentUrl":"https:\/\/eurotrail.info\/wp\/wp-content\/uploads\/2016\/09\/Eurotrail-Voorraadboxen-silikonen-opvouwbaar-4.jpg","width":1417,"height":828},{"@type":"BreadcrumbList","@id":"https:\/\/eurotrail.info\/fr\/producten\/articles-menagers\/articles-de-cuisine-pliants-en-silicone\/boite-de-conservation-pliable\/#breadcrumb","itemListElement":[{"@type":"ListItem","position":1,"name":"Home","item":"https:\/\/eurotrail.info\/fr\/"},{"@type":"ListItem","position":2,"name":"Produits","item":"https:\/\/eurotrail.info\/fr\/produits\/"},{"@type":"ListItem","position":3,"name":"Bo\u00eete de conservation pliable"}]},{"@type":"WebSite","@id":"https:\/\/eurotrail.info\/#website","url":"https:\/\/eurotrail.info\/","name":"Eurotrail | The way we camp!","description":"","publisher":{"@id":"https:\/\/eurotrail.info\/#organization"},"potentialAction":[{"@type":"SearchAction","target":{"@type":"EntryPoint","urlTemplate":"https:\/\/eurotrail.info\/?s={search_term_string}"},"query-input":{"@type":"PropertyValueSpecification","valueRequired":true,"valueName":"search_term_string"}}],"inLanguage":"fr-FR"},{"@type":"Organization","@id":"https:\/\/eurotrail.info\/#organization","name":"Eurotrail | The way we camp!","url":"https:\/\/eurotrail.info\/","logo":{"@type":"ImageObject","inLanguage":"fr-FR","@id":"https:\/\/eurotrail.info\/#\/schema\/logo\/image\/","url":"https:\/\/eurotrail.info\/wp\/wp-content\/uploads\/2023\/07\/ET-logo-quote_NL-scaled.jpg","contentUrl":"https:\/\/eurotrail.info\/wp\/wp-content\/uploads\/2023\/07\/ET-logo-quote_NL-scaled.jpg","width":2560,"height":675,"caption":"Eurotrail | The way we camp!"},"image":{"@id":"https:\/\/eurotrail.info\/#\/schema\/logo\/image\/"}}]}},"_links":{"self":[{"href":"https:\/\/eurotrail.info\/fr\/wp-json\/wp\/v2\/product\/12543","targetHints":{"allow":["GET"]}}],"collection":[{"href":"https:\/\/eurotrail.info\/fr\/wp-json\/wp\/v2\/product"}],"about":[{"href":"https:\/\/eurotrail.info\/fr\/wp-json\/wp\/v2\/types\/product"}],"replies":[{"embeddable":true,"href":"https:\/\/eurotrail.info\/fr\/wp-json\/wp\/v2\/comments?post=12543"}],"wp:featuredmedia":[{"embeddable":true,"href":"https:\/\/eurotrail.info\/fr\/wp-json\/wp\/v2\/media\/12544"}],"wp:attachment":[{"href":"https:\/\/eurotrail.info\/fr\/wp-json\/wp\/v2\/media?parent=12543"}],"wp:term":[{"taxonomy":"product_brand","embeddable":true,"href":"https:\/\/eurotrail.info\/fr\/wp-json\/wp\/v2\/product_brand?post=12543"},{"taxonomy":"product_cat","embeddable":true,"href":"https:\/\/eurotrail.info\/fr\/wp-json\/wp\/v2\/product_cat?post=12543"},{"taxonomy":"product_tag","embeddable":true,"href":"https:\/\/eurotrail.info\/fr\/wp-json\/wp\/v2\/product_tag?post=12543"}],"curies":[{"name":"wp","href":"https:\/\/api.w.org\/{rel}","templated":true}]}}