{"id":12632,"date":"2016-03-08T17:22:33","date_gmt":"2016-03-08T16:22:33","guid":{"rendered":"https:\/\/eurotrail.info\/producten\/bache-solaire-3-4-poly\/"},"modified":"2016-03-08T17:22:33","modified_gmt":"2016-03-08T16:22:33","slug":"bache-solaire-3-4-poly","status":"publish","type":"product","link":"https:\/\/eurotrail.info\/fr\/producten\/baches\/bache-solaire-3-4-poly\/","title":{"rendered":"B\u00e2che solaire 3\/4 Poly"},"content":{"rendered":"<p>B\u00e2che pratique en 100% polyester.<br \/>\nId\u00e9al pour cr\u00e9er une ombre suppl\u00e9mentaire n&#8217;importe o\u00f9 contre le soleil ou m\u00eame la pluie. La b\u00e2che est facile \u00e0 utiliser et peut \u00eatre attach\u00e9e n&#8217;importe o\u00f9, par exemple entre les arbres. Si vous n&#8217;avez pas cette option, vous pouvez commander 1 ou 2 poteaux de b\u00e2che s\u00e9par\u00e9s. Avec ces poteaux r\u00e9glables en hauteur, vous pouvez installer la b\u00e2che n&#8217;importe o\u00f9. par exemple dans le jardin, la pelouse ou le camping.<br \/>\nLa b\u00e2che a de nombreux points de tension qui sont tous renforc\u00e9s pour \u00e9viter la d\u00e9chirure. (dans beaucoup de vent nous vous conseillons de ne pas utiliser la b\u00e2che).<\/p>\n<p>Disponible en 2 tailles:<br \/>\nB\u00e2che 3: 300x300cm. poids: 930 gr.<br \/>\nB\u00e2che 4: 400x300cm, poids 1150 gr.<\/p>\n<p>Mat\u00e9riel: 100% polyester, 50% protection UV<\/p>\n<p>B\u00e2tons et haubans exclusifs.<\/p>\n","protected":false},"excerpt":{"rendered":"<p>B\u00e2che pratique en 100% polyester. Id\u00e9al pour cr\u00e9er une ombre suppl\u00e9mentaire n&#8217;importe o\u00f9 contre le soleil ou m\u00eame la pluie. La b\u00e2che est facile \u00e0&hellip;<\/p>\n","protected":false},"featured_media":12633,"comment_status":"open","ping_status":"closed","template":"","meta":{"_acf_changed":false},"product_brand":[],"product_cat":[274],"product_tag":[],"class_list":{"0":"post-12632","1":"product","2":"type-product","3":"status-publish","4":"has-post-thumbnail","6":"product_cat-baches","8":"first","9":"instock","10":"shipping-taxable","11":"product-type-simple"},"acf":[],"yoast_head":"<!-- This site is optimized with the Yoast SEO plugin v27.3 - https:\/\/yoast.com\/product\/yoast-seo-wordpress\/ -->\n<title>B\u00e2che solaire 3\/4 Poly - Eurotrail | The way we camp!<\/title>\n<meta name=\"robots\" content=\"index, follow, max-snippet:-1, max-image-preview:large, max-video-preview:-1\" \/>\n<link rel=\"canonical\" href=\"https:\/\/eurotrail.info\/fr\/producten\/baches\/bache-solaire-3-4-poly\/\" \/>\n<meta property=\"og:locale\" content=\"fr_FR\" \/>\n<meta property=\"og:type\" content=\"article\" \/>\n<meta property=\"og:title\" content=\"B\u00e2che solaire 3\/4 Poly - Eurotrail | The way we camp!\" \/>\n<meta property=\"og:description\" content=\"B\u00e2che pratique en 100% polyester. Id\u00e9al pour cr\u00e9er une ombre suppl\u00e9mentaire n&#8217;importe o\u00f9 contre le soleil ou m\u00eame la pluie. La b\u00e2che est facile \u00e0&hellip;\" \/>\n<meta property=\"og:url\" content=\"https:\/\/eurotrail.info\/fr\/producten\/baches\/bache-solaire-3-4-poly\/\" \/>\n<meta property=\"og:site_name\" content=\"Eurotrail | The way we camp!\" \/>\n<meta property=\"og:image\" content=\"https:\/\/eurotrail.info\/wp\/wp-content\/uploads\/2016\/03\/Eurotrail-Tarp-3-4-polyester-1280x891.jpg\" \/>\n\t<meta property=\"og:image:width\" content=\"1280\" \/>\n\t<meta property=\"og:image:height\" content=\"891\" \/>\n\t<meta property=\"og:image:type\" content=\"image\/jpeg\" \/>\n<meta name=\"twitter:card\" content=\"summary_large_image\" \/>\n<meta name=\"twitter:label1\" content=\"Dur\u00e9e de lecture estim\u00e9e\" \/>\n\t<meta name=\"twitter:data1\" content=\"1 minute\" \/>\n<script type=\"application\/ld+json\" class=\"yoast-schema-graph\">{\"@context\":\"https:\\\/\\\/schema.org\",\"@graph\":[{\"@type\":\"WebPage\",\"@id\":\"https:\\\/\\\/eurotrail.info\\\/fr\\\/producten\\\/baches\\\/bache-solaire-3-4-poly\\\/\",\"url\":\"https:\\\/\\\/eurotrail.info\\\/fr\\\/producten\\\/baches\\\/bache-solaire-3-4-poly\\\/\",\"name\":\"B\u00e2che solaire 3\\\/4 Poly - Eurotrail | The way we camp!\",\"isPartOf\":{\"@id\":\"https:\\\/\\\/eurotrail.info\\\/#website\"},\"primaryImageOfPage\":{\"@id\":\"https:\\\/\\\/eurotrail.info\\\/fr\\\/producten\\\/baches\\\/bache-solaire-3-4-poly\\\/#primaryimage\"},\"image\":{\"@id\":\"https:\\\/\\\/eurotrail.info\\\/fr\\\/producten\\\/baches\\\/bache-solaire-3-4-poly\\\/#primaryimage\"},\"thumbnailUrl\":\"https:\\\/\\\/eurotrail.info\\\/wp\\\/wp-content\\\/uploads\\\/2016\\\/03\\\/Eurotrail-Tarp-3-4-polyester.jpg\",\"datePublished\":\"2016-03-08T16:22:33+00:00\",\"breadcrumb\":{\"@id\":\"https:\\\/\\\/eurotrail.info\\\/fr\\\/producten\\\/baches\\\/bache-solaire-3-4-poly\\\/#breadcrumb\"},\"inLanguage\":\"fr-FR\",\"potentialAction\":[{\"@type\":\"ReadAction\",\"target\":[\"https:\\\/\\\/eurotrail.info\\\/fr\\\/producten\\\/baches\\\/bache-solaire-3-4-poly\\\/\"]}]},{\"@type\":\"ImageObject\",\"inLanguage\":\"fr-FR\",\"@id\":\"https:\\\/\\\/eurotrail.info\\\/fr\\\/producten\\\/baches\\\/bache-solaire-3-4-poly\\\/#primaryimage\",\"url\":\"https:\\\/\\\/eurotrail.info\\\/wp\\\/wp-content\\\/uploads\\\/2016\\\/03\\\/Eurotrail-Tarp-3-4-polyester.jpg\",\"contentUrl\":\"https:\\\/\\\/eurotrail.info\\\/wp\\\/wp-content\\\/uploads\\\/2016\\\/03\\\/Eurotrail-Tarp-3-4-polyester.jpg\",\"width\":1772,\"height\":1234},{\"@type\":\"BreadcrumbList\",\"@id\":\"https:\\\/\\\/eurotrail.info\\\/fr\\\/producten\\\/baches\\\/bache-solaire-3-4-poly\\\/#breadcrumb\",\"itemListElement\":[{\"@type\":\"ListItem\",\"position\":1,\"name\":\"Home\",\"item\":\"https:\\\/\\\/eurotrail.info\\\/fr\\\/\"},{\"@type\":\"ListItem\",\"position\":2,\"name\":\"Produits\",\"item\":\"https:\\\/\\\/eurotrail.info\\\/fr\\\/produits\\\/\"},{\"@type\":\"ListItem\",\"position\":3,\"name\":\"B\u00e2che solaire 3\\\/4 Poly\"}]},{\"@type\":\"WebSite\",\"@id\":\"https:\\\/\\\/eurotrail.info\\\/#website\",\"url\":\"https:\\\/\\\/eurotrail.info\\\/\",\"name\":\"Eurotrail | The way we camp!\",\"description\":\"\",\"publisher\":{\"@id\":\"https:\\\/\\\/eurotrail.info\\\/#organization\"},\"potentialAction\":[{\"@type\":\"SearchAction\",\"target\":{\"@type\":\"EntryPoint\",\"urlTemplate\":\"https:\\\/\\\/eurotrail.info\\\/?s={search_term_string}\"},\"query-input\":{\"@type\":\"PropertyValueSpecification\",\"valueRequired\":true,\"valueName\":\"search_term_string\"}}],\"inLanguage\":\"fr-FR\"},{\"@type\":\"Organization\",\"@id\":\"https:\\\/\\\/eurotrail.info\\\/#organization\",\"name\":\"Eurotrail | The way we camp!\",\"url\":\"https:\\\/\\\/eurotrail.info\\\/\",\"logo\":{\"@type\":\"ImageObject\",\"inLanguage\":\"fr-FR\",\"@id\":\"https:\\\/\\\/eurotrail.info\\\/#\\\/schema\\\/logo\\\/image\\\/\",\"url\":\"https:\\\/\\\/eurotrail.info\\\/wp\\\/wp-content\\\/uploads\\\/2023\\\/07\\\/ET-logo-quote_NL-scaled.jpg\",\"contentUrl\":\"https:\\\/\\\/eurotrail.info\\\/wp\\\/wp-content\\\/uploads\\\/2023\\\/07\\\/ET-logo-quote_NL-scaled.jpg\",\"width\":2560,\"height\":675,\"caption\":\"Eurotrail | The way we camp!\"},\"image\":{\"@id\":\"https:\\\/\\\/eurotrail.info\\\/#\\\/schema\\\/logo\\\/image\\\/\"}}]}<\/script>\n<!-- \/ Yoast SEO plugin. -->","yoast_head_json":{"title":"B\u00e2che solaire 3\/4 Poly - Eurotrail | The way we camp!","robots":{"index":"index","follow":"follow","max-snippet":"max-snippet:-1","max-image-preview":"max-image-preview:large","max-video-preview":"max-video-preview:-1"},"canonical":"https:\/\/eurotrail.info\/fr\/producten\/baches\/bache-solaire-3-4-poly\/","og_locale":"fr_FR","og_type":"article","og_title":"B\u00e2che solaire 3\/4 Poly - Eurotrail | The way we camp!","og_description":"B\u00e2che pratique en 100% polyester. Id\u00e9al pour cr\u00e9er une ombre suppl\u00e9mentaire n&#8217;importe o\u00f9 contre le soleil ou m\u00eame la pluie. La b\u00e2che est facile \u00e0&hellip;","og_url":"https:\/\/eurotrail.info\/fr\/producten\/baches\/bache-solaire-3-4-poly\/","og_site_name":"Eurotrail | The way we camp!","og_image":[{"width":1280,"height":891,"url":"https:\/\/eurotrail.info\/wp\/wp-content\/uploads\/2016\/03\/Eurotrail-Tarp-3-4-polyester-1280x891.jpg","type":"image\/jpeg"}],"twitter_card":"summary_large_image","twitter_misc":{"Dur\u00e9e de lecture estim\u00e9e":"1 minute"},"schema":{"@context":"https:\/\/schema.org","@graph":[{"@type":"WebPage","@id":"https:\/\/eurotrail.info\/fr\/producten\/baches\/bache-solaire-3-4-poly\/","url":"https:\/\/eurotrail.info\/fr\/producten\/baches\/bache-solaire-3-4-poly\/","name":"B\u00e2che solaire 3\/4 Poly - Eurotrail | The way we camp!","isPartOf":{"@id":"https:\/\/eurotrail.info\/#website"},"primaryImageOfPage":{"@id":"https:\/\/eurotrail.info\/fr\/producten\/baches\/bache-solaire-3-4-poly\/#primaryimage"},"image":{"@id":"https:\/\/eurotrail.info\/fr\/producten\/baches\/bache-solaire-3-4-poly\/#primaryimage"},"thumbnailUrl":"https:\/\/eurotrail.info\/wp\/wp-content\/uploads\/2016\/03\/Eurotrail-Tarp-3-4-polyester.jpg","datePublished":"2016-03-08T16:22:33+00:00","breadcrumb":{"@id":"https:\/\/eurotrail.info\/fr\/producten\/baches\/bache-solaire-3-4-poly\/#breadcrumb"},"inLanguage":"fr-FR","potentialAction":[{"@type":"ReadAction","target":["https:\/\/eurotrail.info\/fr\/producten\/baches\/bache-solaire-3-4-poly\/"]}]},{"@type":"ImageObject","inLanguage":"fr-FR","@id":"https:\/\/eurotrail.info\/fr\/producten\/baches\/bache-solaire-3-4-poly\/#primaryimage","url":"https:\/\/eurotrail.info\/wp\/wp-content\/uploads\/2016\/03\/Eurotrail-Tarp-3-4-polyester.jpg","contentUrl":"https:\/\/eurotrail.info\/wp\/wp-content\/uploads\/2016\/03\/Eurotrail-Tarp-3-4-polyester.jpg","width":1772,"height":1234},{"@type":"BreadcrumbList","@id":"https:\/\/eurotrail.info\/fr\/producten\/baches\/bache-solaire-3-4-poly\/#breadcrumb","itemListElement":[{"@type":"ListItem","position":1,"name":"Home","item":"https:\/\/eurotrail.info\/fr\/"},{"@type":"ListItem","position":2,"name":"Produits","item":"https:\/\/eurotrail.info\/fr\/produits\/"},{"@type":"ListItem","position":3,"name":"B\u00e2che solaire 3\/4 Poly"}]},{"@type":"WebSite","@id":"https:\/\/eurotrail.info\/#website","url":"https:\/\/eurotrail.info\/","name":"Eurotrail | The way we camp!","description":"","publisher":{"@id":"https:\/\/eurotrail.info\/#organization"},"potentialAction":[{"@type":"SearchAction","target":{"@type":"EntryPoint","urlTemplate":"https:\/\/eurotrail.info\/?s={search_term_string}"},"query-input":{"@type":"PropertyValueSpecification","valueRequired":true,"valueName":"search_term_string"}}],"inLanguage":"fr-FR"},{"@type":"Organization","@id":"https:\/\/eurotrail.info\/#organization","name":"Eurotrail | The way we camp!","url":"https:\/\/eurotrail.info\/","logo":{"@type":"ImageObject","inLanguage":"fr-FR","@id":"https:\/\/eurotrail.info\/#\/schema\/logo\/image\/","url":"https:\/\/eurotrail.info\/wp\/wp-content\/uploads\/2023\/07\/ET-logo-quote_NL-scaled.jpg","contentUrl":"https:\/\/eurotrail.info\/wp\/wp-content\/uploads\/2023\/07\/ET-logo-quote_NL-scaled.jpg","width":2560,"height":675,"caption":"Eurotrail | The way we camp!"},"image":{"@id":"https:\/\/eurotrail.info\/#\/schema\/logo\/image\/"}}]}},"_links":{"self":[{"href":"https:\/\/eurotrail.info\/fr\/wp-json\/wp\/v2\/product\/12632","targetHints":{"allow":["GET"]}}],"collection":[{"href":"https:\/\/eurotrail.info\/fr\/wp-json\/wp\/v2\/product"}],"about":[{"href":"https:\/\/eurotrail.info\/fr\/wp-json\/wp\/v2\/types\/product"}],"replies":[{"embeddable":true,"href":"https:\/\/eurotrail.info\/fr\/wp-json\/wp\/v2\/comments?post=12632"}],"wp:featuredmedia":[{"embeddable":true,"href":"https:\/\/eurotrail.info\/fr\/wp-json\/wp\/v2\/media\/12633"}],"wp:attachment":[{"href":"https:\/\/eurotrail.info\/fr\/wp-json\/wp\/v2\/media?parent=12632"}],"wp:term":[{"taxonomy":"product_brand","embeddable":true,"href":"https:\/\/eurotrail.info\/fr\/wp-json\/wp\/v2\/product_brand?post=12632"},{"taxonomy":"product_cat","embeddable":true,"href":"https:\/\/eurotrail.info\/fr\/wp-json\/wp\/v2\/product_cat?post=12632"},{"taxonomy":"product_tag","embeddable":true,"href":"https:\/\/eurotrail.info\/fr\/wp-json\/wp\/v2\/product_tag?post=12632"}],"curies":[{"name":"wp","href":"https:\/\/api.w.org\/{rel}","templated":true}]}}