{"id":12669,"date":"2016-03-04T14:09:44","date_gmt":"2016-03-04T13:09:44","guid":{"rendered":"https:\/\/eurotrail.info\/producten\/spring-sac-de-couchage\/"},"modified":"2016-03-04T14:09:44","modified_gmt":"2016-03-04T13:09:44","slug":"spring-sac-de-couchage","status":"publish","type":"product","link":"https:\/\/eurotrail.info\/fr\/producten\/sacs-de-couchage\/sacs-de-couchage-fr\/spring-sac-de-couchage\/","title":{"rendered":"Spring &#8211; Sac de couchage"},"content":{"rendered":"<p>Sac de couchage parfait pour l&#8217;\u00e9t\u00e9 : l\u00e9g\u00e8re mais avec un confort de couchage maximal ! Ce sac de couchage est fait d&#8217;une microfibre l\u00e9g\u00e8re avec une finition p\u00eache douce. Le rembourrage vous permet de rester au chaud lors d&#8217;une nuit fra\u00eeche. Tr\u00e8s compact \u00e0 plier.<\/p>\n<p>Dimensions : 210 x 80 cm<br \/>\nMat\u00e9riau ext\u00e9rieur : 100% 210 Tafetta Poly Punch<br \/>\nMat\u00e9riau \u00e0 l&#8217;int\u00e9rieur : 100% 230 Tafetta Poly Punch<br \/>\nDisponible dans la couleur : Vert citron \/ Anthracite<br \/>\nRembourrage : SLII Fibre creuse 150 gr \/ m\u00b2<br \/>\nPoids : 1000 gr.<\/p>\n<p>Plage de temp\u00e9rature : 25\/15\/10 \u00baC<\/p>\n<p>Remarque : La valeur d&#8217;isolation indiqu\u00e9e comprend le confort, la tol\u00e9rance et une valeur extr\u00eame. Les valeurs ne sont que des indications, le froid et la chaleur sont ressentis diff\u00e9remment par chaque personne et d\u00e9pendent fortement de la condition physique, de la surface, du tapis de couchage, du vent, de l&#8217;humidit\u00e9, etc.<\/p>\n","protected":false},"excerpt":{"rendered":"<p>Sac de couchage parfait pour l&#8217;\u00e9t\u00e9 : l\u00e9g\u00e8re mais avec un confort de couchage maximal ! Ce sac de couchage est fait d&#8217;une microfibre l\u00e9g\u00e8re&hellip;<\/p>\n","protected":false},"featured_media":30580,"comment_status":"open","ping_status":"closed","template":"","meta":{"_acf_changed":false},"product_brand":[],"product_cat":[272],"product_tag":[],"class_list":{"0":"post-12669","1":"product","2":"type-product","3":"status-publish","4":"has-post-thumbnail","6":"product_cat-sacs-de-couchage-fr","8":"first","9":"instock","10":"shipping-taxable","11":"product-type-simple"},"acf":[],"yoast_head":"<!-- This site is optimized with the Yoast SEO plugin v27.3 - https:\/\/yoast.com\/product\/yoast-seo-wordpress\/ -->\n<title>Spring - Sac de couchage - Eurotrail | The way we camp!<\/title>\n<meta name=\"robots\" content=\"index, follow, max-snippet:-1, max-image-preview:large, max-video-preview:-1\" \/>\n<link rel=\"canonical\" href=\"https:\/\/eurotrail.info\/fr\/producten\/sacs-de-couchage\/sacs-de-couchage-fr\/spring-sac-de-couchage\/\" \/>\n<meta property=\"og:locale\" content=\"fr_FR\" \/>\n<meta property=\"og:type\" content=\"article\" \/>\n<meta property=\"og:title\" content=\"Spring - Sac de couchage - Eurotrail | The way we camp!\" \/>\n<meta property=\"og:description\" content=\"Sac de couchage parfait pour l&#8217;\u00e9t\u00e9 : l\u00e9g\u00e8re mais avec un confort de couchage maximal ! Ce sac de couchage est fait d&#8217;une microfibre l\u00e9g\u00e8re&hellip;\" \/>\n<meta property=\"og:url\" content=\"https:\/\/eurotrail.info\/fr\/producten\/sacs-de-couchage\/sacs-de-couchage-fr\/spring-sac-de-couchage\/\" \/>\n<meta property=\"og:site_name\" content=\"Eurotrail | The way we camp!\" \/>\n<meta property=\"og:image\" content=\"https:\/\/eurotrail.info\/wp\/wp-content\/uploads\/2016\/03\/ETSB0146-Spring-1-scaled.jpg\" \/>\n\t<meta property=\"og:image:width\" content=\"2560\" \/>\n\t<meta property=\"og:image:height\" content=\"1476\" \/>\n\t<meta property=\"og:image:type\" content=\"image\/jpeg\" \/>\n<meta name=\"twitter:card\" content=\"summary_large_image\" \/>\n<meta name=\"twitter:label1\" content=\"Dur\u00e9e de lecture estim\u00e9e\" \/>\n\t<meta name=\"twitter:data1\" content=\"1 minute\" \/>\n<script type=\"application\/ld+json\" class=\"yoast-schema-graph\">{\"@context\":\"https:\\\/\\\/schema.org\",\"@graph\":[{\"@type\":\"WebPage\",\"@id\":\"https:\\\/\\\/eurotrail.info\\\/fr\\\/producten\\\/sacs-de-couchage\\\/sacs-de-couchage-fr\\\/spring-sac-de-couchage\\\/\",\"url\":\"https:\\\/\\\/eurotrail.info\\\/fr\\\/producten\\\/sacs-de-couchage\\\/sacs-de-couchage-fr\\\/spring-sac-de-couchage\\\/\",\"name\":\"Spring - Sac de couchage - Eurotrail | The way we camp!\",\"isPartOf\":{\"@id\":\"https:\\\/\\\/eurotrail.info\\\/#website\"},\"primaryImageOfPage\":{\"@id\":\"https:\\\/\\\/eurotrail.info\\\/fr\\\/producten\\\/sacs-de-couchage\\\/sacs-de-couchage-fr\\\/spring-sac-de-couchage\\\/#primaryimage\"},\"image\":{\"@id\":\"https:\\\/\\\/eurotrail.info\\\/fr\\\/producten\\\/sacs-de-couchage\\\/sacs-de-couchage-fr\\\/spring-sac-de-couchage\\\/#primaryimage\"},\"thumbnailUrl\":\"https:\\\/\\\/eurotrail.info\\\/wp\\\/wp-content\\\/uploads\\\/2016\\\/03\\\/ETSB0146-Spring-1-scaled.jpg\",\"datePublished\":\"2016-03-04T13:09:44+00:00\",\"breadcrumb\":{\"@id\":\"https:\\\/\\\/eurotrail.info\\\/fr\\\/producten\\\/sacs-de-couchage\\\/sacs-de-couchage-fr\\\/spring-sac-de-couchage\\\/#breadcrumb\"},\"inLanguage\":\"fr-FR\",\"potentialAction\":[{\"@type\":\"ReadAction\",\"target\":[\"https:\\\/\\\/eurotrail.info\\\/fr\\\/producten\\\/sacs-de-couchage\\\/sacs-de-couchage-fr\\\/spring-sac-de-couchage\\\/\"]}]},{\"@type\":\"ImageObject\",\"inLanguage\":\"fr-FR\",\"@id\":\"https:\\\/\\\/eurotrail.info\\\/fr\\\/producten\\\/sacs-de-couchage\\\/sacs-de-couchage-fr\\\/spring-sac-de-couchage\\\/#primaryimage\",\"url\":\"https:\\\/\\\/eurotrail.info\\\/wp\\\/wp-content\\\/uploads\\\/2016\\\/03\\\/ETSB0146-Spring-1-scaled.jpg\",\"contentUrl\":\"https:\\\/\\\/eurotrail.info\\\/wp\\\/wp-content\\\/uploads\\\/2016\\\/03\\\/ETSB0146-Spring-1-scaled.jpg\",\"width\":2560,\"height\":1476},{\"@type\":\"BreadcrumbList\",\"@id\":\"https:\\\/\\\/eurotrail.info\\\/fr\\\/producten\\\/sacs-de-couchage\\\/sacs-de-couchage-fr\\\/spring-sac-de-couchage\\\/#breadcrumb\",\"itemListElement\":[{\"@type\":\"ListItem\",\"position\":1,\"name\":\"Home\",\"item\":\"https:\\\/\\\/eurotrail.info\\\/fr\\\/\"},{\"@type\":\"ListItem\",\"position\":2,\"name\":\"Produits\",\"item\":\"https:\\\/\\\/eurotrail.info\\\/fr\\\/produits\\\/\"},{\"@type\":\"ListItem\",\"position\":3,\"name\":\"Spring &#8211; Sac de couchage\"}]},{\"@type\":\"WebSite\",\"@id\":\"https:\\\/\\\/eurotrail.info\\\/#website\",\"url\":\"https:\\\/\\\/eurotrail.info\\\/\",\"name\":\"Eurotrail | The way we camp!\",\"description\":\"\",\"publisher\":{\"@id\":\"https:\\\/\\\/eurotrail.info\\\/#organization\"},\"potentialAction\":[{\"@type\":\"SearchAction\",\"target\":{\"@type\":\"EntryPoint\",\"urlTemplate\":\"https:\\\/\\\/eurotrail.info\\\/?s={search_term_string}\"},\"query-input\":{\"@type\":\"PropertyValueSpecification\",\"valueRequired\":true,\"valueName\":\"search_term_string\"}}],\"inLanguage\":\"fr-FR\"},{\"@type\":\"Organization\",\"@id\":\"https:\\\/\\\/eurotrail.info\\\/#organization\",\"name\":\"Eurotrail | The way we camp!\",\"url\":\"https:\\\/\\\/eurotrail.info\\\/\",\"logo\":{\"@type\":\"ImageObject\",\"inLanguage\":\"fr-FR\",\"@id\":\"https:\\\/\\\/eurotrail.info\\\/#\\\/schema\\\/logo\\\/image\\\/\",\"url\":\"https:\\\/\\\/eurotrail.info\\\/wp\\\/wp-content\\\/uploads\\\/2023\\\/07\\\/ET-logo-quote_NL-scaled.jpg\",\"contentUrl\":\"https:\\\/\\\/eurotrail.info\\\/wp\\\/wp-content\\\/uploads\\\/2023\\\/07\\\/ET-logo-quote_NL-scaled.jpg\",\"width\":2560,\"height\":675,\"caption\":\"Eurotrail | The way we camp!\"},\"image\":{\"@id\":\"https:\\\/\\\/eurotrail.info\\\/#\\\/schema\\\/logo\\\/image\\\/\"}}]}<\/script>\n<!-- \/ Yoast SEO plugin. -->","yoast_head_json":{"title":"Spring - Sac de couchage - Eurotrail | The way we camp!","robots":{"index":"index","follow":"follow","max-snippet":"max-snippet:-1","max-image-preview":"max-image-preview:large","max-video-preview":"max-video-preview:-1"},"canonical":"https:\/\/eurotrail.info\/fr\/producten\/sacs-de-couchage\/sacs-de-couchage-fr\/spring-sac-de-couchage\/","og_locale":"fr_FR","og_type":"article","og_title":"Spring - Sac de couchage - Eurotrail | The way we camp!","og_description":"Sac de couchage parfait pour l&#8217;\u00e9t\u00e9 : l\u00e9g\u00e8re mais avec un confort de couchage maximal ! Ce sac de couchage est fait d&#8217;une microfibre l\u00e9g\u00e8re&hellip;","og_url":"https:\/\/eurotrail.info\/fr\/producten\/sacs-de-couchage\/sacs-de-couchage-fr\/spring-sac-de-couchage\/","og_site_name":"Eurotrail | The way we camp!","og_image":[{"width":2560,"height":1476,"url":"https:\/\/eurotrail.info\/wp\/wp-content\/uploads\/2016\/03\/ETSB0146-Spring-1-scaled.jpg","type":"image\/jpeg"}],"twitter_card":"summary_large_image","twitter_misc":{"Dur\u00e9e de lecture estim\u00e9e":"1 minute"},"schema":{"@context":"https:\/\/schema.org","@graph":[{"@type":"WebPage","@id":"https:\/\/eurotrail.info\/fr\/producten\/sacs-de-couchage\/sacs-de-couchage-fr\/spring-sac-de-couchage\/","url":"https:\/\/eurotrail.info\/fr\/producten\/sacs-de-couchage\/sacs-de-couchage-fr\/spring-sac-de-couchage\/","name":"Spring - Sac de couchage - Eurotrail | The way we camp!","isPartOf":{"@id":"https:\/\/eurotrail.info\/#website"},"primaryImageOfPage":{"@id":"https:\/\/eurotrail.info\/fr\/producten\/sacs-de-couchage\/sacs-de-couchage-fr\/spring-sac-de-couchage\/#primaryimage"},"image":{"@id":"https:\/\/eurotrail.info\/fr\/producten\/sacs-de-couchage\/sacs-de-couchage-fr\/spring-sac-de-couchage\/#primaryimage"},"thumbnailUrl":"https:\/\/eurotrail.info\/wp\/wp-content\/uploads\/2016\/03\/ETSB0146-Spring-1-scaled.jpg","datePublished":"2016-03-04T13:09:44+00:00","breadcrumb":{"@id":"https:\/\/eurotrail.info\/fr\/producten\/sacs-de-couchage\/sacs-de-couchage-fr\/spring-sac-de-couchage\/#breadcrumb"},"inLanguage":"fr-FR","potentialAction":[{"@type":"ReadAction","target":["https:\/\/eurotrail.info\/fr\/producten\/sacs-de-couchage\/sacs-de-couchage-fr\/spring-sac-de-couchage\/"]}]},{"@type":"ImageObject","inLanguage":"fr-FR","@id":"https:\/\/eurotrail.info\/fr\/producten\/sacs-de-couchage\/sacs-de-couchage-fr\/spring-sac-de-couchage\/#primaryimage","url":"https:\/\/eurotrail.info\/wp\/wp-content\/uploads\/2016\/03\/ETSB0146-Spring-1-scaled.jpg","contentUrl":"https:\/\/eurotrail.info\/wp\/wp-content\/uploads\/2016\/03\/ETSB0146-Spring-1-scaled.jpg","width":2560,"height":1476},{"@type":"BreadcrumbList","@id":"https:\/\/eurotrail.info\/fr\/producten\/sacs-de-couchage\/sacs-de-couchage-fr\/spring-sac-de-couchage\/#breadcrumb","itemListElement":[{"@type":"ListItem","position":1,"name":"Home","item":"https:\/\/eurotrail.info\/fr\/"},{"@type":"ListItem","position":2,"name":"Produits","item":"https:\/\/eurotrail.info\/fr\/produits\/"},{"@type":"ListItem","position":3,"name":"Spring &#8211; Sac de couchage"}]},{"@type":"WebSite","@id":"https:\/\/eurotrail.info\/#website","url":"https:\/\/eurotrail.info\/","name":"Eurotrail | The way we camp!","description":"","publisher":{"@id":"https:\/\/eurotrail.info\/#organization"},"potentialAction":[{"@type":"SearchAction","target":{"@type":"EntryPoint","urlTemplate":"https:\/\/eurotrail.info\/?s={search_term_string}"},"query-input":{"@type":"PropertyValueSpecification","valueRequired":true,"valueName":"search_term_string"}}],"inLanguage":"fr-FR"},{"@type":"Organization","@id":"https:\/\/eurotrail.info\/#organization","name":"Eurotrail | The way we camp!","url":"https:\/\/eurotrail.info\/","logo":{"@type":"ImageObject","inLanguage":"fr-FR","@id":"https:\/\/eurotrail.info\/#\/schema\/logo\/image\/","url":"https:\/\/eurotrail.info\/wp\/wp-content\/uploads\/2023\/07\/ET-logo-quote_NL-scaled.jpg","contentUrl":"https:\/\/eurotrail.info\/wp\/wp-content\/uploads\/2023\/07\/ET-logo-quote_NL-scaled.jpg","width":2560,"height":675,"caption":"Eurotrail | The way we camp!"},"image":{"@id":"https:\/\/eurotrail.info\/#\/schema\/logo\/image\/"}}]}},"_links":{"self":[{"href":"https:\/\/eurotrail.info\/fr\/wp-json\/wp\/v2\/product\/12669","targetHints":{"allow":["GET"]}}],"collection":[{"href":"https:\/\/eurotrail.info\/fr\/wp-json\/wp\/v2\/product"}],"about":[{"href":"https:\/\/eurotrail.info\/fr\/wp-json\/wp\/v2\/types\/product"}],"replies":[{"embeddable":true,"href":"https:\/\/eurotrail.info\/fr\/wp-json\/wp\/v2\/comments?post=12669"}],"wp:featuredmedia":[{"embeddable":true,"href":"https:\/\/eurotrail.info\/fr\/wp-json\/wp\/v2\/media\/30580"}],"wp:attachment":[{"href":"https:\/\/eurotrail.info\/fr\/wp-json\/wp\/v2\/media?parent=12669"}],"wp:term":[{"taxonomy":"product_brand","embeddable":true,"href":"https:\/\/eurotrail.info\/fr\/wp-json\/wp\/v2\/product_brand?post=12669"},{"taxonomy":"product_cat","embeddable":true,"href":"https:\/\/eurotrail.info\/fr\/wp-json\/wp\/v2\/product_cat?post=12669"},{"taxonomy":"product_tag","embeddable":true,"href":"https:\/\/eurotrail.info\/fr\/wp-json\/wp\/v2\/product_tag?post=12669"}],"curies":[{"name":"wp","href":"https:\/\/api.w.org\/{rel}","templated":true}]}}