{"id":12685,"date":"2016-03-04T14:17:13","date_gmt":"2016-03-04T13:17:13","guid":{"rendered":"https:\/\/eurotrail.info\/producten\/blackdown-sac-de-couchage\/"},"modified":"2016-03-04T14:17:13","modified_gmt":"2016-03-04T13:17:13","slug":"blackdown-sac-de-couchage","status":"publish","type":"product","link":"https:\/\/eurotrail.info\/fr\/producten\/sacs-de-couchage\/sacs-de-couchage-fr\/blackdown-sac-de-couchage\/","title":{"rendered":"Blackdown &#8211; Sac de couchage"},"content":{"rendered":"<p>Sac de couchage tr\u00e8s spacieux et confortable avec doublure en flanelle douce.<br \/>\nCe sac de couchage est tr\u00e8s appropri\u00e9 pour la caravane ou la voiture. Les dimensions spacieuses garantissent que vous pouvez vous facilement tourner la nuit sans \u00eatre g\u00ean\u00e9. L\u2019appui- t\u00eate offre votre t\u00eate beaucoup de protection et une surface douce.<\/p>\n<p>Dimensions : 240 x 90 cm<br \/>\nCouverture ext\u00e9rieure : 65% polyester \/ 35% coton<br \/>\nDoublure int\u00e9rieure : 100% coton doux<br \/>\nRembourrage : 2 x 150 gr \/ m\u00b2. SLII Fibre creuse, construction 2 couches.<br \/>\nPoids : environ 3400 gr.<\/p>\n<p>Plage de temp\u00e9rature : 15 \/ -8 \/ -10 \u2070C<\/p>\n","protected":false},"excerpt":{"rendered":"<p>Sac de couchage tr\u00e8s spacieux et confortable avec doublure en flanelle douce. Ce sac de couchage est tr\u00e8s appropri\u00e9 pour la caravane ou la voiture.&hellip;<\/p>\n","protected":false},"featured_media":12691,"comment_status":"open","ping_status":"closed","template":"","meta":{"_acf_changed":false},"product_brand":[],"product_cat":[272],"product_tag":[],"class_list":{"0":"post-12685","1":"product","2":"type-product","3":"status-publish","4":"has-post-thumbnail","6":"product_cat-sacs-de-couchage-fr","8":"first","9":"instock","10":"shipping-taxable","11":"product-type-simple"},"acf":[],"yoast_head":"<!-- This site is optimized with the Yoast SEO plugin v27.3 - https:\/\/yoast.com\/product\/yoast-seo-wordpress\/ -->\n<title>Blackdown - Sac de couchage - Eurotrail | The way we camp!<\/title>\n<meta name=\"robots\" content=\"index, follow, max-snippet:-1, max-image-preview:large, max-video-preview:-1\" \/>\n<link rel=\"canonical\" href=\"https:\/\/eurotrail.info\/fr\/producten\/sacs-de-couchage\/sacs-de-couchage-fr\/blackdown-sac-de-couchage\/\" \/>\n<meta property=\"og:locale\" content=\"fr_FR\" \/>\n<meta property=\"og:type\" content=\"article\" \/>\n<meta property=\"og:title\" content=\"Blackdown - Sac de couchage - Eurotrail | The way we camp!\" \/>\n<meta property=\"og:description\" content=\"Sac de couchage tr\u00e8s spacieux et confortable avec doublure en flanelle douce. Ce sac de couchage est tr\u00e8s appropri\u00e9 pour la caravane ou la voiture.&hellip;\" \/>\n<meta property=\"og:url\" content=\"https:\/\/eurotrail.info\/fr\/producten\/sacs-de-couchage\/sacs-de-couchage-fr\/blackdown-sac-de-couchage\/\" \/>\n<meta property=\"og:site_name\" content=\"Eurotrail | The way we camp!\" \/>\n<meta property=\"og:image\" content=\"https:\/\/eurotrail.info\/wp\/wp-content\/uploads\/2016\/03\/blackdown.jpg\" \/>\n\t<meta property=\"og:image:width\" content=\"2411\" \/>\n\t<meta property=\"og:image:height\" content=\"1293\" \/>\n\t<meta property=\"og:image:type\" content=\"image\/jpeg\" \/>\n<meta name=\"twitter:card\" content=\"summary_large_image\" \/>\n<script type=\"application\/ld+json\" class=\"yoast-schema-graph\">{\"@context\":\"https:\\\/\\\/schema.org\",\"@graph\":[{\"@type\":\"WebPage\",\"@id\":\"https:\\\/\\\/eurotrail.info\\\/fr\\\/producten\\\/sacs-de-couchage\\\/sacs-de-couchage-fr\\\/blackdown-sac-de-couchage\\\/\",\"url\":\"https:\\\/\\\/eurotrail.info\\\/fr\\\/producten\\\/sacs-de-couchage\\\/sacs-de-couchage-fr\\\/blackdown-sac-de-couchage\\\/\",\"name\":\"Blackdown - Sac de couchage - Eurotrail | The way we camp!\",\"isPartOf\":{\"@id\":\"https:\\\/\\\/eurotrail.info\\\/#website\"},\"primaryImageOfPage\":{\"@id\":\"https:\\\/\\\/eurotrail.info\\\/fr\\\/producten\\\/sacs-de-couchage\\\/sacs-de-couchage-fr\\\/blackdown-sac-de-couchage\\\/#primaryimage\"},\"image\":{\"@id\":\"https:\\\/\\\/eurotrail.info\\\/fr\\\/producten\\\/sacs-de-couchage\\\/sacs-de-couchage-fr\\\/blackdown-sac-de-couchage\\\/#primaryimage\"},\"thumbnailUrl\":\"https:\\\/\\\/eurotrail.info\\\/wp\\\/wp-content\\\/uploads\\\/2016\\\/03\\\/blackdown.jpg\",\"datePublished\":\"2016-03-04T13:17:13+00:00\",\"breadcrumb\":{\"@id\":\"https:\\\/\\\/eurotrail.info\\\/fr\\\/producten\\\/sacs-de-couchage\\\/sacs-de-couchage-fr\\\/blackdown-sac-de-couchage\\\/#breadcrumb\"},\"inLanguage\":\"fr-FR\",\"potentialAction\":[{\"@type\":\"ReadAction\",\"target\":[\"https:\\\/\\\/eurotrail.info\\\/fr\\\/producten\\\/sacs-de-couchage\\\/sacs-de-couchage-fr\\\/blackdown-sac-de-couchage\\\/\"]}]},{\"@type\":\"ImageObject\",\"inLanguage\":\"fr-FR\",\"@id\":\"https:\\\/\\\/eurotrail.info\\\/fr\\\/producten\\\/sacs-de-couchage\\\/sacs-de-couchage-fr\\\/blackdown-sac-de-couchage\\\/#primaryimage\",\"url\":\"https:\\\/\\\/eurotrail.info\\\/wp\\\/wp-content\\\/uploads\\\/2016\\\/03\\\/blackdown.jpg\",\"contentUrl\":\"https:\\\/\\\/eurotrail.info\\\/wp\\\/wp-content\\\/uploads\\\/2016\\\/03\\\/blackdown.jpg\",\"width\":2411,\"height\":1293},{\"@type\":\"BreadcrumbList\",\"@id\":\"https:\\\/\\\/eurotrail.info\\\/fr\\\/producten\\\/sacs-de-couchage\\\/sacs-de-couchage-fr\\\/blackdown-sac-de-couchage\\\/#breadcrumb\",\"itemListElement\":[{\"@type\":\"ListItem\",\"position\":1,\"name\":\"Home\",\"item\":\"https:\\\/\\\/eurotrail.info\\\/fr\\\/\"},{\"@type\":\"ListItem\",\"position\":2,\"name\":\"Produits\",\"item\":\"https:\\\/\\\/eurotrail.info\\\/fr\\\/produits\\\/\"},{\"@type\":\"ListItem\",\"position\":3,\"name\":\"Blackdown &#8211; Sac de couchage\"}]},{\"@type\":\"WebSite\",\"@id\":\"https:\\\/\\\/eurotrail.info\\\/#website\",\"url\":\"https:\\\/\\\/eurotrail.info\\\/\",\"name\":\"Eurotrail | The way we camp!\",\"description\":\"\",\"publisher\":{\"@id\":\"https:\\\/\\\/eurotrail.info\\\/#organization\"},\"potentialAction\":[{\"@type\":\"SearchAction\",\"target\":{\"@type\":\"EntryPoint\",\"urlTemplate\":\"https:\\\/\\\/eurotrail.info\\\/?s={search_term_string}\"},\"query-input\":{\"@type\":\"PropertyValueSpecification\",\"valueRequired\":true,\"valueName\":\"search_term_string\"}}],\"inLanguage\":\"fr-FR\"},{\"@type\":\"Organization\",\"@id\":\"https:\\\/\\\/eurotrail.info\\\/#organization\",\"name\":\"Eurotrail | The way we camp!\",\"url\":\"https:\\\/\\\/eurotrail.info\\\/\",\"logo\":{\"@type\":\"ImageObject\",\"inLanguage\":\"fr-FR\",\"@id\":\"https:\\\/\\\/eurotrail.info\\\/#\\\/schema\\\/logo\\\/image\\\/\",\"url\":\"https:\\\/\\\/eurotrail.info\\\/wp\\\/wp-content\\\/uploads\\\/2023\\\/07\\\/ET-logo-quote_NL-scaled.jpg\",\"contentUrl\":\"https:\\\/\\\/eurotrail.info\\\/wp\\\/wp-content\\\/uploads\\\/2023\\\/07\\\/ET-logo-quote_NL-scaled.jpg\",\"width\":2560,\"height\":675,\"caption\":\"Eurotrail | The way we camp!\"},\"image\":{\"@id\":\"https:\\\/\\\/eurotrail.info\\\/#\\\/schema\\\/logo\\\/image\\\/\"}}]}<\/script>\n<!-- \/ Yoast SEO plugin. -->","yoast_head_json":{"title":"Blackdown - Sac de couchage - Eurotrail | The way we camp!","robots":{"index":"index","follow":"follow","max-snippet":"max-snippet:-1","max-image-preview":"max-image-preview:large","max-video-preview":"max-video-preview:-1"},"canonical":"https:\/\/eurotrail.info\/fr\/producten\/sacs-de-couchage\/sacs-de-couchage-fr\/blackdown-sac-de-couchage\/","og_locale":"fr_FR","og_type":"article","og_title":"Blackdown - Sac de couchage - Eurotrail | The way we camp!","og_description":"Sac de couchage tr\u00e8s spacieux et confortable avec doublure en flanelle douce. Ce sac de couchage est tr\u00e8s appropri\u00e9 pour la caravane ou la voiture.&hellip;","og_url":"https:\/\/eurotrail.info\/fr\/producten\/sacs-de-couchage\/sacs-de-couchage-fr\/blackdown-sac-de-couchage\/","og_site_name":"Eurotrail | The way we camp!","og_image":[{"width":2411,"height":1293,"url":"https:\/\/eurotrail.info\/wp\/wp-content\/uploads\/2016\/03\/blackdown.jpg","type":"image\/jpeg"}],"twitter_card":"summary_large_image","schema":{"@context":"https:\/\/schema.org","@graph":[{"@type":"WebPage","@id":"https:\/\/eurotrail.info\/fr\/producten\/sacs-de-couchage\/sacs-de-couchage-fr\/blackdown-sac-de-couchage\/","url":"https:\/\/eurotrail.info\/fr\/producten\/sacs-de-couchage\/sacs-de-couchage-fr\/blackdown-sac-de-couchage\/","name":"Blackdown - Sac de couchage - Eurotrail | The way we camp!","isPartOf":{"@id":"https:\/\/eurotrail.info\/#website"},"primaryImageOfPage":{"@id":"https:\/\/eurotrail.info\/fr\/producten\/sacs-de-couchage\/sacs-de-couchage-fr\/blackdown-sac-de-couchage\/#primaryimage"},"image":{"@id":"https:\/\/eurotrail.info\/fr\/producten\/sacs-de-couchage\/sacs-de-couchage-fr\/blackdown-sac-de-couchage\/#primaryimage"},"thumbnailUrl":"https:\/\/eurotrail.info\/wp\/wp-content\/uploads\/2016\/03\/blackdown.jpg","datePublished":"2016-03-04T13:17:13+00:00","breadcrumb":{"@id":"https:\/\/eurotrail.info\/fr\/producten\/sacs-de-couchage\/sacs-de-couchage-fr\/blackdown-sac-de-couchage\/#breadcrumb"},"inLanguage":"fr-FR","potentialAction":[{"@type":"ReadAction","target":["https:\/\/eurotrail.info\/fr\/producten\/sacs-de-couchage\/sacs-de-couchage-fr\/blackdown-sac-de-couchage\/"]}]},{"@type":"ImageObject","inLanguage":"fr-FR","@id":"https:\/\/eurotrail.info\/fr\/producten\/sacs-de-couchage\/sacs-de-couchage-fr\/blackdown-sac-de-couchage\/#primaryimage","url":"https:\/\/eurotrail.info\/wp\/wp-content\/uploads\/2016\/03\/blackdown.jpg","contentUrl":"https:\/\/eurotrail.info\/wp\/wp-content\/uploads\/2016\/03\/blackdown.jpg","width":2411,"height":1293},{"@type":"BreadcrumbList","@id":"https:\/\/eurotrail.info\/fr\/producten\/sacs-de-couchage\/sacs-de-couchage-fr\/blackdown-sac-de-couchage\/#breadcrumb","itemListElement":[{"@type":"ListItem","position":1,"name":"Home","item":"https:\/\/eurotrail.info\/fr\/"},{"@type":"ListItem","position":2,"name":"Produits","item":"https:\/\/eurotrail.info\/fr\/produits\/"},{"@type":"ListItem","position":3,"name":"Blackdown &#8211; Sac de couchage"}]},{"@type":"WebSite","@id":"https:\/\/eurotrail.info\/#website","url":"https:\/\/eurotrail.info\/","name":"Eurotrail | The way we camp!","description":"","publisher":{"@id":"https:\/\/eurotrail.info\/#organization"},"potentialAction":[{"@type":"SearchAction","target":{"@type":"EntryPoint","urlTemplate":"https:\/\/eurotrail.info\/?s={search_term_string}"},"query-input":{"@type":"PropertyValueSpecification","valueRequired":true,"valueName":"search_term_string"}}],"inLanguage":"fr-FR"},{"@type":"Organization","@id":"https:\/\/eurotrail.info\/#organization","name":"Eurotrail | The way we camp!","url":"https:\/\/eurotrail.info\/","logo":{"@type":"ImageObject","inLanguage":"fr-FR","@id":"https:\/\/eurotrail.info\/#\/schema\/logo\/image\/","url":"https:\/\/eurotrail.info\/wp\/wp-content\/uploads\/2023\/07\/ET-logo-quote_NL-scaled.jpg","contentUrl":"https:\/\/eurotrail.info\/wp\/wp-content\/uploads\/2023\/07\/ET-logo-quote_NL-scaled.jpg","width":2560,"height":675,"caption":"Eurotrail | The way we camp!"},"image":{"@id":"https:\/\/eurotrail.info\/#\/schema\/logo\/image\/"}}]}},"_links":{"self":[{"href":"https:\/\/eurotrail.info\/fr\/wp-json\/wp\/v2\/product\/12685","targetHints":{"allow":["GET"]}}],"collection":[{"href":"https:\/\/eurotrail.info\/fr\/wp-json\/wp\/v2\/product"}],"about":[{"href":"https:\/\/eurotrail.info\/fr\/wp-json\/wp\/v2\/types\/product"}],"replies":[{"embeddable":true,"href":"https:\/\/eurotrail.info\/fr\/wp-json\/wp\/v2\/comments?post=12685"}],"wp:featuredmedia":[{"embeddable":true,"href":"https:\/\/eurotrail.info\/fr\/wp-json\/wp\/v2\/media\/12691"}],"wp:attachment":[{"href":"https:\/\/eurotrail.info\/fr\/wp-json\/wp\/v2\/media?parent=12685"}],"wp:term":[{"taxonomy":"product_brand","embeddable":true,"href":"https:\/\/eurotrail.info\/fr\/wp-json\/wp\/v2\/product_brand?post=12685"},{"taxonomy":"product_cat","embeddable":true,"href":"https:\/\/eurotrail.info\/fr\/wp-json\/wp\/v2\/product_cat?post=12685"},{"taxonomy":"product_tag","embeddable":true,"href":"https:\/\/eurotrail.info\/fr\/wp-json\/wp\/v2\/product_tag?post=12685"}],"curies":[{"name":"wp","href":"https:\/\/api.w.org\/{rel}","templated":true}]}}