{"id":12727,"date":"2016-03-04T14:06:38","date_gmt":"2016-03-04T13:06:38","guid":{"rendered":"https:\/\/eurotrail.info\/producten\/brooks-sac-de-couchage\/"},"modified":"2016-03-04T14:06:38","modified_gmt":"2016-03-04T13:06:38","slug":"brooks-sac-de-couchage","status":"publish","type":"product","link":"https:\/\/eurotrail.info\/fr\/producten\/sacs-de-couchage\/sacs-de-couchage-fr\/brooks-sac-de-couchage\/","title":{"rendered":"Brooks &#8211; Sac de couchage"},"content":{"rendered":"<p><span lang=\"FR\">Joli sac de couchage confortable en microfibre douce et agr\u00e9able au toucher.<br \/>\nLe Brooks est assez grand et convient donc \u00e9galement aux personnes un peu plus grandes. Le rembourrage SLII en duvet garantit que vous restez bien au chaud lors d&#8217;une nuit fra\u00eeche.<\/span><\/p>\n<p><span lang=\"FR\">Dimensions : 210 x 80 cm<br \/>\nDimensions de l&#8217;emballage : 37 x \u00f8 21 cm<br \/>\nMat\u00e9riau ext\u00e9rieur : 100% 210 Tafetta Poly Punch<br \/>\nMat\u00e9riau \u00e0 l&#8217;int\u00e9rieur : 100% 230 Tafetta Poly Punch<br \/>\nDisponible dans la couleur : Taupe \/ Beige \/ Orange<br \/>\nRembourrage : SLII Fibre creuse 250 gr \/ m\u00b2<br \/>\nPoids : 1350 gr<\/span><\/p>\n<p><span lang=\"FR\">Plage de temp\u00e9rature : 20\/4\/0 \u00baC<\/span><\/p>\n","protected":false},"excerpt":{"rendered":"<p>Joli sac de couchage confortable en microfibre douce et agr\u00e9able au toucher. Le Brooks est assez grand et convient donc \u00e9galement aux personnes un peu&hellip;<\/p>\n","protected":false},"featured_media":12728,"comment_status":"open","ping_status":"closed","template":"","meta":{"_acf_changed":false},"product_brand":[],"product_cat":[272],"product_tag":[],"class_list":{"0":"post-12727","1":"product","2":"type-product","3":"status-publish","4":"has-post-thumbnail","6":"product_cat-sacs-de-couchage-fr","8":"first","9":"instock","10":"shipping-taxable","11":"product-type-simple"},"acf":[],"yoast_head":"<!-- This site is optimized with the Yoast SEO plugin v27.3 - https:\/\/yoast.com\/product\/yoast-seo-wordpress\/ -->\n<title>Brooks - Sac de couchage - Eurotrail | The way we camp!<\/title>\n<meta name=\"robots\" content=\"index, follow, max-snippet:-1, max-image-preview:large, max-video-preview:-1\" \/>\n<link rel=\"canonical\" href=\"https:\/\/eurotrail.info\/producten\/slaapzakken-matten\/slaapzakken\/brooks\/\" \/>\n<meta property=\"og:locale\" content=\"fr_FR\" \/>\n<meta property=\"og:type\" content=\"article\" \/>\n<meta property=\"og:title\" content=\"Brooks - Sac de couchage - Eurotrail | The way we camp!\" \/>\n<meta property=\"og:description\" content=\"Joli sac de couchage confortable en microfibre douce et agr\u00e9able au toucher. Le Brooks est assez grand et convient donc \u00e9galement aux personnes un peu&hellip;\" \/>\n<meta property=\"og:url\" content=\"https:\/\/eurotrail.info\/producten\/slaapzakken-matten\/slaapzakken\/brooks\/\" \/>\n<meta property=\"og:site_name\" content=\"Eurotrail | The way we camp!\" \/>\n<meta property=\"og:image\" content=\"https:\/\/eurotrail.info\/wp\/wp-content\/uploads\/2016\/03\/Eurotrail-slaapzak-Brooks.jpg\" \/>\n\t<meta property=\"og:image:width\" content=\"1772\" \/>\n\t<meta property=\"og:image:height\" content=\"834\" \/>\n\t<meta property=\"og:image:type\" content=\"image\/jpeg\" \/>\n<meta name=\"twitter:card\" content=\"summary_large_image\" \/>\n<script type=\"application\/ld+json\" class=\"yoast-schema-graph\">{\"@context\":\"https:\\\/\\\/schema.org\",\"@graph\":[{\"@type\":\"WebPage\",\"@id\":\"https:\\\/\\\/eurotrail.info\\\/producten\\\/slaapzakken-matten\\\/slaapzakken\\\/brooks\\\/\",\"url\":\"https:\\\/\\\/eurotrail.info\\\/producten\\\/slaapzakken-matten\\\/slaapzakken\\\/brooks\\\/\",\"name\":\"Brooks - Sac de couchage - Eurotrail | The way we camp!\",\"isPartOf\":{\"@id\":\"https:\\\/\\\/eurotrail.info\\\/#website\"},\"primaryImageOfPage\":{\"@id\":\"https:\\\/\\\/eurotrail.info\\\/producten\\\/slaapzakken-matten\\\/slaapzakken\\\/brooks\\\/#primaryimage\"},\"image\":{\"@id\":\"https:\\\/\\\/eurotrail.info\\\/producten\\\/slaapzakken-matten\\\/slaapzakken\\\/brooks\\\/#primaryimage\"},\"thumbnailUrl\":\"https:\\\/\\\/eurotrail.info\\\/wp\\\/wp-content\\\/uploads\\\/2016\\\/03\\\/Eurotrail-slaapzak-Brooks.jpg\",\"datePublished\":\"2016-03-04T13:06:38+00:00\",\"breadcrumb\":{\"@id\":\"https:\\\/\\\/eurotrail.info\\\/producten\\\/slaapzakken-matten\\\/slaapzakken\\\/brooks\\\/#breadcrumb\"},\"inLanguage\":\"fr-FR\",\"potentialAction\":[{\"@type\":\"ReadAction\",\"target\":[\"https:\\\/\\\/eurotrail.info\\\/producten\\\/slaapzakken-matten\\\/slaapzakken\\\/brooks\\\/\"]}]},{\"@type\":\"ImageObject\",\"inLanguage\":\"fr-FR\",\"@id\":\"https:\\\/\\\/eurotrail.info\\\/producten\\\/slaapzakken-matten\\\/slaapzakken\\\/brooks\\\/#primaryimage\",\"url\":\"https:\\\/\\\/eurotrail.info\\\/wp\\\/wp-content\\\/uploads\\\/2016\\\/03\\\/Eurotrail-slaapzak-Brooks.jpg\",\"contentUrl\":\"https:\\\/\\\/eurotrail.info\\\/wp\\\/wp-content\\\/uploads\\\/2016\\\/03\\\/Eurotrail-slaapzak-Brooks.jpg\",\"width\":1772,\"height\":834},{\"@type\":\"BreadcrumbList\",\"@id\":\"https:\\\/\\\/eurotrail.info\\\/producten\\\/slaapzakken-matten\\\/slaapzakken\\\/brooks\\\/#breadcrumb\",\"itemListElement\":[{\"@type\":\"ListItem\",\"position\":1,\"name\":\"Home\",\"item\":\"https:\\\/\\\/eurotrail.info\\\/fr\\\/\"},{\"@type\":\"ListItem\",\"position\":2,\"name\":\"Produits\",\"item\":\"https:\\\/\\\/eurotrail.info\\\/fr\\\/produits\\\/\"},{\"@type\":\"ListItem\",\"position\":3,\"name\":\"Brooks &#8211; Sac de couchage\"}]},{\"@type\":\"WebSite\",\"@id\":\"https:\\\/\\\/eurotrail.info\\\/#website\",\"url\":\"https:\\\/\\\/eurotrail.info\\\/\",\"name\":\"Eurotrail | The way we camp!\",\"description\":\"\",\"publisher\":{\"@id\":\"https:\\\/\\\/eurotrail.info\\\/#organization\"},\"potentialAction\":[{\"@type\":\"SearchAction\",\"target\":{\"@type\":\"EntryPoint\",\"urlTemplate\":\"https:\\\/\\\/eurotrail.info\\\/?s={search_term_string}\"},\"query-input\":{\"@type\":\"PropertyValueSpecification\",\"valueRequired\":true,\"valueName\":\"search_term_string\"}}],\"inLanguage\":\"fr-FR\"},{\"@type\":\"Organization\",\"@id\":\"https:\\\/\\\/eurotrail.info\\\/#organization\",\"name\":\"Eurotrail | The way we camp!\",\"url\":\"https:\\\/\\\/eurotrail.info\\\/\",\"logo\":{\"@type\":\"ImageObject\",\"inLanguage\":\"fr-FR\",\"@id\":\"https:\\\/\\\/eurotrail.info\\\/#\\\/schema\\\/logo\\\/image\\\/\",\"url\":\"https:\\\/\\\/eurotrail.info\\\/wp\\\/wp-content\\\/uploads\\\/2023\\\/07\\\/ET-logo-quote_NL-scaled.jpg\",\"contentUrl\":\"https:\\\/\\\/eurotrail.info\\\/wp\\\/wp-content\\\/uploads\\\/2023\\\/07\\\/ET-logo-quote_NL-scaled.jpg\",\"width\":2560,\"height\":675,\"caption\":\"Eurotrail | The way we camp!\"},\"image\":{\"@id\":\"https:\\\/\\\/eurotrail.info\\\/#\\\/schema\\\/logo\\\/image\\\/\"}}]}<\/script>\n<!-- \/ Yoast SEO plugin. -->","yoast_head_json":{"title":"Brooks - Sac de couchage - Eurotrail | The way we camp!","robots":{"index":"index","follow":"follow","max-snippet":"max-snippet:-1","max-image-preview":"max-image-preview:large","max-video-preview":"max-video-preview:-1"},"canonical":"https:\/\/eurotrail.info\/producten\/slaapzakken-matten\/slaapzakken\/brooks\/","og_locale":"fr_FR","og_type":"article","og_title":"Brooks - Sac de couchage - Eurotrail | The way we camp!","og_description":"Joli sac de couchage confortable en microfibre douce et agr\u00e9able au toucher. Le Brooks est assez grand et convient donc \u00e9galement aux personnes un peu&hellip;","og_url":"https:\/\/eurotrail.info\/producten\/slaapzakken-matten\/slaapzakken\/brooks\/","og_site_name":"Eurotrail | The way we camp!","og_image":[{"width":1772,"height":834,"url":"https:\/\/eurotrail.info\/wp\/wp-content\/uploads\/2016\/03\/Eurotrail-slaapzak-Brooks.jpg","type":"image\/jpeg"}],"twitter_card":"summary_large_image","schema":{"@context":"https:\/\/schema.org","@graph":[{"@type":"WebPage","@id":"https:\/\/eurotrail.info\/producten\/slaapzakken-matten\/slaapzakken\/brooks\/","url":"https:\/\/eurotrail.info\/producten\/slaapzakken-matten\/slaapzakken\/brooks\/","name":"Brooks - Sac de couchage - Eurotrail | The way we camp!","isPartOf":{"@id":"https:\/\/eurotrail.info\/#website"},"primaryImageOfPage":{"@id":"https:\/\/eurotrail.info\/producten\/slaapzakken-matten\/slaapzakken\/brooks\/#primaryimage"},"image":{"@id":"https:\/\/eurotrail.info\/producten\/slaapzakken-matten\/slaapzakken\/brooks\/#primaryimage"},"thumbnailUrl":"https:\/\/eurotrail.info\/wp\/wp-content\/uploads\/2016\/03\/Eurotrail-slaapzak-Brooks.jpg","datePublished":"2016-03-04T13:06:38+00:00","breadcrumb":{"@id":"https:\/\/eurotrail.info\/producten\/slaapzakken-matten\/slaapzakken\/brooks\/#breadcrumb"},"inLanguage":"fr-FR","potentialAction":[{"@type":"ReadAction","target":["https:\/\/eurotrail.info\/producten\/slaapzakken-matten\/slaapzakken\/brooks\/"]}]},{"@type":"ImageObject","inLanguage":"fr-FR","@id":"https:\/\/eurotrail.info\/producten\/slaapzakken-matten\/slaapzakken\/brooks\/#primaryimage","url":"https:\/\/eurotrail.info\/wp\/wp-content\/uploads\/2016\/03\/Eurotrail-slaapzak-Brooks.jpg","contentUrl":"https:\/\/eurotrail.info\/wp\/wp-content\/uploads\/2016\/03\/Eurotrail-slaapzak-Brooks.jpg","width":1772,"height":834},{"@type":"BreadcrumbList","@id":"https:\/\/eurotrail.info\/producten\/slaapzakken-matten\/slaapzakken\/brooks\/#breadcrumb","itemListElement":[{"@type":"ListItem","position":1,"name":"Home","item":"https:\/\/eurotrail.info\/fr\/"},{"@type":"ListItem","position":2,"name":"Produits","item":"https:\/\/eurotrail.info\/fr\/produits\/"},{"@type":"ListItem","position":3,"name":"Brooks &#8211; Sac de couchage"}]},{"@type":"WebSite","@id":"https:\/\/eurotrail.info\/#website","url":"https:\/\/eurotrail.info\/","name":"Eurotrail | The way we camp!","description":"","publisher":{"@id":"https:\/\/eurotrail.info\/#organization"},"potentialAction":[{"@type":"SearchAction","target":{"@type":"EntryPoint","urlTemplate":"https:\/\/eurotrail.info\/?s={search_term_string}"},"query-input":{"@type":"PropertyValueSpecification","valueRequired":true,"valueName":"search_term_string"}}],"inLanguage":"fr-FR"},{"@type":"Organization","@id":"https:\/\/eurotrail.info\/#organization","name":"Eurotrail | The way we camp!","url":"https:\/\/eurotrail.info\/","logo":{"@type":"ImageObject","inLanguage":"fr-FR","@id":"https:\/\/eurotrail.info\/#\/schema\/logo\/image\/","url":"https:\/\/eurotrail.info\/wp\/wp-content\/uploads\/2023\/07\/ET-logo-quote_NL-scaled.jpg","contentUrl":"https:\/\/eurotrail.info\/wp\/wp-content\/uploads\/2023\/07\/ET-logo-quote_NL-scaled.jpg","width":2560,"height":675,"caption":"Eurotrail | The way we camp!"},"image":{"@id":"https:\/\/eurotrail.info\/#\/schema\/logo\/image\/"}}]}},"_links":{"self":[{"href":"https:\/\/eurotrail.info\/fr\/wp-json\/wp\/v2\/product\/12727","targetHints":{"allow":["GET"]}}],"collection":[{"href":"https:\/\/eurotrail.info\/fr\/wp-json\/wp\/v2\/product"}],"about":[{"href":"https:\/\/eurotrail.info\/fr\/wp-json\/wp\/v2\/types\/product"}],"replies":[{"embeddable":true,"href":"https:\/\/eurotrail.info\/fr\/wp-json\/wp\/v2\/comments?post=12727"}],"wp:featuredmedia":[{"embeddable":true,"href":"https:\/\/eurotrail.info\/fr\/wp-json\/wp\/v2\/media\/12728"}],"wp:attachment":[{"href":"https:\/\/eurotrail.info\/fr\/wp-json\/wp\/v2\/media?parent=12727"}],"wp:term":[{"taxonomy":"product_brand","embeddable":true,"href":"https:\/\/eurotrail.info\/fr\/wp-json\/wp\/v2\/product_brand?post=12727"},{"taxonomy":"product_cat","embeddable":true,"href":"https:\/\/eurotrail.info\/fr\/wp-json\/wp\/v2\/product_cat?post=12727"},{"taxonomy":"product_tag","embeddable":true,"href":"https:\/\/eurotrail.info\/fr\/wp-json\/wp\/v2\/product_tag?post=12727"}],"curies":[{"name":"wp","href":"https:\/\/api.w.org\/{rel}","templated":true}]}}