{"id":12758,"date":"2018-01-09T15:50:18","date_gmt":"2018-01-09T14:50:18","guid":{"rendered":"https:\/\/eurotrail.info\/producten\/organisateur-derby-s-l\/"},"modified":"2018-01-09T15:50:18","modified_gmt":"2018-01-09T14:50:18","slug":"organisateur-derby-s-l","status":"publish","type":"product","link":"https:\/\/eurotrail.info\/fr\/producten\/accessoires-fr\/organisateurs\/organisateur-derby-s-l\/","title":{"rendered":"Organisateur Derby S\/L"},"content":{"rendered":"<p>Organisateur de tente spacieux avec de nombreux compartiments de rangement pratiques.<br \/>\nLe Derby peut \u00eatre attach\u00e9 de diff\u00e9rentes mani\u00e8res s\u2019utilis\u00e9 n&#8217;importe o\u00f9. Au moyen d&#8217;un bourrelet sur le rail de la caravane, sur le b\u00e2ton de tente avec fermeture velcro ou avec les \u0153illets de suspension.<\/p>\n<p>Le Derby S a une taille parfaite non seulement pour une utilisation dans l&#8217;auvent, mais peut \u00e9galement \u00eatre accroch\u00e9 dans la caravane \u00e0 cause de ses dimensions de 36 cm de large, par exemple sur la porte de douche.<\/p>\n<p>Disponible en 2 tailles :<br \/>\nDerby S : 36 x 75 cm. 8 poches plaqu\u00e9es de diff\u00e9rentes tailles<br \/>\nDerby L : 49 x 100 cm. 12 poches plaqu\u00e9es de diff\u00e9rentes tailles.<\/p>\n<p>Mat\u00e9riau : 100% polyester Oxford<br \/>\nCouleur : Anthracite \/ Vert citron<\/p>\n","protected":false},"excerpt":{"rendered":"<p>Organisateur de tente spacieux avec de nombreux compartiments de rangement pratiques. Le Derby peut \u00eatre attach\u00e9 de diff\u00e9rentes mani\u00e8res s\u2019utilis\u00e9 n&#8217;importe o\u00f9. Au moyen d&#8217;un&hellip;<\/p>\n","protected":false},"featured_media":12765,"comment_status":"open","ping_status":"closed","template":"","meta":{"_acf_changed":false},"product_brand":[],"product_cat":[229,230],"product_tag":[],"class_list":{"0":"post-12758","1":"product","2":"type-product","3":"status-publish","4":"has-post-thumbnail","6":"product_cat-accessoires-fr","7":"product_cat-organisateurs","9":"first","10":"instock","11":"shipping-taxable","12":"product-type-simple"},"acf":[],"yoast_head":"<!-- This site is optimized with the Yoast SEO plugin v27.4 - https:\/\/yoast.com\/product\/yoast-seo-wordpress\/ -->\n<title>Organisateur Derby S\/L - Eurotrail | The way we camp!<\/title>\n<meta name=\"robots\" content=\"index, follow, max-snippet:-1, max-image-preview:large, max-video-preview:-1\" \/>\n<link rel=\"canonical\" href=\"https:\/\/eurotrail.info\/fr\/producten\/accessoires-fr\/organisateurs\/organisateur-derby-s-l\/\" \/>\n<meta property=\"og:locale\" content=\"fr_FR\" \/>\n<meta property=\"og:type\" content=\"article\" \/>\n<meta property=\"og:title\" content=\"Organisateur Derby S\/L - Eurotrail | The way we camp!\" \/>\n<meta property=\"og:description\" content=\"Organisateur de tente spacieux avec de nombreux compartiments de rangement pratiques. Le Derby peut \u00eatre attach\u00e9 de diff\u00e9rentes mani\u00e8res s\u2019utilis\u00e9 n&#8217;importe o\u00f9. Au moyen d&#8217;un&hellip;\" \/>\n<meta property=\"og:url\" content=\"https:\/\/eurotrail.info\/fr\/producten\/accessoires-fr\/organisateurs\/organisateur-derby-s-l\/\" \/>\n<meta property=\"og:site_name\" content=\"Eurotrail | The way we camp!\" \/>\n<meta property=\"og:image\" content=\"https:\/\/eurotrail.info\/wp\/wp-content\/uploads\/2018\/01\/ETAC0296-Derby-set.jpg\" \/>\n\t<meta property=\"og:image:width\" content=\"867\" \/>\n\t<meta property=\"og:image:height\" content=\"1772\" \/>\n\t<meta property=\"og:image:type\" content=\"image\/jpeg\" \/>\n<meta name=\"twitter:card\" content=\"summary_large_image\" \/>\n<meta name=\"twitter:label1\" content=\"Dur\u00e9e de lecture estim\u00e9e\" \/>\n\t<meta name=\"twitter:data1\" content=\"1 minute\" \/>\n<script type=\"application\/ld+json\" class=\"yoast-schema-graph\">{\"@context\":\"https:\\\/\\\/schema.org\",\"@graph\":[{\"@type\":\"WebPage\",\"@id\":\"https:\\\/\\\/eurotrail.info\\\/fr\\\/producten\\\/accessoires-fr\\\/organisateurs\\\/organisateur-derby-s-l\\\/\",\"url\":\"https:\\\/\\\/eurotrail.info\\\/fr\\\/producten\\\/accessoires-fr\\\/organisateurs\\\/organisateur-derby-s-l\\\/\",\"name\":\"Organisateur Derby S\\\/L - Eurotrail | The way we camp!\",\"isPartOf\":{\"@id\":\"https:\\\/\\\/eurotrail.info\\\/#website\"},\"primaryImageOfPage\":{\"@id\":\"https:\\\/\\\/eurotrail.info\\\/fr\\\/producten\\\/accessoires-fr\\\/organisateurs\\\/organisateur-derby-s-l\\\/#primaryimage\"},\"image\":{\"@id\":\"https:\\\/\\\/eurotrail.info\\\/fr\\\/producten\\\/accessoires-fr\\\/organisateurs\\\/organisateur-derby-s-l\\\/#primaryimage\"},\"thumbnailUrl\":\"https:\\\/\\\/eurotrail.info\\\/wp\\\/wp-content\\\/uploads\\\/2018\\\/01\\\/ETAC0296-Derby-set.jpg\",\"datePublished\":\"2018-01-09T14:50:18+00:00\",\"breadcrumb\":{\"@id\":\"https:\\\/\\\/eurotrail.info\\\/fr\\\/producten\\\/accessoires-fr\\\/organisateurs\\\/organisateur-derby-s-l\\\/#breadcrumb\"},\"inLanguage\":\"fr-FR\",\"potentialAction\":[{\"@type\":\"ReadAction\",\"target\":[\"https:\\\/\\\/eurotrail.info\\\/fr\\\/producten\\\/accessoires-fr\\\/organisateurs\\\/organisateur-derby-s-l\\\/\"]}]},{\"@type\":\"ImageObject\",\"inLanguage\":\"fr-FR\",\"@id\":\"https:\\\/\\\/eurotrail.info\\\/fr\\\/producten\\\/accessoires-fr\\\/organisateurs\\\/organisateur-derby-s-l\\\/#primaryimage\",\"url\":\"https:\\\/\\\/eurotrail.info\\\/wp\\\/wp-content\\\/uploads\\\/2018\\\/01\\\/ETAC0296-Derby-set.jpg\",\"contentUrl\":\"https:\\\/\\\/eurotrail.info\\\/wp\\\/wp-content\\\/uploads\\\/2018\\\/01\\\/ETAC0296-Derby-set.jpg\",\"width\":867,\"height\":1772},{\"@type\":\"BreadcrumbList\",\"@id\":\"https:\\\/\\\/eurotrail.info\\\/fr\\\/producten\\\/accessoires-fr\\\/organisateurs\\\/organisateur-derby-s-l\\\/#breadcrumb\",\"itemListElement\":[{\"@type\":\"ListItem\",\"position\":1,\"name\":\"Home\",\"item\":\"https:\\\/\\\/eurotrail.info\\\/fr\\\/\"},{\"@type\":\"ListItem\",\"position\":2,\"name\":\"Produits\",\"item\":\"https:\\\/\\\/eurotrail.info\\\/fr\\\/produits\\\/\"},{\"@type\":\"ListItem\",\"position\":3,\"name\":\"Organisateur Derby S\\\/L\"}]},{\"@type\":\"WebSite\",\"@id\":\"https:\\\/\\\/eurotrail.info\\\/#website\",\"url\":\"https:\\\/\\\/eurotrail.info\\\/\",\"name\":\"Eurotrail | The way we camp!\",\"description\":\"\",\"publisher\":{\"@id\":\"https:\\\/\\\/eurotrail.info\\\/#organization\"},\"potentialAction\":[{\"@type\":\"SearchAction\",\"target\":{\"@type\":\"EntryPoint\",\"urlTemplate\":\"https:\\\/\\\/eurotrail.info\\\/?s={search_term_string}\"},\"query-input\":{\"@type\":\"PropertyValueSpecification\",\"valueRequired\":true,\"valueName\":\"search_term_string\"}}],\"inLanguage\":\"fr-FR\"},{\"@type\":\"Organization\",\"@id\":\"https:\\\/\\\/eurotrail.info\\\/#organization\",\"name\":\"Eurotrail | The way we camp!\",\"url\":\"https:\\\/\\\/eurotrail.info\\\/\",\"logo\":{\"@type\":\"ImageObject\",\"inLanguage\":\"fr-FR\",\"@id\":\"https:\\\/\\\/eurotrail.info\\\/#\\\/schema\\\/logo\\\/image\\\/\",\"url\":\"https:\\\/\\\/eurotrail.info\\\/wp\\\/wp-content\\\/uploads\\\/2023\\\/07\\\/ET-logo-quote_NL-scaled.jpg\",\"contentUrl\":\"https:\\\/\\\/eurotrail.info\\\/wp\\\/wp-content\\\/uploads\\\/2023\\\/07\\\/ET-logo-quote_NL-scaled.jpg\",\"width\":2560,\"height\":675,\"caption\":\"Eurotrail | The way we camp!\"},\"image\":{\"@id\":\"https:\\\/\\\/eurotrail.info\\\/#\\\/schema\\\/logo\\\/image\\\/\"}}]}<\/script>\n<!-- \/ Yoast SEO plugin. -->","yoast_head_json":{"title":"Organisateur Derby S\/L - Eurotrail | The way we camp!","robots":{"index":"index","follow":"follow","max-snippet":"max-snippet:-1","max-image-preview":"max-image-preview:large","max-video-preview":"max-video-preview:-1"},"canonical":"https:\/\/eurotrail.info\/fr\/producten\/accessoires-fr\/organisateurs\/organisateur-derby-s-l\/","og_locale":"fr_FR","og_type":"article","og_title":"Organisateur Derby S\/L - Eurotrail | The way we camp!","og_description":"Organisateur de tente spacieux avec de nombreux compartiments de rangement pratiques. Le Derby peut \u00eatre attach\u00e9 de diff\u00e9rentes mani\u00e8res s\u2019utilis\u00e9 n&#8217;importe o\u00f9. Au moyen d&#8217;un&hellip;","og_url":"https:\/\/eurotrail.info\/fr\/producten\/accessoires-fr\/organisateurs\/organisateur-derby-s-l\/","og_site_name":"Eurotrail | The way we camp!","og_image":[{"width":867,"height":1772,"url":"https:\/\/eurotrail.info\/wp\/wp-content\/uploads\/2018\/01\/ETAC0296-Derby-set.jpg","type":"image\/jpeg"}],"twitter_card":"summary_large_image","twitter_misc":{"Dur\u00e9e de lecture estim\u00e9e":"1 minute"},"schema":{"@context":"https:\/\/schema.org","@graph":[{"@type":"WebPage","@id":"https:\/\/eurotrail.info\/fr\/producten\/accessoires-fr\/organisateurs\/organisateur-derby-s-l\/","url":"https:\/\/eurotrail.info\/fr\/producten\/accessoires-fr\/organisateurs\/organisateur-derby-s-l\/","name":"Organisateur Derby S\/L - Eurotrail | The way we camp!","isPartOf":{"@id":"https:\/\/eurotrail.info\/#website"},"primaryImageOfPage":{"@id":"https:\/\/eurotrail.info\/fr\/producten\/accessoires-fr\/organisateurs\/organisateur-derby-s-l\/#primaryimage"},"image":{"@id":"https:\/\/eurotrail.info\/fr\/producten\/accessoires-fr\/organisateurs\/organisateur-derby-s-l\/#primaryimage"},"thumbnailUrl":"https:\/\/eurotrail.info\/wp\/wp-content\/uploads\/2018\/01\/ETAC0296-Derby-set.jpg","datePublished":"2018-01-09T14:50:18+00:00","breadcrumb":{"@id":"https:\/\/eurotrail.info\/fr\/producten\/accessoires-fr\/organisateurs\/organisateur-derby-s-l\/#breadcrumb"},"inLanguage":"fr-FR","potentialAction":[{"@type":"ReadAction","target":["https:\/\/eurotrail.info\/fr\/producten\/accessoires-fr\/organisateurs\/organisateur-derby-s-l\/"]}]},{"@type":"ImageObject","inLanguage":"fr-FR","@id":"https:\/\/eurotrail.info\/fr\/producten\/accessoires-fr\/organisateurs\/organisateur-derby-s-l\/#primaryimage","url":"https:\/\/eurotrail.info\/wp\/wp-content\/uploads\/2018\/01\/ETAC0296-Derby-set.jpg","contentUrl":"https:\/\/eurotrail.info\/wp\/wp-content\/uploads\/2018\/01\/ETAC0296-Derby-set.jpg","width":867,"height":1772},{"@type":"BreadcrumbList","@id":"https:\/\/eurotrail.info\/fr\/producten\/accessoires-fr\/organisateurs\/organisateur-derby-s-l\/#breadcrumb","itemListElement":[{"@type":"ListItem","position":1,"name":"Home","item":"https:\/\/eurotrail.info\/fr\/"},{"@type":"ListItem","position":2,"name":"Produits","item":"https:\/\/eurotrail.info\/fr\/produits\/"},{"@type":"ListItem","position":3,"name":"Organisateur Derby S\/L"}]},{"@type":"WebSite","@id":"https:\/\/eurotrail.info\/#website","url":"https:\/\/eurotrail.info\/","name":"Eurotrail | The way we camp!","description":"","publisher":{"@id":"https:\/\/eurotrail.info\/#organization"},"potentialAction":[{"@type":"SearchAction","target":{"@type":"EntryPoint","urlTemplate":"https:\/\/eurotrail.info\/?s={search_term_string}"},"query-input":{"@type":"PropertyValueSpecification","valueRequired":true,"valueName":"search_term_string"}}],"inLanguage":"fr-FR"},{"@type":"Organization","@id":"https:\/\/eurotrail.info\/#organization","name":"Eurotrail | The way we camp!","url":"https:\/\/eurotrail.info\/","logo":{"@type":"ImageObject","inLanguage":"fr-FR","@id":"https:\/\/eurotrail.info\/#\/schema\/logo\/image\/","url":"https:\/\/eurotrail.info\/wp\/wp-content\/uploads\/2023\/07\/ET-logo-quote_NL-scaled.jpg","contentUrl":"https:\/\/eurotrail.info\/wp\/wp-content\/uploads\/2023\/07\/ET-logo-quote_NL-scaled.jpg","width":2560,"height":675,"caption":"Eurotrail | The way we camp!"},"image":{"@id":"https:\/\/eurotrail.info\/#\/schema\/logo\/image\/"}}]}},"_links":{"self":[{"href":"https:\/\/eurotrail.info\/fr\/wp-json\/wp\/v2\/product\/12758","targetHints":{"allow":["GET"]}}],"collection":[{"href":"https:\/\/eurotrail.info\/fr\/wp-json\/wp\/v2\/product"}],"about":[{"href":"https:\/\/eurotrail.info\/fr\/wp-json\/wp\/v2\/types\/product"}],"replies":[{"embeddable":true,"href":"https:\/\/eurotrail.info\/fr\/wp-json\/wp\/v2\/comments?post=12758"}],"wp:featuredmedia":[{"embeddable":true,"href":"https:\/\/eurotrail.info\/fr\/wp-json\/wp\/v2\/media\/12765"}],"wp:attachment":[{"href":"https:\/\/eurotrail.info\/fr\/wp-json\/wp\/v2\/media?parent=12758"}],"wp:term":[{"taxonomy":"product_brand","embeddable":true,"href":"https:\/\/eurotrail.info\/fr\/wp-json\/wp\/v2\/product_brand?post=12758"},{"taxonomy":"product_cat","embeddable":true,"href":"https:\/\/eurotrail.info\/fr\/wp-json\/wp\/v2\/product_cat?post=12758"},{"taxonomy":"product_tag","embeddable":true,"href":"https:\/\/eurotrail.info\/fr\/wp-json\/wp\/v2\/product_tag?post=12758"}],"curies":[{"name":"wp","href":"https:\/\/api.w.org\/{rel}","templated":true}]}}