{"id":12800,"date":"2016-03-30T12:56:34","date_gmt":"2016-03-30T11:56:34","guid":{"rendered":"https:\/\/eurotrail.info\/producten\/etagere-suspendue-4\/"},"modified":"2016-03-30T12:56:34","modified_gmt":"2016-03-30T11:56:34","slug":"etagere-suspendue-4","status":"publish","type":"product","link":"https:\/\/eurotrail.info\/fr\/producten\/accessoires-fr\/armoires\/etagere-suspendue-4\/","title":{"rendered":"\u00c9tag\u00e8re suspendue 4"},"content":{"rendered":"<p>Armoire suspendue \u00e0 fixer au b\u00e2ton d&#8217;auvent.<br \/>\nCette armoire a 2 boucles sp\u00e9ciales avec des sangles sur le dessus pour une fixation \u00e0 un poteau de tente.<br \/>\n\u00c9quip\u00e9 de 4 \u00e9tag\u00e8res de rangement avec des portes en maille.<\/p>\n<p>Nombre d&#8217;\u00e9tag\u00e8res : 4<br \/>\nDimensions : 33 x 31 x 110 cm<br \/>\nMat\u00e9riau : Polyester 600D \/ PVC<br \/>\nCouleur : Anthracite \/ Noir<\/p>\n","protected":false},"excerpt":{"rendered":"<p>Armoire suspendue \u00e0 fixer au b\u00e2ton d&#8217;auvent. Cette armoire a 2 boucles sp\u00e9ciales avec des sangles sur le dessus pour une fixation \u00e0 un poteau&hellip;<\/p>\n","protected":false},"featured_media":9153,"comment_status":"open","ping_status":"closed","template":"","meta":{"_acf_changed":false},"product_brand":[],"product_cat":[232],"product_tag":[],"class_list":{"0":"post-12800","1":"product","2":"type-product","3":"status-publish","4":"has-post-thumbnail","6":"product_cat-armoires","8":"first","9":"instock","10":"shipping-taxable","11":"product-type-simple"},"acf":[],"yoast_head":"<!-- This site is optimized with the Yoast SEO plugin v27.3 - https:\/\/yoast.com\/product\/yoast-seo-wordpress\/ -->\n<title>\u00c9tag\u00e8re suspendue 4 - Eurotrail | The way we camp!<\/title>\n<meta name=\"robots\" content=\"index, follow, max-snippet:-1, max-image-preview:large, max-video-preview:-1\" \/>\n<link rel=\"canonical\" href=\"https:\/\/eurotrail.info\/producten\/accessoires\/hangkasten\/hangkast-4\/\" \/>\n<meta property=\"og:locale\" content=\"fr_FR\" \/>\n<meta property=\"og:type\" content=\"article\" \/>\n<meta property=\"og:title\" content=\"\u00c9tag\u00e8re suspendue 4 - Eurotrail | The way we camp!\" \/>\n<meta property=\"og:description\" content=\"Armoire suspendue \u00e0 fixer au b\u00e2ton d&#8217;auvent. Cette armoire a 2 boucles sp\u00e9ciales avec des sangles sur le dessus pour une fixation \u00e0 un poteau&hellip;\" \/>\n<meta property=\"og:url\" content=\"https:\/\/eurotrail.info\/producten\/accessoires\/hangkasten\/hangkast-4\/\" \/>\n<meta property=\"og:site_name\" content=\"Eurotrail | The way we camp!\" \/>\n<meta property=\"og:image\" content=\"https:\/\/eurotrail.info\/wp\/wp-content\/uploads\/2016\/03\/ETAC0241-hangkastje-2b.jpg\" \/>\n\t<meta property=\"og:image:width\" content=\"1274\" \/>\n\t<meta property=\"og:image:height\" content=\"3031\" \/>\n\t<meta property=\"og:image:type\" content=\"image\/jpeg\" \/>\n<meta name=\"twitter:card\" content=\"summary_large_image\" \/>\n<script type=\"application\/ld+json\" class=\"yoast-schema-graph\">{\"@context\":\"https:\\\/\\\/schema.org\",\"@graph\":[{\"@type\":\"WebPage\",\"@id\":\"https:\\\/\\\/eurotrail.info\\\/producten\\\/accessoires\\\/hangkasten\\\/hangkast-4\\\/\",\"url\":\"https:\\\/\\\/eurotrail.info\\\/producten\\\/accessoires\\\/hangkasten\\\/hangkast-4\\\/\",\"name\":\"\u00c9tag\u00e8re suspendue 4 - Eurotrail | The way we camp!\",\"isPartOf\":{\"@id\":\"https:\\\/\\\/eurotrail.info\\\/#website\"},\"primaryImageOfPage\":{\"@id\":\"https:\\\/\\\/eurotrail.info\\\/producten\\\/accessoires\\\/hangkasten\\\/hangkast-4\\\/#primaryimage\"},\"image\":{\"@id\":\"https:\\\/\\\/eurotrail.info\\\/producten\\\/accessoires\\\/hangkasten\\\/hangkast-4\\\/#primaryimage\"},\"thumbnailUrl\":\"https:\\\/\\\/eurotrail.info\\\/wp\\\/wp-content\\\/uploads\\\/2016\\\/03\\\/ETAC0241-hangkastje-2b.jpg\",\"datePublished\":\"2016-03-30T11:56:34+00:00\",\"breadcrumb\":{\"@id\":\"https:\\\/\\\/eurotrail.info\\\/producten\\\/accessoires\\\/hangkasten\\\/hangkast-4\\\/#breadcrumb\"},\"inLanguage\":\"fr-FR\",\"potentialAction\":[{\"@type\":\"ReadAction\",\"target\":[\"https:\\\/\\\/eurotrail.info\\\/producten\\\/accessoires\\\/hangkasten\\\/hangkast-4\\\/\"]}]},{\"@type\":\"ImageObject\",\"inLanguage\":\"fr-FR\",\"@id\":\"https:\\\/\\\/eurotrail.info\\\/producten\\\/accessoires\\\/hangkasten\\\/hangkast-4\\\/#primaryimage\",\"url\":\"https:\\\/\\\/eurotrail.info\\\/wp\\\/wp-content\\\/uploads\\\/2016\\\/03\\\/ETAC0241-hangkastje-2b.jpg\",\"contentUrl\":\"https:\\\/\\\/eurotrail.info\\\/wp\\\/wp-content\\\/uploads\\\/2016\\\/03\\\/ETAC0241-hangkastje-2b.jpg\",\"width\":1274,\"height\":3031},{\"@type\":\"BreadcrumbList\",\"@id\":\"https:\\\/\\\/eurotrail.info\\\/producten\\\/accessoires\\\/hangkasten\\\/hangkast-4\\\/#breadcrumb\",\"itemListElement\":[{\"@type\":\"ListItem\",\"position\":1,\"name\":\"Home\",\"item\":\"https:\\\/\\\/eurotrail.info\\\/fr\\\/\"},{\"@type\":\"ListItem\",\"position\":2,\"name\":\"Produits\",\"item\":\"https:\\\/\\\/eurotrail.info\\\/fr\\\/produits\\\/\"},{\"@type\":\"ListItem\",\"position\":3,\"name\":\"\u00c9tag\u00e8re suspendue 4\"}]},{\"@type\":\"WebSite\",\"@id\":\"https:\\\/\\\/eurotrail.info\\\/#website\",\"url\":\"https:\\\/\\\/eurotrail.info\\\/\",\"name\":\"Eurotrail | The way we camp!\",\"description\":\"\",\"publisher\":{\"@id\":\"https:\\\/\\\/eurotrail.info\\\/#organization\"},\"potentialAction\":[{\"@type\":\"SearchAction\",\"target\":{\"@type\":\"EntryPoint\",\"urlTemplate\":\"https:\\\/\\\/eurotrail.info\\\/?s={search_term_string}\"},\"query-input\":{\"@type\":\"PropertyValueSpecification\",\"valueRequired\":true,\"valueName\":\"search_term_string\"}}],\"inLanguage\":\"fr-FR\"},{\"@type\":\"Organization\",\"@id\":\"https:\\\/\\\/eurotrail.info\\\/#organization\",\"name\":\"Eurotrail | The way we camp!\",\"url\":\"https:\\\/\\\/eurotrail.info\\\/\",\"logo\":{\"@type\":\"ImageObject\",\"inLanguage\":\"fr-FR\",\"@id\":\"https:\\\/\\\/eurotrail.info\\\/#\\\/schema\\\/logo\\\/image\\\/\",\"url\":\"https:\\\/\\\/eurotrail.info\\\/wp\\\/wp-content\\\/uploads\\\/2023\\\/07\\\/ET-logo-quote_NL-scaled.jpg\",\"contentUrl\":\"https:\\\/\\\/eurotrail.info\\\/wp\\\/wp-content\\\/uploads\\\/2023\\\/07\\\/ET-logo-quote_NL-scaled.jpg\",\"width\":2560,\"height\":675,\"caption\":\"Eurotrail | The way we camp!\"},\"image\":{\"@id\":\"https:\\\/\\\/eurotrail.info\\\/#\\\/schema\\\/logo\\\/image\\\/\"}}]}<\/script>\n<!-- \/ Yoast SEO plugin. -->","yoast_head_json":{"title":"\u00c9tag\u00e8re suspendue 4 - Eurotrail | The way we camp!","robots":{"index":"index","follow":"follow","max-snippet":"max-snippet:-1","max-image-preview":"max-image-preview:large","max-video-preview":"max-video-preview:-1"},"canonical":"https:\/\/eurotrail.info\/producten\/accessoires\/hangkasten\/hangkast-4\/","og_locale":"fr_FR","og_type":"article","og_title":"\u00c9tag\u00e8re suspendue 4 - Eurotrail | The way we camp!","og_description":"Armoire suspendue \u00e0 fixer au b\u00e2ton d&#8217;auvent. Cette armoire a 2 boucles sp\u00e9ciales avec des sangles sur le dessus pour une fixation \u00e0 un poteau&hellip;","og_url":"https:\/\/eurotrail.info\/producten\/accessoires\/hangkasten\/hangkast-4\/","og_site_name":"Eurotrail | The way we camp!","og_image":[{"width":1274,"height":3031,"url":"https:\/\/eurotrail.info\/wp\/wp-content\/uploads\/2016\/03\/ETAC0241-hangkastje-2b.jpg","type":"image\/jpeg"}],"twitter_card":"summary_large_image","schema":{"@context":"https:\/\/schema.org","@graph":[{"@type":"WebPage","@id":"https:\/\/eurotrail.info\/producten\/accessoires\/hangkasten\/hangkast-4\/","url":"https:\/\/eurotrail.info\/producten\/accessoires\/hangkasten\/hangkast-4\/","name":"\u00c9tag\u00e8re suspendue 4 - Eurotrail | The way we camp!","isPartOf":{"@id":"https:\/\/eurotrail.info\/#website"},"primaryImageOfPage":{"@id":"https:\/\/eurotrail.info\/producten\/accessoires\/hangkasten\/hangkast-4\/#primaryimage"},"image":{"@id":"https:\/\/eurotrail.info\/producten\/accessoires\/hangkasten\/hangkast-4\/#primaryimage"},"thumbnailUrl":"https:\/\/eurotrail.info\/wp\/wp-content\/uploads\/2016\/03\/ETAC0241-hangkastje-2b.jpg","datePublished":"2016-03-30T11:56:34+00:00","breadcrumb":{"@id":"https:\/\/eurotrail.info\/producten\/accessoires\/hangkasten\/hangkast-4\/#breadcrumb"},"inLanguage":"fr-FR","potentialAction":[{"@type":"ReadAction","target":["https:\/\/eurotrail.info\/producten\/accessoires\/hangkasten\/hangkast-4\/"]}]},{"@type":"ImageObject","inLanguage":"fr-FR","@id":"https:\/\/eurotrail.info\/producten\/accessoires\/hangkasten\/hangkast-4\/#primaryimage","url":"https:\/\/eurotrail.info\/wp\/wp-content\/uploads\/2016\/03\/ETAC0241-hangkastje-2b.jpg","contentUrl":"https:\/\/eurotrail.info\/wp\/wp-content\/uploads\/2016\/03\/ETAC0241-hangkastje-2b.jpg","width":1274,"height":3031},{"@type":"BreadcrumbList","@id":"https:\/\/eurotrail.info\/producten\/accessoires\/hangkasten\/hangkast-4\/#breadcrumb","itemListElement":[{"@type":"ListItem","position":1,"name":"Home","item":"https:\/\/eurotrail.info\/fr\/"},{"@type":"ListItem","position":2,"name":"Produits","item":"https:\/\/eurotrail.info\/fr\/produits\/"},{"@type":"ListItem","position":3,"name":"\u00c9tag\u00e8re suspendue 4"}]},{"@type":"WebSite","@id":"https:\/\/eurotrail.info\/#website","url":"https:\/\/eurotrail.info\/","name":"Eurotrail | The way we camp!","description":"","publisher":{"@id":"https:\/\/eurotrail.info\/#organization"},"potentialAction":[{"@type":"SearchAction","target":{"@type":"EntryPoint","urlTemplate":"https:\/\/eurotrail.info\/?s={search_term_string}"},"query-input":{"@type":"PropertyValueSpecification","valueRequired":true,"valueName":"search_term_string"}}],"inLanguage":"fr-FR"},{"@type":"Organization","@id":"https:\/\/eurotrail.info\/#organization","name":"Eurotrail | The way we camp!","url":"https:\/\/eurotrail.info\/","logo":{"@type":"ImageObject","inLanguage":"fr-FR","@id":"https:\/\/eurotrail.info\/#\/schema\/logo\/image\/","url":"https:\/\/eurotrail.info\/wp\/wp-content\/uploads\/2023\/07\/ET-logo-quote_NL-scaled.jpg","contentUrl":"https:\/\/eurotrail.info\/wp\/wp-content\/uploads\/2023\/07\/ET-logo-quote_NL-scaled.jpg","width":2560,"height":675,"caption":"Eurotrail | The way we camp!"},"image":{"@id":"https:\/\/eurotrail.info\/#\/schema\/logo\/image\/"}}]}},"_links":{"self":[{"href":"https:\/\/eurotrail.info\/fr\/wp-json\/wp\/v2\/product\/12800","targetHints":{"allow":["GET"]}}],"collection":[{"href":"https:\/\/eurotrail.info\/fr\/wp-json\/wp\/v2\/product"}],"about":[{"href":"https:\/\/eurotrail.info\/fr\/wp-json\/wp\/v2\/types\/product"}],"replies":[{"embeddable":true,"href":"https:\/\/eurotrail.info\/fr\/wp-json\/wp\/v2\/comments?post=12800"}],"wp:featuredmedia":[{"embeddable":true,"href":"https:\/\/eurotrail.info\/fr\/wp-json\/wp\/v2\/media\/9153"}],"wp:attachment":[{"href":"https:\/\/eurotrail.info\/fr\/wp-json\/wp\/v2\/media?parent=12800"}],"wp:term":[{"taxonomy":"product_brand","embeddable":true,"href":"https:\/\/eurotrail.info\/fr\/wp-json\/wp\/v2\/product_brand?post=12800"},{"taxonomy":"product_cat","embeddable":true,"href":"https:\/\/eurotrail.info\/fr\/wp-json\/wp\/v2\/product_cat?post=12800"},{"taxonomy":"product_tag","embeddable":true,"href":"https:\/\/eurotrail.info\/fr\/wp-json\/wp\/v2\/product_tag?post=12800"}],"curies":[{"name":"wp","href":"https:\/\/api.w.org\/{rel}","templated":true}]}}