{"id":12807,"date":"2017-02-16T14:43:48","date_gmt":"2017-02-16T13:43:48","guid":{"rendered":"https:\/\/eurotrail.info\/producten\/housse-pour-rechaud-a-gaz\/"},"modified":"2017-02-16T14:43:48","modified_gmt":"2017-02-16T13:43:48","slug":"housse-pour-rechaud-a-gaz","status":"publish","type":"product","link":"https:\/\/eurotrail.info\/fr\/producten\/accessoires-fr\/sacs-de-rangemen\/housse-pour-rechaud-a-gaz\/","title":{"rendered":"Housse pour r\u00e9chaud \u00e0 gaz"},"content":{"rendered":"<p>Eurotrail a la housse parfaite pour vous permettre de transporter votre confort \u00e0 2 ou 3 br\u00fbleurs \u00e0 gaz. Robuste et \u00e9quip\u00e9 d&#8217;une sangle de transport pour que vous soyez enti\u00e8rement \u00e9quip\u00e9.<\/p>\n<p>Taille<br \/>\n2 br\u00fbleurs: 50 x 33 x 12 cm<br \/>\n3 br\u00fbleurs: 60x33x12cm<\/p>\n<p>Mat\u00e9riel: 100% polyester<br \/>\nCouleur noir<\/p>\n","protected":false},"excerpt":{"rendered":"<p>Eurotrail a la housse parfaite pour vous permettre de transporter votre confort \u00e0 2 ou 3 br\u00fbleurs \u00e0 gaz. Robuste et \u00e9quip\u00e9 d&#8217;une sangle de&hellip;<\/p>\n","protected":false},"featured_media":12808,"comment_status":"open","ping_status":"closed","template":"","meta":{"_acf_changed":false},"product_brand":[],"product_cat":[231],"product_tag":[],"class_list":{"0":"post-12807","1":"product","2":"type-product","3":"status-publish","4":"has-post-thumbnail","6":"product_cat-sacs-de-rangemen","8":"first","9":"instock","10":"shipping-taxable","11":"product-type-simple"},"acf":[],"yoast_head":"<!-- This site is optimized with the Yoast SEO plugin v27.4 - https:\/\/yoast.com\/product\/yoast-seo-wordpress\/ -->\n<title>Housse pour r\u00e9chaud \u00e0 gaz - Eurotrail | The way we camp!<\/title>\n<meta name=\"robots\" content=\"index, follow, max-snippet:-1, max-image-preview:large, max-video-preview:-1\" \/>\n<link rel=\"canonical\" href=\"https:\/\/eurotrail.info\/fr\/producten\/accessoires-fr\/sacs-de-rangemen\/housse-pour-rechaud-a-gaz\/\" \/>\n<meta property=\"og:locale\" content=\"fr_FR\" \/>\n<meta property=\"og:type\" content=\"article\" \/>\n<meta property=\"og:title\" content=\"Housse pour r\u00e9chaud \u00e0 gaz - Eurotrail | The way we camp!\" \/>\n<meta property=\"og:description\" content=\"Eurotrail a la housse parfaite pour vous permettre de transporter votre confort \u00e0 2 ou 3 br\u00fbleurs \u00e0 gaz. Robuste et \u00e9quip\u00e9 d&#8217;une sangle de&hellip;\" \/>\n<meta property=\"og:url\" content=\"https:\/\/eurotrail.info\/fr\/producten\/accessoires-fr\/sacs-de-rangemen\/housse-pour-rechaud-a-gaz\/\" \/>\n<meta property=\"og:site_name\" content=\"Eurotrail | The way we camp!\" \/>\n<meta property=\"og:image\" content=\"https:\/\/eurotrail.info\/wp\/wp-content\/uploads\/2017\/02\/ETAC0171-Gas-cooker-bag.jpg\" \/>\n\t<meta property=\"og:image:width\" content=\"768\" \/>\n\t<meta property=\"og:image:height\" content=\"533\" \/>\n\t<meta property=\"og:image:type\" content=\"image\/jpeg\" \/>\n<meta name=\"twitter:card\" content=\"summary_large_image\" \/>\n<script type=\"application\/ld+json\" class=\"yoast-schema-graph\">{\"@context\":\"https:\\\/\\\/schema.org\",\"@graph\":[{\"@type\":\"WebPage\",\"@id\":\"https:\\\/\\\/eurotrail.info\\\/fr\\\/producten\\\/accessoires-fr\\\/sacs-de-rangemen\\\/housse-pour-rechaud-a-gaz\\\/\",\"url\":\"https:\\\/\\\/eurotrail.info\\\/fr\\\/producten\\\/accessoires-fr\\\/sacs-de-rangemen\\\/housse-pour-rechaud-a-gaz\\\/\",\"name\":\"Housse pour r\u00e9chaud \u00e0 gaz - Eurotrail | The way we camp!\",\"isPartOf\":{\"@id\":\"https:\\\/\\\/eurotrail.info\\\/#website\"},\"primaryImageOfPage\":{\"@id\":\"https:\\\/\\\/eurotrail.info\\\/fr\\\/producten\\\/accessoires-fr\\\/sacs-de-rangemen\\\/housse-pour-rechaud-a-gaz\\\/#primaryimage\"},\"image\":{\"@id\":\"https:\\\/\\\/eurotrail.info\\\/fr\\\/producten\\\/accessoires-fr\\\/sacs-de-rangemen\\\/housse-pour-rechaud-a-gaz\\\/#primaryimage\"},\"thumbnailUrl\":\"https:\\\/\\\/eurotrail.info\\\/wp\\\/wp-content\\\/uploads\\\/2017\\\/02\\\/ETAC0171-Gas-cooker-bag.jpg\",\"datePublished\":\"2017-02-16T13:43:48+00:00\",\"breadcrumb\":{\"@id\":\"https:\\\/\\\/eurotrail.info\\\/fr\\\/producten\\\/accessoires-fr\\\/sacs-de-rangemen\\\/housse-pour-rechaud-a-gaz\\\/#breadcrumb\"},\"inLanguage\":\"fr-FR\",\"potentialAction\":[{\"@type\":\"ReadAction\",\"target\":[\"https:\\\/\\\/eurotrail.info\\\/fr\\\/producten\\\/accessoires-fr\\\/sacs-de-rangemen\\\/housse-pour-rechaud-a-gaz\\\/\"]}]},{\"@type\":\"ImageObject\",\"inLanguage\":\"fr-FR\",\"@id\":\"https:\\\/\\\/eurotrail.info\\\/fr\\\/producten\\\/accessoires-fr\\\/sacs-de-rangemen\\\/housse-pour-rechaud-a-gaz\\\/#primaryimage\",\"url\":\"https:\\\/\\\/eurotrail.info\\\/wp\\\/wp-content\\\/uploads\\\/2017\\\/02\\\/ETAC0171-Gas-cooker-bag.jpg\",\"contentUrl\":\"https:\\\/\\\/eurotrail.info\\\/wp\\\/wp-content\\\/uploads\\\/2017\\\/02\\\/ETAC0171-Gas-cooker-bag.jpg\",\"width\":768,\"height\":533},{\"@type\":\"BreadcrumbList\",\"@id\":\"https:\\\/\\\/eurotrail.info\\\/fr\\\/producten\\\/accessoires-fr\\\/sacs-de-rangemen\\\/housse-pour-rechaud-a-gaz\\\/#breadcrumb\",\"itemListElement\":[{\"@type\":\"ListItem\",\"position\":1,\"name\":\"Home\",\"item\":\"https:\\\/\\\/eurotrail.info\\\/fr\\\/\"},{\"@type\":\"ListItem\",\"position\":2,\"name\":\"Produits\",\"item\":\"https:\\\/\\\/eurotrail.info\\\/fr\\\/produits\\\/\"},{\"@type\":\"ListItem\",\"position\":3,\"name\":\"Housse pour r\u00e9chaud \u00e0 gaz\"}]},{\"@type\":\"WebSite\",\"@id\":\"https:\\\/\\\/eurotrail.info\\\/#website\",\"url\":\"https:\\\/\\\/eurotrail.info\\\/\",\"name\":\"Eurotrail | The way we camp!\",\"description\":\"\",\"publisher\":{\"@id\":\"https:\\\/\\\/eurotrail.info\\\/#organization\"},\"potentialAction\":[{\"@type\":\"SearchAction\",\"target\":{\"@type\":\"EntryPoint\",\"urlTemplate\":\"https:\\\/\\\/eurotrail.info\\\/?s={search_term_string}\"},\"query-input\":{\"@type\":\"PropertyValueSpecification\",\"valueRequired\":true,\"valueName\":\"search_term_string\"}}],\"inLanguage\":\"fr-FR\"},{\"@type\":\"Organization\",\"@id\":\"https:\\\/\\\/eurotrail.info\\\/#organization\",\"name\":\"Eurotrail | The way we camp!\",\"url\":\"https:\\\/\\\/eurotrail.info\\\/\",\"logo\":{\"@type\":\"ImageObject\",\"inLanguage\":\"fr-FR\",\"@id\":\"https:\\\/\\\/eurotrail.info\\\/#\\\/schema\\\/logo\\\/image\\\/\",\"url\":\"https:\\\/\\\/eurotrail.info\\\/wp\\\/wp-content\\\/uploads\\\/2023\\\/07\\\/ET-logo-quote_NL-scaled.jpg\",\"contentUrl\":\"https:\\\/\\\/eurotrail.info\\\/wp\\\/wp-content\\\/uploads\\\/2023\\\/07\\\/ET-logo-quote_NL-scaled.jpg\",\"width\":2560,\"height\":675,\"caption\":\"Eurotrail | The way we camp!\"},\"image\":{\"@id\":\"https:\\\/\\\/eurotrail.info\\\/#\\\/schema\\\/logo\\\/image\\\/\"}}]}<\/script>\n<!-- \/ Yoast SEO plugin. -->","yoast_head_json":{"title":"Housse pour r\u00e9chaud \u00e0 gaz - Eurotrail | The way we camp!","robots":{"index":"index","follow":"follow","max-snippet":"max-snippet:-1","max-image-preview":"max-image-preview:large","max-video-preview":"max-video-preview:-1"},"canonical":"https:\/\/eurotrail.info\/fr\/producten\/accessoires-fr\/sacs-de-rangemen\/housse-pour-rechaud-a-gaz\/","og_locale":"fr_FR","og_type":"article","og_title":"Housse pour r\u00e9chaud \u00e0 gaz - Eurotrail | The way we camp!","og_description":"Eurotrail a la housse parfaite pour vous permettre de transporter votre confort \u00e0 2 ou 3 br\u00fbleurs \u00e0 gaz. Robuste et \u00e9quip\u00e9 d&#8217;une sangle de&hellip;","og_url":"https:\/\/eurotrail.info\/fr\/producten\/accessoires-fr\/sacs-de-rangemen\/housse-pour-rechaud-a-gaz\/","og_site_name":"Eurotrail | The way we camp!","og_image":[{"width":768,"height":533,"url":"https:\/\/eurotrail.info\/wp\/wp-content\/uploads\/2017\/02\/ETAC0171-Gas-cooker-bag.jpg","type":"image\/jpeg"}],"twitter_card":"summary_large_image","schema":{"@context":"https:\/\/schema.org","@graph":[{"@type":"WebPage","@id":"https:\/\/eurotrail.info\/fr\/producten\/accessoires-fr\/sacs-de-rangemen\/housse-pour-rechaud-a-gaz\/","url":"https:\/\/eurotrail.info\/fr\/producten\/accessoires-fr\/sacs-de-rangemen\/housse-pour-rechaud-a-gaz\/","name":"Housse pour r\u00e9chaud \u00e0 gaz - Eurotrail | The way we camp!","isPartOf":{"@id":"https:\/\/eurotrail.info\/#website"},"primaryImageOfPage":{"@id":"https:\/\/eurotrail.info\/fr\/producten\/accessoires-fr\/sacs-de-rangemen\/housse-pour-rechaud-a-gaz\/#primaryimage"},"image":{"@id":"https:\/\/eurotrail.info\/fr\/producten\/accessoires-fr\/sacs-de-rangemen\/housse-pour-rechaud-a-gaz\/#primaryimage"},"thumbnailUrl":"https:\/\/eurotrail.info\/wp\/wp-content\/uploads\/2017\/02\/ETAC0171-Gas-cooker-bag.jpg","datePublished":"2017-02-16T13:43:48+00:00","breadcrumb":{"@id":"https:\/\/eurotrail.info\/fr\/producten\/accessoires-fr\/sacs-de-rangemen\/housse-pour-rechaud-a-gaz\/#breadcrumb"},"inLanguage":"fr-FR","potentialAction":[{"@type":"ReadAction","target":["https:\/\/eurotrail.info\/fr\/producten\/accessoires-fr\/sacs-de-rangemen\/housse-pour-rechaud-a-gaz\/"]}]},{"@type":"ImageObject","inLanguage":"fr-FR","@id":"https:\/\/eurotrail.info\/fr\/producten\/accessoires-fr\/sacs-de-rangemen\/housse-pour-rechaud-a-gaz\/#primaryimage","url":"https:\/\/eurotrail.info\/wp\/wp-content\/uploads\/2017\/02\/ETAC0171-Gas-cooker-bag.jpg","contentUrl":"https:\/\/eurotrail.info\/wp\/wp-content\/uploads\/2017\/02\/ETAC0171-Gas-cooker-bag.jpg","width":768,"height":533},{"@type":"BreadcrumbList","@id":"https:\/\/eurotrail.info\/fr\/producten\/accessoires-fr\/sacs-de-rangemen\/housse-pour-rechaud-a-gaz\/#breadcrumb","itemListElement":[{"@type":"ListItem","position":1,"name":"Home","item":"https:\/\/eurotrail.info\/fr\/"},{"@type":"ListItem","position":2,"name":"Produits","item":"https:\/\/eurotrail.info\/fr\/produits\/"},{"@type":"ListItem","position":3,"name":"Housse pour r\u00e9chaud \u00e0 gaz"}]},{"@type":"WebSite","@id":"https:\/\/eurotrail.info\/#website","url":"https:\/\/eurotrail.info\/","name":"Eurotrail | The way we camp!","description":"","publisher":{"@id":"https:\/\/eurotrail.info\/#organization"},"potentialAction":[{"@type":"SearchAction","target":{"@type":"EntryPoint","urlTemplate":"https:\/\/eurotrail.info\/?s={search_term_string}"},"query-input":{"@type":"PropertyValueSpecification","valueRequired":true,"valueName":"search_term_string"}}],"inLanguage":"fr-FR"},{"@type":"Organization","@id":"https:\/\/eurotrail.info\/#organization","name":"Eurotrail | The way we camp!","url":"https:\/\/eurotrail.info\/","logo":{"@type":"ImageObject","inLanguage":"fr-FR","@id":"https:\/\/eurotrail.info\/#\/schema\/logo\/image\/","url":"https:\/\/eurotrail.info\/wp\/wp-content\/uploads\/2023\/07\/ET-logo-quote_NL-scaled.jpg","contentUrl":"https:\/\/eurotrail.info\/wp\/wp-content\/uploads\/2023\/07\/ET-logo-quote_NL-scaled.jpg","width":2560,"height":675,"caption":"Eurotrail | The way we camp!"},"image":{"@id":"https:\/\/eurotrail.info\/#\/schema\/logo\/image\/"}}]}},"_links":{"self":[{"href":"https:\/\/eurotrail.info\/fr\/wp-json\/wp\/v2\/product\/12807","targetHints":{"allow":["GET"]}}],"collection":[{"href":"https:\/\/eurotrail.info\/fr\/wp-json\/wp\/v2\/product"}],"about":[{"href":"https:\/\/eurotrail.info\/fr\/wp-json\/wp\/v2\/types\/product"}],"replies":[{"embeddable":true,"href":"https:\/\/eurotrail.info\/fr\/wp-json\/wp\/v2\/comments?post=12807"}],"wp:featuredmedia":[{"embeddable":true,"href":"https:\/\/eurotrail.info\/fr\/wp-json\/wp\/v2\/media\/12808"}],"wp:attachment":[{"href":"https:\/\/eurotrail.info\/fr\/wp-json\/wp\/v2\/media?parent=12807"}],"wp:term":[{"taxonomy":"product_brand","embeddable":true,"href":"https:\/\/eurotrail.info\/fr\/wp-json\/wp\/v2\/product_brand?post=12807"},{"taxonomy":"product_cat","embeddable":true,"href":"https:\/\/eurotrail.info\/fr\/wp-json\/wp\/v2\/product_cat?post=12807"},{"taxonomy":"product_tag","embeddable":true,"href":"https:\/\/eurotrail.info\/fr\/wp-json\/wp\/v2\/product_tag?post=12807"}],"curies":[{"name":"wp","href":"https:\/\/api.w.org\/{rel}","templated":true}]}}