{"id":12823,"date":"2016-03-30T14:53:28","date_gmt":"2016-03-30T13:53:28","guid":{"rendered":"https:\/\/eurotrail.info\/producten\/sac-de-tente-large\/"},"modified":"2016-03-30T14:53:28","modified_gmt":"2016-03-30T13:53:28","slug":"sac-de-tente-large","status":"publish","type":"product","link":"https:\/\/eurotrail.info\/fr\/producten\/accessoires-fr\/sacs-de-rangemen\/sac-de-tente-large\/","title":{"rendered":"Sac de tente &#8211; Large"},"content":{"rendered":"<p>Sac de rangement robuste pour la tente.<br \/>\nGrand sac de rangement en polyester 600D robuste et r\u00e9sistant \u00e0 l&#8217;abrasion avec un rev\u00eatement en PVC.<br \/>\nLe sac a 2 boucles de transport matelass\u00e9es, avec une fermeture \u00e0 glissi\u00e8re robuste et convient \u00e0 votre tente de camping (lourde), mais aussi \u00e0 divers autres articles tels que le mat\u00e9riel de plong\u00e9e !<\/p>\n<p>Aussi disponible en : 110 x 31 x 34 cm (ETAC0191)<\/p>\n<p>Dimensions : 120 x 45 x 40 cm<br \/>\nMat\u00e9riau : 100% polyester<br \/>\nCouleur : noir<\/p>\n","protected":false},"excerpt":{"rendered":"<p>Sac de rangement robuste pour la tente. Grand sac de rangement en polyester 600D robuste et r\u00e9sistant \u00e0 l&#8217;abrasion avec un rev\u00eatement en PVC. Le&hellip;<\/p>\n","protected":false},"featured_media":12822,"comment_status":"open","ping_status":"closed","template":"","meta":{"_acf_changed":false},"product_brand":[],"product_cat":[231],"product_tag":[],"class_list":{"0":"post-12823","1":"product","2":"type-product","3":"status-publish","4":"has-post-thumbnail","6":"product_cat-sacs-de-rangemen","8":"first","9":"instock","10":"shipping-taxable","11":"product-type-simple"},"acf":[],"yoast_head":"<!-- This site is optimized with the Yoast SEO plugin v27.3 - https:\/\/yoast.com\/product\/yoast-seo-wordpress\/ -->\n<title>Sac de tente - Large - Eurotrail | The way we camp!<\/title>\n<meta name=\"robots\" content=\"index, follow, max-snippet:-1, max-image-preview:large, max-video-preview:-1\" \/>\n<link rel=\"canonical\" href=\"https:\/\/eurotrail.info\/fr\/producten\/accessoires-fr\/sacs-de-rangemen\/sac-de-tente-large\/\" \/>\n<meta property=\"og:locale\" content=\"fr_FR\" \/>\n<meta property=\"og:type\" content=\"article\" \/>\n<meta property=\"og:title\" content=\"Sac de tente - Large - Eurotrail | The way we camp!\" \/>\n<meta property=\"og:description\" content=\"Sac de rangement robuste pour la tente. Grand sac de rangement en polyester 600D robuste et r\u00e9sistant \u00e0 l&#8217;abrasion avec un rev\u00eatement en PVC. Le&hellip;\" \/>\n<meta property=\"og:url\" content=\"https:\/\/eurotrail.info\/fr\/producten\/accessoires-fr\/sacs-de-rangemen\/sac-de-tente-large\/\" \/>\n<meta property=\"og:site_name\" content=\"Eurotrail | The way we camp!\" \/>\n<meta property=\"og:image\" content=\"https:\/\/eurotrail.info\/wp\/wp-content\/uploads\/2016\/03\/ETAC0186-Tentbag-open-1.jpg\" \/>\n\t<meta property=\"og:image:width\" content=\"1181\" \/>\n\t<meta property=\"og:image:height\" content=\"670\" \/>\n\t<meta property=\"og:image:type\" content=\"image\/jpeg\" \/>\n<meta name=\"twitter:card\" content=\"summary_large_image\" \/>\n<script type=\"application\/ld+json\" class=\"yoast-schema-graph\">{\"@context\":\"https:\\\/\\\/schema.org\",\"@graph\":[{\"@type\":\"WebPage\",\"@id\":\"https:\\\/\\\/eurotrail.info\\\/fr\\\/producten\\\/accessoires-fr\\\/sacs-de-rangemen\\\/sac-de-tente-large\\\/\",\"url\":\"https:\\\/\\\/eurotrail.info\\\/fr\\\/producten\\\/accessoires-fr\\\/sacs-de-rangemen\\\/sac-de-tente-large\\\/\",\"name\":\"Sac de tente - Large - Eurotrail | The way we camp!\",\"isPartOf\":{\"@id\":\"https:\\\/\\\/eurotrail.info\\\/#website\"},\"primaryImageOfPage\":{\"@id\":\"https:\\\/\\\/eurotrail.info\\\/fr\\\/producten\\\/accessoires-fr\\\/sacs-de-rangemen\\\/sac-de-tente-large\\\/#primaryimage\"},\"image\":{\"@id\":\"https:\\\/\\\/eurotrail.info\\\/fr\\\/producten\\\/accessoires-fr\\\/sacs-de-rangemen\\\/sac-de-tente-large\\\/#primaryimage\"},\"thumbnailUrl\":\"https:\\\/\\\/eurotrail.info\\\/wp\\\/wp-content\\\/uploads\\\/2016\\\/03\\\/ETAC0186-Tentbag-open-1.jpg\",\"datePublished\":\"2016-03-30T13:53:28+00:00\",\"breadcrumb\":{\"@id\":\"https:\\\/\\\/eurotrail.info\\\/fr\\\/producten\\\/accessoires-fr\\\/sacs-de-rangemen\\\/sac-de-tente-large\\\/#breadcrumb\"},\"inLanguage\":\"fr-FR\",\"potentialAction\":[{\"@type\":\"ReadAction\",\"target\":[\"https:\\\/\\\/eurotrail.info\\\/fr\\\/producten\\\/accessoires-fr\\\/sacs-de-rangemen\\\/sac-de-tente-large\\\/\"]}]},{\"@type\":\"ImageObject\",\"inLanguage\":\"fr-FR\",\"@id\":\"https:\\\/\\\/eurotrail.info\\\/fr\\\/producten\\\/accessoires-fr\\\/sacs-de-rangemen\\\/sac-de-tente-large\\\/#primaryimage\",\"url\":\"https:\\\/\\\/eurotrail.info\\\/wp\\\/wp-content\\\/uploads\\\/2016\\\/03\\\/ETAC0186-Tentbag-open-1.jpg\",\"contentUrl\":\"https:\\\/\\\/eurotrail.info\\\/wp\\\/wp-content\\\/uploads\\\/2016\\\/03\\\/ETAC0186-Tentbag-open-1.jpg\",\"width\":1181,\"height\":670},{\"@type\":\"BreadcrumbList\",\"@id\":\"https:\\\/\\\/eurotrail.info\\\/fr\\\/producten\\\/accessoires-fr\\\/sacs-de-rangemen\\\/sac-de-tente-large\\\/#breadcrumb\",\"itemListElement\":[{\"@type\":\"ListItem\",\"position\":1,\"name\":\"Home\",\"item\":\"https:\\\/\\\/eurotrail.info\\\/fr\\\/\"},{\"@type\":\"ListItem\",\"position\":2,\"name\":\"Produits\",\"item\":\"https:\\\/\\\/eurotrail.info\\\/fr\\\/produits\\\/\"},{\"@type\":\"ListItem\",\"position\":3,\"name\":\"Sac de tente &#8211; Large\"}]},{\"@type\":\"WebSite\",\"@id\":\"https:\\\/\\\/eurotrail.info\\\/#website\",\"url\":\"https:\\\/\\\/eurotrail.info\\\/\",\"name\":\"Eurotrail | The way we camp!\",\"description\":\"\",\"publisher\":{\"@id\":\"https:\\\/\\\/eurotrail.info\\\/#organization\"},\"potentialAction\":[{\"@type\":\"SearchAction\",\"target\":{\"@type\":\"EntryPoint\",\"urlTemplate\":\"https:\\\/\\\/eurotrail.info\\\/?s={search_term_string}\"},\"query-input\":{\"@type\":\"PropertyValueSpecification\",\"valueRequired\":true,\"valueName\":\"search_term_string\"}}],\"inLanguage\":\"fr-FR\"},{\"@type\":\"Organization\",\"@id\":\"https:\\\/\\\/eurotrail.info\\\/#organization\",\"name\":\"Eurotrail | The way we camp!\",\"url\":\"https:\\\/\\\/eurotrail.info\\\/\",\"logo\":{\"@type\":\"ImageObject\",\"inLanguage\":\"fr-FR\",\"@id\":\"https:\\\/\\\/eurotrail.info\\\/#\\\/schema\\\/logo\\\/image\\\/\",\"url\":\"https:\\\/\\\/eurotrail.info\\\/wp\\\/wp-content\\\/uploads\\\/2023\\\/07\\\/ET-logo-quote_NL-scaled.jpg\",\"contentUrl\":\"https:\\\/\\\/eurotrail.info\\\/wp\\\/wp-content\\\/uploads\\\/2023\\\/07\\\/ET-logo-quote_NL-scaled.jpg\",\"width\":2560,\"height\":675,\"caption\":\"Eurotrail | The way we camp!\"},\"image\":{\"@id\":\"https:\\\/\\\/eurotrail.info\\\/#\\\/schema\\\/logo\\\/image\\\/\"}}]}<\/script>\n<!-- \/ Yoast SEO plugin. -->","yoast_head_json":{"title":"Sac de tente - Large - Eurotrail | The way we camp!","robots":{"index":"index","follow":"follow","max-snippet":"max-snippet:-1","max-image-preview":"max-image-preview:large","max-video-preview":"max-video-preview:-1"},"canonical":"https:\/\/eurotrail.info\/fr\/producten\/accessoires-fr\/sacs-de-rangemen\/sac-de-tente-large\/","og_locale":"fr_FR","og_type":"article","og_title":"Sac de tente - Large - Eurotrail | The way we camp!","og_description":"Sac de rangement robuste pour la tente. Grand sac de rangement en polyester 600D robuste et r\u00e9sistant \u00e0 l&#8217;abrasion avec un rev\u00eatement en PVC. Le&hellip;","og_url":"https:\/\/eurotrail.info\/fr\/producten\/accessoires-fr\/sacs-de-rangemen\/sac-de-tente-large\/","og_site_name":"Eurotrail | The way we camp!","og_image":[{"width":1181,"height":670,"url":"https:\/\/eurotrail.info\/wp\/wp-content\/uploads\/2016\/03\/ETAC0186-Tentbag-open-1.jpg","type":"image\/jpeg"}],"twitter_card":"summary_large_image","schema":{"@context":"https:\/\/schema.org","@graph":[{"@type":"WebPage","@id":"https:\/\/eurotrail.info\/fr\/producten\/accessoires-fr\/sacs-de-rangemen\/sac-de-tente-large\/","url":"https:\/\/eurotrail.info\/fr\/producten\/accessoires-fr\/sacs-de-rangemen\/sac-de-tente-large\/","name":"Sac de tente - Large - Eurotrail | The way we camp!","isPartOf":{"@id":"https:\/\/eurotrail.info\/#website"},"primaryImageOfPage":{"@id":"https:\/\/eurotrail.info\/fr\/producten\/accessoires-fr\/sacs-de-rangemen\/sac-de-tente-large\/#primaryimage"},"image":{"@id":"https:\/\/eurotrail.info\/fr\/producten\/accessoires-fr\/sacs-de-rangemen\/sac-de-tente-large\/#primaryimage"},"thumbnailUrl":"https:\/\/eurotrail.info\/wp\/wp-content\/uploads\/2016\/03\/ETAC0186-Tentbag-open-1.jpg","datePublished":"2016-03-30T13:53:28+00:00","breadcrumb":{"@id":"https:\/\/eurotrail.info\/fr\/producten\/accessoires-fr\/sacs-de-rangemen\/sac-de-tente-large\/#breadcrumb"},"inLanguage":"fr-FR","potentialAction":[{"@type":"ReadAction","target":["https:\/\/eurotrail.info\/fr\/producten\/accessoires-fr\/sacs-de-rangemen\/sac-de-tente-large\/"]}]},{"@type":"ImageObject","inLanguage":"fr-FR","@id":"https:\/\/eurotrail.info\/fr\/producten\/accessoires-fr\/sacs-de-rangemen\/sac-de-tente-large\/#primaryimage","url":"https:\/\/eurotrail.info\/wp\/wp-content\/uploads\/2016\/03\/ETAC0186-Tentbag-open-1.jpg","contentUrl":"https:\/\/eurotrail.info\/wp\/wp-content\/uploads\/2016\/03\/ETAC0186-Tentbag-open-1.jpg","width":1181,"height":670},{"@type":"BreadcrumbList","@id":"https:\/\/eurotrail.info\/fr\/producten\/accessoires-fr\/sacs-de-rangemen\/sac-de-tente-large\/#breadcrumb","itemListElement":[{"@type":"ListItem","position":1,"name":"Home","item":"https:\/\/eurotrail.info\/fr\/"},{"@type":"ListItem","position":2,"name":"Produits","item":"https:\/\/eurotrail.info\/fr\/produits\/"},{"@type":"ListItem","position":3,"name":"Sac de tente &#8211; Large"}]},{"@type":"WebSite","@id":"https:\/\/eurotrail.info\/#website","url":"https:\/\/eurotrail.info\/","name":"Eurotrail | The way we camp!","description":"","publisher":{"@id":"https:\/\/eurotrail.info\/#organization"},"potentialAction":[{"@type":"SearchAction","target":{"@type":"EntryPoint","urlTemplate":"https:\/\/eurotrail.info\/?s={search_term_string}"},"query-input":{"@type":"PropertyValueSpecification","valueRequired":true,"valueName":"search_term_string"}}],"inLanguage":"fr-FR"},{"@type":"Organization","@id":"https:\/\/eurotrail.info\/#organization","name":"Eurotrail | The way we camp!","url":"https:\/\/eurotrail.info\/","logo":{"@type":"ImageObject","inLanguage":"fr-FR","@id":"https:\/\/eurotrail.info\/#\/schema\/logo\/image\/","url":"https:\/\/eurotrail.info\/wp\/wp-content\/uploads\/2023\/07\/ET-logo-quote_NL-scaled.jpg","contentUrl":"https:\/\/eurotrail.info\/wp\/wp-content\/uploads\/2023\/07\/ET-logo-quote_NL-scaled.jpg","width":2560,"height":675,"caption":"Eurotrail | The way we camp!"},"image":{"@id":"https:\/\/eurotrail.info\/#\/schema\/logo\/image\/"}}]}},"_links":{"self":[{"href":"https:\/\/eurotrail.info\/fr\/wp-json\/wp\/v2\/product\/12823","targetHints":{"allow":["GET"]}}],"collection":[{"href":"https:\/\/eurotrail.info\/fr\/wp-json\/wp\/v2\/product"}],"about":[{"href":"https:\/\/eurotrail.info\/fr\/wp-json\/wp\/v2\/types\/product"}],"replies":[{"embeddable":true,"href":"https:\/\/eurotrail.info\/fr\/wp-json\/wp\/v2\/comments?post=12823"}],"wp:featuredmedia":[{"embeddable":true,"href":"https:\/\/eurotrail.info\/fr\/wp-json\/wp\/v2\/media\/12822"}],"wp:attachment":[{"href":"https:\/\/eurotrail.info\/fr\/wp-json\/wp\/v2\/media?parent=12823"}],"wp:term":[{"taxonomy":"product_brand","embeddable":true,"href":"https:\/\/eurotrail.info\/fr\/wp-json\/wp\/v2\/product_brand?post=12823"},{"taxonomy":"product_cat","embeddable":true,"href":"https:\/\/eurotrail.info\/fr\/wp-json\/wp\/v2\/product_cat?post=12823"},{"taxonomy":"product_tag","embeddable":true,"href":"https:\/\/eurotrail.info\/fr\/wp-json\/wp\/v2\/product_tag?post=12823"}],"curies":[{"name":"wp","href":"https:\/\/api.w.org\/{rel}","templated":true}]}}