{"id":12824,"date":"2017-02-16T14:36:59","date_gmt":"2017-02-16T13:36:59","guid":{"rendered":"https:\/\/eurotrail.info\/producten\/housse-pour-matelas\/"},"modified":"2026-02-04T15:22:43","modified_gmt":"2026-02-04T14:22:43","slug":"housse-pour-matelas","status":"publish","type":"product","link":"https:\/\/eurotrail.info\/fr\/producten\/accessoires-fr\/sacs-de-rangemen\/housse-pour-matelas\/","title":{"rendered":"Sac de rangement universel pour c\u00e2bles"},"content":{"rendered":"<p>Ce sac de rangement pratique est id\u00e9al pour ranger et transporter proprement divers articles de camping tels que des c\u00e2bles d&#8217;alimentation, un matelas gonflable, des rallonges \u00e9lectriques, des piquets de camping ou autres accessoires. Gr\u00e2ce \u00e0 sa taille compacte, il se glisse facilement dans un camping-car, une caravane ou un coffre.<\/p>\n<p>Fabriqu\u00e9 en polyester r\u00e9sistant, ce sac est con\u00e7u pour une utilisation intensive lors de vos voyages et s\u00e9jours en camping. Ses poign\u00e9es de transport int\u00e9gr\u00e9es assurent un transport confortable et une manipulation ais\u00e9e.<\/p>\n<p>D\u00e9tails\u00a0:<\/p>\n<p>Convient aux c\u00e2bles d&#8217;alimentation, matelas gonflables et accessoires de camping<br \/>\nDesign compact et peu encombrant<br \/>\nFabriqu\u00e9 en polyester r\u00e9sistant<br \/>\n\u00c9quip\u00e9 de poign\u00e9es de transport robustes<br \/>\nId\u00e9al pour le camping, les camping-cars et les caravanes<\/p>\n<p>Sp\u00e9cifications\u00a0:<br \/>\nMati\u00e8re\u00a0: 100\u00a0% polyester<br \/>\nDimensions\u00a0: 38 \u00d7 41 \u00d7 8\u00a0cm<br \/>\nPoids\u00a0: 290\u00a0grammes<\/p>\n","protected":false},"excerpt":{"rendered":"<p>Ce sac de rangement pratique est id\u00e9al pour ranger et transporter proprement divers articles de camping tels que des c\u00e2bles d&#8217;alimentation, un matelas gonflable, des&hellip;<\/p>\n","protected":false},"featured_media":22468,"comment_status":"open","ping_status":"closed","template":"","meta":{"_acf_changed":false},"product_brand":[],"product_cat":[231],"product_tag":[],"class_list":{"0":"post-12824","1":"product","2":"type-product","3":"status-publish","4":"has-post-thumbnail","6":"product_cat-sacs-de-rangemen","8":"first","9":"instock","10":"shipping-taxable","11":"product-type-simple"},"acf":[],"yoast_head":"<!-- This site is optimized with the Yoast SEO plugin v27.4 - https:\/\/yoast.com\/product\/yoast-seo-wordpress\/ -->\n<title>Sac de rangement universel pour c\u00e2bles - Eurotrail | The way we camp!<\/title>\n<meta name=\"robots\" content=\"index, follow, max-snippet:-1, max-image-preview:large, max-video-preview:-1\" \/>\n<link rel=\"canonical\" href=\"https:\/\/eurotrail.info\/fr\/producten\/accessoires-fr\/sacs-de-rangemen\/housse-pour-matelas\/\" \/>\n<meta property=\"og:locale\" content=\"fr_FR\" \/>\n<meta property=\"og:type\" content=\"article\" \/>\n<meta property=\"og:title\" content=\"Sac de rangement universel pour c\u00e2bles - Eurotrail | The way we camp!\" \/>\n<meta property=\"og:description\" content=\"Ce sac de rangement pratique est id\u00e9al pour ranger et transporter proprement divers articles de camping tels que des c\u00e2bles d&#8217;alimentation, un matelas gonflable, des&hellip;\" \/>\n<meta property=\"og:url\" content=\"https:\/\/eurotrail.info\/fr\/producten\/accessoires-fr\/sacs-de-rangemen\/housse-pour-matelas\/\" \/>\n<meta property=\"og:site_name\" content=\"Eurotrail | The way we camp!\" \/>\n<meta property=\"article:modified_time\" content=\"2026-02-04T14:22:43+00:00\" \/>\n<meta property=\"og:image\" content=\"https:\/\/eurotrail.info\/wp\/wp-content\/uploads\/2018\/01\/ETAC0257_0001_3.jpg\" \/>\n\t<meta property=\"og:image:width\" content=\"1858\" \/>\n\t<meta property=\"og:image:height\" content=\"1476\" \/>\n\t<meta property=\"og:image:type\" content=\"image\/jpeg\" \/>\n<meta name=\"twitter:card\" content=\"summary_large_image\" \/>\n<meta name=\"twitter:label1\" content=\"Dur\u00e9e de lecture estim\u00e9e\" \/>\n\t<meta name=\"twitter:data1\" content=\"1 minute\" \/>\n<script type=\"application\/ld+json\" class=\"yoast-schema-graph\">{\"@context\":\"https:\\\/\\\/schema.org\",\"@graph\":[{\"@type\":\"WebPage\",\"@id\":\"https:\\\/\\\/eurotrail.info\\\/fr\\\/producten\\\/accessoires-fr\\\/sacs-de-rangemen\\\/housse-pour-matelas\\\/\",\"url\":\"https:\\\/\\\/eurotrail.info\\\/fr\\\/producten\\\/accessoires-fr\\\/sacs-de-rangemen\\\/housse-pour-matelas\\\/\",\"name\":\"Sac de rangement universel pour c\u00e2bles - Eurotrail | The way we camp!\",\"isPartOf\":{\"@id\":\"https:\\\/\\\/eurotrail.info\\\/#website\"},\"primaryImageOfPage\":{\"@id\":\"https:\\\/\\\/eurotrail.info\\\/fr\\\/producten\\\/accessoires-fr\\\/sacs-de-rangemen\\\/housse-pour-matelas\\\/#primaryimage\"},\"image\":{\"@id\":\"https:\\\/\\\/eurotrail.info\\\/fr\\\/producten\\\/accessoires-fr\\\/sacs-de-rangemen\\\/housse-pour-matelas\\\/#primaryimage\"},\"thumbnailUrl\":\"https:\\\/\\\/eurotrail.info\\\/wp\\\/wp-content\\\/uploads\\\/2018\\\/01\\\/ETAC0257_0001_3.jpg\",\"datePublished\":\"2017-02-16T13:36:59+00:00\",\"dateModified\":\"2026-02-04T14:22:43+00:00\",\"breadcrumb\":{\"@id\":\"https:\\\/\\\/eurotrail.info\\\/fr\\\/producten\\\/accessoires-fr\\\/sacs-de-rangemen\\\/housse-pour-matelas\\\/#breadcrumb\"},\"inLanguage\":\"fr-FR\",\"potentialAction\":[{\"@type\":\"ReadAction\",\"target\":[\"https:\\\/\\\/eurotrail.info\\\/fr\\\/producten\\\/accessoires-fr\\\/sacs-de-rangemen\\\/housse-pour-matelas\\\/\"]}]},{\"@type\":\"ImageObject\",\"inLanguage\":\"fr-FR\",\"@id\":\"https:\\\/\\\/eurotrail.info\\\/fr\\\/producten\\\/accessoires-fr\\\/sacs-de-rangemen\\\/housse-pour-matelas\\\/#primaryimage\",\"url\":\"https:\\\/\\\/eurotrail.info\\\/wp\\\/wp-content\\\/uploads\\\/2018\\\/01\\\/ETAC0257_0001_3.jpg\",\"contentUrl\":\"https:\\\/\\\/eurotrail.info\\\/wp\\\/wp-content\\\/uploads\\\/2018\\\/01\\\/ETAC0257_0001_3.jpg\",\"width\":1858,\"height\":1476},{\"@type\":\"BreadcrumbList\",\"@id\":\"https:\\\/\\\/eurotrail.info\\\/fr\\\/producten\\\/accessoires-fr\\\/sacs-de-rangemen\\\/housse-pour-matelas\\\/#breadcrumb\",\"itemListElement\":[{\"@type\":\"ListItem\",\"position\":1,\"name\":\"Home\",\"item\":\"https:\\\/\\\/eurotrail.info\\\/fr\\\/\"},{\"@type\":\"ListItem\",\"position\":2,\"name\":\"Produits\",\"item\":\"https:\\\/\\\/eurotrail.info\\\/fr\\\/produits\\\/\"},{\"@type\":\"ListItem\",\"position\":3,\"name\":\"Sac de rangement universel pour c\u00e2bles\"}]},{\"@type\":\"WebSite\",\"@id\":\"https:\\\/\\\/eurotrail.info\\\/#website\",\"url\":\"https:\\\/\\\/eurotrail.info\\\/\",\"name\":\"Eurotrail | The way we camp!\",\"description\":\"\",\"publisher\":{\"@id\":\"https:\\\/\\\/eurotrail.info\\\/#organization\"},\"potentialAction\":[{\"@type\":\"SearchAction\",\"target\":{\"@type\":\"EntryPoint\",\"urlTemplate\":\"https:\\\/\\\/eurotrail.info\\\/?s={search_term_string}\"},\"query-input\":{\"@type\":\"PropertyValueSpecification\",\"valueRequired\":true,\"valueName\":\"search_term_string\"}}],\"inLanguage\":\"fr-FR\"},{\"@type\":\"Organization\",\"@id\":\"https:\\\/\\\/eurotrail.info\\\/#organization\",\"name\":\"Eurotrail | The way we camp!\",\"url\":\"https:\\\/\\\/eurotrail.info\\\/\",\"logo\":{\"@type\":\"ImageObject\",\"inLanguage\":\"fr-FR\",\"@id\":\"https:\\\/\\\/eurotrail.info\\\/#\\\/schema\\\/logo\\\/image\\\/\",\"url\":\"https:\\\/\\\/eurotrail.info\\\/wp\\\/wp-content\\\/uploads\\\/2023\\\/07\\\/ET-logo-quote_NL-scaled.jpg\",\"contentUrl\":\"https:\\\/\\\/eurotrail.info\\\/wp\\\/wp-content\\\/uploads\\\/2023\\\/07\\\/ET-logo-quote_NL-scaled.jpg\",\"width\":2560,\"height\":675,\"caption\":\"Eurotrail | The way we camp!\"},\"image\":{\"@id\":\"https:\\\/\\\/eurotrail.info\\\/#\\\/schema\\\/logo\\\/image\\\/\"}}]}<\/script>\n<!-- \/ Yoast SEO plugin. -->","yoast_head_json":{"title":"Sac de rangement universel pour c\u00e2bles - Eurotrail | The way we camp!","robots":{"index":"index","follow":"follow","max-snippet":"max-snippet:-1","max-image-preview":"max-image-preview:large","max-video-preview":"max-video-preview:-1"},"canonical":"https:\/\/eurotrail.info\/fr\/producten\/accessoires-fr\/sacs-de-rangemen\/housse-pour-matelas\/","og_locale":"fr_FR","og_type":"article","og_title":"Sac de rangement universel pour c\u00e2bles - Eurotrail | The way we camp!","og_description":"Ce sac de rangement pratique est id\u00e9al pour ranger et transporter proprement divers articles de camping tels que des c\u00e2bles d&#8217;alimentation, un matelas gonflable, des&hellip;","og_url":"https:\/\/eurotrail.info\/fr\/producten\/accessoires-fr\/sacs-de-rangemen\/housse-pour-matelas\/","og_site_name":"Eurotrail | The way we camp!","article_modified_time":"2026-02-04T14:22:43+00:00","og_image":[{"width":1858,"height":1476,"url":"https:\/\/eurotrail.info\/wp\/wp-content\/uploads\/2018\/01\/ETAC0257_0001_3.jpg","type":"image\/jpeg"}],"twitter_card":"summary_large_image","twitter_misc":{"Dur\u00e9e de lecture estim\u00e9e":"1 minute"},"schema":{"@context":"https:\/\/schema.org","@graph":[{"@type":"WebPage","@id":"https:\/\/eurotrail.info\/fr\/producten\/accessoires-fr\/sacs-de-rangemen\/housse-pour-matelas\/","url":"https:\/\/eurotrail.info\/fr\/producten\/accessoires-fr\/sacs-de-rangemen\/housse-pour-matelas\/","name":"Sac de rangement universel pour c\u00e2bles - Eurotrail | The way we camp!","isPartOf":{"@id":"https:\/\/eurotrail.info\/#website"},"primaryImageOfPage":{"@id":"https:\/\/eurotrail.info\/fr\/producten\/accessoires-fr\/sacs-de-rangemen\/housse-pour-matelas\/#primaryimage"},"image":{"@id":"https:\/\/eurotrail.info\/fr\/producten\/accessoires-fr\/sacs-de-rangemen\/housse-pour-matelas\/#primaryimage"},"thumbnailUrl":"https:\/\/eurotrail.info\/wp\/wp-content\/uploads\/2018\/01\/ETAC0257_0001_3.jpg","datePublished":"2017-02-16T13:36:59+00:00","dateModified":"2026-02-04T14:22:43+00:00","breadcrumb":{"@id":"https:\/\/eurotrail.info\/fr\/producten\/accessoires-fr\/sacs-de-rangemen\/housse-pour-matelas\/#breadcrumb"},"inLanguage":"fr-FR","potentialAction":[{"@type":"ReadAction","target":["https:\/\/eurotrail.info\/fr\/producten\/accessoires-fr\/sacs-de-rangemen\/housse-pour-matelas\/"]}]},{"@type":"ImageObject","inLanguage":"fr-FR","@id":"https:\/\/eurotrail.info\/fr\/producten\/accessoires-fr\/sacs-de-rangemen\/housse-pour-matelas\/#primaryimage","url":"https:\/\/eurotrail.info\/wp\/wp-content\/uploads\/2018\/01\/ETAC0257_0001_3.jpg","contentUrl":"https:\/\/eurotrail.info\/wp\/wp-content\/uploads\/2018\/01\/ETAC0257_0001_3.jpg","width":1858,"height":1476},{"@type":"BreadcrumbList","@id":"https:\/\/eurotrail.info\/fr\/producten\/accessoires-fr\/sacs-de-rangemen\/housse-pour-matelas\/#breadcrumb","itemListElement":[{"@type":"ListItem","position":1,"name":"Home","item":"https:\/\/eurotrail.info\/fr\/"},{"@type":"ListItem","position":2,"name":"Produits","item":"https:\/\/eurotrail.info\/fr\/produits\/"},{"@type":"ListItem","position":3,"name":"Sac de rangement universel pour c\u00e2bles"}]},{"@type":"WebSite","@id":"https:\/\/eurotrail.info\/#website","url":"https:\/\/eurotrail.info\/","name":"Eurotrail | The way we camp!","description":"","publisher":{"@id":"https:\/\/eurotrail.info\/#organization"},"potentialAction":[{"@type":"SearchAction","target":{"@type":"EntryPoint","urlTemplate":"https:\/\/eurotrail.info\/?s={search_term_string}"},"query-input":{"@type":"PropertyValueSpecification","valueRequired":true,"valueName":"search_term_string"}}],"inLanguage":"fr-FR"},{"@type":"Organization","@id":"https:\/\/eurotrail.info\/#organization","name":"Eurotrail | The way we camp!","url":"https:\/\/eurotrail.info\/","logo":{"@type":"ImageObject","inLanguage":"fr-FR","@id":"https:\/\/eurotrail.info\/#\/schema\/logo\/image\/","url":"https:\/\/eurotrail.info\/wp\/wp-content\/uploads\/2023\/07\/ET-logo-quote_NL-scaled.jpg","contentUrl":"https:\/\/eurotrail.info\/wp\/wp-content\/uploads\/2023\/07\/ET-logo-quote_NL-scaled.jpg","width":2560,"height":675,"caption":"Eurotrail | The way we camp!"},"image":{"@id":"https:\/\/eurotrail.info\/#\/schema\/logo\/image\/"}}]}},"_links":{"self":[{"href":"https:\/\/eurotrail.info\/fr\/wp-json\/wp\/v2\/product\/12824","targetHints":{"allow":["GET"]}}],"collection":[{"href":"https:\/\/eurotrail.info\/fr\/wp-json\/wp\/v2\/product"}],"about":[{"href":"https:\/\/eurotrail.info\/fr\/wp-json\/wp\/v2\/types\/product"}],"replies":[{"embeddable":true,"href":"https:\/\/eurotrail.info\/fr\/wp-json\/wp\/v2\/comments?post=12824"}],"wp:featuredmedia":[{"embeddable":true,"href":"https:\/\/eurotrail.info\/fr\/wp-json\/wp\/v2\/media\/22468"}],"wp:attachment":[{"href":"https:\/\/eurotrail.info\/fr\/wp-json\/wp\/v2\/media?parent=12824"}],"wp:term":[{"taxonomy":"product_brand","embeddable":true,"href":"https:\/\/eurotrail.info\/fr\/wp-json\/wp\/v2\/product_brand?post=12824"},{"taxonomy":"product_cat","embeddable":true,"href":"https:\/\/eurotrail.info\/fr\/wp-json\/wp\/v2\/product_cat?post=12824"},{"taxonomy":"product_tag","embeddable":true,"href":"https:\/\/eurotrail.info\/fr\/wp-json\/wp\/v2\/product_tag?post=12824"}],"curies":[{"name":"wp","href":"https:\/\/api.w.org\/{rel}","templated":true}]}}