{"id":12851,"date":"2021-01-05T11:25:30","date_gmt":"2021-01-05T10:25:30","guid":{"rendered":"https:\/\/eurotrail.info\/producten\/cruiser-air-tente-voiture\/"},"modified":"2024-01-30T16:22:24","modified_gmt":"2024-01-30T15:22:24","slug":"cruiser-air-tente-voiture","status":"publish","type":"product","link":"https:\/\/eurotrail.info\/fr\/producten\/caravane-camping-car-bus\/tentes-de-bus\/cruiser-air-tente-voiture\/","title":{"rendered":"Cruiser SUV Air tente voiture"},"content":{"rendered":"<p>Tente de voiture gonflable autoportante adapt\u00e9e par exemple \u00e0 Citroen Berlingo, Peugeot Kangoo ou VW Cargo <span style=\"color: #ff0000;\"><em><strong>(jusqu&#8217;\u00e0 l&#8217;ann\u00e9e mod\u00e8le 2022)<\/strong><\/em><\/span> SUV ou minivans. Le Cruiser Air est \u00e9quip\u00e9 du syst\u00e8me gonflage AirTube pour une construction rapide et facile. Compos\u00e9 de 2 tubes principaux et d\u2019un tube de stabilisation. L\u2019espace de vie peut accueillir 4 personnes et dispose d\u2019une grande fen\u00eatre en mesh verrouillable pour une ventilation optimale. Les deux c\u00f4t\u00e9s disposent d\u2019une porte en mesh. Le tapis de sol cousu garantit que l\u2019eau et la salet\u00e9 restent \u00e0 l\u2019ext\u00e9rieur. Le Cruiser Air est la tente id\u00e9ale pour utiliser les weekends ou pour de courtes vacances. Y compris pompe, piquets, cordes et sac de rangement.<\/p>\n<p>Taille: 230x280x205cm (W-L-H)<br \/>\nMat\u00e9riel: 150D Oxford PU 3000mm W \/ R UPF 50+ coutures \u00e9tanches.<br \/>\nAirTubes: \u00d8 10 cm (0,6-0,8 bar)<br \/>\nCadre d&#8217;auvent: fibre de verre 9,5 mm<br \/>\nTapis de sol: mat\u00e9riau PE<br \/>\nTaille de l&#8217;emballage: 75x35x35cm<br \/>\nPoids: 11 kg.<\/p>\n","protected":false},"excerpt":{"rendered":"<p>Tente de voiture gonflable autoportante adapt\u00e9e par exemple \u00e0 Citroen Berlingo, Peugeot Kangoo ou VW Cargo (jusqu&#8217;\u00e0 l&#8217;ann\u00e9e mod\u00e8le 2022) SUV ou minivans. Le Cruiser&hellip;<\/p>\n","protected":false},"featured_media":12839,"comment_status":"open","ping_status":"closed","template":"","meta":{"_acf_changed":false},"product_brand":[],"product_cat":[237,239],"product_tag":[],"class_list":{"0":"post-12851","1":"product","2":"type-product","3":"status-publish","4":"has-post-thumbnail","6":"product_cat-caravane-camping-car-bus","7":"product_cat-tentes-de-bus","9":"first","10":"instock","11":"shipping-taxable","12":"product-type-simple"},"acf":[],"yoast_head":"<!-- This site is optimized with the Yoast SEO plugin v27.4 - https:\/\/yoast.com\/product\/yoast-seo-wordpress\/ -->\n<title>Cruiser SUV Air tente voiture - Eurotrail | The way we camp!<\/title>\n<meta name=\"description\" content=\"Tente voiture gonflable, adapt\u00e9e \u00e0 presque tous les break, SUV ou minivans. \u00c9quip\u00e9 du syst\u00e8me gonflage AirTube pour une construction rapide.\" \/>\n<meta name=\"robots\" content=\"index, follow, max-snippet:-1, max-image-preview:large, max-video-preview:-1\" \/>\n<link rel=\"canonical\" href=\"https:\/\/eurotrail.info\/fr\/producten\/caravane-camping-car-bus\/tentes-de-bus\/cruiser-air-tente-voiture\/\" \/>\n<meta property=\"og:locale\" content=\"fr_FR\" \/>\n<meta property=\"og:type\" content=\"article\" \/>\n<meta property=\"og:title\" content=\"Cruiser SUV Air tente voiture - Eurotrail | The way we camp!\" \/>\n<meta property=\"og:description\" content=\"Tente voiture gonflable, adapt\u00e9e \u00e0 presque tous les break, SUV ou minivans. \u00c9quip\u00e9 du syst\u00e8me gonflage AirTube pour une construction rapide.\" \/>\n<meta property=\"og:url\" content=\"https:\/\/eurotrail.info\/fr\/producten\/caravane-camping-car-bus\/tentes-de-bus\/cruiser-air-tente-voiture\/\" \/>\n<meta property=\"og:site_name\" content=\"Eurotrail | The way we camp!\" \/>\n<meta property=\"article:modified_time\" content=\"2024-01-30T15:22:24+00:00\" \/>\n<meta property=\"og:image\" content=\"https:\/\/eurotrail.info\/wp\/wp-content\/uploads\/2021\/01\/ETCT0186-Cruiser-SUV-Air-02-1280x979.jpg\" \/>\n\t<meta property=\"og:image:width\" content=\"1280\" \/>\n\t<meta property=\"og:image:height\" content=\"979\" \/>\n\t<meta property=\"og:image:type\" content=\"image\/jpeg\" \/>\n<meta name=\"twitter:card\" content=\"summary_large_image\" \/>\n<meta name=\"twitter:label1\" content=\"Dur\u00e9e de lecture estim\u00e9e\" \/>\n\t<meta name=\"twitter:data1\" content=\"1 minute\" \/>\n<script type=\"application\/ld+json\" class=\"yoast-schema-graph\">{\"@context\":\"https:\\\/\\\/schema.org\",\"@graph\":[{\"@type\":\"WebPage\",\"@id\":\"https:\\\/\\\/eurotrail.info\\\/fr\\\/producten\\\/caravane-camping-car-bus\\\/tentes-de-bus\\\/cruiser-air-tente-voiture\\\/\",\"url\":\"https:\\\/\\\/eurotrail.info\\\/fr\\\/producten\\\/caravane-camping-car-bus\\\/tentes-de-bus\\\/cruiser-air-tente-voiture\\\/\",\"name\":\"Cruiser SUV Air tente voiture - Eurotrail | The way we camp!\",\"isPartOf\":{\"@id\":\"https:\\\/\\\/eurotrail.info\\\/#website\"},\"primaryImageOfPage\":{\"@id\":\"https:\\\/\\\/eurotrail.info\\\/fr\\\/producten\\\/caravane-camping-car-bus\\\/tentes-de-bus\\\/cruiser-air-tente-voiture\\\/#primaryimage\"},\"image\":{\"@id\":\"https:\\\/\\\/eurotrail.info\\\/fr\\\/producten\\\/caravane-camping-car-bus\\\/tentes-de-bus\\\/cruiser-air-tente-voiture\\\/#primaryimage\"},\"thumbnailUrl\":\"https:\\\/\\\/eurotrail.info\\\/wp\\\/wp-content\\\/uploads\\\/2021\\\/01\\\/ETCT0186-Cruiser-SUV-Air-02.jpg\",\"datePublished\":\"2021-01-05T10:25:30+00:00\",\"dateModified\":\"2024-01-30T15:22:24+00:00\",\"description\":\"Tente voiture gonflable, adapt\u00e9e \u00e0 presque tous les break, SUV ou minivans. \u00c9quip\u00e9 du syst\u00e8me gonflage AirTube pour une construction rapide.\",\"breadcrumb\":{\"@id\":\"https:\\\/\\\/eurotrail.info\\\/fr\\\/producten\\\/caravane-camping-car-bus\\\/tentes-de-bus\\\/cruiser-air-tente-voiture\\\/#breadcrumb\"},\"inLanguage\":\"fr-FR\",\"potentialAction\":[{\"@type\":\"ReadAction\",\"target\":[\"https:\\\/\\\/eurotrail.info\\\/fr\\\/producten\\\/caravane-camping-car-bus\\\/tentes-de-bus\\\/cruiser-air-tente-voiture\\\/\"]}]},{\"@type\":\"ImageObject\",\"inLanguage\":\"fr-FR\",\"@id\":\"https:\\\/\\\/eurotrail.info\\\/fr\\\/producten\\\/caravane-camping-car-bus\\\/tentes-de-bus\\\/cruiser-air-tente-voiture\\\/#primaryimage\",\"url\":\"https:\\\/\\\/eurotrail.info\\\/wp\\\/wp-content\\\/uploads\\\/2021\\\/01\\\/ETCT0186-Cruiser-SUV-Air-02.jpg\",\"contentUrl\":\"https:\\\/\\\/eurotrail.info\\\/wp\\\/wp-content\\\/uploads\\\/2021\\\/01\\\/ETCT0186-Cruiser-SUV-Air-02.jpg\",\"width\":1772,\"height\":1355,\"caption\":\"Eurotrail Cruiser Air MPV tent\"},{\"@type\":\"BreadcrumbList\",\"@id\":\"https:\\\/\\\/eurotrail.info\\\/fr\\\/producten\\\/caravane-camping-car-bus\\\/tentes-de-bus\\\/cruiser-air-tente-voiture\\\/#breadcrumb\",\"itemListElement\":[{\"@type\":\"ListItem\",\"position\":1,\"name\":\"Home\",\"item\":\"https:\\\/\\\/eurotrail.info\\\/fr\\\/\"},{\"@type\":\"ListItem\",\"position\":2,\"name\":\"Produits\",\"item\":\"https:\\\/\\\/eurotrail.info\\\/fr\\\/produits\\\/\"},{\"@type\":\"ListItem\",\"position\":3,\"name\":\"Cruiser SUV Air tente voiture\"}]},{\"@type\":\"WebSite\",\"@id\":\"https:\\\/\\\/eurotrail.info\\\/#website\",\"url\":\"https:\\\/\\\/eurotrail.info\\\/\",\"name\":\"Eurotrail | The way we camp!\",\"description\":\"\",\"publisher\":{\"@id\":\"https:\\\/\\\/eurotrail.info\\\/#organization\"},\"potentialAction\":[{\"@type\":\"SearchAction\",\"target\":{\"@type\":\"EntryPoint\",\"urlTemplate\":\"https:\\\/\\\/eurotrail.info\\\/?s={search_term_string}\"},\"query-input\":{\"@type\":\"PropertyValueSpecification\",\"valueRequired\":true,\"valueName\":\"search_term_string\"}}],\"inLanguage\":\"fr-FR\"},{\"@type\":\"Organization\",\"@id\":\"https:\\\/\\\/eurotrail.info\\\/#organization\",\"name\":\"Eurotrail | The way we camp!\",\"url\":\"https:\\\/\\\/eurotrail.info\\\/\",\"logo\":{\"@type\":\"ImageObject\",\"inLanguage\":\"fr-FR\",\"@id\":\"https:\\\/\\\/eurotrail.info\\\/#\\\/schema\\\/logo\\\/image\\\/\",\"url\":\"https:\\\/\\\/eurotrail.info\\\/wp\\\/wp-content\\\/uploads\\\/2023\\\/07\\\/ET-logo-quote_NL-scaled.jpg\",\"contentUrl\":\"https:\\\/\\\/eurotrail.info\\\/wp\\\/wp-content\\\/uploads\\\/2023\\\/07\\\/ET-logo-quote_NL-scaled.jpg\",\"width\":2560,\"height\":675,\"caption\":\"Eurotrail | The way we camp!\"},\"image\":{\"@id\":\"https:\\\/\\\/eurotrail.info\\\/#\\\/schema\\\/logo\\\/image\\\/\"}}]}<\/script>\n<!-- \/ Yoast SEO plugin. -->","yoast_head_json":{"title":"Cruiser SUV Air tente voiture - Eurotrail | The way we camp!","description":"Tente voiture gonflable, adapt\u00e9e \u00e0 presque tous les break, SUV ou minivans. \u00c9quip\u00e9 du syst\u00e8me gonflage AirTube pour une construction rapide.","robots":{"index":"index","follow":"follow","max-snippet":"max-snippet:-1","max-image-preview":"max-image-preview:large","max-video-preview":"max-video-preview:-1"},"canonical":"https:\/\/eurotrail.info\/fr\/producten\/caravane-camping-car-bus\/tentes-de-bus\/cruiser-air-tente-voiture\/","og_locale":"fr_FR","og_type":"article","og_title":"Cruiser SUV Air tente voiture - Eurotrail | The way we camp!","og_description":"Tente voiture gonflable, adapt\u00e9e \u00e0 presque tous les break, SUV ou minivans. \u00c9quip\u00e9 du syst\u00e8me gonflage AirTube pour une construction rapide.","og_url":"https:\/\/eurotrail.info\/fr\/producten\/caravane-camping-car-bus\/tentes-de-bus\/cruiser-air-tente-voiture\/","og_site_name":"Eurotrail | The way we camp!","article_modified_time":"2024-01-30T15:22:24+00:00","og_image":[{"width":1280,"height":979,"url":"https:\/\/eurotrail.info\/wp\/wp-content\/uploads\/2021\/01\/ETCT0186-Cruiser-SUV-Air-02-1280x979.jpg","type":"image\/jpeg"}],"twitter_card":"summary_large_image","twitter_misc":{"Dur\u00e9e de lecture estim\u00e9e":"1 minute"},"schema":{"@context":"https:\/\/schema.org","@graph":[{"@type":"WebPage","@id":"https:\/\/eurotrail.info\/fr\/producten\/caravane-camping-car-bus\/tentes-de-bus\/cruiser-air-tente-voiture\/","url":"https:\/\/eurotrail.info\/fr\/producten\/caravane-camping-car-bus\/tentes-de-bus\/cruiser-air-tente-voiture\/","name":"Cruiser SUV Air tente voiture - Eurotrail | The way we camp!","isPartOf":{"@id":"https:\/\/eurotrail.info\/#website"},"primaryImageOfPage":{"@id":"https:\/\/eurotrail.info\/fr\/producten\/caravane-camping-car-bus\/tentes-de-bus\/cruiser-air-tente-voiture\/#primaryimage"},"image":{"@id":"https:\/\/eurotrail.info\/fr\/producten\/caravane-camping-car-bus\/tentes-de-bus\/cruiser-air-tente-voiture\/#primaryimage"},"thumbnailUrl":"https:\/\/eurotrail.info\/wp\/wp-content\/uploads\/2021\/01\/ETCT0186-Cruiser-SUV-Air-02.jpg","datePublished":"2021-01-05T10:25:30+00:00","dateModified":"2024-01-30T15:22:24+00:00","description":"Tente voiture gonflable, adapt\u00e9e \u00e0 presque tous les break, SUV ou minivans. \u00c9quip\u00e9 du syst\u00e8me gonflage AirTube pour une construction rapide.","breadcrumb":{"@id":"https:\/\/eurotrail.info\/fr\/producten\/caravane-camping-car-bus\/tentes-de-bus\/cruiser-air-tente-voiture\/#breadcrumb"},"inLanguage":"fr-FR","potentialAction":[{"@type":"ReadAction","target":["https:\/\/eurotrail.info\/fr\/producten\/caravane-camping-car-bus\/tentes-de-bus\/cruiser-air-tente-voiture\/"]}]},{"@type":"ImageObject","inLanguage":"fr-FR","@id":"https:\/\/eurotrail.info\/fr\/producten\/caravane-camping-car-bus\/tentes-de-bus\/cruiser-air-tente-voiture\/#primaryimage","url":"https:\/\/eurotrail.info\/wp\/wp-content\/uploads\/2021\/01\/ETCT0186-Cruiser-SUV-Air-02.jpg","contentUrl":"https:\/\/eurotrail.info\/wp\/wp-content\/uploads\/2021\/01\/ETCT0186-Cruiser-SUV-Air-02.jpg","width":1772,"height":1355,"caption":"Eurotrail Cruiser Air MPV tent"},{"@type":"BreadcrumbList","@id":"https:\/\/eurotrail.info\/fr\/producten\/caravane-camping-car-bus\/tentes-de-bus\/cruiser-air-tente-voiture\/#breadcrumb","itemListElement":[{"@type":"ListItem","position":1,"name":"Home","item":"https:\/\/eurotrail.info\/fr\/"},{"@type":"ListItem","position":2,"name":"Produits","item":"https:\/\/eurotrail.info\/fr\/produits\/"},{"@type":"ListItem","position":3,"name":"Cruiser SUV Air tente voiture"}]},{"@type":"WebSite","@id":"https:\/\/eurotrail.info\/#website","url":"https:\/\/eurotrail.info\/","name":"Eurotrail | The way we camp!","description":"","publisher":{"@id":"https:\/\/eurotrail.info\/#organization"},"potentialAction":[{"@type":"SearchAction","target":{"@type":"EntryPoint","urlTemplate":"https:\/\/eurotrail.info\/?s={search_term_string}"},"query-input":{"@type":"PropertyValueSpecification","valueRequired":true,"valueName":"search_term_string"}}],"inLanguage":"fr-FR"},{"@type":"Organization","@id":"https:\/\/eurotrail.info\/#organization","name":"Eurotrail | The way we camp!","url":"https:\/\/eurotrail.info\/","logo":{"@type":"ImageObject","inLanguage":"fr-FR","@id":"https:\/\/eurotrail.info\/#\/schema\/logo\/image\/","url":"https:\/\/eurotrail.info\/wp\/wp-content\/uploads\/2023\/07\/ET-logo-quote_NL-scaled.jpg","contentUrl":"https:\/\/eurotrail.info\/wp\/wp-content\/uploads\/2023\/07\/ET-logo-quote_NL-scaled.jpg","width":2560,"height":675,"caption":"Eurotrail | The way we camp!"},"image":{"@id":"https:\/\/eurotrail.info\/#\/schema\/logo\/image\/"}}]}},"_links":{"self":[{"href":"https:\/\/eurotrail.info\/fr\/wp-json\/wp\/v2\/product\/12851","targetHints":{"allow":["GET"]}}],"collection":[{"href":"https:\/\/eurotrail.info\/fr\/wp-json\/wp\/v2\/product"}],"about":[{"href":"https:\/\/eurotrail.info\/fr\/wp-json\/wp\/v2\/types\/product"}],"replies":[{"embeddable":true,"href":"https:\/\/eurotrail.info\/fr\/wp-json\/wp\/v2\/comments?post=12851"}],"wp:featuredmedia":[{"embeddable":true,"href":"https:\/\/eurotrail.info\/fr\/wp-json\/wp\/v2\/media\/12839"}],"wp:attachment":[{"href":"https:\/\/eurotrail.info\/fr\/wp-json\/wp\/v2\/media?parent=12851"}],"wp:term":[{"taxonomy":"product_brand","embeddable":true,"href":"https:\/\/eurotrail.info\/fr\/wp-json\/wp\/v2\/product_brand?post=12851"},{"taxonomy":"product_cat","embeddable":true,"href":"https:\/\/eurotrail.info\/fr\/wp-json\/wp\/v2\/product_cat?post=12851"},{"taxonomy":"product_tag","embeddable":true,"href":"https:\/\/eurotrail.info\/fr\/wp-json\/wp\/v2\/product_tag?post=12851"}],"curies":[{"name":"wp","href":"https:\/\/api.w.org\/{rel}","templated":true}]}}