{"id":13104,"date":"2021-10-27T13:50:59","date_gmt":"2021-10-27T12:50:59","guid":{"rendered":"https:\/\/eurotrail.info\/producten\/grand-cafe-12-cafetiere\/"},"modified":"2021-10-27T13:50:59","modified_gmt":"2021-10-27T12:50:59","slug":"grand-cafe-12-cafetiere","status":"publish","type":"product","link":"https:\/\/eurotrail.info\/fr\/producten\/articles-menagers\/appareils-de-cuisine-electriques\/grand-cafe-12-cafetiere\/","title":{"rendered":"GRAND CAF\u00c9 12 CAFETIERE"},"content":{"rendered":"<p>La cafeti\u00e8re Grand Cafe 12 d\u2019Eurotrail est convient pour pr\u00e9parer jusqu&#8217;\u00e0 12 tasses de caf\u00e9 \u00e0 la fois. En raison de sa conception compacte, la cafeti\u00e8re prend peu de place dans votre cuisine. La faible puissance rend la cafeti\u00e8re appropri\u00e9e pour une utilisation en camping.<\/p>\n<p>Caf\u00e9 frais<br \/>\nLa cafeti\u00e8re est tr\u00e8s facile \u00e0 utiliser. Le niveau d&#8217;eau est indiqu\u00e9 par un indicateur. La cafeti\u00e8re est livr\u00e9e avec un filtre amovible avec poign\u00e9e et est facile \u00e0 nettoyer, donc pas besoin d&#8217;utiliser des filtres \u00e0 caf\u00e9 en papier. L&#8217;arr\u00eat d&#8217;\u00e9gouttement garantit que la cafeti\u00e8re ne fuit pas lorsque vous retirez le pot. Design \u00e9l\u00e9gant avec une finition noire, des d\u00e9tails en acier inoxydable et un bocal en verre. Fourni avec une fonction de maintien au chaud qui s&#8217;\u00e9teint automatiquement apr\u00e8s 40 minutes. Avec but\u00e9e anti-goutte et pieds antid\u00e9rapants.<\/p>\n<p>Facile \u00e0 utiliser<br \/>\nLa machine \u00e0 caf\u00e9 est tr\u00e8s pratique \u00e0 utiliser, gr\u00e2ce \u00e0 l&#8217;indicateur LED de l&#8217;interrupteur ON\/OFF pour que vous puissiez facilement voir si la machine \u00e0 caf\u00e9 est sous tension. Il est dot\u00e9 d&#8217;une fonction de maintien au chaud pour le bocal en verre, cette fonction s&#8217;\u00e9teint automatiquement apr\u00e8s 40 minutes, vous n&#8217;avez donc pas \u00e0 vous soucier de le laisser allumer.<\/p>\n<p>Design compact<br \/>\nLa cafeti\u00e8re Eurotrail avec 1,25 litre volume avec lequel vous pouvez pr\u00e9parer jusqu&#8217;\u00e0 10-12 tasses \u00e0 la fois. La cafeti\u00e8re a une faible demande de puissance de 650 W (6 tasses) et 830 W (12 tasses), ce qui la rend \u00e9galement adapt\u00e9e pour une utilisation en camping. Les pieds antid\u00e9rapants garantissent la stabilit\u00e9 de la cafeti\u00e8re sur le plan de travail.<\/p>\n<p>Inclus:<br \/>\nCafeti\u00e8re, bocal en verre, filtre amovible, cuill\u00e8re \u00e0 caf\u00e9, manuel<\/p>\n<p>Details<br \/>\nCafeti\u00e8re compacte<br \/>\nETKW7006 1.25 ltr. pouvant contenir jusqu&#8217;\u00e0 12 tasses, puissance 830W<\/p>\n","protected":false},"excerpt":{"rendered":"<p>La cafeti\u00e8re Grand Cafe 12 d\u2019Eurotrail est convient pour pr\u00e9parer jusqu&#8217;\u00e0 12 tasses de caf\u00e9 \u00e0 la fois. En raison de sa conception compacte, la&hellip;<\/p>\n","protected":false},"featured_media":13052,"comment_status":"open","ping_status":"closed","template":"","meta":{"_acf_changed":false},"product_brand":[],"product_cat":[287,243],"product_tag":[],"class_list":{"0":"post-13104","1":"product","2":"type-product","3":"status-publish","4":"has-post-thumbnail","6":"product_cat-appareils-de-cuisine-electriques","7":"product_cat-articles-menagers","9":"first","10":"instock","11":"shipping-taxable","12":"product-type-simple"},"acf":[],"yoast_head":"<!-- This site is optimized with the Yoast SEO plugin v27.3 - https:\/\/yoast.com\/product\/yoast-seo-wordpress\/ -->\n<title>GRAND CAF\u00c9 12 CAFETIERE - Eurotrail | The way we camp!<\/title>\n<meta name=\"robots\" content=\"index, follow, max-snippet:-1, max-image-preview:large, max-video-preview:-1\" \/>\n<link rel=\"canonical\" href=\"https:\/\/eurotrail.info\/fr\/producten\/articles-menagers\/appareils-de-cuisine-electriques\/grand-cafe-12-cafetiere\/\" \/>\n<meta property=\"og:locale\" content=\"fr_FR\" \/>\n<meta property=\"og:type\" content=\"article\" \/>\n<meta property=\"og:title\" content=\"GRAND CAF\u00c9 12 CAFETIERE - Eurotrail | The way we camp!\" \/>\n<meta property=\"og:description\" content=\"La cafeti\u00e8re Grand Cafe 12 d\u2019Eurotrail est convient pour pr\u00e9parer jusqu&#8217;\u00e0 12 tasses de caf\u00e9 \u00e0 la fois. En raison de sa conception compacte, la&hellip;\" \/>\n<meta property=\"og:url\" content=\"https:\/\/eurotrail.info\/fr\/producten\/articles-menagers\/appareils-de-cuisine-electriques\/grand-cafe-12-cafetiere\/\" \/>\n<meta property=\"og:site_name\" content=\"Eurotrail | The way we camp!\" \/>\n<meta property=\"og:image\" content=\"https:\/\/eurotrail.info\/wp\/wp-content\/uploads\/2021\/10\/koffie-B-1-scaled.jpg\" \/>\n\t<meta property=\"og:image:width\" content=\"2560\" \/>\n\t<meta property=\"og:image:height\" content=\"2522\" \/>\n\t<meta property=\"og:image:type\" content=\"image\/jpeg\" \/>\n<meta name=\"twitter:card\" content=\"summary_large_image\" \/>\n<meta name=\"twitter:label1\" content=\"Dur\u00e9e de lecture estim\u00e9e\" \/>\n\t<meta name=\"twitter:data1\" content=\"2 minutes\" \/>\n<script type=\"application\/ld+json\" class=\"yoast-schema-graph\">{\"@context\":\"https:\\\/\\\/schema.org\",\"@graph\":[{\"@type\":\"WebPage\",\"@id\":\"https:\\\/\\\/eurotrail.info\\\/fr\\\/producten\\\/articles-menagers\\\/appareils-de-cuisine-electriques\\\/grand-cafe-12-cafetiere\\\/\",\"url\":\"https:\\\/\\\/eurotrail.info\\\/fr\\\/producten\\\/articles-menagers\\\/appareils-de-cuisine-electriques\\\/grand-cafe-12-cafetiere\\\/\",\"name\":\"GRAND CAF\u00c9 12 CAFETIERE - Eurotrail | The way we camp!\",\"isPartOf\":{\"@id\":\"https:\\\/\\\/eurotrail.info\\\/#website\"},\"primaryImageOfPage\":{\"@id\":\"https:\\\/\\\/eurotrail.info\\\/fr\\\/producten\\\/articles-menagers\\\/appareils-de-cuisine-electriques\\\/grand-cafe-12-cafetiere\\\/#primaryimage\"},\"image\":{\"@id\":\"https:\\\/\\\/eurotrail.info\\\/fr\\\/producten\\\/articles-menagers\\\/appareils-de-cuisine-electriques\\\/grand-cafe-12-cafetiere\\\/#primaryimage\"},\"thumbnailUrl\":\"https:\\\/\\\/eurotrail.info\\\/wp\\\/wp-content\\\/uploads\\\/2021\\\/10\\\/koffie-B-1-scaled.jpg\",\"datePublished\":\"2021-10-27T12:50:59+00:00\",\"breadcrumb\":{\"@id\":\"https:\\\/\\\/eurotrail.info\\\/fr\\\/producten\\\/articles-menagers\\\/appareils-de-cuisine-electriques\\\/grand-cafe-12-cafetiere\\\/#breadcrumb\"},\"inLanguage\":\"fr-FR\",\"potentialAction\":[{\"@type\":\"ReadAction\",\"target\":[\"https:\\\/\\\/eurotrail.info\\\/fr\\\/producten\\\/articles-menagers\\\/appareils-de-cuisine-electriques\\\/grand-cafe-12-cafetiere\\\/\"]}]},{\"@type\":\"ImageObject\",\"inLanguage\":\"fr-FR\",\"@id\":\"https:\\\/\\\/eurotrail.info\\\/fr\\\/producten\\\/articles-menagers\\\/appareils-de-cuisine-electriques\\\/grand-cafe-12-cafetiere\\\/#primaryimage\",\"url\":\"https:\\\/\\\/eurotrail.info\\\/wp\\\/wp-content\\\/uploads\\\/2021\\\/10\\\/koffie-B-1-scaled.jpg\",\"contentUrl\":\"https:\\\/\\\/eurotrail.info\\\/wp\\\/wp-content\\\/uploads\\\/2021\\\/10\\\/koffie-B-1-scaled.jpg\",\"width\":2560,\"height\":2522,\"caption\":\"Koffieapparaat geschikt voor 6 kopjes\"},{\"@type\":\"BreadcrumbList\",\"@id\":\"https:\\\/\\\/eurotrail.info\\\/fr\\\/producten\\\/articles-menagers\\\/appareils-de-cuisine-electriques\\\/grand-cafe-12-cafetiere\\\/#breadcrumb\",\"itemListElement\":[{\"@type\":\"ListItem\",\"position\":1,\"name\":\"Home\",\"item\":\"https:\\\/\\\/eurotrail.info\\\/fr\\\/\"},{\"@type\":\"ListItem\",\"position\":2,\"name\":\"Produits\",\"item\":\"https:\\\/\\\/eurotrail.info\\\/fr\\\/produits\\\/\"},{\"@type\":\"ListItem\",\"position\":3,\"name\":\"GRAND CAF\u00c9 12 CAFETIERE\"}]},{\"@type\":\"WebSite\",\"@id\":\"https:\\\/\\\/eurotrail.info\\\/#website\",\"url\":\"https:\\\/\\\/eurotrail.info\\\/\",\"name\":\"Eurotrail | The way we camp!\",\"description\":\"\",\"publisher\":{\"@id\":\"https:\\\/\\\/eurotrail.info\\\/#organization\"},\"potentialAction\":[{\"@type\":\"SearchAction\",\"target\":{\"@type\":\"EntryPoint\",\"urlTemplate\":\"https:\\\/\\\/eurotrail.info\\\/?s={search_term_string}\"},\"query-input\":{\"@type\":\"PropertyValueSpecification\",\"valueRequired\":true,\"valueName\":\"search_term_string\"}}],\"inLanguage\":\"fr-FR\"},{\"@type\":\"Organization\",\"@id\":\"https:\\\/\\\/eurotrail.info\\\/#organization\",\"name\":\"Eurotrail | The way we camp!\",\"url\":\"https:\\\/\\\/eurotrail.info\\\/\",\"logo\":{\"@type\":\"ImageObject\",\"inLanguage\":\"fr-FR\",\"@id\":\"https:\\\/\\\/eurotrail.info\\\/#\\\/schema\\\/logo\\\/image\\\/\",\"url\":\"https:\\\/\\\/eurotrail.info\\\/wp\\\/wp-content\\\/uploads\\\/2023\\\/07\\\/ET-logo-quote_NL-scaled.jpg\",\"contentUrl\":\"https:\\\/\\\/eurotrail.info\\\/wp\\\/wp-content\\\/uploads\\\/2023\\\/07\\\/ET-logo-quote_NL-scaled.jpg\",\"width\":2560,\"height\":675,\"caption\":\"Eurotrail | The way we camp!\"},\"image\":{\"@id\":\"https:\\\/\\\/eurotrail.info\\\/#\\\/schema\\\/logo\\\/image\\\/\"}}]}<\/script>\n<!-- \/ Yoast SEO plugin. -->","yoast_head_json":{"title":"GRAND CAF\u00c9 12 CAFETIERE - Eurotrail | The way we camp!","robots":{"index":"index","follow":"follow","max-snippet":"max-snippet:-1","max-image-preview":"max-image-preview:large","max-video-preview":"max-video-preview:-1"},"canonical":"https:\/\/eurotrail.info\/fr\/producten\/articles-menagers\/appareils-de-cuisine-electriques\/grand-cafe-12-cafetiere\/","og_locale":"fr_FR","og_type":"article","og_title":"GRAND CAF\u00c9 12 CAFETIERE - Eurotrail | The way we camp!","og_description":"La cafeti\u00e8re Grand Cafe 12 d\u2019Eurotrail est convient pour pr\u00e9parer jusqu&#8217;\u00e0 12 tasses de caf\u00e9 \u00e0 la fois. En raison de sa conception compacte, la&hellip;","og_url":"https:\/\/eurotrail.info\/fr\/producten\/articles-menagers\/appareils-de-cuisine-electriques\/grand-cafe-12-cafetiere\/","og_site_name":"Eurotrail | The way we camp!","og_image":[{"width":2560,"height":2522,"url":"https:\/\/eurotrail.info\/wp\/wp-content\/uploads\/2021\/10\/koffie-B-1-scaled.jpg","type":"image\/jpeg"}],"twitter_card":"summary_large_image","twitter_misc":{"Dur\u00e9e de lecture estim\u00e9e":"2 minutes"},"schema":{"@context":"https:\/\/schema.org","@graph":[{"@type":"WebPage","@id":"https:\/\/eurotrail.info\/fr\/producten\/articles-menagers\/appareils-de-cuisine-electriques\/grand-cafe-12-cafetiere\/","url":"https:\/\/eurotrail.info\/fr\/producten\/articles-menagers\/appareils-de-cuisine-electriques\/grand-cafe-12-cafetiere\/","name":"GRAND CAF\u00c9 12 CAFETIERE - Eurotrail | The way we camp!","isPartOf":{"@id":"https:\/\/eurotrail.info\/#website"},"primaryImageOfPage":{"@id":"https:\/\/eurotrail.info\/fr\/producten\/articles-menagers\/appareils-de-cuisine-electriques\/grand-cafe-12-cafetiere\/#primaryimage"},"image":{"@id":"https:\/\/eurotrail.info\/fr\/producten\/articles-menagers\/appareils-de-cuisine-electriques\/grand-cafe-12-cafetiere\/#primaryimage"},"thumbnailUrl":"https:\/\/eurotrail.info\/wp\/wp-content\/uploads\/2021\/10\/koffie-B-1-scaled.jpg","datePublished":"2021-10-27T12:50:59+00:00","breadcrumb":{"@id":"https:\/\/eurotrail.info\/fr\/producten\/articles-menagers\/appareils-de-cuisine-electriques\/grand-cafe-12-cafetiere\/#breadcrumb"},"inLanguage":"fr-FR","potentialAction":[{"@type":"ReadAction","target":["https:\/\/eurotrail.info\/fr\/producten\/articles-menagers\/appareils-de-cuisine-electriques\/grand-cafe-12-cafetiere\/"]}]},{"@type":"ImageObject","inLanguage":"fr-FR","@id":"https:\/\/eurotrail.info\/fr\/producten\/articles-menagers\/appareils-de-cuisine-electriques\/grand-cafe-12-cafetiere\/#primaryimage","url":"https:\/\/eurotrail.info\/wp\/wp-content\/uploads\/2021\/10\/koffie-B-1-scaled.jpg","contentUrl":"https:\/\/eurotrail.info\/wp\/wp-content\/uploads\/2021\/10\/koffie-B-1-scaled.jpg","width":2560,"height":2522,"caption":"Koffieapparaat geschikt voor 6 kopjes"},{"@type":"BreadcrumbList","@id":"https:\/\/eurotrail.info\/fr\/producten\/articles-menagers\/appareils-de-cuisine-electriques\/grand-cafe-12-cafetiere\/#breadcrumb","itemListElement":[{"@type":"ListItem","position":1,"name":"Home","item":"https:\/\/eurotrail.info\/fr\/"},{"@type":"ListItem","position":2,"name":"Produits","item":"https:\/\/eurotrail.info\/fr\/produits\/"},{"@type":"ListItem","position":3,"name":"GRAND CAF\u00c9 12 CAFETIERE"}]},{"@type":"WebSite","@id":"https:\/\/eurotrail.info\/#website","url":"https:\/\/eurotrail.info\/","name":"Eurotrail | The way we camp!","description":"","publisher":{"@id":"https:\/\/eurotrail.info\/#organization"},"potentialAction":[{"@type":"SearchAction","target":{"@type":"EntryPoint","urlTemplate":"https:\/\/eurotrail.info\/?s={search_term_string}"},"query-input":{"@type":"PropertyValueSpecification","valueRequired":true,"valueName":"search_term_string"}}],"inLanguage":"fr-FR"},{"@type":"Organization","@id":"https:\/\/eurotrail.info\/#organization","name":"Eurotrail | The way we camp!","url":"https:\/\/eurotrail.info\/","logo":{"@type":"ImageObject","inLanguage":"fr-FR","@id":"https:\/\/eurotrail.info\/#\/schema\/logo\/image\/","url":"https:\/\/eurotrail.info\/wp\/wp-content\/uploads\/2023\/07\/ET-logo-quote_NL-scaled.jpg","contentUrl":"https:\/\/eurotrail.info\/wp\/wp-content\/uploads\/2023\/07\/ET-logo-quote_NL-scaled.jpg","width":2560,"height":675,"caption":"Eurotrail | The way we camp!"},"image":{"@id":"https:\/\/eurotrail.info\/#\/schema\/logo\/image\/"}}]}},"_links":{"self":[{"href":"https:\/\/eurotrail.info\/fr\/wp-json\/wp\/v2\/product\/13104","targetHints":{"allow":["GET"]}}],"collection":[{"href":"https:\/\/eurotrail.info\/fr\/wp-json\/wp\/v2\/product"}],"about":[{"href":"https:\/\/eurotrail.info\/fr\/wp-json\/wp\/v2\/types\/product"}],"replies":[{"embeddable":true,"href":"https:\/\/eurotrail.info\/fr\/wp-json\/wp\/v2\/comments?post=13104"}],"wp:featuredmedia":[{"embeddable":true,"href":"https:\/\/eurotrail.info\/fr\/wp-json\/wp\/v2\/media\/13052"}],"wp:attachment":[{"href":"https:\/\/eurotrail.info\/fr\/wp-json\/wp\/v2\/media?parent=13104"}],"wp:term":[{"taxonomy":"product_brand","embeddable":true,"href":"https:\/\/eurotrail.info\/fr\/wp-json\/wp\/v2\/product_brand?post=13104"},{"taxonomy":"product_cat","embeddable":true,"href":"https:\/\/eurotrail.info\/fr\/wp-json\/wp\/v2\/product_cat?post=13104"},{"taxonomy":"product_tag","embeddable":true,"href":"https:\/\/eurotrail.info\/fr\/wp-json\/wp\/v2\/product_tag?post=13104"}],"curies":[{"name":"wp","href":"https:\/\/api.w.org\/{rel}","templated":true}]}}