{"id":13285,"date":"2021-11-19T14:10:31","date_gmt":"2021-11-19T13:10:31","guid":{"rendered":"https:\/\/eurotrail.info\/producten\/storm-lanterne-led-rechargeable\/"},"modified":"2021-12-10T15:54:44","modified_gmt":"2021-12-10T14:54:44","slug":"storm-lanterne-led-rechargeable","status":"publish","type":"product","link":"https:\/\/eurotrail.info\/fr\/producten\/jardin\/eclairage-jardin-terrasse\/storm-lanterne-led-rechargeable\/","title":{"rendered":"STORM Lanterne LED rechargeable"},"content":{"rendered":"<p>Lampe de table mod\u00e8le original \u00e0 lumi\u00e8re chaude avec variateur. Avec le variateur, vous pouvez r\u00e9gler la lumi\u00e8re \u00e0 l&#8217;intensit\u00e9 souhait\u00e9e. La lampe a une poign\u00e9e de transport en corde traditionnelle et est prot\u00e9g\u00e9e par une grille en fer. La base en bambou donne \u00e0 la lampe un aspect luxueux et exclusif. Les batteries au lithium sont rechargeables avec le c\u00e2ble USB et servent \u00e9galement de banque d&#8217;alimentation pour charger votre mobile.<\/p>\n<p>Puissance : 6W<br \/>\nSortie\/entr\u00e9e USB : 5V\/1A<br \/>\nLumen : 10-370 Lm<br \/>\nDEL\u00a0: EPISTAR CMS 2835<br \/>\nBatterie : 3.7V\/5200 mAh Lithium rechargeable 2&#215;18650<br \/>\nCaract\u00e9ristiques : gradateur, fonction banque d&#8217;alimentation<br \/>\nTemps de charge : 7h.<br \/>\nTemps de travail : 8-75 heures.<br \/>\nMat\u00e9riel: plastique PP, m\u00e9tal, bambou, corde<br \/>\nTaille : \u00d8 24 x 12.5cm<br \/>\nPoids : 600 grammes.<br \/>\nIndice IP\u00a0: IPX4<\/p>\n","protected":false},"excerpt":{"rendered":"<p>Lampe de table mod\u00e8le original \u00e0 lumi\u00e8re chaude avec variateur. Avec le variateur, vous pouvez r\u00e9gler la lumi\u00e8re \u00e0 l&#8217;intensit\u00e9 souhait\u00e9e. La lampe a une&hellip;<\/p>\n","protected":false},"featured_media":13225,"comment_status":"open","ping_status":"closed","template":"","meta":{"_acf_changed":false},"product_brand":[],"product_cat":[303,283],"product_tag":[],"class_list":{"0":"post-13285","1":"product","2":"type-product","3":"status-publish","4":"has-post-thumbnail","6":"product_cat-eclairage-jardin-terrasse","7":"product_cat-lampes-de-camping","9":"first","10":"instock","11":"shipping-taxable","12":"product-type-simple"},"acf":[],"yoast_head":"<!-- This site is optimized with the Yoast SEO plugin v27.3 - https:\/\/yoast.com\/product\/yoast-seo-wordpress\/ -->\n<title>STORM Lanterne LED rechargeable - Eurotrail | The way we camp!<\/title>\n<meta name=\"description\" content=\"Lampe de table \u00e0 lumi\u00e8re chaude avec variateur. Lumineuse r\u00e9glable en continu \u00e0 l&#039;intensit\u00e9 souhait\u00e9e. \u00c9quip\u00e9 d&#039;une poign\u00e9e en corde.\" \/>\n<meta name=\"robots\" content=\"index, follow, max-snippet:-1, max-image-preview:large, max-video-preview:-1\" \/>\n<link rel=\"canonical\" href=\"https:\/\/eurotrail.info\/fr\/producten\/jardin\/eclairage-jardin-terrasse\/storm-lanterne-led-rechargeable\/\" \/>\n<meta property=\"og:locale\" content=\"fr_FR\" \/>\n<meta property=\"og:type\" content=\"article\" \/>\n<meta property=\"og:title\" content=\"STORM Lanterne LED rechargeable - Eurotrail | The way we camp!\" \/>\n<meta property=\"og:description\" content=\"Lampe de table \u00e0 lumi\u00e8re chaude avec variateur. Lumineuse r\u00e9glable en continu \u00e0 l&#039;intensit\u00e9 souhait\u00e9e. \u00c9quip\u00e9 d&#039;une poign\u00e9e en corde.\" \/>\n<meta property=\"og:url\" content=\"https:\/\/eurotrail.info\/fr\/producten\/jardin\/eclairage-jardin-terrasse\/storm-lanterne-led-rechargeable\/\" \/>\n<meta property=\"og:site_name\" content=\"Eurotrail | The way we camp!\" \/>\n<meta property=\"article:modified_time\" content=\"2021-12-10T14:54:44+00:00\" \/>\n<meta property=\"og:image\" content=\"https:\/\/eurotrail.info\/wp\/wp-content\/uploads\/2021\/11\/storm-1-scaled.jpg\" \/>\n\t<meta property=\"og:image:width\" content=\"1385\" \/>\n\t<meta property=\"og:image:height\" content=\"2560\" \/>\n\t<meta property=\"og:image:type\" content=\"image\/jpeg\" \/>\n<meta name=\"twitter:card\" content=\"summary_large_image\" \/>\n<meta name=\"twitter:label1\" content=\"Dur\u00e9e de lecture estim\u00e9e\" \/>\n\t<meta name=\"twitter:data1\" content=\"1 minute\" \/>\n<script type=\"application\/ld+json\" class=\"yoast-schema-graph\">{\"@context\":\"https:\\\/\\\/schema.org\",\"@graph\":[{\"@type\":\"WebPage\",\"@id\":\"https:\\\/\\\/eurotrail.info\\\/fr\\\/producten\\\/jardin\\\/eclairage-jardin-terrasse\\\/storm-lanterne-led-rechargeable\\\/\",\"url\":\"https:\\\/\\\/eurotrail.info\\\/fr\\\/producten\\\/jardin\\\/eclairage-jardin-terrasse\\\/storm-lanterne-led-rechargeable\\\/\",\"name\":\"STORM Lanterne LED rechargeable - Eurotrail | The way we camp!\",\"isPartOf\":{\"@id\":\"https:\\\/\\\/eurotrail.info\\\/#website\"},\"primaryImageOfPage\":{\"@id\":\"https:\\\/\\\/eurotrail.info\\\/fr\\\/producten\\\/jardin\\\/eclairage-jardin-terrasse\\\/storm-lanterne-led-rechargeable\\\/#primaryimage\"},\"image\":{\"@id\":\"https:\\\/\\\/eurotrail.info\\\/fr\\\/producten\\\/jardin\\\/eclairage-jardin-terrasse\\\/storm-lanterne-led-rechargeable\\\/#primaryimage\"},\"thumbnailUrl\":\"https:\\\/\\\/eurotrail.info\\\/wp\\\/wp-content\\\/uploads\\\/2021\\\/11\\\/storm-1-scaled.jpg\",\"datePublished\":\"2021-11-19T13:10:31+00:00\",\"dateModified\":\"2021-12-10T14:54:44+00:00\",\"description\":\"Lampe de table \u00e0 lumi\u00e8re chaude avec variateur. Lumineuse r\u00e9glable en continu \u00e0 l'intensit\u00e9 souhait\u00e9e. \u00c9quip\u00e9 d'une poign\u00e9e en corde.\",\"breadcrumb\":{\"@id\":\"https:\\\/\\\/eurotrail.info\\\/fr\\\/producten\\\/jardin\\\/eclairage-jardin-terrasse\\\/storm-lanterne-led-rechargeable\\\/#breadcrumb\"},\"inLanguage\":\"fr-FR\",\"potentialAction\":[{\"@type\":\"ReadAction\",\"target\":[\"https:\\\/\\\/eurotrail.info\\\/fr\\\/producten\\\/jardin\\\/eclairage-jardin-terrasse\\\/storm-lanterne-led-rechargeable\\\/\"]}]},{\"@type\":\"ImageObject\",\"inLanguage\":\"fr-FR\",\"@id\":\"https:\\\/\\\/eurotrail.info\\\/fr\\\/producten\\\/jardin\\\/eclairage-jardin-terrasse\\\/storm-lanterne-led-rechargeable\\\/#primaryimage\",\"url\":\"https:\\\/\\\/eurotrail.info\\\/wp\\\/wp-content\\\/uploads\\\/2021\\\/11\\\/storm-1-scaled.jpg\",\"contentUrl\":\"https:\\\/\\\/eurotrail.info\\\/wp\\\/wp-content\\\/uploads\\\/2021\\\/11\\\/storm-1-scaled.jpg\",\"width\":1385,\"height\":2560,\"caption\":\"Origineel model tafellamp met warm licht voorzien van een dimmer\"},{\"@type\":\"BreadcrumbList\",\"@id\":\"https:\\\/\\\/eurotrail.info\\\/fr\\\/producten\\\/jardin\\\/eclairage-jardin-terrasse\\\/storm-lanterne-led-rechargeable\\\/#breadcrumb\",\"itemListElement\":[{\"@type\":\"ListItem\",\"position\":1,\"name\":\"Home\",\"item\":\"https:\\\/\\\/eurotrail.info\\\/fr\\\/\"},{\"@type\":\"ListItem\",\"position\":2,\"name\":\"Produits\",\"item\":\"https:\\\/\\\/eurotrail.info\\\/fr\\\/produits\\\/\"},{\"@type\":\"ListItem\",\"position\":3,\"name\":\"STORM Lanterne LED rechargeable\"}]},{\"@type\":\"WebSite\",\"@id\":\"https:\\\/\\\/eurotrail.info\\\/#website\",\"url\":\"https:\\\/\\\/eurotrail.info\\\/\",\"name\":\"Eurotrail | The way we camp!\",\"description\":\"\",\"publisher\":{\"@id\":\"https:\\\/\\\/eurotrail.info\\\/#organization\"},\"potentialAction\":[{\"@type\":\"SearchAction\",\"target\":{\"@type\":\"EntryPoint\",\"urlTemplate\":\"https:\\\/\\\/eurotrail.info\\\/?s={search_term_string}\"},\"query-input\":{\"@type\":\"PropertyValueSpecification\",\"valueRequired\":true,\"valueName\":\"search_term_string\"}}],\"inLanguage\":\"fr-FR\"},{\"@type\":\"Organization\",\"@id\":\"https:\\\/\\\/eurotrail.info\\\/#organization\",\"name\":\"Eurotrail | The way we camp!\",\"url\":\"https:\\\/\\\/eurotrail.info\\\/\",\"logo\":{\"@type\":\"ImageObject\",\"inLanguage\":\"fr-FR\",\"@id\":\"https:\\\/\\\/eurotrail.info\\\/#\\\/schema\\\/logo\\\/image\\\/\",\"url\":\"https:\\\/\\\/eurotrail.info\\\/wp\\\/wp-content\\\/uploads\\\/2023\\\/07\\\/ET-logo-quote_NL-scaled.jpg\",\"contentUrl\":\"https:\\\/\\\/eurotrail.info\\\/wp\\\/wp-content\\\/uploads\\\/2023\\\/07\\\/ET-logo-quote_NL-scaled.jpg\",\"width\":2560,\"height\":675,\"caption\":\"Eurotrail | The way we camp!\"},\"image\":{\"@id\":\"https:\\\/\\\/eurotrail.info\\\/#\\\/schema\\\/logo\\\/image\\\/\"}}]}<\/script>\n<!-- \/ Yoast SEO plugin. -->","yoast_head_json":{"title":"STORM Lanterne LED rechargeable - Eurotrail | The way we camp!","description":"Lampe de table \u00e0 lumi\u00e8re chaude avec variateur. Lumineuse r\u00e9glable en continu \u00e0 l'intensit\u00e9 souhait\u00e9e. \u00c9quip\u00e9 d'une poign\u00e9e en corde.","robots":{"index":"index","follow":"follow","max-snippet":"max-snippet:-1","max-image-preview":"max-image-preview:large","max-video-preview":"max-video-preview:-1"},"canonical":"https:\/\/eurotrail.info\/fr\/producten\/jardin\/eclairage-jardin-terrasse\/storm-lanterne-led-rechargeable\/","og_locale":"fr_FR","og_type":"article","og_title":"STORM Lanterne LED rechargeable - Eurotrail | The way we camp!","og_description":"Lampe de table \u00e0 lumi\u00e8re chaude avec variateur. Lumineuse r\u00e9glable en continu \u00e0 l'intensit\u00e9 souhait\u00e9e. \u00c9quip\u00e9 d'une poign\u00e9e en corde.","og_url":"https:\/\/eurotrail.info\/fr\/producten\/jardin\/eclairage-jardin-terrasse\/storm-lanterne-led-rechargeable\/","og_site_name":"Eurotrail | The way we camp!","article_modified_time":"2021-12-10T14:54:44+00:00","og_image":[{"width":1385,"height":2560,"url":"https:\/\/eurotrail.info\/wp\/wp-content\/uploads\/2021\/11\/storm-1-scaled.jpg","type":"image\/jpeg"}],"twitter_card":"summary_large_image","twitter_misc":{"Dur\u00e9e de lecture estim\u00e9e":"1 minute"},"schema":{"@context":"https:\/\/schema.org","@graph":[{"@type":"WebPage","@id":"https:\/\/eurotrail.info\/fr\/producten\/jardin\/eclairage-jardin-terrasse\/storm-lanterne-led-rechargeable\/","url":"https:\/\/eurotrail.info\/fr\/producten\/jardin\/eclairage-jardin-terrasse\/storm-lanterne-led-rechargeable\/","name":"STORM Lanterne LED rechargeable - Eurotrail | The way we camp!","isPartOf":{"@id":"https:\/\/eurotrail.info\/#website"},"primaryImageOfPage":{"@id":"https:\/\/eurotrail.info\/fr\/producten\/jardin\/eclairage-jardin-terrasse\/storm-lanterne-led-rechargeable\/#primaryimage"},"image":{"@id":"https:\/\/eurotrail.info\/fr\/producten\/jardin\/eclairage-jardin-terrasse\/storm-lanterne-led-rechargeable\/#primaryimage"},"thumbnailUrl":"https:\/\/eurotrail.info\/wp\/wp-content\/uploads\/2021\/11\/storm-1-scaled.jpg","datePublished":"2021-11-19T13:10:31+00:00","dateModified":"2021-12-10T14:54:44+00:00","description":"Lampe de table \u00e0 lumi\u00e8re chaude avec variateur. Lumineuse r\u00e9glable en continu \u00e0 l'intensit\u00e9 souhait\u00e9e. \u00c9quip\u00e9 d'une poign\u00e9e en corde.","breadcrumb":{"@id":"https:\/\/eurotrail.info\/fr\/producten\/jardin\/eclairage-jardin-terrasse\/storm-lanterne-led-rechargeable\/#breadcrumb"},"inLanguage":"fr-FR","potentialAction":[{"@type":"ReadAction","target":["https:\/\/eurotrail.info\/fr\/producten\/jardin\/eclairage-jardin-terrasse\/storm-lanterne-led-rechargeable\/"]}]},{"@type":"ImageObject","inLanguage":"fr-FR","@id":"https:\/\/eurotrail.info\/fr\/producten\/jardin\/eclairage-jardin-terrasse\/storm-lanterne-led-rechargeable\/#primaryimage","url":"https:\/\/eurotrail.info\/wp\/wp-content\/uploads\/2021\/11\/storm-1-scaled.jpg","contentUrl":"https:\/\/eurotrail.info\/wp\/wp-content\/uploads\/2021\/11\/storm-1-scaled.jpg","width":1385,"height":2560,"caption":"Origineel model tafellamp met warm licht voorzien van een dimmer"},{"@type":"BreadcrumbList","@id":"https:\/\/eurotrail.info\/fr\/producten\/jardin\/eclairage-jardin-terrasse\/storm-lanterne-led-rechargeable\/#breadcrumb","itemListElement":[{"@type":"ListItem","position":1,"name":"Home","item":"https:\/\/eurotrail.info\/fr\/"},{"@type":"ListItem","position":2,"name":"Produits","item":"https:\/\/eurotrail.info\/fr\/produits\/"},{"@type":"ListItem","position":3,"name":"STORM Lanterne LED rechargeable"}]},{"@type":"WebSite","@id":"https:\/\/eurotrail.info\/#website","url":"https:\/\/eurotrail.info\/","name":"Eurotrail | The way we camp!","description":"","publisher":{"@id":"https:\/\/eurotrail.info\/#organization"},"potentialAction":[{"@type":"SearchAction","target":{"@type":"EntryPoint","urlTemplate":"https:\/\/eurotrail.info\/?s={search_term_string}"},"query-input":{"@type":"PropertyValueSpecification","valueRequired":true,"valueName":"search_term_string"}}],"inLanguage":"fr-FR"},{"@type":"Organization","@id":"https:\/\/eurotrail.info\/#organization","name":"Eurotrail | The way we camp!","url":"https:\/\/eurotrail.info\/","logo":{"@type":"ImageObject","inLanguage":"fr-FR","@id":"https:\/\/eurotrail.info\/#\/schema\/logo\/image\/","url":"https:\/\/eurotrail.info\/wp\/wp-content\/uploads\/2023\/07\/ET-logo-quote_NL-scaled.jpg","contentUrl":"https:\/\/eurotrail.info\/wp\/wp-content\/uploads\/2023\/07\/ET-logo-quote_NL-scaled.jpg","width":2560,"height":675,"caption":"Eurotrail | The way we camp!"},"image":{"@id":"https:\/\/eurotrail.info\/#\/schema\/logo\/image\/"}}]}},"_links":{"self":[{"href":"https:\/\/eurotrail.info\/fr\/wp-json\/wp\/v2\/product\/13285","targetHints":{"allow":["GET"]}}],"collection":[{"href":"https:\/\/eurotrail.info\/fr\/wp-json\/wp\/v2\/product"}],"about":[{"href":"https:\/\/eurotrail.info\/fr\/wp-json\/wp\/v2\/types\/product"}],"replies":[{"embeddable":true,"href":"https:\/\/eurotrail.info\/fr\/wp-json\/wp\/v2\/comments?post=13285"}],"wp:featuredmedia":[{"embeddable":true,"href":"https:\/\/eurotrail.info\/fr\/wp-json\/wp\/v2\/media\/13225"}],"wp:attachment":[{"href":"https:\/\/eurotrail.info\/fr\/wp-json\/wp\/v2\/media?parent=13285"}],"wp:term":[{"taxonomy":"product_brand","embeddable":true,"href":"https:\/\/eurotrail.info\/fr\/wp-json\/wp\/v2\/product_brand?post=13285"},{"taxonomy":"product_cat","embeddable":true,"href":"https:\/\/eurotrail.info\/fr\/wp-json\/wp\/v2\/product_cat?post=13285"},{"taxonomy":"product_tag","embeddable":true,"href":"https:\/\/eurotrail.info\/fr\/wp-json\/wp\/v2\/product_tag?post=13285"}],"curies":[{"name":"wp","href":"https:\/\/api.w.org\/{rel}","templated":true}]}}