{"id":13288,"date":"2021-11-19T14:15:39","date_gmt":"2021-11-19T13:15:39","guid":{"rendered":"https:\/\/eurotrail.info\/producten\/wind-lanterne-led-rechargeable\/"},"modified":"2021-12-10T15:50:15","modified_gmt":"2021-12-10T14:50:15","slug":"wind-lanterne-led-rechargeable","status":"publish","type":"product","link":"https:\/\/eurotrail.info\/fr\/producten\/jardin\/eclairage-jardin-terrasse\/wind-lanterne-led-rechargeable\/","title":{"rendered":"WIND Lanterne LED rechargeable"},"content":{"rendered":"<p>Le WIND est la lampe classique du pass\u00e9 mais dans une version moderne. Lumi\u00e8re blanche r\u00e9glable\/lumi\u00e8re chaude et m\u00eame une lumi\u00e8re d&#8217;ambiance flamboyante. Avec le variateur, l&#8217;intensit\u00e9 lumineuse et la couleur peuvent \u00eatre ajust\u00e9es pour que vous ayez le bon \u00e9clairage \u00e0 chaque instant. La lampe est rechargeable avec le c\u00e2ble USB fourni et dispose d&#8217;une fonction de banque d&#8217;alimentation avec laquelle, par exemple, votre t\u00e9l\u00e9phone portable peut \u00eatre charg\u00e9.<\/p>\n<p>Puissance : 3.2W<br \/>\nSortie\/entr\u00e9e USB : 5V\/1A<br \/>\nDEL\u00a0: EPISTAR CMS 2835<br \/>\nLumen : 20-250 Lm<br \/>\nBatterie : 3.7V\/5200 mAh Lithium rechargeable 2&#215;18650<br \/>\nCaract\u00e9ristiques : Variateur, Fonction Power Bank<br \/>\nTemps de charge : 7h.<br \/>\nTemps de travail : 8-75h.<br \/>\nMat\u00e9riel: plastique, fer, verre et bambou<br \/>\nTaille: \u00d8 12.5x28cm<br \/>\nPoids : 600 grammes.<br \/>\nIndice IP\u00a0: IPX4<\/p>\n","protected":false},"excerpt":{"rendered":"<p>Le WIND est la lampe classique du pass\u00e9 mais dans une version moderne. Lumi\u00e8re blanche r\u00e9glable\/lumi\u00e8re chaude et m\u00eame une lumi\u00e8re d&#8217;ambiance flamboyante. Avec le&hellip;<\/p>\n","protected":false},"featured_media":13189,"comment_status":"open","ping_status":"closed","template":"","meta":{"_acf_changed":false},"product_brand":[],"product_cat":[303,283],"product_tag":[],"class_list":{"0":"post-13288","1":"product","2":"type-product","3":"status-publish","4":"has-post-thumbnail","6":"product_cat-eclairage-jardin-terrasse","7":"product_cat-lampes-de-camping","9":"first","10":"instock","11":"shipping-taxable","12":"product-type-simple"},"acf":[],"yoast_head":"<!-- This site is optimized with the Yoast SEO plugin v27.4 - https:\/\/yoast.com\/product\/yoast-seo-wordpress\/ -->\n<title>WIND Lanterne LED rechargeable - Eurotrail | The way we camp!<\/title>\n<meta name=\"description\" content=\"Lampe classique du pass\u00e9 mais dans une version moderne. Lumi\u00e8re blanche r\u00e9glable\/lumi\u00e8re chaude et m\u00eame une lumi\u00e8re d&#039;ambiance flamboyante.\" \/>\n<meta name=\"robots\" content=\"index, follow, max-snippet:-1, max-image-preview:large, max-video-preview:-1\" \/>\n<link rel=\"canonical\" href=\"https:\/\/eurotrail.info\/fr\/producten\/jardin\/eclairage-jardin-terrasse\/wind-lanterne-led-rechargeable\/\" \/>\n<meta property=\"og:locale\" content=\"fr_FR\" \/>\n<meta property=\"og:type\" content=\"article\" \/>\n<meta property=\"og:title\" content=\"WIND Lanterne LED rechargeable - Eurotrail | The way we camp!\" \/>\n<meta property=\"og:description\" content=\"Lampe classique du pass\u00e9 mais dans une version moderne. Lumi\u00e8re blanche r\u00e9glable\/lumi\u00e8re chaude et m\u00eame une lumi\u00e8re d&#039;ambiance flamboyante.\" \/>\n<meta property=\"og:url\" content=\"https:\/\/eurotrail.info\/fr\/producten\/jardin\/eclairage-jardin-terrasse\/wind-lanterne-led-rechargeable\/\" \/>\n<meta property=\"og:site_name\" content=\"Eurotrail | The way we camp!\" \/>\n<meta property=\"article:modified_time\" content=\"2021-12-10T14:50:15+00:00\" \/>\n<meta property=\"og:image\" content=\"https:\/\/eurotrail.info\/wp\/wp-content\/uploads\/2021\/11\/Wind-2-scaled.jpg\" \/>\n\t<meta property=\"og:image:width\" content=\"1178\" \/>\n\t<meta property=\"og:image:height\" content=\"2560\" \/>\n\t<meta property=\"og:image:type\" content=\"image\/jpeg\" \/>\n<meta name=\"twitter:card\" content=\"summary_large_image\" \/>\n<meta name=\"twitter:label1\" content=\"Dur\u00e9e de lecture estim\u00e9e\" \/>\n\t<meta name=\"twitter:data1\" content=\"1 minute\" \/>\n<script type=\"application\/ld+json\" class=\"yoast-schema-graph\">{\"@context\":\"https:\\\/\\\/schema.org\",\"@graph\":[{\"@type\":\"WebPage\",\"@id\":\"https:\\\/\\\/eurotrail.info\\\/fr\\\/producten\\\/jardin\\\/eclairage-jardin-terrasse\\\/wind-lanterne-led-rechargeable\\\/\",\"url\":\"https:\\\/\\\/eurotrail.info\\\/fr\\\/producten\\\/jardin\\\/eclairage-jardin-terrasse\\\/wind-lanterne-led-rechargeable\\\/\",\"name\":\"WIND Lanterne LED rechargeable - Eurotrail | The way we camp!\",\"isPartOf\":{\"@id\":\"https:\\\/\\\/eurotrail.info\\\/#website\"},\"primaryImageOfPage\":{\"@id\":\"https:\\\/\\\/eurotrail.info\\\/fr\\\/producten\\\/jardin\\\/eclairage-jardin-terrasse\\\/wind-lanterne-led-rechargeable\\\/#primaryimage\"},\"image\":{\"@id\":\"https:\\\/\\\/eurotrail.info\\\/fr\\\/producten\\\/jardin\\\/eclairage-jardin-terrasse\\\/wind-lanterne-led-rechargeable\\\/#primaryimage\"},\"thumbnailUrl\":\"https:\\\/\\\/eurotrail.info\\\/wp\\\/wp-content\\\/uploads\\\/2021\\\/11\\\/Wind-2-scaled.jpg\",\"datePublished\":\"2021-11-19T13:15:39+00:00\",\"dateModified\":\"2021-12-10T14:50:15+00:00\",\"description\":\"Lampe classique du pass\u00e9 mais dans une version moderne. Lumi\u00e8re blanche r\u00e9glable\\\/lumi\u00e8re chaude et m\u00eame une lumi\u00e8re d'ambiance flamboyante.\",\"breadcrumb\":{\"@id\":\"https:\\\/\\\/eurotrail.info\\\/fr\\\/producten\\\/jardin\\\/eclairage-jardin-terrasse\\\/wind-lanterne-led-rechargeable\\\/#breadcrumb\"},\"inLanguage\":\"fr-FR\",\"potentialAction\":[{\"@type\":\"ReadAction\",\"target\":[\"https:\\\/\\\/eurotrail.info\\\/fr\\\/producten\\\/jardin\\\/eclairage-jardin-terrasse\\\/wind-lanterne-led-rechargeable\\\/\"]}]},{\"@type\":\"ImageObject\",\"inLanguage\":\"fr-FR\",\"@id\":\"https:\\\/\\\/eurotrail.info\\\/fr\\\/producten\\\/jardin\\\/eclairage-jardin-terrasse\\\/wind-lanterne-led-rechargeable\\\/#primaryimage\",\"url\":\"https:\\\/\\\/eurotrail.info\\\/wp\\\/wp-content\\\/uploads\\\/2021\\\/11\\\/Wind-2-scaled.jpg\",\"contentUrl\":\"https:\\\/\\\/eurotrail.info\\\/wp\\\/wp-content\\\/uploads\\\/2021\\\/11\\\/Wind-2-scaled.jpg\",\"width\":1178,\"height\":2560,\"caption\":\"Origineel model tafellamp met warm licht voorzien van een dimmer\"},{\"@type\":\"BreadcrumbList\",\"@id\":\"https:\\\/\\\/eurotrail.info\\\/fr\\\/producten\\\/jardin\\\/eclairage-jardin-terrasse\\\/wind-lanterne-led-rechargeable\\\/#breadcrumb\",\"itemListElement\":[{\"@type\":\"ListItem\",\"position\":1,\"name\":\"Home\",\"item\":\"https:\\\/\\\/eurotrail.info\\\/fr\\\/\"},{\"@type\":\"ListItem\",\"position\":2,\"name\":\"Produits\",\"item\":\"https:\\\/\\\/eurotrail.info\\\/fr\\\/produits\\\/\"},{\"@type\":\"ListItem\",\"position\":3,\"name\":\"WIND Lanterne LED rechargeable\"}]},{\"@type\":\"WebSite\",\"@id\":\"https:\\\/\\\/eurotrail.info\\\/#website\",\"url\":\"https:\\\/\\\/eurotrail.info\\\/\",\"name\":\"Eurotrail | The way we camp!\",\"description\":\"\",\"publisher\":{\"@id\":\"https:\\\/\\\/eurotrail.info\\\/#organization\"},\"potentialAction\":[{\"@type\":\"SearchAction\",\"target\":{\"@type\":\"EntryPoint\",\"urlTemplate\":\"https:\\\/\\\/eurotrail.info\\\/?s={search_term_string}\"},\"query-input\":{\"@type\":\"PropertyValueSpecification\",\"valueRequired\":true,\"valueName\":\"search_term_string\"}}],\"inLanguage\":\"fr-FR\"},{\"@type\":\"Organization\",\"@id\":\"https:\\\/\\\/eurotrail.info\\\/#organization\",\"name\":\"Eurotrail | The way we camp!\",\"url\":\"https:\\\/\\\/eurotrail.info\\\/\",\"logo\":{\"@type\":\"ImageObject\",\"inLanguage\":\"fr-FR\",\"@id\":\"https:\\\/\\\/eurotrail.info\\\/#\\\/schema\\\/logo\\\/image\\\/\",\"url\":\"https:\\\/\\\/eurotrail.info\\\/wp\\\/wp-content\\\/uploads\\\/2023\\\/07\\\/ET-logo-quote_NL-scaled.jpg\",\"contentUrl\":\"https:\\\/\\\/eurotrail.info\\\/wp\\\/wp-content\\\/uploads\\\/2023\\\/07\\\/ET-logo-quote_NL-scaled.jpg\",\"width\":2560,\"height\":675,\"caption\":\"Eurotrail | The way we camp!\"},\"image\":{\"@id\":\"https:\\\/\\\/eurotrail.info\\\/#\\\/schema\\\/logo\\\/image\\\/\"}}]}<\/script>\n<!-- \/ Yoast SEO plugin. -->","yoast_head_json":{"title":"WIND Lanterne LED rechargeable - Eurotrail | The way we camp!","description":"Lampe classique du pass\u00e9 mais dans une version moderne. Lumi\u00e8re blanche r\u00e9glable\/lumi\u00e8re chaude et m\u00eame une lumi\u00e8re d'ambiance flamboyante.","robots":{"index":"index","follow":"follow","max-snippet":"max-snippet:-1","max-image-preview":"max-image-preview:large","max-video-preview":"max-video-preview:-1"},"canonical":"https:\/\/eurotrail.info\/fr\/producten\/jardin\/eclairage-jardin-terrasse\/wind-lanterne-led-rechargeable\/","og_locale":"fr_FR","og_type":"article","og_title":"WIND Lanterne LED rechargeable - Eurotrail | The way we camp!","og_description":"Lampe classique du pass\u00e9 mais dans une version moderne. Lumi\u00e8re blanche r\u00e9glable\/lumi\u00e8re chaude et m\u00eame une lumi\u00e8re d'ambiance flamboyante.","og_url":"https:\/\/eurotrail.info\/fr\/producten\/jardin\/eclairage-jardin-terrasse\/wind-lanterne-led-rechargeable\/","og_site_name":"Eurotrail | The way we camp!","article_modified_time":"2021-12-10T14:50:15+00:00","og_image":[{"width":1178,"height":2560,"url":"https:\/\/eurotrail.info\/wp\/wp-content\/uploads\/2021\/11\/Wind-2-scaled.jpg","type":"image\/jpeg"}],"twitter_card":"summary_large_image","twitter_misc":{"Dur\u00e9e de lecture estim\u00e9e":"1 minute"},"schema":{"@context":"https:\/\/schema.org","@graph":[{"@type":"WebPage","@id":"https:\/\/eurotrail.info\/fr\/producten\/jardin\/eclairage-jardin-terrasse\/wind-lanterne-led-rechargeable\/","url":"https:\/\/eurotrail.info\/fr\/producten\/jardin\/eclairage-jardin-terrasse\/wind-lanterne-led-rechargeable\/","name":"WIND Lanterne LED rechargeable - Eurotrail | The way we camp!","isPartOf":{"@id":"https:\/\/eurotrail.info\/#website"},"primaryImageOfPage":{"@id":"https:\/\/eurotrail.info\/fr\/producten\/jardin\/eclairage-jardin-terrasse\/wind-lanterne-led-rechargeable\/#primaryimage"},"image":{"@id":"https:\/\/eurotrail.info\/fr\/producten\/jardin\/eclairage-jardin-terrasse\/wind-lanterne-led-rechargeable\/#primaryimage"},"thumbnailUrl":"https:\/\/eurotrail.info\/wp\/wp-content\/uploads\/2021\/11\/Wind-2-scaled.jpg","datePublished":"2021-11-19T13:15:39+00:00","dateModified":"2021-12-10T14:50:15+00:00","description":"Lampe classique du pass\u00e9 mais dans une version moderne. Lumi\u00e8re blanche r\u00e9glable\/lumi\u00e8re chaude et m\u00eame une lumi\u00e8re d'ambiance flamboyante.","breadcrumb":{"@id":"https:\/\/eurotrail.info\/fr\/producten\/jardin\/eclairage-jardin-terrasse\/wind-lanterne-led-rechargeable\/#breadcrumb"},"inLanguage":"fr-FR","potentialAction":[{"@type":"ReadAction","target":["https:\/\/eurotrail.info\/fr\/producten\/jardin\/eclairage-jardin-terrasse\/wind-lanterne-led-rechargeable\/"]}]},{"@type":"ImageObject","inLanguage":"fr-FR","@id":"https:\/\/eurotrail.info\/fr\/producten\/jardin\/eclairage-jardin-terrasse\/wind-lanterne-led-rechargeable\/#primaryimage","url":"https:\/\/eurotrail.info\/wp\/wp-content\/uploads\/2021\/11\/Wind-2-scaled.jpg","contentUrl":"https:\/\/eurotrail.info\/wp\/wp-content\/uploads\/2021\/11\/Wind-2-scaled.jpg","width":1178,"height":2560,"caption":"Origineel model tafellamp met warm licht voorzien van een dimmer"},{"@type":"BreadcrumbList","@id":"https:\/\/eurotrail.info\/fr\/producten\/jardin\/eclairage-jardin-terrasse\/wind-lanterne-led-rechargeable\/#breadcrumb","itemListElement":[{"@type":"ListItem","position":1,"name":"Home","item":"https:\/\/eurotrail.info\/fr\/"},{"@type":"ListItem","position":2,"name":"Produits","item":"https:\/\/eurotrail.info\/fr\/produits\/"},{"@type":"ListItem","position":3,"name":"WIND Lanterne LED rechargeable"}]},{"@type":"WebSite","@id":"https:\/\/eurotrail.info\/#website","url":"https:\/\/eurotrail.info\/","name":"Eurotrail | The way we camp!","description":"","publisher":{"@id":"https:\/\/eurotrail.info\/#organization"},"potentialAction":[{"@type":"SearchAction","target":{"@type":"EntryPoint","urlTemplate":"https:\/\/eurotrail.info\/?s={search_term_string}"},"query-input":{"@type":"PropertyValueSpecification","valueRequired":true,"valueName":"search_term_string"}}],"inLanguage":"fr-FR"},{"@type":"Organization","@id":"https:\/\/eurotrail.info\/#organization","name":"Eurotrail | The way we camp!","url":"https:\/\/eurotrail.info\/","logo":{"@type":"ImageObject","inLanguage":"fr-FR","@id":"https:\/\/eurotrail.info\/#\/schema\/logo\/image\/","url":"https:\/\/eurotrail.info\/wp\/wp-content\/uploads\/2023\/07\/ET-logo-quote_NL-scaled.jpg","contentUrl":"https:\/\/eurotrail.info\/wp\/wp-content\/uploads\/2023\/07\/ET-logo-quote_NL-scaled.jpg","width":2560,"height":675,"caption":"Eurotrail | The way we camp!"},"image":{"@id":"https:\/\/eurotrail.info\/#\/schema\/logo\/image\/"}}]}},"_links":{"self":[{"href":"https:\/\/eurotrail.info\/fr\/wp-json\/wp\/v2\/product\/13288","targetHints":{"allow":["GET"]}}],"collection":[{"href":"https:\/\/eurotrail.info\/fr\/wp-json\/wp\/v2\/product"}],"about":[{"href":"https:\/\/eurotrail.info\/fr\/wp-json\/wp\/v2\/types\/product"}],"replies":[{"embeddable":true,"href":"https:\/\/eurotrail.info\/fr\/wp-json\/wp\/v2\/comments?post=13288"}],"wp:featuredmedia":[{"embeddable":true,"href":"https:\/\/eurotrail.info\/fr\/wp-json\/wp\/v2\/media\/13189"}],"wp:attachment":[{"href":"https:\/\/eurotrail.info\/fr\/wp-json\/wp\/v2\/media?parent=13288"}],"wp:term":[{"taxonomy":"product_brand","embeddable":true,"href":"https:\/\/eurotrail.info\/fr\/wp-json\/wp\/v2\/product_brand?post=13288"},{"taxonomy":"product_cat","embeddable":true,"href":"https:\/\/eurotrail.info\/fr\/wp-json\/wp\/v2\/product_cat?post=13288"},{"taxonomy":"product_tag","embeddable":true,"href":"https:\/\/eurotrail.info\/fr\/wp-json\/wp\/v2\/product_tag?post=13288"}],"curies":[{"name":"wp","href":"https:\/\/api.w.org\/{rel}","templated":true}]}}