{"id":13308,"date":"2021-11-19T14:56:48","date_gmt":"2021-11-19T13:56:48","guid":{"rendered":"https:\/\/eurotrail.info\/producten\/bouilloire-sifflante-de-camping-en-acier-inoxydable1-5-ltr\/"},"modified":"2021-11-19T14:56:48","modified_gmt":"2021-11-19T13:56:48","slug":"bouilloire-sifflante-de-camping-en-acier-inoxydable1-5-ltr","status":"publish","type":"product","link":"https:\/\/eurotrail.info\/fr\/producten\/articles-menagers\/casseroles-inox\/bouilloire-sifflante-de-camping-en-acier-inoxydable1-5-ltr\/","title":{"rendered":"Bouilloire sifflante de camping en acier inoxydable1.5 ltr."},"content":{"rendered":"<p>Bouilloire sifflante de camping en acier inoxydable disponible avec un volume de 1,5 litres. Fabriqu\u00e9 en acier inoxydable l\u00e9ger avec une poign\u00e9e et un bouton r\u00e9sistant \u00e0 la chaleur. La poign\u00e9e peut \u00eatre pli\u00e9e \u00e0 plat pour que la bouilloire prenne peu d&#8217;espace de rangement. Peut \u00eatre utilis\u00e9 sur diverses sources d&#8217;incendie.<\/p>\n<p>Dimensions\u00a0:\u00a017x19x20cm \/\u00a0\u00d816,3\u00a0cm<br \/>\nMat\u00e9riel: acier inoxydable<br \/>\nPoids : 325g<\/p>\n","protected":false},"excerpt":{"rendered":"<p>Bouilloire sifflante de camping en acier inoxydable disponible avec un volume de 1,5 litres. Fabriqu\u00e9 en acier inoxydable l\u00e9ger avec une poign\u00e9e et un bouton&hellip;<\/p>\n","protected":false},"featured_media":13293,"comment_status":"open","ping_status":"closed","template":"","meta":{"_acf_changed":false},"product_brand":[],"product_cat":[243,248],"product_tag":[],"class_list":{"0":"post-13308","1":"product","2":"type-product","3":"status-publish","4":"has-post-thumbnail","6":"product_cat-articles-menagers","7":"product_cat-casseroles-inox","9":"first","10":"instock","11":"shipping-taxable","12":"product-type-simple"},"acf":[],"yoast_head":"<!-- This site is optimized with the Yoast SEO plugin v27.4 - https:\/\/yoast.com\/product\/yoast-seo-wordpress\/ -->\n<title>Bouilloire sifflante de camping en acier inoxydable1.5 ltr. - Eurotrail | The way we camp!<\/title>\n<meta name=\"robots\" content=\"index, follow, max-snippet:-1, max-image-preview:large, max-video-preview:-1\" \/>\n<link rel=\"canonical\" href=\"https:\/\/eurotrail.info\/fr\/producten\/articles-menagers\/casseroles-inox\/bouilloire-sifflante-de-camping-en-acier-inoxydable1-5-ltr\/\" \/>\n<meta property=\"og:locale\" content=\"fr_FR\" \/>\n<meta property=\"og:type\" content=\"article\" \/>\n<meta property=\"og:title\" content=\"Bouilloire sifflante de camping en acier inoxydable1.5 ltr. - Eurotrail | The way we camp!\" \/>\n<meta property=\"og:description\" content=\"Bouilloire sifflante de camping en acier inoxydable disponible avec un volume de 1,5 litres. Fabriqu\u00e9 en acier inoxydable l\u00e9ger avec une poign\u00e9e et un bouton&hellip;\" \/>\n<meta property=\"og:url\" content=\"https:\/\/eurotrail.info\/fr\/producten\/articles-menagers\/casseroles-inox\/bouilloire-sifflante-de-camping-en-acier-inoxydable1-5-ltr\/\" \/>\n<meta property=\"og:site_name\" content=\"Eurotrail | The way we camp!\" \/>\n<meta property=\"og:image\" content=\"https:\/\/eurotrail.info\/wp\/wp-content\/uploads\/2021\/11\/fluitketel-a.jpg\" \/>\n\t<meta property=\"og:image:width\" content=\"2176\" \/>\n\t<meta property=\"og:image:height\" content=\"2449\" \/>\n\t<meta property=\"og:image:type\" content=\"image\/jpeg\" \/>\n<meta name=\"twitter:card\" content=\"summary_large_image\" \/>\n<script type=\"application\/ld+json\" class=\"yoast-schema-graph\">{\"@context\":\"https:\\\/\\\/schema.org\",\"@graph\":[{\"@type\":\"WebPage\",\"@id\":\"https:\\\/\\\/eurotrail.info\\\/fr\\\/producten\\\/articles-menagers\\\/casseroles-inox\\\/bouilloire-sifflante-de-camping-en-acier-inoxydable1-5-ltr\\\/\",\"url\":\"https:\\\/\\\/eurotrail.info\\\/fr\\\/producten\\\/articles-menagers\\\/casseroles-inox\\\/bouilloire-sifflante-de-camping-en-acier-inoxydable1-5-ltr\\\/\",\"name\":\"Bouilloire sifflante de camping en acier inoxydable1.5 ltr. - Eurotrail | The way we camp!\",\"isPartOf\":{\"@id\":\"https:\\\/\\\/eurotrail.info\\\/#website\"},\"primaryImageOfPage\":{\"@id\":\"https:\\\/\\\/eurotrail.info\\\/fr\\\/producten\\\/articles-menagers\\\/casseroles-inox\\\/bouilloire-sifflante-de-camping-en-acier-inoxydable1-5-ltr\\\/#primaryimage\"},\"image\":{\"@id\":\"https:\\\/\\\/eurotrail.info\\\/fr\\\/producten\\\/articles-menagers\\\/casseroles-inox\\\/bouilloire-sifflante-de-camping-en-acier-inoxydable1-5-ltr\\\/#primaryimage\"},\"thumbnailUrl\":\"https:\\\/\\\/eurotrail.info\\\/wp\\\/wp-content\\\/uploads\\\/2021\\\/11\\\/fluitketel-a.jpg\",\"datePublished\":\"2021-11-19T13:56:48+00:00\",\"breadcrumb\":{\"@id\":\"https:\\\/\\\/eurotrail.info\\\/fr\\\/producten\\\/articles-menagers\\\/casseroles-inox\\\/bouilloire-sifflante-de-camping-en-acier-inoxydable1-5-ltr\\\/#breadcrumb\"},\"inLanguage\":\"fr-FR\",\"potentialAction\":[{\"@type\":\"ReadAction\",\"target\":[\"https:\\\/\\\/eurotrail.info\\\/fr\\\/producten\\\/articles-menagers\\\/casseroles-inox\\\/bouilloire-sifflante-de-camping-en-acier-inoxydable1-5-ltr\\\/\"]}]},{\"@type\":\"ImageObject\",\"inLanguage\":\"fr-FR\",\"@id\":\"https:\\\/\\\/eurotrail.info\\\/fr\\\/producten\\\/articles-menagers\\\/casseroles-inox\\\/bouilloire-sifflante-de-camping-en-acier-inoxydable1-5-ltr\\\/#primaryimage\",\"url\":\"https:\\\/\\\/eurotrail.info\\\/wp\\\/wp-content\\\/uploads\\\/2021\\\/11\\\/fluitketel-a.jpg\",\"contentUrl\":\"https:\\\/\\\/eurotrail.info\\\/wp\\\/wp-content\\\/uploads\\\/2021\\\/11\\\/fluitketel-a.jpg\",\"width\":2176,\"height\":2449,\"caption\":\"RVS camping fluitketel leverbaar met een inhoud van 1,5 liter\"},{\"@type\":\"BreadcrumbList\",\"@id\":\"https:\\\/\\\/eurotrail.info\\\/fr\\\/producten\\\/articles-menagers\\\/casseroles-inox\\\/bouilloire-sifflante-de-camping-en-acier-inoxydable1-5-ltr\\\/#breadcrumb\",\"itemListElement\":[{\"@type\":\"ListItem\",\"position\":1,\"name\":\"Home\",\"item\":\"https:\\\/\\\/eurotrail.info\\\/fr\\\/\"},{\"@type\":\"ListItem\",\"position\":2,\"name\":\"Produits\",\"item\":\"https:\\\/\\\/eurotrail.info\\\/fr\\\/produits\\\/\"},{\"@type\":\"ListItem\",\"position\":3,\"name\":\"Bouilloire sifflante de camping en acier inoxydable1.5 ltr.\"}]},{\"@type\":\"WebSite\",\"@id\":\"https:\\\/\\\/eurotrail.info\\\/#website\",\"url\":\"https:\\\/\\\/eurotrail.info\\\/\",\"name\":\"Eurotrail | The way we camp!\",\"description\":\"\",\"publisher\":{\"@id\":\"https:\\\/\\\/eurotrail.info\\\/#organization\"},\"potentialAction\":[{\"@type\":\"SearchAction\",\"target\":{\"@type\":\"EntryPoint\",\"urlTemplate\":\"https:\\\/\\\/eurotrail.info\\\/?s={search_term_string}\"},\"query-input\":{\"@type\":\"PropertyValueSpecification\",\"valueRequired\":true,\"valueName\":\"search_term_string\"}}],\"inLanguage\":\"fr-FR\"},{\"@type\":\"Organization\",\"@id\":\"https:\\\/\\\/eurotrail.info\\\/#organization\",\"name\":\"Eurotrail | The way we camp!\",\"url\":\"https:\\\/\\\/eurotrail.info\\\/\",\"logo\":{\"@type\":\"ImageObject\",\"inLanguage\":\"fr-FR\",\"@id\":\"https:\\\/\\\/eurotrail.info\\\/#\\\/schema\\\/logo\\\/image\\\/\",\"url\":\"https:\\\/\\\/eurotrail.info\\\/wp\\\/wp-content\\\/uploads\\\/2023\\\/07\\\/ET-logo-quote_NL-scaled.jpg\",\"contentUrl\":\"https:\\\/\\\/eurotrail.info\\\/wp\\\/wp-content\\\/uploads\\\/2023\\\/07\\\/ET-logo-quote_NL-scaled.jpg\",\"width\":2560,\"height\":675,\"caption\":\"Eurotrail | The way we camp!\"},\"image\":{\"@id\":\"https:\\\/\\\/eurotrail.info\\\/#\\\/schema\\\/logo\\\/image\\\/\"}}]}<\/script>\n<!-- \/ Yoast SEO plugin. -->","yoast_head_json":{"title":"Bouilloire sifflante de camping en acier inoxydable1.5 ltr. - Eurotrail | The way we camp!","robots":{"index":"index","follow":"follow","max-snippet":"max-snippet:-1","max-image-preview":"max-image-preview:large","max-video-preview":"max-video-preview:-1"},"canonical":"https:\/\/eurotrail.info\/fr\/producten\/articles-menagers\/casseroles-inox\/bouilloire-sifflante-de-camping-en-acier-inoxydable1-5-ltr\/","og_locale":"fr_FR","og_type":"article","og_title":"Bouilloire sifflante de camping en acier inoxydable1.5 ltr. - Eurotrail | The way we camp!","og_description":"Bouilloire sifflante de camping en acier inoxydable disponible avec un volume de 1,5 litres. Fabriqu\u00e9 en acier inoxydable l\u00e9ger avec une poign\u00e9e et un bouton&hellip;","og_url":"https:\/\/eurotrail.info\/fr\/producten\/articles-menagers\/casseroles-inox\/bouilloire-sifflante-de-camping-en-acier-inoxydable1-5-ltr\/","og_site_name":"Eurotrail | The way we camp!","og_image":[{"width":2176,"height":2449,"url":"https:\/\/eurotrail.info\/wp\/wp-content\/uploads\/2021\/11\/fluitketel-a.jpg","type":"image\/jpeg"}],"twitter_card":"summary_large_image","schema":{"@context":"https:\/\/schema.org","@graph":[{"@type":"WebPage","@id":"https:\/\/eurotrail.info\/fr\/producten\/articles-menagers\/casseroles-inox\/bouilloire-sifflante-de-camping-en-acier-inoxydable1-5-ltr\/","url":"https:\/\/eurotrail.info\/fr\/producten\/articles-menagers\/casseroles-inox\/bouilloire-sifflante-de-camping-en-acier-inoxydable1-5-ltr\/","name":"Bouilloire sifflante de camping en acier inoxydable1.5 ltr. - Eurotrail | The way we camp!","isPartOf":{"@id":"https:\/\/eurotrail.info\/#website"},"primaryImageOfPage":{"@id":"https:\/\/eurotrail.info\/fr\/producten\/articles-menagers\/casseroles-inox\/bouilloire-sifflante-de-camping-en-acier-inoxydable1-5-ltr\/#primaryimage"},"image":{"@id":"https:\/\/eurotrail.info\/fr\/producten\/articles-menagers\/casseroles-inox\/bouilloire-sifflante-de-camping-en-acier-inoxydable1-5-ltr\/#primaryimage"},"thumbnailUrl":"https:\/\/eurotrail.info\/wp\/wp-content\/uploads\/2021\/11\/fluitketel-a.jpg","datePublished":"2021-11-19T13:56:48+00:00","breadcrumb":{"@id":"https:\/\/eurotrail.info\/fr\/producten\/articles-menagers\/casseroles-inox\/bouilloire-sifflante-de-camping-en-acier-inoxydable1-5-ltr\/#breadcrumb"},"inLanguage":"fr-FR","potentialAction":[{"@type":"ReadAction","target":["https:\/\/eurotrail.info\/fr\/producten\/articles-menagers\/casseroles-inox\/bouilloire-sifflante-de-camping-en-acier-inoxydable1-5-ltr\/"]}]},{"@type":"ImageObject","inLanguage":"fr-FR","@id":"https:\/\/eurotrail.info\/fr\/producten\/articles-menagers\/casseroles-inox\/bouilloire-sifflante-de-camping-en-acier-inoxydable1-5-ltr\/#primaryimage","url":"https:\/\/eurotrail.info\/wp\/wp-content\/uploads\/2021\/11\/fluitketel-a.jpg","contentUrl":"https:\/\/eurotrail.info\/wp\/wp-content\/uploads\/2021\/11\/fluitketel-a.jpg","width":2176,"height":2449,"caption":"RVS camping fluitketel leverbaar met een inhoud van 1,5 liter"},{"@type":"BreadcrumbList","@id":"https:\/\/eurotrail.info\/fr\/producten\/articles-menagers\/casseroles-inox\/bouilloire-sifflante-de-camping-en-acier-inoxydable1-5-ltr\/#breadcrumb","itemListElement":[{"@type":"ListItem","position":1,"name":"Home","item":"https:\/\/eurotrail.info\/fr\/"},{"@type":"ListItem","position":2,"name":"Produits","item":"https:\/\/eurotrail.info\/fr\/produits\/"},{"@type":"ListItem","position":3,"name":"Bouilloire sifflante de camping en acier inoxydable1.5 ltr."}]},{"@type":"WebSite","@id":"https:\/\/eurotrail.info\/#website","url":"https:\/\/eurotrail.info\/","name":"Eurotrail | The way we camp!","description":"","publisher":{"@id":"https:\/\/eurotrail.info\/#organization"},"potentialAction":[{"@type":"SearchAction","target":{"@type":"EntryPoint","urlTemplate":"https:\/\/eurotrail.info\/?s={search_term_string}"},"query-input":{"@type":"PropertyValueSpecification","valueRequired":true,"valueName":"search_term_string"}}],"inLanguage":"fr-FR"},{"@type":"Organization","@id":"https:\/\/eurotrail.info\/#organization","name":"Eurotrail | The way we camp!","url":"https:\/\/eurotrail.info\/","logo":{"@type":"ImageObject","inLanguage":"fr-FR","@id":"https:\/\/eurotrail.info\/#\/schema\/logo\/image\/","url":"https:\/\/eurotrail.info\/wp\/wp-content\/uploads\/2023\/07\/ET-logo-quote_NL-scaled.jpg","contentUrl":"https:\/\/eurotrail.info\/wp\/wp-content\/uploads\/2023\/07\/ET-logo-quote_NL-scaled.jpg","width":2560,"height":675,"caption":"Eurotrail | The way we camp!"},"image":{"@id":"https:\/\/eurotrail.info\/#\/schema\/logo\/image\/"}}]}},"_links":{"self":[{"href":"https:\/\/eurotrail.info\/fr\/wp-json\/wp\/v2\/product\/13308","targetHints":{"allow":["GET"]}}],"collection":[{"href":"https:\/\/eurotrail.info\/fr\/wp-json\/wp\/v2\/product"}],"about":[{"href":"https:\/\/eurotrail.info\/fr\/wp-json\/wp\/v2\/types\/product"}],"replies":[{"embeddable":true,"href":"https:\/\/eurotrail.info\/fr\/wp-json\/wp\/v2\/comments?post=13308"}],"wp:featuredmedia":[{"embeddable":true,"href":"https:\/\/eurotrail.info\/fr\/wp-json\/wp\/v2\/media\/13293"}],"wp:attachment":[{"href":"https:\/\/eurotrail.info\/fr\/wp-json\/wp\/v2\/media?parent=13308"}],"wp:term":[{"taxonomy":"product_brand","embeddable":true,"href":"https:\/\/eurotrail.info\/fr\/wp-json\/wp\/v2\/product_brand?post=13308"},{"taxonomy":"product_cat","embeddable":true,"href":"https:\/\/eurotrail.info\/fr\/wp-json\/wp\/v2\/product_cat?post=13308"},{"taxonomy":"product_tag","embeddable":true,"href":"https:\/\/eurotrail.info\/fr\/wp-json\/wp\/v2\/product_tag?post=13308"}],"curies":[{"name":"wp","href":"https:\/\/api.w.org\/{rel}","templated":true}]}}