{"id":13320,"date":"2021-11-19T16:13:21","date_gmt":"2021-11-19T15:13:21","guid":{"rendered":"https:\/\/eurotrail.info\/producten\/crystal-verre-a-eau-380-ml-pc\/"},"modified":"2026-01-22T11:22:14","modified_gmt":"2026-01-22T10:22:14","slug":"crystal-verre-a-eau-380-ml-pc","status":"publish","type":"product","link":"https:\/\/eurotrail.info\/fr\/producten\/articles-menagers\/verrerie\/crystal-verre-a-eau-380-ml-pc\/","title":{"rendered":"Crystal verre \u00e0 eau 300\/380 ml"},"content":{"rendered":"<p>Ce verre allie l&#8217;\u00e9l\u00e9gance du cristal \u00e0 la praticit\u00e9 du plastique moderne.<\/p>\n<p>Fabriqu\u00e9 en plastique MS de haute qualit\u00e9, ce verre est l\u00e9ger et quasiment incassable. Id\u00e9al pour le camping, le jardin ou la terrasse.<\/p>\n<p>Adapt\u00e9 \u00e0 l&#8217;eau, \u00e0 la limonade et au vin, il est parfait pour ceux qui recherchent un moment de d\u00e9tente et de style.<\/p>\n<p>Composition\u00a0: 100\u00a0% plastique MS<br \/>\nContenance\u00a0: 380\u00a0ml<br \/>\nPoids\u00a0: 122\u00a0g \/ 141\u00a0g<br \/>\nCapacit\u00e9\u00a0: 300 ou 380\u00a0ml<\/p>\n","protected":false},"excerpt":{"rendered":"<p>Ce verre allie l&#8217;\u00e9l\u00e9gance du cristal \u00e0 la praticit\u00e9 du plastique moderne. Fabriqu\u00e9 en plastique MS de haute qualit\u00e9, ce verre est l\u00e9ger et quasiment&hellip;<\/p>\n","protected":false},"featured_media":13313,"comment_status":"open","ping_status":"closed","template":"","meta":{"_acf_changed":false},"product_brand":[],"product_cat":[243,250],"product_tag":[],"class_list":{"0":"post-13320","1":"product","2":"type-product","3":"status-publish","4":"has-post-thumbnail","6":"product_cat-articles-menagers","7":"product_cat-verrerie","9":"first","10":"instock","11":"shipping-taxable","12":"product-type-simple"},"acf":[],"yoast_head":"<!-- This site is optimized with the Yoast SEO plugin v27.3 - https:\/\/yoast.com\/product\/yoast-seo-wordpress\/ -->\n<title>Crystal verre \u00e0 eau 300\/380 ml - Eurotrail | The way we camp!<\/title>\n<meta name=\"description\" content=\"Ce verre \u00e0 eau est disponible en 300 ou 380 ml. Fabriqu\u00e9 en plastique MS, il est pratiquement incassable.\" \/>\n<meta name=\"robots\" content=\"index, follow, max-snippet:-1, max-image-preview:large, max-video-preview:-1\" \/>\n<link rel=\"canonical\" href=\"https:\/\/eurotrail.info\/fr\/producten\/articles-menagers\/verrerie\/crystal-verre-a-eau-380-ml-pc\/\" \/>\n<meta property=\"og:locale\" content=\"fr_FR\" \/>\n<meta property=\"og:type\" content=\"article\" \/>\n<meta property=\"og:title\" content=\"Crystal verre \u00e0 eau 300\/380 ml - Eurotrail | The way we camp!\" \/>\n<meta property=\"og:description\" content=\"Ce verre \u00e0 eau est disponible en 300 ou 380 ml. Fabriqu\u00e9 en plastique MS, il est pratiquement incassable.\" \/>\n<meta property=\"og:url\" content=\"https:\/\/eurotrail.info\/fr\/producten\/articles-menagers\/verrerie\/crystal-verre-a-eau-380-ml-pc\/\" \/>\n<meta property=\"og:site_name\" content=\"Eurotrail | The way we camp!\" \/>\n<meta property=\"article:modified_time\" content=\"2026-01-22T10:22:14+00:00\" \/>\n<meta property=\"og:image\" content=\"https:\/\/eurotrail.info\/wp\/wp-content\/uploads\/2021\/11\/tumbler-1-klein.jpg\" \/>\n\t<meta property=\"og:image:width\" content=\"1181\" \/>\n\t<meta property=\"og:image:height\" content=\"1498\" \/>\n\t<meta property=\"og:image:type\" content=\"image\/jpeg\" \/>\n<meta name=\"twitter:card\" content=\"summary_large_image\" \/>\n<meta name=\"twitter:label1\" content=\"Dur\u00e9e de lecture estim\u00e9e\" \/>\n\t<meta name=\"twitter:data1\" content=\"1 minute\" \/>\n<script type=\"application\/ld+json\" class=\"yoast-schema-graph\">{\"@context\":\"https:\\\/\\\/schema.org\",\"@graph\":[{\"@type\":\"WebPage\",\"@id\":\"https:\\\/\\\/eurotrail.info\\\/fr\\\/producten\\\/articles-menagers\\\/verrerie\\\/crystal-verre-a-eau-380-ml-pc\\\/\",\"url\":\"https:\\\/\\\/eurotrail.info\\\/fr\\\/producten\\\/articles-menagers\\\/verrerie\\\/crystal-verre-a-eau-380-ml-pc\\\/\",\"name\":\"Crystal verre \u00e0 eau 300\\\/380 ml - Eurotrail | The way we camp!\",\"isPartOf\":{\"@id\":\"https:\\\/\\\/eurotrail.info\\\/#website\"},\"primaryImageOfPage\":{\"@id\":\"https:\\\/\\\/eurotrail.info\\\/fr\\\/producten\\\/articles-menagers\\\/verrerie\\\/crystal-verre-a-eau-380-ml-pc\\\/#primaryimage\"},\"image\":{\"@id\":\"https:\\\/\\\/eurotrail.info\\\/fr\\\/producten\\\/articles-menagers\\\/verrerie\\\/crystal-verre-a-eau-380-ml-pc\\\/#primaryimage\"},\"thumbnailUrl\":\"https:\\\/\\\/eurotrail.info\\\/wp\\\/wp-content\\\/uploads\\\/2021\\\/11\\\/tumbler-1-klein.jpg\",\"datePublished\":\"2021-11-19T15:13:21+00:00\",\"dateModified\":\"2026-01-22T10:22:14+00:00\",\"description\":\"Ce verre \u00e0 eau est disponible en 300 ou 380 ml. Fabriqu\u00e9 en plastique MS, il est pratiquement incassable.\",\"breadcrumb\":{\"@id\":\"https:\\\/\\\/eurotrail.info\\\/fr\\\/producten\\\/articles-menagers\\\/verrerie\\\/crystal-verre-a-eau-380-ml-pc\\\/#breadcrumb\"},\"inLanguage\":\"fr-FR\",\"potentialAction\":[{\"@type\":\"ReadAction\",\"target\":[\"https:\\\/\\\/eurotrail.info\\\/fr\\\/producten\\\/articles-menagers\\\/verrerie\\\/crystal-verre-a-eau-380-ml-pc\\\/\"]}]},{\"@type\":\"ImageObject\",\"inLanguage\":\"fr-FR\",\"@id\":\"https:\\\/\\\/eurotrail.info\\\/fr\\\/producten\\\/articles-menagers\\\/verrerie\\\/crystal-verre-a-eau-380-ml-pc\\\/#primaryimage\",\"url\":\"https:\\\/\\\/eurotrail.info\\\/wp\\\/wp-content\\\/uploads\\\/2021\\\/11\\\/tumbler-1-klein.jpg\",\"contentUrl\":\"https:\\\/\\\/eurotrail.info\\\/wp\\\/wp-content\\\/uploads\\\/2021\\\/11\\\/tumbler-1-klein.jpg\",\"width\":1181,\"height\":1498,\"caption\":\"model waterglas leverbaar met 300 ml inhoud. Het glas is gemaakt van polycarbonaat en nagenoeg onbreekbaar.\"},{\"@type\":\"BreadcrumbList\",\"@id\":\"https:\\\/\\\/eurotrail.info\\\/fr\\\/producten\\\/articles-menagers\\\/verrerie\\\/crystal-verre-a-eau-380-ml-pc\\\/#breadcrumb\",\"itemListElement\":[{\"@type\":\"ListItem\",\"position\":1,\"name\":\"Home\",\"item\":\"https:\\\/\\\/eurotrail.info\\\/fr\\\/\"},{\"@type\":\"ListItem\",\"position\":2,\"name\":\"Produits\",\"item\":\"https:\\\/\\\/eurotrail.info\\\/fr\\\/produits\\\/\"},{\"@type\":\"ListItem\",\"position\":3,\"name\":\"Crystal verre \u00e0 eau 300\\\/380 ml\"}]},{\"@type\":\"WebSite\",\"@id\":\"https:\\\/\\\/eurotrail.info\\\/#website\",\"url\":\"https:\\\/\\\/eurotrail.info\\\/\",\"name\":\"Eurotrail | The way we camp!\",\"description\":\"\",\"publisher\":{\"@id\":\"https:\\\/\\\/eurotrail.info\\\/#organization\"},\"potentialAction\":[{\"@type\":\"SearchAction\",\"target\":{\"@type\":\"EntryPoint\",\"urlTemplate\":\"https:\\\/\\\/eurotrail.info\\\/?s={search_term_string}\"},\"query-input\":{\"@type\":\"PropertyValueSpecification\",\"valueRequired\":true,\"valueName\":\"search_term_string\"}}],\"inLanguage\":\"fr-FR\"},{\"@type\":\"Organization\",\"@id\":\"https:\\\/\\\/eurotrail.info\\\/#organization\",\"name\":\"Eurotrail | The way we camp!\",\"url\":\"https:\\\/\\\/eurotrail.info\\\/\",\"logo\":{\"@type\":\"ImageObject\",\"inLanguage\":\"fr-FR\",\"@id\":\"https:\\\/\\\/eurotrail.info\\\/#\\\/schema\\\/logo\\\/image\\\/\",\"url\":\"https:\\\/\\\/eurotrail.info\\\/wp\\\/wp-content\\\/uploads\\\/2023\\\/07\\\/ET-logo-quote_NL-scaled.jpg\",\"contentUrl\":\"https:\\\/\\\/eurotrail.info\\\/wp\\\/wp-content\\\/uploads\\\/2023\\\/07\\\/ET-logo-quote_NL-scaled.jpg\",\"width\":2560,\"height\":675,\"caption\":\"Eurotrail | The way we camp!\"},\"image\":{\"@id\":\"https:\\\/\\\/eurotrail.info\\\/#\\\/schema\\\/logo\\\/image\\\/\"}}]}<\/script>\n<!-- \/ Yoast SEO plugin. -->","yoast_head_json":{"title":"Crystal verre \u00e0 eau 300\/380 ml - Eurotrail | The way we camp!","description":"Ce verre \u00e0 eau est disponible en 300 ou 380 ml. Fabriqu\u00e9 en plastique MS, il est pratiquement incassable.","robots":{"index":"index","follow":"follow","max-snippet":"max-snippet:-1","max-image-preview":"max-image-preview:large","max-video-preview":"max-video-preview:-1"},"canonical":"https:\/\/eurotrail.info\/fr\/producten\/articles-menagers\/verrerie\/crystal-verre-a-eau-380-ml-pc\/","og_locale":"fr_FR","og_type":"article","og_title":"Crystal verre \u00e0 eau 300\/380 ml - Eurotrail | The way we camp!","og_description":"Ce verre \u00e0 eau est disponible en 300 ou 380 ml. Fabriqu\u00e9 en plastique MS, il est pratiquement incassable.","og_url":"https:\/\/eurotrail.info\/fr\/producten\/articles-menagers\/verrerie\/crystal-verre-a-eau-380-ml-pc\/","og_site_name":"Eurotrail | The way we camp!","article_modified_time":"2026-01-22T10:22:14+00:00","og_image":[{"width":1181,"height":1498,"url":"https:\/\/eurotrail.info\/wp\/wp-content\/uploads\/2021\/11\/tumbler-1-klein.jpg","type":"image\/jpeg"}],"twitter_card":"summary_large_image","twitter_misc":{"Dur\u00e9e de lecture estim\u00e9e":"1 minute"},"schema":{"@context":"https:\/\/schema.org","@graph":[{"@type":"WebPage","@id":"https:\/\/eurotrail.info\/fr\/producten\/articles-menagers\/verrerie\/crystal-verre-a-eau-380-ml-pc\/","url":"https:\/\/eurotrail.info\/fr\/producten\/articles-menagers\/verrerie\/crystal-verre-a-eau-380-ml-pc\/","name":"Crystal verre \u00e0 eau 300\/380 ml - Eurotrail | The way we camp!","isPartOf":{"@id":"https:\/\/eurotrail.info\/#website"},"primaryImageOfPage":{"@id":"https:\/\/eurotrail.info\/fr\/producten\/articles-menagers\/verrerie\/crystal-verre-a-eau-380-ml-pc\/#primaryimage"},"image":{"@id":"https:\/\/eurotrail.info\/fr\/producten\/articles-menagers\/verrerie\/crystal-verre-a-eau-380-ml-pc\/#primaryimage"},"thumbnailUrl":"https:\/\/eurotrail.info\/wp\/wp-content\/uploads\/2021\/11\/tumbler-1-klein.jpg","datePublished":"2021-11-19T15:13:21+00:00","dateModified":"2026-01-22T10:22:14+00:00","description":"Ce verre \u00e0 eau est disponible en 300 ou 380 ml. Fabriqu\u00e9 en plastique MS, il est pratiquement incassable.","breadcrumb":{"@id":"https:\/\/eurotrail.info\/fr\/producten\/articles-menagers\/verrerie\/crystal-verre-a-eau-380-ml-pc\/#breadcrumb"},"inLanguage":"fr-FR","potentialAction":[{"@type":"ReadAction","target":["https:\/\/eurotrail.info\/fr\/producten\/articles-menagers\/verrerie\/crystal-verre-a-eau-380-ml-pc\/"]}]},{"@type":"ImageObject","inLanguage":"fr-FR","@id":"https:\/\/eurotrail.info\/fr\/producten\/articles-menagers\/verrerie\/crystal-verre-a-eau-380-ml-pc\/#primaryimage","url":"https:\/\/eurotrail.info\/wp\/wp-content\/uploads\/2021\/11\/tumbler-1-klein.jpg","contentUrl":"https:\/\/eurotrail.info\/wp\/wp-content\/uploads\/2021\/11\/tumbler-1-klein.jpg","width":1181,"height":1498,"caption":"model waterglas leverbaar met 300 ml inhoud. Het glas is gemaakt van polycarbonaat en nagenoeg onbreekbaar."},{"@type":"BreadcrumbList","@id":"https:\/\/eurotrail.info\/fr\/producten\/articles-menagers\/verrerie\/crystal-verre-a-eau-380-ml-pc\/#breadcrumb","itemListElement":[{"@type":"ListItem","position":1,"name":"Home","item":"https:\/\/eurotrail.info\/fr\/"},{"@type":"ListItem","position":2,"name":"Produits","item":"https:\/\/eurotrail.info\/fr\/produits\/"},{"@type":"ListItem","position":3,"name":"Crystal verre \u00e0 eau 300\/380 ml"}]},{"@type":"WebSite","@id":"https:\/\/eurotrail.info\/#website","url":"https:\/\/eurotrail.info\/","name":"Eurotrail | The way we camp!","description":"","publisher":{"@id":"https:\/\/eurotrail.info\/#organization"},"potentialAction":[{"@type":"SearchAction","target":{"@type":"EntryPoint","urlTemplate":"https:\/\/eurotrail.info\/?s={search_term_string}"},"query-input":{"@type":"PropertyValueSpecification","valueRequired":true,"valueName":"search_term_string"}}],"inLanguage":"fr-FR"},{"@type":"Organization","@id":"https:\/\/eurotrail.info\/#organization","name":"Eurotrail | The way we camp!","url":"https:\/\/eurotrail.info\/","logo":{"@type":"ImageObject","inLanguage":"fr-FR","@id":"https:\/\/eurotrail.info\/#\/schema\/logo\/image\/","url":"https:\/\/eurotrail.info\/wp\/wp-content\/uploads\/2023\/07\/ET-logo-quote_NL-scaled.jpg","contentUrl":"https:\/\/eurotrail.info\/wp\/wp-content\/uploads\/2023\/07\/ET-logo-quote_NL-scaled.jpg","width":2560,"height":675,"caption":"Eurotrail | The way we camp!"},"image":{"@id":"https:\/\/eurotrail.info\/#\/schema\/logo\/image\/"}}]}},"_links":{"self":[{"href":"https:\/\/eurotrail.info\/fr\/wp-json\/wp\/v2\/product\/13320","targetHints":{"allow":["GET"]}}],"collection":[{"href":"https:\/\/eurotrail.info\/fr\/wp-json\/wp\/v2\/product"}],"about":[{"href":"https:\/\/eurotrail.info\/fr\/wp-json\/wp\/v2\/types\/product"}],"replies":[{"embeddable":true,"href":"https:\/\/eurotrail.info\/fr\/wp-json\/wp\/v2\/comments?post=13320"}],"wp:featuredmedia":[{"embeddable":true,"href":"https:\/\/eurotrail.info\/fr\/wp-json\/wp\/v2\/media\/13313"}],"wp:attachment":[{"href":"https:\/\/eurotrail.info\/fr\/wp-json\/wp\/v2\/media?parent=13320"}],"wp:term":[{"taxonomy":"product_brand","embeddable":true,"href":"https:\/\/eurotrail.info\/fr\/wp-json\/wp\/v2\/product_brand?post=13320"},{"taxonomy":"product_cat","embeddable":true,"href":"https:\/\/eurotrail.info\/fr\/wp-json\/wp\/v2\/product_cat?post=13320"},{"taxonomy":"product_tag","embeddable":true,"href":"https:\/\/eurotrail.info\/fr\/wp-json\/wp\/v2\/product_tag?post=13320"}],"curies":[{"name":"wp","href":"https:\/\/api.w.org\/{rel}","templated":true}]}}