{"id":13367,"date":"2021-11-01T16:58:23","date_gmt":"2021-11-01T15:58:23","guid":{"rendered":"https:\/\/eurotrail.info\/producten\/nova-atina-relax-chaise\/"},"modified":"2021-11-01T16:58:23","modified_gmt":"2021-11-01T15:58:23","slug":"nova-atina-relax-chaise","status":"publish","type":"product","link":"https:\/\/eurotrail.info\/fr\/producten\/meubles\/chaises-de-camping\/nova-atina-relax-chaise\/","title":{"rendered":"Nova Atina Relax Chaise"},"content":{"rendered":"<p>La s\u00e9rie Nova est une nouvelle collection de chaises confortables haut de gamme d&#8217;Eurotrail, fabriqu\u00e9es avec le nouveau polyester Nova Cantonic 600D. Il s&#8217;agit d&#8217;un tissu en polyester sp\u00e9cialement trait\u00e9 avec une r\u00e9sistance plus \u00e9lev\u00e9e, est plus extensible et a un &#8220;toucher&#8221; doux comme du coton. Le tissu gris chin\u00e9 est beaucoup plus r\u00e9sistant aux rayons UV et conserve ainsi mieux sa couleur et ses propri\u00e9t\u00e9s techniques.<\/p>\n<p>La chaise Nova Relax a une assise richement rembourr\u00e9e pour une assise tr\u00e8s confortable.<\/p>\n<p>Le panneau arri\u00e8re haut est r\u00e9glable en continu et verrouillable pour un confort d&#8217;assise agr\u00e9able. Penchez-vous simplement en arri\u00e8re et le fauteuil inclinable soul\u00e8ve la section des jambes. Le panneau arri\u00e8re peut \u00eatre verrouill\u00e9 dans n&#8217;importe quelle position souhait\u00e9e, cr\u00e9ant une chaise de d\u00e9tente confortable. Le si\u00e8ge rembourr\u00e9 est fabriqu\u00e9 en mat\u00e9riau Nova Cantonic 600 et est attach\u00e9 au dossier avec des clips de cadre sp\u00e9ciaux et une bande \u00e9lastique. Cela permet de retirer le si\u00e8ge de la chaise afin que vous puissiez facilement le nettoyer si n\u00e9cessaire. L&#8217;appui-t\u00eate fourni est r\u00e9glable en hauteur et peut \u00eatre plac\u00e9 dans n&#8217;importe quelle position souhait\u00e9e et peut \u00e9galement \u00eatre utilis\u00e9 comme support lombaire. Le fauteuil relax avec le nouveau tissu Nova Cantonic, a un look tr\u00e8s luxueux et confortable et est parfait pour une utilisation dans le jardin ou m\u00eame au camping !<\/p>\n<p>Mat\u00e9riau : 100 % polyester Nova Cantonic 600D.<br \/>\nCadre : acier \u00d819mm<br \/>\nDimensions : 95x72x120cm<br \/>\nPli\u00e9 : 98x72x12cm<br \/>\nPoids : 9,9kg<br \/>\nMax. charge : 140kg<\/p>\n","protected":false},"excerpt":{"rendered":"<p>La s\u00e9rie Nova est une nouvelle collection de chaises confortables haut de gamme d&#8217;Eurotrail, fabriqu\u00e9es avec le nouveau polyester Nova Cantonic 600D. Il s&#8217;agit d&#8217;un&hellip;<\/p>\n","protected":false},"featured_media":13108,"comment_status":"open","ping_status":"closed","template":"","meta":{"_acf_changed":false},"product_brand":[],"product_cat":[254,253],"product_tag":[],"class_list":{"0":"post-13367","1":"product","2":"type-product","3":"status-publish","4":"has-post-thumbnail","6":"product_cat-chaises-de-camping","7":"product_cat-meubles","9":"first","10":"instock","11":"shipping-taxable","12":"product-type-simple"},"acf":[],"yoast_head":"<!-- This site is optimized with the Yoast SEO plugin v27.4 - https:\/\/yoast.com\/product\/yoast-seo-wordpress\/ -->\n<title>Nova Atina Relax Chaise - Eurotrail | The way we camp!<\/title>\n<meta name=\"robots\" content=\"index, follow, max-snippet:-1, max-image-preview:large, max-video-preview:-1\" \/>\n<link rel=\"canonical\" href=\"https:\/\/eurotrail.info\/fr\/producten\/meubles\/chaises-de-camping\/nova-atina-relax-chaise\/\" \/>\n<meta property=\"og:locale\" content=\"fr_FR\" \/>\n<meta property=\"og:type\" content=\"article\" \/>\n<meta property=\"og:title\" content=\"Nova Atina Relax Chaise - Eurotrail | The way we camp!\" \/>\n<meta property=\"og:description\" content=\"La s\u00e9rie Nova est une nouvelle collection de chaises confortables haut de gamme d&#8217;Eurotrail, fabriqu\u00e9es avec le nouveau polyester Nova Cantonic 600D. Il s&#8217;agit d&#8217;un&hellip;\" \/>\n<meta property=\"og:url\" content=\"https:\/\/eurotrail.info\/fr\/producten\/meubles\/chaises-de-camping\/nova-atina-relax-chaise\/\" \/>\n<meta property=\"og:site_name\" content=\"Eurotrail | The way we camp!\" \/>\n<meta property=\"og:image\" content=\"https:\/\/eurotrail.info\/wp\/wp-content\/uploads\/2021\/11\/nova-relax-2kopie-scaled.jpg\" \/>\n\t<meta property=\"og:image:width\" content=\"1785\" \/>\n\t<meta property=\"og:image:height\" content=\"2560\" \/>\n\t<meta property=\"og:image:type\" content=\"image\/jpeg\" \/>\n<meta name=\"twitter:card\" content=\"summary_large_image\" \/>\n<meta name=\"twitter:label1\" content=\"Dur\u00e9e de lecture estim\u00e9e\" \/>\n\t<meta name=\"twitter:data1\" content=\"1 minute\" \/>\n<script type=\"application\/ld+json\" class=\"yoast-schema-graph\">{\"@context\":\"https:\\\/\\\/schema.org\",\"@graph\":[{\"@type\":\"WebPage\",\"@id\":\"https:\\\/\\\/eurotrail.info\\\/fr\\\/producten\\\/meubles\\\/chaises-de-camping\\\/nova-atina-relax-chaise\\\/\",\"url\":\"https:\\\/\\\/eurotrail.info\\\/fr\\\/producten\\\/meubles\\\/chaises-de-camping\\\/nova-atina-relax-chaise\\\/\",\"name\":\"Nova Atina Relax Chaise - Eurotrail | The way we camp!\",\"isPartOf\":{\"@id\":\"https:\\\/\\\/eurotrail.info\\\/#website\"},\"primaryImageOfPage\":{\"@id\":\"https:\\\/\\\/eurotrail.info\\\/fr\\\/producten\\\/meubles\\\/chaises-de-camping\\\/nova-atina-relax-chaise\\\/#primaryimage\"},\"image\":{\"@id\":\"https:\\\/\\\/eurotrail.info\\\/fr\\\/producten\\\/meubles\\\/chaises-de-camping\\\/nova-atina-relax-chaise\\\/#primaryimage\"},\"thumbnailUrl\":\"https:\\\/\\\/eurotrail.info\\\/wp\\\/wp-content\\\/uploads\\\/2021\\\/11\\\/nova-relax-2kopie-scaled.jpg\",\"datePublished\":\"2021-11-01T15:58:23+00:00\",\"breadcrumb\":{\"@id\":\"https:\\\/\\\/eurotrail.info\\\/fr\\\/producten\\\/meubles\\\/chaises-de-camping\\\/nova-atina-relax-chaise\\\/#breadcrumb\"},\"inLanguage\":\"fr-FR\",\"potentialAction\":[{\"@type\":\"ReadAction\",\"target\":[\"https:\\\/\\\/eurotrail.info\\\/fr\\\/producten\\\/meubles\\\/chaises-de-camping\\\/nova-atina-relax-chaise\\\/\"]}]},{\"@type\":\"ImageObject\",\"inLanguage\":\"fr-FR\",\"@id\":\"https:\\\/\\\/eurotrail.info\\\/fr\\\/producten\\\/meubles\\\/chaises-de-camping\\\/nova-atina-relax-chaise\\\/#primaryimage\",\"url\":\"https:\\\/\\\/eurotrail.info\\\/wp\\\/wp-content\\\/uploads\\\/2021\\\/11\\\/nova-relax-2kopie-scaled.jpg\",\"contentUrl\":\"https:\\\/\\\/eurotrail.info\\\/wp\\\/wp-content\\\/uploads\\\/2021\\\/11\\\/nova-relax-2kopie-scaled.jpg\",\"width\":1785,\"height\":2560,\"caption\":\"vervaardigd met het nieuwe Nova Cantonic 600D Polyester.\"},{\"@type\":\"BreadcrumbList\",\"@id\":\"https:\\\/\\\/eurotrail.info\\\/fr\\\/producten\\\/meubles\\\/chaises-de-camping\\\/nova-atina-relax-chaise\\\/#breadcrumb\",\"itemListElement\":[{\"@type\":\"ListItem\",\"position\":1,\"name\":\"Home\",\"item\":\"https:\\\/\\\/eurotrail.info\\\/fr\\\/\"},{\"@type\":\"ListItem\",\"position\":2,\"name\":\"Produits\",\"item\":\"https:\\\/\\\/eurotrail.info\\\/fr\\\/produits\\\/\"},{\"@type\":\"ListItem\",\"position\":3,\"name\":\"Nova Atina Relax Chaise\"}]},{\"@type\":\"WebSite\",\"@id\":\"https:\\\/\\\/eurotrail.info\\\/#website\",\"url\":\"https:\\\/\\\/eurotrail.info\\\/\",\"name\":\"Eurotrail | The way we camp!\",\"description\":\"\",\"publisher\":{\"@id\":\"https:\\\/\\\/eurotrail.info\\\/#organization\"},\"potentialAction\":[{\"@type\":\"SearchAction\",\"target\":{\"@type\":\"EntryPoint\",\"urlTemplate\":\"https:\\\/\\\/eurotrail.info\\\/?s={search_term_string}\"},\"query-input\":{\"@type\":\"PropertyValueSpecification\",\"valueRequired\":true,\"valueName\":\"search_term_string\"}}],\"inLanguage\":\"fr-FR\"},{\"@type\":\"Organization\",\"@id\":\"https:\\\/\\\/eurotrail.info\\\/#organization\",\"name\":\"Eurotrail | The way we camp!\",\"url\":\"https:\\\/\\\/eurotrail.info\\\/\",\"logo\":{\"@type\":\"ImageObject\",\"inLanguage\":\"fr-FR\",\"@id\":\"https:\\\/\\\/eurotrail.info\\\/#\\\/schema\\\/logo\\\/image\\\/\",\"url\":\"https:\\\/\\\/eurotrail.info\\\/wp\\\/wp-content\\\/uploads\\\/2023\\\/07\\\/ET-logo-quote_NL-scaled.jpg\",\"contentUrl\":\"https:\\\/\\\/eurotrail.info\\\/wp\\\/wp-content\\\/uploads\\\/2023\\\/07\\\/ET-logo-quote_NL-scaled.jpg\",\"width\":2560,\"height\":675,\"caption\":\"Eurotrail | The way we camp!\"},\"image\":{\"@id\":\"https:\\\/\\\/eurotrail.info\\\/#\\\/schema\\\/logo\\\/image\\\/\"}}]}<\/script>\n<!-- \/ Yoast SEO plugin. -->","yoast_head_json":{"title":"Nova Atina Relax Chaise - Eurotrail | The way we camp!","robots":{"index":"index","follow":"follow","max-snippet":"max-snippet:-1","max-image-preview":"max-image-preview:large","max-video-preview":"max-video-preview:-1"},"canonical":"https:\/\/eurotrail.info\/fr\/producten\/meubles\/chaises-de-camping\/nova-atina-relax-chaise\/","og_locale":"fr_FR","og_type":"article","og_title":"Nova Atina Relax Chaise - Eurotrail | The way we camp!","og_description":"La s\u00e9rie Nova est une nouvelle collection de chaises confortables haut de gamme d&#8217;Eurotrail, fabriqu\u00e9es avec le nouveau polyester Nova Cantonic 600D. Il s&#8217;agit d&#8217;un&hellip;","og_url":"https:\/\/eurotrail.info\/fr\/producten\/meubles\/chaises-de-camping\/nova-atina-relax-chaise\/","og_site_name":"Eurotrail | The way we camp!","og_image":[{"width":1785,"height":2560,"url":"https:\/\/eurotrail.info\/wp\/wp-content\/uploads\/2021\/11\/nova-relax-2kopie-scaled.jpg","type":"image\/jpeg"}],"twitter_card":"summary_large_image","twitter_misc":{"Dur\u00e9e de lecture estim\u00e9e":"1 minute"},"schema":{"@context":"https:\/\/schema.org","@graph":[{"@type":"WebPage","@id":"https:\/\/eurotrail.info\/fr\/producten\/meubles\/chaises-de-camping\/nova-atina-relax-chaise\/","url":"https:\/\/eurotrail.info\/fr\/producten\/meubles\/chaises-de-camping\/nova-atina-relax-chaise\/","name":"Nova Atina Relax Chaise - Eurotrail | The way we camp!","isPartOf":{"@id":"https:\/\/eurotrail.info\/#website"},"primaryImageOfPage":{"@id":"https:\/\/eurotrail.info\/fr\/producten\/meubles\/chaises-de-camping\/nova-atina-relax-chaise\/#primaryimage"},"image":{"@id":"https:\/\/eurotrail.info\/fr\/producten\/meubles\/chaises-de-camping\/nova-atina-relax-chaise\/#primaryimage"},"thumbnailUrl":"https:\/\/eurotrail.info\/wp\/wp-content\/uploads\/2021\/11\/nova-relax-2kopie-scaled.jpg","datePublished":"2021-11-01T15:58:23+00:00","breadcrumb":{"@id":"https:\/\/eurotrail.info\/fr\/producten\/meubles\/chaises-de-camping\/nova-atina-relax-chaise\/#breadcrumb"},"inLanguage":"fr-FR","potentialAction":[{"@type":"ReadAction","target":["https:\/\/eurotrail.info\/fr\/producten\/meubles\/chaises-de-camping\/nova-atina-relax-chaise\/"]}]},{"@type":"ImageObject","inLanguage":"fr-FR","@id":"https:\/\/eurotrail.info\/fr\/producten\/meubles\/chaises-de-camping\/nova-atina-relax-chaise\/#primaryimage","url":"https:\/\/eurotrail.info\/wp\/wp-content\/uploads\/2021\/11\/nova-relax-2kopie-scaled.jpg","contentUrl":"https:\/\/eurotrail.info\/wp\/wp-content\/uploads\/2021\/11\/nova-relax-2kopie-scaled.jpg","width":1785,"height":2560,"caption":"vervaardigd met het nieuwe Nova Cantonic 600D Polyester."},{"@type":"BreadcrumbList","@id":"https:\/\/eurotrail.info\/fr\/producten\/meubles\/chaises-de-camping\/nova-atina-relax-chaise\/#breadcrumb","itemListElement":[{"@type":"ListItem","position":1,"name":"Home","item":"https:\/\/eurotrail.info\/fr\/"},{"@type":"ListItem","position":2,"name":"Produits","item":"https:\/\/eurotrail.info\/fr\/produits\/"},{"@type":"ListItem","position":3,"name":"Nova Atina Relax Chaise"}]},{"@type":"WebSite","@id":"https:\/\/eurotrail.info\/#website","url":"https:\/\/eurotrail.info\/","name":"Eurotrail | The way we camp!","description":"","publisher":{"@id":"https:\/\/eurotrail.info\/#organization"},"potentialAction":[{"@type":"SearchAction","target":{"@type":"EntryPoint","urlTemplate":"https:\/\/eurotrail.info\/?s={search_term_string}"},"query-input":{"@type":"PropertyValueSpecification","valueRequired":true,"valueName":"search_term_string"}}],"inLanguage":"fr-FR"},{"@type":"Organization","@id":"https:\/\/eurotrail.info\/#organization","name":"Eurotrail | The way we camp!","url":"https:\/\/eurotrail.info\/","logo":{"@type":"ImageObject","inLanguage":"fr-FR","@id":"https:\/\/eurotrail.info\/#\/schema\/logo\/image\/","url":"https:\/\/eurotrail.info\/wp\/wp-content\/uploads\/2023\/07\/ET-logo-quote_NL-scaled.jpg","contentUrl":"https:\/\/eurotrail.info\/wp\/wp-content\/uploads\/2023\/07\/ET-logo-quote_NL-scaled.jpg","width":2560,"height":675,"caption":"Eurotrail | The way we camp!"},"image":{"@id":"https:\/\/eurotrail.info\/#\/schema\/logo\/image\/"}}]}},"_links":{"self":[{"href":"https:\/\/eurotrail.info\/fr\/wp-json\/wp\/v2\/product\/13367","targetHints":{"allow":["GET"]}}],"collection":[{"href":"https:\/\/eurotrail.info\/fr\/wp-json\/wp\/v2\/product"}],"about":[{"href":"https:\/\/eurotrail.info\/fr\/wp-json\/wp\/v2\/types\/product"}],"replies":[{"embeddable":true,"href":"https:\/\/eurotrail.info\/fr\/wp-json\/wp\/v2\/comments?post=13367"}],"wp:featuredmedia":[{"embeddable":true,"href":"https:\/\/eurotrail.info\/fr\/wp-json\/wp\/v2\/media\/13108"}],"wp:attachment":[{"href":"https:\/\/eurotrail.info\/fr\/wp-json\/wp\/v2\/media?parent=13367"}],"wp:term":[{"taxonomy":"product_brand","embeddable":true,"href":"https:\/\/eurotrail.info\/fr\/wp-json\/wp\/v2\/product_brand?post=13367"},{"taxonomy":"product_cat","embeddable":true,"href":"https:\/\/eurotrail.info\/fr\/wp-json\/wp\/v2\/product_cat?post=13367"},{"taxonomy":"product_tag","embeddable":true,"href":"https:\/\/eurotrail.info\/fr\/wp-json\/wp\/v2\/product_tag?post=13367"}],"curies":[{"name":"wp","href":"https:\/\/api.w.org\/{rel}","templated":true}]}}