{"id":13621,"date":"2021-11-22T13:37:20","date_gmt":"2021-11-22T12:37:20","guid":{"rendered":"https:\/\/eurotrail.info\/producten\/sevilla-3-d-mesh-chaise-longue\/"},"modified":"2021-11-22T13:37:20","modified_gmt":"2021-11-22T12:37:20","slug":"sevilla-3-d-mesh-chaise-longue","status":"publish","type":"product","link":"https:\/\/eurotrail.info\/fr\/producten\/meubles\/chaises-longues\/sevilla-3-d-mesh-chaise-longue\/","title":{"rendered":"Sevilla 3-D Mesh Chaise longue"},"content":{"rendered":"<p>Chaise longue faite d&#8217;un cadre en aluminium robuste et \u00e9quip\u00e9e de la maille 3-D rembourr\u00e9e. Le cadre mesure 2 m\u00e8tres de long et a une hauteur d&#8217;assise tr\u00e8s haute de 45 cm, ce qui facilite de se mettre debout. Le dossier est r\u00e9glable en 6 positions afin que vous puissiez l&#8217;ajuster compl\u00e8tement \u00e0 plat ou vers le haut afin que vous puissiez lire un livre assis bien droit. L&#8217;airmesh 3D est perm\u00e9able \u00e0 l&#8217;eau et respirant et vous offre un merveilleux confort de couchage par temps chaud. \u00c9quip\u00e9 d&#8217;un oreiller amovible avec bande \u00e9lastique, que vous pouvez ajuster \u00e0 n&#8217;importe quelle hauteur souhait\u00e9e. Le lit peut \u00eatre pli\u00e9 dans un emballage pratique et compact.<\/p>\n<p>Mati\u00e8re : 100 % polyester 3D maillage<br \/>\nCadre : aluminium<br \/>\nDimensions : 227x64x45cm<br \/>\nPli\u00e9 : 100x64x15cm<br \/>\nPoids : 7kg<br \/>\nMax. charge : 140kg<\/p>\n","protected":false},"excerpt":{"rendered":"<p>Chaise longue faite d&#8217;un cadre en aluminium robuste et \u00e9quip\u00e9e de la maille 3-D rembourr\u00e9e. Le cadre mesure 2 m\u00e8tres de long et a une&hellip;<\/p>\n","protected":false},"featured_media":13614,"comment_status":"open","ping_status":"closed","template":"","meta":{"_acf_changed":false},"product_brand":[],"product_cat":[262,253],"product_tag":[],"class_list":{"0":"post-13621","1":"product","2":"type-product","3":"status-publish","4":"has-post-thumbnail","6":"product_cat-chaises-longues","7":"product_cat-meubles","9":"first","10":"instock","11":"shipping-taxable","12":"product-type-simple"},"acf":[],"yoast_head":"<!-- This site is optimized with the Yoast SEO plugin v27.3 - https:\/\/yoast.com\/product\/yoast-seo-wordpress\/ -->\n<title>Sevilla 3-D Mesh Chaise longue - Eurotrail | The way we camp!<\/title>\n<meta name=\"robots\" content=\"index, follow, max-snippet:-1, max-image-preview:large, max-video-preview:-1\" \/>\n<link rel=\"canonical\" href=\"https:\/\/eurotrail.info\/producten\/kampeermeubelen-campingmeubelen\/ligbedden-veldbedden-logeerbed-camping\/sevilla-3d-mesh-ligbed\/\" \/>\n<meta property=\"og:locale\" content=\"fr_FR\" \/>\n<meta property=\"og:type\" content=\"article\" \/>\n<meta property=\"og:title\" content=\"Sevilla 3-D Mesh Chaise longue - Eurotrail | The way we camp!\" \/>\n<meta property=\"og:description\" content=\"Chaise longue faite d&#8217;un cadre en aluminium robuste et \u00e9quip\u00e9e de la maille 3-D rembourr\u00e9e. Le cadre mesure 2 m\u00e8tres de long et a une&hellip;\" \/>\n<meta property=\"og:url\" content=\"https:\/\/eurotrail.info\/producten\/kampeermeubelen-campingmeubelen\/ligbedden-veldbedden-logeerbed-camping\/sevilla-3d-mesh-ligbed\/\" \/>\n<meta property=\"og:site_name\" content=\"Eurotrail | The way we camp!\" \/>\n<meta property=\"og:image\" content=\"https:\/\/eurotrail.info\/wp\/wp-content\/uploads\/2021\/11\/ETCF0467-Sevilla-21.jpg\" \/>\n\t<meta property=\"og:image:width\" content=\"1772\" \/>\n\t<meta property=\"og:image:height\" content=\"1447\" \/>\n\t<meta property=\"og:image:type\" content=\"image\/jpeg\" \/>\n<meta name=\"twitter:card\" content=\"summary_large_image\" \/>\n<meta name=\"twitter:label1\" content=\"Dur\u00e9e de lecture estim\u00e9e\" \/>\n\t<meta name=\"twitter:data1\" content=\"1 minute\" \/>\n<script type=\"application\/ld+json\" class=\"yoast-schema-graph\">{\"@context\":\"https:\\\/\\\/schema.org\",\"@graph\":[{\"@type\":\"WebPage\",\"@id\":\"https:\\\/\\\/eurotrail.info\\\/producten\\\/kampeermeubelen-campingmeubelen\\\/ligbedden-veldbedden-logeerbed-camping\\\/sevilla-3d-mesh-ligbed\\\/\",\"url\":\"https:\\\/\\\/eurotrail.info\\\/producten\\\/kampeermeubelen-campingmeubelen\\\/ligbedden-veldbedden-logeerbed-camping\\\/sevilla-3d-mesh-ligbed\\\/\",\"name\":\"Sevilla 3-D Mesh Chaise longue - Eurotrail | The way we camp!\",\"isPartOf\":{\"@id\":\"https:\\\/\\\/eurotrail.info\\\/#website\"},\"primaryImageOfPage\":{\"@id\":\"https:\\\/\\\/eurotrail.info\\\/producten\\\/kampeermeubelen-campingmeubelen\\\/ligbedden-veldbedden-logeerbed-camping\\\/sevilla-3d-mesh-ligbed\\\/#primaryimage\"},\"image\":{\"@id\":\"https:\\\/\\\/eurotrail.info\\\/producten\\\/kampeermeubelen-campingmeubelen\\\/ligbedden-veldbedden-logeerbed-camping\\\/sevilla-3d-mesh-ligbed\\\/#primaryimage\"},\"thumbnailUrl\":\"https:\\\/\\\/eurotrail.info\\\/wp\\\/wp-content\\\/uploads\\\/2021\\\/11\\\/ETCF0467-Sevilla-21.jpg\",\"datePublished\":\"2021-11-22T12:37:20+00:00\",\"breadcrumb\":{\"@id\":\"https:\\\/\\\/eurotrail.info\\\/producten\\\/kampeermeubelen-campingmeubelen\\\/ligbedden-veldbedden-logeerbed-camping\\\/sevilla-3d-mesh-ligbed\\\/#breadcrumb\"},\"inLanguage\":\"fr-FR\",\"potentialAction\":[{\"@type\":\"ReadAction\",\"target\":[\"https:\\\/\\\/eurotrail.info\\\/producten\\\/kampeermeubelen-campingmeubelen\\\/ligbedden-veldbedden-logeerbed-camping\\\/sevilla-3d-mesh-ligbed\\\/\"]}]},{\"@type\":\"ImageObject\",\"inLanguage\":\"fr-FR\",\"@id\":\"https:\\\/\\\/eurotrail.info\\\/producten\\\/kampeermeubelen-campingmeubelen\\\/ligbedden-veldbedden-logeerbed-camping\\\/sevilla-3d-mesh-ligbed\\\/#primaryimage\",\"url\":\"https:\\\/\\\/eurotrail.info\\\/wp\\\/wp-content\\\/uploads\\\/2021\\\/11\\\/ETCF0467-Sevilla-21.jpg\",\"contentUrl\":\"https:\\\/\\\/eurotrail.info\\\/wp\\\/wp-content\\\/uploads\\\/2021\\\/11\\\/ETCF0467-Sevilla-21.jpg\",\"width\":1772,\"height\":1447,\"caption\":\"Ligbed vervaardigd van een stevig aluminium frame en is voorzien van het gepolsterde 3-D Mesh.\"},{\"@type\":\"BreadcrumbList\",\"@id\":\"https:\\\/\\\/eurotrail.info\\\/producten\\\/kampeermeubelen-campingmeubelen\\\/ligbedden-veldbedden-logeerbed-camping\\\/sevilla-3d-mesh-ligbed\\\/#breadcrumb\",\"itemListElement\":[{\"@type\":\"ListItem\",\"position\":1,\"name\":\"Home\",\"item\":\"https:\\\/\\\/eurotrail.info\\\/fr\\\/\"},{\"@type\":\"ListItem\",\"position\":2,\"name\":\"Produits\",\"item\":\"https:\\\/\\\/eurotrail.info\\\/fr\\\/produits\\\/\"},{\"@type\":\"ListItem\",\"position\":3,\"name\":\"Sevilla 3-D Mesh Chaise longue\"}]},{\"@type\":\"WebSite\",\"@id\":\"https:\\\/\\\/eurotrail.info\\\/#website\",\"url\":\"https:\\\/\\\/eurotrail.info\\\/\",\"name\":\"Eurotrail | The way we camp!\",\"description\":\"\",\"publisher\":{\"@id\":\"https:\\\/\\\/eurotrail.info\\\/#organization\"},\"potentialAction\":[{\"@type\":\"SearchAction\",\"target\":{\"@type\":\"EntryPoint\",\"urlTemplate\":\"https:\\\/\\\/eurotrail.info\\\/?s={search_term_string}\"},\"query-input\":{\"@type\":\"PropertyValueSpecification\",\"valueRequired\":true,\"valueName\":\"search_term_string\"}}],\"inLanguage\":\"fr-FR\"},{\"@type\":\"Organization\",\"@id\":\"https:\\\/\\\/eurotrail.info\\\/#organization\",\"name\":\"Eurotrail | The way we camp!\",\"url\":\"https:\\\/\\\/eurotrail.info\\\/\",\"logo\":{\"@type\":\"ImageObject\",\"inLanguage\":\"fr-FR\",\"@id\":\"https:\\\/\\\/eurotrail.info\\\/#\\\/schema\\\/logo\\\/image\\\/\",\"url\":\"https:\\\/\\\/eurotrail.info\\\/wp\\\/wp-content\\\/uploads\\\/2023\\\/07\\\/ET-logo-quote_NL-scaled.jpg\",\"contentUrl\":\"https:\\\/\\\/eurotrail.info\\\/wp\\\/wp-content\\\/uploads\\\/2023\\\/07\\\/ET-logo-quote_NL-scaled.jpg\",\"width\":2560,\"height\":675,\"caption\":\"Eurotrail | The way we camp!\"},\"image\":{\"@id\":\"https:\\\/\\\/eurotrail.info\\\/#\\\/schema\\\/logo\\\/image\\\/\"}}]}<\/script>\n<!-- \/ Yoast SEO plugin. -->","yoast_head_json":{"title":"Sevilla 3-D Mesh Chaise longue - Eurotrail | The way we camp!","robots":{"index":"index","follow":"follow","max-snippet":"max-snippet:-1","max-image-preview":"max-image-preview:large","max-video-preview":"max-video-preview:-1"},"canonical":"https:\/\/eurotrail.info\/producten\/kampeermeubelen-campingmeubelen\/ligbedden-veldbedden-logeerbed-camping\/sevilla-3d-mesh-ligbed\/","og_locale":"fr_FR","og_type":"article","og_title":"Sevilla 3-D Mesh Chaise longue - Eurotrail | The way we camp!","og_description":"Chaise longue faite d&#8217;un cadre en aluminium robuste et \u00e9quip\u00e9e de la maille 3-D rembourr\u00e9e. Le cadre mesure 2 m\u00e8tres de long et a une&hellip;","og_url":"https:\/\/eurotrail.info\/producten\/kampeermeubelen-campingmeubelen\/ligbedden-veldbedden-logeerbed-camping\/sevilla-3d-mesh-ligbed\/","og_site_name":"Eurotrail | The way we camp!","og_image":[{"width":1772,"height":1447,"url":"https:\/\/eurotrail.info\/wp\/wp-content\/uploads\/2021\/11\/ETCF0467-Sevilla-21.jpg","type":"image\/jpeg"}],"twitter_card":"summary_large_image","twitter_misc":{"Dur\u00e9e de lecture estim\u00e9e":"1 minute"},"schema":{"@context":"https:\/\/schema.org","@graph":[{"@type":"WebPage","@id":"https:\/\/eurotrail.info\/producten\/kampeermeubelen-campingmeubelen\/ligbedden-veldbedden-logeerbed-camping\/sevilla-3d-mesh-ligbed\/","url":"https:\/\/eurotrail.info\/producten\/kampeermeubelen-campingmeubelen\/ligbedden-veldbedden-logeerbed-camping\/sevilla-3d-mesh-ligbed\/","name":"Sevilla 3-D Mesh Chaise longue - Eurotrail | The way we camp!","isPartOf":{"@id":"https:\/\/eurotrail.info\/#website"},"primaryImageOfPage":{"@id":"https:\/\/eurotrail.info\/producten\/kampeermeubelen-campingmeubelen\/ligbedden-veldbedden-logeerbed-camping\/sevilla-3d-mesh-ligbed\/#primaryimage"},"image":{"@id":"https:\/\/eurotrail.info\/producten\/kampeermeubelen-campingmeubelen\/ligbedden-veldbedden-logeerbed-camping\/sevilla-3d-mesh-ligbed\/#primaryimage"},"thumbnailUrl":"https:\/\/eurotrail.info\/wp\/wp-content\/uploads\/2021\/11\/ETCF0467-Sevilla-21.jpg","datePublished":"2021-11-22T12:37:20+00:00","breadcrumb":{"@id":"https:\/\/eurotrail.info\/producten\/kampeermeubelen-campingmeubelen\/ligbedden-veldbedden-logeerbed-camping\/sevilla-3d-mesh-ligbed\/#breadcrumb"},"inLanguage":"fr-FR","potentialAction":[{"@type":"ReadAction","target":["https:\/\/eurotrail.info\/producten\/kampeermeubelen-campingmeubelen\/ligbedden-veldbedden-logeerbed-camping\/sevilla-3d-mesh-ligbed\/"]}]},{"@type":"ImageObject","inLanguage":"fr-FR","@id":"https:\/\/eurotrail.info\/producten\/kampeermeubelen-campingmeubelen\/ligbedden-veldbedden-logeerbed-camping\/sevilla-3d-mesh-ligbed\/#primaryimage","url":"https:\/\/eurotrail.info\/wp\/wp-content\/uploads\/2021\/11\/ETCF0467-Sevilla-21.jpg","contentUrl":"https:\/\/eurotrail.info\/wp\/wp-content\/uploads\/2021\/11\/ETCF0467-Sevilla-21.jpg","width":1772,"height":1447,"caption":"Ligbed vervaardigd van een stevig aluminium frame en is voorzien van het gepolsterde 3-D Mesh."},{"@type":"BreadcrumbList","@id":"https:\/\/eurotrail.info\/producten\/kampeermeubelen-campingmeubelen\/ligbedden-veldbedden-logeerbed-camping\/sevilla-3d-mesh-ligbed\/#breadcrumb","itemListElement":[{"@type":"ListItem","position":1,"name":"Home","item":"https:\/\/eurotrail.info\/fr\/"},{"@type":"ListItem","position":2,"name":"Produits","item":"https:\/\/eurotrail.info\/fr\/produits\/"},{"@type":"ListItem","position":3,"name":"Sevilla 3-D Mesh Chaise longue"}]},{"@type":"WebSite","@id":"https:\/\/eurotrail.info\/#website","url":"https:\/\/eurotrail.info\/","name":"Eurotrail | The way we camp!","description":"","publisher":{"@id":"https:\/\/eurotrail.info\/#organization"},"potentialAction":[{"@type":"SearchAction","target":{"@type":"EntryPoint","urlTemplate":"https:\/\/eurotrail.info\/?s={search_term_string}"},"query-input":{"@type":"PropertyValueSpecification","valueRequired":true,"valueName":"search_term_string"}}],"inLanguage":"fr-FR"},{"@type":"Organization","@id":"https:\/\/eurotrail.info\/#organization","name":"Eurotrail | The way we camp!","url":"https:\/\/eurotrail.info\/","logo":{"@type":"ImageObject","inLanguage":"fr-FR","@id":"https:\/\/eurotrail.info\/#\/schema\/logo\/image\/","url":"https:\/\/eurotrail.info\/wp\/wp-content\/uploads\/2023\/07\/ET-logo-quote_NL-scaled.jpg","contentUrl":"https:\/\/eurotrail.info\/wp\/wp-content\/uploads\/2023\/07\/ET-logo-quote_NL-scaled.jpg","width":2560,"height":675,"caption":"Eurotrail | The way we camp!"},"image":{"@id":"https:\/\/eurotrail.info\/#\/schema\/logo\/image\/"}}]}},"_links":{"self":[{"href":"https:\/\/eurotrail.info\/fr\/wp-json\/wp\/v2\/product\/13621","targetHints":{"allow":["GET"]}}],"collection":[{"href":"https:\/\/eurotrail.info\/fr\/wp-json\/wp\/v2\/product"}],"about":[{"href":"https:\/\/eurotrail.info\/fr\/wp-json\/wp\/v2\/types\/product"}],"replies":[{"embeddable":true,"href":"https:\/\/eurotrail.info\/fr\/wp-json\/wp\/v2\/comments?post=13621"}],"wp:featuredmedia":[{"embeddable":true,"href":"https:\/\/eurotrail.info\/fr\/wp-json\/wp\/v2\/media\/13614"}],"wp:attachment":[{"href":"https:\/\/eurotrail.info\/fr\/wp-json\/wp\/v2\/media?parent=13621"}],"wp:term":[{"taxonomy":"product_brand","embeddable":true,"href":"https:\/\/eurotrail.info\/fr\/wp-json\/wp\/v2\/product_brand?post=13621"},{"taxonomy":"product_cat","embeddable":true,"href":"https:\/\/eurotrail.info\/fr\/wp-json\/wp\/v2\/product_cat?post=13621"},{"taxonomy":"product_tag","embeddable":true,"href":"https:\/\/eurotrail.info\/fr\/wp-json\/wp\/v2\/product_tag?post=13621"}],"curies":[{"name":"wp","href":"https:\/\/api.w.org\/{rel}","templated":true}]}}