{"id":13677,"date":"2021-11-22T14:38:01","date_gmt":"2021-11-22T13:38:01","guid":{"rendered":"https:\/\/eurotrail.info\/producten\/nova-venossa-armoire\/"},"modified":"2022-04-13T09:18:46","modified_gmt":"2022-04-13T08:18:46","slug":"nova-venossa-armoire","status":"publish","type":"product","link":"https:\/\/eurotrail.info\/fr\/producten\/meubles\/armoires-de-camping\/nova-venossa-armoire\/","title":{"rendered":"Nova Venossa Armoire"},"content":{"rendered":"<p>Armoire basse pliante facile et rapide \u00e0 installer. Le Nova Venossa est fabriqu\u00e9 en polyester de couleurs m\u00e9lang\u00e9es et est livr\u00e9 avec des \u00e9tag\u00e8res en bambou. Livr\u00e9 avec des pieds r\u00e9glables et comprend un sac de rangement pratique. La taille parfaite pour ranger de petits objets et \u00e0 utiliser comme table d&#8217;appoint \u00e0 c\u00f4t\u00e9 de votre chaise.<\/p>\n<p>Dimensions : 60x45x64cm<br \/>\nPli\u00e9 : 60x45x10,5cm<br \/>\nMat\u00e9riel: 100% Polyester \/ Bambou<br \/>\nCadre : aluminium<br \/>\nPlateau sup\u00e9rieur : MDF<br \/>\nMax. charge : 25kg.<br \/>\nPoids : 7,4 kg.<\/p>\n","protected":false},"excerpt":{"rendered":"<p>Armoire basse pliante facile et rapide \u00e0 installer. Le Nova Venossa est fabriqu\u00e9 en polyester de couleurs m\u00e9lang\u00e9es et est livr\u00e9 avec des \u00e9tag\u00e8res en&hellip;<\/p>\n","protected":false},"featured_media":15254,"comment_status":"open","ping_status":"closed","template":"","meta":{"_acf_changed":false},"product_brand":[],"product_cat":[260,253],"product_tag":[],"class_list":{"0":"post-13677","1":"product","2":"type-product","3":"status-publish","4":"has-post-thumbnail","6":"product_cat-armoires-de-camping","7":"product_cat-meubles","9":"first","10":"instock","11":"shipping-taxable","12":"product-type-simple"},"acf":[],"yoast_head":"<!-- This site is optimized with the Yoast SEO plugin v27.3 - https:\/\/yoast.com\/product\/yoast-seo-wordpress\/ -->\n<title>Nova Venossa Armoire - Eurotrail | The way we camp!<\/title>\n<meta name=\"description\" content=\"Armoire basse pliante. Le Nova Venossa est fabriqu\u00e9 en polyester de couleurs m\u00e9lang\u00e9es et est livr\u00e9 avec des \u00e9tag\u00e8res en bambou.\" \/>\n<meta name=\"robots\" content=\"index, follow, max-snippet:-1, max-image-preview:large, max-video-preview:-1\" \/>\n<link rel=\"canonical\" href=\"https:\/\/eurotrail.info\/fr\/producten\/meubles\/armoires-de-camping\/nova-venossa-armoire\/\" \/>\n<meta property=\"og:locale\" content=\"fr_FR\" \/>\n<meta property=\"og:type\" content=\"article\" \/>\n<meta property=\"og:title\" content=\"Nova Venossa Armoire - Eurotrail | The way we camp!\" \/>\n<meta property=\"og:description\" content=\"Armoire basse pliante. Le Nova Venossa est fabriqu\u00e9 en polyester de couleurs m\u00e9lang\u00e9es et est livr\u00e9 avec des \u00e9tag\u00e8res en bambou.\" \/>\n<meta property=\"og:url\" content=\"https:\/\/eurotrail.info\/fr\/producten\/meubles\/armoires-de-camping\/nova-venossa-armoire\/\" \/>\n<meta property=\"og:site_name\" content=\"Eurotrail | The way we camp!\" \/>\n<meta property=\"article:modified_time\" content=\"2022-04-13T08:18:46+00:00\" \/>\n<meta property=\"og:image\" content=\"https:\/\/eurotrail.info\/wp\/wp-content\/uploads\/2021\/11\/ETCF2036-Nova-Venossa-Set-23-1.jpg\" \/>\n\t<meta property=\"og:image:width\" content=\"1766\" \/>\n\t<meta property=\"og:image:height\" content=\"2376\" \/>\n\t<meta property=\"og:image:type\" content=\"image\/jpeg\" \/>\n<meta name=\"twitter:card\" content=\"summary_large_image\" \/>\n<script type=\"application\/ld+json\" class=\"yoast-schema-graph\">{\"@context\":\"https:\\\/\\\/schema.org\",\"@graph\":[{\"@type\":\"WebPage\",\"@id\":\"https:\\\/\\\/eurotrail.info\\\/fr\\\/producten\\\/meubles\\\/armoires-de-camping\\\/nova-venossa-armoire\\\/\",\"url\":\"https:\\\/\\\/eurotrail.info\\\/fr\\\/producten\\\/meubles\\\/armoires-de-camping\\\/nova-venossa-armoire\\\/\",\"name\":\"Nova Venossa Armoire - Eurotrail | The way we camp!\",\"isPartOf\":{\"@id\":\"https:\\\/\\\/eurotrail.info\\\/#website\"},\"primaryImageOfPage\":{\"@id\":\"https:\\\/\\\/eurotrail.info\\\/fr\\\/producten\\\/meubles\\\/armoires-de-camping\\\/nova-venossa-armoire\\\/#primaryimage\"},\"image\":{\"@id\":\"https:\\\/\\\/eurotrail.info\\\/fr\\\/producten\\\/meubles\\\/armoires-de-camping\\\/nova-venossa-armoire\\\/#primaryimage\"},\"thumbnailUrl\":\"https:\\\/\\\/eurotrail.info\\\/wp\\\/wp-content\\\/uploads\\\/2021\\\/11\\\/ETCF2036-Nova-Venossa-Set-23-1.jpg\",\"datePublished\":\"2021-11-22T13:38:01+00:00\",\"dateModified\":\"2022-04-13T08:18:46+00:00\",\"description\":\"Armoire basse pliante. Le Nova Venossa est fabriqu\u00e9 en polyester de couleurs m\u00e9lang\u00e9es et est livr\u00e9 avec des \u00e9tag\u00e8res en bambou.\",\"breadcrumb\":{\"@id\":\"https:\\\/\\\/eurotrail.info\\\/fr\\\/producten\\\/meubles\\\/armoires-de-camping\\\/nova-venossa-armoire\\\/#breadcrumb\"},\"inLanguage\":\"fr-FR\",\"potentialAction\":[{\"@type\":\"ReadAction\",\"target\":[\"https:\\\/\\\/eurotrail.info\\\/fr\\\/producten\\\/meubles\\\/armoires-de-camping\\\/nova-venossa-armoire\\\/\"]}]},{\"@type\":\"ImageObject\",\"inLanguage\":\"fr-FR\",\"@id\":\"https:\\\/\\\/eurotrail.info\\\/fr\\\/producten\\\/meubles\\\/armoires-de-camping\\\/nova-venossa-armoire\\\/#primaryimage\",\"url\":\"https:\\\/\\\/eurotrail.info\\\/wp\\\/wp-content\\\/uploads\\\/2021\\\/11\\\/ETCF2036-Nova-Venossa-Set-23-1.jpg\",\"contentUrl\":\"https:\\\/\\\/eurotrail.info\\\/wp\\\/wp-content\\\/uploads\\\/2021\\\/11\\\/ETCF2036-Nova-Venossa-Set-23-1.jpg\",\"width\":1766,\"height\":2376,\"caption\":\"Eurotrail Venossa campingkast\"},{\"@type\":\"BreadcrumbList\",\"@id\":\"https:\\\/\\\/eurotrail.info\\\/fr\\\/producten\\\/meubles\\\/armoires-de-camping\\\/nova-venossa-armoire\\\/#breadcrumb\",\"itemListElement\":[{\"@type\":\"ListItem\",\"position\":1,\"name\":\"Home\",\"item\":\"https:\\\/\\\/eurotrail.info\\\/fr\\\/\"},{\"@type\":\"ListItem\",\"position\":2,\"name\":\"Produits\",\"item\":\"https:\\\/\\\/eurotrail.info\\\/fr\\\/produits\\\/\"},{\"@type\":\"ListItem\",\"position\":3,\"name\":\"Nova Venossa Armoire\"}]},{\"@type\":\"WebSite\",\"@id\":\"https:\\\/\\\/eurotrail.info\\\/#website\",\"url\":\"https:\\\/\\\/eurotrail.info\\\/\",\"name\":\"Eurotrail | The way we camp!\",\"description\":\"\",\"publisher\":{\"@id\":\"https:\\\/\\\/eurotrail.info\\\/#organization\"},\"potentialAction\":[{\"@type\":\"SearchAction\",\"target\":{\"@type\":\"EntryPoint\",\"urlTemplate\":\"https:\\\/\\\/eurotrail.info\\\/?s={search_term_string}\"},\"query-input\":{\"@type\":\"PropertyValueSpecification\",\"valueRequired\":true,\"valueName\":\"search_term_string\"}}],\"inLanguage\":\"fr-FR\"},{\"@type\":\"Organization\",\"@id\":\"https:\\\/\\\/eurotrail.info\\\/#organization\",\"name\":\"Eurotrail | The way we camp!\",\"url\":\"https:\\\/\\\/eurotrail.info\\\/\",\"logo\":{\"@type\":\"ImageObject\",\"inLanguage\":\"fr-FR\",\"@id\":\"https:\\\/\\\/eurotrail.info\\\/#\\\/schema\\\/logo\\\/image\\\/\",\"url\":\"https:\\\/\\\/eurotrail.info\\\/wp\\\/wp-content\\\/uploads\\\/2023\\\/07\\\/ET-logo-quote_NL-scaled.jpg\",\"contentUrl\":\"https:\\\/\\\/eurotrail.info\\\/wp\\\/wp-content\\\/uploads\\\/2023\\\/07\\\/ET-logo-quote_NL-scaled.jpg\",\"width\":2560,\"height\":675,\"caption\":\"Eurotrail | The way we camp!\"},\"image\":{\"@id\":\"https:\\\/\\\/eurotrail.info\\\/#\\\/schema\\\/logo\\\/image\\\/\"}}]}<\/script>\n<!-- \/ Yoast SEO plugin. -->","yoast_head_json":{"title":"Nova Venossa Armoire - Eurotrail | The way we camp!","description":"Armoire basse pliante. Le Nova Venossa est fabriqu\u00e9 en polyester de couleurs m\u00e9lang\u00e9es et est livr\u00e9 avec des \u00e9tag\u00e8res en bambou.","robots":{"index":"index","follow":"follow","max-snippet":"max-snippet:-1","max-image-preview":"max-image-preview:large","max-video-preview":"max-video-preview:-1"},"canonical":"https:\/\/eurotrail.info\/fr\/producten\/meubles\/armoires-de-camping\/nova-venossa-armoire\/","og_locale":"fr_FR","og_type":"article","og_title":"Nova Venossa Armoire - Eurotrail | The way we camp!","og_description":"Armoire basse pliante. Le Nova Venossa est fabriqu\u00e9 en polyester de couleurs m\u00e9lang\u00e9es et est livr\u00e9 avec des \u00e9tag\u00e8res en bambou.","og_url":"https:\/\/eurotrail.info\/fr\/producten\/meubles\/armoires-de-camping\/nova-venossa-armoire\/","og_site_name":"Eurotrail | The way we camp!","article_modified_time":"2022-04-13T08:18:46+00:00","og_image":[{"width":1766,"height":2376,"url":"https:\/\/eurotrail.info\/wp\/wp-content\/uploads\/2021\/11\/ETCF2036-Nova-Venossa-Set-23-1.jpg","type":"image\/jpeg"}],"twitter_card":"summary_large_image","schema":{"@context":"https:\/\/schema.org","@graph":[{"@type":"WebPage","@id":"https:\/\/eurotrail.info\/fr\/producten\/meubles\/armoires-de-camping\/nova-venossa-armoire\/","url":"https:\/\/eurotrail.info\/fr\/producten\/meubles\/armoires-de-camping\/nova-venossa-armoire\/","name":"Nova Venossa Armoire - Eurotrail | The way we camp!","isPartOf":{"@id":"https:\/\/eurotrail.info\/#website"},"primaryImageOfPage":{"@id":"https:\/\/eurotrail.info\/fr\/producten\/meubles\/armoires-de-camping\/nova-venossa-armoire\/#primaryimage"},"image":{"@id":"https:\/\/eurotrail.info\/fr\/producten\/meubles\/armoires-de-camping\/nova-venossa-armoire\/#primaryimage"},"thumbnailUrl":"https:\/\/eurotrail.info\/wp\/wp-content\/uploads\/2021\/11\/ETCF2036-Nova-Venossa-Set-23-1.jpg","datePublished":"2021-11-22T13:38:01+00:00","dateModified":"2022-04-13T08:18:46+00:00","description":"Armoire basse pliante. Le Nova Venossa est fabriqu\u00e9 en polyester de couleurs m\u00e9lang\u00e9es et est livr\u00e9 avec des \u00e9tag\u00e8res en bambou.","breadcrumb":{"@id":"https:\/\/eurotrail.info\/fr\/producten\/meubles\/armoires-de-camping\/nova-venossa-armoire\/#breadcrumb"},"inLanguage":"fr-FR","potentialAction":[{"@type":"ReadAction","target":["https:\/\/eurotrail.info\/fr\/producten\/meubles\/armoires-de-camping\/nova-venossa-armoire\/"]}]},{"@type":"ImageObject","inLanguage":"fr-FR","@id":"https:\/\/eurotrail.info\/fr\/producten\/meubles\/armoires-de-camping\/nova-venossa-armoire\/#primaryimage","url":"https:\/\/eurotrail.info\/wp\/wp-content\/uploads\/2021\/11\/ETCF2036-Nova-Venossa-Set-23-1.jpg","contentUrl":"https:\/\/eurotrail.info\/wp\/wp-content\/uploads\/2021\/11\/ETCF2036-Nova-Venossa-Set-23-1.jpg","width":1766,"height":2376,"caption":"Eurotrail Venossa campingkast"},{"@type":"BreadcrumbList","@id":"https:\/\/eurotrail.info\/fr\/producten\/meubles\/armoires-de-camping\/nova-venossa-armoire\/#breadcrumb","itemListElement":[{"@type":"ListItem","position":1,"name":"Home","item":"https:\/\/eurotrail.info\/fr\/"},{"@type":"ListItem","position":2,"name":"Produits","item":"https:\/\/eurotrail.info\/fr\/produits\/"},{"@type":"ListItem","position":3,"name":"Nova Venossa Armoire"}]},{"@type":"WebSite","@id":"https:\/\/eurotrail.info\/#website","url":"https:\/\/eurotrail.info\/","name":"Eurotrail | The way we camp!","description":"","publisher":{"@id":"https:\/\/eurotrail.info\/#organization"},"potentialAction":[{"@type":"SearchAction","target":{"@type":"EntryPoint","urlTemplate":"https:\/\/eurotrail.info\/?s={search_term_string}"},"query-input":{"@type":"PropertyValueSpecification","valueRequired":true,"valueName":"search_term_string"}}],"inLanguage":"fr-FR"},{"@type":"Organization","@id":"https:\/\/eurotrail.info\/#organization","name":"Eurotrail | The way we camp!","url":"https:\/\/eurotrail.info\/","logo":{"@type":"ImageObject","inLanguage":"fr-FR","@id":"https:\/\/eurotrail.info\/#\/schema\/logo\/image\/","url":"https:\/\/eurotrail.info\/wp\/wp-content\/uploads\/2023\/07\/ET-logo-quote_NL-scaled.jpg","contentUrl":"https:\/\/eurotrail.info\/wp\/wp-content\/uploads\/2023\/07\/ET-logo-quote_NL-scaled.jpg","width":2560,"height":675,"caption":"Eurotrail | The way we camp!"},"image":{"@id":"https:\/\/eurotrail.info\/#\/schema\/logo\/image\/"}}]}},"_links":{"self":[{"href":"https:\/\/eurotrail.info\/fr\/wp-json\/wp\/v2\/product\/13677","targetHints":{"allow":["GET"]}}],"collection":[{"href":"https:\/\/eurotrail.info\/fr\/wp-json\/wp\/v2\/product"}],"about":[{"href":"https:\/\/eurotrail.info\/fr\/wp-json\/wp\/v2\/types\/product"}],"replies":[{"embeddable":true,"href":"https:\/\/eurotrail.info\/fr\/wp-json\/wp\/v2\/comments?post=13677"}],"wp:featuredmedia":[{"embeddable":true,"href":"https:\/\/eurotrail.info\/fr\/wp-json\/wp\/v2\/media\/15254"}],"wp:attachment":[{"href":"https:\/\/eurotrail.info\/fr\/wp-json\/wp\/v2\/media?parent=13677"}],"wp:term":[{"taxonomy":"product_brand","embeddable":true,"href":"https:\/\/eurotrail.info\/fr\/wp-json\/wp\/v2\/product_brand?post=13677"},{"taxonomy":"product_cat","embeddable":true,"href":"https:\/\/eurotrail.info\/fr\/wp-json\/wp\/v2\/product_cat?post=13677"},{"taxonomy":"product_tag","embeddable":true,"href":"https:\/\/eurotrail.info\/fr\/wp-json\/wp\/v2\/product_tag?post=13677"}],"curies":[{"name":"wp","href":"https:\/\/api.w.org\/{rel}","templated":true}]}}