{"id":13713,"date":"2021-11-22T14:44:44","date_gmt":"2021-11-22T13:44:44","guid":{"rendered":"https:\/\/eurotrail.info\/producten\/nova-lucera-armoire\/"},"modified":"2022-04-13T09:25:57","modified_gmt":"2022-04-13T08:25:57","slug":"nova-lucera-armoire","status":"publish","type":"product","link":"https:\/\/eurotrail.info\/fr\/producten\/meubles\/armoires-de-camping\/nova-lucera-armoire\/","title":{"rendered":"Nova Lucera Armoire"},"content":{"rendered":"<p>Armoire de camping populaire, rapide \u00e0 installer et avec beaucoup d&#8217;espace de rangement. 3 \u00e9tages pour ranger tous vos articles de cuisine ou v\u00eatements. Le Nova Lucera est fabriqu\u00e9 en polyester 2 tons et est livr\u00e9 avec une \u00e9tag\u00e8re sup\u00e9rieure et des \u00e9tag\u00e8res robustes en bambou. Pieds r\u00e9glables pour mettre l&#8217;armoire dans une position stable. Incl. sac de rangement.<\/p>\n<p>Dimensions : 60x52x98cm<br \/>\nPli\u00e9 : 61x58x13cm<br \/>\nMat\u00e9riel: 100% Polyester \/ Bambou<br \/>\nCadre : aluminium<br \/>\nPlateau sup\u00e9rieur : MDF<br \/>\nCharge maxi : 25kg.<br \/>\nPoids : 5,95 kg..<\/p>\n","protected":false},"excerpt":{"rendered":"<p>Armoire de camping populaire, rapide \u00e0 installer et avec beaucoup d&#8217;espace de rangement. 3 \u00e9tages pour ranger tous vos articles de cuisine ou v\u00eatements. Le&hellip;<\/p>\n","protected":false},"featured_media":15078,"comment_status":"open","ping_status":"closed","template":"","meta":{"_acf_changed":false},"product_brand":[],"product_cat":[260,253],"product_tag":[],"class_list":{"0":"post-13713","1":"product","2":"type-product","3":"status-publish","4":"has-post-thumbnail","6":"product_cat-armoires-de-camping","7":"product_cat-meubles","9":"first","10":"instock","11":"shipping-taxable","12":"product-type-simple"},"acf":[],"yoast_head":"<!-- This site is optimized with the Yoast SEO plugin v27.4 - https:\/\/yoast.com\/product\/yoast-seo-wordpress\/ -->\n<title>Nova Lucera Armoire - Eurotrail | The way we camp!<\/title>\n<meta name=\"description\" content=\"Armoire de camping populaire, avec beaucoup d&#039;espace de rangement. 3 \u00e9tages pour ranger tous vos articles de cuisine ou v\u00eatements.\" \/>\n<meta name=\"robots\" content=\"index, follow, max-snippet:-1, max-image-preview:large, max-video-preview:-1\" \/>\n<link rel=\"canonical\" href=\"https:\/\/eurotrail.info\/fr\/producten\/meubles\/armoires-de-camping\/nova-lucera-armoire\/\" \/>\n<meta property=\"og:locale\" content=\"fr_FR\" \/>\n<meta property=\"og:type\" content=\"article\" \/>\n<meta property=\"og:title\" content=\"Nova Lucera Armoire - Eurotrail | The way we camp!\" \/>\n<meta property=\"og:description\" content=\"Armoire de camping populaire, avec beaucoup d&#039;espace de rangement. 3 \u00e9tages pour ranger tous vos articles de cuisine ou v\u00eatements.\" \/>\n<meta property=\"og:url\" content=\"https:\/\/eurotrail.info\/fr\/producten\/meubles\/armoires-de-camping\/nova-lucera-armoire\/\" \/>\n<meta property=\"og:site_name\" content=\"Eurotrail | The way we camp!\" \/>\n<meta property=\"article:modified_time\" content=\"2022-04-13T08:25:57+00:00\" \/>\n<meta property=\"og:image\" content=\"https:\/\/eurotrail.info\/wp\/wp-content\/uploads\/2021\/11\/ETCF2026-Nova-Lucera-Set-23-scaled.jpg\" \/>\n\t<meta property=\"og:image:width\" content=\"1509\" \/>\n\t<meta property=\"og:image:height\" content=\"2560\" \/>\n\t<meta property=\"og:image:type\" content=\"image\/jpeg\" \/>\n<meta name=\"twitter:card\" content=\"summary_large_image\" \/>\n<script type=\"application\/ld+json\" class=\"yoast-schema-graph\">{\"@context\":\"https:\\\/\\\/schema.org\",\"@graph\":[{\"@type\":\"WebPage\",\"@id\":\"https:\\\/\\\/eurotrail.info\\\/fr\\\/producten\\\/meubles\\\/armoires-de-camping\\\/nova-lucera-armoire\\\/\",\"url\":\"https:\\\/\\\/eurotrail.info\\\/fr\\\/producten\\\/meubles\\\/armoires-de-camping\\\/nova-lucera-armoire\\\/\",\"name\":\"Nova Lucera Armoire - Eurotrail | The way we camp!\",\"isPartOf\":{\"@id\":\"https:\\\/\\\/eurotrail.info\\\/#website\"},\"primaryImageOfPage\":{\"@id\":\"https:\\\/\\\/eurotrail.info\\\/fr\\\/producten\\\/meubles\\\/armoires-de-camping\\\/nova-lucera-armoire\\\/#primaryimage\"},\"image\":{\"@id\":\"https:\\\/\\\/eurotrail.info\\\/fr\\\/producten\\\/meubles\\\/armoires-de-camping\\\/nova-lucera-armoire\\\/#primaryimage\"},\"thumbnailUrl\":\"https:\\\/\\\/eurotrail.info\\\/wp\\\/wp-content\\\/uploads\\\/2021\\\/11\\\/ETCF2026-Nova-Lucera-Set-23-scaled.jpg\",\"datePublished\":\"2021-11-22T13:44:44+00:00\",\"dateModified\":\"2022-04-13T08:25:57+00:00\",\"description\":\"Armoire de camping populaire, avec beaucoup d'espace de rangement. 3 \u00e9tages pour ranger tous vos articles de cuisine ou v\u00eatements.\",\"breadcrumb\":{\"@id\":\"https:\\\/\\\/eurotrail.info\\\/fr\\\/producten\\\/meubles\\\/armoires-de-camping\\\/nova-lucera-armoire\\\/#breadcrumb\"},\"inLanguage\":\"fr-FR\",\"potentialAction\":[{\"@type\":\"ReadAction\",\"target\":[\"https:\\\/\\\/eurotrail.info\\\/fr\\\/producten\\\/meubles\\\/armoires-de-camping\\\/nova-lucera-armoire\\\/\"]}]},{\"@type\":\"ImageObject\",\"inLanguage\":\"fr-FR\",\"@id\":\"https:\\\/\\\/eurotrail.info\\\/fr\\\/producten\\\/meubles\\\/armoires-de-camping\\\/nova-lucera-armoire\\\/#primaryimage\",\"url\":\"https:\\\/\\\/eurotrail.info\\\/wp\\\/wp-content\\\/uploads\\\/2021\\\/11\\\/ETCF2026-Nova-Lucera-Set-23-scaled.jpg\",\"contentUrl\":\"https:\\\/\\\/eurotrail.info\\\/wp\\\/wp-content\\\/uploads\\\/2021\\\/11\\\/ETCF2026-Nova-Lucera-Set-23-scaled.jpg\",\"width\":1509,\"height\":2560,\"caption\":\"Eurotrail Nova Lucera campingkast\"},{\"@type\":\"BreadcrumbList\",\"@id\":\"https:\\\/\\\/eurotrail.info\\\/fr\\\/producten\\\/meubles\\\/armoires-de-camping\\\/nova-lucera-armoire\\\/#breadcrumb\",\"itemListElement\":[{\"@type\":\"ListItem\",\"position\":1,\"name\":\"Home\",\"item\":\"https:\\\/\\\/eurotrail.info\\\/fr\\\/\"},{\"@type\":\"ListItem\",\"position\":2,\"name\":\"Produits\",\"item\":\"https:\\\/\\\/eurotrail.info\\\/fr\\\/produits\\\/\"},{\"@type\":\"ListItem\",\"position\":3,\"name\":\"Nova Lucera Armoire\"}]},{\"@type\":\"WebSite\",\"@id\":\"https:\\\/\\\/eurotrail.info\\\/#website\",\"url\":\"https:\\\/\\\/eurotrail.info\\\/\",\"name\":\"Eurotrail | The way we camp!\",\"description\":\"\",\"publisher\":{\"@id\":\"https:\\\/\\\/eurotrail.info\\\/#organization\"},\"potentialAction\":[{\"@type\":\"SearchAction\",\"target\":{\"@type\":\"EntryPoint\",\"urlTemplate\":\"https:\\\/\\\/eurotrail.info\\\/?s={search_term_string}\"},\"query-input\":{\"@type\":\"PropertyValueSpecification\",\"valueRequired\":true,\"valueName\":\"search_term_string\"}}],\"inLanguage\":\"fr-FR\"},{\"@type\":\"Organization\",\"@id\":\"https:\\\/\\\/eurotrail.info\\\/#organization\",\"name\":\"Eurotrail | The way we camp!\",\"url\":\"https:\\\/\\\/eurotrail.info\\\/\",\"logo\":{\"@type\":\"ImageObject\",\"inLanguage\":\"fr-FR\",\"@id\":\"https:\\\/\\\/eurotrail.info\\\/#\\\/schema\\\/logo\\\/image\\\/\",\"url\":\"https:\\\/\\\/eurotrail.info\\\/wp\\\/wp-content\\\/uploads\\\/2023\\\/07\\\/ET-logo-quote_NL-scaled.jpg\",\"contentUrl\":\"https:\\\/\\\/eurotrail.info\\\/wp\\\/wp-content\\\/uploads\\\/2023\\\/07\\\/ET-logo-quote_NL-scaled.jpg\",\"width\":2560,\"height\":675,\"caption\":\"Eurotrail | The way we camp!\"},\"image\":{\"@id\":\"https:\\\/\\\/eurotrail.info\\\/#\\\/schema\\\/logo\\\/image\\\/\"}}]}<\/script>\n<!-- \/ Yoast SEO plugin. -->","yoast_head_json":{"title":"Nova Lucera Armoire - Eurotrail | The way we camp!","description":"Armoire de camping populaire, avec beaucoup d'espace de rangement. 3 \u00e9tages pour ranger tous vos articles de cuisine ou v\u00eatements.","robots":{"index":"index","follow":"follow","max-snippet":"max-snippet:-1","max-image-preview":"max-image-preview:large","max-video-preview":"max-video-preview:-1"},"canonical":"https:\/\/eurotrail.info\/fr\/producten\/meubles\/armoires-de-camping\/nova-lucera-armoire\/","og_locale":"fr_FR","og_type":"article","og_title":"Nova Lucera Armoire - Eurotrail | The way we camp!","og_description":"Armoire de camping populaire, avec beaucoup d'espace de rangement. 3 \u00e9tages pour ranger tous vos articles de cuisine ou v\u00eatements.","og_url":"https:\/\/eurotrail.info\/fr\/producten\/meubles\/armoires-de-camping\/nova-lucera-armoire\/","og_site_name":"Eurotrail | The way we camp!","article_modified_time":"2022-04-13T08:25:57+00:00","og_image":[{"width":1509,"height":2560,"url":"https:\/\/eurotrail.info\/wp\/wp-content\/uploads\/2021\/11\/ETCF2026-Nova-Lucera-Set-23-scaled.jpg","type":"image\/jpeg"}],"twitter_card":"summary_large_image","schema":{"@context":"https:\/\/schema.org","@graph":[{"@type":"WebPage","@id":"https:\/\/eurotrail.info\/fr\/producten\/meubles\/armoires-de-camping\/nova-lucera-armoire\/","url":"https:\/\/eurotrail.info\/fr\/producten\/meubles\/armoires-de-camping\/nova-lucera-armoire\/","name":"Nova Lucera Armoire - Eurotrail | The way we camp!","isPartOf":{"@id":"https:\/\/eurotrail.info\/#website"},"primaryImageOfPage":{"@id":"https:\/\/eurotrail.info\/fr\/producten\/meubles\/armoires-de-camping\/nova-lucera-armoire\/#primaryimage"},"image":{"@id":"https:\/\/eurotrail.info\/fr\/producten\/meubles\/armoires-de-camping\/nova-lucera-armoire\/#primaryimage"},"thumbnailUrl":"https:\/\/eurotrail.info\/wp\/wp-content\/uploads\/2021\/11\/ETCF2026-Nova-Lucera-Set-23-scaled.jpg","datePublished":"2021-11-22T13:44:44+00:00","dateModified":"2022-04-13T08:25:57+00:00","description":"Armoire de camping populaire, avec beaucoup d'espace de rangement. 3 \u00e9tages pour ranger tous vos articles de cuisine ou v\u00eatements.","breadcrumb":{"@id":"https:\/\/eurotrail.info\/fr\/producten\/meubles\/armoires-de-camping\/nova-lucera-armoire\/#breadcrumb"},"inLanguage":"fr-FR","potentialAction":[{"@type":"ReadAction","target":["https:\/\/eurotrail.info\/fr\/producten\/meubles\/armoires-de-camping\/nova-lucera-armoire\/"]}]},{"@type":"ImageObject","inLanguage":"fr-FR","@id":"https:\/\/eurotrail.info\/fr\/producten\/meubles\/armoires-de-camping\/nova-lucera-armoire\/#primaryimage","url":"https:\/\/eurotrail.info\/wp\/wp-content\/uploads\/2021\/11\/ETCF2026-Nova-Lucera-Set-23-scaled.jpg","contentUrl":"https:\/\/eurotrail.info\/wp\/wp-content\/uploads\/2021\/11\/ETCF2026-Nova-Lucera-Set-23-scaled.jpg","width":1509,"height":2560,"caption":"Eurotrail Nova Lucera campingkast"},{"@type":"BreadcrumbList","@id":"https:\/\/eurotrail.info\/fr\/producten\/meubles\/armoires-de-camping\/nova-lucera-armoire\/#breadcrumb","itemListElement":[{"@type":"ListItem","position":1,"name":"Home","item":"https:\/\/eurotrail.info\/fr\/"},{"@type":"ListItem","position":2,"name":"Produits","item":"https:\/\/eurotrail.info\/fr\/produits\/"},{"@type":"ListItem","position":3,"name":"Nova Lucera Armoire"}]},{"@type":"WebSite","@id":"https:\/\/eurotrail.info\/#website","url":"https:\/\/eurotrail.info\/","name":"Eurotrail | The way we camp!","description":"","publisher":{"@id":"https:\/\/eurotrail.info\/#organization"},"potentialAction":[{"@type":"SearchAction","target":{"@type":"EntryPoint","urlTemplate":"https:\/\/eurotrail.info\/?s={search_term_string}"},"query-input":{"@type":"PropertyValueSpecification","valueRequired":true,"valueName":"search_term_string"}}],"inLanguage":"fr-FR"},{"@type":"Organization","@id":"https:\/\/eurotrail.info\/#organization","name":"Eurotrail | The way we camp!","url":"https:\/\/eurotrail.info\/","logo":{"@type":"ImageObject","inLanguage":"fr-FR","@id":"https:\/\/eurotrail.info\/#\/schema\/logo\/image\/","url":"https:\/\/eurotrail.info\/wp\/wp-content\/uploads\/2023\/07\/ET-logo-quote_NL-scaled.jpg","contentUrl":"https:\/\/eurotrail.info\/wp\/wp-content\/uploads\/2023\/07\/ET-logo-quote_NL-scaled.jpg","width":2560,"height":675,"caption":"Eurotrail | The way we camp!"},"image":{"@id":"https:\/\/eurotrail.info\/#\/schema\/logo\/image\/"}}]}},"_links":{"self":[{"href":"https:\/\/eurotrail.info\/fr\/wp-json\/wp\/v2\/product\/13713","targetHints":{"allow":["GET"]}}],"collection":[{"href":"https:\/\/eurotrail.info\/fr\/wp-json\/wp\/v2\/product"}],"about":[{"href":"https:\/\/eurotrail.info\/fr\/wp-json\/wp\/v2\/types\/product"}],"replies":[{"embeddable":true,"href":"https:\/\/eurotrail.info\/fr\/wp-json\/wp\/v2\/comments?post=13713"}],"wp:featuredmedia":[{"embeddable":true,"href":"https:\/\/eurotrail.info\/fr\/wp-json\/wp\/v2\/media\/15078"}],"wp:attachment":[{"href":"https:\/\/eurotrail.info\/fr\/wp-json\/wp\/v2\/media?parent=13713"}],"wp:term":[{"taxonomy":"product_brand","embeddable":true,"href":"https:\/\/eurotrail.info\/fr\/wp-json\/wp\/v2\/product_brand?post=13713"},{"taxonomy":"product_cat","embeddable":true,"href":"https:\/\/eurotrail.info\/fr\/wp-json\/wp\/v2\/product_cat?post=13713"},{"taxonomy":"product_tag","embeddable":true,"href":"https:\/\/eurotrail.info\/fr\/wp-json\/wp\/v2\/product_tag?post=13713"}],"curies":[{"name":"wp","href":"https:\/\/api.w.org\/{rel}","templated":true}]}}