{"id":13816,"date":"2021-11-22T15:54:41","date_gmt":"2021-11-22T14:54:41","guid":{"rendered":"https:\/\/eurotrail.info\/producten\/amuna-chauffage-ceramique\/"},"modified":"2023-12-05T11:58:35","modified_gmt":"2023-12-05T10:58:35","slug":"amuna-chauffage-ceramique","status":"publish","type":"product","link":"https:\/\/eurotrail.info\/fr\/producten\/articles-menagers\/radiateurs\/amuna-chauffage-ceramique\/","title":{"rendered":"AMUNA Chauffage C\u00e9ramique"},"content":{"rendered":"<p>Chauffage en c\u00e9ramique avec lequel vous pouvez cr\u00e9er le climat id\u00e9al dans votre camping-car ou caravane. Le chauffage assure une temp\u00e9rature constante et agr\u00e9able, de sorte que vous soyez toujours bien au chaud. Id\u00e9al pour une utilisation en d\u00e9but ou en fin de saison !<\/p>\n<p>Cet appareil de chauffage en c\u00e9ramique est \u00e9quip\u00e9 d&#8217;un thermostat qui assure une temp\u00e9rature constante et agr\u00e9able. Vous pouvez le r\u00e9gler selon vos pr\u00e9f\u00e9rences avec 2 niveaux de chauffage 1000W &#8211; 1500W.<\/p>\n<p>Oscillation : au niveau de puissance 3, vous pouvez activer une oscillation. Lorsqu&#8217;il est allum\u00e9, le radiateur a un port\u00e9 de 45 degr\u00e9s, puis r\u00e9pand de l&#8217;air agr\u00e9ablement chaud dans la pi\u00e8ce.<\/p>\n<p>Lors des chaudes journ\u00e9es d&#8217;\u00e9t\u00e9, allumez le ventilateur en mode s\u00e9par\u00e9 pour un flux d&#8217;air agr\u00e9ablement frais.<\/p>\n<p>Triple s\u00e9curit\u00e9 : une protection contre la surchauffe, la protection contre le basculement \/ le toucher et la protection thermique assurent la protection de l&#8217;appareil contre toute situation impr\u00e9vue.<\/p>\n<p>La poign\u00e9e int\u00e9gr\u00e9e vous permet de prendre et de d\u00e9placer le chauffage facilement et en toute s\u00e9curit\u00e9. Lorsqu&#8217;il est soulev\u00e9, le radiateur s&#8217;\u00e9teint imm\u00e9diatement.<\/p>\n<p>Les radiateurs Eurotrail sont de haute qualit\u00e9, compacts, s\u00fbrs et faciles \u00e0 utiliser et offrent une facilit\u00e9 d&#8217;utilisation optimale. Id\u00e9al pour une utilisation par temps froid au camping ou m\u00eame \u00e0 la maison !<\/p>\n<p>Mod\u00e8le : ETHT0006 Chauffe-c\u00e9ramique<br \/>\nPuissance de chauffage : max.1500W<br \/>\nPuissance : 220-240V<br \/>\nConsommation actuelle : 6,5 A<br \/>\nDimensions du po\u00eale : 16x12x14,5 cm<br \/>\nPoids : 1,2 kg<\/p>\n","protected":false},"excerpt":{"rendered":"<p>Chauffage en c\u00e9ramique avec lequel vous pouvez cr\u00e9er le climat id\u00e9al dans votre camping-car ou caravane. Le chauffage assure une temp\u00e9rature constante et agr\u00e9able, de&hellip;<\/p>\n","protected":false},"featured_media":13840,"comment_status":"open","ping_status":"closed","template":"","meta":{"_acf_changed":false},"product_brand":[],"product_cat":[243,293],"product_tag":[],"class_list":{"0":"post-13816","1":"product","2":"type-product","3":"status-publish","4":"has-post-thumbnail","6":"product_cat-articles-menagers","7":"product_cat-radiateurs","9":"first","10":"instock","11":"shipping-taxable","12":"product-type-simple"},"acf":[],"yoast_head":"<!-- This site is optimized with the Yoast SEO plugin v27.4 - https:\/\/yoast.com\/product\/yoast-seo-wordpress\/ -->\n<title>AMUNA Chauffage C\u00e9ramique - Eurotrail | The way we camp!<\/title>\n<meta name=\"robots\" content=\"index, follow, max-snippet:-1, max-image-preview:large, max-video-preview:-1\" \/>\n<link rel=\"canonical\" href=\"https:\/\/eurotrail.info\/fr\/producten\/articles-menagers\/radiateurs\/amuna-chauffage-ceramique\/\" \/>\n<meta property=\"og:locale\" content=\"fr_FR\" \/>\n<meta property=\"og:type\" content=\"article\" \/>\n<meta property=\"og:title\" content=\"AMUNA Chauffage C\u00e9ramique - Eurotrail | The way we camp!\" \/>\n<meta property=\"og:description\" content=\"Chauffage en c\u00e9ramique avec lequel vous pouvez cr\u00e9er le climat id\u00e9al dans votre camping-car ou caravane. Le chauffage assure une temp\u00e9rature constante et agr\u00e9able, de&hellip;\" \/>\n<meta property=\"og:url\" content=\"https:\/\/eurotrail.info\/fr\/producten\/articles-menagers\/radiateurs\/amuna-chauffage-ceramique\/\" \/>\n<meta property=\"og:site_name\" content=\"Eurotrail | The way we camp!\" \/>\n<meta property=\"article:modified_time\" content=\"2023-12-05T10:58:35+00:00\" \/>\n<meta property=\"og:image\" content=\"https:\/\/eurotrail.info\/wp\/wp-content\/uploads\/2021\/11\/ETHT0006_0126_1.jpg\" \/>\n\t<meta property=\"og:image:width\" content=\"1266\" \/>\n\t<meta property=\"og:image:height\" content=\"1772\" \/>\n\t<meta property=\"og:image:type\" content=\"image\/jpeg\" \/>\n<meta name=\"twitter:card\" content=\"summary_large_image\" \/>\n<meta name=\"twitter:label1\" content=\"Dur\u00e9e de lecture estim\u00e9e\" \/>\n\t<meta name=\"twitter:data1\" content=\"2 minutes\" \/>\n<script type=\"application\/ld+json\" class=\"yoast-schema-graph\">{\"@context\":\"https:\\\/\\\/schema.org\",\"@graph\":[{\"@type\":\"WebPage\",\"@id\":\"https:\\\/\\\/eurotrail.info\\\/fr\\\/producten\\\/articles-menagers\\\/radiateurs\\\/amuna-chauffage-ceramique\\\/\",\"url\":\"https:\\\/\\\/eurotrail.info\\\/fr\\\/producten\\\/articles-menagers\\\/radiateurs\\\/amuna-chauffage-ceramique\\\/\",\"name\":\"AMUNA Chauffage C\u00e9ramique - Eurotrail | The way we camp!\",\"isPartOf\":{\"@id\":\"https:\\\/\\\/eurotrail.info\\\/#website\"},\"primaryImageOfPage\":{\"@id\":\"https:\\\/\\\/eurotrail.info\\\/fr\\\/producten\\\/articles-menagers\\\/radiateurs\\\/amuna-chauffage-ceramique\\\/#primaryimage\"},\"image\":{\"@id\":\"https:\\\/\\\/eurotrail.info\\\/fr\\\/producten\\\/articles-menagers\\\/radiateurs\\\/amuna-chauffage-ceramique\\\/#primaryimage\"},\"thumbnailUrl\":\"https:\\\/\\\/eurotrail.info\\\/wp\\\/wp-content\\\/uploads\\\/2021\\\/11\\\/ETHT0006_0126_1.jpg\",\"datePublished\":\"2021-11-22T14:54:41+00:00\",\"dateModified\":\"2023-12-05T10:58:35+00:00\",\"breadcrumb\":{\"@id\":\"https:\\\/\\\/eurotrail.info\\\/fr\\\/producten\\\/articles-menagers\\\/radiateurs\\\/amuna-chauffage-ceramique\\\/#breadcrumb\"},\"inLanguage\":\"fr-FR\",\"potentialAction\":[{\"@type\":\"ReadAction\",\"target\":[\"https:\\\/\\\/eurotrail.info\\\/fr\\\/producten\\\/articles-menagers\\\/radiateurs\\\/amuna-chauffage-ceramique\\\/\"]}]},{\"@type\":\"ImageObject\",\"inLanguage\":\"fr-FR\",\"@id\":\"https:\\\/\\\/eurotrail.info\\\/fr\\\/producten\\\/articles-menagers\\\/radiateurs\\\/amuna-chauffage-ceramique\\\/#primaryimage\",\"url\":\"https:\\\/\\\/eurotrail.info\\\/wp\\\/wp-content\\\/uploads\\\/2021\\\/11\\\/ETHT0006_0126_1.jpg\",\"contentUrl\":\"https:\\\/\\\/eurotrail.info\\\/wp\\\/wp-content\\\/uploads\\\/2021\\\/11\\\/ETHT0006_0126_1.jpg\",\"width\":1266,\"height\":1772,\"caption\":\"Keramische kachel met oscillatie functie waarmee u het perfecte klimaat kunt cre\u00ebren in uw camper of caravan.\"},{\"@type\":\"BreadcrumbList\",\"@id\":\"https:\\\/\\\/eurotrail.info\\\/fr\\\/producten\\\/articles-menagers\\\/radiateurs\\\/amuna-chauffage-ceramique\\\/#breadcrumb\",\"itemListElement\":[{\"@type\":\"ListItem\",\"position\":1,\"name\":\"Home\",\"item\":\"https:\\\/\\\/eurotrail.info\\\/fr\\\/\"},{\"@type\":\"ListItem\",\"position\":2,\"name\":\"Produits\",\"item\":\"https:\\\/\\\/eurotrail.info\\\/fr\\\/produits\\\/\"},{\"@type\":\"ListItem\",\"position\":3,\"name\":\"AMUNA Chauffage C\u00e9ramique\"}]},{\"@type\":\"WebSite\",\"@id\":\"https:\\\/\\\/eurotrail.info\\\/#website\",\"url\":\"https:\\\/\\\/eurotrail.info\\\/\",\"name\":\"Eurotrail | The way we camp!\",\"description\":\"\",\"publisher\":{\"@id\":\"https:\\\/\\\/eurotrail.info\\\/#organization\"},\"potentialAction\":[{\"@type\":\"SearchAction\",\"target\":{\"@type\":\"EntryPoint\",\"urlTemplate\":\"https:\\\/\\\/eurotrail.info\\\/?s={search_term_string}\"},\"query-input\":{\"@type\":\"PropertyValueSpecification\",\"valueRequired\":true,\"valueName\":\"search_term_string\"}}],\"inLanguage\":\"fr-FR\"},{\"@type\":\"Organization\",\"@id\":\"https:\\\/\\\/eurotrail.info\\\/#organization\",\"name\":\"Eurotrail | The way we camp!\",\"url\":\"https:\\\/\\\/eurotrail.info\\\/\",\"logo\":{\"@type\":\"ImageObject\",\"inLanguage\":\"fr-FR\",\"@id\":\"https:\\\/\\\/eurotrail.info\\\/#\\\/schema\\\/logo\\\/image\\\/\",\"url\":\"https:\\\/\\\/eurotrail.info\\\/wp\\\/wp-content\\\/uploads\\\/2023\\\/07\\\/ET-logo-quote_NL-scaled.jpg\",\"contentUrl\":\"https:\\\/\\\/eurotrail.info\\\/wp\\\/wp-content\\\/uploads\\\/2023\\\/07\\\/ET-logo-quote_NL-scaled.jpg\",\"width\":2560,\"height\":675,\"caption\":\"Eurotrail | The way we camp!\"},\"image\":{\"@id\":\"https:\\\/\\\/eurotrail.info\\\/#\\\/schema\\\/logo\\\/image\\\/\"}}]}<\/script>\n<!-- \/ Yoast SEO plugin. -->","yoast_head_json":{"title":"AMUNA Chauffage C\u00e9ramique - Eurotrail | The way we camp!","robots":{"index":"index","follow":"follow","max-snippet":"max-snippet:-1","max-image-preview":"max-image-preview:large","max-video-preview":"max-video-preview:-1"},"canonical":"https:\/\/eurotrail.info\/fr\/producten\/articles-menagers\/radiateurs\/amuna-chauffage-ceramique\/","og_locale":"fr_FR","og_type":"article","og_title":"AMUNA Chauffage C\u00e9ramique - Eurotrail | The way we camp!","og_description":"Chauffage en c\u00e9ramique avec lequel vous pouvez cr\u00e9er le climat id\u00e9al dans votre camping-car ou caravane. Le chauffage assure une temp\u00e9rature constante et agr\u00e9able, de&hellip;","og_url":"https:\/\/eurotrail.info\/fr\/producten\/articles-menagers\/radiateurs\/amuna-chauffage-ceramique\/","og_site_name":"Eurotrail | The way we camp!","article_modified_time":"2023-12-05T10:58:35+00:00","og_image":[{"width":1266,"height":1772,"url":"https:\/\/eurotrail.info\/wp\/wp-content\/uploads\/2021\/11\/ETHT0006_0126_1.jpg","type":"image\/jpeg"}],"twitter_card":"summary_large_image","twitter_misc":{"Dur\u00e9e de lecture estim\u00e9e":"2 minutes"},"schema":{"@context":"https:\/\/schema.org","@graph":[{"@type":"WebPage","@id":"https:\/\/eurotrail.info\/fr\/producten\/articles-menagers\/radiateurs\/amuna-chauffage-ceramique\/","url":"https:\/\/eurotrail.info\/fr\/producten\/articles-menagers\/radiateurs\/amuna-chauffage-ceramique\/","name":"AMUNA Chauffage C\u00e9ramique - Eurotrail | The way we camp!","isPartOf":{"@id":"https:\/\/eurotrail.info\/#website"},"primaryImageOfPage":{"@id":"https:\/\/eurotrail.info\/fr\/producten\/articles-menagers\/radiateurs\/amuna-chauffage-ceramique\/#primaryimage"},"image":{"@id":"https:\/\/eurotrail.info\/fr\/producten\/articles-menagers\/radiateurs\/amuna-chauffage-ceramique\/#primaryimage"},"thumbnailUrl":"https:\/\/eurotrail.info\/wp\/wp-content\/uploads\/2021\/11\/ETHT0006_0126_1.jpg","datePublished":"2021-11-22T14:54:41+00:00","dateModified":"2023-12-05T10:58:35+00:00","breadcrumb":{"@id":"https:\/\/eurotrail.info\/fr\/producten\/articles-menagers\/radiateurs\/amuna-chauffage-ceramique\/#breadcrumb"},"inLanguage":"fr-FR","potentialAction":[{"@type":"ReadAction","target":["https:\/\/eurotrail.info\/fr\/producten\/articles-menagers\/radiateurs\/amuna-chauffage-ceramique\/"]}]},{"@type":"ImageObject","inLanguage":"fr-FR","@id":"https:\/\/eurotrail.info\/fr\/producten\/articles-menagers\/radiateurs\/amuna-chauffage-ceramique\/#primaryimage","url":"https:\/\/eurotrail.info\/wp\/wp-content\/uploads\/2021\/11\/ETHT0006_0126_1.jpg","contentUrl":"https:\/\/eurotrail.info\/wp\/wp-content\/uploads\/2021\/11\/ETHT0006_0126_1.jpg","width":1266,"height":1772,"caption":"Keramische kachel met oscillatie functie waarmee u het perfecte klimaat kunt cre\u00ebren in uw camper of caravan."},{"@type":"BreadcrumbList","@id":"https:\/\/eurotrail.info\/fr\/producten\/articles-menagers\/radiateurs\/amuna-chauffage-ceramique\/#breadcrumb","itemListElement":[{"@type":"ListItem","position":1,"name":"Home","item":"https:\/\/eurotrail.info\/fr\/"},{"@type":"ListItem","position":2,"name":"Produits","item":"https:\/\/eurotrail.info\/fr\/produits\/"},{"@type":"ListItem","position":3,"name":"AMUNA Chauffage C\u00e9ramique"}]},{"@type":"WebSite","@id":"https:\/\/eurotrail.info\/#website","url":"https:\/\/eurotrail.info\/","name":"Eurotrail | The way we camp!","description":"","publisher":{"@id":"https:\/\/eurotrail.info\/#organization"},"potentialAction":[{"@type":"SearchAction","target":{"@type":"EntryPoint","urlTemplate":"https:\/\/eurotrail.info\/?s={search_term_string}"},"query-input":{"@type":"PropertyValueSpecification","valueRequired":true,"valueName":"search_term_string"}}],"inLanguage":"fr-FR"},{"@type":"Organization","@id":"https:\/\/eurotrail.info\/#organization","name":"Eurotrail | The way we camp!","url":"https:\/\/eurotrail.info\/","logo":{"@type":"ImageObject","inLanguage":"fr-FR","@id":"https:\/\/eurotrail.info\/#\/schema\/logo\/image\/","url":"https:\/\/eurotrail.info\/wp\/wp-content\/uploads\/2023\/07\/ET-logo-quote_NL-scaled.jpg","contentUrl":"https:\/\/eurotrail.info\/wp\/wp-content\/uploads\/2023\/07\/ET-logo-quote_NL-scaled.jpg","width":2560,"height":675,"caption":"Eurotrail | The way we camp!"},"image":{"@id":"https:\/\/eurotrail.info\/#\/schema\/logo\/image\/"}}]}},"_links":{"self":[{"href":"https:\/\/eurotrail.info\/fr\/wp-json\/wp\/v2\/product\/13816","targetHints":{"allow":["GET"]}}],"collection":[{"href":"https:\/\/eurotrail.info\/fr\/wp-json\/wp\/v2\/product"}],"about":[{"href":"https:\/\/eurotrail.info\/fr\/wp-json\/wp\/v2\/types\/product"}],"replies":[{"embeddable":true,"href":"https:\/\/eurotrail.info\/fr\/wp-json\/wp\/v2\/comments?post=13816"}],"wp:featuredmedia":[{"embeddable":true,"href":"https:\/\/eurotrail.info\/fr\/wp-json\/wp\/v2\/media\/13840"}],"wp:attachment":[{"href":"https:\/\/eurotrail.info\/fr\/wp-json\/wp\/v2\/media?parent=13816"}],"wp:term":[{"taxonomy":"product_brand","embeddable":true,"href":"https:\/\/eurotrail.info\/fr\/wp-json\/wp\/v2\/product_brand?post=13816"},{"taxonomy":"product_cat","embeddable":true,"href":"https:\/\/eurotrail.info\/fr\/wp-json\/wp\/v2\/product_cat?post=13816"},{"taxonomy":"product_tag","embeddable":true,"href":"https:\/\/eurotrail.info\/fr\/wp-json\/wp\/v2\/product_tag?post=13816"}],"curies":[{"name":"wp","href":"https:\/\/api.w.org\/{rel}","templated":true}]}}