{"id":13983,"date":"2021-11-23T12:18:42","date_gmt":"2021-11-23T11:18:42","guid":{"rendered":"https:\/\/eurotrail.info\/producten\/xavier-chaise-enfant-multicolore\/"},"modified":"2021-11-23T12:18:42","modified_gmt":"2021-11-23T11:18:42","slug":"xavier-chaise-enfant-multicolore","status":"publish","type":"product","link":"https:\/\/eurotrail.info\/fr\/producten\/meubles\/chaises-denfants\/xavier-chaise-enfant-multicolore\/","title":{"rendered":"Xavier chaise enfant multicolore"},"content":{"rendered":"<p>Chaise pour enfants confortable avec un motif de tissu \u00e0 rayures joyeux.<\/p>\n<p>Les c\u00f4t\u00e9s et le dos hauts offrent beaucoup de soutien et de confort d&#8217;assise. La chaise est facile \u00e0 plier et est livr\u00e9e avec un sac de transport.<br \/>\nId\u00e9al pour emmener au camping ou pour une utilisation dans le jardin !<\/p>\n<p>Taille: 30x28x30\/61cm<br \/>\nPli\u00e9 : 61x\u00d813cm<br \/>\nMat\u00e9riel : 100 % polyester<br \/>\nCadre : acier<br \/>\nCharge maxi : 60kg.<br \/>\nPoids : 1,95kg.<\/p>\n","protected":false},"excerpt":{"rendered":"<p>Chaise pour enfants confortable avec un motif de tissu \u00e0 rayures joyeux. Les c\u00f4t\u00e9s et le dos hauts offrent beaucoup de soutien et de confort&hellip;<\/p>\n","protected":false},"featured_media":13978,"comment_status":"open","ping_status":"closed","template":"","meta":{"_acf_changed":false},"product_brand":[],"product_cat":[259,253],"product_tag":[],"class_list":{"0":"post-13983","1":"product","2":"type-product","3":"status-publish","4":"has-post-thumbnail","6":"product_cat-chaises-denfants","7":"product_cat-meubles","9":"first","10":"instock","11":"shipping-taxable","12":"product-type-simple"},"acf":[],"yoast_head":"<!-- This site is optimized with the Yoast SEO plugin v27.4 - https:\/\/yoast.com\/product\/yoast-seo-wordpress\/ -->\n<title>Xavier chaise enfant multicolore - Eurotrail | The way we camp!<\/title>\n<meta name=\"robots\" content=\"index, follow, max-snippet:-1, max-image-preview:large, max-video-preview:-1\" \/>\n<link rel=\"canonical\" href=\"https:\/\/eurotrail.info\/fr\/producten\/meubles\/chaises-denfants\/xavier-chaise-enfant-multicolore\/\" \/>\n<meta property=\"og:locale\" content=\"fr_FR\" \/>\n<meta property=\"og:type\" content=\"article\" \/>\n<meta property=\"og:title\" content=\"Xavier chaise enfant multicolore - Eurotrail | The way we camp!\" \/>\n<meta property=\"og:description\" content=\"Chaise pour enfants confortable avec un motif de tissu \u00e0 rayures joyeux. Les c\u00f4t\u00e9s et le dos hauts offrent beaucoup de soutien et de confort&hellip;\" \/>\n<meta property=\"og:url\" content=\"https:\/\/eurotrail.info\/fr\/producten\/meubles\/chaises-denfants\/xavier-chaise-enfant-multicolore\/\" \/>\n<meta property=\"og:site_name\" content=\"Eurotrail | The way we camp!\" \/>\n<meta property=\"og:image\" content=\"https:\/\/eurotrail.info\/wp\/wp-content\/uploads\/2016\/01\/ETCF0048-Xavier-Multicolor-22-scaled.jpg\" \/>\n\t<meta property=\"og:image:width\" content=\"1797\" \/>\n\t<meta property=\"og:image:height\" content=\"2560\" \/>\n\t<meta property=\"og:image:type\" content=\"image\/jpeg\" \/>\n<meta name=\"twitter:card\" content=\"summary_large_image\" \/>\n<script type=\"application\/ld+json\" class=\"yoast-schema-graph\">{\"@context\":\"https:\\\/\\\/schema.org\",\"@graph\":[{\"@type\":\"WebPage\",\"@id\":\"https:\\\/\\\/eurotrail.info\\\/fr\\\/producten\\\/meubles\\\/chaises-denfants\\\/xavier-chaise-enfant-multicolore\\\/\",\"url\":\"https:\\\/\\\/eurotrail.info\\\/fr\\\/producten\\\/meubles\\\/chaises-denfants\\\/xavier-chaise-enfant-multicolore\\\/\",\"name\":\"Xavier chaise enfant multicolore - Eurotrail | The way we camp!\",\"isPartOf\":{\"@id\":\"https:\\\/\\\/eurotrail.info\\\/#website\"},\"primaryImageOfPage\":{\"@id\":\"https:\\\/\\\/eurotrail.info\\\/fr\\\/producten\\\/meubles\\\/chaises-denfants\\\/xavier-chaise-enfant-multicolore\\\/#primaryimage\"},\"image\":{\"@id\":\"https:\\\/\\\/eurotrail.info\\\/fr\\\/producten\\\/meubles\\\/chaises-denfants\\\/xavier-chaise-enfant-multicolore\\\/#primaryimage\"},\"thumbnailUrl\":\"https:\\\/\\\/eurotrail.info\\\/wp\\\/wp-content\\\/uploads\\\/2016\\\/01\\\/ETCF0048-Xavier-Multicolor-22-scaled.jpg\",\"datePublished\":\"2021-11-23T11:18:42+00:00\",\"breadcrumb\":{\"@id\":\"https:\\\/\\\/eurotrail.info\\\/fr\\\/producten\\\/meubles\\\/chaises-denfants\\\/xavier-chaise-enfant-multicolore\\\/#breadcrumb\"},\"inLanguage\":\"fr-FR\",\"potentialAction\":[{\"@type\":\"ReadAction\",\"target\":[\"https:\\\/\\\/eurotrail.info\\\/fr\\\/producten\\\/meubles\\\/chaises-denfants\\\/xavier-chaise-enfant-multicolore\\\/\"]}]},{\"@type\":\"ImageObject\",\"inLanguage\":\"fr-FR\",\"@id\":\"https:\\\/\\\/eurotrail.info\\\/fr\\\/producten\\\/meubles\\\/chaises-denfants\\\/xavier-chaise-enfant-multicolore\\\/#primaryimage\",\"url\":\"https:\\\/\\\/eurotrail.info\\\/wp\\\/wp-content\\\/uploads\\\/2016\\\/01\\\/ETCF0048-Xavier-Multicolor-22-scaled.jpg\",\"contentUrl\":\"https:\\\/\\\/eurotrail.info\\\/wp\\\/wp-content\\\/uploads\\\/2016\\\/01\\\/ETCF0048-Xavier-Multicolor-22-scaled.jpg\",\"width\":1797,\"height\":2560,\"caption\":\"De hoge zijkanten en achterkant zorgen voor veel steun en zitcomfort.\"},{\"@type\":\"BreadcrumbList\",\"@id\":\"https:\\\/\\\/eurotrail.info\\\/fr\\\/producten\\\/meubles\\\/chaises-denfants\\\/xavier-chaise-enfant-multicolore\\\/#breadcrumb\",\"itemListElement\":[{\"@type\":\"ListItem\",\"position\":1,\"name\":\"Home\",\"item\":\"https:\\\/\\\/eurotrail.info\\\/fr\\\/\"},{\"@type\":\"ListItem\",\"position\":2,\"name\":\"Produits\",\"item\":\"https:\\\/\\\/eurotrail.info\\\/fr\\\/produits\\\/\"},{\"@type\":\"ListItem\",\"position\":3,\"name\":\"Xavier chaise enfant multicolore\"}]},{\"@type\":\"WebSite\",\"@id\":\"https:\\\/\\\/eurotrail.info\\\/#website\",\"url\":\"https:\\\/\\\/eurotrail.info\\\/\",\"name\":\"Eurotrail | The way we camp!\",\"description\":\"\",\"publisher\":{\"@id\":\"https:\\\/\\\/eurotrail.info\\\/#organization\"},\"potentialAction\":[{\"@type\":\"SearchAction\",\"target\":{\"@type\":\"EntryPoint\",\"urlTemplate\":\"https:\\\/\\\/eurotrail.info\\\/?s={search_term_string}\"},\"query-input\":{\"@type\":\"PropertyValueSpecification\",\"valueRequired\":true,\"valueName\":\"search_term_string\"}}],\"inLanguage\":\"fr-FR\"},{\"@type\":\"Organization\",\"@id\":\"https:\\\/\\\/eurotrail.info\\\/#organization\",\"name\":\"Eurotrail | The way we camp!\",\"url\":\"https:\\\/\\\/eurotrail.info\\\/\",\"logo\":{\"@type\":\"ImageObject\",\"inLanguage\":\"fr-FR\",\"@id\":\"https:\\\/\\\/eurotrail.info\\\/#\\\/schema\\\/logo\\\/image\\\/\",\"url\":\"https:\\\/\\\/eurotrail.info\\\/wp\\\/wp-content\\\/uploads\\\/2023\\\/07\\\/ET-logo-quote_NL-scaled.jpg\",\"contentUrl\":\"https:\\\/\\\/eurotrail.info\\\/wp\\\/wp-content\\\/uploads\\\/2023\\\/07\\\/ET-logo-quote_NL-scaled.jpg\",\"width\":2560,\"height\":675,\"caption\":\"Eurotrail | The way we camp!\"},\"image\":{\"@id\":\"https:\\\/\\\/eurotrail.info\\\/#\\\/schema\\\/logo\\\/image\\\/\"}}]}<\/script>\n<!-- \/ Yoast SEO plugin. -->","yoast_head_json":{"title":"Xavier chaise enfant multicolore - Eurotrail | The way we camp!","robots":{"index":"index","follow":"follow","max-snippet":"max-snippet:-1","max-image-preview":"max-image-preview:large","max-video-preview":"max-video-preview:-1"},"canonical":"https:\/\/eurotrail.info\/fr\/producten\/meubles\/chaises-denfants\/xavier-chaise-enfant-multicolore\/","og_locale":"fr_FR","og_type":"article","og_title":"Xavier chaise enfant multicolore - Eurotrail | The way we camp!","og_description":"Chaise pour enfants confortable avec un motif de tissu \u00e0 rayures joyeux. Les c\u00f4t\u00e9s et le dos hauts offrent beaucoup de soutien et de confort&hellip;","og_url":"https:\/\/eurotrail.info\/fr\/producten\/meubles\/chaises-denfants\/xavier-chaise-enfant-multicolore\/","og_site_name":"Eurotrail | The way we camp!","og_image":[{"width":1797,"height":2560,"url":"https:\/\/eurotrail.info\/wp\/wp-content\/uploads\/2016\/01\/ETCF0048-Xavier-Multicolor-22-scaled.jpg","type":"image\/jpeg"}],"twitter_card":"summary_large_image","schema":{"@context":"https:\/\/schema.org","@graph":[{"@type":"WebPage","@id":"https:\/\/eurotrail.info\/fr\/producten\/meubles\/chaises-denfants\/xavier-chaise-enfant-multicolore\/","url":"https:\/\/eurotrail.info\/fr\/producten\/meubles\/chaises-denfants\/xavier-chaise-enfant-multicolore\/","name":"Xavier chaise enfant multicolore - Eurotrail | The way we camp!","isPartOf":{"@id":"https:\/\/eurotrail.info\/#website"},"primaryImageOfPage":{"@id":"https:\/\/eurotrail.info\/fr\/producten\/meubles\/chaises-denfants\/xavier-chaise-enfant-multicolore\/#primaryimage"},"image":{"@id":"https:\/\/eurotrail.info\/fr\/producten\/meubles\/chaises-denfants\/xavier-chaise-enfant-multicolore\/#primaryimage"},"thumbnailUrl":"https:\/\/eurotrail.info\/wp\/wp-content\/uploads\/2016\/01\/ETCF0048-Xavier-Multicolor-22-scaled.jpg","datePublished":"2021-11-23T11:18:42+00:00","breadcrumb":{"@id":"https:\/\/eurotrail.info\/fr\/producten\/meubles\/chaises-denfants\/xavier-chaise-enfant-multicolore\/#breadcrumb"},"inLanguage":"fr-FR","potentialAction":[{"@type":"ReadAction","target":["https:\/\/eurotrail.info\/fr\/producten\/meubles\/chaises-denfants\/xavier-chaise-enfant-multicolore\/"]}]},{"@type":"ImageObject","inLanguage":"fr-FR","@id":"https:\/\/eurotrail.info\/fr\/producten\/meubles\/chaises-denfants\/xavier-chaise-enfant-multicolore\/#primaryimage","url":"https:\/\/eurotrail.info\/wp\/wp-content\/uploads\/2016\/01\/ETCF0048-Xavier-Multicolor-22-scaled.jpg","contentUrl":"https:\/\/eurotrail.info\/wp\/wp-content\/uploads\/2016\/01\/ETCF0048-Xavier-Multicolor-22-scaled.jpg","width":1797,"height":2560,"caption":"De hoge zijkanten en achterkant zorgen voor veel steun en zitcomfort."},{"@type":"BreadcrumbList","@id":"https:\/\/eurotrail.info\/fr\/producten\/meubles\/chaises-denfants\/xavier-chaise-enfant-multicolore\/#breadcrumb","itemListElement":[{"@type":"ListItem","position":1,"name":"Home","item":"https:\/\/eurotrail.info\/fr\/"},{"@type":"ListItem","position":2,"name":"Produits","item":"https:\/\/eurotrail.info\/fr\/produits\/"},{"@type":"ListItem","position":3,"name":"Xavier chaise enfant multicolore"}]},{"@type":"WebSite","@id":"https:\/\/eurotrail.info\/#website","url":"https:\/\/eurotrail.info\/","name":"Eurotrail | The way we camp!","description":"","publisher":{"@id":"https:\/\/eurotrail.info\/#organization"},"potentialAction":[{"@type":"SearchAction","target":{"@type":"EntryPoint","urlTemplate":"https:\/\/eurotrail.info\/?s={search_term_string}"},"query-input":{"@type":"PropertyValueSpecification","valueRequired":true,"valueName":"search_term_string"}}],"inLanguage":"fr-FR"},{"@type":"Organization","@id":"https:\/\/eurotrail.info\/#organization","name":"Eurotrail | The way we camp!","url":"https:\/\/eurotrail.info\/","logo":{"@type":"ImageObject","inLanguage":"fr-FR","@id":"https:\/\/eurotrail.info\/#\/schema\/logo\/image\/","url":"https:\/\/eurotrail.info\/wp\/wp-content\/uploads\/2023\/07\/ET-logo-quote_NL-scaled.jpg","contentUrl":"https:\/\/eurotrail.info\/wp\/wp-content\/uploads\/2023\/07\/ET-logo-quote_NL-scaled.jpg","width":2560,"height":675,"caption":"Eurotrail | The way we camp!"},"image":{"@id":"https:\/\/eurotrail.info\/#\/schema\/logo\/image\/"}}]}},"_links":{"self":[{"href":"https:\/\/eurotrail.info\/fr\/wp-json\/wp\/v2\/product\/13983","targetHints":{"allow":["GET"]}}],"collection":[{"href":"https:\/\/eurotrail.info\/fr\/wp-json\/wp\/v2\/product"}],"about":[{"href":"https:\/\/eurotrail.info\/fr\/wp-json\/wp\/v2\/types\/product"}],"replies":[{"embeddable":true,"href":"https:\/\/eurotrail.info\/fr\/wp-json\/wp\/v2\/comments?post=13983"}],"wp:featuredmedia":[{"embeddable":true,"href":"https:\/\/eurotrail.info\/fr\/wp-json\/wp\/v2\/media\/13978"}],"wp:attachment":[{"href":"https:\/\/eurotrail.info\/fr\/wp-json\/wp\/v2\/media?parent=13983"}],"wp:term":[{"taxonomy":"product_brand","embeddable":true,"href":"https:\/\/eurotrail.info\/fr\/wp-json\/wp\/v2\/product_brand?post=13983"},{"taxonomy":"product_cat","embeddable":true,"href":"https:\/\/eurotrail.info\/fr\/wp-json\/wp\/v2\/product_cat?post=13983"},{"taxonomy":"product_tag","embeddable":true,"href":"https:\/\/eurotrail.info\/fr\/wp-json\/wp\/v2\/product_tag?post=13983"}],"curies":[{"name":"wp","href":"https:\/\/api.w.org\/{rel}","templated":true}]}}