{"id":14102,"date":"2016-01-19T16:51:40","date_gmt":"2016-01-19T15:51:40","guid":{"rendered":"https:\/\/eurotrail.info\/producten\/sintra-chaise-pliante-aluminium\/"},"modified":"2025-03-21T09:16:24","modified_gmt":"2025-03-21T08:16:24","slug":"sintra-chaise-pliante-aluminium","status":"publish","type":"product","link":"https:\/\/eurotrail.info\/fr\/producten\/meubles\/chaises-pliantes\/sintra-chaise-pliante-aluminium\/","title":{"rendered":"Sintra Chaise pliante aluminium"},"content":{"rendered":"<p>Chaise pliante l\u00e9g\u00e8re &#8211; Votre compagnon de route id\u00e9al !<br \/>\nVous cherchez une chaise compacte et pratique pour voyager ? Cette chaise pliante l\u00e9g\u00e8re ne p\u00e8se que 1,5 kg, ce qui la rend facile \u00e0 emporter \u00e0 la plage, au camping, \u00e0 un festival ou pour une journ\u00e9e de p\u00eache.<\/p>\n<p>Elle est \u00e0 la fois l\u00e9g\u00e8re et solide, et le cadre en aluminium fournit une base stable.<\/p>\n<p>Pliage rapide : d\u00e9ployez et pliez en quelques secondes, sans aucun souci !<\/p>\n<p>Que vous vous d\u00e9tendiez sur la plage ou que vous profitiez de la nature, cette chaise vous offre confort et commodit\u00e9 o\u00f9 que vous soyez !<\/p>\n<p>Dimensions : 50x45x77cm<br \/>\nPli\u00e9 : 64&#215;84,5x5cm<br \/>\nMat\u00e9riel : 100 % polyester<br \/>\nCadre : aluminium<br \/>\nPoids max chargeable : 90 kg.<br \/>\nPoids : 1,5kg.<\/p>\n","protected":false},"excerpt":{"rendered":"<p>Chaise pliante l\u00e9g\u00e8re &#8211; Votre compagnon de route id\u00e9al ! Vous cherchez une chaise compacte et pratique pour voyager ? Cette chaise pliante l\u00e9g\u00e8re ne&hellip;<\/p>\n","protected":false},"featured_media":14109,"comment_status":"open","ping_status":"closed","template":"","meta":{"_acf_changed":false},"product_brand":[],"product_cat":[255],"product_tag":[],"class_list":{"0":"post-14102","1":"product","2":"type-product","3":"status-publish","4":"has-post-thumbnail","6":"product_cat-chaises-pliantes","8":"first","9":"instock","10":"shipping-taxable","11":"product-type-simple"},"acf":[],"yoast_head":"<!-- This site is optimized with the Yoast SEO plugin v27.4 - https:\/\/yoast.com\/product\/yoast-seo-wordpress\/ -->\n<title>Sintra Chaise pliante aluminium - Eurotrail | The way we camp!<\/title>\n<meta name=\"robots\" content=\"index, follow, max-snippet:-1, max-image-preview:large, max-video-preview:-1\" \/>\n<link rel=\"canonical\" href=\"https:\/\/eurotrail.info\/producten\/kampeermeubelen-campingmeubelen\/vouwstoelen\/sintra\/\" \/>\n<meta property=\"og:locale\" content=\"fr_FR\" \/>\n<meta property=\"og:type\" content=\"article\" \/>\n<meta property=\"og:title\" content=\"Sintra Chaise pliante aluminium - Eurotrail | The way we camp!\" \/>\n<meta property=\"og:description\" content=\"Chaise pliante l\u00e9g\u00e8re &#8211; Votre compagnon de route id\u00e9al ! Vous cherchez une chaise compacte et pratique pour voyager ? Cette chaise pliante l\u00e9g\u00e8re ne&hellip;\" \/>\n<meta property=\"og:url\" content=\"https:\/\/eurotrail.info\/producten\/kampeermeubelen-campingmeubelen\/vouwstoelen\/sintra\/\" \/>\n<meta property=\"og:site_name\" content=\"Eurotrail | The way we camp!\" \/>\n<meta property=\"article:modified_time\" content=\"2025-03-21T08:16:24+00:00\" \/>\n<meta property=\"og:image\" content=\"https:\/\/eurotrail.info\/wp\/wp-content\/uploads\/2016\/01\/ETCF0856-Sintra-open-zw-13.jpg\" \/>\n\t<meta property=\"og:image:width\" content=\"1082\" \/>\n\t<meta property=\"og:image:height\" content=\"1417\" \/>\n\t<meta property=\"og:image:type\" content=\"image\/jpeg\" \/>\n<meta name=\"twitter:card\" content=\"summary_large_image\" \/>\n<meta name=\"twitter:label1\" content=\"Dur\u00e9e de lecture estim\u00e9e\" \/>\n\t<meta name=\"twitter:data1\" content=\"1 minute\" \/>\n<script type=\"application\/ld+json\" class=\"yoast-schema-graph\">{\"@context\":\"https:\\\/\\\/schema.org\",\"@graph\":[{\"@type\":\"WebPage\",\"@id\":\"https:\\\/\\\/eurotrail.info\\\/producten\\\/kampeermeubelen-campingmeubelen\\\/vouwstoelen\\\/sintra\\\/\",\"url\":\"https:\\\/\\\/eurotrail.info\\\/producten\\\/kampeermeubelen-campingmeubelen\\\/vouwstoelen\\\/sintra\\\/\",\"name\":\"Sintra Chaise pliante aluminium - Eurotrail | The way we camp!\",\"isPartOf\":{\"@id\":\"https:\\\/\\\/eurotrail.info\\\/#website\"},\"primaryImageOfPage\":{\"@id\":\"https:\\\/\\\/eurotrail.info\\\/producten\\\/kampeermeubelen-campingmeubelen\\\/vouwstoelen\\\/sintra\\\/#primaryimage\"},\"image\":{\"@id\":\"https:\\\/\\\/eurotrail.info\\\/producten\\\/kampeermeubelen-campingmeubelen\\\/vouwstoelen\\\/sintra\\\/#primaryimage\"},\"thumbnailUrl\":\"https:\\\/\\\/eurotrail.info\\\/wp\\\/wp-content\\\/uploads\\\/2016\\\/01\\\/ETCF0856-Sintra-open-zw-13.jpg\",\"datePublished\":\"2016-01-19T15:51:40+00:00\",\"dateModified\":\"2025-03-21T08:16:24+00:00\",\"breadcrumb\":{\"@id\":\"https:\\\/\\\/eurotrail.info\\\/producten\\\/kampeermeubelen-campingmeubelen\\\/vouwstoelen\\\/sintra\\\/#breadcrumb\"},\"inLanguage\":\"fr-FR\",\"potentialAction\":[{\"@type\":\"ReadAction\",\"target\":[\"https:\\\/\\\/eurotrail.info\\\/producten\\\/kampeermeubelen-campingmeubelen\\\/vouwstoelen\\\/sintra\\\/\"]}]},{\"@type\":\"ImageObject\",\"inLanguage\":\"fr-FR\",\"@id\":\"https:\\\/\\\/eurotrail.info\\\/producten\\\/kampeermeubelen-campingmeubelen\\\/vouwstoelen\\\/sintra\\\/#primaryimage\",\"url\":\"https:\\\/\\\/eurotrail.info\\\/wp\\\/wp-content\\\/uploads\\\/2016\\\/01\\\/ETCF0856-Sintra-open-zw-13.jpg\",\"contentUrl\":\"https:\\\/\\\/eurotrail.info\\\/wp\\\/wp-content\\\/uploads\\\/2016\\\/01\\\/ETCF0856-Sintra-open-zw-13.jpg\",\"width\":1082,\"height\":1417},{\"@type\":\"BreadcrumbList\",\"@id\":\"https:\\\/\\\/eurotrail.info\\\/producten\\\/kampeermeubelen-campingmeubelen\\\/vouwstoelen\\\/sintra\\\/#breadcrumb\",\"itemListElement\":[{\"@type\":\"ListItem\",\"position\":1,\"name\":\"Home\",\"item\":\"https:\\\/\\\/eurotrail.info\\\/fr\\\/\"},{\"@type\":\"ListItem\",\"position\":2,\"name\":\"Produits\",\"item\":\"https:\\\/\\\/eurotrail.info\\\/fr\\\/produits\\\/\"},{\"@type\":\"ListItem\",\"position\":3,\"name\":\"Sintra Chaise pliante aluminium\"}]},{\"@type\":\"WebSite\",\"@id\":\"https:\\\/\\\/eurotrail.info\\\/#website\",\"url\":\"https:\\\/\\\/eurotrail.info\\\/\",\"name\":\"Eurotrail | The way we camp!\",\"description\":\"\",\"publisher\":{\"@id\":\"https:\\\/\\\/eurotrail.info\\\/#organization\"},\"potentialAction\":[{\"@type\":\"SearchAction\",\"target\":{\"@type\":\"EntryPoint\",\"urlTemplate\":\"https:\\\/\\\/eurotrail.info\\\/?s={search_term_string}\"},\"query-input\":{\"@type\":\"PropertyValueSpecification\",\"valueRequired\":true,\"valueName\":\"search_term_string\"}}],\"inLanguage\":\"fr-FR\"},{\"@type\":\"Organization\",\"@id\":\"https:\\\/\\\/eurotrail.info\\\/#organization\",\"name\":\"Eurotrail | The way we camp!\",\"url\":\"https:\\\/\\\/eurotrail.info\\\/\",\"logo\":{\"@type\":\"ImageObject\",\"inLanguage\":\"fr-FR\",\"@id\":\"https:\\\/\\\/eurotrail.info\\\/#\\\/schema\\\/logo\\\/image\\\/\",\"url\":\"https:\\\/\\\/eurotrail.info\\\/wp\\\/wp-content\\\/uploads\\\/2023\\\/07\\\/ET-logo-quote_NL-scaled.jpg\",\"contentUrl\":\"https:\\\/\\\/eurotrail.info\\\/wp\\\/wp-content\\\/uploads\\\/2023\\\/07\\\/ET-logo-quote_NL-scaled.jpg\",\"width\":2560,\"height\":675,\"caption\":\"Eurotrail | The way we camp!\"},\"image\":{\"@id\":\"https:\\\/\\\/eurotrail.info\\\/#\\\/schema\\\/logo\\\/image\\\/\"}}]}<\/script>\n<!-- \/ Yoast SEO plugin. -->","yoast_head_json":{"title":"Sintra Chaise pliante aluminium - Eurotrail | The way we camp!","robots":{"index":"index","follow":"follow","max-snippet":"max-snippet:-1","max-image-preview":"max-image-preview:large","max-video-preview":"max-video-preview:-1"},"canonical":"https:\/\/eurotrail.info\/producten\/kampeermeubelen-campingmeubelen\/vouwstoelen\/sintra\/","og_locale":"fr_FR","og_type":"article","og_title":"Sintra Chaise pliante aluminium - Eurotrail | The way we camp!","og_description":"Chaise pliante l\u00e9g\u00e8re &#8211; Votre compagnon de route id\u00e9al ! Vous cherchez une chaise compacte et pratique pour voyager ? Cette chaise pliante l\u00e9g\u00e8re ne&hellip;","og_url":"https:\/\/eurotrail.info\/producten\/kampeermeubelen-campingmeubelen\/vouwstoelen\/sintra\/","og_site_name":"Eurotrail | The way we camp!","article_modified_time":"2025-03-21T08:16:24+00:00","og_image":[{"width":1082,"height":1417,"url":"https:\/\/eurotrail.info\/wp\/wp-content\/uploads\/2016\/01\/ETCF0856-Sintra-open-zw-13.jpg","type":"image\/jpeg"}],"twitter_card":"summary_large_image","twitter_misc":{"Dur\u00e9e de lecture estim\u00e9e":"1 minute"},"schema":{"@context":"https:\/\/schema.org","@graph":[{"@type":"WebPage","@id":"https:\/\/eurotrail.info\/producten\/kampeermeubelen-campingmeubelen\/vouwstoelen\/sintra\/","url":"https:\/\/eurotrail.info\/producten\/kampeermeubelen-campingmeubelen\/vouwstoelen\/sintra\/","name":"Sintra Chaise pliante aluminium - Eurotrail | The way we camp!","isPartOf":{"@id":"https:\/\/eurotrail.info\/#website"},"primaryImageOfPage":{"@id":"https:\/\/eurotrail.info\/producten\/kampeermeubelen-campingmeubelen\/vouwstoelen\/sintra\/#primaryimage"},"image":{"@id":"https:\/\/eurotrail.info\/producten\/kampeermeubelen-campingmeubelen\/vouwstoelen\/sintra\/#primaryimage"},"thumbnailUrl":"https:\/\/eurotrail.info\/wp\/wp-content\/uploads\/2016\/01\/ETCF0856-Sintra-open-zw-13.jpg","datePublished":"2016-01-19T15:51:40+00:00","dateModified":"2025-03-21T08:16:24+00:00","breadcrumb":{"@id":"https:\/\/eurotrail.info\/producten\/kampeermeubelen-campingmeubelen\/vouwstoelen\/sintra\/#breadcrumb"},"inLanguage":"fr-FR","potentialAction":[{"@type":"ReadAction","target":["https:\/\/eurotrail.info\/producten\/kampeermeubelen-campingmeubelen\/vouwstoelen\/sintra\/"]}]},{"@type":"ImageObject","inLanguage":"fr-FR","@id":"https:\/\/eurotrail.info\/producten\/kampeermeubelen-campingmeubelen\/vouwstoelen\/sintra\/#primaryimage","url":"https:\/\/eurotrail.info\/wp\/wp-content\/uploads\/2016\/01\/ETCF0856-Sintra-open-zw-13.jpg","contentUrl":"https:\/\/eurotrail.info\/wp\/wp-content\/uploads\/2016\/01\/ETCF0856-Sintra-open-zw-13.jpg","width":1082,"height":1417},{"@type":"BreadcrumbList","@id":"https:\/\/eurotrail.info\/producten\/kampeermeubelen-campingmeubelen\/vouwstoelen\/sintra\/#breadcrumb","itemListElement":[{"@type":"ListItem","position":1,"name":"Home","item":"https:\/\/eurotrail.info\/fr\/"},{"@type":"ListItem","position":2,"name":"Produits","item":"https:\/\/eurotrail.info\/fr\/produits\/"},{"@type":"ListItem","position":3,"name":"Sintra Chaise pliante aluminium"}]},{"@type":"WebSite","@id":"https:\/\/eurotrail.info\/#website","url":"https:\/\/eurotrail.info\/","name":"Eurotrail | The way we camp!","description":"","publisher":{"@id":"https:\/\/eurotrail.info\/#organization"},"potentialAction":[{"@type":"SearchAction","target":{"@type":"EntryPoint","urlTemplate":"https:\/\/eurotrail.info\/?s={search_term_string}"},"query-input":{"@type":"PropertyValueSpecification","valueRequired":true,"valueName":"search_term_string"}}],"inLanguage":"fr-FR"},{"@type":"Organization","@id":"https:\/\/eurotrail.info\/#organization","name":"Eurotrail | The way we camp!","url":"https:\/\/eurotrail.info\/","logo":{"@type":"ImageObject","inLanguage":"fr-FR","@id":"https:\/\/eurotrail.info\/#\/schema\/logo\/image\/","url":"https:\/\/eurotrail.info\/wp\/wp-content\/uploads\/2023\/07\/ET-logo-quote_NL-scaled.jpg","contentUrl":"https:\/\/eurotrail.info\/wp\/wp-content\/uploads\/2023\/07\/ET-logo-quote_NL-scaled.jpg","width":2560,"height":675,"caption":"Eurotrail | The way we camp!"},"image":{"@id":"https:\/\/eurotrail.info\/#\/schema\/logo\/image\/"}}]}},"_links":{"self":[{"href":"https:\/\/eurotrail.info\/fr\/wp-json\/wp\/v2\/product\/14102","targetHints":{"allow":["GET"]}}],"collection":[{"href":"https:\/\/eurotrail.info\/fr\/wp-json\/wp\/v2\/product"}],"about":[{"href":"https:\/\/eurotrail.info\/fr\/wp-json\/wp\/v2\/types\/product"}],"replies":[{"embeddable":true,"href":"https:\/\/eurotrail.info\/fr\/wp-json\/wp\/v2\/comments?post=14102"}],"wp:featuredmedia":[{"embeddable":true,"href":"https:\/\/eurotrail.info\/fr\/wp-json\/wp\/v2\/media\/14109"}],"wp:attachment":[{"href":"https:\/\/eurotrail.info\/fr\/wp-json\/wp\/v2\/media?parent=14102"}],"wp:term":[{"taxonomy":"product_brand","embeddable":true,"href":"https:\/\/eurotrail.info\/fr\/wp-json\/wp\/v2\/product_brand?post=14102"},{"taxonomy":"product_cat","embeddable":true,"href":"https:\/\/eurotrail.info\/fr\/wp-json\/wp\/v2\/product_cat?post=14102"},{"taxonomy":"product_tag","embeddable":true,"href":"https:\/\/eurotrail.info\/fr\/wp-json\/wp\/v2\/product_tag?post=14102"}],"curies":[{"name":"wp","href":"https:\/\/api.w.org\/{rel}","templated":true}]}}