{"id":14656,"date":"2021-12-21T12:27:17","date_gmt":"2021-12-21T11:30:48","guid":{"rendered":"https:\/\/eurotrail.info\/?post_type=product&#038;p=14656"},"modified":"2022-02-04T14:36:48","modified_gmt":"2022-02-04T13:36:48","slug":"panneaux-solaires-chargement-lampes-de-jardin","status":"publish","type":"product","link":"https:\/\/eurotrail.info\/fr\/producten\/jardin\/eclairage-jardin-terrasse\/panneaux-solaires-chargement-lampes-de-jardin\/","title":{"rendered":"Panneaux solaires chargement lampes de jardin"},"content":{"rendered":"<p>Ce panneau solaire est adapt\u00e9 pour charger les batteries des grandes lampes LED et des pots de plantes.<\/p>\n<p>Placez la lampe \u00e0 l&#8217;endroit souhait\u00e9 et placez le panneau pr\u00e8s de la lampe en plein soleil. Ins\u00e9rez la fiche au bas de la lampe dans la prise. La lampe est maintenant charg\u00e9e en continu par le panneau et est toujours pr\u00eate \u00e0 l&#8217;emploi !<br \/>\nSi la lampe est charg\u00e9e avec l&#8217;adaptateur, vous pouvez \u00e9galement utiliser le contact sur le c\u00f4t\u00e9, cela acc\u00e9l\u00e8re la charge avec l&#8217;adaptateur (la lampe ne fonctionne pas via le c\u00f4t\u00e9).<\/p>\n<p>Mat\u00e9riel: Solaire &#8211; Acier<br \/>\nDimensions : 25,5x16x2 cm \/ 25,5x16x10 cm-<br \/>\nBroche : 2,5 x 15 cm &#8211; Cordon : 4 mtr.<br \/>\nR\u00e9sistant aux intemp\u00e9ries : IP65<br \/>\nPuissance : 4 watts &#8211; 0.67A &#8211; 6V<br \/>\n0.75A courant de court-circuit<br \/>\nCourant en circuit ouvert 7.2V<br \/>\nTension syst\u00e8me maximale de 700\u00a0V<br \/>\nPoids : 350gr.<\/p>\n","protected":false},"excerpt":{"rendered":"<p>Ce panneau solaire est adapt\u00e9 pour charger les batteries des grandes lampes LED et des pots de plantes. Placez la lampe \u00e0 l&#8217;endroit souhait\u00e9 et&hellip;<\/p>\n","protected":false},"featured_media":14715,"comment_status":"open","ping_status":"closed","template":"","meta":{"_acf_changed":false},"product_brand":[],"product_cat":[303],"product_tag":[],"class_list":{"0":"post-14656","1":"product","2":"type-product","3":"status-publish","4":"has-post-thumbnail","6":"product_cat-eclairage-jardin-terrasse","8":"first","9":"instock","10":"shipping-taxable","11":"product-type-simple"},"acf":[],"yoast_head":"<!-- This site is optimized with the Yoast SEO plugin v27.3 - https:\/\/yoast.com\/product\/yoast-seo-wordpress\/ -->\n<title>Panneaux solaires chargement lampes de jardin - Eurotrail | The way we camp!<\/title>\n<meta name=\"description\" content=\"Panneau solaire adapt\u00e9 pour charger les batteries des grandes lampes LED\/pots de plantes. garantira que les batteries sont toujours charg\u00e9es\" \/>\n<meta name=\"robots\" content=\"index, follow, max-snippet:-1, max-image-preview:large, max-video-preview:-1\" \/>\n<link rel=\"canonical\" href=\"https:\/\/eurotrail.info\/producten\/tuin\/tuin-terrasverlichting-oplaadbaar-waterproof\/zonnepaneel-opladen-tuinlampen\/\" \/>\n<meta property=\"og:locale\" content=\"fr_FR\" \/>\n<meta property=\"og:type\" content=\"article\" \/>\n<meta property=\"og:title\" content=\"Panneaux solaires chargement lampes de jardin - Eurotrail | The way we camp!\" \/>\n<meta property=\"og:description\" content=\"Panneau solaire adapt\u00e9 pour charger les batteries des grandes lampes LED\/pots de plantes. garantira que les batteries sont toujours charg\u00e9es\" \/>\n<meta property=\"og:url\" content=\"https:\/\/eurotrail.info\/producten\/tuin\/tuin-terrasverlichting-oplaadbaar-waterproof\/zonnepaneel-opladen-tuinlampen\/\" \/>\n<meta property=\"og:site_name\" content=\"Eurotrail | The way we camp!\" \/>\n<meta property=\"article:modified_time\" content=\"2022-02-04T13:36:48+00:00\" \/>\n<meta property=\"og:image\" content=\"https:\/\/eurotrail.info\/wp\/wp-content\/uploads\/2021\/12\/ETLT1334-Solar-Panel-kabel-22-scaled.jpg\" \/>\n\t<meta property=\"og:image:width\" content=\"1920\" \/>\n\t<meta property=\"og:image:height\" content=\"2560\" \/>\n\t<meta property=\"og:image:type\" content=\"image\/jpeg\" \/>\n<meta name=\"twitter:card\" content=\"summary_large_image\" \/>\n<meta name=\"twitter:label1\" content=\"Dur\u00e9e de lecture estim\u00e9e\" \/>\n\t<meta name=\"twitter:data1\" content=\"1 minute\" \/>\n<script type=\"application\/ld+json\" class=\"yoast-schema-graph\">{\"@context\":\"https:\\\/\\\/schema.org\",\"@graph\":[{\"@type\":\"WebPage\",\"@id\":\"https:\\\/\\\/eurotrail.info\\\/producten\\\/tuin\\\/tuin-terrasverlichting-oplaadbaar-waterproof\\\/zonnepaneel-opladen-tuinlampen\\\/\",\"url\":\"https:\\\/\\\/eurotrail.info\\\/producten\\\/tuin\\\/tuin-terrasverlichting-oplaadbaar-waterproof\\\/zonnepaneel-opladen-tuinlampen\\\/\",\"name\":\"Panneaux solaires chargement lampes de jardin - Eurotrail | The way we camp!\",\"isPartOf\":{\"@id\":\"https:\\\/\\\/eurotrail.info\\\/#website\"},\"primaryImageOfPage\":{\"@id\":\"https:\\\/\\\/eurotrail.info\\\/producten\\\/tuin\\\/tuin-terrasverlichting-oplaadbaar-waterproof\\\/zonnepaneel-opladen-tuinlampen\\\/#primaryimage\"},\"image\":{\"@id\":\"https:\\\/\\\/eurotrail.info\\\/producten\\\/tuin\\\/tuin-terrasverlichting-oplaadbaar-waterproof\\\/zonnepaneel-opladen-tuinlampen\\\/#primaryimage\"},\"thumbnailUrl\":\"https:\\\/\\\/eurotrail.info\\\/wp\\\/wp-content\\\/uploads\\\/2021\\\/12\\\/ETLT1334-Solar-Panel-kabel-22-scaled.jpg\",\"datePublished\":\"2021-12-21T11:30:48+00:00\",\"dateModified\":\"2022-02-04T13:36:48+00:00\",\"description\":\"Panneau solaire adapt\u00e9 pour charger les batteries des grandes lampes LED\\\/pots de plantes. garantira que les batteries sont toujours charg\u00e9es\",\"breadcrumb\":{\"@id\":\"https:\\\/\\\/eurotrail.info\\\/producten\\\/tuin\\\/tuin-terrasverlichting-oplaadbaar-waterproof\\\/zonnepaneel-opladen-tuinlampen\\\/#breadcrumb\"},\"inLanguage\":\"fr-FR\",\"potentialAction\":[{\"@type\":\"ReadAction\",\"target\":[\"https:\\\/\\\/eurotrail.info\\\/producten\\\/tuin\\\/tuin-terrasverlichting-oplaadbaar-waterproof\\\/zonnepaneel-opladen-tuinlampen\\\/\"]}]},{\"@type\":\"ImageObject\",\"inLanguage\":\"fr-FR\",\"@id\":\"https:\\\/\\\/eurotrail.info\\\/producten\\\/tuin\\\/tuin-terrasverlichting-oplaadbaar-waterproof\\\/zonnepaneel-opladen-tuinlampen\\\/#primaryimage\",\"url\":\"https:\\\/\\\/eurotrail.info\\\/wp\\\/wp-content\\\/uploads\\\/2021\\\/12\\\/ETLT1334-Solar-Panel-kabel-22-scaled.jpg\",\"contentUrl\":\"https:\\\/\\\/eurotrail.info\\\/wp\\\/wp-content\\\/uploads\\\/2021\\\/12\\\/ETLT1334-Solar-Panel-kabel-22-scaled.jpg\",\"width\":1920,\"height\":2560,\"caption\":\"Zonnepaneel voor het opladen van de LED lampen.\"},{\"@type\":\"BreadcrumbList\",\"@id\":\"https:\\\/\\\/eurotrail.info\\\/producten\\\/tuin\\\/tuin-terrasverlichting-oplaadbaar-waterproof\\\/zonnepaneel-opladen-tuinlampen\\\/#breadcrumb\",\"itemListElement\":[{\"@type\":\"ListItem\",\"position\":1,\"name\":\"Home\",\"item\":\"https:\\\/\\\/eurotrail.info\\\/fr\\\/\"},{\"@type\":\"ListItem\",\"position\":2,\"name\":\"Produits\",\"item\":\"https:\\\/\\\/eurotrail.info\\\/fr\\\/produits\\\/\"},{\"@type\":\"ListItem\",\"position\":3,\"name\":\"Panneaux solaires chargement lampes de jardin\"}]},{\"@type\":\"WebSite\",\"@id\":\"https:\\\/\\\/eurotrail.info\\\/#website\",\"url\":\"https:\\\/\\\/eurotrail.info\\\/\",\"name\":\"Eurotrail | The way we camp!\",\"description\":\"\",\"publisher\":{\"@id\":\"https:\\\/\\\/eurotrail.info\\\/#organization\"},\"potentialAction\":[{\"@type\":\"SearchAction\",\"target\":{\"@type\":\"EntryPoint\",\"urlTemplate\":\"https:\\\/\\\/eurotrail.info\\\/?s={search_term_string}\"},\"query-input\":{\"@type\":\"PropertyValueSpecification\",\"valueRequired\":true,\"valueName\":\"search_term_string\"}}],\"inLanguage\":\"fr-FR\"},{\"@type\":\"Organization\",\"@id\":\"https:\\\/\\\/eurotrail.info\\\/#organization\",\"name\":\"Eurotrail | The way we camp!\",\"url\":\"https:\\\/\\\/eurotrail.info\\\/\",\"logo\":{\"@type\":\"ImageObject\",\"inLanguage\":\"fr-FR\",\"@id\":\"https:\\\/\\\/eurotrail.info\\\/#\\\/schema\\\/logo\\\/image\\\/\",\"url\":\"https:\\\/\\\/eurotrail.info\\\/wp\\\/wp-content\\\/uploads\\\/2023\\\/07\\\/ET-logo-quote_NL-scaled.jpg\",\"contentUrl\":\"https:\\\/\\\/eurotrail.info\\\/wp\\\/wp-content\\\/uploads\\\/2023\\\/07\\\/ET-logo-quote_NL-scaled.jpg\",\"width\":2560,\"height\":675,\"caption\":\"Eurotrail | The way we camp!\"},\"image\":{\"@id\":\"https:\\\/\\\/eurotrail.info\\\/#\\\/schema\\\/logo\\\/image\\\/\"}}]}<\/script>\n<!-- \/ Yoast SEO plugin. -->","yoast_head_json":{"title":"Panneaux solaires chargement lampes de jardin - Eurotrail | The way we camp!","description":"Panneau solaire adapt\u00e9 pour charger les batteries des grandes lampes LED\/pots de plantes. garantira que les batteries sont toujours charg\u00e9es","robots":{"index":"index","follow":"follow","max-snippet":"max-snippet:-1","max-image-preview":"max-image-preview:large","max-video-preview":"max-video-preview:-1"},"canonical":"https:\/\/eurotrail.info\/producten\/tuin\/tuin-terrasverlichting-oplaadbaar-waterproof\/zonnepaneel-opladen-tuinlampen\/","og_locale":"fr_FR","og_type":"article","og_title":"Panneaux solaires chargement lampes de jardin - Eurotrail | The way we camp!","og_description":"Panneau solaire adapt\u00e9 pour charger les batteries des grandes lampes LED\/pots de plantes. garantira que les batteries sont toujours charg\u00e9es","og_url":"https:\/\/eurotrail.info\/producten\/tuin\/tuin-terrasverlichting-oplaadbaar-waterproof\/zonnepaneel-opladen-tuinlampen\/","og_site_name":"Eurotrail | The way we camp!","article_modified_time":"2022-02-04T13:36:48+00:00","og_image":[{"width":1920,"height":2560,"url":"https:\/\/eurotrail.info\/wp\/wp-content\/uploads\/2021\/12\/ETLT1334-Solar-Panel-kabel-22-scaled.jpg","type":"image\/jpeg"}],"twitter_card":"summary_large_image","twitter_misc":{"Dur\u00e9e de lecture estim\u00e9e":"1 minute"},"schema":{"@context":"https:\/\/schema.org","@graph":[{"@type":"WebPage","@id":"https:\/\/eurotrail.info\/producten\/tuin\/tuin-terrasverlichting-oplaadbaar-waterproof\/zonnepaneel-opladen-tuinlampen\/","url":"https:\/\/eurotrail.info\/producten\/tuin\/tuin-terrasverlichting-oplaadbaar-waterproof\/zonnepaneel-opladen-tuinlampen\/","name":"Panneaux solaires chargement lampes de jardin - Eurotrail | The way we camp!","isPartOf":{"@id":"https:\/\/eurotrail.info\/#website"},"primaryImageOfPage":{"@id":"https:\/\/eurotrail.info\/producten\/tuin\/tuin-terrasverlichting-oplaadbaar-waterproof\/zonnepaneel-opladen-tuinlampen\/#primaryimage"},"image":{"@id":"https:\/\/eurotrail.info\/producten\/tuin\/tuin-terrasverlichting-oplaadbaar-waterproof\/zonnepaneel-opladen-tuinlampen\/#primaryimage"},"thumbnailUrl":"https:\/\/eurotrail.info\/wp\/wp-content\/uploads\/2021\/12\/ETLT1334-Solar-Panel-kabel-22-scaled.jpg","datePublished":"2021-12-21T11:30:48+00:00","dateModified":"2022-02-04T13:36:48+00:00","description":"Panneau solaire adapt\u00e9 pour charger les batteries des grandes lampes LED\/pots de plantes. garantira que les batteries sont toujours charg\u00e9es","breadcrumb":{"@id":"https:\/\/eurotrail.info\/producten\/tuin\/tuin-terrasverlichting-oplaadbaar-waterproof\/zonnepaneel-opladen-tuinlampen\/#breadcrumb"},"inLanguage":"fr-FR","potentialAction":[{"@type":"ReadAction","target":["https:\/\/eurotrail.info\/producten\/tuin\/tuin-terrasverlichting-oplaadbaar-waterproof\/zonnepaneel-opladen-tuinlampen\/"]}]},{"@type":"ImageObject","inLanguage":"fr-FR","@id":"https:\/\/eurotrail.info\/producten\/tuin\/tuin-terrasverlichting-oplaadbaar-waterproof\/zonnepaneel-opladen-tuinlampen\/#primaryimage","url":"https:\/\/eurotrail.info\/wp\/wp-content\/uploads\/2021\/12\/ETLT1334-Solar-Panel-kabel-22-scaled.jpg","contentUrl":"https:\/\/eurotrail.info\/wp\/wp-content\/uploads\/2021\/12\/ETLT1334-Solar-Panel-kabel-22-scaled.jpg","width":1920,"height":2560,"caption":"Zonnepaneel voor het opladen van de LED lampen."},{"@type":"BreadcrumbList","@id":"https:\/\/eurotrail.info\/producten\/tuin\/tuin-terrasverlichting-oplaadbaar-waterproof\/zonnepaneel-opladen-tuinlampen\/#breadcrumb","itemListElement":[{"@type":"ListItem","position":1,"name":"Home","item":"https:\/\/eurotrail.info\/fr\/"},{"@type":"ListItem","position":2,"name":"Produits","item":"https:\/\/eurotrail.info\/fr\/produits\/"},{"@type":"ListItem","position":3,"name":"Panneaux solaires chargement lampes de jardin"}]},{"@type":"WebSite","@id":"https:\/\/eurotrail.info\/#website","url":"https:\/\/eurotrail.info\/","name":"Eurotrail | The way we camp!","description":"","publisher":{"@id":"https:\/\/eurotrail.info\/#organization"},"potentialAction":[{"@type":"SearchAction","target":{"@type":"EntryPoint","urlTemplate":"https:\/\/eurotrail.info\/?s={search_term_string}"},"query-input":{"@type":"PropertyValueSpecification","valueRequired":true,"valueName":"search_term_string"}}],"inLanguage":"fr-FR"},{"@type":"Organization","@id":"https:\/\/eurotrail.info\/#organization","name":"Eurotrail | The way we camp!","url":"https:\/\/eurotrail.info\/","logo":{"@type":"ImageObject","inLanguage":"fr-FR","@id":"https:\/\/eurotrail.info\/#\/schema\/logo\/image\/","url":"https:\/\/eurotrail.info\/wp\/wp-content\/uploads\/2023\/07\/ET-logo-quote_NL-scaled.jpg","contentUrl":"https:\/\/eurotrail.info\/wp\/wp-content\/uploads\/2023\/07\/ET-logo-quote_NL-scaled.jpg","width":2560,"height":675,"caption":"Eurotrail | The way we camp!"},"image":{"@id":"https:\/\/eurotrail.info\/#\/schema\/logo\/image\/"}}]}},"_links":{"self":[{"href":"https:\/\/eurotrail.info\/fr\/wp-json\/wp\/v2\/product\/14656","targetHints":{"allow":["GET"]}}],"collection":[{"href":"https:\/\/eurotrail.info\/fr\/wp-json\/wp\/v2\/product"}],"about":[{"href":"https:\/\/eurotrail.info\/fr\/wp-json\/wp\/v2\/types\/product"}],"replies":[{"embeddable":true,"href":"https:\/\/eurotrail.info\/fr\/wp-json\/wp\/v2\/comments?post=14656"}],"wp:featuredmedia":[{"embeddable":true,"href":"https:\/\/eurotrail.info\/fr\/wp-json\/wp\/v2\/media\/14715"}],"wp:attachment":[{"href":"https:\/\/eurotrail.info\/fr\/wp-json\/wp\/v2\/media?parent=14656"}],"wp:term":[{"taxonomy":"product_brand","embeddable":true,"href":"https:\/\/eurotrail.info\/fr\/wp-json\/wp\/v2\/product_brand?post=14656"},{"taxonomy":"product_cat","embeddable":true,"href":"https:\/\/eurotrail.info\/fr\/wp-json\/wp\/v2\/product_cat?post=14656"},{"taxonomy":"product_tag","embeddable":true,"href":"https:\/\/eurotrail.info\/fr\/wp-json\/wp\/v2\/product_tag?post=14656"}],"curies":[{"name":"wp","href":"https:\/\/api.w.org\/{rel}","templated":true}]}}