{"id":14879,"date":"2022-02-07T16:17:12","date_gmt":"2022-02-07T15:22:18","guid":{"rendered":"https:\/\/eurotrail.info\/?post_type=product&#038;p=14879"},"modified":"2022-02-07T16:22:18","modified_gmt":"2022-02-07T15:22:18","slug":"douche-de-camping-avec-pompe-a-pied","status":"publish","type":"product","link":"https:\/\/eurotrail.info\/fr\/producten\/accessoires-fr\/douche-de-camping-avec-pompe-a-pied\/","title":{"rendered":"Douche de camping avec pompe \u00e0 pied"},"content":{"rendered":"<p>La douche \u00e0 pression avec pompe \u00e0 pied est l\u00e9g\u00e8re et flexible. Id\u00e9al pour le camping, apr\u00e8s une randonn\u00e9e, apr\u00e8s le snorkeling ou la plong\u00e9e !<br \/>\nFacile et rapide \u00e0 mettre en place. Remplissez le sac d&#8217;eau avec de l&#8217;eau et placez-le sur le sol, pompez plusieurs fois et profitez de la douche. Eau chaude par rayonnement solaire, capacit\u00e9 de 11 litres avec grande ouverture pour un remplissage facile. Flexible de douche long de 200 cm avec pomme de douche. Sac de rangement inclus. Id\u00e9al \u00e9galement pour rincer votre v\u00e9lo ou votre chien.<\/p>\n<p>Mat\u00e9riau : PVC 500D tr\u00e8s r\u00e9sistant<br \/>\nContenu : 11 litres.<br \/>\nDimensions : \u00d8 20x40cm<br \/>\nPoids : 800 grammes.<\/p>\n","protected":false},"excerpt":{"rendered":"<p>La douche \u00e0 pression avec pompe \u00e0 pied est l\u00e9g\u00e8re et flexible. Id\u00e9al pour le camping, apr\u00e8s une randonn\u00e9e, apr\u00e8s le snorkeling ou la plong\u00e9e&hellip;<\/p>\n","protected":false},"featured_media":14871,"comment_status":"open","ping_status":"closed","template":"","meta":{"_acf_changed":false},"product_brand":[],"product_cat":[229,251],"product_tag":[],"class_list":{"0":"post-14879","1":"product","2":"type-product","3":"status-publish","4":"has-post-thumbnail","6":"product_cat-accessoires-fr","7":"product_cat-salle-de-bain-cuisine","9":"first","10":"instock","11":"shipping-taxable","12":"product-type-simple"},"acf":[],"yoast_head":"<!-- This site is optimized with the Yoast SEO plugin v27.4 - https:\/\/yoast.com\/product\/yoast-seo-wordpress\/ -->\n<title>Douche de camping avec pompe \u00e0 pied - Eurotrail | The way we camp!<\/title>\n<meta name=\"description\" content=\"Douche \u00e0 pression avec pompe \u00e0 pied est l\u00e9g\u00e8re et flexible. Id\u00e9al pour le camping, apr\u00e8s une randonn\u00e9e, apr\u00e8s le snorkeling ou la plong\u00e9e!\" \/>\n<meta name=\"robots\" content=\"index, follow, max-snippet:-1, max-image-preview:large, max-video-preview:-1\" \/>\n<link rel=\"canonical\" href=\"https:\/\/eurotrail.info\/fr\/producten\/accessoires-fr\/douche-de-camping-avec-pompe-a-pied\/\" \/>\n<meta property=\"og:locale\" content=\"fr_FR\" \/>\n<meta property=\"og:type\" content=\"article\" \/>\n<meta property=\"og:title\" content=\"Douche de camping avec pompe \u00e0 pied - Eurotrail | The way we camp!\" \/>\n<meta property=\"og:description\" content=\"Douche \u00e0 pression avec pompe \u00e0 pied est l\u00e9g\u00e8re et flexible. Id\u00e9al pour le camping, apr\u00e8s une randonn\u00e9e, apr\u00e8s le snorkeling ou la plong\u00e9e!\" \/>\n<meta property=\"og:url\" content=\"https:\/\/eurotrail.info\/fr\/producten\/accessoires-fr\/douche-de-camping-avec-pompe-a-pied\/\" \/>\n<meta property=\"og:site_name\" content=\"Eurotrail | The way we camp!\" \/>\n<meta property=\"og:image\" content=\"https:\/\/eurotrail.info\/wp\/wp-content\/uploads\/2022\/02\/ETAC1051-Camping-shower.jpg\" \/>\n\t<meta property=\"og:image:width\" content=\"850\" \/>\n\t<meta property=\"og:image:height\" content=\"945\" \/>\n\t<meta property=\"og:image:type\" content=\"image\/jpeg\" \/>\n<meta name=\"twitter:card\" content=\"summary_large_image\" \/>\n<meta name=\"twitter:label1\" content=\"Dur\u00e9e de lecture estim\u00e9e\" \/>\n\t<meta name=\"twitter:data1\" content=\"1 minute\" \/>\n<script type=\"application\/ld+json\" class=\"yoast-schema-graph\">{\"@context\":\"https:\\\/\\\/schema.org\",\"@graph\":[{\"@type\":\"WebPage\",\"@id\":\"https:\\\/\\\/eurotrail.info\\\/fr\\\/producten\\\/accessoires-fr\\\/douche-de-camping-avec-pompe-a-pied\\\/\",\"url\":\"https:\\\/\\\/eurotrail.info\\\/fr\\\/producten\\\/accessoires-fr\\\/douche-de-camping-avec-pompe-a-pied\\\/\",\"name\":\"Douche de camping avec pompe \u00e0 pied - Eurotrail | The way we camp!\",\"isPartOf\":{\"@id\":\"https:\\\/\\\/eurotrail.info\\\/#website\"},\"primaryImageOfPage\":{\"@id\":\"https:\\\/\\\/eurotrail.info\\\/fr\\\/producten\\\/accessoires-fr\\\/douche-de-camping-avec-pompe-a-pied\\\/#primaryimage\"},\"image\":{\"@id\":\"https:\\\/\\\/eurotrail.info\\\/fr\\\/producten\\\/accessoires-fr\\\/douche-de-camping-avec-pompe-a-pied\\\/#primaryimage\"},\"thumbnailUrl\":\"https:\\\/\\\/eurotrail.info\\\/wp\\\/wp-content\\\/uploads\\\/2022\\\/02\\\/ETAC1051-Camping-shower.jpg\",\"datePublished\":\"2022-02-07T15:22:18+00:00\",\"description\":\"Douche \u00e0 pression avec pompe \u00e0 pied est l\u00e9g\u00e8re et flexible. Id\u00e9al pour le camping, apr\u00e8s une randonn\u00e9e, apr\u00e8s le snorkeling ou la plong\u00e9e!\",\"breadcrumb\":{\"@id\":\"https:\\\/\\\/eurotrail.info\\\/fr\\\/producten\\\/accessoires-fr\\\/douche-de-camping-avec-pompe-a-pied\\\/#breadcrumb\"},\"inLanguage\":\"fr-FR\",\"potentialAction\":[{\"@type\":\"ReadAction\",\"target\":[\"https:\\\/\\\/eurotrail.info\\\/fr\\\/producten\\\/accessoires-fr\\\/douche-de-camping-avec-pompe-a-pied\\\/\"]}]},{\"@type\":\"ImageObject\",\"inLanguage\":\"fr-FR\",\"@id\":\"https:\\\/\\\/eurotrail.info\\\/fr\\\/producten\\\/accessoires-fr\\\/douche-de-camping-avec-pompe-a-pied\\\/#primaryimage\",\"url\":\"https:\\\/\\\/eurotrail.info\\\/wp\\\/wp-content\\\/uploads\\\/2022\\\/02\\\/ETAC1051-Camping-shower.jpg\",\"contentUrl\":\"https:\\\/\\\/eurotrail.info\\\/wp\\\/wp-content\\\/uploads\\\/2022\\\/02\\\/ETAC1051-Camping-shower.jpg\",\"width\":850,\"height\":945,\"caption\":\"De drukdouche met voetpomp is licht en flexibel. Ideaal voor op de camping, na een wandeltocht, na het snorkelen of duiken!\"},{\"@type\":\"BreadcrumbList\",\"@id\":\"https:\\\/\\\/eurotrail.info\\\/fr\\\/producten\\\/accessoires-fr\\\/douche-de-camping-avec-pompe-a-pied\\\/#breadcrumb\",\"itemListElement\":[{\"@type\":\"ListItem\",\"position\":1,\"name\":\"Home\",\"item\":\"https:\\\/\\\/eurotrail.info\\\/fr\\\/\"},{\"@type\":\"ListItem\",\"position\":2,\"name\":\"Produits\",\"item\":\"https:\\\/\\\/eurotrail.info\\\/fr\\\/produits\\\/\"},{\"@type\":\"ListItem\",\"position\":3,\"name\":\"Douche de camping avec pompe \u00e0 pied\"}]},{\"@type\":\"WebSite\",\"@id\":\"https:\\\/\\\/eurotrail.info\\\/#website\",\"url\":\"https:\\\/\\\/eurotrail.info\\\/\",\"name\":\"Eurotrail | The way we camp!\",\"description\":\"\",\"publisher\":{\"@id\":\"https:\\\/\\\/eurotrail.info\\\/#organization\"},\"potentialAction\":[{\"@type\":\"SearchAction\",\"target\":{\"@type\":\"EntryPoint\",\"urlTemplate\":\"https:\\\/\\\/eurotrail.info\\\/?s={search_term_string}\"},\"query-input\":{\"@type\":\"PropertyValueSpecification\",\"valueRequired\":true,\"valueName\":\"search_term_string\"}}],\"inLanguage\":\"fr-FR\"},{\"@type\":\"Organization\",\"@id\":\"https:\\\/\\\/eurotrail.info\\\/#organization\",\"name\":\"Eurotrail | The way we camp!\",\"url\":\"https:\\\/\\\/eurotrail.info\\\/\",\"logo\":{\"@type\":\"ImageObject\",\"inLanguage\":\"fr-FR\",\"@id\":\"https:\\\/\\\/eurotrail.info\\\/#\\\/schema\\\/logo\\\/image\\\/\",\"url\":\"https:\\\/\\\/eurotrail.info\\\/wp\\\/wp-content\\\/uploads\\\/2023\\\/07\\\/ET-logo-quote_NL-scaled.jpg\",\"contentUrl\":\"https:\\\/\\\/eurotrail.info\\\/wp\\\/wp-content\\\/uploads\\\/2023\\\/07\\\/ET-logo-quote_NL-scaled.jpg\",\"width\":2560,\"height\":675,\"caption\":\"Eurotrail | The way we camp!\"},\"image\":{\"@id\":\"https:\\\/\\\/eurotrail.info\\\/#\\\/schema\\\/logo\\\/image\\\/\"}}]}<\/script>\n<!-- \/ Yoast SEO plugin. -->","yoast_head_json":{"title":"Douche de camping avec pompe \u00e0 pied - Eurotrail | The way we camp!","description":"Douche \u00e0 pression avec pompe \u00e0 pied est l\u00e9g\u00e8re et flexible. Id\u00e9al pour le camping, apr\u00e8s une randonn\u00e9e, apr\u00e8s le snorkeling ou la plong\u00e9e!","robots":{"index":"index","follow":"follow","max-snippet":"max-snippet:-1","max-image-preview":"max-image-preview:large","max-video-preview":"max-video-preview:-1"},"canonical":"https:\/\/eurotrail.info\/fr\/producten\/accessoires-fr\/douche-de-camping-avec-pompe-a-pied\/","og_locale":"fr_FR","og_type":"article","og_title":"Douche de camping avec pompe \u00e0 pied - Eurotrail | The way we camp!","og_description":"Douche \u00e0 pression avec pompe \u00e0 pied est l\u00e9g\u00e8re et flexible. Id\u00e9al pour le camping, apr\u00e8s une randonn\u00e9e, apr\u00e8s le snorkeling ou la plong\u00e9e!","og_url":"https:\/\/eurotrail.info\/fr\/producten\/accessoires-fr\/douche-de-camping-avec-pompe-a-pied\/","og_site_name":"Eurotrail | The way we camp!","og_image":[{"width":850,"height":945,"url":"https:\/\/eurotrail.info\/wp\/wp-content\/uploads\/2022\/02\/ETAC1051-Camping-shower.jpg","type":"image\/jpeg"}],"twitter_card":"summary_large_image","twitter_misc":{"Dur\u00e9e de lecture estim\u00e9e":"1 minute"},"schema":{"@context":"https:\/\/schema.org","@graph":[{"@type":"WebPage","@id":"https:\/\/eurotrail.info\/fr\/producten\/accessoires-fr\/douche-de-camping-avec-pompe-a-pied\/","url":"https:\/\/eurotrail.info\/fr\/producten\/accessoires-fr\/douche-de-camping-avec-pompe-a-pied\/","name":"Douche de camping avec pompe \u00e0 pied - Eurotrail | The way we camp!","isPartOf":{"@id":"https:\/\/eurotrail.info\/#website"},"primaryImageOfPage":{"@id":"https:\/\/eurotrail.info\/fr\/producten\/accessoires-fr\/douche-de-camping-avec-pompe-a-pied\/#primaryimage"},"image":{"@id":"https:\/\/eurotrail.info\/fr\/producten\/accessoires-fr\/douche-de-camping-avec-pompe-a-pied\/#primaryimage"},"thumbnailUrl":"https:\/\/eurotrail.info\/wp\/wp-content\/uploads\/2022\/02\/ETAC1051-Camping-shower.jpg","datePublished":"2022-02-07T15:22:18+00:00","description":"Douche \u00e0 pression avec pompe \u00e0 pied est l\u00e9g\u00e8re et flexible. Id\u00e9al pour le camping, apr\u00e8s une randonn\u00e9e, apr\u00e8s le snorkeling ou la plong\u00e9e!","breadcrumb":{"@id":"https:\/\/eurotrail.info\/fr\/producten\/accessoires-fr\/douche-de-camping-avec-pompe-a-pied\/#breadcrumb"},"inLanguage":"fr-FR","potentialAction":[{"@type":"ReadAction","target":["https:\/\/eurotrail.info\/fr\/producten\/accessoires-fr\/douche-de-camping-avec-pompe-a-pied\/"]}]},{"@type":"ImageObject","inLanguage":"fr-FR","@id":"https:\/\/eurotrail.info\/fr\/producten\/accessoires-fr\/douche-de-camping-avec-pompe-a-pied\/#primaryimage","url":"https:\/\/eurotrail.info\/wp\/wp-content\/uploads\/2022\/02\/ETAC1051-Camping-shower.jpg","contentUrl":"https:\/\/eurotrail.info\/wp\/wp-content\/uploads\/2022\/02\/ETAC1051-Camping-shower.jpg","width":850,"height":945,"caption":"De drukdouche met voetpomp is licht en flexibel. Ideaal voor op de camping, na een wandeltocht, na het snorkelen of duiken!"},{"@type":"BreadcrumbList","@id":"https:\/\/eurotrail.info\/fr\/producten\/accessoires-fr\/douche-de-camping-avec-pompe-a-pied\/#breadcrumb","itemListElement":[{"@type":"ListItem","position":1,"name":"Home","item":"https:\/\/eurotrail.info\/fr\/"},{"@type":"ListItem","position":2,"name":"Produits","item":"https:\/\/eurotrail.info\/fr\/produits\/"},{"@type":"ListItem","position":3,"name":"Douche de camping avec pompe \u00e0 pied"}]},{"@type":"WebSite","@id":"https:\/\/eurotrail.info\/#website","url":"https:\/\/eurotrail.info\/","name":"Eurotrail | The way we camp!","description":"","publisher":{"@id":"https:\/\/eurotrail.info\/#organization"},"potentialAction":[{"@type":"SearchAction","target":{"@type":"EntryPoint","urlTemplate":"https:\/\/eurotrail.info\/?s={search_term_string}"},"query-input":{"@type":"PropertyValueSpecification","valueRequired":true,"valueName":"search_term_string"}}],"inLanguage":"fr-FR"},{"@type":"Organization","@id":"https:\/\/eurotrail.info\/#organization","name":"Eurotrail | The way we camp!","url":"https:\/\/eurotrail.info\/","logo":{"@type":"ImageObject","inLanguage":"fr-FR","@id":"https:\/\/eurotrail.info\/#\/schema\/logo\/image\/","url":"https:\/\/eurotrail.info\/wp\/wp-content\/uploads\/2023\/07\/ET-logo-quote_NL-scaled.jpg","contentUrl":"https:\/\/eurotrail.info\/wp\/wp-content\/uploads\/2023\/07\/ET-logo-quote_NL-scaled.jpg","width":2560,"height":675,"caption":"Eurotrail | The way we camp!"},"image":{"@id":"https:\/\/eurotrail.info\/#\/schema\/logo\/image\/"}}]}},"_links":{"self":[{"href":"https:\/\/eurotrail.info\/fr\/wp-json\/wp\/v2\/product\/14879","targetHints":{"allow":["GET"]}}],"collection":[{"href":"https:\/\/eurotrail.info\/fr\/wp-json\/wp\/v2\/product"}],"about":[{"href":"https:\/\/eurotrail.info\/fr\/wp-json\/wp\/v2\/types\/product"}],"replies":[{"embeddable":true,"href":"https:\/\/eurotrail.info\/fr\/wp-json\/wp\/v2\/comments?post=14879"}],"wp:featuredmedia":[{"embeddable":true,"href":"https:\/\/eurotrail.info\/fr\/wp-json\/wp\/v2\/media\/14871"}],"wp:attachment":[{"href":"https:\/\/eurotrail.info\/fr\/wp-json\/wp\/v2\/media?parent=14879"}],"wp:term":[{"taxonomy":"product_brand","embeddable":true,"href":"https:\/\/eurotrail.info\/fr\/wp-json\/wp\/v2\/product_brand?post=14879"},{"taxonomy":"product_cat","embeddable":true,"href":"https:\/\/eurotrail.info\/fr\/wp-json\/wp\/v2\/product_cat?post=14879"},{"taxonomy":"product_tag","embeddable":true,"href":"https:\/\/eurotrail.info\/fr\/wp-json\/wp\/v2\/product_tag?post=14879"}],"curies":[{"name":"wp","href":"https:\/\/api.w.org\/{rel}","templated":true}]}}