{"id":15523,"date":"2022-10-10T12:15:22","date_gmt":"2022-10-10T11:35:45","guid":{"rendered":"https:\/\/eurotrail.info\/?post_type=product&#038;p=15523"},"modified":"2023-08-09T15:02:25","modified_gmt":"2023-08-09T14:02:25","slug":"palermi-air-tente-de-caravan-hymer-eriba","status":"publish","type":"product","link":"https:\/\/eurotrail.info\/fr\/producten\/caravane-camping-car-bus\/tentes-caravan-camper\/palermi-air-tente-de-caravan-hymer-eriba\/","title":{"rendered":"Palermi Air tente de caravan (Hymer Eriba)"},"content":{"rendered":"<p>Tente de caravane gonflable Palermo Air sp\u00e9cialement d\u00e9velopp\u00e9e pour les caravanes \u00e0 toit relevable telles que les mod\u00e8les Hymer Eriba Touring (sauf mod\u00e8le Puk) et avec une hauteur de raccordement de 187-220 cm. La tente est \u00e9quip\u00e9e du syst\u00e8me gonflable AirTube et est rapide et facile \u00e0 monter.<\/p>\n<p>L&#8217;espace de vie offre beaucoup d&#8217;espace pour une table et des chaises et d&#8217;autres \u00e9quipements de camping. Les tubes de stabilisation fournis sont ins\u00e9r\u00e9s contre le plafond et assurent une verri\u00e8re tendue et une stabilit\u00e9 suppl\u00e9mentaire au vent. Le mur avant a de grandes fen\u00eatres avec des couvercles, vous pouvez ouvrir le mur avant du c\u00f4t\u00e9 gauche ou droit pour l&#8217;utiliser comme porte d&#8217;entr\u00e9e. La paroi avant peut \u00eatre compl\u00e8tement retir\u00e9e avec une fermeture \u00e9clair et dispose d&#8217;une porte en filet suppl\u00e9mentaire pour la ventilation et la protection contre les insectes. Sous l&#8217;auvent, il y a 2 fen\u00eatres de ventilation en filet verrouillables pour une ventilation permanente. L&#8217;auvent offre une ombre suppl\u00e9mentaire et vous prot\u00e8ge de la pluie en entrant. La tente a une porte d&#8217;entr\u00e9e suppl\u00e9mentaire des deux c\u00f4t\u00e9s avec de grandes fen\u00eatres avec couvertures. Livr\u00e9 avec : Tubes stabilisateurs, tiges de support, pompe, piquets et jupe de tirage.<\/p>\n<p>La Palermo Air est une tente pratique et conviviale, simple et rapide \u00e0 monter et vous offre un espace confortable, id\u00e9al pour s\u00e9journer par mauvais temps.<\/p>\n<p><a href=\"https:\/\/youtu.be\/vY76h64ch9Q\">Manuel Palermo Air<\/a><\/p>\n<p>CONSEIL : Avec la tente int\u00e9rieure autoportante Eurotrail (ETCT0096, en option), vous pouvez cr\u00e9er un espace de couchage suppl\u00e9mentaire pour 2 personnes dans l&#8217;auvent !<\/p>\n<p>Mat\u00e9riau du toit : polyester oxford ind\u00e9chirable 210D &gt; 5 000 mm<br \/>\nMat\u00e9riau de la paroi\u00a0: polyester anti-d\u00e9chirure 210D &gt; 3\u00a0000\u00a0mm<br \/>\nDimensions : 270x380x230cm<br \/>\nTendon : \u00d8 7,0 mm, longueur 350 cm<br \/>\ntube \u00e0 air :<br \/>\nTubes principaux : \u00d8 12cm TPU<br \/>\nTubes de stabilisation : \u00d8 10cm TPU<br \/>\nM\u00e2ts : M\u00e2t de store en fibre de verre \u00d8 11 mm, m\u00e2ts de support \u00d8 16\/19 mm<br \/>\nEmball\u00e9 : 85x35x45cm<br \/>\nPoids : 22,6 kg.<\/p>\n","protected":false},"excerpt":{"rendered":"<p>Tente de caravane gonflable Palermo Air sp\u00e9cialement d\u00e9velopp\u00e9e pour les caravanes \u00e0 toit relevable telles que les mod\u00e8les Hymer Eriba Touring (sauf mod\u00e8le Puk) et&hellip;<\/p>\n","protected":false},"featured_media":15479,"comment_status":"open","ping_status":"closed","template":"","meta":{"_acf_changed":false},"product_brand":[],"product_cat":[238],"product_tag":[],"class_list":{"0":"post-15523","1":"product","2":"type-product","3":"status-publish","4":"has-post-thumbnail","6":"product_cat-tentes-caravan-camper","8":"first","9":"instock","10":"shipping-taxable","11":"product-type-simple"},"acf":[],"yoast_head":"<!-- This site is optimized with the Yoast SEO plugin v27.4 - https:\/\/yoast.com\/product\/yoast-seo-wordpress\/ -->\n<title>Palermi Air tente de caravan (Hymer Eriba) - Eurotrail | The way we camp!<\/title>\n<meta name=\"description\" content=\"Tente de caravane gonflable Palermo Air d\u00e9velopp\u00e9e pour les caravanes \u00e0 toit relevable telles que les mod\u00e8les Hymer Eriba Touring (sauf mod\u00e8le Puk)\" \/>\n<meta name=\"robots\" content=\"index, follow, max-snippet:-1, max-image-preview:large, max-video-preview:-1\" \/>\n<link rel=\"canonical\" href=\"https:\/\/eurotrail.info\/fr\/producten\/caravane-camping-car-bus\/tentes-caravan-camper\/palermi-air-tente-de-caravan-hymer-eriba\/\" \/>\n<meta property=\"og:locale\" content=\"fr_FR\" \/>\n<meta property=\"og:type\" content=\"article\" \/>\n<meta property=\"og:title\" content=\"Palermi Air tente de caravan (Hymer Eriba) - Eurotrail | The way we camp!\" \/>\n<meta property=\"og:description\" content=\"Tente de caravane gonflable Palermo Air d\u00e9velopp\u00e9e pour les caravanes \u00e0 toit relevable telles que les mod\u00e8les Hymer Eriba Touring (sauf mod\u00e8le Puk)\" \/>\n<meta property=\"og:url\" content=\"https:\/\/eurotrail.info\/fr\/producten\/caravane-camping-car-bus\/tentes-caravan-camper\/palermi-air-tente-de-caravan-hymer-eriba\/\" \/>\n<meta property=\"og:site_name\" content=\"Eurotrail | The way we camp!\" \/>\n<meta property=\"article:modified_time\" content=\"2023-08-09T14:02:25+00:00\" \/>\n<meta property=\"og:image\" content=\"https:\/\/eurotrail.info\/wp\/wp-content\/uploads\/2022\/10\/ETCT0191-Palermo-Air_half_closed-KLEIN-scaled.jpg\" \/>\n\t<meta property=\"og:image:width\" content=\"2560\" \/>\n\t<meta property=\"og:image:height\" content=\"1707\" \/>\n\t<meta property=\"og:image:type\" content=\"image\/jpeg\" \/>\n<meta name=\"twitter:card\" content=\"summary_large_image\" \/>\n<meta name=\"twitter:label1\" content=\"Dur\u00e9e de lecture estim\u00e9e\" \/>\n\t<meta name=\"twitter:data1\" content=\"2 minutes\" \/>\n<script type=\"application\/ld+json\" class=\"yoast-schema-graph\">{\"@context\":\"https:\\\/\\\/schema.org\",\"@graph\":[{\"@type\":\"WebPage\",\"@id\":\"https:\\\/\\\/eurotrail.info\\\/fr\\\/producten\\\/caravane-camping-car-bus\\\/tentes-caravan-camper\\\/palermi-air-tente-de-caravan-hymer-eriba\\\/\",\"url\":\"https:\\\/\\\/eurotrail.info\\\/fr\\\/producten\\\/caravane-camping-car-bus\\\/tentes-caravan-camper\\\/palermi-air-tente-de-caravan-hymer-eriba\\\/\",\"name\":\"Palermi Air tente de caravan (Hymer Eriba) - Eurotrail | The way we camp!\",\"isPartOf\":{\"@id\":\"https:\\\/\\\/eurotrail.info\\\/#website\"},\"primaryImageOfPage\":{\"@id\":\"https:\\\/\\\/eurotrail.info\\\/fr\\\/producten\\\/caravane-camping-car-bus\\\/tentes-caravan-camper\\\/palermi-air-tente-de-caravan-hymer-eriba\\\/#primaryimage\"},\"image\":{\"@id\":\"https:\\\/\\\/eurotrail.info\\\/fr\\\/producten\\\/caravane-camping-car-bus\\\/tentes-caravan-camper\\\/palermi-air-tente-de-caravan-hymer-eriba\\\/#primaryimage\"},\"thumbnailUrl\":\"https:\\\/\\\/eurotrail.info\\\/wp\\\/wp-content\\\/uploads\\\/2022\\\/10\\\/ETCT0191-Palermo-Air_half_closed-KLEIN-scaled.jpg\",\"datePublished\":\"2022-10-10T11:35:45+00:00\",\"dateModified\":\"2023-08-09T14:02:25+00:00\",\"description\":\"Tente de caravane gonflable Palermo Air d\u00e9velopp\u00e9e pour les caravanes \u00e0 toit relevable telles que les mod\u00e8les Hymer Eriba Touring (sauf mod\u00e8le Puk)\",\"breadcrumb\":{\"@id\":\"https:\\\/\\\/eurotrail.info\\\/fr\\\/producten\\\/caravane-camping-car-bus\\\/tentes-caravan-camper\\\/palermi-air-tente-de-caravan-hymer-eriba\\\/#breadcrumb\"},\"inLanguage\":\"fr-FR\",\"potentialAction\":[{\"@type\":\"ReadAction\",\"target\":[\"https:\\\/\\\/eurotrail.info\\\/fr\\\/producten\\\/caravane-camping-car-bus\\\/tentes-caravan-camper\\\/palermi-air-tente-de-caravan-hymer-eriba\\\/\"]}]},{\"@type\":\"ImageObject\",\"inLanguage\":\"fr-FR\",\"@id\":\"https:\\\/\\\/eurotrail.info\\\/fr\\\/producten\\\/caravane-camping-car-bus\\\/tentes-caravan-camper\\\/palermi-air-tente-de-caravan-hymer-eriba\\\/#primaryimage\",\"url\":\"https:\\\/\\\/eurotrail.info\\\/wp\\\/wp-content\\\/uploads\\\/2022\\\/10\\\/ETCT0191-Palermo-Air_half_closed-KLEIN-scaled.jpg\",\"contentUrl\":\"https:\\\/\\\/eurotrail.info\\\/wp\\\/wp-content\\\/uploads\\\/2022\\\/10\\\/ETCT0191-Palermo-Air_half_closed-KLEIN-scaled.jpg\",\"width\":2560,\"height\":1707,\"caption\":\"Opblaasbare caravan tent is speciaal ontwikkeld voor caravans met een hefdak o.a. Hymer Eriba Touring\"},{\"@type\":\"BreadcrumbList\",\"@id\":\"https:\\\/\\\/eurotrail.info\\\/fr\\\/producten\\\/caravane-camping-car-bus\\\/tentes-caravan-camper\\\/palermi-air-tente-de-caravan-hymer-eriba\\\/#breadcrumb\",\"itemListElement\":[{\"@type\":\"ListItem\",\"position\":1,\"name\":\"Home\",\"item\":\"https:\\\/\\\/eurotrail.info\\\/fr\\\/\"},{\"@type\":\"ListItem\",\"position\":2,\"name\":\"Produits\",\"item\":\"https:\\\/\\\/eurotrail.info\\\/fr\\\/produits\\\/\"},{\"@type\":\"ListItem\",\"position\":3,\"name\":\"Palermi Air tente de caravan (Hymer Eriba)\"}]},{\"@type\":\"WebSite\",\"@id\":\"https:\\\/\\\/eurotrail.info\\\/#website\",\"url\":\"https:\\\/\\\/eurotrail.info\\\/\",\"name\":\"Eurotrail | The way we camp!\",\"description\":\"\",\"publisher\":{\"@id\":\"https:\\\/\\\/eurotrail.info\\\/#organization\"},\"potentialAction\":[{\"@type\":\"SearchAction\",\"target\":{\"@type\":\"EntryPoint\",\"urlTemplate\":\"https:\\\/\\\/eurotrail.info\\\/?s={search_term_string}\"},\"query-input\":{\"@type\":\"PropertyValueSpecification\",\"valueRequired\":true,\"valueName\":\"search_term_string\"}}],\"inLanguage\":\"fr-FR\"},{\"@type\":\"Organization\",\"@id\":\"https:\\\/\\\/eurotrail.info\\\/#organization\",\"name\":\"Eurotrail | The way we camp!\",\"url\":\"https:\\\/\\\/eurotrail.info\\\/\",\"logo\":{\"@type\":\"ImageObject\",\"inLanguage\":\"fr-FR\",\"@id\":\"https:\\\/\\\/eurotrail.info\\\/#\\\/schema\\\/logo\\\/image\\\/\",\"url\":\"https:\\\/\\\/eurotrail.info\\\/wp\\\/wp-content\\\/uploads\\\/2023\\\/07\\\/ET-logo-quote_NL-scaled.jpg\",\"contentUrl\":\"https:\\\/\\\/eurotrail.info\\\/wp\\\/wp-content\\\/uploads\\\/2023\\\/07\\\/ET-logo-quote_NL-scaled.jpg\",\"width\":2560,\"height\":675,\"caption\":\"Eurotrail | The way we camp!\"},\"image\":{\"@id\":\"https:\\\/\\\/eurotrail.info\\\/#\\\/schema\\\/logo\\\/image\\\/\"}}]}<\/script>\n<!-- \/ Yoast SEO plugin. -->","yoast_head_json":{"title":"Palermi Air tente de caravan (Hymer Eriba) - Eurotrail | The way we camp!","description":"Tente de caravane gonflable Palermo Air d\u00e9velopp\u00e9e pour les caravanes \u00e0 toit relevable telles que les mod\u00e8les Hymer Eriba Touring (sauf mod\u00e8le Puk)","robots":{"index":"index","follow":"follow","max-snippet":"max-snippet:-1","max-image-preview":"max-image-preview:large","max-video-preview":"max-video-preview:-1"},"canonical":"https:\/\/eurotrail.info\/fr\/producten\/caravane-camping-car-bus\/tentes-caravan-camper\/palermi-air-tente-de-caravan-hymer-eriba\/","og_locale":"fr_FR","og_type":"article","og_title":"Palermi Air tente de caravan (Hymer Eriba) - Eurotrail | The way we camp!","og_description":"Tente de caravane gonflable Palermo Air d\u00e9velopp\u00e9e pour les caravanes \u00e0 toit relevable telles que les mod\u00e8les Hymer Eriba Touring (sauf mod\u00e8le Puk)","og_url":"https:\/\/eurotrail.info\/fr\/producten\/caravane-camping-car-bus\/tentes-caravan-camper\/palermi-air-tente-de-caravan-hymer-eriba\/","og_site_name":"Eurotrail | The way we camp!","article_modified_time":"2023-08-09T14:02:25+00:00","og_image":[{"width":2560,"height":1707,"url":"https:\/\/eurotrail.info\/wp\/wp-content\/uploads\/2022\/10\/ETCT0191-Palermo-Air_half_closed-KLEIN-scaled.jpg","type":"image\/jpeg"}],"twitter_card":"summary_large_image","twitter_misc":{"Dur\u00e9e de lecture estim\u00e9e":"2 minutes"},"schema":{"@context":"https:\/\/schema.org","@graph":[{"@type":"WebPage","@id":"https:\/\/eurotrail.info\/fr\/producten\/caravane-camping-car-bus\/tentes-caravan-camper\/palermi-air-tente-de-caravan-hymer-eriba\/","url":"https:\/\/eurotrail.info\/fr\/producten\/caravane-camping-car-bus\/tentes-caravan-camper\/palermi-air-tente-de-caravan-hymer-eriba\/","name":"Palermi Air tente de caravan (Hymer Eriba) - Eurotrail | The way we camp!","isPartOf":{"@id":"https:\/\/eurotrail.info\/#website"},"primaryImageOfPage":{"@id":"https:\/\/eurotrail.info\/fr\/producten\/caravane-camping-car-bus\/tentes-caravan-camper\/palermi-air-tente-de-caravan-hymer-eriba\/#primaryimage"},"image":{"@id":"https:\/\/eurotrail.info\/fr\/producten\/caravane-camping-car-bus\/tentes-caravan-camper\/palermi-air-tente-de-caravan-hymer-eriba\/#primaryimage"},"thumbnailUrl":"https:\/\/eurotrail.info\/wp\/wp-content\/uploads\/2022\/10\/ETCT0191-Palermo-Air_half_closed-KLEIN-scaled.jpg","datePublished":"2022-10-10T11:35:45+00:00","dateModified":"2023-08-09T14:02:25+00:00","description":"Tente de caravane gonflable Palermo Air d\u00e9velopp\u00e9e pour les caravanes \u00e0 toit relevable telles que les mod\u00e8les Hymer Eriba Touring (sauf mod\u00e8le Puk)","breadcrumb":{"@id":"https:\/\/eurotrail.info\/fr\/producten\/caravane-camping-car-bus\/tentes-caravan-camper\/palermi-air-tente-de-caravan-hymer-eriba\/#breadcrumb"},"inLanguage":"fr-FR","potentialAction":[{"@type":"ReadAction","target":["https:\/\/eurotrail.info\/fr\/producten\/caravane-camping-car-bus\/tentes-caravan-camper\/palermi-air-tente-de-caravan-hymer-eriba\/"]}]},{"@type":"ImageObject","inLanguage":"fr-FR","@id":"https:\/\/eurotrail.info\/fr\/producten\/caravane-camping-car-bus\/tentes-caravan-camper\/palermi-air-tente-de-caravan-hymer-eriba\/#primaryimage","url":"https:\/\/eurotrail.info\/wp\/wp-content\/uploads\/2022\/10\/ETCT0191-Palermo-Air_half_closed-KLEIN-scaled.jpg","contentUrl":"https:\/\/eurotrail.info\/wp\/wp-content\/uploads\/2022\/10\/ETCT0191-Palermo-Air_half_closed-KLEIN-scaled.jpg","width":2560,"height":1707,"caption":"Opblaasbare caravan tent is speciaal ontwikkeld voor caravans met een hefdak o.a. Hymer Eriba Touring"},{"@type":"BreadcrumbList","@id":"https:\/\/eurotrail.info\/fr\/producten\/caravane-camping-car-bus\/tentes-caravan-camper\/palermi-air-tente-de-caravan-hymer-eriba\/#breadcrumb","itemListElement":[{"@type":"ListItem","position":1,"name":"Home","item":"https:\/\/eurotrail.info\/fr\/"},{"@type":"ListItem","position":2,"name":"Produits","item":"https:\/\/eurotrail.info\/fr\/produits\/"},{"@type":"ListItem","position":3,"name":"Palermi Air tente de caravan (Hymer Eriba)"}]},{"@type":"WebSite","@id":"https:\/\/eurotrail.info\/#website","url":"https:\/\/eurotrail.info\/","name":"Eurotrail | The way we camp!","description":"","publisher":{"@id":"https:\/\/eurotrail.info\/#organization"},"potentialAction":[{"@type":"SearchAction","target":{"@type":"EntryPoint","urlTemplate":"https:\/\/eurotrail.info\/?s={search_term_string}"},"query-input":{"@type":"PropertyValueSpecification","valueRequired":true,"valueName":"search_term_string"}}],"inLanguage":"fr-FR"},{"@type":"Organization","@id":"https:\/\/eurotrail.info\/#organization","name":"Eurotrail | The way we camp!","url":"https:\/\/eurotrail.info\/","logo":{"@type":"ImageObject","inLanguage":"fr-FR","@id":"https:\/\/eurotrail.info\/#\/schema\/logo\/image\/","url":"https:\/\/eurotrail.info\/wp\/wp-content\/uploads\/2023\/07\/ET-logo-quote_NL-scaled.jpg","contentUrl":"https:\/\/eurotrail.info\/wp\/wp-content\/uploads\/2023\/07\/ET-logo-quote_NL-scaled.jpg","width":2560,"height":675,"caption":"Eurotrail | The way we camp!"},"image":{"@id":"https:\/\/eurotrail.info\/#\/schema\/logo\/image\/"}}]}},"_links":{"self":[{"href":"https:\/\/eurotrail.info\/fr\/wp-json\/wp\/v2\/product\/15523","targetHints":{"allow":["GET"]}}],"collection":[{"href":"https:\/\/eurotrail.info\/fr\/wp-json\/wp\/v2\/product"}],"about":[{"href":"https:\/\/eurotrail.info\/fr\/wp-json\/wp\/v2\/types\/product"}],"replies":[{"embeddable":true,"href":"https:\/\/eurotrail.info\/fr\/wp-json\/wp\/v2\/comments?post=15523"}],"wp:featuredmedia":[{"embeddable":true,"href":"https:\/\/eurotrail.info\/fr\/wp-json\/wp\/v2\/media\/15479"}],"wp:attachment":[{"href":"https:\/\/eurotrail.info\/fr\/wp-json\/wp\/v2\/media?parent=15523"}],"wp:term":[{"taxonomy":"product_brand","embeddable":true,"href":"https:\/\/eurotrail.info\/fr\/wp-json\/wp\/v2\/product_brand?post=15523"},{"taxonomy":"product_cat","embeddable":true,"href":"https:\/\/eurotrail.info\/fr\/wp-json\/wp\/v2\/product_cat?post=15523"},{"taxonomy":"product_tag","embeddable":true,"href":"https:\/\/eurotrail.info\/fr\/wp-json\/wp\/v2\/product_tag?post=15523"}],"curies":[{"name":"wp","href":"https:\/\/api.w.org\/{rel}","templated":true}]}}