{"id":19932,"date":"2022-10-31T14:08:26","date_gmt":"2022-10-31T13:15:05","guid":{"rendered":"https:\/\/eurotrail.info\/?post_type=product&#038;p=19932"},"modified":"2023-03-09T17:22:23","modified_gmt":"2023-03-09T16:22:23","slug":"tente-autobus-oak-creek-400-air","status":"publish","type":"product","link":"https:\/\/eurotrail.info\/fr\/producten\/caravane-camping-car-bus\/tentes-de-bus\/tente-autobus-oak-creek-400-air\/","title":{"rendered":"Tente autobus Oak Creek 400 AIR"},"content":{"rendered":"<p>Tente tunnel gonflable spacieuse qui est install\u00e9e parall\u00e8lement au bus. La tente dispose d&#8217;un grand s\u00e9jour avec un tapis de sol fixe et est livr\u00e9e avec un 2 pers. tente int\u00e9rieure de 140x290cm. Id\u00e9al comme lieu de couchage suppl\u00e9mentaire pour 2 personnes ou comme espace de rangement suppl\u00e9mentaire.<\/p>\n<p>Le salon a de grandes fen\u00eatres avec couverture et offre suffisamment d&#8217;espace pour une table, des chaises et d&#8217;autres \u00e9quipements de camping. L&#8217;entr\u00e9e principale et la porte lat\u00e9rale ont \u00e9galement une moustiquaire pour emp\u00eacher les insectes d&#8217;entrer. Le tunnel de connexion a une porte des deux c\u00f4t\u00e9s et peut \u00eatre fix\u00e9 au bus de diff\u00e9rentes mani\u00e8res : double tuyauterie amovible 7,5 + 4 mm, avec le m\u00e2t de toit ou avec du velcro sur le rail de toit. Hauteur de connexion 180-210 cm. Incl. pompe, tente int\u00e9rieure, piquets.<\/p>\n<p>Information produit<\/p>\n<p><a href=\"https:\/\/youtu.be\/ChYUCfcAtac\">Manuel de montage Oak Creek 400 AIR<\/a><\/p>\n<p>Taille : 400x310x210cm<br \/>\nMat\u00e9riau tissu ext\u00e9rieur :<br \/>\nToit : 210D Oxford Rip Stop, PU &gt; 5 000 mm de colonne d&#8217;eau<br \/>\nMurs : 190T polyester PU &gt; colonne d&#8217;eau 3000mm<br \/>\nTapis de sol : 130 gr. Feuille PE<br \/>\nTente int\u00e9rieure : 230x140x190cm<br \/>\nMat\u00e9riau : polyester 190T, fond : polyester 190T pu<br \/>\nTubes \u00e0 air : \u00d810cm<br \/>\nTendon : 7,5 + 4 mm, longueur 265<br \/>\nPoteau d&#8217;auvent : aluminium de 16 mm<br \/>\nEmball\u00e9 : 80x35x35cm<br \/>\nPoids : 21 kg.<\/p>\n","protected":false},"excerpt":{"rendered":"<p>Tente tunnel gonflable spacieuse qui est install\u00e9e parall\u00e8lement au bus. La tente dispose d&#8217;un grand s\u00e9jour avec un tapis de sol fixe et est livr\u00e9e&hellip;<\/p>\n","protected":false},"featured_media":19908,"comment_status":"open","ping_status":"closed","template":"","meta":{"_acf_changed":false},"product_brand":[],"product_cat":[237,239],"product_tag":[],"class_list":{"0":"post-19932","1":"product","2":"type-product","3":"status-publish","4":"has-post-thumbnail","6":"product_cat-caravane-camping-car-bus","7":"product_cat-tentes-de-bus","9":"first","10":"instock","11":"shipping-taxable","12":"product-type-simple"},"acf":[],"yoast_head":"<!-- This site is optimized with the Yoast SEO plugin v27.4 - https:\/\/yoast.com\/product\/yoast-seo-wordpress\/ -->\n<title>Tente autobus Oak Creek 400 AIR - Eurotrail | The way we camp!<\/title>\n<meta name=\"description\" content=\"Tente tunnel gonflable spacieuse qui est install\u00e9e parall\u00e8lement au bus. La tente dispose d&#039;un grand s\u00e9jour avec un tapis de sol fixe et est livr\u00e9e avec un 2 pers. tente int\u00e9rieure de 140x290cm.\" \/>\n<meta name=\"robots\" content=\"index, follow, max-snippet:-1, max-image-preview:large, max-video-preview:-1\" \/>\n<link rel=\"canonical\" href=\"https:\/\/eurotrail.info\/fr\/producten\/caravane-camping-car-bus\/tentes-de-bus\/tente-autobus-oak-creek-400-air\/\" \/>\n<meta property=\"og:locale\" content=\"fr_FR\" \/>\n<meta property=\"og:type\" content=\"article\" \/>\n<meta property=\"og:title\" content=\"Tente autobus Oak Creek 400 AIR - Eurotrail | The way we camp!\" \/>\n<meta property=\"og:description\" content=\"Tente tunnel gonflable spacieuse qui est install\u00e9e parall\u00e8lement au bus. La tente dispose d&#039;un grand s\u00e9jour avec un tapis de sol fixe et est livr\u00e9e avec un 2 pers. tente int\u00e9rieure de 140x290cm.\" \/>\n<meta property=\"og:url\" content=\"https:\/\/eurotrail.info\/fr\/producten\/caravane-camping-car-bus\/tentes-de-bus\/tente-autobus-oak-creek-400-air\/\" \/>\n<meta property=\"og:site_name\" content=\"Eurotrail | The way we camp!\" \/>\n<meta property=\"article:modified_time\" content=\"2023-03-09T16:22:23+00:00\" \/>\n<meta property=\"og:image\" content=\"https:\/\/eurotrail.info\/wp\/wp-content\/uploads\/2022\/10\/ETCT0193-Oak-Creek-Air-400_open_2-KLEIN.jpg\" \/>\n\t<meta property=\"og:image:width\" content=\"2504\" \/>\n\t<meta property=\"og:image:height\" content=\"1600\" \/>\n\t<meta property=\"og:image:type\" content=\"image\/jpeg\" \/>\n<meta name=\"twitter:card\" content=\"summary_large_image\" \/>\n<meta name=\"twitter:label1\" content=\"Dur\u00e9e de lecture estim\u00e9e\" \/>\n\t<meta name=\"twitter:data1\" content=\"2 minutes\" \/>\n<script type=\"application\/ld+json\" class=\"yoast-schema-graph\">{\"@context\":\"https:\\\/\\\/schema.org\",\"@graph\":[{\"@type\":\"WebPage\",\"@id\":\"https:\\\/\\\/eurotrail.info\\\/fr\\\/producten\\\/caravane-camping-car-bus\\\/tentes-de-bus\\\/tente-autobus-oak-creek-400-air\\\/\",\"url\":\"https:\\\/\\\/eurotrail.info\\\/fr\\\/producten\\\/caravane-camping-car-bus\\\/tentes-de-bus\\\/tente-autobus-oak-creek-400-air\\\/\",\"name\":\"Tente autobus Oak Creek 400 AIR - Eurotrail | The way we camp!\",\"isPartOf\":{\"@id\":\"https:\\\/\\\/eurotrail.info\\\/#website\"},\"primaryImageOfPage\":{\"@id\":\"https:\\\/\\\/eurotrail.info\\\/fr\\\/producten\\\/caravane-camping-car-bus\\\/tentes-de-bus\\\/tente-autobus-oak-creek-400-air\\\/#primaryimage\"},\"image\":{\"@id\":\"https:\\\/\\\/eurotrail.info\\\/fr\\\/producten\\\/caravane-camping-car-bus\\\/tentes-de-bus\\\/tente-autobus-oak-creek-400-air\\\/#primaryimage\"},\"thumbnailUrl\":\"https:\\\/\\\/eurotrail.info\\\/wp\\\/wp-content\\\/uploads\\\/2022\\\/10\\\/ETCT0193-Oak-Creek-Air-400_open_2-KLEIN.jpg\",\"datePublished\":\"2022-10-31T13:15:05+00:00\",\"dateModified\":\"2023-03-09T16:22:23+00:00\",\"description\":\"Tente tunnel gonflable spacieuse qui est install\u00e9e parall\u00e8lement au bus. La tente dispose d'un grand s\u00e9jour avec un tapis de sol fixe et est livr\u00e9e avec un 2 pers. tente int\u00e9rieure de 140x290cm.\",\"breadcrumb\":{\"@id\":\"https:\\\/\\\/eurotrail.info\\\/fr\\\/producten\\\/caravane-camping-car-bus\\\/tentes-de-bus\\\/tente-autobus-oak-creek-400-air\\\/#breadcrumb\"},\"inLanguage\":\"fr-FR\",\"potentialAction\":[{\"@type\":\"ReadAction\",\"target\":[\"https:\\\/\\\/eurotrail.info\\\/fr\\\/producten\\\/caravane-camping-car-bus\\\/tentes-de-bus\\\/tente-autobus-oak-creek-400-air\\\/\"]}]},{\"@type\":\"ImageObject\",\"inLanguage\":\"fr-FR\",\"@id\":\"https:\\\/\\\/eurotrail.info\\\/fr\\\/producten\\\/caravane-camping-car-bus\\\/tentes-de-bus\\\/tente-autobus-oak-creek-400-air\\\/#primaryimage\",\"url\":\"https:\\\/\\\/eurotrail.info\\\/wp\\\/wp-content\\\/uploads\\\/2022\\\/10\\\/ETCT0193-Oak-Creek-Air-400_open_2-KLEIN.jpg\",\"contentUrl\":\"https:\\\/\\\/eurotrail.info\\\/wp\\\/wp-content\\\/uploads\\\/2022\\\/10\\\/ETCT0193-Oak-Creek-Air-400_open_2-KLEIN.jpg\",\"width\":2504,\"height\":1600,\"caption\":\"Eurotrail Oak Creek 400 AIR\"},{\"@type\":\"BreadcrumbList\",\"@id\":\"https:\\\/\\\/eurotrail.info\\\/fr\\\/producten\\\/caravane-camping-car-bus\\\/tentes-de-bus\\\/tente-autobus-oak-creek-400-air\\\/#breadcrumb\",\"itemListElement\":[{\"@type\":\"ListItem\",\"position\":1,\"name\":\"Home\",\"item\":\"https:\\\/\\\/eurotrail.info\\\/fr\\\/\"},{\"@type\":\"ListItem\",\"position\":2,\"name\":\"Produits\",\"item\":\"https:\\\/\\\/eurotrail.info\\\/fr\\\/produits\\\/\"},{\"@type\":\"ListItem\",\"position\":3,\"name\":\"Tente autobus Oak Creek 400 AIR\"}]},{\"@type\":\"WebSite\",\"@id\":\"https:\\\/\\\/eurotrail.info\\\/#website\",\"url\":\"https:\\\/\\\/eurotrail.info\\\/\",\"name\":\"Eurotrail | The way we camp!\",\"description\":\"\",\"publisher\":{\"@id\":\"https:\\\/\\\/eurotrail.info\\\/#organization\"},\"potentialAction\":[{\"@type\":\"SearchAction\",\"target\":{\"@type\":\"EntryPoint\",\"urlTemplate\":\"https:\\\/\\\/eurotrail.info\\\/?s={search_term_string}\"},\"query-input\":{\"@type\":\"PropertyValueSpecification\",\"valueRequired\":true,\"valueName\":\"search_term_string\"}}],\"inLanguage\":\"fr-FR\"},{\"@type\":\"Organization\",\"@id\":\"https:\\\/\\\/eurotrail.info\\\/#organization\",\"name\":\"Eurotrail | The way we camp!\",\"url\":\"https:\\\/\\\/eurotrail.info\\\/\",\"logo\":{\"@type\":\"ImageObject\",\"inLanguage\":\"fr-FR\",\"@id\":\"https:\\\/\\\/eurotrail.info\\\/#\\\/schema\\\/logo\\\/image\\\/\",\"url\":\"https:\\\/\\\/eurotrail.info\\\/wp\\\/wp-content\\\/uploads\\\/2023\\\/07\\\/ET-logo-quote_NL-scaled.jpg\",\"contentUrl\":\"https:\\\/\\\/eurotrail.info\\\/wp\\\/wp-content\\\/uploads\\\/2023\\\/07\\\/ET-logo-quote_NL-scaled.jpg\",\"width\":2560,\"height\":675,\"caption\":\"Eurotrail | The way we camp!\"},\"image\":{\"@id\":\"https:\\\/\\\/eurotrail.info\\\/#\\\/schema\\\/logo\\\/image\\\/\"}}]}<\/script>\n<!-- \/ Yoast SEO plugin. -->","yoast_head_json":{"title":"Tente autobus Oak Creek 400 AIR - Eurotrail | The way we camp!","description":"Tente tunnel gonflable spacieuse qui est install\u00e9e parall\u00e8lement au bus. La tente dispose d'un grand s\u00e9jour avec un tapis de sol fixe et est livr\u00e9e avec un 2 pers. tente int\u00e9rieure de 140x290cm.","robots":{"index":"index","follow":"follow","max-snippet":"max-snippet:-1","max-image-preview":"max-image-preview:large","max-video-preview":"max-video-preview:-1"},"canonical":"https:\/\/eurotrail.info\/fr\/producten\/caravane-camping-car-bus\/tentes-de-bus\/tente-autobus-oak-creek-400-air\/","og_locale":"fr_FR","og_type":"article","og_title":"Tente autobus Oak Creek 400 AIR - Eurotrail | The way we camp!","og_description":"Tente tunnel gonflable spacieuse qui est install\u00e9e parall\u00e8lement au bus. La tente dispose d'un grand s\u00e9jour avec un tapis de sol fixe et est livr\u00e9e avec un 2 pers. tente int\u00e9rieure de 140x290cm.","og_url":"https:\/\/eurotrail.info\/fr\/producten\/caravane-camping-car-bus\/tentes-de-bus\/tente-autobus-oak-creek-400-air\/","og_site_name":"Eurotrail | The way we camp!","article_modified_time":"2023-03-09T16:22:23+00:00","og_image":[{"width":2504,"height":1600,"url":"https:\/\/eurotrail.info\/wp\/wp-content\/uploads\/2022\/10\/ETCT0193-Oak-Creek-Air-400_open_2-KLEIN.jpg","type":"image\/jpeg"}],"twitter_card":"summary_large_image","twitter_misc":{"Dur\u00e9e de lecture estim\u00e9e":"2 minutes"},"schema":{"@context":"https:\/\/schema.org","@graph":[{"@type":"WebPage","@id":"https:\/\/eurotrail.info\/fr\/producten\/caravane-camping-car-bus\/tentes-de-bus\/tente-autobus-oak-creek-400-air\/","url":"https:\/\/eurotrail.info\/fr\/producten\/caravane-camping-car-bus\/tentes-de-bus\/tente-autobus-oak-creek-400-air\/","name":"Tente autobus Oak Creek 400 AIR - Eurotrail | The way we camp!","isPartOf":{"@id":"https:\/\/eurotrail.info\/#website"},"primaryImageOfPage":{"@id":"https:\/\/eurotrail.info\/fr\/producten\/caravane-camping-car-bus\/tentes-de-bus\/tente-autobus-oak-creek-400-air\/#primaryimage"},"image":{"@id":"https:\/\/eurotrail.info\/fr\/producten\/caravane-camping-car-bus\/tentes-de-bus\/tente-autobus-oak-creek-400-air\/#primaryimage"},"thumbnailUrl":"https:\/\/eurotrail.info\/wp\/wp-content\/uploads\/2022\/10\/ETCT0193-Oak-Creek-Air-400_open_2-KLEIN.jpg","datePublished":"2022-10-31T13:15:05+00:00","dateModified":"2023-03-09T16:22:23+00:00","description":"Tente tunnel gonflable spacieuse qui est install\u00e9e parall\u00e8lement au bus. La tente dispose d'un grand s\u00e9jour avec un tapis de sol fixe et est livr\u00e9e avec un 2 pers. tente int\u00e9rieure de 140x290cm.","breadcrumb":{"@id":"https:\/\/eurotrail.info\/fr\/producten\/caravane-camping-car-bus\/tentes-de-bus\/tente-autobus-oak-creek-400-air\/#breadcrumb"},"inLanguage":"fr-FR","potentialAction":[{"@type":"ReadAction","target":["https:\/\/eurotrail.info\/fr\/producten\/caravane-camping-car-bus\/tentes-de-bus\/tente-autobus-oak-creek-400-air\/"]}]},{"@type":"ImageObject","inLanguage":"fr-FR","@id":"https:\/\/eurotrail.info\/fr\/producten\/caravane-camping-car-bus\/tentes-de-bus\/tente-autobus-oak-creek-400-air\/#primaryimage","url":"https:\/\/eurotrail.info\/wp\/wp-content\/uploads\/2022\/10\/ETCT0193-Oak-Creek-Air-400_open_2-KLEIN.jpg","contentUrl":"https:\/\/eurotrail.info\/wp\/wp-content\/uploads\/2022\/10\/ETCT0193-Oak-Creek-Air-400_open_2-KLEIN.jpg","width":2504,"height":1600,"caption":"Eurotrail Oak Creek 400 AIR"},{"@type":"BreadcrumbList","@id":"https:\/\/eurotrail.info\/fr\/producten\/caravane-camping-car-bus\/tentes-de-bus\/tente-autobus-oak-creek-400-air\/#breadcrumb","itemListElement":[{"@type":"ListItem","position":1,"name":"Home","item":"https:\/\/eurotrail.info\/fr\/"},{"@type":"ListItem","position":2,"name":"Produits","item":"https:\/\/eurotrail.info\/fr\/produits\/"},{"@type":"ListItem","position":3,"name":"Tente autobus Oak Creek 400 AIR"}]},{"@type":"WebSite","@id":"https:\/\/eurotrail.info\/#website","url":"https:\/\/eurotrail.info\/","name":"Eurotrail | The way we camp!","description":"","publisher":{"@id":"https:\/\/eurotrail.info\/#organization"},"potentialAction":[{"@type":"SearchAction","target":{"@type":"EntryPoint","urlTemplate":"https:\/\/eurotrail.info\/?s={search_term_string}"},"query-input":{"@type":"PropertyValueSpecification","valueRequired":true,"valueName":"search_term_string"}}],"inLanguage":"fr-FR"},{"@type":"Organization","@id":"https:\/\/eurotrail.info\/#organization","name":"Eurotrail | The way we camp!","url":"https:\/\/eurotrail.info\/","logo":{"@type":"ImageObject","inLanguage":"fr-FR","@id":"https:\/\/eurotrail.info\/#\/schema\/logo\/image\/","url":"https:\/\/eurotrail.info\/wp\/wp-content\/uploads\/2023\/07\/ET-logo-quote_NL-scaled.jpg","contentUrl":"https:\/\/eurotrail.info\/wp\/wp-content\/uploads\/2023\/07\/ET-logo-quote_NL-scaled.jpg","width":2560,"height":675,"caption":"Eurotrail | The way we camp!"},"image":{"@id":"https:\/\/eurotrail.info\/#\/schema\/logo\/image\/"}}]}},"_links":{"self":[{"href":"https:\/\/eurotrail.info\/fr\/wp-json\/wp\/v2\/product\/19932","targetHints":{"allow":["GET"]}}],"collection":[{"href":"https:\/\/eurotrail.info\/fr\/wp-json\/wp\/v2\/product"}],"about":[{"href":"https:\/\/eurotrail.info\/fr\/wp-json\/wp\/v2\/types\/product"}],"replies":[{"embeddable":true,"href":"https:\/\/eurotrail.info\/fr\/wp-json\/wp\/v2\/comments?post=19932"}],"wp:featuredmedia":[{"embeddable":true,"href":"https:\/\/eurotrail.info\/fr\/wp-json\/wp\/v2\/media\/19908"}],"wp:attachment":[{"href":"https:\/\/eurotrail.info\/fr\/wp-json\/wp\/v2\/media?parent=19932"}],"wp:term":[{"taxonomy":"product_brand","embeddable":true,"href":"https:\/\/eurotrail.info\/fr\/wp-json\/wp\/v2\/product_brand?post=19932"},{"taxonomy":"product_cat","embeddable":true,"href":"https:\/\/eurotrail.info\/fr\/wp-json\/wp\/v2\/product_cat?post=19932"},{"taxonomy":"product_tag","embeddable":true,"href":"https:\/\/eurotrail.info\/fr\/wp-json\/wp\/v2\/product_tag?post=19932"}],"curies":[{"name":"wp","href":"https:\/\/api.w.org\/{rel}","templated":true}]}}