{"id":19992,"date":"2022-10-31T14:23:44","date_gmt":"2022-10-31T13:26:27","guid":{"rendered":"https:\/\/eurotrail.info\/?post_type=product&#038;p=19992"},"modified":"2023-06-02T13:59:09","modified_gmt":"2023-06-02T12:59:09","slug":"oak-creek-500-air-tente-autobus","status":"publish","type":"product","link":"https:\/\/eurotrail.info\/fr\/producten\/caravane-camping-car-bus\/tentes-de-bus\/oak-creek-500-air-tente-autobus\/","title":{"rendered":"Oak Creek 500 AIR tente autobus"},"content":{"rendered":"<p>Tente tunnel gonflable spacieuse qui est install\u00e9e parall\u00e8lement au bus. La tente a un grand espace de vie avec un tapis de sol fixe et est fournie avec une tente int\u00e9rieure spacieuse de 290x310cm. Id\u00e9al comme couchage d&#8217;appoint pour jusqu&#8217;\u00e0 4 personnes ou espace de rangement.<br \/>\nL&#8217;auvent profond avec de grandes fen\u00eatres des deux c\u00f4t\u00e9s offre amplement d&#8217;espace o\u00f9 vous pouvez vous asseoir \u00e0 l&#8217;abri du soleil, de la pluie ou du vent.<br \/>\nSi un grand espace int\u00e9rieur est souhait\u00e9, par ex. lorsqu&#8217;il pleut, vous pouvez placer le mur avant vers l&#8217;avant afin d&#8217;avoir un espace int\u00e9rieur allant jusqu&#8217;\u00e0 300x310cm ! Beaucoup d&#8217;espace pour une table, des chaises et d&#8217;autres \u00e9quipements de camping. Le tapis de sol \u00e0 baldaquin fourni garantit que cette zone a \u00e9galement un fond prot\u00e9g\u00e9. La tente a de grandes fen\u00eatres avec couverture et la porte avant et lat\u00e9rale ont \u00e9galement des moustiquaires pour emp\u00eacher les insectes d&#8217;entrer.<br \/>\nLe tunnel de connexion a une porte des deux c\u00f4t\u00e9s et peut \u00eatre fix\u00e9 au bus de diff\u00e9rentes mani\u00e8res : tuyauterie amovible 7,5 + 4 mm, avec la barre de toit ou avec du velcro sur le rail de toit. Hauteur de raccordement 180-210 cm. Incl. pompe, tente int\u00e9rieure, tapis de sol auvent et piquets.<\/p>\n<p><a href=\"https:\/\/youtu.be\/RKLwXG1yEmM\">Manual Oak Creek 500 AIR<\/a><\/p>\n<p>Mat\u00e9riau tissu ext\u00e9rieur :<br \/>\nToit : 210D Oxford Rip Stop, PU &gt; 5 000 mm de colonne d&#8217;eau, UV<br \/>\nMurs : 190T polyester PU &gt; 3000mm colonne d&#8217;eau, UV<br \/>\nTapis de sol : 130 gr. Feuille PE<br \/>\nTente int\u00e9rieure : 290x210x200cm<br \/>\nMat\u00e9riau : polyester 190T, fond : polyester 190T pu<br \/>\nTubes \u00e0 air : \u00d810cm<br \/>\nTendon : 7,5 + 4 mm, longueur 265<br \/>\nPoteau d&#8217;auvent : aluminium de 16 mm<br \/>\nDimensions : 540x310x210cm<br \/>\nEmball\u00e9 : 80x40x40cm<br \/>\nPoids : 25,5 kg.<\/p>\n","protected":false},"excerpt":{"rendered":"<p>Tente tunnel gonflable spacieuse qui est install\u00e9e parall\u00e8lement au bus. La tente a un grand espace de vie avec un tapis de sol fixe et&hellip;<\/p>\n","protected":false},"featured_media":19978,"comment_status":"open","ping_status":"closed","template":"","meta":{"_acf_changed":false},"product_brand":[],"product_cat":[237,239],"product_tag":[],"class_list":{"0":"post-19992","1":"product","2":"type-product","3":"status-publish","4":"has-post-thumbnail","6":"product_cat-caravane-camping-car-bus","7":"product_cat-tentes-de-bus","9":"first","10":"instock","11":"shipping-taxable","12":"product-type-simple"},"acf":[],"yoast_head":"<!-- This site is optimized with the Yoast SEO plugin v27.4 - https:\/\/yoast.com\/product\/yoast-seo-wordpress\/ -->\n<title>Oak Creek 500 AIR tente autobus - Eurotrail | The way we camp!<\/title>\n<meta name=\"description\" content=\"Tente tunnel gonflable spacieuse qui est install\u00e9e parall\u00e8lement au bus. La tente a un grand espace de vie avec un tapis de sol fixe et est fournie avec une tente int\u00e9rieure spacieuse de 290x310cm\" \/>\n<meta name=\"robots\" content=\"index, follow, max-snippet:-1, max-image-preview:large, max-video-preview:-1\" \/>\n<link rel=\"canonical\" href=\"https:\/\/eurotrail.info\/fr\/producten\/caravane-camping-car-bus\/tentes-de-bus\/oak-creek-500-air-tente-autobus\/\" \/>\n<meta property=\"og:locale\" content=\"fr_FR\" \/>\n<meta property=\"og:type\" content=\"article\" \/>\n<meta property=\"og:title\" content=\"Oak Creek 500 AIR tente autobus - Eurotrail | The way we camp!\" \/>\n<meta property=\"og:description\" content=\"Tente tunnel gonflable spacieuse qui est install\u00e9e parall\u00e8lement au bus. La tente a un grand espace de vie avec un tapis de sol fixe et est fournie avec une tente int\u00e9rieure spacieuse de 290x310cm\" \/>\n<meta property=\"og:url\" content=\"https:\/\/eurotrail.info\/fr\/producten\/caravane-camping-car-bus\/tentes-de-bus\/oak-creek-500-air-tente-autobus\/\" \/>\n<meta property=\"og:site_name\" content=\"Eurotrail | The way we camp!\" \/>\n<meta property=\"article:modified_time\" content=\"2023-06-02T12:59:09+00:00\" \/>\n<meta property=\"og:image\" content=\"https:\/\/eurotrail.info\/wp\/wp-content\/uploads\/2022\/10\/IMG_1335-KLEIN.jpg\" \/>\n\t<meta property=\"og:image:width\" content=\"2394\" \/>\n\t<meta property=\"og:image:height\" content=\"1623\" \/>\n\t<meta property=\"og:image:type\" content=\"image\/jpeg\" \/>\n<meta name=\"twitter:card\" content=\"summary_large_image\" \/>\n<meta name=\"twitter:label1\" content=\"Dur\u00e9e de lecture estim\u00e9e\" \/>\n\t<meta name=\"twitter:data1\" content=\"2 minutes\" \/>\n<script type=\"application\/ld+json\" class=\"yoast-schema-graph\">{\"@context\":\"https:\\\/\\\/schema.org\",\"@graph\":[{\"@type\":\"WebPage\",\"@id\":\"https:\\\/\\\/eurotrail.info\\\/fr\\\/producten\\\/caravane-camping-car-bus\\\/tentes-de-bus\\\/oak-creek-500-air-tente-autobus\\\/\",\"url\":\"https:\\\/\\\/eurotrail.info\\\/fr\\\/producten\\\/caravane-camping-car-bus\\\/tentes-de-bus\\\/oak-creek-500-air-tente-autobus\\\/\",\"name\":\"Oak Creek 500 AIR tente autobus - Eurotrail | The way we camp!\",\"isPartOf\":{\"@id\":\"https:\\\/\\\/eurotrail.info\\\/#website\"},\"primaryImageOfPage\":{\"@id\":\"https:\\\/\\\/eurotrail.info\\\/fr\\\/producten\\\/caravane-camping-car-bus\\\/tentes-de-bus\\\/oak-creek-500-air-tente-autobus\\\/#primaryimage\"},\"image\":{\"@id\":\"https:\\\/\\\/eurotrail.info\\\/fr\\\/producten\\\/caravane-camping-car-bus\\\/tentes-de-bus\\\/oak-creek-500-air-tente-autobus\\\/#primaryimage\"},\"thumbnailUrl\":\"https:\\\/\\\/eurotrail.info\\\/wp\\\/wp-content\\\/uploads\\\/2022\\\/10\\\/IMG_1335-KLEIN.jpg\",\"datePublished\":\"2022-10-31T13:26:27+00:00\",\"dateModified\":\"2023-06-02T12:59:09+00:00\",\"description\":\"Tente tunnel gonflable spacieuse qui est install\u00e9e parall\u00e8lement au bus. La tente a un grand espace de vie avec un tapis de sol fixe et est fournie avec une tente int\u00e9rieure spacieuse de 290x310cm\",\"breadcrumb\":{\"@id\":\"https:\\\/\\\/eurotrail.info\\\/fr\\\/producten\\\/caravane-camping-car-bus\\\/tentes-de-bus\\\/oak-creek-500-air-tente-autobus\\\/#breadcrumb\"},\"inLanguage\":\"fr-FR\",\"potentialAction\":[{\"@type\":\"ReadAction\",\"target\":[\"https:\\\/\\\/eurotrail.info\\\/fr\\\/producten\\\/caravane-camping-car-bus\\\/tentes-de-bus\\\/oak-creek-500-air-tente-autobus\\\/\"]}]},{\"@type\":\"ImageObject\",\"inLanguage\":\"fr-FR\",\"@id\":\"https:\\\/\\\/eurotrail.info\\\/fr\\\/producten\\\/caravane-camping-car-bus\\\/tentes-de-bus\\\/oak-creek-500-air-tente-autobus\\\/#primaryimage\",\"url\":\"https:\\\/\\\/eurotrail.info\\\/wp\\\/wp-content\\\/uploads\\\/2022\\\/10\\\/IMG_1335-KLEIN.jpg\",\"contentUrl\":\"https:\\\/\\\/eurotrail.info\\\/wp\\\/wp-content\\\/uploads\\\/2022\\\/10\\\/IMG_1335-KLEIN.jpg\",\"width\":2394,\"height\":1623,\"caption\":\"Eurotrail Oak Creek 500 AIR\"},{\"@type\":\"BreadcrumbList\",\"@id\":\"https:\\\/\\\/eurotrail.info\\\/fr\\\/producten\\\/caravane-camping-car-bus\\\/tentes-de-bus\\\/oak-creek-500-air-tente-autobus\\\/#breadcrumb\",\"itemListElement\":[{\"@type\":\"ListItem\",\"position\":1,\"name\":\"Home\",\"item\":\"https:\\\/\\\/eurotrail.info\\\/fr\\\/\"},{\"@type\":\"ListItem\",\"position\":2,\"name\":\"Produits\",\"item\":\"https:\\\/\\\/eurotrail.info\\\/fr\\\/produits\\\/\"},{\"@type\":\"ListItem\",\"position\":3,\"name\":\"Oak Creek 500 AIR tente autobus\"}]},{\"@type\":\"WebSite\",\"@id\":\"https:\\\/\\\/eurotrail.info\\\/#website\",\"url\":\"https:\\\/\\\/eurotrail.info\\\/\",\"name\":\"Eurotrail | The way we camp!\",\"description\":\"\",\"publisher\":{\"@id\":\"https:\\\/\\\/eurotrail.info\\\/#organization\"},\"potentialAction\":[{\"@type\":\"SearchAction\",\"target\":{\"@type\":\"EntryPoint\",\"urlTemplate\":\"https:\\\/\\\/eurotrail.info\\\/?s={search_term_string}\"},\"query-input\":{\"@type\":\"PropertyValueSpecification\",\"valueRequired\":true,\"valueName\":\"search_term_string\"}}],\"inLanguage\":\"fr-FR\"},{\"@type\":\"Organization\",\"@id\":\"https:\\\/\\\/eurotrail.info\\\/#organization\",\"name\":\"Eurotrail | The way we camp!\",\"url\":\"https:\\\/\\\/eurotrail.info\\\/\",\"logo\":{\"@type\":\"ImageObject\",\"inLanguage\":\"fr-FR\",\"@id\":\"https:\\\/\\\/eurotrail.info\\\/#\\\/schema\\\/logo\\\/image\\\/\",\"url\":\"https:\\\/\\\/eurotrail.info\\\/wp\\\/wp-content\\\/uploads\\\/2023\\\/07\\\/ET-logo-quote_NL-scaled.jpg\",\"contentUrl\":\"https:\\\/\\\/eurotrail.info\\\/wp\\\/wp-content\\\/uploads\\\/2023\\\/07\\\/ET-logo-quote_NL-scaled.jpg\",\"width\":2560,\"height\":675,\"caption\":\"Eurotrail | The way we camp!\"},\"image\":{\"@id\":\"https:\\\/\\\/eurotrail.info\\\/#\\\/schema\\\/logo\\\/image\\\/\"}}]}<\/script>\n<!-- \/ Yoast SEO plugin. -->","yoast_head_json":{"title":"Oak Creek 500 AIR tente autobus - Eurotrail | The way we camp!","description":"Tente tunnel gonflable spacieuse qui est install\u00e9e parall\u00e8lement au bus. La tente a un grand espace de vie avec un tapis de sol fixe et est fournie avec une tente int\u00e9rieure spacieuse de 290x310cm","robots":{"index":"index","follow":"follow","max-snippet":"max-snippet:-1","max-image-preview":"max-image-preview:large","max-video-preview":"max-video-preview:-1"},"canonical":"https:\/\/eurotrail.info\/fr\/producten\/caravane-camping-car-bus\/tentes-de-bus\/oak-creek-500-air-tente-autobus\/","og_locale":"fr_FR","og_type":"article","og_title":"Oak Creek 500 AIR tente autobus - Eurotrail | The way we camp!","og_description":"Tente tunnel gonflable spacieuse qui est install\u00e9e parall\u00e8lement au bus. La tente a un grand espace de vie avec un tapis de sol fixe et est fournie avec une tente int\u00e9rieure spacieuse de 290x310cm","og_url":"https:\/\/eurotrail.info\/fr\/producten\/caravane-camping-car-bus\/tentes-de-bus\/oak-creek-500-air-tente-autobus\/","og_site_name":"Eurotrail | The way we camp!","article_modified_time":"2023-06-02T12:59:09+00:00","og_image":[{"width":2394,"height":1623,"url":"https:\/\/eurotrail.info\/wp\/wp-content\/uploads\/2022\/10\/IMG_1335-KLEIN.jpg","type":"image\/jpeg"}],"twitter_card":"summary_large_image","twitter_misc":{"Dur\u00e9e de lecture estim\u00e9e":"2 minutes"},"schema":{"@context":"https:\/\/schema.org","@graph":[{"@type":"WebPage","@id":"https:\/\/eurotrail.info\/fr\/producten\/caravane-camping-car-bus\/tentes-de-bus\/oak-creek-500-air-tente-autobus\/","url":"https:\/\/eurotrail.info\/fr\/producten\/caravane-camping-car-bus\/tentes-de-bus\/oak-creek-500-air-tente-autobus\/","name":"Oak Creek 500 AIR tente autobus - Eurotrail | The way we camp!","isPartOf":{"@id":"https:\/\/eurotrail.info\/#website"},"primaryImageOfPage":{"@id":"https:\/\/eurotrail.info\/fr\/producten\/caravane-camping-car-bus\/tentes-de-bus\/oak-creek-500-air-tente-autobus\/#primaryimage"},"image":{"@id":"https:\/\/eurotrail.info\/fr\/producten\/caravane-camping-car-bus\/tentes-de-bus\/oak-creek-500-air-tente-autobus\/#primaryimage"},"thumbnailUrl":"https:\/\/eurotrail.info\/wp\/wp-content\/uploads\/2022\/10\/IMG_1335-KLEIN.jpg","datePublished":"2022-10-31T13:26:27+00:00","dateModified":"2023-06-02T12:59:09+00:00","description":"Tente tunnel gonflable spacieuse qui est install\u00e9e parall\u00e8lement au bus. La tente a un grand espace de vie avec un tapis de sol fixe et est fournie avec une tente int\u00e9rieure spacieuse de 290x310cm","breadcrumb":{"@id":"https:\/\/eurotrail.info\/fr\/producten\/caravane-camping-car-bus\/tentes-de-bus\/oak-creek-500-air-tente-autobus\/#breadcrumb"},"inLanguage":"fr-FR","potentialAction":[{"@type":"ReadAction","target":["https:\/\/eurotrail.info\/fr\/producten\/caravane-camping-car-bus\/tentes-de-bus\/oak-creek-500-air-tente-autobus\/"]}]},{"@type":"ImageObject","inLanguage":"fr-FR","@id":"https:\/\/eurotrail.info\/fr\/producten\/caravane-camping-car-bus\/tentes-de-bus\/oak-creek-500-air-tente-autobus\/#primaryimage","url":"https:\/\/eurotrail.info\/wp\/wp-content\/uploads\/2022\/10\/IMG_1335-KLEIN.jpg","contentUrl":"https:\/\/eurotrail.info\/wp\/wp-content\/uploads\/2022\/10\/IMG_1335-KLEIN.jpg","width":2394,"height":1623,"caption":"Eurotrail Oak Creek 500 AIR"},{"@type":"BreadcrumbList","@id":"https:\/\/eurotrail.info\/fr\/producten\/caravane-camping-car-bus\/tentes-de-bus\/oak-creek-500-air-tente-autobus\/#breadcrumb","itemListElement":[{"@type":"ListItem","position":1,"name":"Home","item":"https:\/\/eurotrail.info\/fr\/"},{"@type":"ListItem","position":2,"name":"Produits","item":"https:\/\/eurotrail.info\/fr\/produits\/"},{"@type":"ListItem","position":3,"name":"Oak Creek 500 AIR tente autobus"}]},{"@type":"WebSite","@id":"https:\/\/eurotrail.info\/#website","url":"https:\/\/eurotrail.info\/","name":"Eurotrail | The way we camp!","description":"","publisher":{"@id":"https:\/\/eurotrail.info\/#organization"},"potentialAction":[{"@type":"SearchAction","target":{"@type":"EntryPoint","urlTemplate":"https:\/\/eurotrail.info\/?s={search_term_string}"},"query-input":{"@type":"PropertyValueSpecification","valueRequired":true,"valueName":"search_term_string"}}],"inLanguage":"fr-FR"},{"@type":"Organization","@id":"https:\/\/eurotrail.info\/#organization","name":"Eurotrail | The way we camp!","url":"https:\/\/eurotrail.info\/","logo":{"@type":"ImageObject","inLanguage":"fr-FR","@id":"https:\/\/eurotrail.info\/#\/schema\/logo\/image\/","url":"https:\/\/eurotrail.info\/wp\/wp-content\/uploads\/2023\/07\/ET-logo-quote_NL-scaled.jpg","contentUrl":"https:\/\/eurotrail.info\/wp\/wp-content\/uploads\/2023\/07\/ET-logo-quote_NL-scaled.jpg","width":2560,"height":675,"caption":"Eurotrail | The way we camp!"},"image":{"@id":"https:\/\/eurotrail.info\/#\/schema\/logo\/image\/"}}]}},"_links":{"self":[{"href":"https:\/\/eurotrail.info\/fr\/wp-json\/wp\/v2\/product\/19992","targetHints":{"allow":["GET"]}}],"collection":[{"href":"https:\/\/eurotrail.info\/fr\/wp-json\/wp\/v2\/product"}],"about":[{"href":"https:\/\/eurotrail.info\/fr\/wp-json\/wp\/v2\/types\/product"}],"replies":[{"embeddable":true,"href":"https:\/\/eurotrail.info\/fr\/wp-json\/wp\/v2\/comments?post=19992"}],"wp:featuredmedia":[{"embeddable":true,"href":"https:\/\/eurotrail.info\/fr\/wp-json\/wp\/v2\/media\/19978"}],"wp:attachment":[{"href":"https:\/\/eurotrail.info\/fr\/wp-json\/wp\/v2\/media?parent=19992"}],"wp:term":[{"taxonomy":"product_brand","embeddable":true,"href":"https:\/\/eurotrail.info\/fr\/wp-json\/wp\/v2\/product_brand?post=19992"},{"taxonomy":"product_cat","embeddable":true,"href":"https:\/\/eurotrail.info\/fr\/wp-json\/wp\/v2\/product_cat?post=19992"},{"taxonomy":"product_tag","embeddable":true,"href":"https:\/\/eurotrail.info\/fr\/wp-json\/wp\/v2\/product_tag?post=19992"}],"curies":[{"name":"wp","href":"https:\/\/api.w.org\/{rel}","templated":true}]}}