{"id":20047,"date":"2022-10-31T14:37:08","date_gmt":"2022-10-31T13:37:08","guid":{"rendered":"https:\/\/eurotrail.info\/?post_type=product&#038;p=20047"},"modified":"2026-02-11T17:19:16","modified_gmt":"2026-02-11T16:19:16","slug":"sprak-lampe-de-table-rechargeable","status":"publish","type":"product","link":"https:\/\/eurotrail.info\/fr\/producten\/lampes-de-camping\/sprak-lampe-de-table-rechargeable\/","title":{"rendered":"Spark Lampe de table rechargeable"},"content":{"rendered":"<p><strong>Lampe de table Spark \u2013 Petite par la taille, grande par l&#8217;ambiance<\/strong> \u2728<\/p>\n<p>Apportez instantan\u00e9ment chaleur et style \u00e0 votre int\u00e9rieur avec la lampe de table Spark. Son design \u00e9l\u00e9gant repose solidement sur son pied en fer et elle trouve facilement sa place sur une table, une table de chevet ou un bureau.<\/p>\n<p>Spark s&#8217;adapte \u00e0 tous vos besoins\u00a0: choisissez une lumi\u00e8re blanche \u00e9clatante pour lire, une lumi\u00e8re chaude pour une soir\u00e9e d\u00e9tente ou l&#8217;une des diff\u00e9rentes couleurs d&#8217;ambiance pour cr\u00e9er l&#8217;atmosph\u00e8re id\u00e9ale. D&#8217;une ambiance calme et romantique \u00e0 une atmosph\u00e8re ludique et moderne, Spark r\u00e9pond \u00e0 toutes vos envies.<\/p>\n<p>Gr\u00e2ce \u00e0 sa batterie au lithium rechargeable int\u00e9gr\u00e9e, vous pouvez facilement emporter la lampe partout dans la maison. Le chargement est rapide et facile avec le c\u00e2ble USB inclus, pour ne jamais \u00eatre \u00e0 court de lumi\u00e8re.<\/p>\n<p>Avec sa silhouette classique et ses options d&#8217;\u00e9clairage modernes, Spark est une lampe polyvalente par excellence\u00a0: parfaite pour toutes les occasions et tous les int\u00e9rieurs.<\/p>\n<p>Mat\u00e9riau : plastique PP, base en m\u00e9tal<br \/>\nDimension : \u00d815x26cm<br \/>\nLED : 4 x LED RVB + 9 x LED blanc chaud<br \/>\n\u00c9tanche\u00a0: IP44 \u00e9tanche aux \u00e9claboussures<br \/>\nLumens\u00a0: 140\u00a0lumens<br \/>\nBatterie : Li-ion 3,7 V 1800 mAh<br \/>\nTemps de charge : \u00b1 4-5 heures<br \/>\nTemps de travail : \u00b1 5-6 heures<br \/>\nPoids : 0,66 kg.<\/p>\n","protected":false},"excerpt":{"rendered":"<p>Lampe de table Spark \u2013 Petite par la taille, grande par l&#8217;ambiance \u2728 Apportez instantan\u00e9ment chaleur et style \u00e0 votre int\u00e9rieur avec la lampe de&hellip;<\/p>\n","protected":false},"featured_media":20013,"comment_status":"open","ping_status":"closed","template":"","meta":{"_acf_changed":false},"product_brand":[],"product_cat":[283],"product_tag":[],"class_list":{"0":"post-20047","1":"product","2":"type-product","3":"status-publish","4":"has-post-thumbnail","6":"product_cat-lampes-de-camping","8":"first","9":"instock","10":"shipping-taxable","11":"product-type-simple"},"acf":[],"yoast_head":"<!-- This site is optimized with the Yoast SEO plugin v27.3 - https:\/\/yoast.com\/product\/yoast-seo-wordpress\/ -->\n<title>Spark Lampe de table rechargeable - Eurotrail | The way we camp!<\/title>\n<meta name=\"description\" content=\"Lampe de table avec base en fer stable. La lampe donne une lumi\u00e8re blanche ou chaude et est \u00e9galement r\u00e9glable dans diff\u00e9rentes couleurs d&#039;ambiance.\" \/>\n<meta name=\"robots\" content=\"index, follow, max-snippet:-1, max-image-preview:large, max-video-preview:-1\" \/>\n<link rel=\"canonical\" href=\"https:\/\/eurotrail.info\/fr\/producten\/lampes-de-camping\/sprak-lampe-de-table-rechargeable\/\" \/>\n<meta property=\"og:locale\" content=\"fr_FR\" \/>\n<meta property=\"og:type\" content=\"article\" \/>\n<meta property=\"og:title\" content=\"Spark Lampe de table rechargeable - Eurotrail | The way we camp!\" \/>\n<meta property=\"og:description\" content=\"Lampe de table avec base en fer stable. La lampe donne une lumi\u00e8re blanche ou chaude et est \u00e9galement r\u00e9glable dans diff\u00e9rentes couleurs d&#039;ambiance.\" \/>\n<meta property=\"og:url\" content=\"https:\/\/eurotrail.info\/fr\/producten\/lampes-de-camping\/sprak-lampe-de-table-rechargeable\/\" \/>\n<meta property=\"og:site_name\" content=\"Eurotrail | The way we camp!\" \/>\n<meta property=\"article:modified_time\" content=\"2026-02-11T16:19:16+00:00\" \/>\n<meta property=\"og:image\" content=\"https:\/\/eurotrail.info\/wp\/wp-content\/uploads\/2022\/10\/tafellampje-1a.jpg\" \/>\n\t<meta property=\"og:image:width\" content=\"1416\" \/>\n\t<meta property=\"og:image:height\" content=\"2553\" \/>\n\t<meta property=\"og:image:type\" content=\"image\/jpeg\" \/>\n<meta name=\"twitter:card\" content=\"summary_large_image\" \/>\n<meta name=\"twitter:label1\" content=\"Dur\u00e9e de lecture estim\u00e9e\" \/>\n\t<meta name=\"twitter:data1\" content=\"2 minutes\" \/>\n<script type=\"application\/ld+json\" class=\"yoast-schema-graph\">{\"@context\":\"https:\\\/\\\/schema.org\",\"@graph\":[{\"@type\":\"WebPage\",\"@id\":\"https:\\\/\\\/eurotrail.info\\\/fr\\\/producten\\\/lampes-de-camping\\\/sprak-lampe-de-table-rechargeable\\\/\",\"url\":\"https:\\\/\\\/eurotrail.info\\\/fr\\\/producten\\\/lampes-de-camping\\\/sprak-lampe-de-table-rechargeable\\\/\",\"name\":\"Spark Lampe de table rechargeable - Eurotrail | The way we camp!\",\"isPartOf\":{\"@id\":\"https:\\\/\\\/eurotrail.info\\\/#website\"},\"primaryImageOfPage\":{\"@id\":\"https:\\\/\\\/eurotrail.info\\\/fr\\\/producten\\\/lampes-de-camping\\\/sprak-lampe-de-table-rechargeable\\\/#primaryimage\"},\"image\":{\"@id\":\"https:\\\/\\\/eurotrail.info\\\/fr\\\/producten\\\/lampes-de-camping\\\/sprak-lampe-de-table-rechargeable\\\/#primaryimage\"},\"thumbnailUrl\":\"https:\\\/\\\/eurotrail.info\\\/wp\\\/wp-content\\\/uploads\\\/2022\\\/10\\\/tafellampje-1a.jpg\",\"datePublished\":\"2022-10-31T13:37:08+00:00\",\"dateModified\":\"2026-02-11T16:19:16+00:00\",\"description\":\"Lampe de table avec base en fer stable. La lampe donne une lumi\u00e8re blanche ou chaude et est \u00e9galement r\u00e9glable dans diff\u00e9rentes couleurs d'ambiance.\",\"breadcrumb\":{\"@id\":\"https:\\\/\\\/eurotrail.info\\\/fr\\\/producten\\\/lampes-de-camping\\\/sprak-lampe-de-table-rechargeable\\\/#breadcrumb\"},\"inLanguage\":\"fr-FR\",\"potentialAction\":[{\"@type\":\"ReadAction\",\"target\":[\"https:\\\/\\\/eurotrail.info\\\/fr\\\/producten\\\/lampes-de-camping\\\/sprak-lampe-de-table-rechargeable\\\/\"]}]},{\"@type\":\"ImageObject\",\"inLanguage\":\"fr-FR\",\"@id\":\"https:\\\/\\\/eurotrail.info\\\/fr\\\/producten\\\/lampes-de-camping\\\/sprak-lampe-de-table-rechargeable\\\/#primaryimage\",\"url\":\"https:\\\/\\\/eurotrail.info\\\/wp\\\/wp-content\\\/uploads\\\/2022\\\/10\\\/tafellampje-1a.jpg\",\"contentUrl\":\"https:\\\/\\\/eurotrail.info\\\/wp\\\/wp-content\\\/uploads\\\/2022\\\/10\\\/tafellampje-1a.jpg\",\"width\":1416,\"height\":2553,\"caption\":\"Eurotrail tafellamp Spark\"},{\"@type\":\"BreadcrumbList\",\"@id\":\"https:\\\/\\\/eurotrail.info\\\/fr\\\/producten\\\/lampes-de-camping\\\/sprak-lampe-de-table-rechargeable\\\/#breadcrumb\",\"itemListElement\":[{\"@type\":\"ListItem\",\"position\":1,\"name\":\"Home\",\"item\":\"https:\\\/\\\/eurotrail.info\\\/fr\\\/\"},{\"@type\":\"ListItem\",\"position\":2,\"name\":\"Produits\",\"item\":\"https:\\\/\\\/eurotrail.info\\\/fr\\\/produits\\\/\"},{\"@type\":\"ListItem\",\"position\":3,\"name\":\"Spark Lampe de table rechargeable\"}]},{\"@type\":\"WebSite\",\"@id\":\"https:\\\/\\\/eurotrail.info\\\/#website\",\"url\":\"https:\\\/\\\/eurotrail.info\\\/\",\"name\":\"Eurotrail | The way we camp!\",\"description\":\"\",\"publisher\":{\"@id\":\"https:\\\/\\\/eurotrail.info\\\/#organization\"},\"potentialAction\":[{\"@type\":\"SearchAction\",\"target\":{\"@type\":\"EntryPoint\",\"urlTemplate\":\"https:\\\/\\\/eurotrail.info\\\/?s={search_term_string}\"},\"query-input\":{\"@type\":\"PropertyValueSpecification\",\"valueRequired\":true,\"valueName\":\"search_term_string\"}}],\"inLanguage\":\"fr-FR\"},{\"@type\":\"Organization\",\"@id\":\"https:\\\/\\\/eurotrail.info\\\/#organization\",\"name\":\"Eurotrail | The way we camp!\",\"url\":\"https:\\\/\\\/eurotrail.info\\\/\",\"logo\":{\"@type\":\"ImageObject\",\"inLanguage\":\"fr-FR\",\"@id\":\"https:\\\/\\\/eurotrail.info\\\/#\\\/schema\\\/logo\\\/image\\\/\",\"url\":\"https:\\\/\\\/eurotrail.info\\\/wp\\\/wp-content\\\/uploads\\\/2023\\\/07\\\/ET-logo-quote_NL-scaled.jpg\",\"contentUrl\":\"https:\\\/\\\/eurotrail.info\\\/wp\\\/wp-content\\\/uploads\\\/2023\\\/07\\\/ET-logo-quote_NL-scaled.jpg\",\"width\":2560,\"height\":675,\"caption\":\"Eurotrail | The way we camp!\"},\"image\":{\"@id\":\"https:\\\/\\\/eurotrail.info\\\/#\\\/schema\\\/logo\\\/image\\\/\"}}]}<\/script>\n<!-- \/ Yoast SEO plugin. -->","yoast_head_json":{"title":"Spark Lampe de table rechargeable - Eurotrail | The way we camp!","description":"Lampe de table avec base en fer stable. La lampe donne une lumi\u00e8re blanche ou chaude et est \u00e9galement r\u00e9glable dans diff\u00e9rentes couleurs d'ambiance.","robots":{"index":"index","follow":"follow","max-snippet":"max-snippet:-1","max-image-preview":"max-image-preview:large","max-video-preview":"max-video-preview:-1"},"canonical":"https:\/\/eurotrail.info\/fr\/producten\/lampes-de-camping\/sprak-lampe-de-table-rechargeable\/","og_locale":"fr_FR","og_type":"article","og_title":"Spark Lampe de table rechargeable - Eurotrail | The way we camp!","og_description":"Lampe de table avec base en fer stable. La lampe donne une lumi\u00e8re blanche ou chaude et est \u00e9galement r\u00e9glable dans diff\u00e9rentes couleurs d'ambiance.","og_url":"https:\/\/eurotrail.info\/fr\/producten\/lampes-de-camping\/sprak-lampe-de-table-rechargeable\/","og_site_name":"Eurotrail | The way we camp!","article_modified_time":"2026-02-11T16:19:16+00:00","og_image":[{"width":1416,"height":2553,"url":"https:\/\/eurotrail.info\/wp\/wp-content\/uploads\/2022\/10\/tafellampje-1a.jpg","type":"image\/jpeg"}],"twitter_card":"summary_large_image","twitter_misc":{"Dur\u00e9e de lecture estim\u00e9e":"2 minutes"},"schema":{"@context":"https:\/\/schema.org","@graph":[{"@type":"WebPage","@id":"https:\/\/eurotrail.info\/fr\/producten\/lampes-de-camping\/sprak-lampe-de-table-rechargeable\/","url":"https:\/\/eurotrail.info\/fr\/producten\/lampes-de-camping\/sprak-lampe-de-table-rechargeable\/","name":"Spark Lampe de table rechargeable - Eurotrail | The way we camp!","isPartOf":{"@id":"https:\/\/eurotrail.info\/#website"},"primaryImageOfPage":{"@id":"https:\/\/eurotrail.info\/fr\/producten\/lampes-de-camping\/sprak-lampe-de-table-rechargeable\/#primaryimage"},"image":{"@id":"https:\/\/eurotrail.info\/fr\/producten\/lampes-de-camping\/sprak-lampe-de-table-rechargeable\/#primaryimage"},"thumbnailUrl":"https:\/\/eurotrail.info\/wp\/wp-content\/uploads\/2022\/10\/tafellampje-1a.jpg","datePublished":"2022-10-31T13:37:08+00:00","dateModified":"2026-02-11T16:19:16+00:00","description":"Lampe de table avec base en fer stable. La lampe donne une lumi\u00e8re blanche ou chaude et est \u00e9galement r\u00e9glable dans diff\u00e9rentes couleurs d'ambiance.","breadcrumb":{"@id":"https:\/\/eurotrail.info\/fr\/producten\/lampes-de-camping\/sprak-lampe-de-table-rechargeable\/#breadcrumb"},"inLanguage":"fr-FR","potentialAction":[{"@type":"ReadAction","target":["https:\/\/eurotrail.info\/fr\/producten\/lampes-de-camping\/sprak-lampe-de-table-rechargeable\/"]}]},{"@type":"ImageObject","inLanguage":"fr-FR","@id":"https:\/\/eurotrail.info\/fr\/producten\/lampes-de-camping\/sprak-lampe-de-table-rechargeable\/#primaryimage","url":"https:\/\/eurotrail.info\/wp\/wp-content\/uploads\/2022\/10\/tafellampje-1a.jpg","contentUrl":"https:\/\/eurotrail.info\/wp\/wp-content\/uploads\/2022\/10\/tafellampje-1a.jpg","width":1416,"height":2553,"caption":"Eurotrail tafellamp Spark"},{"@type":"BreadcrumbList","@id":"https:\/\/eurotrail.info\/fr\/producten\/lampes-de-camping\/sprak-lampe-de-table-rechargeable\/#breadcrumb","itemListElement":[{"@type":"ListItem","position":1,"name":"Home","item":"https:\/\/eurotrail.info\/fr\/"},{"@type":"ListItem","position":2,"name":"Produits","item":"https:\/\/eurotrail.info\/fr\/produits\/"},{"@type":"ListItem","position":3,"name":"Spark Lampe de table rechargeable"}]},{"@type":"WebSite","@id":"https:\/\/eurotrail.info\/#website","url":"https:\/\/eurotrail.info\/","name":"Eurotrail | The way we camp!","description":"","publisher":{"@id":"https:\/\/eurotrail.info\/#organization"},"potentialAction":[{"@type":"SearchAction","target":{"@type":"EntryPoint","urlTemplate":"https:\/\/eurotrail.info\/?s={search_term_string}"},"query-input":{"@type":"PropertyValueSpecification","valueRequired":true,"valueName":"search_term_string"}}],"inLanguage":"fr-FR"},{"@type":"Organization","@id":"https:\/\/eurotrail.info\/#organization","name":"Eurotrail | The way we camp!","url":"https:\/\/eurotrail.info\/","logo":{"@type":"ImageObject","inLanguage":"fr-FR","@id":"https:\/\/eurotrail.info\/#\/schema\/logo\/image\/","url":"https:\/\/eurotrail.info\/wp\/wp-content\/uploads\/2023\/07\/ET-logo-quote_NL-scaled.jpg","contentUrl":"https:\/\/eurotrail.info\/wp\/wp-content\/uploads\/2023\/07\/ET-logo-quote_NL-scaled.jpg","width":2560,"height":675,"caption":"Eurotrail | The way we camp!"},"image":{"@id":"https:\/\/eurotrail.info\/#\/schema\/logo\/image\/"}}]}},"_links":{"self":[{"href":"https:\/\/eurotrail.info\/fr\/wp-json\/wp\/v2\/product\/20047","targetHints":{"allow":["GET"]}}],"collection":[{"href":"https:\/\/eurotrail.info\/fr\/wp-json\/wp\/v2\/product"}],"about":[{"href":"https:\/\/eurotrail.info\/fr\/wp-json\/wp\/v2\/types\/product"}],"replies":[{"embeddable":true,"href":"https:\/\/eurotrail.info\/fr\/wp-json\/wp\/v2\/comments?post=20047"}],"wp:featuredmedia":[{"embeddable":true,"href":"https:\/\/eurotrail.info\/fr\/wp-json\/wp\/v2\/media\/20013"}],"wp:attachment":[{"href":"https:\/\/eurotrail.info\/fr\/wp-json\/wp\/v2\/media?parent=20047"}],"wp:term":[{"taxonomy":"product_brand","embeddable":true,"href":"https:\/\/eurotrail.info\/fr\/wp-json\/wp\/v2\/product_brand?post=20047"},{"taxonomy":"product_cat","embeddable":true,"href":"https:\/\/eurotrail.info\/fr\/wp-json\/wp\/v2\/product_cat?post=20047"},{"taxonomy":"product_tag","embeddable":true,"href":"https:\/\/eurotrail.info\/fr\/wp-json\/wp\/v2\/product_tag?post=20047"}],"curies":[{"name":"wp","href":"https:\/\/api.w.org\/{rel}","templated":true}]}}