{"id":20077,"date":"2022-10-31T14:50:39","date_gmt":"2022-10-31T13:52:37","guid":{"rendered":"https:\/\/eurotrail.info\/?post_type=product&#038;p=20077"},"modified":"2023-04-06T14:08:45","modified_gmt":"2023-04-06T13:08:45","slug":"annecy-m-casseroles-premium","status":"publish","type":"product","link":"https:\/\/eurotrail.info\/fr\/producten\/articles-menagers\/casseroles-inox\/annecy-m-casseroles-premium\/","title":{"rendered":"Annecy M casseroles Premium"},"content":{"rendered":"<p>Ensemble de casseroles en acier inoxydable avec couvercle en verre bord\u00e9 de silicone. Les casseroles sont embo\u00eetables et \u00e9quip\u00e9es d&#8217;une poign\u00e9e amovible pour pouvoir \u00eatre rang\u00e9es presque n&#8217;importe o\u00f9. La poign\u00e9e sp\u00e9ciale peut \u00eatre facilement retir\u00e9e au moyen d&#8217;un syst\u00e8me de clic unique et assure une prise stable sur les casseroles. Comme la poign\u00e9e est amovible, les casseroles conviennent \u00e9galement pour une utilisation au four! \u00c0 l&#8217;int\u00e9rieur des casseroles se trouve une graduation pratique pour que vous puissiez voir exactement le contenu de la casserole. Le couvercle est en verre tremp\u00e9 avec rebord et bouton en silicone. Les casseroles s&#8217;embo\u00eetent les unes dans les autres et prennent donc peu de place. Le fond de la capsule les rend adapt\u00e9s \u00e0 toutes les sources de chaleur telles que le gaz, l&#8217;\u00e9lectricit\u00e9, la c\u00e9ramique ou l&#8217;induction.<\/p>\n<p>\u00d8 16x8cm, 1.25 ltr., 630 gr.<br \/>\n\u00d8 18x9cm, 1.5 ltr., 800 gr<\/p>\n","protected":false},"excerpt":{"rendered":"<p>Ensemble de casseroles en acier inoxydable avec couvercle en verre bord\u00e9 de silicone. Les casseroles sont embo\u00eetables et \u00e9quip\u00e9es d&#8217;une poign\u00e9e amovible pour pouvoir \u00eatre&hellip;<\/p>\n","protected":false},"featured_media":20053,"comment_status":"open","ping_status":"closed","template":"","meta":{"_acf_changed":false},"product_brand":[],"product_cat":[248],"product_tag":[],"class_list":{"0":"post-20077","1":"product","2":"type-product","3":"status-publish","4":"has-post-thumbnail","6":"product_cat-casseroles-inox","8":"first","9":"instock","10":"shipping-taxable","11":"product-type-simple"},"acf":[],"yoast_head":"<!-- This site is optimized with the Yoast SEO plugin v27.3 - https:\/\/yoast.com\/product\/yoast-seo-wordpress\/ -->\n<title>Annecy M casseroles Premium - Eurotrail | The way we camp!<\/title>\n<meta name=\"description\" content=\"Ensemble de casseroles en acier inoxydable avec couvercle en verre bord\u00e9 de silicone. Les casseroles sont embo\u00eetables et \u00e9quip\u00e9es d&#039;une poign\u00e9e amovible pour pouvoir \u00eatre rang\u00e9es presque n&#039;importe o\u00f9.\" \/>\n<meta name=\"robots\" content=\"index, follow, max-snippet:-1, max-image-preview:large, max-video-preview:-1\" \/>\n<link rel=\"canonical\" href=\"https:\/\/eurotrail.info\/fr\/producten\/articles-menagers\/casseroles-inox\/annecy-m-casseroles-premium\/\" \/>\n<meta property=\"og:locale\" content=\"fr_FR\" \/>\n<meta property=\"og:type\" content=\"article\" \/>\n<meta property=\"og:title\" content=\"Annecy M casseroles Premium - Eurotrail | The way we camp!\" \/>\n<meta property=\"og:description\" content=\"Ensemble de casseroles en acier inoxydable avec couvercle en verre bord\u00e9 de silicone. Les casseroles sont embo\u00eetables et \u00e9quip\u00e9es d&#039;une poign\u00e9e amovible pour pouvoir \u00eatre rang\u00e9es presque n&#039;importe o\u00f9.\" \/>\n<meta property=\"og:url\" content=\"https:\/\/eurotrail.info\/fr\/producten\/articles-menagers\/casseroles-inox\/annecy-m-casseroles-premium\/\" \/>\n<meta property=\"og:site_name\" content=\"Eurotrail | The way we camp!\" \/>\n<meta property=\"article:modified_time\" content=\"2023-04-06T13:08:45+00:00\" \/>\n<meta property=\"og:image\" content=\"https:\/\/eurotrail.info\/wp\/wp-content\/uploads\/2022\/10\/Annecy-M-L-Premium--scaled.jpg\" \/>\n\t<meta property=\"og:image:width\" content=\"2560\" \/>\n\t<meta property=\"og:image:height\" content=\"1807\" \/>\n\t<meta property=\"og:image:type\" content=\"image\/jpeg\" \/>\n<meta name=\"twitter:card\" content=\"summary_large_image\" \/>\n<meta name=\"twitter:label1\" content=\"Dur\u00e9e de lecture estim\u00e9e\" \/>\n\t<meta name=\"twitter:data1\" content=\"1 minute\" \/>\n<script type=\"application\/ld+json\" class=\"yoast-schema-graph\">{\"@context\":\"https:\\\/\\\/schema.org\",\"@graph\":[{\"@type\":\"WebPage\",\"@id\":\"https:\\\/\\\/eurotrail.info\\\/fr\\\/producten\\\/articles-menagers\\\/casseroles-inox\\\/annecy-m-casseroles-premium\\\/\",\"url\":\"https:\\\/\\\/eurotrail.info\\\/fr\\\/producten\\\/articles-menagers\\\/casseroles-inox\\\/annecy-m-casseroles-premium\\\/\",\"name\":\"Annecy M casseroles Premium - Eurotrail | The way we camp!\",\"isPartOf\":{\"@id\":\"https:\\\/\\\/eurotrail.info\\\/#website\"},\"primaryImageOfPage\":{\"@id\":\"https:\\\/\\\/eurotrail.info\\\/fr\\\/producten\\\/articles-menagers\\\/casseroles-inox\\\/annecy-m-casseroles-premium\\\/#primaryimage\"},\"image\":{\"@id\":\"https:\\\/\\\/eurotrail.info\\\/fr\\\/producten\\\/articles-menagers\\\/casseroles-inox\\\/annecy-m-casseroles-premium\\\/#primaryimage\"},\"thumbnailUrl\":\"https:\\\/\\\/eurotrail.info\\\/wp\\\/wp-content\\\/uploads\\\/2022\\\/10\\\/Annecy-M-L-Premium--scaled.jpg\",\"datePublished\":\"2022-10-31T13:52:37+00:00\",\"dateModified\":\"2023-04-06T13:08:45+00:00\",\"description\":\"Ensemble de casseroles en acier inoxydable avec couvercle en verre bord\u00e9 de silicone. Les casseroles sont embo\u00eetables et \u00e9quip\u00e9es d'une poign\u00e9e amovible pour pouvoir \u00eatre rang\u00e9es presque n'importe o\u00f9.\",\"breadcrumb\":{\"@id\":\"https:\\\/\\\/eurotrail.info\\\/fr\\\/producten\\\/articles-menagers\\\/casseroles-inox\\\/annecy-m-casseroles-premium\\\/#breadcrumb\"},\"inLanguage\":\"fr-FR\",\"potentialAction\":[{\"@type\":\"ReadAction\",\"target\":[\"https:\\\/\\\/eurotrail.info\\\/fr\\\/producten\\\/articles-menagers\\\/casseroles-inox\\\/annecy-m-casseroles-premium\\\/\"]}]},{\"@type\":\"ImageObject\",\"inLanguage\":\"fr-FR\",\"@id\":\"https:\\\/\\\/eurotrail.info\\\/fr\\\/producten\\\/articles-menagers\\\/casseroles-inox\\\/annecy-m-casseroles-premium\\\/#primaryimage\",\"url\":\"https:\\\/\\\/eurotrail.info\\\/wp\\\/wp-content\\\/uploads\\\/2022\\\/10\\\/Annecy-M-L-Premium--scaled.jpg\",\"contentUrl\":\"https:\\\/\\\/eurotrail.info\\\/wp\\\/wp-content\\\/uploads\\\/2022\\\/10\\\/Annecy-M-L-Premium--scaled.jpg\",\"width\":2560,\"height\":1807,\"caption\":\"Eurotrail Pannenset Annecy M\"},{\"@type\":\"BreadcrumbList\",\"@id\":\"https:\\\/\\\/eurotrail.info\\\/fr\\\/producten\\\/articles-menagers\\\/casseroles-inox\\\/annecy-m-casseroles-premium\\\/#breadcrumb\",\"itemListElement\":[{\"@type\":\"ListItem\",\"position\":1,\"name\":\"Home\",\"item\":\"https:\\\/\\\/eurotrail.info\\\/fr\\\/\"},{\"@type\":\"ListItem\",\"position\":2,\"name\":\"Produits\",\"item\":\"https:\\\/\\\/eurotrail.info\\\/fr\\\/produits\\\/\"},{\"@type\":\"ListItem\",\"position\":3,\"name\":\"Annecy M casseroles Premium\"}]},{\"@type\":\"WebSite\",\"@id\":\"https:\\\/\\\/eurotrail.info\\\/#website\",\"url\":\"https:\\\/\\\/eurotrail.info\\\/\",\"name\":\"Eurotrail | The way we camp!\",\"description\":\"\",\"publisher\":{\"@id\":\"https:\\\/\\\/eurotrail.info\\\/#organization\"},\"potentialAction\":[{\"@type\":\"SearchAction\",\"target\":{\"@type\":\"EntryPoint\",\"urlTemplate\":\"https:\\\/\\\/eurotrail.info\\\/?s={search_term_string}\"},\"query-input\":{\"@type\":\"PropertyValueSpecification\",\"valueRequired\":true,\"valueName\":\"search_term_string\"}}],\"inLanguage\":\"fr-FR\"},{\"@type\":\"Organization\",\"@id\":\"https:\\\/\\\/eurotrail.info\\\/#organization\",\"name\":\"Eurotrail | The way we camp!\",\"url\":\"https:\\\/\\\/eurotrail.info\\\/\",\"logo\":{\"@type\":\"ImageObject\",\"inLanguage\":\"fr-FR\",\"@id\":\"https:\\\/\\\/eurotrail.info\\\/#\\\/schema\\\/logo\\\/image\\\/\",\"url\":\"https:\\\/\\\/eurotrail.info\\\/wp\\\/wp-content\\\/uploads\\\/2023\\\/07\\\/ET-logo-quote_NL-scaled.jpg\",\"contentUrl\":\"https:\\\/\\\/eurotrail.info\\\/wp\\\/wp-content\\\/uploads\\\/2023\\\/07\\\/ET-logo-quote_NL-scaled.jpg\",\"width\":2560,\"height\":675,\"caption\":\"Eurotrail | The way we camp!\"},\"image\":{\"@id\":\"https:\\\/\\\/eurotrail.info\\\/#\\\/schema\\\/logo\\\/image\\\/\"}}]}<\/script>\n<!-- \/ Yoast SEO plugin. -->","yoast_head_json":{"title":"Annecy M casseroles Premium - Eurotrail | The way we camp!","description":"Ensemble de casseroles en acier inoxydable avec couvercle en verre bord\u00e9 de silicone. Les casseroles sont embo\u00eetables et \u00e9quip\u00e9es d'une poign\u00e9e amovible pour pouvoir \u00eatre rang\u00e9es presque n'importe o\u00f9.","robots":{"index":"index","follow":"follow","max-snippet":"max-snippet:-1","max-image-preview":"max-image-preview:large","max-video-preview":"max-video-preview:-1"},"canonical":"https:\/\/eurotrail.info\/fr\/producten\/articles-menagers\/casseroles-inox\/annecy-m-casseroles-premium\/","og_locale":"fr_FR","og_type":"article","og_title":"Annecy M casseroles Premium - Eurotrail | The way we camp!","og_description":"Ensemble de casseroles en acier inoxydable avec couvercle en verre bord\u00e9 de silicone. Les casseroles sont embo\u00eetables et \u00e9quip\u00e9es d'une poign\u00e9e amovible pour pouvoir \u00eatre rang\u00e9es presque n'importe o\u00f9.","og_url":"https:\/\/eurotrail.info\/fr\/producten\/articles-menagers\/casseroles-inox\/annecy-m-casseroles-premium\/","og_site_name":"Eurotrail | The way we camp!","article_modified_time":"2023-04-06T13:08:45+00:00","og_image":[{"width":2560,"height":1807,"url":"https:\/\/eurotrail.info\/wp\/wp-content\/uploads\/2022\/10\/Annecy-M-L-Premium--scaled.jpg","type":"image\/jpeg"}],"twitter_card":"summary_large_image","twitter_misc":{"Dur\u00e9e de lecture estim\u00e9e":"1 minute"},"schema":{"@context":"https:\/\/schema.org","@graph":[{"@type":"WebPage","@id":"https:\/\/eurotrail.info\/fr\/producten\/articles-menagers\/casseroles-inox\/annecy-m-casseroles-premium\/","url":"https:\/\/eurotrail.info\/fr\/producten\/articles-menagers\/casseroles-inox\/annecy-m-casseroles-premium\/","name":"Annecy M casseroles Premium - Eurotrail | The way we camp!","isPartOf":{"@id":"https:\/\/eurotrail.info\/#website"},"primaryImageOfPage":{"@id":"https:\/\/eurotrail.info\/fr\/producten\/articles-menagers\/casseroles-inox\/annecy-m-casseroles-premium\/#primaryimage"},"image":{"@id":"https:\/\/eurotrail.info\/fr\/producten\/articles-menagers\/casseroles-inox\/annecy-m-casseroles-premium\/#primaryimage"},"thumbnailUrl":"https:\/\/eurotrail.info\/wp\/wp-content\/uploads\/2022\/10\/Annecy-M-L-Premium--scaled.jpg","datePublished":"2022-10-31T13:52:37+00:00","dateModified":"2023-04-06T13:08:45+00:00","description":"Ensemble de casseroles en acier inoxydable avec couvercle en verre bord\u00e9 de silicone. Les casseroles sont embo\u00eetables et \u00e9quip\u00e9es d'une poign\u00e9e amovible pour pouvoir \u00eatre rang\u00e9es presque n'importe o\u00f9.","breadcrumb":{"@id":"https:\/\/eurotrail.info\/fr\/producten\/articles-menagers\/casseroles-inox\/annecy-m-casseroles-premium\/#breadcrumb"},"inLanguage":"fr-FR","potentialAction":[{"@type":"ReadAction","target":["https:\/\/eurotrail.info\/fr\/producten\/articles-menagers\/casseroles-inox\/annecy-m-casseroles-premium\/"]}]},{"@type":"ImageObject","inLanguage":"fr-FR","@id":"https:\/\/eurotrail.info\/fr\/producten\/articles-menagers\/casseroles-inox\/annecy-m-casseroles-premium\/#primaryimage","url":"https:\/\/eurotrail.info\/wp\/wp-content\/uploads\/2022\/10\/Annecy-M-L-Premium--scaled.jpg","contentUrl":"https:\/\/eurotrail.info\/wp\/wp-content\/uploads\/2022\/10\/Annecy-M-L-Premium--scaled.jpg","width":2560,"height":1807,"caption":"Eurotrail Pannenset Annecy M"},{"@type":"BreadcrumbList","@id":"https:\/\/eurotrail.info\/fr\/producten\/articles-menagers\/casseroles-inox\/annecy-m-casseroles-premium\/#breadcrumb","itemListElement":[{"@type":"ListItem","position":1,"name":"Home","item":"https:\/\/eurotrail.info\/fr\/"},{"@type":"ListItem","position":2,"name":"Produits","item":"https:\/\/eurotrail.info\/fr\/produits\/"},{"@type":"ListItem","position":3,"name":"Annecy M casseroles Premium"}]},{"@type":"WebSite","@id":"https:\/\/eurotrail.info\/#website","url":"https:\/\/eurotrail.info\/","name":"Eurotrail | The way we camp!","description":"","publisher":{"@id":"https:\/\/eurotrail.info\/#organization"},"potentialAction":[{"@type":"SearchAction","target":{"@type":"EntryPoint","urlTemplate":"https:\/\/eurotrail.info\/?s={search_term_string}"},"query-input":{"@type":"PropertyValueSpecification","valueRequired":true,"valueName":"search_term_string"}}],"inLanguage":"fr-FR"},{"@type":"Organization","@id":"https:\/\/eurotrail.info\/#organization","name":"Eurotrail | The way we camp!","url":"https:\/\/eurotrail.info\/","logo":{"@type":"ImageObject","inLanguage":"fr-FR","@id":"https:\/\/eurotrail.info\/#\/schema\/logo\/image\/","url":"https:\/\/eurotrail.info\/wp\/wp-content\/uploads\/2023\/07\/ET-logo-quote_NL-scaled.jpg","contentUrl":"https:\/\/eurotrail.info\/wp\/wp-content\/uploads\/2023\/07\/ET-logo-quote_NL-scaled.jpg","width":2560,"height":675,"caption":"Eurotrail | The way we camp!"},"image":{"@id":"https:\/\/eurotrail.info\/#\/schema\/logo\/image\/"}}]}},"_links":{"self":[{"href":"https:\/\/eurotrail.info\/fr\/wp-json\/wp\/v2\/product\/20077","targetHints":{"allow":["GET"]}}],"collection":[{"href":"https:\/\/eurotrail.info\/fr\/wp-json\/wp\/v2\/product"}],"about":[{"href":"https:\/\/eurotrail.info\/fr\/wp-json\/wp\/v2\/types\/product"}],"replies":[{"embeddable":true,"href":"https:\/\/eurotrail.info\/fr\/wp-json\/wp\/v2\/comments?post=20077"}],"wp:featuredmedia":[{"embeddable":true,"href":"https:\/\/eurotrail.info\/fr\/wp-json\/wp\/v2\/media\/20053"}],"wp:attachment":[{"href":"https:\/\/eurotrail.info\/fr\/wp-json\/wp\/v2\/media?parent=20077"}],"wp:term":[{"taxonomy":"product_brand","embeddable":true,"href":"https:\/\/eurotrail.info\/fr\/wp-json\/wp\/v2\/product_brand?post=20077"},{"taxonomy":"product_cat","embeddable":true,"href":"https:\/\/eurotrail.info\/fr\/wp-json\/wp\/v2\/product_cat?post=20077"},{"taxonomy":"product_tag","embeddable":true,"href":"https:\/\/eurotrail.info\/fr\/wp-json\/wp\/v2\/product_tag?post=20077"}],"curies":[{"name":"wp","href":"https:\/\/api.w.org\/{rel}","templated":true}]}}