{"id":20133,"date":"2022-10-31T17:04:59","date_gmt":"2022-10-31T16:07:09","guid":{"rendered":"https:\/\/eurotrail.info\/?post_type=product&#038;p=20133"},"modified":"2023-04-06T13:59:46","modified_gmt":"2023-04-06T12:59:46","slug":"annecy-o-22-premium-casserole","status":"publish","type":"product","link":"https:\/\/eurotrail.info\/fr\/producten\/articles-menagers\/casseroles-inox\/annecy-o-22-premium-casserole\/","title":{"rendered":"Annecy \u00d8 22 Premium casserole (excl. poign\u00e9e!)"},"content":{"rendered":"<p>Po\u00eale en acier inoxydable de luxe avec couvercle en verre avec bord en silicone. Une poign\u00e9e amovible est disponible en option. La po\u00eale convient \u00e9galement pour une utilisation au four ! Il y a une \u00e9chelle pratique \u00e0 l&#8217;int\u00e9rieur de la casserole pour que vous puissiez voir exactement le contenu de la casserole ! Le fond de la capsule le rend adapt\u00e9 \u00e0 toutes les sources de chaleur telles que le gaz, l&#8217;\u00e9lectricit\u00e9, la c\u00e9ramique ou l&#8217;induction. (sauf poign\u00e9e amovible ETKW5546)<\/p>\n<p>\u00d8 22X11cm, 4,0 litres, 850 gr.<\/p>\n","protected":false},"excerpt":{"rendered":"<p>Po\u00eale en acier inoxydable de luxe avec couvercle en verre avec bord en silicone. Une poign\u00e9e amovible est disponible en option. La po\u00eale convient \u00e9galement&hellip;<\/p>\n","protected":false},"featured_media":20114,"comment_status":"open","ping_status":"closed","template":"","meta":{"_acf_changed":false},"product_brand":[],"product_cat":[243,248],"product_tag":[],"class_list":{"0":"post-20133","1":"product","2":"type-product","3":"status-publish","4":"has-post-thumbnail","6":"product_cat-articles-menagers","7":"product_cat-casseroles-inox","9":"first","10":"instock","11":"shipping-taxable","12":"product-type-simple"},"acf":[],"yoast_head":"<!-- This site is optimized with the Yoast SEO plugin v27.3 - https:\/\/yoast.com\/product\/yoast-seo-wordpress\/ -->\n<title>Annecy \u00d8 22 Premium casserole (excl. poign\u00e9e!) - Eurotrail | The way we camp!<\/title>\n<meta name=\"description\" content=\"Po\u00eale en acier inoxydable de luxe avec couvercle en verre avec bord en silicone. Une poign\u00e9e amovible est disponible en option.\" \/>\n<meta name=\"robots\" content=\"index, follow, max-snippet:-1, max-image-preview:large, max-video-preview:-1\" \/>\n<link rel=\"canonical\" href=\"https:\/\/eurotrail.info\/fr\/producten\/articles-menagers\/casseroles-inox\/annecy-o-22-premium-casserole\/\" \/>\n<meta property=\"og:locale\" content=\"fr_FR\" \/>\n<meta property=\"og:type\" content=\"article\" \/>\n<meta property=\"og:title\" content=\"Annecy \u00d8 22 Premium casserole (excl. poign\u00e9e!) - Eurotrail | The way we camp!\" \/>\n<meta property=\"og:description\" content=\"Po\u00eale en acier inoxydable de luxe avec couvercle en verre avec bord en silicone. Une poign\u00e9e amovible est disponible en option.\" \/>\n<meta property=\"og:url\" content=\"https:\/\/eurotrail.info\/fr\/producten\/articles-menagers\/casseroles-inox\/annecy-o-22-premium-casserole\/\" \/>\n<meta property=\"og:site_name\" content=\"Eurotrail | The way we camp!\" \/>\n<meta property=\"article:modified_time\" content=\"2023-04-06T12:59:46+00:00\" \/>\n<meta property=\"og:image\" content=\"https:\/\/eurotrail.info\/wp\/wp-content\/uploads\/2022\/10\/pan-los-Premium.jpg\" \/>\n\t<meta property=\"og:image:width\" content=\"2185\" \/>\n\t<meta property=\"og:image:height\" content=\"1831\" \/>\n\t<meta property=\"og:image:type\" content=\"image\/jpeg\" \/>\n<meta name=\"twitter:card\" content=\"summary_large_image\" \/>\n<meta name=\"twitter:label1\" content=\"Dur\u00e9e de lecture estim\u00e9e\" \/>\n\t<meta name=\"twitter:data1\" content=\"1 minute\" \/>\n<script type=\"application\/ld+json\" class=\"yoast-schema-graph\">{\"@context\":\"https:\\\/\\\/schema.org\",\"@graph\":[{\"@type\":\"WebPage\",\"@id\":\"https:\\\/\\\/eurotrail.info\\\/fr\\\/producten\\\/articles-menagers\\\/casseroles-inox\\\/annecy-o-22-premium-casserole\\\/\",\"url\":\"https:\\\/\\\/eurotrail.info\\\/fr\\\/producten\\\/articles-menagers\\\/casseroles-inox\\\/annecy-o-22-premium-casserole\\\/\",\"name\":\"Annecy \u00d8 22 Premium casserole (excl. poign\u00e9e!) - Eurotrail | The way we camp!\",\"isPartOf\":{\"@id\":\"https:\\\/\\\/eurotrail.info\\\/#website\"},\"primaryImageOfPage\":{\"@id\":\"https:\\\/\\\/eurotrail.info\\\/fr\\\/producten\\\/articles-menagers\\\/casseroles-inox\\\/annecy-o-22-premium-casserole\\\/#primaryimage\"},\"image\":{\"@id\":\"https:\\\/\\\/eurotrail.info\\\/fr\\\/producten\\\/articles-menagers\\\/casseroles-inox\\\/annecy-o-22-premium-casserole\\\/#primaryimage\"},\"thumbnailUrl\":\"https:\\\/\\\/eurotrail.info\\\/wp\\\/wp-content\\\/uploads\\\/2022\\\/10\\\/pan-los-Premium.jpg\",\"datePublished\":\"2022-10-31T16:07:09+00:00\",\"dateModified\":\"2023-04-06T12:59:46+00:00\",\"description\":\"Po\u00eale en acier inoxydable de luxe avec couvercle en verre avec bord en silicone. Une poign\u00e9e amovible est disponible en option.\",\"breadcrumb\":{\"@id\":\"https:\\\/\\\/eurotrail.info\\\/fr\\\/producten\\\/articles-menagers\\\/casseroles-inox\\\/annecy-o-22-premium-casserole\\\/#breadcrumb\"},\"inLanguage\":\"fr-FR\",\"potentialAction\":[{\"@type\":\"ReadAction\",\"target\":[\"https:\\\/\\\/eurotrail.info\\\/fr\\\/producten\\\/articles-menagers\\\/casseroles-inox\\\/annecy-o-22-premium-casserole\\\/\"]}]},{\"@type\":\"ImageObject\",\"inLanguage\":\"fr-FR\",\"@id\":\"https:\\\/\\\/eurotrail.info\\\/fr\\\/producten\\\/articles-menagers\\\/casseroles-inox\\\/annecy-o-22-premium-casserole\\\/#primaryimage\",\"url\":\"https:\\\/\\\/eurotrail.info\\\/wp\\\/wp-content\\\/uploads\\\/2022\\\/10\\\/pan-los-Premium.jpg\",\"contentUrl\":\"https:\\\/\\\/eurotrail.info\\\/wp\\\/wp-content\\\/uploads\\\/2022\\\/10\\\/pan-los-Premium.jpg\",\"width\":2185,\"height\":1831,\"caption\":\"Eurotrail Pan Annecy 22L\"},{\"@type\":\"BreadcrumbList\",\"@id\":\"https:\\\/\\\/eurotrail.info\\\/fr\\\/producten\\\/articles-menagers\\\/casseroles-inox\\\/annecy-o-22-premium-casserole\\\/#breadcrumb\",\"itemListElement\":[{\"@type\":\"ListItem\",\"position\":1,\"name\":\"Home\",\"item\":\"https:\\\/\\\/eurotrail.info\\\/fr\\\/\"},{\"@type\":\"ListItem\",\"position\":2,\"name\":\"Produits\",\"item\":\"https:\\\/\\\/eurotrail.info\\\/fr\\\/produits\\\/\"},{\"@type\":\"ListItem\",\"position\":3,\"name\":\"Annecy \u00d8 22 Premium casserole (excl. poign\u00e9e!)\"}]},{\"@type\":\"WebSite\",\"@id\":\"https:\\\/\\\/eurotrail.info\\\/#website\",\"url\":\"https:\\\/\\\/eurotrail.info\\\/\",\"name\":\"Eurotrail | The way we camp!\",\"description\":\"\",\"publisher\":{\"@id\":\"https:\\\/\\\/eurotrail.info\\\/#organization\"},\"potentialAction\":[{\"@type\":\"SearchAction\",\"target\":{\"@type\":\"EntryPoint\",\"urlTemplate\":\"https:\\\/\\\/eurotrail.info\\\/?s={search_term_string}\"},\"query-input\":{\"@type\":\"PropertyValueSpecification\",\"valueRequired\":true,\"valueName\":\"search_term_string\"}}],\"inLanguage\":\"fr-FR\"},{\"@type\":\"Organization\",\"@id\":\"https:\\\/\\\/eurotrail.info\\\/#organization\",\"name\":\"Eurotrail | The way we camp!\",\"url\":\"https:\\\/\\\/eurotrail.info\\\/\",\"logo\":{\"@type\":\"ImageObject\",\"inLanguage\":\"fr-FR\",\"@id\":\"https:\\\/\\\/eurotrail.info\\\/#\\\/schema\\\/logo\\\/image\\\/\",\"url\":\"https:\\\/\\\/eurotrail.info\\\/wp\\\/wp-content\\\/uploads\\\/2023\\\/07\\\/ET-logo-quote_NL-scaled.jpg\",\"contentUrl\":\"https:\\\/\\\/eurotrail.info\\\/wp\\\/wp-content\\\/uploads\\\/2023\\\/07\\\/ET-logo-quote_NL-scaled.jpg\",\"width\":2560,\"height\":675,\"caption\":\"Eurotrail | The way we camp!\"},\"image\":{\"@id\":\"https:\\\/\\\/eurotrail.info\\\/#\\\/schema\\\/logo\\\/image\\\/\"}}]}<\/script>\n<!-- \/ Yoast SEO plugin. -->","yoast_head_json":{"title":"Annecy \u00d8 22 Premium casserole (excl. poign\u00e9e!) - Eurotrail | The way we camp!","description":"Po\u00eale en acier inoxydable de luxe avec couvercle en verre avec bord en silicone. Une poign\u00e9e amovible est disponible en option.","robots":{"index":"index","follow":"follow","max-snippet":"max-snippet:-1","max-image-preview":"max-image-preview:large","max-video-preview":"max-video-preview:-1"},"canonical":"https:\/\/eurotrail.info\/fr\/producten\/articles-menagers\/casseroles-inox\/annecy-o-22-premium-casserole\/","og_locale":"fr_FR","og_type":"article","og_title":"Annecy \u00d8 22 Premium casserole (excl. poign\u00e9e!) - Eurotrail | The way we camp!","og_description":"Po\u00eale en acier inoxydable de luxe avec couvercle en verre avec bord en silicone. Une poign\u00e9e amovible est disponible en option.","og_url":"https:\/\/eurotrail.info\/fr\/producten\/articles-menagers\/casseroles-inox\/annecy-o-22-premium-casserole\/","og_site_name":"Eurotrail | The way we camp!","article_modified_time":"2023-04-06T12:59:46+00:00","og_image":[{"width":2185,"height":1831,"url":"https:\/\/eurotrail.info\/wp\/wp-content\/uploads\/2022\/10\/pan-los-Premium.jpg","type":"image\/jpeg"}],"twitter_card":"summary_large_image","twitter_misc":{"Dur\u00e9e de lecture estim\u00e9e":"1 minute"},"schema":{"@context":"https:\/\/schema.org","@graph":[{"@type":"WebPage","@id":"https:\/\/eurotrail.info\/fr\/producten\/articles-menagers\/casseroles-inox\/annecy-o-22-premium-casserole\/","url":"https:\/\/eurotrail.info\/fr\/producten\/articles-menagers\/casseroles-inox\/annecy-o-22-premium-casserole\/","name":"Annecy \u00d8 22 Premium casserole (excl. poign\u00e9e!) - Eurotrail | The way we camp!","isPartOf":{"@id":"https:\/\/eurotrail.info\/#website"},"primaryImageOfPage":{"@id":"https:\/\/eurotrail.info\/fr\/producten\/articles-menagers\/casseroles-inox\/annecy-o-22-premium-casserole\/#primaryimage"},"image":{"@id":"https:\/\/eurotrail.info\/fr\/producten\/articles-menagers\/casseroles-inox\/annecy-o-22-premium-casserole\/#primaryimage"},"thumbnailUrl":"https:\/\/eurotrail.info\/wp\/wp-content\/uploads\/2022\/10\/pan-los-Premium.jpg","datePublished":"2022-10-31T16:07:09+00:00","dateModified":"2023-04-06T12:59:46+00:00","description":"Po\u00eale en acier inoxydable de luxe avec couvercle en verre avec bord en silicone. Une poign\u00e9e amovible est disponible en option.","breadcrumb":{"@id":"https:\/\/eurotrail.info\/fr\/producten\/articles-menagers\/casseroles-inox\/annecy-o-22-premium-casserole\/#breadcrumb"},"inLanguage":"fr-FR","potentialAction":[{"@type":"ReadAction","target":["https:\/\/eurotrail.info\/fr\/producten\/articles-menagers\/casseroles-inox\/annecy-o-22-premium-casserole\/"]}]},{"@type":"ImageObject","inLanguage":"fr-FR","@id":"https:\/\/eurotrail.info\/fr\/producten\/articles-menagers\/casseroles-inox\/annecy-o-22-premium-casserole\/#primaryimage","url":"https:\/\/eurotrail.info\/wp\/wp-content\/uploads\/2022\/10\/pan-los-Premium.jpg","contentUrl":"https:\/\/eurotrail.info\/wp\/wp-content\/uploads\/2022\/10\/pan-los-Premium.jpg","width":2185,"height":1831,"caption":"Eurotrail Pan Annecy 22L"},{"@type":"BreadcrumbList","@id":"https:\/\/eurotrail.info\/fr\/producten\/articles-menagers\/casseroles-inox\/annecy-o-22-premium-casserole\/#breadcrumb","itemListElement":[{"@type":"ListItem","position":1,"name":"Home","item":"https:\/\/eurotrail.info\/fr\/"},{"@type":"ListItem","position":2,"name":"Produits","item":"https:\/\/eurotrail.info\/fr\/produits\/"},{"@type":"ListItem","position":3,"name":"Annecy \u00d8 22 Premium casserole (excl. poign\u00e9e!)"}]},{"@type":"WebSite","@id":"https:\/\/eurotrail.info\/#website","url":"https:\/\/eurotrail.info\/","name":"Eurotrail | The way we camp!","description":"","publisher":{"@id":"https:\/\/eurotrail.info\/#organization"},"potentialAction":[{"@type":"SearchAction","target":{"@type":"EntryPoint","urlTemplate":"https:\/\/eurotrail.info\/?s={search_term_string}"},"query-input":{"@type":"PropertyValueSpecification","valueRequired":true,"valueName":"search_term_string"}}],"inLanguage":"fr-FR"},{"@type":"Organization","@id":"https:\/\/eurotrail.info\/#organization","name":"Eurotrail | The way we camp!","url":"https:\/\/eurotrail.info\/","logo":{"@type":"ImageObject","inLanguage":"fr-FR","@id":"https:\/\/eurotrail.info\/#\/schema\/logo\/image\/","url":"https:\/\/eurotrail.info\/wp\/wp-content\/uploads\/2023\/07\/ET-logo-quote_NL-scaled.jpg","contentUrl":"https:\/\/eurotrail.info\/wp\/wp-content\/uploads\/2023\/07\/ET-logo-quote_NL-scaled.jpg","width":2560,"height":675,"caption":"Eurotrail | The way we camp!"},"image":{"@id":"https:\/\/eurotrail.info\/#\/schema\/logo\/image\/"}}]}},"_links":{"self":[{"href":"https:\/\/eurotrail.info\/fr\/wp-json\/wp\/v2\/product\/20133","targetHints":{"allow":["GET"]}}],"collection":[{"href":"https:\/\/eurotrail.info\/fr\/wp-json\/wp\/v2\/product"}],"about":[{"href":"https:\/\/eurotrail.info\/fr\/wp-json\/wp\/v2\/types\/product"}],"replies":[{"embeddable":true,"href":"https:\/\/eurotrail.info\/fr\/wp-json\/wp\/v2\/comments?post=20133"}],"wp:featuredmedia":[{"embeddable":true,"href":"https:\/\/eurotrail.info\/fr\/wp-json\/wp\/v2\/media\/20114"}],"wp:attachment":[{"href":"https:\/\/eurotrail.info\/fr\/wp-json\/wp\/v2\/media?parent=20133"}],"wp:term":[{"taxonomy":"product_brand","embeddable":true,"href":"https:\/\/eurotrail.info\/fr\/wp-json\/wp\/v2\/product_brand?post=20133"},{"taxonomy":"product_cat","embeddable":true,"href":"https:\/\/eurotrail.info\/fr\/wp-json\/wp\/v2\/product_cat?post=20133"},{"taxonomy":"product_tag","embeddable":true,"href":"https:\/\/eurotrail.info\/fr\/wp-json\/wp\/v2\/product_tag?post=20133"}],"curies":[{"name":"wp","href":"https:\/\/api.w.org\/{rel}","templated":true}]}}