{"id":20247,"date":"2022-11-01T17:02:22","date_gmt":"2022-11-01T16:08:02","guid":{"rendered":"https:\/\/eurotrail.info\/?post_type=product&#038;p=20247"},"modified":"2023-04-06T15:20:13","modified_gmt":"2023-04-06T14:20:13","slug":"dunbar-casseroles-de-cuisine","status":"publish","type":"product","link":"https:\/\/eurotrail.info\/fr\/producten\/articles-menagers\/casseroles-inox\/dunbar-casseroles-de-cuisine\/","title":{"rendered":"Dunbar casseroles de cuisine"},"content":{"rendered":"<p>Set casseroles de cuisine en acier inoxydable se compose de 2 casseroles avec couvercles et d&#8217;une casserole sauce. Les poign\u00e9es des pots et le couvercle sont recouverts d&#8217;un silicone r\u00e9sistant \u00e0 la chaleur. En raison de la hauteur des pots, ils conviennent aux petits br\u00fbleurs \u00e0 gaz. Les casseroles ont un fond encapsul\u00e9 et conviennent donc \u00e0 toutes les sources de chaleur telles que le gaz, l&#8217;\u00e9lectricit\u00e9, la c\u00e9ramique ou l&#8217;induction.<\/p>\n<p>\u00d8 16&#215;9.5cm, 1.5 ltr., 428 Gr. casserole sauce<br \/>\n\u00d8 16x15cm, 2.7 ltr., 725 Gr.<br \/>\n\u00d8 18x17cm, 3.9 ltr., 864 Gr.<\/p>\n","protected":false},"excerpt":{"rendered":"<p>Set casseroles de cuisine en acier inoxydable se compose de 2 casseroles avec couvercles et d&#8217;une casserole sauce. Les poign\u00e9es des pots et le couvercle&hellip;<\/p>\n","protected":false},"featured_media":20242,"comment_status":"open","ping_status":"closed","template":"","meta":{"_acf_changed":false},"product_brand":[],"product_cat":[243,248],"product_tag":[],"class_list":{"0":"post-20247","1":"product","2":"type-product","3":"status-publish","4":"has-post-thumbnail","6":"product_cat-articles-menagers","7":"product_cat-casseroles-inox","9":"first","10":"instock","11":"shipping-taxable","12":"product-type-simple"},"acf":[],"yoast_head":"<!-- This site is optimized with the Yoast SEO plugin v27.3 - https:\/\/yoast.com\/product\/yoast-seo-wordpress\/ -->\n<title>Dunbar casseroles de cuisine - Eurotrail | The way we camp!<\/title>\n<meta name=\"description\" content=\"Set casseroles de cuisine en acier inoxydable se compose de 2 casseroles avec couvercles et d&#039;une casserole sauce.\" \/>\n<meta name=\"robots\" content=\"index, follow, max-snippet:-1, max-image-preview:large, max-video-preview:-1\" \/>\n<link rel=\"canonical\" href=\"https:\/\/eurotrail.info\/fr\/producten\/articles-menagers\/casseroles-inox\/dunbar-casseroles-de-cuisine\/\" \/>\n<meta property=\"og:locale\" content=\"fr_FR\" \/>\n<meta property=\"og:type\" content=\"article\" \/>\n<meta property=\"og:title\" content=\"Dunbar casseroles de cuisine - Eurotrail | The way we camp!\" \/>\n<meta property=\"og:description\" content=\"Set casseroles de cuisine en acier inoxydable se compose de 2 casseroles avec couvercles et d&#039;une casserole sauce.\" \/>\n<meta property=\"og:url\" content=\"https:\/\/eurotrail.info\/fr\/producten\/articles-menagers\/casseroles-inox\/dunbar-casseroles-de-cuisine\/\" \/>\n<meta property=\"og:site_name\" content=\"Eurotrail | The way we camp!\" \/>\n<meta property=\"article:modified_time\" content=\"2023-04-06T14:20:13+00:00\" \/>\n<meta property=\"og:image\" content=\"https:\/\/eurotrail.info\/wp\/wp-content\/uploads\/2022\/11\/dunbar-set-2-KLEIN.jpg\" \/>\n\t<meta property=\"og:image:width\" content=\"1800\" \/>\n\t<meta property=\"og:image:height\" content=\"1519\" \/>\n\t<meta property=\"og:image:type\" content=\"image\/jpeg\" \/>\n<meta name=\"twitter:card\" content=\"summary_large_image\" \/>\n<meta name=\"twitter:label1\" content=\"Dur\u00e9e de lecture estim\u00e9e\" \/>\n\t<meta name=\"twitter:data1\" content=\"1 minute\" \/>\n<script type=\"application\/ld+json\" class=\"yoast-schema-graph\">{\"@context\":\"https:\\\/\\\/schema.org\",\"@graph\":[{\"@type\":\"WebPage\",\"@id\":\"https:\\\/\\\/eurotrail.info\\\/fr\\\/producten\\\/articles-menagers\\\/casseroles-inox\\\/dunbar-casseroles-de-cuisine\\\/\",\"url\":\"https:\\\/\\\/eurotrail.info\\\/fr\\\/producten\\\/articles-menagers\\\/casseroles-inox\\\/dunbar-casseroles-de-cuisine\\\/\",\"name\":\"Dunbar casseroles de cuisine - Eurotrail | The way we camp!\",\"isPartOf\":{\"@id\":\"https:\\\/\\\/eurotrail.info\\\/#website\"},\"primaryImageOfPage\":{\"@id\":\"https:\\\/\\\/eurotrail.info\\\/fr\\\/producten\\\/articles-menagers\\\/casseroles-inox\\\/dunbar-casseroles-de-cuisine\\\/#primaryimage\"},\"image\":{\"@id\":\"https:\\\/\\\/eurotrail.info\\\/fr\\\/producten\\\/articles-menagers\\\/casseroles-inox\\\/dunbar-casseroles-de-cuisine\\\/#primaryimage\"},\"thumbnailUrl\":\"https:\\\/\\\/eurotrail.info\\\/wp\\\/wp-content\\\/uploads\\\/2022\\\/11\\\/dunbar-set-2-KLEIN.jpg\",\"datePublished\":\"2022-11-01T16:08:02+00:00\",\"dateModified\":\"2023-04-06T14:20:13+00:00\",\"description\":\"Set casseroles de cuisine en acier inoxydable se compose de 2 casseroles avec couvercles et d'une casserole sauce.\",\"breadcrumb\":{\"@id\":\"https:\\\/\\\/eurotrail.info\\\/fr\\\/producten\\\/articles-menagers\\\/casseroles-inox\\\/dunbar-casseroles-de-cuisine\\\/#breadcrumb\"},\"inLanguage\":\"fr-FR\",\"potentialAction\":[{\"@type\":\"ReadAction\",\"target\":[\"https:\\\/\\\/eurotrail.info\\\/fr\\\/producten\\\/articles-menagers\\\/casseroles-inox\\\/dunbar-casseroles-de-cuisine\\\/\"]}]},{\"@type\":\"ImageObject\",\"inLanguage\":\"fr-FR\",\"@id\":\"https:\\\/\\\/eurotrail.info\\\/fr\\\/producten\\\/articles-menagers\\\/casseroles-inox\\\/dunbar-casseroles-de-cuisine\\\/#primaryimage\",\"url\":\"https:\\\/\\\/eurotrail.info\\\/wp\\\/wp-content\\\/uploads\\\/2022\\\/11\\\/dunbar-set-2-KLEIN.jpg\",\"contentUrl\":\"https:\\\/\\\/eurotrail.info\\\/wp\\\/wp-content\\\/uploads\\\/2022\\\/11\\\/dunbar-set-2-KLEIN.jpg\",\"width\":1800,\"height\":1519,\"caption\":\"Eurotrail Dunbar RVS pannenset\"},{\"@type\":\"BreadcrumbList\",\"@id\":\"https:\\\/\\\/eurotrail.info\\\/fr\\\/producten\\\/articles-menagers\\\/casseroles-inox\\\/dunbar-casseroles-de-cuisine\\\/#breadcrumb\",\"itemListElement\":[{\"@type\":\"ListItem\",\"position\":1,\"name\":\"Home\",\"item\":\"https:\\\/\\\/eurotrail.info\\\/fr\\\/\"},{\"@type\":\"ListItem\",\"position\":2,\"name\":\"Produits\",\"item\":\"https:\\\/\\\/eurotrail.info\\\/fr\\\/produits\\\/\"},{\"@type\":\"ListItem\",\"position\":3,\"name\":\"Dunbar casseroles de cuisine\"}]},{\"@type\":\"WebSite\",\"@id\":\"https:\\\/\\\/eurotrail.info\\\/#website\",\"url\":\"https:\\\/\\\/eurotrail.info\\\/\",\"name\":\"Eurotrail | The way we camp!\",\"description\":\"\",\"publisher\":{\"@id\":\"https:\\\/\\\/eurotrail.info\\\/#organization\"},\"potentialAction\":[{\"@type\":\"SearchAction\",\"target\":{\"@type\":\"EntryPoint\",\"urlTemplate\":\"https:\\\/\\\/eurotrail.info\\\/?s={search_term_string}\"},\"query-input\":{\"@type\":\"PropertyValueSpecification\",\"valueRequired\":true,\"valueName\":\"search_term_string\"}}],\"inLanguage\":\"fr-FR\"},{\"@type\":\"Organization\",\"@id\":\"https:\\\/\\\/eurotrail.info\\\/#organization\",\"name\":\"Eurotrail | The way we camp!\",\"url\":\"https:\\\/\\\/eurotrail.info\\\/\",\"logo\":{\"@type\":\"ImageObject\",\"inLanguage\":\"fr-FR\",\"@id\":\"https:\\\/\\\/eurotrail.info\\\/#\\\/schema\\\/logo\\\/image\\\/\",\"url\":\"https:\\\/\\\/eurotrail.info\\\/wp\\\/wp-content\\\/uploads\\\/2023\\\/07\\\/ET-logo-quote_NL-scaled.jpg\",\"contentUrl\":\"https:\\\/\\\/eurotrail.info\\\/wp\\\/wp-content\\\/uploads\\\/2023\\\/07\\\/ET-logo-quote_NL-scaled.jpg\",\"width\":2560,\"height\":675,\"caption\":\"Eurotrail | The way we camp!\"},\"image\":{\"@id\":\"https:\\\/\\\/eurotrail.info\\\/#\\\/schema\\\/logo\\\/image\\\/\"}}]}<\/script>\n<!-- \/ Yoast SEO plugin. -->","yoast_head_json":{"title":"Dunbar casseroles de cuisine - Eurotrail | The way we camp!","description":"Set casseroles de cuisine en acier inoxydable se compose de 2 casseroles avec couvercles et d'une casserole sauce.","robots":{"index":"index","follow":"follow","max-snippet":"max-snippet:-1","max-image-preview":"max-image-preview:large","max-video-preview":"max-video-preview:-1"},"canonical":"https:\/\/eurotrail.info\/fr\/producten\/articles-menagers\/casseroles-inox\/dunbar-casseroles-de-cuisine\/","og_locale":"fr_FR","og_type":"article","og_title":"Dunbar casseroles de cuisine - Eurotrail | The way we camp!","og_description":"Set casseroles de cuisine en acier inoxydable se compose de 2 casseroles avec couvercles et d'une casserole sauce.","og_url":"https:\/\/eurotrail.info\/fr\/producten\/articles-menagers\/casseroles-inox\/dunbar-casseroles-de-cuisine\/","og_site_name":"Eurotrail | The way we camp!","article_modified_time":"2023-04-06T14:20:13+00:00","og_image":[{"width":1800,"height":1519,"url":"https:\/\/eurotrail.info\/wp\/wp-content\/uploads\/2022\/11\/dunbar-set-2-KLEIN.jpg","type":"image\/jpeg"}],"twitter_card":"summary_large_image","twitter_misc":{"Dur\u00e9e de lecture estim\u00e9e":"1 minute"},"schema":{"@context":"https:\/\/schema.org","@graph":[{"@type":"WebPage","@id":"https:\/\/eurotrail.info\/fr\/producten\/articles-menagers\/casseroles-inox\/dunbar-casseroles-de-cuisine\/","url":"https:\/\/eurotrail.info\/fr\/producten\/articles-menagers\/casseroles-inox\/dunbar-casseroles-de-cuisine\/","name":"Dunbar casseroles de cuisine - Eurotrail | The way we camp!","isPartOf":{"@id":"https:\/\/eurotrail.info\/#website"},"primaryImageOfPage":{"@id":"https:\/\/eurotrail.info\/fr\/producten\/articles-menagers\/casseroles-inox\/dunbar-casseroles-de-cuisine\/#primaryimage"},"image":{"@id":"https:\/\/eurotrail.info\/fr\/producten\/articles-menagers\/casseroles-inox\/dunbar-casseroles-de-cuisine\/#primaryimage"},"thumbnailUrl":"https:\/\/eurotrail.info\/wp\/wp-content\/uploads\/2022\/11\/dunbar-set-2-KLEIN.jpg","datePublished":"2022-11-01T16:08:02+00:00","dateModified":"2023-04-06T14:20:13+00:00","description":"Set casseroles de cuisine en acier inoxydable se compose de 2 casseroles avec couvercles et d'une casserole sauce.","breadcrumb":{"@id":"https:\/\/eurotrail.info\/fr\/producten\/articles-menagers\/casseroles-inox\/dunbar-casseroles-de-cuisine\/#breadcrumb"},"inLanguage":"fr-FR","potentialAction":[{"@type":"ReadAction","target":["https:\/\/eurotrail.info\/fr\/producten\/articles-menagers\/casseroles-inox\/dunbar-casseroles-de-cuisine\/"]}]},{"@type":"ImageObject","inLanguage":"fr-FR","@id":"https:\/\/eurotrail.info\/fr\/producten\/articles-menagers\/casseroles-inox\/dunbar-casseroles-de-cuisine\/#primaryimage","url":"https:\/\/eurotrail.info\/wp\/wp-content\/uploads\/2022\/11\/dunbar-set-2-KLEIN.jpg","contentUrl":"https:\/\/eurotrail.info\/wp\/wp-content\/uploads\/2022\/11\/dunbar-set-2-KLEIN.jpg","width":1800,"height":1519,"caption":"Eurotrail Dunbar RVS pannenset"},{"@type":"BreadcrumbList","@id":"https:\/\/eurotrail.info\/fr\/producten\/articles-menagers\/casseroles-inox\/dunbar-casseroles-de-cuisine\/#breadcrumb","itemListElement":[{"@type":"ListItem","position":1,"name":"Home","item":"https:\/\/eurotrail.info\/fr\/"},{"@type":"ListItem","position":2,"name":"Produits","item":"https:\/\/eurotrail.info\/fr\/produits\/"},{"@type":"ListItem","position":3,"name":"Dunbar casseroles de cuisine"}]},{"@type":"WebSite","@id":"https:\/\/eurotrail.info\/#website","url":"https:\/\/eurotrail.info\/","name":"Eurotrail | The way we camp!","description":"","publisher":{"@id":"https:\/\/eurotrail.info\/#organization"},"potentialAction":[{"@type":"SearchAction","target":{"@type":"EntryPoint","urlTemplate":"https:\/\/eurotrail.info\/?s={search_term_string}"},"query-input":{"@type":"PropertyValueSpecification","valueRequired":true,"valueName":"search_term_string"}}],"inLanguage":"fr-FR"},{"@type":"Organization","@id":"https:\/\/eurotrail.info\/#organization","name":"Eurotrail | The way we camp!","url":"https:\/\/eurotrail.info\/","logo":{"@type":"ImageObject","inLanguage":"fr-FR","@id":"https:\/\/eurotrail.info\/#\/schema\/logo\/image\/","url":"https:\/\/eurotrail.info\/wp\/wp-content\/uploads\/2023\/07\/ET-logo-quote_NL-scaled.jpg","contentUrl":"https:\/\/eurotrail.info\/wp\/wp-content\/uploads\/2023\/07\/ET-logo-quote_NL-scaled.jpg","width":2560,"height":675,"caption":"Eurotrail | The way we camp!"},"image":{"@id":"https:\/\/eurotrail.info\/#\/schema\/logo\/image\/"}}]}},"_links":{"self":[{"href":"https:\/\/eurotrail.info\/fr\/wp-json\/wp\/v2\/product\/20247","targetHints":{"allow":["GET"]}}],"collection":[{"href":"https:\/\/eurotrail.info\/fr\/wp-json\/wp\/v2\/product"}],"about":[{"href":"https:\/\/eurotrail.info\/fr\/wp-json\/wp\/v2\/types\/product"}],"replies":[{"embeddable":true,"href":"https:\/\/eurotrail.info\/fr\/wp-json\/wp\/v2\/comments?post=20247"}],"wp:featuredmedia":[{"embeddable":true,"href":"https:\/\/eurotrail.info\/fr\/wp-json\/wp\/v2\/media\/20242"}],"wp:attachment":[{"href":"https:\/\/eurotrail.info\/fr\/wp-json\/wp\/v2\/media?parent=20247"}],"wp:term":[{"taxonomy":"product_brand","embeddable":true,"href":"https:\/\/eurotrail.info\/fr\/wp-json\/wp\/v2\/product_brand?post=20247"},{"taxonomy":"product_cat","embeddable":true,"href":"https:\/\/eurotrail.info\/fr\/wp-json\/wp\/v2\/product_cat?post=20247"},{"taxonomy":"product_tag","embeddable":true,"href":"https:\/\/eurotrail.info\/fr\/wp-json\/wp\/v2\/product_tag?post=20247"}],"curies":[{"name":"wp","href":"https:\/\/api.w.org\/{rel}","templated":true}]}}