{"id":20288,"date":"2022-11-01T17:23:59","date_gmt":"2022-11-03T13:55:35","guid":{"rendered":"https:\/\/eurotrail.info\/?post_type=product&#038;p=20288"},"modified":"2023-05-04T07:45:26","modified_gmt":"2023-05-04T06:45:26","slug":"marbre-vaiselle-16-pcs","status":"publish","type":"product","link":"https:\/\/eurotrail.info\/fr\/producten\/articles-menagers\/vaisselle\/marbre-vaiselle-16-pcs\/","title":{"rendered":"Marbr\u00e9 vaiselle 16 pcs"},"content":{"rendered":"<p>Ensemble de vaisselle de 16 pi\u00e8ces. en 100% m\u00e9lamine avec un imprim\u00e9 marbr\u00e9 original et tendance.<br \/>\nLa qualit\u00e9 de la m\u00e9lamine robuste, le design original en marbre et la forme moderne des assiettes conf\u00e8rent \u00e0 l&#8217;ensemble un aspect de haute qualit\u00e9. Convient non seulement pour le camping mais aussi dans le jardin ! Passe au lave-vaisselle (ne convient pas pour une utilisation au micro-ondes).<\/p>\n<p>4 x Assiette plate, \u00d827&#215;1.5cm, 292 gr.<br \/>\n4 x Assiette petit-d\u00e9jeuner, \u00d820&#215;1,5cm, 200 gr.<br \/>\n4 x Bol, \u00d814,5&#215;6,5cm, 175 gr.<br \/>\n4 x Tasse, \u00d88,5x9cm, 120 gr. \/ 300 ml.<\/p>\n","protected":false},"excerpt":{"rendered":"<p>Ensemble de vaisselle de 16 pi\u00e8ces. en 100% m\u00e9lamine avec un imprim\u00e9 marbr\u00e9 original et tendance. La qualit\u00e9 de la m\u00e9lamine robuste, le design original&hellip;<\/p>\n","protected":false},"featured_media":20272,"comment_status":"open","ping_status":"closed","template":"","meta":{"_acf_changed":false},"product_brand":[],"product_cat":[243,247],"product_tag":[],"class_list":{"0":"post-20288","1":"product","2":"type-product","3":"status-publish","4":"has-post-thumbnail","6":"product_cat-articles-menagers","7":"product_cat-vaisselle","9":"first","10":"instock","11":"shipping-taxable","12":"product-type-simple"},"acf":[],"yoast_head":"<!-- This site is optimized with the Yoast SEO plugin v27.4 - https:\/\/yoast.com\/product\/yoast-seo-wordpress\/ -->\n<title>Marbr\u00e9 vaiselle 16 pcs - Eurotrail | The way we camp!<\/title>\n<meta name=\"description\" content=\"Ensemble de vaisselle de 16 pi\u00e8ces. en 100% m\u00e9lamine avec un imprim\u00e9 marbr\u00e9 original et tendance.\" \/>\n<meta name=\"robots\" content=\"index, follow, max-snippet:-1, max-image-preview:large, max-video-preview:-1\" \/>\n<link rel=\"canonical\" href=\"https:\/\/eurotrail.info\/fr\/producten\/articles-menagers\/vaisselle\/marbre-vaiselle-16-pcs\/\" \/>\n<meta property=\"og:locale\" content=\"fr_FR\" \/>\n<meta property=\"og:type\" content=\"article\" \/>\n<meta property=\"og:title\" content=\"Marbr\u00e9 vaiselle 16 pcs - Eurotrail | The way we camp!\" \/>\n<meta property=\"og:description\" content=\"Ensemble de vaisselle de 16 pi\u00e8ces. en 100% m\u00e9lamine avec un imprim\u00e9 marbr\u00e9 original et tendance.\" \/>\n<meta property=\"og:url\" content=\"https:\/\/eurotrail.info\/fr\/producten\/articles-menagers\/vaisselle\/marbre-vaiselle-16-pcs\/\" \/>\n<meta property=\"og:site_name\" content=\"Eurotrail | The way we camp!\" \/>\n<meta property=\"article:modified_time\" content=\"2023-05-04T06:45:26+00:00\" \/>\n<meta property=\"og:image\" content=\"https:\/\/eurotrail.info\/wp\/wp-content\/uploads\/2022\/11\/IMG_1121-scaled.jpg\" \/>\n\t<meta property=\"og:image:width\" content=\"2123\" \/>\n\t<meta property=\"og:image:height\" content=\"2560\" \/>\n\t<meta property=\"og:image:type\" content=\"image\/jpeg\" \/>\n<meta name=\"twitter:card\" content=\"summary_large_image\" \/>\n<meta name=\"twitter:label1\" content=\"Dur\u00e9e de lecture estim\u00e9e\" \/>\n\t<meta name=\"twitter:data1\" content=\"1 minute\" \/>\n<script type=\"application\/ld+json\" class=\"yoast-schema-graph\">{\"@context\":\"https:\\\/\\\/schema.org\",\"@graph\":[{\"@type\":\"WebPage\",\"@id\":\"https:\\\/\\\/eurotrail.info\\\/fr\\\/producten\\\/articles-menagers\\\/vaisselle\\\/marbre-vaiselle-16-pcs\\\/\",\"url\":\"https:\\\/\\\/eurotrail.info\\\/fr\\\/producten\\\/articles-menagers\\\/vaisselle\\\/marbre-vaiselle-16-pcs\\\/\",\"name\":\"Marbr\u00e9 vaiselle 16 pcs - Eurotrail | The way we camp!\",\"isPartOf\":{\"@id\":\"https:\\\/\\\/eurotrail.info\\\/#website\"},\"primaryImageOfPage\":{\"@id\":\"https:\\\/\\\/eurotrail.info\\\/fr\\\/producten\\\/articles-menagers\\\/vaisselle\\\/marbre-vaiselle-16-pcs\\\/#primaryimage\"},\"image\":{\"@id\":\"https:\\\/\\\/eurotrail.info\\\/fr\\\/producten\\\/articles-menagers\\\/vaisselle\\\/marbre-vaiselle-16-pcs\\\/#primaryimage\"},\"thumbnailUrl\":\"https:\\\/\\\/eurotrail.info\\\/wp\\\/wp-content\\\/uploads\\\/2022\\\/11\\\/IMG_1121-scaled.jpg\",\"datePublished\":\"2022-11-03T13:55:35+00:00\",\"dateModified\":\"2023-05-04T06:45:26+00:00\",\"description\":\"Ensemble de vaisselle de 16 pi\u00e8ces. en 100% m\u00e9lamine avec un imprim\u00e9 marbr\u00e9 original et tendance.\",\"breadcrumb\":{\"@id\":\"https:\\\/\\\/eurotrail.info\\\/fr\\\/producten\\\/articles-menagers\\\/vaisselle\\\/marbre-vaiselle-16-pcs\\\/#breadcrumb\"},\"inLanguage\":\"fr-FR\",\"potentialAction\":[{\"@type\":\"ReadAction\",\"target\":[\"https:\\\/\\\/eurotrail.info\\\/fr\\\/producten\\\/articles-menagers\\\/vaisselle\\\/marbre-vaiselle-16-pcs\\\/\"]}]},{\"@type\":\"ImageObject\",\"inLanguage\":\"fr-FR\",\"@id\":\"https:\\\/\\\/eurotrail.info\\\/fr\\\/producten\\\/articles-menagers\\\/vaisselle\\\/marbre-vaiselle-16-pcs\\\/#primaryimage\",\"url\":\"https:\\\/\\\/eurotrail.info\\\/wp\\\/wp-content\\\/uploads\\\/2022\\\/11\\\/IMG_1121-scaled.jpg\",\"contentUrl\":\"https:\\\/\\\/eurotrail.info\\\/wp\\\/wp-content\\\/uploads\\\/2022\\\/11\\\/IMG_1121-scaled.jpg\",\"width\":2123,\"height\":2560,\"caption\":\"Eurotrail Marble 16 dlg tafelservies\"},{\"@type\":\"BreadcrumbList\",\"@id\":\"https:\\\/\\\/eurotrail.info\\\/fr\\\/producten\\\/articles-menagers\\\/vaisselle\\\/marbre-vaiselle-16-pcs\\\/#breadcrumb\",\"itemListElement\":[{\"@type\":\"ListItem\",\"position\":1,\"name\":\"Home\",\"item\":\"https:\\\/\\\/eurotrail.info\\\/fr\\\/\"},{\"@type\":\"ListItem\",\"position\":2,\"name\":\"Produits\",\"item\":\"https:\\\/\\\/eurotrail.info\\\/fr\\\/produits\\\/\"},{\"@type\":\"ListItem\",\"position\":3,\"name\":\"Marbr\u00e9 vaiselle 16 pcs\"}]},{\"@type\":\"WebSite\",\"@id\":\"https:\\\/\\\/eurotrail.info\\\/#website\",\"url\":\"https:\\\/\\\/eurotrail.info\\\/\",\"name\":\"Eurotrail | The way we camp!\",\"description\":\"\",\"publisher\":{\"@id\":\"https:\\\/\\\/eurotrail.info\\\/#organization\"},\"potentialAction\":[{\"@type\":\"SearchAction\",\"target\":{\"@type\":\"EntryPoint\",\"urlTemplate\":\"https:\\\/\\\/eurotrail.info\\\/?s={search_term_string}\"},\"query-input\":{\"@type\":\"PropertyValueSpecification\",\"valueRequired\":true,\"valueName\":\"search_term_string\"}}],\"inLanguage\":\"fr-FR\"},{\"@type\":\"Organization\",\"@id\":\"https:\\\/\\\/eurotrail.info\\\/#organization\",\"name\":\"Eurotrail | The way we camp!\",\"url\":\"https:\\\/\\\/eurotrail.info\\\/\",\"logo\":{\"@type\":\"ImageObject\",\"inLanguage\":\"fr-FR\",\"@id\":\"https:\\\/\\\/eurotrail.info\\\/#\\\/schema\\\/logo\\\/image\\\/\",\"url\":\"https:\\\/\\\/eurotrail.info\\\/wp\\\/wp-content\\\/uploads\\\/2023\\\/07\\\/ET-logo-quote_NL-scaled.jpg\",\"contentUrl\":\"https:\\\/\\\/eurotrail.info\\\/wp\\\/wp-content\\\/uploads\\\/2023\\\/07\\\/ET-logo-quote_NL-scaled.jpg\",\"width\":2560,\"height\":675,\"caption\":\"Eurotrail | The way we camp!\"},\"image\":{\"@id\":\"https:\\\/\\\/eurotrail.info\\\/#\\\/schema\\\/logo\\\/image\\\/\"}}]}<\/script>\n<!-- \/ Yoast SEO plugin. -->","yoast_head_json":{"title":"Marbr\u00e9 vaiselle 16 pcs - Eurotrail | The way we camp!","description":"Ensemble de vaisselle de 16 pi\u00e8ces. en 100% m\u00e9lamine avec un imprim\u00e9 marbr\u00e9 original et tendance.","robots":{"index":"index","follow":"follow","max-snippet":"max-snippet:-1","max-image-preview":"max-image-preview:large","max-video-preview":"max-video-preview:-1"},"canonical":"https:\/\/eurotrail.info\/fr\/producten\/articles-menagers\/vaisselle\/marbre-vaiselle-16-pcs\/","og_locale":"fr_FR","og_type":"article","og_title":"Marbr\u00e9 vaiselle 16 pcs - Eurotrail | The way we camp!","og_description":"Ensemble de vaisselle de 16 pi\u00e8ces. en 100% m\u00e9lamine avec un imprim\u00e9 marbr\u00e9 original et tendance.","og_url":"https:\/\/eurotrail.info\/fr\/producten\/articles-menagers\/vaisselle\/marbre-vaiselle-16-pcs\/","og_site_name":"Eurotrail | The way we camp!","article_modified_time":"2023-05-04T06:45:26+00:00","og_image":[{"width":2123,"height":2560,"url":"https:\/\/eurotrail.info\/wp\/wp-content\/uploads\/2022\/11\/IMG_1121-scaled.jpg","type":"image\/jpeg"}],"twitter_card":"summary_large_image","twitter_misc":{"Dur\u00e9e de lecture estim\u00e9e":"1 minute"},"schema":{"@context":"https:\/\/schema.org","@graph":[{"@type":"WebPage","@id":"https:\/\/eurotrail.info\/fr\/producten\/articles-menagers\/vaisselle\/marbre-vaiselle-16-pcs\/","url":"https:\/\/eurotrail.info\/fr\/producten\/articles-menagers\/vaisselle\/marbre-vaiselle-16-pcs\/","name":"Marbr\u00e9 vaiselle 16 pcs - Eurotrail | The way we camp!","isPartOf":{"@id":"https:\/\/eurotrail.info\/#website"},"primaryImageOfPage":{"@id":"https:\/\/eurotrail.info\/fr\/producten\/articles-menagers\/vaisselle\/marbre-vaiselle-16-pcs\/#primaryimage"},"image":{"@id":"https:\/\/eurotrail.info\/fr\/producten\/articles-menagers\/vaisselle\/marbre-vaiselle-16-pcs\/#primaryimage"},"thumbnailUrl":"https:\/\/eurotrail.info\/wp\/wp-content\/uploads\/2022\/11\/IMG_1121-scaled.jpg","datePublished":"2022-11-03T13:55:35+00:00","dateModified":"2023-05-04T06:45:26+00:00","description":"Ensemble de vaisselle de 16 pi\u00e8ces. en 100% m\u00e9lamine avec un imprim\u00e9 marbr\u00e9 original et tendance.","breadcrumb":{"@id":"https:\/\/eurotrail.info\/fr\/producten\/articles-menagers\/vaisselle\/marbre-vaiselle-16-pcs\/#breadcrumb"},"inLanguage":"fr-FR","potentialAction":[{"@type":"ReadAction","target":["https:\/\/eurotrail.info\/fr\/producten\/articles-menagers\/vaisselle\/marbre-vaiselle-16-pcs\/"]}]},{"@type":"ImageObject","inLanguage":"fr-FR","@id":"https:\/\/eurotrail.info\/fr\/producten\/articles-menagers\/vaisselle\/marbre-vaiselle-16-pcs\/#primaryimage","url":"https:\/\/eurotrail.info\/wp\/wp-content\/uploads\/2022\/11\/IMG_1121-scaled.jpg","contentUrl":"https:\/\/eurotrail.info\/wp\/wp-content\/uploads\/2022\/11\/IMG_1121-scaled.jpg","width":2123,"height":2560,"caption":"Eurotrail Marble 16 dlg tafelservies"},{"@type":"BreadcrumbList","@id":"https:\/\/eurotrail.info\/fr\/producten\/articles-menagers\/vaisselle\/marbre-vaiselle-16-pcs\/#breadcrumb","itemListElement":[{"@type":"ListItem","position":1,"name":"Home","item":"https:\/\/eurotrail.info\/fr\/"},{"@type":"ListItem","position":2,"name":"Produits","item":"https:\/\/eurotrail.info\/fr\/produits\/"},{"@type":"ListItem","position":3,"name":"Marbr\u00e9 vaiselle 16 pcs"}]},{"@type":"WebSite","@id":"https:\/\/eurotrail.info\/#website","url":"https:\/\/eurotrail.info\/","name":"Eurotrail | The way we camp!","description":"","publisher":{"@id":"https:\/\/eurotrail.info\/#organization"},"potentialAction":[{"@type":"SearchAction","target":{"@type":"EntryPoint","urlTemplate":"https:\/\/eurotrail.info\/?s={search_term_string}"},"query-input":{"@type":"PropertyValueSpecification","valueRequired":true,"valueName":"search_term_string"}}],"inLanguage":"fr-FR"},{"@type":"Organization","@id":"https:\/\/eurotrail.info\/#organization","name":"Eurotrail | The way we camp!","url":"https:\/\/eurotrail.info\/","logo":{"@type":"ImageObject","inLanguage":"fr-FR","@id":"https:\/\/eurotrail.info\/#\/schema\/logo\/image\/","url":"https:\/\/eurotrail.info\/wp\/wp-content\/uploads\/2023\/07\/ET-logo-quote_NL-scaled.jpg","contentUrl":"https:\/\/eurotrail.info\/wp\/wp-content\/uploads\/2023\/07\/ET-logo-quote_NL-scaled.jpg","width":2560,"height":675,"caption":"Eurotrail | The way we camp!"},"image":{"@id":"https:\/\/eurotrail.info\/#\/schema\/logo\/image\/"}}]}},"_links":{"self":[{"href":"https:\/\/eurotrail.info\/fr\/wp-json\/wp\/v2\/product\/20288","targetHints":{"allow":["GET"]}}],"collection":[{"href":"https:\/\/eurotrail.info\/fr\/wp-json\/wp\/v2\/product"}],"about":[{"href":"https:\/\/eurotrail.info\/fr\/wp-json\/wp\/v2\/types\/product"}],"replies":[{"embeddable":true,"href":"https:\/\/eurotrail.info\/fr\/wp-json\/wp\/v2\/comments?post=20288"}],"wp:featuredmedia":[{"embeddable":true,"href":"https:\/\/eurotrail.info\/fr\/wp-json\/wp\/v2\/media\/20272"}],"wp:attachment":[{"href":"https:\/\/eurotrail.info\/fr\/wp-json\/wp\/v2\/media?parent=20288"}],"wp:term":[{"taxonomy":"product_brand","embeddable":true,"href":"https:\/\/eurotrail.info\/fr\/wp-json\/wp\/v2\/product_brand?post=20288"},{"taxonomy":"product_cat","embeddable":true,"href":"https:\/\/eurotrail.info\/fr\/wp-json\/wp\/v2\/product_cat?post=20288"},{"taxonomy":"product_tag","embeddable":true,"href":"https:\/\/eurotrail.info\/fr\/wp-json\/wp\/v2\/product_tag?post=20288"}],"curies":[{"name":"wp","href":"https:\/\/api.w.org\/{rel}","templated":true}]}}