{"id":20359,"date":"2022-11-03T15:23:57","date_gmt":"2022-11-03T14:26:36","guid":{"rendered":"https:\/\/eurotrail.info\/?post_type=product&#038;p=20359"},"modified":"2023-04-06T15:28:01","modified_gmt":"2023-04-06T14:28:01","slug":"nebu-vaisselle-16-pcs","status":"publish","type":"product","link":"https:\/\/eurotrail.info\/fr\/producten\/articles-menagers\/vaisselle\/nebu-vaisselle-16-pcs\/","title":{"rendered":"Nebu vaisselle 16 pcs."},"content":{"rendered":"<p>Service de table 16 pi\u00e8ces en m\u00e9lamine avec imprim\u00e9 original ! Le NEBU est \u00e9quip\u00e9 d&#8217;un anneau antid\u00e9rapant en bas pour \u00e9viter tout glissement. La qualit\u00e9 de la m\u00e9lamine, le design original et le design tendance conf\u00e8rent au service un aspect de grande qualit\u00e9.<br \/>\nConvient non seulement pour le camping mais aussi dans le jardin ! Passe au lave-vaisselle (ne convient pas pour une utilisation au micro-ondes).<\/p>\n<p>4 x Assiette plate, \u00d826&#215;1,6cm, 260 gr.<br \/>\n4 x Assiette petit-d\u00e9jeuner, \u00d822,8&#215;1,6cm, 205 gr.<br \/>\n4 x Bol, \u00d817,8&#215;6,5cm, 260 gr.<br \/>\n4 x Tasse, \u00d88.4x10cm, 120 gr. 310ml.<\/p>\n","protected":false},"excerpt":{"rendered":"<p>Service de table 16 pi\u00e8ces en m\u00e9lamine avec imprim\u00e9 original ! Le NEBU est \u00e9quip\u00e9 d&#8217;un anneau antid\u00e9rapant en bas pour \u00e9viter tout glissement. La&hellip;<\/p>\n","protected":false},"featured_media":20364,"comment_status":"open","ping_status":"closed","template":"","meta":{"_acf_changed":false},"product_brand":[],"product_cat":[243,247],"product_tag":[],"class_list":{"0":"post-20359","1":"product","2":"type-product","3":"status-publish","4":"has-post-thumbnail","6":"product_cat-articles-menagers","7":"product_cat-vaisselle","9":"first","10":"instock","11":"shipping-taxable","12":"product-type-simple"},"acf":[],"yoast_head":"<!-- This site is optimized with the Yoast SEO plugin v27.4 - https:\/\/yoast.com\/product\/yoast-seo-wordpress\/ -->\n<title>Nebu vaisselle 16 pcs. - Eurotrail | The way we camp!<\/title>\n<meta name=\"description\" content=\"Service de table 16 pi\u00e8ces en m\u00e9lamine avec imprim\u00e9 original ! Le NEBU est \u00e9quip\u00e9 d&#039;un anneau antid\u00e9rapant en bas pour \u00e9viter tout glissement.\" \/>\n<meta name=\"robots\" content=\"index, follow, max-snippet:-1, max-image-preview:large, max-video-preview:-1\" \/>\n<link rel=\"canonical\" href=\"https:\/\/eurotrail.info\/fr\/producten\/articles-menagers\/vaisselle\/nebu-vaisselle-16-pcs\/\" \/>\n<meta property=\"og:locale\" content=\"fr_FR\" \/>\n<meta property=\"og:type\" content=\"article\" \/>\n<meta property=\"og:title\" content=\"Nebu vaisselle 16 pcs. - Eurotrail | The way we camp!\" \/>\n<meta property=\"og:description\" content=\"Service de table 16 pi\u00e8ces en m\u00e9lamine avec imprim\u00e9 original ! Le NEBU est \u00e9quip\u00e9 d&#039;un anneau antid\u00e9rapant en bas pour \u00e9viter tout glissement.\" \/>\n<meta property=\"og:url\" content=\"https:\/\/eurotrail.info\/fr\/producten\/articles-menagers\/vaisselle\/nebu-vaisselle-16-pcs\/\" \/>\n<meta property=\"og:site_name\" content=\"Eurotrail | The way we camp!\" \/>\n<meta property=\"article:modified_time\" content=\"2023-04-06T14:28:01+00:00\" \/>\n<meta property=\"og:image\" content=\"https:\/\/eurotrail.info\/wp\/wp-content\/uploads\/2022\/11\/Nebu-grey-2-KLEIN.jpg\" \/>\n\t<meta property=\"og:image:width\" content=\"1959\" \/>\n\t<meta property=\"og:image:height\" content=\"1884\" \/>\n\t<meta property=\"og:image:type\" content=\"image\/jpeg\" \/>\n<meta name=\"twitter:card\" content=\"summary_large_image\" \/>\n<meta name=\"twitter:label1\" content=\"Dur\u00e9e de lecture estim\u00e9e\" \/>\n\t<meta name=\"twitter:data1\" content=\"1 minute\" \/>\n<script type=\"application\/ld+json\" class=\"yoast-schema-graph\">{\"@context\":\"https:\\\/\\\/schema.org\",\"@graph\":[{\"@type\":\"WebPage\",\"@id\":\"https:\\\/\\\/eurotrail.info\\\/fr\\\/producten\\\/articles-menagers\\\/vaisselle\\\/nebu-vaisselle-16-pcs\\\/\",\"url\":\"https:\\\/\\\/eurotrail.info\\\/fr\\\/producten\\\/articles-menagers\\\/vaisselle\\\/nebu-vaisselle-16-pcs\\\/\",\"name\":\"Nebu vaisselle 16 pcs. - Eurotrail | The way we camp!\",\"isPartOf\":{\"@id\":\"https:\\\/\\\/eurotrail.info\\\/#website\"},\"primaryImageOfPage\":{\"@id\":\"https:\\\/\\\/eurotrail.info\\\/fr\\\/producten\\\/articles-menagers\\\/vaisselle\\\/nebu-vaisselle-16-pcs\\\/#primaryimage\"},\"image\":{\"@id\":\"https:\\\/\\\/eurotrail.info\\\/fr\\\/producten\\\/articles-menagers\\\/vaisselle\\\/nebu-vaisselle-16-pcs\\\/#primaryimage\"},\"thumbnailUrl\":\"https:\\\/\\\/eurotrail.info\\\/wp\\\/wp-content\\\/uploads\\\/2022\\\/11\\\/Nebu-grey-2-KLEIN.jpg\",\"datePublished\":\"2022-11-03T14:26:36+00:00\",\"dateModified\":\"2023-04-06T14:28:01+00:00\",\"description\":\"Service de table 16 pi\u00e8ces en m\u00e9lamine avec imprim\u00e9 original ! Le NEBU est \u00e9quip\u00e9 d'un anneau antid\u00e9rapant en bas pour \u00e9viter tout glissement.\",\"breadcrumb\":{\"@id\":\"https:\\\/\\\/eurotrail.info\\\/fr\\\/producten\\\/articles-menagers\\\/vaisselle\\\/nebu-vaisselle-16-pcs\\\/#breadcrumb\"},\"inLanguage\":\"fr-FR\",\"potentialAction\":[{\"@type\":\"ReadAction\",\"target\":[\"https:\\\/\\\/eurotrail.info\\\/fr\\\/producten\\\/articles-menagers\\\/vaisselle\\\/nebu-vaisselle-16-pcs\\\/\"]}]},{\"@type\":\"ImageObject\",\"inLanguage\":\"fr-FR\",\"@id\":\"https:\\\/\\\/eurotrail.info\\\/fr\\\/producten\\\/articles-menagers\\\/vaisselle\\\/nebu-vaisselle-16-pcs\\\/#primaryimage\",\"url\":\"https:\\\/\\\/eurotrail.info\\\/wp\\\/wp-content\\\/uploads\\\/2022\\\/11\\\/Nebu-grey-2-KLEIN.jpg\",\"contentUrl\":\"https:\\\/\\\/eurotrail.info\\\/wp\\\/wp-content\\\/uploads\\\/2022\\\/11\\\/Nebu-grey-2-KLEIN.jpg\",\"width\":1959,\"height\":1884,\"caption\":\"Eurotrail Nebu tafelservies 16 dlg.\"},{\"@type\":\"BreadcrumbList\",\"@id\":\"https:\\\/\\\/eurotrail.info\\\/fr\\\/producten\\\/articles-menagers\\\/vaisselle\\\/nebu-vaisselle-16-pcs\\\/#breadcrumb\",\"itemListElement\":[{\"@type\":\"ListItem\",\"position\":1,\"name\":\"Home\",\"item\":\"https:\\\/\\\/eurotrail.info\\\/fr\\\/\"},{\"@type\":\"ListItem\",\"position\":2,\"name\":\"Produits\",\"item\":\"https:\\\/\\\/eurotrail.info\\\/fr\\\/produits\\\/\"},{\"@type\":\"ListItem\",\"position\":3,\"name\":\"Nebu vaisselle 16 pcs.\"}]},{\"@type\":\"WebSite\",\"@id\":\"https:\\\/\\\/eurotrail.info\\\/#website\",\"url\":\"https:\\\/\\\/eurotrail.info\\\/\",\"name\":\"Eurotrail | The way we camp!\",\"description\":\"\",\"publisher\":{\"@id\":\"https:\\\/\\\/eurotrail.info\\\/#organization\"},\"potentialAction\":[{\"@type\":\"SearchAction\",\"target\":{\"@type\":\"EntryPoint\",\"urlTemplate\":\"https:\\\/\\\/eurotrail.info\\\/?s={search_term_string}\"},\"query-input\":{\"@type\":\"PropertyValueSpecification\",\"valueRequired\":true,\"valueName\":\"search_term_string\"}}],\"inLanguage\":\"fr-FR\"},{\"@type\":\"Organization\",\"@id\":\"https:\\\/\\\/eurotrail.info\\\/#organization\",\"name\":\"Eurotrail | The way we camp!\",\"url\":\"https:\\\/\\\/eurotrail.info\\\/\",\"logo\":{\"@type\":\"ImageObject\",\"inLanguage\":\"fr-FR\",\"@id\":\"https:\\\/\\\/eurotrail.info\\\/#\\\/schema\\\/logo\\\/image\\\/\",\"url\":\"https:\\\/\\\/eurotrail.info\\\/wp\\\/wp-content\\\/uploads\\\/2023\\\/07\\\/ET-logo-quote_NL-scaled.jpg\",\"contentUrl\":\"https:\\\/\\\/eurotrail.info\\\/wp\\\/wp-content\\\/uploads\\\/2023\\\/07\\\/ET-logo-quote_NL-scaled.jpg\",\"width\":2560,\"height\":675,\"caption\":\"Eurotrail | The way we camp!\"},\"image\":{\"@id\":\"https:\\\/\\\/eurotrail.info\\\/#\\\/schema\\\/logo\\\/image\\\/\"}}]}<\/script>\n<!-- \/ Yoast SEO plugin. -->","yoast_head_json":{"title":"Nebu vaisselle 16 pcs. - Eurotrail | The way we camp!","description":"Service de table 16 pi\u00e8ces en m\u00e9lamine avec imprim\u00e9 original ! Le NEBU est \u00e9quip\u00e9 d'un anneau antid\u00e9rapant en bas pour \u00e9viter tout glissement.","robots":{"index":"index","follow":"follow","max-snippet":"max-snippet:-1","max-image-preview":"max-image-preview:large","max-video-preview":"max-video-preview:-1"},"canonical":"https:\/\/eurotrail.info\/fr\/producten\/articles-menagers\/vaisselle\/nebu-vaisselle-16-pcs\/","og_locale":"fr_FR","og_type":"article","og_title":"Nebu vaisselle 16 pcs. - Eurotrail | The way we camp!","og_description":"Service de table 16 pi\u00e8ces en m\u00e9lamine avec imprim\u00e9 original ! Le NEBU est \u00e9quip\u00e9 d'un anneau antid\u00e9rapant en bas pour \u00e9viter tout glissement.","og_url":"https:\/\/eurotrail.info\/fr\/producten\/articles-menagers\/vaisselle\/nebu-vaisselle-16-pcs\/","og_site_name":"Eurotrail | The way we camp!","article_modified_time":"2023-04-06T14:28:01+00:00","og_image":[{"width":1959,"height":1884,"url":"https:\/\/eurotrail.info\/wp\/wp-content\/uploads\/2022\/11\/Nebu-grey-2-KLEIN.jpg","type":"image\/jpeg"}],"twitter_card":"summary_large_image","twitter_misc":{"Dur\u00e9e de lecture estim\u00e9e":"1 minute"},"schema":{"@context":"https:\/\/schema.org","@graph":[{"@type":"WebPage","@id":"https:\/\/eurotrail.info\/fr\/producten\/articles-menagers\/vaisselle\/nebu-vaisselle-16-pcs\/","url":"https:\/\/eurotrail.info\/fr\/producten\/articles-menagers\/vaisselle\/nebu-vaisselle-16-pcs\/","name":"Nebu vaisselle 16 pcs. - Eurotrail | The way we camp!","isPartOf":{"@id":"https:\/\/eurotrail.info\/#website"},"primaryImageOfPage":{"@id":"https:\/\/eurotrail.info\/fr\/producten\/articles-menagers\/vaisselle\/nebu-vaisselle-16-pcs\/#primaryimage"},"image":{"@id":"https:\/\/eurotrail.info\/fr\/producten\/articles-menagers\/vaisselle\/nebu-vaisselle-16-pcs\/#primaryimage"},"thumbnailUrl":"https:\/\/eurotrail.info\/wp\/wp-content\/uploads\/2022\/11\/Nebu-grey-2-KLEIN.jpg","datePublished":"2022-11-03T14:26:36+00:00","dateModified":"2023-04-06T14:28:01+00:00","description":"Service de table 16 pi\u00e8ces en m\u00e9lamine avec imprim\u00e9 original ! Le NEBU est \u00e9quip\u00e9 d'un anneau antid\u00e9rapant en bas pour \u00e9viter tout glissement.","breadcrumb":{"@id":"https:\/\/eurotrail.info\/fr\/producten\/articles-menagers\/vaisselle\/nebu-vaisselle-16-pcs\/#breadcrumb"},"inLanguage":"fr-FR","potentialAction":[{"@type":"ReadAction","target":["https:\/\/eurotrail.info\/fr\/producten\/articles-menagers\/vaisselle\/nebu-vaisselle-16-pcs\/"]}]},{"@type":"ImageObject","inLanguage":"fr-FR","@id":"https:\/\/eurotrail.info\/fr\/producten\/articles-menagers\/vaisselle\/nebu-vaisselle-16-pcs\/#primaryimage","url":"https:\/\/eurotrail.info\/wp\/wp-content\/uploads\/2022\/11\/Nebu-grey-2-KLEIN.jpg","contentUrl":"https:\/\/eurotrail.info\/wp\/wp-content\/uploads\/2022\/11\/Nebu-grey-2-KLEIN.jpg","width":1959,"height":1884,"caption":"Eurotrail Nebu tafelservies 16 dlg."},{"@type":"BreadcrumbList","@id":"https:\/\/eurotrail.info\/fr\/producten\/articles-menagers\/vaisselle\/nebu-vaisselle-16-pcs\/#breadcrumb","itemListElement":[{"@type":"ListItem","position":1,"name":"Home","item":"https:\/\/eurotrail.info\/fr\/"},{"@type":"ListItem","position":2,"name":"Produits","item":"https:\/\/eurotrail.info\/fr\/produits\/"},{"@type":"ListItem","position":3,"name":"Nebu vaisselle 16 pcs."}]},{"@type":"WebSite","@id":"https:\/\/eurotrail.info\/#website","url":"https:\/\/eurotrail.info\/","name":"Eurotrail | The way we camp!","description":"","publisher":{"@id":"https:\/\/eurotrail.info\/#organization"},"potentialAction":[{"@type":"SearchAction","target":{"@type":"EntryPoint","urlTemplate":"https:\/\/eurotrail.info\/?s={search_term_string}"},"query-input":{"@type":"PropertyValueSpecification","valueRequired":true,"valueName":"search_term_string"}}],"inLanguage":"fr-FR"},{"@type":"Organization","@id":"https:\/\/eurotrail.info\/#organization","name":"Eurotrail | The way we camp!","url":"https:\/\/eurotrail.info\/","logo":{"@type":"ImageObject","inLanguage":"fr-FR","@id":"https:\/\/eurotrail.info\/#\/schema\/logo\/image\/","url":"https:\/\/eurotrail.info\/wp\/wp-content\/uploads\/2023\/07\/ET-logo-quote_NL-scaled.jpg","contentUrl":"https:\/\/eurotrail.info\/wp\/wp-content\/uploads\/2023\/07\/ET-logo-quote_NL-scaled.jpg","width":2560,"height":675,"caption":"Eurotrail | The way we camp!"},"image":{"@id":"https:\/\/eurotrail.info\/#\/schema\/logo\/image\/"}}]}},"_links":{"self":[{"href":"https:\/\/eurotrail.info\/fr\/wp-json\/wp\/v2\/product\/20359","targetHints":{"allow":["GET"]}}],"collection":[{"href":"https:\/\/eurotrail.info\/fr\/wp-json\/wp\/v2\/product"}],"about":[{"href":"https:\/\/eurotrail.info\/fr\/wp-json\/wp\/v2\/types\/product"}],"replies":[{"embeddable":true,"href":"https:\/\/eurotrail.info\/fr\/wp-json\/wp\/v2\/comments?post=20359"}],"wp:featuredmedia":[{"embeddable":true,"href":"https:\/\/eurotrail.info\/fr\/wp-json\/wp\/v2\/media\/20364"}],"wp:attachment":[{"href":"https:\/\/eurotrail.info\/fr\/wp-json\/wp\/v2\/media?parent=20359"}],"wp:term":[{"taxonomy":"product_brand","embeddable":true,"href":"https:\/\/eurotrail.info\/fr\/wp-json\/wp\/v2\/product_brand?post=20359"},{"taxonomy":"product_cat","embeddable":true,"href":"https:\/\/eurotrail.info\/fr\/wp-json\/wp\/v2\/product_cat?post=20359"},{"taxonomy":"product_tag","embeddable":true,"href":"https:\/\/eurotrail.info\/fr\/wp-json\/wp\/v2\/product_tag?post=20359"}],"curies":[{"name":"wp","href":"https:\/\/api.w.org\/{rel}","templated":true}]}}