{"id":20409,"date":"2022-11-03T15:38:21","date_gmt":"2022-11-03T14:38:21","guid":{"rendered":"https:\/\/eurotrail.info\/?post_type=product&#038;p=20409"},"modified":"2026-03-19T11:41:28","modified_gmt":"2026-03-19T10:41:28","slug":"kendal-comfort-chaise-air-mesh","status":"publish","type":"product","link":"https:\/\/eurotrail.info\/fr\/producten\/meubles\/chaises-de-camping\/kendal-comfort-chaise-air-mesh\/","title":{"rendered":"Kendal Comfort chaise air mesh"},"content":{"rendered":"<p>Chaise de camping confortable avec dossier haut et appui-t\u00eate r\u00e9glable.<\/p>\n<p>Profitez d&#8217;un confort d&#8217;assise optimal au camping, dans le jardin ou en camping-car gr\u00e2ce \u00e0 cette chaise de camping confortable dot\u00e9e d&#8217;une assise extra-large et d&#8217;un dossier haut. Son cadre en D en aluminium, robuste et l\u00e9ger, lui permet de supporter jusqu&#8217;\u00e0 140 kg tout en restant facile \u00e0 transporter.<\/p>\n<p>L&#8217;assise est en tissu Air Mesh rembourr\u00e9, offrant une excellente ventilation et un confort optimal. Ainsi, la chaise reste confortable, m\u00eame par temps chaud ou lors d&#8217;une utilisation prolong\u00e9e.<\/p>\n<p>Le dossier r\u00e9glable sur 6 positions vous permet de toujours trouver la position assise id\u00e9ale. Que vous souhaitiez manger droit ou vous d\u00e9tendre avec un livre, cette chaise de camping s&#8217;adapte sans effort. L&#8217;appui-t\u00eate r\u00e9glable avec coussin offre un soutien suppl\u00e9mentaire \u00e0 votre nuque et \u00e0 votre t\u00eate et peut \u00eatre ajust\u00e9 \u00e0 la hauteur souhait\u00e9e, voire servir de soutien lombaire !<\/p>\n<p>Pour encore plus de confort, un repose-pieds assorti est disponible en option, vous permettant de transformer facilement la chaise en fauteuil inclinable.<\/p>\n<p>Caract\u00e9ristiques principales :<\/p>\n<p>Assise extra-large et confortable<br \/>\nDossier haut avec appui-t\u00eate r\u00e9glable<br \/>\nDossier r\u00e9glable sur 6 positions<br \/>\nStructure robuste en aluminium en forme de D<br \/>\nCharge maximale support\u00e9e : 140 kg<br \/>\nTissu Air Mesh respirant et confortable<br \/>\nRepose-pieds en option pour plus de d\u00e9tente<\/p>\n<p>Cette chaise de camping r\u00e9glable est id\u00e9ale pour les campeurs qui privil\u00e9gient le confort, la qualit\u00e9 et la durabilit\u00e9.<\/p>\n<p>Mati\u00e8re : Air mesh 100% polyester + envers textil\u00e8ne 600gr, rembourrage mousse 2cm.<br \/>\nCadre : cadre en D en aluminium<br \/>\nDimensions : 51x55x123cm<br \/>\nPli\u00e9 : 105x63x11cm<br \/>\nPoids : 5,1 kg.<br \/>\nMax. charge : 140 kg.<\/p>\n","protected":false},"excerpt":{"rendered":"<p>Chaise de camping confortable avec dossier haut et appui-t\u00eate r\u00e9glable. Profitez d&#8217;un confort d&#8217;assise optimal au camping, dans le jardin ou en camping-car gr\u00e2ce \u00e0&hellip;<\/p>\n","protected":false},"featured_media":30208,"comment_status":"open","ping_status":"closed","template":"","meta":{"_acf_changed":false},"product_brand":[],"product_cat":[254,253],"product_tag":[],"class_list":{"0":"post-20409","1":"product","2":"type-product","3":"status-publish","4":"has-post-thumbnail","6":"product_cat-chaises-de-camping","7":"product_cat-meubles","9":"first","10":"instock","11":"shipping-taxable","12":"product-type-simple"},"acf":[],"yoast_head":"<!-- This site is optimized with the Yoast SEO plugin v27.3 - https:\/\/yoast.com\/product\/yoast-seo-wordpress\/ -->\n<title>Kendal Comfort chaise air mesh - Eurotrail | The way we camp!<\/title>\n<meta name=\"description\" content=\"Chaise de camping confortable avec si\u00e8ge extra large et dossier haut avec coussin. Le cadre en D en aluminium renforc\u00e9 offre une charge maximale jusqu&#039;\u00e0 140 kg.!\" \/>\n<meta name=\"robots\" content=\"index, follow, max-snippet:-1, max-image-preview:large, max-video-preview:-1\" \/>\n<link rel=\"canonical\" href=\"https:\/\/eurotrail.info\/fr\/producten\/meubles\/chaises-de-camping\/kendal-comfort-chaise-air-mesh\/\" \/>\n<meta property=\"og:locale\" content=\"fr_FR\" \/>\n<meta property=\"og:type\" content=\"article\" \/>\n<meta property=\"og:title\" content=\"Kendal Comfort chaise air mesh - Eurotrail | The way we camp!\" \/>\n<meta property=\"og:description\" content=\"Chaise de camping confortable avec si\u00e8ge extra large et dossier haut avec coussin. Le cadre en D en aluminium renforc\u00e9 offre une charge maximale jusqu&#039;\u00e0 140 kg.!\" \/>\n<meta property=\"og:url\" content=\"https:\/\/eurotrail.info\/fr\/producten\/meubles\/chaises-de-camping\/kendal-comfort-chaise-air-mesh\/\" \/>\n<meta property=\"og:site_name\" content=\"Eurotrail | The way we camp!\" \/>\n<meta property=\"article:modified_time\" content=\"2026-03-19T10:41:28+00:00\" \/>\n<meta property=\"og:image\" content=\"https:\/\/eurotrail.info\/wp\/wp-content\/uploads\/2022\/11\/ETCF1444-b-scaled.jpg\" \/>\n\t<meta property=\"og:image:width\" content=\"1607\" \/>\n\t<meta property=\"og:image:height\" content=\"2560\" \/>\n\t<meta property=\"og:image:type\" content=\"image\/jpeg\" \/>\n<meta name=\"twitter:card\" content=\"summary_large_image\" \/>\n<meta name=\"twitter:label1\" content=\"Dur\u00e9e de lecture estim\u00e9e\" \/>\n\t<meta name=\"twitter:data1\" content=\"2 minutes\" \/>\n<script type=\"application\/ld+json\" class=\"yoast-schema-graph\">{\"@context\":\"https:\\\/\\\/schema.org\",\"@graph\":[{\"@type\":\"WebPage\",\"@id\":\"https:\\\/\\\/eurotrail.info\\\/fr\\\/producten\\\/meubles\\\/chaises-de-camping\\\/kendal-comfort-chaise-air-mesh\\\/\",\"url\":\"https:\\\/\\\/eurotrail.info\\\/fr\\\/producten\\\/meubles\\\/chaises-de-camping\\\/kendal-comfort-chaise-air-mesh\\\/\",\"name\":\"Kendal Comfort chaise air mesh - Eurotrail | The way we camp!\",\"isPartOf\":{\"@id\":\"https:\\\/\\\/eurotrail.info\\\/#website\"},\"primaryImageOfPage\":{\"@id\":\"https:\\\/\\\/eurotrail.info\\\/fr\\\/producten\\\/meubles\\\/chaises-de-camping\\\/kendal-comfort-chaise-air-mesh\\\/#primaryimage\"},\"image\":{\"@id\":\"https:\\\/\\\/eurotrail.info\\\/fr\\\/producten\\\/meubles\\\/chaises-de-camping\\\/kendal-comfort-chaise-air-mesh\\\/#primaryimage\"},\"thumbnailUrl\":\"https:\\\/\\\/eurotrail.info\\\/wp\\\/wp-content\\\/uploads\\\/2022\\\/11\\\/ETCF1444-b-scaled.jpg\",\"datePublished\":\"2022-11-03T14:38:21+00:00\",\"dateModified\":\"2026-03-19T10:41:28+00:00\",\"description\":\"Chaise de camping confortable avec si\u00e8ge extra large et dossier haut avec coussin. Le cadre en D en aluminium renforc\u00e9 offre une charge maximale jusqu'\u00e0 140 kg.!\",\"breadcrumb\":{\"@id\":\"https:\\\/\\\/eurotrail.info\\\/fr\\\/producten\\\/meubles\\\/chaises-de-camping\\\/kendal-comfort-chaise-air-mesh\\\/#breadcrumb\"},\"inLanguage\":\"fr-FR\",\"potentialAction\":[{\"@type\":\"ReadAction\",\"target\":[\"https:\\\/\\\/eurotrail.info\\\/fr\\\/producten\\\/meubles\\\/chaises-de-camping\\\/kendal-comfort-chaise-air-mesh\\\/\"]}]},{\"@type\":\"ImageObject\",\"inLanguage\":\"fr-FR\",\"@id\":\"https:\\\/\\\/eurotrail.info\\\/fr\\\/producten\\\/meubles\\\/chaises-de-camping\\\/kendal-comfort-chaise-air-mesh\\\/#primaryimage\",\"url\":\"https:\\\/\\\/eurotrail.info\\\/wp\\\/wp-content\\\/uploads\\\/2022\\\/11\\\/ETCF1444-b-scaled.jpg\",\"contentUrl\":\"https:\\\/\\\/eurotrail.info\\\/wp\\\/wp-content\\\/uploads\\\/2022\\\/11\\\/ETCF1444-b-scaled.jpg\",\"width\":1607,\"height\":2560},{\"@type\":\"BreadcrumbList\",\"@id\":\"https:\\\/\\\/eurotrail.info\\\/fr\\\/producten\\\/meubles\\\/chaises-de-camping\\\/kendal-comfort-chaise-air-mesh\\\/#breadcrumb\",\"itemListElement\":[{\"@type\":\"ListItem\",\"position\":1,\"name\":\"Home\",\"item\":\"https:\\\/\\\/eurotrail.info\\\/fr\\\/\"},{\"@type\":\"ListItem\",\"position\":2,\"name\":\"Produits\",\"item\":\"https:\\\/\\\/eurotrail.info\\\/fr\\\/produits\\\/\"},{\"@type\":\"ListItem\",\"position\":3,\"name\":\"Kendal Comfort chaise air mesh\"}]},{\"@type\":\"WebSite\",\"@id\":\"https:\\\/\\\/eurotrail.info\\\/#website\",\"url\":\"https:\\\/\\\/eurotrail.info\\\/\",\"name\":\"Eurotrail | The way we camp!\",\"description\":\"\",\"publisher\":{\"@id\":\"https:\\\/\\\/eurotrail.info\\\/#organization\"},\"potentialAction\":[{\"@type\":\"SearchAction\",\"target\":{\"@type\":\"EntryPoint\",\"urlTemplate\":\"https:\\\/\\\/eurotrail.info\\\/?s={search_term_string}\"},\"query-input\":{\"@type\":\"PropertyValueSpecification\",\"valueRequired\":true,\"valueName\":\"search_term_string\"}}],\"inLanguage\":\"fr-FR\"},{\"@type\":\"Organization\",\"@id\":\"https:\\\/\\\/eurotrail.info\\\/#organization\",\"name\":\"Eurotrail | The way we camp!\",\"url\":\"https:\\\/\\\/eurotrail.info\\\/\",\"logo\":{\"@type\":\"ImageObject\",\"inLanguage\":\"fr-FR\",\"@id\":\"https:\\\/\\\/eurotrail.info\\\/#\\\/schema\\\/logo\\\/image\\\/\",\"url\":\"https:\\\/\\\/eurotrail.info\\\/wp\\\/wp-content\\\/uploads\\\/2023\\\/07\\\/ET-logo-quote_NL-scaled.jpg\",\"contentUrl\":\"https:\\\/\\\/eurotrail.info\\\/wp\\\/wp-content\\\/uploads\\\/2023\\\/07\\\/ET-logo-quote_NL-scaled.jpg\",\"width\":2560,\"height\":675,\"caption\":\"Eurotrail | The way we camp!\"},\"image\":{\"@id\":\"https:\\\/\\\/eurotrail.info\\\/#\\\/schema\\\/logo\\\/image\\\/\"}}]}<\/script>\n<!-- \/ Yoast SEO plugin. -->","yoast_head_json":{"title":"Kendal Comfort chaise air mesh - Eurotrail | The way we camp!","description":"Chaise de camping confortable avec si\u00e8ge extra large et dossier haut avec coussin. Le cadre en D en aluminium renforc\u00e9 offre une charge maximale jusqu'\u00e0 140 kg.!","robots":{"index":"index","follow":"follow","max-snippet":"max-snippet:-1","max-image-preview":"max-image-preview:large","max-video-preview":"max-video-preview:-1"},"canonical":"https:\/\/eurotrail.info\/fr\/producten\/meubles\/chaises-de-camping\/kendal-comfort-chaise-air-mesh\/","og_locale":"fr_FR","og_type":"article","og_title":"Kendal Comfort chaise air mesh - Eurotrail | The way we camp!","og_description":"Chaise de camping confortable avec si\u00e8ge extra large et dossier haut avec coussin. Le cadre en D en aluminium renforc\u00e9 offre une charge maximale jusqu'\u00e0 140 kg.!","og_url":"https:\/\/eurotrail.info\/fr\/producten\/meubles\/chaises-de-camping\/kendal-comfort-chaise-air-mesh\/","og_site_name":"Eurotrail | The way we camp!","article_modified_time":"2026-03-19T10:41:28+00:00","og_image":[{"width":1607,"height":2560,"url":"https:\/\/eurotrail.info\/wp\/wp-content\/uploads\/2022\/11\/ETCF1444-b-scaled.jpg","type":"image\/jpeg"}],"twitter_card":"summary_large_image","twitter_misc":{"Dur\u00e9e de lecture estim\u00e9e":"2 minutes"},"schema":{"@context":"https:\/\/schema.org","@graph":[{"@type":"WebPage","@id":"https:\/\/eurotrail.info\/fr\/producten\/meubles\/chaises-de-camping\/kendal-comfort-chaise-air-mesh\/","url":"https:\/\/eurotrail.info\/fr\/producten\/meubles\/chaises-de-camping\/kendal-comfort-chaise-air-mesh\/","name":"Kendal Comfort chaise air mesh - Eurotrail | The way we camp!","isPartOf":{"@id":"https:\/\/eurotrail.info\/#website"},"primaryImageOfPage":{"@id":"https:\/\/eurotrail.info\/fr\/producten\/meubles\/chaises-de-camping\/kendal-comfort-chaise-air-mesh\/#primaryimage"},"image":{"@id":"https:\/\/eurotrail.info\/fr\/producten\/meubles\/chaises-de-camping\/kendal-comfort-chaise-air-mesh\/#primaryimage"},"thumbnailUrl":"https:\/\/eurotrail.info\/wp\/wp-content\/uploads\/2022\/11\/ETCF1444-b-scaled.jpg","datePublished":"2022-11-03T14:38:21+00:00","dateModified":"2026-03-19T10:41:28+00:00","description":"Chaise de camping confortable avec si\u00e8ge extra large et dossier haut avec coussin. Le cadre en D en aluminium renforc\u00e9 offre une charge maximale jusqu'\u00e0 140 kg.!","breadcrumb":{"@id":"https:\/\/eurotrail.info\/fr\/producten\/meubles\/chaises-de-camping\/kendal-comfort-chaise-air-mesh\/#breadcrumb"},"inLanguage":"fr-FR","potentialAction":[{"@type":"ReadAction","target":["https:\/\/eurotrail.info\/fr\/producten\/meubles\/chaises-de-camping\/kendal-comfort-chaise-air-mesh\/"]}]},{"@type":"ImageObject","inLanguage":"fr-FR","@id":"https:\/\/eurotrail.info\/fr\/producten\/meubles\/chaises-de-camping\/kendal-comfort-chaise-air-mesh\/#primaryimage","url":"https:\/\/eurotrail.info\/wp\/wp-content\/uploads\/2022\/11\/ETCF1444-b-scaled.jpg","contentUrl":"https:\/\/eurotrail.info\/wp\/wp-content\/uploads\/2022\/11\/ETCF1444-b-scaled.jpg","width":1607,"height":2560},{"@type":"BreadcrumbList","@id":"https:\/\/eurotrail.info\/fr\/producten\/meubles\/chaises-de-camping\/kendal-comfort-chaise-air-mesh\/#breadcrumb","itemListElement":[{"@type":"ListItem","position":1,"name":"Home","item":"https:\/\/eurotrail.info\/fr\/"},{"@type":"ListItem","position":2,"name":"Produits","item":"https:\/\/eurotrail.info\/fr\/produits\/"},{"@type":"ListItem","position":3,"name":"Kendal Comfort chaise air mesh"}]},{"@type":"WebSite","@id":"https:\/\/eurotrail.info\/#website","url":"https:\/\/eurotrail.info\/","name":"Eurotrail | The way we camp!","description":"","publisher":{"@id":"https:\/\/eurotrail.info\/#organization"},"potentialAction":[{"@type":"SearchAction","target":{"@type":"EntryPoint","urlTemplate":"https:\/\/eurotrail.info\/?s={search_term_string}"},"query-input":{"@type":"PropertyValueSpecification","valueRequired":true,"valueName":"search_term_string"}}],"inLanguage":"fr-FR"},{"@type":"Organization","@id":"https:\/\/eurotrail.info\/#organization","name":"Eurotrail | The way we camp!","url":"https:\/\/eurotrail.info\/","logo":{"@type":"ImageObject","inLanguage":"fr-FR","@id":"https:\/\/eurotrail.info\/#\/schema\/logo\/image\/","url":"https:\/\/eurotrail.info\/wp\/wp-content\/uploads\/2023\/07\/ET-logo-quote_NL-scaled.jpg","contentUrl":"https:\/\/eurotrail.info\/wp\/wp-content\/uploads\/2023\/07\/ET-logo-quote_NL-scaled.jpg","width":2560,"height":675,"caption":"Eurotrail | The way we camp!"},"image":{"@id":"https:\/\/eurotrail.info\/#\/schema\/logo\/image\/"}}]}},"_links":{"self":[{"href":"https:\/\/eurotrail.info\/fr\/wp-json\/wp\/v2\/product\/20409","targetHints":{"allow":["GET"]}}],"collection":[{"href":"https:\/\/eurotrail.info\/fr\/wp-json\/wp\/v2\/product"}],"about":[{"href":"https:\/\/eurotrail.info\/fr\/wp-json\/wp\/v2\/types\/product"}],"replies":[{"embeddable":true,"href":"https:\/\/eurotrail.info\/fr\/wp-json\/wp\/v2\/comments?post=20409"}],"wp:featuredmedia":[{"embeddable":true,"href":"https:\/\/eurotrail.info\/fr\/wp-json\/wp\/v2\/media\/30208"}],"wp:attachment":[{"href":"https:\/\/eurotrail.info\/fr\/wp-json\/wp\/v2\/media?parent=20409"}],"wp:term":[{"taxonomy":"product_brand","embeddable":true,"href":"https:\/\/eurotrail.info\/fr\/wp-json\/wp\/v2\/product_brand?post=20409"},{"taxonomy":"product_cat","embeddable":true,"href":"https:\/\/eurotrail.info\/fr\/wp-json\/wp\/v2\/product_cat?post=20409"},{"taxonomy":"product_tag","embeddable":true,"href":"https:\/\/eurotrail.info\/fr\/wp-json\/wp\/v2\/product_tag?post=20409"}],"curies":[{"name":"wp","href":"https:\/\/api.w.org\/{rel}","templated":true}]}}