{"id":20424,"date":"2022-11-03T15:47:06","date_gmt":"2022-11-03T14:47:06","guid":{"rendered":"https:\/\/eurotrail.info\/?post_type=product&#038;p=20424"},"modified":"2026-01-08T15:08:15","modified_gmt":"2026-01-08T14:08:15","slug":"repose-pieds-universel-kendal","status":"publish","type":"product","link":"https:\/\/eurotrail.info\/fr\/producten\/meubles\/chaises-de-camping\/repose-pieds-universel-kendal\/","title":{"rendered":"Repose-pieds Kendal\/Canyon"},"content":{"rendered":"<p>Repose-pieds universel adapt\u00e9 \u00e0 la s\u00e9rie Kendal (Kendal, Comfort, Canyon High). Le tissu est compos\u00e9 d&#8217;un mat\u00e9riau matelass\u00e9 en maille a\u00e9r\u00e9e et offre un confort parfait.<\/p>\n<p>Ce repose-pieds universel transforme votre chaise de camping en un confortable fauteuil inclinable\u00a0!<\/p>\n<p>Mati\u00e8re\u00a0: Maille a\u00e9r\u00e9e 100\u00a0% polyester + dos en textil\u00e8ne 600\u00a0g\/m\u00b2, rembourrage en mousse de 2\u00a0cm.<br \/>\nStructure\u00a0: Tube en aluminium.<br \/>\nDimensions\u00a0: 59\u00a0x\u00a044\/38\u00a0x\u00a045\/41\u00a0cm<br \/>\nPli\u00e9\u00a0: 62\u00a0x\u00a057\u00a0x\u00a067\u00a0cm<br \/>\nPoids\u00a0: 1,4\u00a0kg<br \/>\nCharge maximale\u00a0: 20\u00a0kg<\/p>\n","protected":false},"excerpt":{"rendered":"<p>Repose-pieds universel adapt\u00e9 \u00e0 la s\u00e9rie Kendal (Kendal, Comfort, Canyon High). Le tissu est compos\u00e9 d&#8217;un mat\u00e9riau matelass\u00e9 en maille a\u00e9r\u00e9e et offre un confort&hellip;<\/p>\n","protected":false},"featured_media":28621,"comment_status":"open","ping_status":"closed","template":"","meta":{"_acf_changed":false},"product_brand":[],"product_cat":[254,253],"product_tag":[],"class_list":{"0":"post-20424","1":"product","2":"type-product","3":"status-publish","4":"has-post-thumbnail","6":"product_cat-chaises-de-camping","7":"product_cat-meubles","9":"first","10":"instock","11":"shipping-taxable","12":"product-type-simple"},"acf":[],"yoast_head":"<!-- This site is optimized with the Yoast SEO plugin v27.3 - https:\/\/yoast.com\/product\/yoast-seo-wordpress\/ -->\n<title>Repose-pieds Kendal\/Canyon - Eurotrail | The way we camp!<\/title>\n<meta name=\"description\" content=\"Repose-pieds universel adapt\u00e9 pour Kendal, Kendal Comfort, Canyon High). Tissu est compos\u00e9 d&#039;un mat\u00e9riau matelass\u00e9 en maille a\u00e9r\u00e9e\" \/>\n<meta name=\"robots\" content=\"index, follow, max-snippet:-1, max-image-preview:large, max-video-preview:-1\" \/>\n<link rel=\"canonical\" href=\"https:\/\/eurotrail.info\/fr\/producten\/meubles\/chaises-de-camping\/repose-pieds-universel-kendal\/\" \/>\n<meta property=\"og:locale\" content=\"fr_FR\" \/>\n<meta property=\"og:type\" content=\"article\" \/>\n<meta property=\"og:title\" content=\"Repose-pieds Kendal\/Canyon - Eurotrail | The way we camp!\" \/>\n<meta property=\"og:description\" content=\"Repose-pieds universel adapt\u00e9 pour Kendal, Kendal Comfort, Canyon High). Tissu est compos\u00e9 d&#039;un mat\u00e9riau matelass\u00e9 en maille a\u00e9r\u00e9e\" \/>\n<meta property=\"og:url\" content=\"https:\/\/eurotrail.info\/fr\/producten\/meubles\/chaises-de-camping\/repose-pieds-universel-kendal\/\" \/>\n<meta property=\"og:site_name\" content=\"Eurotrail | The way we camp!\" \/>\n<meta property=\"article:modified_time\" content=\"2026-01-08T14:08:15+00:00\" \/>\n<meta property=\"og:image\" content=\"https:\/\/eurotrail.info\/wp\/wp-content\/uploads\/2022\/11\/kendall-footrest-2026-1-2-scaled.jpg\" \/>\n\t<meta property=\"og:image:width\" content=\"2321\" \/>\n\t<meta property=\"og:image:height\" content=\"2560\" \/>\n\t<meta property=\"og:image:type\" content=\"image\/jpeg\" \/>\n<meta name=\"twitter:card\" content=\"summary_large_image\" \/>\n<meta name=\"twitter:label1\" content=\"Dur\u00e9e de lecture estim\u00e9e\" \/>\n\t<meta name=\"twitter:data1\" content=\"1 minute\" \/>\n<script type=\"application\/ld+json\" class=\"yoast-schema-graph\">{\"@context\":\"https:\\\/\\\/schema.org\",\"@graph\":[{\"@type\":\"WebPage\",\"@id\":\"https:\\\/\\\/eurotrail.info\\\/fr\\\/producten\\\/meubles\\\/chaises-de-camping\\\/repose-pieds-universel-kendal\\\/\",\"url\":\"https:\\\/\\\/eurotrail.info\\\/fr\\\/producten\\\/meubles\\\/chaises-de-camping\\\/repose-pieds-universel-kendal\\\/\",\"name\":\"Repose-pieds Kendal\\\/Canyon - Eurotrail | The way we camp!\",\"isPartOf\":{\"@id\":\"https:\\\/\\\/eurotrail.info\\\/#website\"},\"primaryImageOfPage\":{\"@id\":\"https:\\\/\\\/eurotrail.info\\\/fr\\\/producten\\\/meubles\\\/chaises-de-camping\\\/repose-pieds-universel-kendal\\\/#primaryimage\"},\"image\":{\"@id\":\"https:\\\/\\\/eurotrail.info\\\/fr\\\/producten\\\/meubles\\\/chaises-de-camping\\\/repose-pieds-universel-kendal\\\/#primaryimage\"},\"thumbnailUrl\":\"https:\\\/\\\/eurotrail.info\\\/wp\\\/wp-content\\\/uploads\\\/2022\\\/11\\\/kendall-footrest-2026-1-2-scaled.jpg\",\"datePublished\":\"2022-11-03T14:47:06+00:00\",\"dateModified\":\"2026-01-08T14:08:15+00:00\",\"description\":\"Repose-pieds universel adapt\u00e9 pour Kendal, Kendal Comfort, Canyon High). Tissu est compos\u00e9 d'un mat\u00e9riau matelass\u00e9 en maille a\u00e9r\u00e9e\",\"breadcrumb\":{\"@id\":\"https:\\\/\\\/eurotrail.info\\\/fr\\\/producten\\\/meubles\\\/chaises-de-camping\\\/repose-pieds-universel-kendal\\\/#breadcrumb\"},\"inLanguage\":\"fr-FR\",\"potentialAction\":[{\"@type\":\"ReadAction\",\"target\":[\"https:\\\/\\\/eurotrail.info\\\/fr\\\/producten\\\/meubles\\\/chaises-de-camping\\\/repose-pieds-universel-kendal\\\/\"]}]},{\"@type\":\"ImageObject\",\"inLanguage\":\"fr-FR\",\"@id\":\"https:\\\/\\\/eurotrail.info\\\/fr\\\/producten\\\/meubles\\\/chaises-de-camping\\\/repose-pieds-universel-kendal\\\/#primaryimage\",\"url\":\"https:\\\/\\\/eurotrail.info\\\/wp\\\/wp-content\\\/uploads\\\/2022\\\/11\\\/kendall-footrest-2026-1-2-scaled.jpg\",\"contentUrl\":\"https:\\\/\\\/eurotrail.info\\\/wp\\\/wp-content\\\/uploads\\\/2022\\\/11\\\/kendall-footrest-2026-1-2-scaled.jpg\",\"width\":2321,\"height\":2560},{\"@type\":\"BreadcrumbList\",\"@id\":\"https:\\\/\\\/eurotrail.info\\\/fr\\\/producten\\\/meubles\\\/chaises-de-camping\\\/repose-pieds-universel-kendal\\\/#breadcrumb\",\"itemListElement\":[{\"@type\":\"ListItem\",\"position\":1,\"name\":\"Home\",\"item\":\"https:\\\/\\\/eurotrail.info\\\/fr\\\/\"},{\"@type\":\"ListItem\",\"position\":2,\"name\":\"Produits\",\"item\":\"https:\\\/\\\/eurotrail.info\\\/fr\\\/produits\\\/\"},{\"@type\":\"ListItem\",\"position\":3,\"name\":\"Repose-pieds Kendal\\\/Canyon\"}]},{\"@type\":\"WebSite\",\"@id\":\"https:\\\/\\\/eurotrail.info\\\/#website\",\"url\":\"https:\\\/\\\/eurotrail.info\\\/\",\"name\":\"Eurotrail | The way we camp!\",\"description\":\"\",\"publisher\":{\"@id\":\"https:\\\/\\\/eurotrail.info\\\/#organization\"},\"potentialAction\":[{\"@type\":\"SearchAction\",\"target\":{\"@type\":\"EntryPoint\",\"urlTemplate\":\"https:\\\/\\\/eurotrail.info\\\/?s={search_term_string}\"},\"query-input\":{\"@type\":\"PropertyValueSpecification\",\"valueRequired\":true,\"valueName\":\"search_term_string\"}}],\"inLanguage\":\"fr-FR\"},{\"@type\":\"Organization\",\"@id\":\"https:\\\/\\\/eurotrail.info\\\/#organization\",\"name\":\"Eurotrail | The way we camp!\",\"url\":\"https:\\\/\\\/eurotrail.info\\\/\",\"logo\":{\"@type\":\"ImageObject\",\"inLanguage\":\"fr-FR\",\"@id\":\"https:\\\/\\\/eurotrail.info\\\/#\\\/schema\\\/logo\\\/image\\\/\",\"url\":\"https:\\\/\\\/eurotrail.info\\\/wp\\\/wp-content\\\/uploads\\\/2023\\\/07\\\/ET-logo-quote_NL-scaled.jpg\",\"contentUrl\":\"https:\\\/\\\/eurotrail.info\\\/wp\\\/wp-content\\\/uploads\\\/2023\\\/07\\\/ET-logo-quote_NL-scaled.jpg\",\"width\":2560,\"height\":675,\"caption\":\"Eurotrail | The way we camp!\"},\"image\":{\"@id\":\"https:\\\/\\\/eurotrail.info\\\/#\\\/schema\\\/logo\\\/image\\\/\"}}]}<\/script>\n<!-- \/ Yoast SEO plugin. -->","yoast_head_json":{"title":"Repose-pieds Kendal\/Canyon - Eurotrail | The way we camp!","description":"Repose-pieds universel adapt\u00e9 pour Kendal, Kendal Comfort, Canyon High). Tissu est compos\u00e9 d'un mat\u00e9riau matelass\u00e9 en maille a\u00e9r\u00e9e","robots":{"index":"index","follow":"follow","max-snippet":"max-snippet:-1","max-image-preview":"max-image-preview:large","max-video-preview":"max-video-preview:-1"},"canonical":"https:\/\/eurotrail.info\/fr\/producten\/meubles\/chaises-de-camping\/repose-pieds-universel-kendal\/","og_locale":"fr_FR","og_type":"article","og_title":"Repose-pieds Kendal\/Canyon - Eurotrail | The way we camp!","og_description":"Repose-pieds universel adapt\u00e9 pour Kendal, Kendal Comfort, Canyon High). Tissu est compos\u00e9 d'un mat\u00e9riau matelass\u00e9 en maille a\u00e9r\u00e9e","og_url":"https:\/\/eurotrail.info\/fr\/producten\/meubles\/chaises-de-camping\/repose-pieds-universel-kendal\/","og_site_name":"Eurotrail | The way we camp!","article_modified_time":"2026-01-08T14:08:15+00:00","og_image":[{"width":2321,"height":2560,"url":"https:\/\/eurotrail.info\/wp\/wp-content\/uploads\/2022\/11\/kendall-footrest-2026-1-2-scaled.jpg","type":"image\/jpeg"}],"twitter_card":"summary_large_image","twitter_misc":{"Dur\u00e9e de lecture estim\u00e9e":"1 minute"},"schema":{"@context":"https:\/\/schema.org","@graph":[{"@type":"WebPage","@id":"https:\/\/eurotrail.info\/fr\/producten\/meubles\/chaises-de-camping\/repose-pieds-universel-kendal\/","url":"https:\/\/eurotrail.info\/fr\/producten\/meubles\/chaises-de-camping\/repose-pieds-universel-kendal\/","name":"Repose-pieds Kendal\/Canyon - Eurotrail | The way we camp!","isPartOf":{"@id":"https:\/\/eurotrail.info\/#website"},"primaryImageOfPage":{"@id":"https:\/\/eurotrail.info\/fr\/producten\/meubles\/chaises-de-camping\/repose-pieds-universel-kendal\/#primaryimage"},"image":{"@id":"https:\/\/eurotrail.info\/fr\/producten\/meubles\/chaises-de-camping\/repose-pieds-universel-kendal\/#primaryimage"},"thumbnailUrl":"https:\/\/eurotrail.info\/wp\/wp-content\/uploads\/2022\/11\/kendall-footrest-2026-1-2-scaled.jpg","datePublished":"2022-11-03T14:47:06+00:00","dateModified":"2026-01-08T14:08:15+00:00","description":"Repose-pieds universel adapt\u00e9 pour Kendal, Kendal Comfort, Canyon High). Tissu est compos\u00e9 d'un mat\u00e9riau matelass\u00e9 en maille a\u00e9r\u00e9e","breadcrumb":{"@id":"https:\/\/eurotrail.info\/fr\/producten\/meubles\/chaises-de-camping\/repose-pieds-universel-kendal\/#breadcrumb"},"inLanguage":"fr-FR","potentialAction":[{"@type":"ReadAction","target":["https:\/\/eurotrail.info\/fr\/producten\/meubles\/chaises-de-camping\/repose-pieds-universel-kendal\/"]}]},{"@type":"ImageObject","inLanguage":"fr-FR","@id":"https:\/\/eurotrail.info\/fr\/producten\/meubles\/chaises-de-camping\/repose-pieds-universel-kendal\/#primaryimage","url":"https:\/\/eurotrail.info\/wp\/wp-content\/uploads\/2022\/11\/kendall-footrest-2026-1-2-scaled.jpg","contentUrl":"https:\/\/eurotrail.info\/wp\/wp-content\/uploads\/2022\/11\/kendall-footrest-2026-1-2-scaled.jpg","width":2321,"height":2560},{"@type":"BreadcrumbList","@id":"https:\/\/eurotrail.info\/fr\/producten\/meubles\/chaises-de-camping\/repose-pieds-universel-kendal\/#breadcrumb","itemListElement":[{"@type":"ListItem","position":1,"name":"Home","item":"https:\/\/eurotrail.info\/fr\/"},{"@type":"ListItem","position":2,"name":"Produits","item":"https:\/\/eurotrail.info\/fr\/produits\/"},{"@type":"ListItem","position":3,"name":"Repose-pieds Kendal\/Canyon"}]},{"@type":"WebSite","@id":"https:\/\/eurotrail.info\/#website","url":"https:\/\/eurotrail.info\/","name":"Eurotrail | The way we camp!","description":"","publisher":{"@id":"https:\/\/eurotrail.info\/#organization"},"potentialAction":[{"@type":"SearchAction","target":{"@type":"EntryPoint","urlTemplate":"https:\/\/eurotrail.info\/?s={search_term_string}"},"query-input":{"@type":"PropertyValueSpecification","valueRequired":true,"valueName":"search_term_string"}}],"inLanguage":"fr-FR"},{"@type":"Organization","@id":"https:\/\/eurotrail.info\/#organization","name":"Eurotrail | The way we camp!","url":"https:\/\/eurotrail.info\/","logo":{"@type":"ImageObject","inLanguage":"fr-FR","@id":"https:\/\/eurotrail.info\/#\/schema\/logo\/image\/","url":"https:\/\/eurotrail.info\/wp\/wp-content\/uploads\/2023\/07\/ET-logo-quote_NL-scaled.jpg","contentUrl":"https:\/\/eurotrail.info\/wp\/wp-content\/uploads\/2023\/07\/ET-logo-quote_NL-scaled.jpg","width":2560,"height":675,"caption":"Eurotrail | The way we camp!"},"image":{"@id":"https:\/\/eurotrail.info\/#\/schema\/logo\/image\/"}}]}},"_links":{"self":[{"href":"https:\/\/eurotrail.info\/fr\/wp-json\/wp\/v2\/product\/20424","targetHints":{"allow":["GET"]}}],"collection":[{"href":"https:\/\/eurotrail.info\/fr\/wp-json\/wp\/v2\/product"}],"about":[{"href":"https:\/\/eurotrail.info\/fr\/wp-json\/wp\/v2\/types\/product"}],"replies":[{"embeddable":true,"href":"https:\/\/eurotrail.info\/fr\/wp-json\/wp\/v2\/comments?post=20424"}],"wp:featuredmedia":[{"embeddable":true,"href":"https:\/\/eurotrail.info\/fr\/wp-json\/wp\/v2\/media\/28621"}],"wp:attachment":[{"href":"https:\/\/eurotrail.info\/fr\/wp-json\/wp\/v2\/media?parent=20424"}],"wp:term":[{"taxonomy":"product_brand","embeddable":true,"href":"https:\/\/eurotrail.info\/fr\/wp-json\/wp\/v2\/product_brand?post=20424"},{"taxonomy":"product_cat","embeddable":true,"href":"https:\/\/eurotrail.info\/fr\/wp-json\/wp\/v2\/product_cat?post=20424"},{"taxonomy":"product_tag","embeddable":true,"href":"https:\/\/eurotrail.info\/fr\/wp-json\/wp\/v2\/product_tag?post=20424"}],"curies":[{"name":"wp","href":"https:\/\/api.w.org\/{rel}","templated":true}]}}