{"id":20535,"date":"2022-11-03T16:38:56","date_gmt":"2022-11-03T15:38:56","guid":{"rendered":"https:\/\/eurotrail.info\/?post_type=product&#038;p=20535"},"modified":"2026-02-10T15:03:21","modified_gmt":"2026-02-10T14:03:21","slug":"calmont-table-pliante-alu-l","status":"publish","type":"product","link":"https:\/\/eurotrail.info\/fr\/producten\/meubles\/tables-de-camping\/calmont-table-pliante-alu-l\/","title":{"rendered":"Calmont L table pliante Alu"},"content":{"rendered":"<p><strong>Table de camping \u2013 \u00e9l\u00e9gante, stable et polyvalente<\/strong><\/p>\n<p>Cette table de camping de haute qualit\u00e9 est la compagne id\u00e9ale pour le camping, le jardin ou vos escapades. Son plateau robuste en aluminium et plastique est imperm\u00e9able et r\u00e9sistant \u00e0 la chaleur, vous permettant de cuisiner, manger ou prendre un verre en toute s\u00e9r\u00e9nit\u00e9, m\u00eame en cas d&#8217;utilisation intensive.<\/p>\n<p>Ses pieds sont r\u00e9glables \u00e0 l&#8217;infini, garantissant une parfaite horizontalit\u00e9, m\u00eame sur les surfaces irr\u00e9guli\u00e8res. Leurs larges pieds emp\u00eachent l&#8217;enfoncement et offrent une stabilit\u00e9 accrue sur l&#8217;herbe, le sable ou les graviers.<\/p>\n<p>Les pieds anodis\u00e9s, associ\u00e9s au large rebord en aluminium et \u00e0 une palette de couleurs \u00e9l\u00e9gante, lui conf\u00e8rent un style luxueux et professionnel. Pratique et esth\u00e9tique, elle deviendra sans aucun doute la pi\u00e8ce ma\u00eetresse de votre emplacement de camping.<\/p>\n<p>Robuste, \u00e9l\u00e9gante et pr\u00eate pour toutes vos aventures. \ud83c\udfd5\ufe0f\u2728<\/p>\n<p>Cadre : pieds en aluminium \u00d820mm<br \/>\nDessus : aluminium plastique \u00e9tanche et r\u00e9sistant \u00e0 la chaleur<br \/>\nDimensions : 115x70x55\/73cm<br \/>\nPli\u00e9 : 115x70x5cm<br \/>\nPoids 6,95 kg.<\/p>\n","protected":false},"excerpt":{"rendered":"<p>Table de camping \u2013 \u00e9l\u00e9gante, stable et polyvalente Cette table de camping de haute qualit\u00e9 est la compagne id\u00e9ale pour le camping, le jardin ou&hellip;<\/p>\n","protected":false},"featured_media":20569,"comment_status":"open","ping_status":"closed","template":"","meta":{"_acf_changed":false},"product_brand":[],"product_cat":[253,257],"product_tag":[],"class_list":{"0":"post-20535","1":"product","2":"type-product","3":"status-publish","4":"has-post-thumbnail","6":"product_cat-meubles","7":"product_cat-tables-de-camping","9":"first","10":"instock","11":"shipping-taxable","12":"product-type-simple"},"acf":[],"yoast_head":"<!-- This site is optimized with the Yoast SEO plugin v27.3 - https:\/\/yoast.com\/product\/yoast-seo-wordpress\/ -->\n<title>Calmont L table pliante Alu - Eurotrail | The way we camp!<\/title>\n<meta name=\"description\" content=\"Table pliante avec plateau en aluminium\/plastique \u00e9tanche et r\u00e9sistant \u00e0 la chaleur. Jambes faciles \u00e0 r\u00e9gler en continu avec pied large pour \u00e9viter de s&#039;enfoncer .\" \/>\n<meta name=\"robots\" content=\"index, follow, max-snippet:-1, max-image-preview:large, max-video-preview:-1\" \/>\n<link rel=\"canonical\" href=\"https:\/\/eurotrail.info\/fr\/producten\/meubles\/tables-de-camping\/calmont-table-pliante-alu-l\/\" \/>\n<meta property=\"og:locale\" content=\"fr_FR\" \/>\n<meta property=\"og:type\" content=\"article\" \/>\n<meta property=\"og:title\" content=\"Calmont L table pliante Alu - Eurotrail | The way we camp!\" \/>\n<meta property=\"og:description\" content=\"Table pliante avec plateau en aluminium\/plastique \u00e9tanche et r\u00e9sistant \u00e0 la chaleur. Jambes faciles \u00e0 r\u00e9gler en continu avec pied large pour \u00e9viter de s&#039;enfoncer .\" \/>\n<meta property=\"og:url\" content=\"https:\/\/eurotrail.info\/fr\/producten\/meubles\/tables-de-camping\/calmont-table-pliante-alu-l\/\" \/>\n<meta property=\"og:site_name\" content=\"Eurotrail | The way we camp!\" \/>\n<meta property=\"article:modified_time\" content=\"2026-02-10T14:03:21+00:00\" \/>\n<meta property=\"og:image\" content=\"https:\/\/eurotrail.info\/wp\/wp-content\/uploads\/2022\/11\/tafel-C-5.jpg\" \/>\n\t<meta property=\"og:image:width\" content=\"2450\" \/>\n\t<meta property=\"og:image:height\" content=\"2413\" \/>\n\t<meta property=\"og:image:type\" content=\"image\/jpeg\" \/>\n<meta name=\"twitter:card\" content=\"summary_large_image\" \/>\n<meta name=\"twitter:label1\" content=\"Dur\u00e9e de lecture estim\u00e9e\" \/>\n\t<meta name=\"twitter:data1\" content=\"1 minute\" \/>\n<script type=\"application\/ld+json\" class=\"yoast-schema-graph\">{\"@context\":\"https:\\\/\\\/schema.org\",\"@graph\":[{\"@type\":\"WebPage\",\"@id\":\"https:\\\/\\\/eurotrail.info\\\/fr\\\/producten\\\/meubles\\\/tables-de-camping\\\/calmont-table-pliante-alu-l\\\/\",\"url\":\"https:\\\/\\\/eurotrail.info\\\/fr\\\/producten\\\/meubles\\\/tables-de-camping\\\/calmont-table-pliante-alu-l\\\/\",\"name\":\"Calmont L table pliante Alu - Eurotrail | The way we camp!\",\"isPartOf\":{\"@id\":\"https:\\\/\\\/eurotrail.info\\\/#website\"},\"primaryImageOfPage\":{\"@id\":\"https:\\\/\\\/eurotrail.info\\\/fr\\\/producten\\\/meubles\\\/tables-de-camping\\\/calmont-table-pliante-alu-l\\\/#primaryimage\"},\"image\":{\"@id\":\"https:\\\/\\\/eurotrail.info\\\/fr\\\/producten\\\/meubles\\\/tables-de-camping\\\/calmont-table-pliante-alu-l\\\/#primaryimage\"},\"thumbnailUrl\":\"https:\\\/\\\/eurotrail.info\\\/wp\\\/wp-content\\\/uploads\\\/2022\\\/11\\\/tafel-C-5.jpg\",\"datePublished\":\"2022-11-03T15:38:56+00:00\",\"dateModified\":\"2026-02-10T14:03:21+00:00\",\"description\":\"Table pliante avec plateau en aluminium\\\/plastique \u00e9tanche et r\u00e9sistant \u00e0 la chaleur. Jambes faciles \u00e0 r\u00e9gler en continu avec pied large pour \u00e9viter de s'enfoncer .\",\"breadcrumb\":{\"@id\":\"https:\\\/\\\/eurotrail.info\\\/fr\\\/producten\\\/meubles\\\/tables-de-camping\\\/calmont-table-pliante-alu-l\\\/#breadcrumb\"},\"inLanguage\":\"fr-FR\",\"potentialAction\":[{\"@type\":\"ReadAction\",\"target\":[\"https:\\\/\\\/eurotrail.info\\\/fr\\\/producten\\\/meubles\\\/tables-de-camping\\\/calmont-table-pliante-alu-l\\\/\"]}]},{\"@type\":\"ImageObject\",\"inLanguage\":\"fr-FR\",\"@id\":\"https:\\\/\\\/eurotrail.info\\\/fr\\\/producten\\\/meubles\\\/tables-de-camping\\\/calmont-table-pliante-alu-l\\\/#primaryimage\",\"url\":\"https:\\\/\\\/eurotrail.info\\\/wp\\\/wp-content\\\/uploads\\\/2022\\\/11\\\/tafel-C-5.jpg\",\"contentUrl\":\"https:\\\/\\\/eurotrail.info\\\/wp\\\/wp-content\\\/uploads\\\/2022\\\/11\\\/tafel-C-5.jpg\",\"width\":2450,\"height\":2413,\"caption\":\"Eurotrail Calmount campingtafel l Alu\"},{\"@type\":\"BreadcrumbList\",\"@id\":\"https:\\\/\\\/eurotrail.info\\\/fr\\\/producten\\\/meubles\\\/tables-de-camping\\\/calmont-table-pliante-alu-l\\\/#breadcrumb\",\"itemListElement\":[{\"@type\":\"ListItem\",\"position\":1,\"name\":\"Home\",\"item\":\"https:\\\/\\\/eurotrail.info\\\/fr\\\/\"},{\"@type\":\"ListItem\",\"position\":2,\"name\":\"Produits\",\"item\":\"https:\\\/\\\/eurotrail.info\\\/fr\\\/produits\\\/\"},{\"@type\":\"ListItem\",\"position\":3,\"name\":\"Calmont L table pliante Alu\"}]},{\"@type\":\"WebSite\",\"@id\":\"https:\\\/\\\/eurotrail.info\\\/#website\",\"url\":\"https:\\\/\\\/eurotrail.info\\\/\",\"name\":\"Eurotrail | The way we camp!\",\"description\":\"\",\"publisher\":{\"@id\":\"https:\\\/\\\/eurotrail.info\\\/#organization\"},\"potentialAction\":[{\"@type\":\"SearchAction\",\"target\":{\"@type\":\"EntryPoint\",\"urlTemplate\":\"https:\\\/\\\/eurotrail.info\\\/?s={search_term_string}\"},\"query-input\":{\"@type\":\"PropertyValueSpecification\",\"valueRequired\":true,\"valueName\":\"search_term_string\"}}],\"inLanguage\":\"fr-FR\"},{\"@type\":\"Organization\",\"@id\":\"https:\\\/\\\/eurotrail.info\\\/#organization\",\"name\":\"Eurotrail | The way we camp!\",\"url\":\"https:\\\/\\\/eurotrail.info\\\/\",\"logo\":{\"@type\":\"ImageObject\",\"inLanguage\":\"fr-FR\",\"@id\":\"https:\\\/\\\/eurotrail.info\\\/#\\\/schema\\\/logo\\\/image\\\/\",\"url\":\"https:\\\/\\\/eurotrail.info\\\/wp\\\/wp-content\\\/uploads\\\/2023\\\/07\\\/ET-logo-quote_NL-scaled.jpg\",\"contentUrl\":\"https:\\\/\\\/eurotrail.info\\\/wp\\\/wp-content\\\/uploads\\\/2023\\\/07\\\/ET-logo-quote_NL-scaled.jpg\",\"width\":2560,\"height\":675,\"caption\":\"Eurotrail | The way we camp!\"},\"image\":{\"@id\":\"https:\\\/\\\/eurotrail.info\\\/#\\\/schema\\\/logo\\\/image\\\/\"}}]}<\/script>\n<!-- \/ Yoast SEO plugin. -->","yoast_head_json":{"title":"Calmont L table pliante Alu - Eurotrail | The way we camp!","description":"Table pliante avec plateau en aluminium\/plastique \u00e9tanche et r\u00e9sistant \u00e0 la chaleur. Jambes faciles \u00e0 r\u00e9gler en continu avec pied large pour \u00e9viter de s'enfoncer .","robots":{"index":"index","follow":"follow","max-snippet":"max-snippet:-1","max-image-preview":"max-image-preview:large","max-video-preview":"max-video-preview:-1"},"canonical":"https:\/\/eurotrail.info\/fr\/producten\/meubles\/tables-de-camping\/calmont-table-pliante-alu-l\/","og_locale":"fr_FR","og_type":"article","og_title":"Calmont L table pliante Alu - Eurotrail | The way we camp!","og_description":"Table pliante avec plateau en aluminium\/plastique \u00e9tanche et r\u00e9sistant \u00e0 la chaleur. Jambes faciles \u00e0 r\u00e9gler en continu avec pied large pour \u00e9viter de s'enfoncer .","og_url":"https:\/\/eurotrail.info\/fr\/producten\/meubles\/tables-de-camping\/calmont-table-pliante-alu-l\/","og_site_name":"Eurotrail | The way we camp!","article_modified_time":"2026-02-10T14:03:21+00:00","og_image":[{"width":2450,"height":2413,"url":"https:\/\/eurotrail.info\/wp\/wp-content\/uploads\/2022\/11\/tafel-C-5.jpg","type":"image\/jpeg"}],"twitter_card":"summary_large_image","twitter_misc":{"Dur\u00e9e de lecture estim\u00e9e":"1 minute"},"schema":{"@context":"https:\/\/schema.org","@graph":[{"@type":"WebPage","@id":"https:\/\/eurotrail.info\/fr\/producten\/meubles\/tables-de-camping\/calmont-table-pliante-alu-l\/","url":"https:\/\/eurotrail.info\/fr\/producten\/meubles\/tables-de-camping\/calmont-table-pliante-alu-l\/","name":"Calmont L table pliante Alu - Eurotrail | The way we camp!","isPartOf":{"@id":"https:\/\/eurotrail.info\/#website"},"primaryImageOfPage":{"@id":"https:\/\/eurotrail.info\/fr\/producten\/meubles\/tables-de-camping\/calmont-table-pliante-alu-l\/#primaryimage"},"image":{"@id":"https:\/\/eurotrail.info\/fr\/producten\/meubles\/tables-de-camping\/calmont-table-pliante-alu-l\/#primaryimage"},"thumbnailUrl":"https:\/\/eurotrail.info\/wp\/wp-content\/uploads\/2022\/11\/tafel-C-5.jpg","datePublished":"2022-11-03T15:38:56+00:00","dateModified":"2026-02-10T14:03:21+00:00","description":"Table pliante avec plateau en aluminium\/plastique \u00e9tanche et r\u00e9sistant \u00e0 la chaleur. Jambes faciles \u00e0 r\u00e9gler en continu avec pied large pour \u00e9viter de s'enfoncer .","breadcrumb":{"@id":"https:\/\/eurotrail.info\/fr\/producten\/meubles\/tables-de-camping\/calmont-table-pliante-alu-l\/#breadcrumb"},"inLanguage":"fr-FR","potentialAction":[{"@type":"ReadAction","target":["https:\/\/eurotrail.info\/fr\/producten\/meubles\/tables-de-camping\/calmont-table-pliante-alu-l\/"]}]},{"@type":"ImageObject","inLanguage":"fr-FR","@id":"https:\/\/eurotrail.info\/fr\/producten\/meubles\/tables-de-camping\/calmont-table-pliante-alu-l\/#primaryimage","url":"https:\/\/eurotrail.info\/wp\/wp-content\/uploads\/2022\/11\/tafel-C-5.jpg","contentUrl":"https:\/\/eurotrail.info\/wp\/wp-content\/uploads\/2022\/11\/tafel-C-5.jpg","width":2450,"height":2413,"caption":"Eurotrail Calmount campingtafel l Alu"},{"@type":"BreadcrumbList","@id":"https:\/\/eurotrail.info\/fr\/producten\/meubles\/tables-de-camping\/calmont-table-pliante-alu-l\/#breadcrumb","itemListElement":[{"@type":"ListItem","position":1,"name":"Home","item":"https:\/\/eurotrail.info\/fr\/"},{"@type":"ListItem","position":2,"name":"Produits","item":"https:\/\/eurotrail.info\/fr\/produits\/"},{"@type":"ListItem","position":3,"name":"Calmont L table pliante Alu"}]},{"@type":"WebSite","@id":"https:\/\/eurotrail.info\/#website","url":"https:\/\/eurotrail.info\/","name":"Eurotrail | The way we camp!","description":"","publisher":{"@id":"https:\/\/eurotrail.info\/#organization"},"potentialAction":[{"@type":"SearchAction","target":{"@type":"EntryPoint","urlTemplate":"https:\/\/eurotrail.info\/?s={search_term_string}"},"query-input":{"@type":"PropertyValueSpecification","valueRequired":true,"valueName":"search_term_string"}}],"inLanguage":"fr-FR"},{"@type":"Organization","@id":"https:\/\/eurotrail.info\/#organization","name":"Eurotrail | The way we camp!","url":"https:\/\/eurotrail.info\/","logo":{"@type":"ImageObject","inLanguage":"fr-FR","@id":"https:\/\/eurotrail.info\/#\/schema\/logo\/image\/","url":"https:\/\/eurotrail.info\/wp\/wp-content\/uploads\/2023\/07\/ET-logo-quote_NL-scaled.jpg","contentUrl":"https:\/\/eurotrail.info\/wp\/wp-content\/uploads\/2023\/07\/ET-logo-quote_NL-scaled.jpg","width":2560,"height":675,"caption":"Eurotrail | The way we camp!"},"image":{"@id":"https:\/\/eurotrail.info\/#\/schema\/logo\/image\/"}}]}},"_links":{"self":[{"href":"https:\/\/eurotrail.info\/fr\/wp-json\/wp\/v2\/product\/20535","targetHints":{"allow":["GET"]}}],"collection":[{"href":"https:\/\/eurotrail.info\/fr\/wp-json\/wp\/v2\/product"}],"about":[{"href":"https:\/\/eurotrail.info\/fr\/wp-json\/wp\/v2\/types\/product"}],"replies":[{"embeddable":true,"href":"https:\/\/eurotrail.info\/fr\/wp-json\/wp\/v2\/comments?post=20535"}],"wp:featuredmedia":[{"embeddable":true,"href":"https:\/\/eurotrail.info\/fr\/wp-json\/wp\/v2\/media\/20569"}],"wp:attachment":[{"href":"https:\/\/eurotrail.info\/fr\/wp-json\/wp\/v2\/media?parent=20535"}],"wp:term":[{"taxonomy":"product_brand","embeddable":true,"href":"https:\/\/eurotrail.info\/fr\/wp-json\/wp\/v2\/product_brand?post=20535"},{"taxonomy":"product_cat","embeddable":true,"href":"https:\/\/eurotrail.info\/fr\/wp-json\/wp\/v2\/product_cat?post=20535"},{"taxonomy":"product_tag","embeddable":true,"href":"https:\/\/eurotrail.info\/fr\/wp-json\/wp\/v2\/product_tag?post=20535"}],"curies":[{"name":"wp","href":"https:\/\/api.w.org\/{rel}","templated":true}]}}