{"id":20615,"date":"2022-11-03T16:58:21","date_gmt":"2022-11-03T15:58:21","guid":{"rendered":"https:\/\/eurotrail.info\/?post_type=product&#038;p=20615"},"modified":"2026-02-10T15:07:57","modified_gmt":"2026-02-10T14:07:57","slug":"revel-table-pliante-alu","status":"publish","type":"product","link":"https:\/\/eurotrail.info\/fr\/producten\/meubles\/tables-de-camping\/revel-table-pliante-alu\/","title":{"rendered":"Revel table pliante alu"},"content":{"rendered":"<p><strong>Table pliante Revel \u2013 Compacte, robuste et \u00e9l\u00e9gante<\/strong><\/p>\n<p>La table pliante Revel est une solution pratique et \u00e9l\u00e9gante pour le camping, les pique-niques ou le jardin. Son plateau imperm\u00e9able et r\u00e9sistant \u00e0 la chaleur la rend id\u00e9ale pour un usage quotidien en ext\u00e9rieur, du caf\u00e9 du matin au repas chaud du soir.<\/p>\n<p>Gr\u00e2ce \u00e0 sa hauteur r\u00e9glable \u00e0 l&#8217;infini, vous pouvez facilement adapter la table \u00e0 toutes les situations, tandis que son cadre tubulaire en aluminium robuste assure une excellente stabilit\u00e9.<\/p>\n<p>Un atout suppl\u00e9mentaire\u00a0: la table se plie en deux pour un rangement compact et facile \u00e0 transporter et \u00e0 ranger.<\/p>\n<p>Ses pieds anodis\u00e9s, son large rebord en aluminium et ses couleurs \u00e9l\u00e9gantes conf\u00e8rent \u00e0 la Revel une allure haut de gamme qui s&#8217;accorde parfaitement avec l&#8217;\u00e9quipement de camping moderne.<\/p>\n<p>Intelligemment con\u00e7ue, luxueusement finie et pr\u00eate \u00e0 vous accompagner partout. \u2728\ud83c\udfd5\ufe0f<\/p>\n<p>Cadre : pieds en aluminium \u00d820mm<br \/>\nDessus : aluminium plastique \u00e9tanche et r\u00e9sistant \u00e0 la chaleur<br \/>\nDimensions : 115x70x55\/73cm<br \/>\nPli\u00e9 : 115x70x5cm<br \/>\nPoids 6,95 kg.<\/p>\n","protected":false},"excerpt":{"rendered":"<p>Table pliante Revel \u2013 Compacte, robuste et \u00e9l\u00e9gante La table pliante Revel est une solution pratique et \u00e9l\u00e9gante pour le camping, les pique-niques ou le&hellip;<\/p>\n","protected":false},"featured_media":20485,"comment_status":"open","ping_status":"closed","template":"","meta":{"_acf_changed":false},"product_brand":[],"product_cat":[253,257],"product_tag":[],"class_list":{"0":"post-20615","1":"product","2":"type-product","3":"status-publish","4":"has-post-thumbnail","6":"product_cat-meubles","7":"product_cat-tables-de-camping","9":"first","10":"instock","11":"shipping-taxable","12":"product-type-simple"},"acf":[],"yoast_head":"<!-- This site is optimized with the Yoast SEO plugin v27.3 - https:\/\/yoast.com\/product\/yoast-seo-wordpress\/ -->\n<title>Revel table pliante alu - Eurotrail | The way we camp!<\/title>\n<meta name=\"description\" content=\"Table pliante avec plateau en aluminium\/plastique \u00e9tanche et r\u00e9sistant \u00e0 la chaleur. Jambes faciles \u00e0 r\u00e9gler en continu avec pied large pour \u00e9viter de s&#039;enfoncer dans le sol.\" \/>\n<meta name=\"robots\" content=\"index, follow, max-snippet:-1, max-image-preview:large, max-video-preview:-1\" \/>\n<link rel=\"canonical\" href=\"https:\/\/eurotrail.info\/fr\/producten\/meubles\/tables-de-camping\/revel-table-pliante-alu\/\" \/>\n<meta property=\"og:locale\" content=\"fr_FR\" \/>\n<meta property=\"og:type\" content=\"article\" \/>\n<meta property=\"og:title\" content=\"Revel table pliante alu - Eurotrail | The way we camp!\" \/>\n<meta property=\"og:description\" content=\"Table pliante avec plateau en aluminium\/plastique \u00e9tanche et r\u00e9sistant \u00e0 la chaleur. Jambes faciles \u00e0 r\u00e9gler en continu avec pied large pour \u00e9viter de s&#039;enfoncer dans le sol.\" \/>\n<meta property=\"og:url\" content=\"https:\/\/eurotrail.info\/fr\/producten\/meubles\/tables-de-camping\/revel-table-pliante-alu\/\" \/>\n<meta property=\"og:site_name\" content=\"Eurotrail | The way we camp!\" \/>\n<meta property=\"article:modified_time\" content=\"2026-02-10T14:07:57+00:00\" \/>\n<meta property=\"og:image\" content=\"https:\/\/eurotrail.info\/wp\/wp-content\/uploads\/2022\/11\/tafel-B-8.jpg\" \/>\n\t<meta property=\"og:image:width\" content=\"2559\" \/>\n\t<meta property=\"og:image:height\" content=\"2292\" \/>\n\t<meta property=\"og:image:type\" content=\"image\/jpeg\" \/>\n<meta name=\"twitter:card\" content=\"summary_large_image\" \/>\n<meta name=\"twitter:label1\" content=\"Dur\u00e9e de lecture estim\u00e9e\" \/>\n\t<meta name=\"twitter:data1\" content=\"1 minute\" \/>\n<script type=\"application\/ld+json\" class=\"yoast-schema-graph\">{\"@context\":\"https:\\\/\\\/schema.org\",\"@graph\":[{\"@type\":\"WebPage\",\"@id\":\"https:\\\/\\\/eurotrail.info\\\/fr\\\/producten\\\/meubles\\\/tables-de-camping\\\/revel-table-pliante-alu\\\/\",\"url\":\"https:\\\/\\\/eurotrail.info\\\/fr\\\/producten\\\/meubles\\\/tables-de-camping\\\/revel-table-pliante-alu\\\/\",\"name\":\"Revel table pliante alu - Eurotrail | The way we camp!\",\"isPartOf\":{\"@id\":\"https:\\\/\\\/eurotrail.info\\\/#website\"},\"primaryImageOfPage\":{\"@id\":\"https:\\\/\\\/eurotrail.info\\\/fr\\\/producten\\\/meubles\\\/tables-de-camping\\\/revel-table-pliante-alu\\\/#primaryimage\"},\"image\":{\"@id\":\"https:\\\/\\\/eurotrail.info\\\/fr\\\/producten\\\/meubles\\\/tables-de-camping\\\/revel-table-pliante-alu\\\/#primaryimage\"},\"thumbnailUrl\":\"https:\\\/\\\/eurotrail.info\\\/wp\\\/wp-content\\\/uploads\\\/2022\\\/11\\\/tafel-B-8.jpg\",\"datePublished\":\"2022-11-03T15:58:21+00:00\",\"dateModified\":\"2026-02-10T14:07:57+00:00\",\"description\":\"Table pliante avec plateau en aluminium\\\/plastique \u00e9tanche et r\u00e9sistant \u00e0 la chaleur. Jambes faciles \u00e0 r\u00e9gler en continu avec pied large pour \u00e9viter de s'enfoncer dans le sol.\",\"breadcrumb\":{\"@id\":\"https:\\\/\\\/eurotrail.info\\\/fr\\\/producten\\\/meubles\\\/tables-de-camping\\\/revel-table-pliante-alu\\\/#breadcrumb\"},\"inLanguage\":\"fr-FR\",\"potentialAction\":[{\"@type\":\"ReadAction\",\"target\":[\"https:\\\/\\\/eurotrail.info\\\/fr\\\/producten\\\/meubles\\\/tables-de-camping\\\/revel-table-pliante-alu\\\/\"]}]},{\"@type\":\"ImageObject\",\"inLanguage\":\"fr-FR\",\"@id\":\"https:\\\/\\\/eurotrail.info\\\/fr\\\/producten\\\/meubles\\\/tables-de-camping\\\/revel-table-pliante-alu\\\/#primaryimage\",\"url\":\"https:\\\/\\\/eurotrail.info\\\/wp\\\/wp-content\\\/uploads\\\/2022\\\/11\\\/tafel-B-8.jpg\",\"contentUrl\":\"https:\\\/\\\/eurotrail.info\\\/wp\\\/wp-content\\\/uploads\\\/2022\\\/11\\\/tafel-B-8.jpg\",\"width\":2559,\"height\":2292,\"caption\":\"Eurotrail Calmount campingtafel Alu\"},{\"@type\":\"BreadcrumbList\",\"@id\":\"https:\\\/\\\/eurotrail.info\\\/fr\\\/producten\\\/meubles\\\/tables-de-camping\\\/revel-table-pliante-alu\\\/#breadcrumb\",\"itemListElement\":[{\"@type\":\"ListItem\",\"position\":1,\"name\":\"Home\",\"item\":\"https:\\\/\\\/eurotrail.info\\\/fr\\\/\"},{\"@type\":\"ListItem\",\"position\":2,\"name\":\"Produits\",\"item\":\"https:\\\/\\\/eurotrail.info\\\/fr\\\/produits\\\/\"},{\"@type\":\"ListItem\",\"position\":3,\"name\":\"Revel table pliante alu\"}]},{\"@type\":\"WebSite\",\"@id\":\"https:\\\/\\\/eurotrail.info\\\/#website\",\"url\":\"https:\\\/\\\/eurotrail.info\\\/\",\"name\":\"Eurotrail | The way we camp!\",\"description\":\"\",\"publisher\":{\"@id\":\"https:\\\/\\\/eurotrail.info\\\/#organization\"},\"potentialAction\":[{\"@type\":\"SearchAction\",\"target\":{\"@type\":\"EntryPoint\",\"urlTemplate\":\"https:\\\/\\\/eurotrail.info\\\/?s={search_term_string}\"},\"query-input\":{\"@type\":\"PropertyValueSpecification\",\"valueRequired\":true,\"valueName\":\"search_term_string\"}}],\"inLanguage\":\"fr-FR\"},{\"@type\":\"Organization\",\"@id\":\"https:\\\/\\\/eurotrail.info\\\/#organization\",\"name\":\"Eurotrail | The way we camp!\",\"url\":\"https:\\\/\\\/eurotrail.info\\\/\",\"logo\":{\"@type\":\"ImageObject\",\"inLanguage\":\"fr-FR\",\"@id\":\"https:\\\/\\\/eurotrail.info\\\/#\\\/schema\\\/logo\\\/image\\\/\",\"url\":\"https:\\\/\\\/eurotrail.info\\\/wp\\\/wp-content\\\/uploads\\\/2023\\\/07\\\/ET-logo-quote_NL-scaled.jpg\",\"contentUrl\":\"https:\\\/\\\/eurotrail.info\\\/wp\\\/wp-content\\\/uploads\\\/2023\\\/07\\\/ET-logo-quote_NL-scaled.jpg\",\"width\":2560,\"height\":675,\"caption\":\"Eurotrail | The way we camp!\"},\"image\":{\"@id\":\"https:\\\/\\\/eurotrail.info\\\/#\\\/schema\\\/logo\\\/image\\\/\"}}]}<\/script>\n<!-- \/ Yoast SEO plugin. -->","yoast_head_json":{"title":"Revel table pliante alu - Eurotrail | The way we camp!","description":"Table pliante avec plateau en aluminium\/plastique \u00e9tanche et r\u00e9sistant \u00e0 la chaleur. Jambes faciles \u00e0 r\u00e9gler en continu avec pied large pour \u00e9viter de s'enfoncer dans le sol.","robots":{"index":"index","follow":"follow","max-snippet":"max-snippet:-1","max-image-preview":"max-image-preview:large","max-video-preview":"max-video-preview:-1"},"canonical":"https:\/\/eurotrail.info\/fr\/producten\/meubles\/tables-de-camping\/revel-table-pliante-alu\/","og_locale":"fr_FR","og_type":"article","og_title":"Revel table pliante alu - Eurotrail | The way we camp!","og_description":"Table pliante avec plateau en aluminium\/plastique \u00e9tanche et r\u00e9sistant \u00e0 la chaleur. Jambes faciles \u00e0 r\u00e9gler en continu avec pied large pour \u00e9viter de s'enfoncer dans le sol.","og_url":"https:\/\/eurotrail.info\/fr\/producten\/meubles\/tables-de-camping\/revel-table-pliante-alu\/","og_site_name":"Eurotrail | The way we camp!","article_modified_time":"2026-02-10T14:07:57+00:00","og_image":[{"width":2559,"height":2292,"url":"https:\/\/eurotrail.info\/wp\/wp-content\/uploads\/2022\/11\/tafel-B-8.jpg","type":"image\/jpeg"}],"twitter_card":"summary_large_image","twitter_misc":{"Dur\u00e9e de lecture estim\u00e9e":"1 minute"},"schema":{"@context":"https:\/\/schema.org","@graph":[{"@type":"WebPage","@id":"https:\/\/eurotrail.info\/fr\/producten\/meubles\/tables-de-camping\/revel-table-pliante-alu\/","url":"https:\/\/eurotrail.info\/fr\/producten\/meubles\/tables-de-camping\/revel-table-pliante-alu\/","name":"Revel table pliante alu - Eurotrail | The way we camp!","isPartOf":{"@id":"https:\/\/eurotrail.info\/#website"},"primaryImageOfPage":{"@id":"https:\/\/eurotrail.info\/fr\/producten\/meubles\/tables-de-camping\/revel-table-pliante-alu\/#primaryimage"},"image":{"@id":"https:\/\/eurotrail.info\/fr\/producten\/meubles\/tables-de-camping\/revel-table-pliante-alu\/#primaryimage"},"thumbnailUrl":"https:\/\/eurotrail.info\/wp\/wp-content\/uploads\/2022\/11\/tafel-B-8.jpg","datePublished":"2022-11-03T15:58:21+00:00","dateModified":"2026-02-10T14:07:57+00:00","description":"Table pliante avec plateau en aluminium\/plastique \u00e9tanche et r\u00e9sistant \u00e0 la chaleur. Jambes faciles \u00e0 r\u00e9gler en continu avec pied large pour \u00e9viter de s'enfoncer dans le sol.","breadcrumb":{"@id":"https:\/\/eurotrail.info\/fr\/producten\/meubles\/tables-de-camping\/revel-table-pliante-alu\/#breadcrumb"},"inLanguage":"fr-FR","potentialAction":[{"@type":"ReadAction","target":["https:\/\/eurotrail.info\/fr\/producten\/meubles\/tables-de-camping\/revel-table-pliante-alu\/"]}]},{"@type":"ImageObject","inLanguage":"fr-FR","@id":"https:\/\/eurotrail.info\/fr\/producten\/meubles\/tables-de-camping\/revel-table-pliante-alu\/#primaryimage","url":"https:\/\/eurotrail.info\/wp\/wp-content\/uploads\/2022\/11\/tafel-B-8.jpg","contentUrl":"https:\/\/eurotrail.info\/wp\/wp-content\/uploads\/2022\/11\/tafel-B-8.jpg","width":2559,"height":2292,"caption":"Eurotrail Calmount campingtafel Alu"},{"@type":"BreadcrumbList","@id":"https:\/\/eurotrail.info\/fr\/producten\/meubles\/tables-de-camping\/revel-table-pliante-alu\/#breadcrumb","itemListElement":[{"@type":"ListItem","position":1,"name":"Home","item":"https:\/\/eurotrail.info\/fr\/"},{"@type":"ListItem","position":2,"name":"Produits","item":"https:\/\/eurotrail.info\/fr\/produits\/"},{"@type":"ListItem","position":3,"name":"Revel table pliante alu"}]},{"@type":"WebSite","@id":"https:\/\/eurotrail.info\/#website","url":"https:\/\/eurotrail.info\/","name":"Eurotrail | The way we camp!","description":"","publisher":{"@id":"https:\/\/eurotrail.info\/#organization"},"potentialAction":[{"@type":"SearchAction","target":{"@type":"EntryPoint","urlTemplate":"https:\/\/eurotrail.info\/?s={search_term_string}"},"query-input":{"@type":"PropertyValueSpecification","valueRequired":true,"valueName":"search_term_string"}}],"inLanguage":"fr-FR"},{"@type":"Organization","@id":"https:\/\/eurotrail.info\/#organization","name":"Eurotrail | The way we camp!","url":"https:\/\/eurotrail.info\/","logo":{"@type":"ImageObject","inLanguage":"fr-FR","@id":"https:\/\/eurotrail.info\/#\/schema\/logo\/image\/","url":"https:\/\/eurotrail.info\/wp\/wp-content\/uploads\/2023\/07\/ET-logo-quote_NL-scaled.jpg","contentUrl":"https:\/\/eurotrail.info\/wp\/wp-content\/uploads\/2023\/07\/ET-logo-quote_NL-scaled.jpg","width":2560,"height":675,"caption":"Eurotrail | The way we camp!"},"image":{"@id":"https:\/\/eurotrail.info\/#\/schema\/logo\/image\/"}}]}},"_links":{"self":[{"href":"https:\/\/eurotrail.info\/fr\/wp-json\/wp\/v2\/product\/20615","targetHints":{"allow":["GET"]}}],"collection":[{"href":"https:\/\/eurotrail.info\/fr\/wp-json\/wp\/v2\/product"}],"about":[{"href":"https:\/\/eurotrail.info\/fr\/wp-json\/wp\/v2\/types\/product"}],"replies":[{"embeddable":true,"href":"https:\/\/eurotrail.info\/fr\/wp-json\/wp\/v2\/comments?post=20615"}],"wp:featuredmedia":[{"embeddable":true,"href":"https:\/\/eurotrail.info\/fr\/wp-json\/wp\/v2\/media\/20485"}],"wp:attachment":[{"href":"https:\/\/eurotrail.info\/fr\/wp-json\/wp\/v2\/media?parent=20615"}],"wp:term":[{"taxonomy":"product_brand","embeddable":true,"href":"https:\/\/eurotrail.info\/fr\/wp-json\/wp\/v2\/product_brand?post=20615"},{"taxonomy":"product_cat","embeddable":true,"href":"https:\/\/eurotrail.info\/fr\/wp-json\/wp\/v2\/product_cat?post=20615"},{"taxonomy":"product_tag","embeddable":true,"href":"https:\/\/eurotrail.info\/fr\/wp-json\/wp\/v2\/product_tag?post=20615"}],"curies":[{"name":"wp","href":"https:\/\/api.w.org\/{rel}","templated":true}]}}