{"id":20623,"date":"2022-11-03T17:29:10","date_gmt":"2022-11-03T16:29:10","guid":{"rendered":"https:\/\/eurotrail.info\/?post_type=product&#038;p=20623"},"modified":"2026-03-19T13:23:27","modified_gmt":"2026-03-19T12:23:27","slug":"teramo-table-de-cuisine-pliable","status":"publish","type":"product","link":"https:\/\/eurotrail.info\/fr\/producten\/meubles\/armoires-de-camping\/teramo-table-de-cuisine-pliable\/","title":{"rendered":"Teramo table de cuisine pliable"},"content":{"rendered":"<h5>Petite table de cuisine pliable pratique pour les d\u00e9placements<\/h5>\n<p>Cette table de cuisine pliable pratique est la solution id\u00e9ale pour tous ceux qui ont rapidement besoin d&#8217;un espace de travail suppl\u00e9mentaire. Que vous souhaitiez cuisiner au camping, pr\u00e9parer un repas ou que vous recherchiez une table haute stable pour pr\u00e9parer quelque chose, cette petite table de cuisine pliable est pr\u00eate en un clin d&#8217;\u0153il.<\/p>\n<p>Le plateau solide et stable offre suffisamment d&#8217;espace pour travailler confortablement, tandis que l&#8217;\u00e9tag\u00e8re suppl\u00e9mentaire permet de garder les casseroles, les ustensiles de cuisine ou les ingr\u00e9dients \u00e0 port\u00e9e de main. Gr\u00e2ce \u00e0 sa conception intelligente, la table est facile et rapide \u00e0 installer, ce qui la rend parfaite pour les d\u00e9placements, le camping, le jardin ou d&#8217;autres activit\u00e9s de plein air.<\/p>\n<p>Le cadre pliable de couleur anthracite, associ\u00e9 au plateau aspect bambou et \u00e0 l&#8217;\u00e9tag\u00e8re suppl\u00e9mentaire, conf\u00e8re \u00e0 la table un aspect moderne et luxueux. Elle reste n\u00e9anmoins compacte, pratique et facile \u00e0 transporter, vous permettant de profiter partout d&#8217;un espace de travail suppl\u00e9mentaire lorsque vous en avez besoin.<\/p>\n<p>Plateau : MDF<br \/>\nCadre : Aluminium \u00f8 14 mm<br \/>\nTaille : 80x64x44cm<br \/>\nPli\u00e9 : 78x48x8cm<br \/>\nPoids : 2,8 kg.<\/p>\n","protected":false},"excerpt":{"rendered":"<p>Petite table de cuisine pliable pratique pour les d\u00e9placements Cette table de cuisine pliable pratique est la solution id\u00e9ale pour tous ceux qui ont rapidement&hellip;<\/p>\n","protected":false},"featured_media":20638,"comment_status":"open","ping_status":"closed","template":"","meta":{"_acf_changed":false},"product_brand":[],"product_cat":[260,261,253],"product_tag":[],"class_list":{"0":"post-20623","1":"product","2":"type-product","3":"status-publish","4":"has-post-thumbnail","6":"product_cat-armoires-de-camping","7":"product_cat-armoires-de-cuisine","8":"product_cat-meubles","10":"first","11":"instock","12":"shipping-taxable","13":"product-type-simple"},"acf":[],"yoast_head":"<!-- This site is optimized with the Yoast SEO plugin v27.3 - https:\/\/yoast.com\/product\/yoast-seo-wordpress\/ -->\n<title>Teramo table de cuisine pliable - Eurotrail | The way we camp!<\/title>\n<meta name=\"description\" content=\"Table de cuisine pliante pratique.Dessus robuste et stable et une \u00e9tag\u00e8re suppl\u00e9mentaire pour les casseroles.Facile et rapide \u00e0 installer et id\u00e9al pour les d\u00e9placements.\" \/>\n<meta name=\"robots\" content=\"index, follow, max-snippet:-1, max-image-preview:large, max-video-preview:-1\" \/>\n<link rel=\"canonical\" href=\"https:\/\/eurotrail.info\/fr\/producten\/meubles\/armoires-de-camping\/teramo-table-de-cuisine-pliable\/\" \/>\n<meta property=\"og:locale\" content=\"fr_FR\" \/>\n<meta property=\"og:type\" content=\"article\" \/>\n<meta property=\"og:title\" content=\"Teramo table de cuisine pliable - Eurotrail | The way we camp!\" \/>\n<meta property=\"og:description\" content=\"Table de cuisine pliante pratique.Dessus robuste et stable et une \u00e9tag\u00e8re suppl\u00e9mentaire pour les casseroles.Facile et rapide \u00e0 installer et id\u00e9al pour les d\u00e9placements.\" \/>\n<meta property=\"og:url\" content=\"https:\/\/eurotrail.info\/fr\/producten\/meubles\/armoires-de-camping\/teramo-table-de-cuisine-pliable\/\" \/>\n<meta property=\"og:site_name\" content=\"Eurotrail | The way we camp!\" \/>\n<meta property=\"article:modified_time\" content=\"2026-03-19T12:23:27+00:00\" \/>\n<meta property=\"og:image\" content=\"https:\/\/eurotrail.info\/wp\/wp-content\/uploads\/2022\/11\/teramo-3-scaled.jpg\" \/>\n\t<meta property=\"og:image:width\" content=\"1724\" \/>\n\t<meta property=\"og:image:height\" content=\"2560\" \/>\n\t<meta property=\"og:image:type\" content=\"image\/jpeg\" \/>\n<meta name=\"twitter:card\" content=\"summary_large_image\" \/>\n<meta name=\"twitter:label1\" content=\"Dur\u00e9e de lecture estim\u00e9e\" \/>\n\t<meta name=\"twitter:data1\" content=\"2 minutes\" \/>\n<script type=\"application\/ld+json\" class=\"yoast-schema-graph\">{\"@context\":\"https:\\\/\\\/schema.org\",\"@graph\":[{\"@type\":\"WebPage\",\"@id\":\"https:\\\/\\\/eurotrail.info\\\/fr\\\/producten\\\/meubles\\\/armoires-de-camping\\\/teramo-table-de-cuisine-pliable\\\/\",\"url\":\"https:\\\/\\\/eurotrail.info\\\/fr\\\/producten\\\/meubles\\\/armoires-de-camping\\\/teramo-table-de-cuisine-pliable\\\/\",\"name\":\"Teramo table de cuisine pliable - Eurotrail | The way we camp!\",\"isPartOf\":{\"@id\":\"https:\\\/\\\/eurotrail.info\\\/#website\"},\"primaryImageOfPage\":{\"@id\":\"https:\\\/\\\/eurotrail.info\\\/fr\\\/producten\\\/meubles\\\/armoires-de-camping\\\/teramo-table-de-cuisine-pliable\\\/#primaryimage\"},\"image\":{\"@id\":\"https:\\\/\\\/eurotrail.info\\\/fr\\\/producten\\\/meubles\\\/armoires-de-camping\\\/teramo-table-de-cuisine-pliable\\\/#primaryimage\"},\"thumbnailUrl\":\"https:\\\/\\\/eurotrail.info\\\/wp\\\/wp-content\\\/uploads\\\/2022\\\/11\\\/teramo-3-scaled.jpg\",\"datePublished\":\"2022-11-03T16:29:10+00:00\",\"dateModified\":\"2026-03-19T12:23:27+00:00\",\"description\":\"Table de cuisine pliante pratique.Dessus robuste et stable et une \u00e9tag\u00e8re suppl\u00e9mentaire pour les casseroles.Facile et rapide \u00e0 installer et id\u00e9al pour les d\u00e9placements.\",\"breadcrumb\":{\"@id\":\"https:\\\/\\\/eurotrail.info\\\/fr\\\/producten\\\/meubles\\\/armoires-de-camping\\\/teramo-table-de-cuisine-pliable\\\/#breadcrumb\"},\"inLanguage\":\"fr-FR\",\"potentialAction\":[{\"@type\":\"ReadAction\",\"target\":[\"https:\\\/\\\/eurotrail.info\\\/fr\\\/producten\\\/meubles\\\/armoires-de-camping\\\/teramo-table-de-cuisine-pliable\\\/\"]}]},{\"@type\":\"ImageObject\",\"inLanguage\":\"fr-FR\",\"@id\":\"https:\\\/\\\/eurotrail.info\\\/fr\\\/producten\\\/meubles\\\/armoires-de-camping\\\/teramo-table-de-cuisine-pliable\\\/#primaryimage\",\"url\":\"https:\\\/\\\/eurotrail.info\\\/wp\\\/wp-content\\\/uploads\\\/2022\\\/11\\\/teramo-3-scaled.jpg\",\"contentUrl\":\"https:\\\/\\\/eurotrail.info\\\/wp\\\/wp-content\\\/uploads\\\/2022\\\/11\\\/teramo-3-scaled.jpg\",\"width\":1724,\"height\":2560,\"caption\":\"Eurotrail Teramo opvouwbare keukentafel\"},{\"@type\":\"BreadcrumbList\",\"@id\":\"https:\\\/\\\/eurotrail.info\\\/fr\\\/producten\\\/meubles\\\/armoires-de-camping\\\/teramo-table-de-cuisine-pliable\\\/#breadcrumb\",\"itemListElement\":[{\"@type\":\"ListItem\",\"position\":1,\"name\":\"Home\",\"item\":\"https:\\\/\\\/eurotrail.info\\\/fr\\\/\"},{\"@type\":\"ListItem\",\"position\":2,\"name\":\"Produits\",\"item\":\"https:\\\/\\\/eurotrail.info\\\/fr\\\/produits\\\/\"},{\"@type\":\"ListItem\",\"position\":3,\"name\":\"Teramo table de cuisine pliable\"}]},{\"@type\":\"WebSite\",\"@id\":\"https:\\\/\\\/eurotrail.info\\\/#website\",\"url\":\"https:\\\/\\\/eurotrail.info\\\/\",\"name\":\"Eurotrail | The way we camp!\",\"description\":\"\",\"publisher\":{\"@id\":\"https:\\\/\\\/eurotrail.info\\\/#organization\"},\"potentialAction\":[{\"@type\":\"SearchAction\",\"target\":{\"@type\":\"EntryPoint\",\"urlTemplate\":\"https:\\\/\\\/eurotrail.info\\\/?s={search_term_string}\"},\"query-input\":{\"@type\":\"PropertyValueSpecification\",\"valueRequired\":true,\"valueName\":\"search_term_string\"}}],\"inLanguage\":\"fr-FR\"},{\"@type\":\"Organization\",\"@id\":\"https:\\\/\\\/eurotrail.info\\\/#organization\",\"name\":\"Eurotrail | The way we camp!\",\"url\":\"https:\\\/\\\/eurotrail.info\\\/\",\"logo\":{\"@type\":\"ImageObject\",\"inLanguage\":\"fr-FR\",\"@id\":\"https:\\\/\\\/eurotrail.info\\\/#\\\/schema\\\/logo\\\/image\\\/\",\"url\":\"https:\\\/\\\/eurotrail.info\\\/wp\\\/wp-content\\\/uploads\\\/2023\\\/07\\\/ET-logo-quote_NL-scaled.jpg\",\"contentUrl\":\"https:\\\/\\\/eurotrail.info\\\/wp\\\/wp-content\\\/uploads\\\/2023\\\/07\\\/ET-logo-quote_NL-scaled.jpg\",\"width\":2560,\"height\":675,\"caption\":\"Eurotrail | The way we camp!\"},\"image\":{\"@id\":\"https:\\\/\\\/eurotrail.info\\\/#\\\/schema\\\/logo\\\/image\\\/\"}}]}<\/script>\n<!-- \/ Yoast SEO plugin. -->","yoast_head_json":{"title":"Teramo table de cuisine pliable - Eurotrail | The way we camp!","description":"Table de cuisine pliante pratique.Dessus robuste et stable et une \u00e9tag\u00e8re suppl\u00e9mentaire pour les casseroles.Facile et rapide \u00e0 installer et id\u00e9al pour les d\u00e9placements.","robots":{"index":"index","follow":"follow","max-snippet":"max-snippet:-1","max-image-preview":"max-image-preview:large","max-video-preview":"max-video-preview:-1"},"canonical":"https:\/\/eurotrail.info\/fr\/producten\/meubles\/armoires-de-camping\/teramo-table-de-cuisine-pliable\/","og_locale":"fr_FR","og_type":"article","og_title":"Teramo table de cuisine pliable - Eurotrail | The way we camp!","og_description":"Table de cuisine pliante pratique.Dessus robuste et stable et une \u00e9tag\u00e8re suppl\u00e9mentaire pour les casseroles.Facile et rapide \u00e0 installer et id\u00e9al pour les d\u00e9placements.","og_url":"https:\/\/eurotrail.info\/fr\/producten\/meubles\/armoires-de-camping\/teramo-table-de-cuisine-pliable\/","og_site_name":"Eurotrail | The way we camp!","article_modified_time":"2026-03-19T12:23:27+00:00","og_image":[{"width":1724,"height":2560,"url":"https:\/\/eurotrail.info\/wp\/wp-content\/uploads\/2022\/11\/teramo-3-scaled.jpg","type":"image\/jpeg"}],"twitter_card":"summary_large_image","twitter_misc":{"Dur\u00e9e de lecture estim\u00e9e":"2 minutes"},"schema":{"@context":"https:\/\/schema.org","@graph":[{"@type":"WebPage","@id":"https:\/\/eurotrail.info\/fr\/producten\/meubles\/armoires-de-camping\/teramo-table-de-cuisine-pliable\/","url":"https:\/\/eurotrail.info\/fr\/producten\/meubles\/armoires-de-camping\/teramo-table-de-cuisine-pliable\/","name":"Teramo table de cuisine pliable - Eurotrail | The way we camp!","isPartOf":{"@id":"https:\/\/eurotrail.info\/#website"},"primaryImageOfPage":{"@id":"https:\/\/eurotrail.info\/fr\/producten\/meubles\/armoires-de-camping\/teramo-table-de-cuisine-pliable\/#primaryimage"},"image":{"@id":"https:\/\/eurotrail.info\/fr\/producten\/meubles\/armoires-de-camping\/teramo-table-de-cuisine-pliable\/#primaryimage"},"thumbnailUrl":"https:\/\/eurotrail.info\/wp\/wp-content\/uploads\/2022\/11\/teramo-3-scaled.jpg","datePublished":"2022-11-03T16:29:10+00:00","dateModified":"2026-03-19T12:23:27+00:00","description":"Table de cuisine pliante pratique.Dessus robuste et stable et une \u00e9tag\u00e8re suppl\u00e9mentaire pour les casseroles.Facile et rapide \u00e0 installer et id\u00e9al pour les d\u00e9placements.","breadcrumb":{"@id":"https:\/\/eurotrail.info\/fr\/producten\/meubles\/armoires-de-camping\/teramo-table-de-cuisine-pliable\/#breadcrumb"},"inLanguage":"fr-FR","potentialAction":[{"@type":"ReadAction","target":["https:\/\/eurotrail.info\/fr\/producten\/meubles\/armoires-de-camping\/teramo-table-de-cuisine-pliable\/"]}]},{"@type":"ImageObject","inLanguage":"fr-FR","@id":"https:\/\/eurotrail.info\/fr\/producten\/meubles\/armoires-de-camping\/teramo-table-de-cuisine-pliable\/#primaryimage","url":"https:\/\/eurotrail.info\/wp\/wp-content\/uploads\/2022\/11\/teramo-3-scaled.jpg","contentUrl":"https:\/\/eurotrail.info\/wp\/wp-content\/uploads\/2022\/11\/teramo-3-scaled.jpg","width":1724,"height":2560,"caption":"Eurotrail Teramo opvouwbare keukentafel"},{"@type":"BreadcrumbList","@id":"https:\/\/eurotrail.info\/fr\/producten\/meubles\/armoires-de-camping\/teramo-table-de-cuisine-pliable\/#breadcrumb","itemListElement":[{"@type":"ListItem","position":1,"name":"Home","item":"https:\/\/eurotrail.info\/fr\/"},{"@type":"ListItem","position":2,"name":"Produits","item":"https:\/\/eurotrail.info\/fr\/produits\/"},{"@type":"ListItem","position":3,"name":"Teramo table de cuisine pliable"}]},{"@type":"WebSite","@id":"https:\/\/eurotrail.info\/#website","url":"https:\/\/eurotrail.info\/","name":"Eurotrail | The way we camp!","description":"","publisher":{"@id":"https:\/\/eurotrail.info\/#organization"},"potentialAction":[{"@type":"SearchAction","target":{"@type":"EntryPoint","urlTemplate":"https:\/\/eurotrail.info\/?s={search_term_string}"},"query-input":{"@type":"PropertyValueSpecification","valueRequired":true,"valueName":"search_term_string"}}],"inLanguage":"fr-FR"},{"@type":"Organization","@id":"https:\/\/eurotrail.info\/#organization","name":"Eurotrail | The way we camp!","url":"https:\/\/eurotrail.info\/","logo":{"@type":"ImageObject","inLanguage":"fr-FR","@id":"https:\/\/eurotrail.info\/#\/schema\/logo\/image\/","url":"https:\/\/eurotrail.info\/wp\/wp-content\/uploads\/2023\/07\/ET-logo-quote_NL-scaled.jpg","contentUrl":"https:\/\/eurotrail.info\/wp\/wp-content\/uploads\/2023\/07\/ET-logo-quote_NL-scaled.jpg","width":2560,"height":675,"caption":"Eurotrail | The way we camp!"},"image":{"@id":"https:\/\/eurotrail.info\/#\/schema\/logo\/image\/"}}]}},"_links":{"self":[{"href":"https:\/\/eurotrail.info\/fr\/wp-json\/wp\/v2\/product\/20623","targetHints":{"allow":["GET"]}}],"collection":[{"href":"https:\/\/eurotrail.info\/fr\/wp-json\/wp\/v2\/product"}],"about":[{"href":"https:\/\/eurotrail.info\/fr\/wp-json\/wp\/v2\/types\/product"}],"replies":[{"embeddable":true,"href":"https:\/\/eurotrail.info\/fr\/wp-json\/wp\/v2\/comments?post=20623"}],"wp:featuredmedia":[{"embeddable":true,"href":"https:\/\/eurotrail.info\/fr\/wp-json\/wp\/v2\/media\/20638"}],"wp:attachment":[{"href":"https:\/\/eurotrail.info\/fr\/wp-json\/wp\/v2\/media?parent=20623"}],"wp:term":[{"taxonomy":"product_brand","embeddable":true,"href":"https:\/\/eurotrail.info\/fr\/wp-json\/wp\/v2\/product_brand?post=20623"},{"taxonomy":"product_cat","embeddable":true,"href":"https:\/\/eurotrail.info\/fr\/wp-json\/wp\/v2\/product_cat?post=20623"},{"taxonomy":"product_tag","embeddable":true,"href":"https:\/\/eurotrail.info\/fr\/wp-json\/wp\/v2\/product_tag?post=20623"}],"curies":[{"name":"wp","href":"https:\/\/api.w.org\/{rel}","templated":true}]}}