{"id":20673,"date":"2022-11-17T14:28:26","date_gmt":"2022-11-17T13:39:00","guid":{"rendered":"https:\/\/eurotrail.info\/?post_type=product&#038;p=20673"},"modified":"2022-11-17T14:39:59","modified_gmt":"2022-11-17T13:39:59","slug":"tente-anti-moustiques-fjord","status":"publish","type":"product","link":"https:\/\/eurotrail.info\/fr\/producten\/caravane-camping-car-bus\/auvents-de-caravane\/tente-anti-moustiques-fjord\/","title":{"rendered":"Tente anti-moustiques Fjord"},"content":{"rendered":"<p>Avec cette moustiquaire, vous transformez votre auvent en une zone sans insectes ! Facile \u00e0 fixer \u00e0 votre auvent Fjord gr\u00e2ce au velcro. Porte d&#8217;entr\u00e9e centrale avec fermeture \u00e9clair. \u00c9quip\u00e9 de boucles de fixation pour la fixation au poteau d&#8217;auvent ou \u00e0 la tige de pouss\u00e9e. Disponible en 2 tailles pour le store Fjord 260 ou pour le store Fjord 300.<br \/>\nLa moustiquaire Fjord vous permet de profiter au maximum de l&#8217;ext\u00e9rieur sans insectes g\u00eanants.<\/p>\n<p>Mat\u00e9riau : maille 100 % polyester \/ 100 % polyester 185T<br \/>\nTaille : 45x45x6cm<br \/>\nFjord 260 : 260x240cm, poids 3,5kg<br \/>\nFjord 300\u00a0: 300 x 240 cm, poids 3,7 kg<\/p>\n<p><a href=\"https:\/\/youtu.be\/XqS2MUqmnPU\">Opbouwschema\/manual\/Aufbauanleitung\/Horario de construccion Fjord Screen house\u00a0<\/a><\/p>\n","protected":false},"excerpt":{"rendered":"<p>Avec cette moustiquaire, vous transformez votre auvent en une zone sans insectes ! Facile \u00e0 fixer \u00e0 votre auvent Fjord gr\u00e2ce au velcro. Porte d&#8217;entr\u00e9e&hellip;<\/p>\n","protected":false},"featured_media":20667,"comment_status":"open","ping_status":"closed","template":"","meta":{"_acf_changed":false},"product_brand":[],"product_cat":[240,237],"product_tag":[],"class_list":{"0":"post-20673","1":"product","2":"type-product","3":"status-publish","4":"has-post-thumbnail","6":"product_cat-auvents-de-caravane","7":"product_cat-caravane-camping-car-bus","9":"first","10":"instock","11":"shipping-taxable","12":"product-type-simple"},"acf":[],"yoast_head":"<!-- This site is optimized with the Yoast SEO plugin v27.4 - https:\/\/yoast.com\/product\/yoast-seo-wordpress\/ -->\n<title>Tente anti-moustiques Fjord - Eurotrail | The way we camp!<\/title>\n<meta name=\"description\" content=\"Avec cette moustiquaire, vous transformez votre auvent en une zone sans insectes ! Facile \u00e0 fixer \u00e0 votre auvent Fjord gr\u00e2ce au velcro.\" \/>\n<meta name=\"robots\" content=\"index, follow, max-snippet:-1, max-image-preview:large, max-video-preview:-1\" \/>\n<link rel=\"canonical\" href=\"https:\/\/eurotrail.info\/fr\/producten\/caravane-camping-car-bus\/auvents-de-caravane\/tente-anti-moustiques-fjord\/\" \/>\n<meta property=\"og:locale\" content=\"fr_FR\" \/>\n<meta property=\"og:type\" content=\"article\" \/>\n<meta property=\"og:title\" content=\"Tente anti-moustiques Fjord - Eurotrail | The way we camp!\" \/>\n<meta property=\"og:description\" content=\"Avec cette moustiquaire, vous transformez votre auvent en une zone sans insectes ! Facile \u00e0 fixer \u00e0 votre auvent Fjord gr\u00e2ce au velcro.\" \/>\n<meta property=\"og:url\" content=\"https:\/\/eurotrail.info\/fr\/producten\/caravane-camping-car-bus\/auvents-de-caravane\/tente-anti-moustiques-fjord\/\" \/>\n<meta property=\"og:site_name\" content=\"Eurotrail | The way we camp!\" \/>\n<meta property=\"article:modified_time\" content=\"2022-11-17T13:39:59+00:00\" \/>\n<meta property=\"og:image\" content=\"https:\/\/eurotrail.info\/wp\/wp-content\/uploads\/2022\/11\/IMG_1635-KLEIN.jpg\" \/>\n\t<meta property=\"og:image:width\" content=\"2319\" \/>\n\t<meta property=\"og:image:height\" content=\"1491\" \/>\n\t<meta property=\"og:image:type\" content=\"image\/jpeg\" \/>\n<meta name=\"twitter:card\" content=\"summary_large_image\" \/>\n<meta name=\"twitter:label1\" content=\"Dur\u00e9e de lecture estim\u00e9e\" \/>\n\t<meta name=\"twitter:data1\" content=\"1 minute\" \/>\n<script type=\"application\/ld+json\" class=\"yoast-schema-graph\">{\"@context\":\"https:\\\/\\\/schema.org\",\"@graph\":[{\"@type\":\"WebPage\",\"@id\":\"https:\\\/\\\/eurotrail.info\\\/fr\\\/producten\\\/caravane-camping-car-bus\\\/auvents-de-caravane\\\/tente-anti-moustiques-fjord\\\/\",\"url\":\"https:\\\/\\\/eurotrail.info\\\/fr\\\/producten\\\/caravane-camping-car-bus\\\/auvents-de-caravane\\\/tente-anti-moustiques-fjord\\\/\",\"name\":\"Tente anti-moustiques Fjord - Eurotrail | The way we camp!\",\"isPartOf\":{\"@id\":\"https:\\\/\\\/eurotrail.info\\\/#website\"},\"primaryImageOfPage\":{\"@id\":\"https:\\\/\\\/eurotrail.info\\\/fr\\\/producten\\\/caravane-camping-car-bus\\\/auvents-de-caravane\\\/tente-anti-moustiques-fjord\\\/#primaryimage\"},\"image\":{\"@id\":\"https:\\\/\\\/eurotrail.info\\\/fr\\\/producten\\\/caravane-camping-car-bus\\\/auvents-de-caravane\\\/tente-anti-moustiques-fjord\\\/#primaryimage\"},\"thumbnailUrl\":\"https:\\\/\\\/eurotrail.info\\\/wp\\\/wp-content\\\/uploads\\\/2022\\\/11\\\/IMG_1635-KLEIN.jpg\",\"datePublished\":\"2022-11-17T13:39:00+00:00\",\"dateModified\":\"2022-11-17T13:39:59+00:00\",\"description\":\"Avec cette moustiquaire, vous transformez votre auvent en une zone sans insectes ! Facile \u00e0 fixer \u00e0 votre auvent Fjord gr\u00e2ce au velcro.\",\"breadcrumb\":{\"@id\":\"https:\\\/\\\/eurotrail.info\\\/fr\\\/producten\\\/caravane-camping-car-bus\\\/auvents-de-caravane\\\/tente-anti-moustiques-fjord\\\/#breadcrumb\"},\"inLanguage\":\"fr-FR\",\"potentialAction\":[{\"@type\":\"ReadAction\",\"target\":[\"https:\\\/\\\/eurotrail.info\\\/fr\\\/producten\\\/caravane-camping-car-bus\\\/auvents-de-caravane\\\/tente-anti-moustiques-fjord\\\/\"]}]},{\"@type\":\"ImageObject\",\"inLanguage\":\"fr-FR\",\"@id\":\"https:\\\/\\\/eurotrail.info\\\/fr\\\/producten\\\/caravane-camping-car-bus\\\/auvents-de-caravane\\\/tente-anti-moustiques-fjord\\\/#primaryimage\",\"url\":\"https:\\\/\\\/eurotrail.info\\\/wp\\\/wp-content\\\/uploads\\\/2022\\\/11\\\/IMG_1635-KLEIN.jpg\",\"contentUrl\":\"https:\\\/\\\/eurotrail.info\\\/wp\\\/wp-content\\\/uploads\\\/2022\\\/11\\\/IMG_1635-KLEIN.jpg\",\"width\":2319,\"height\":1491,\"caption\":\"Eurotrail Fjord screen house\"},{\"@type\":\"BreadcrumbList\",\"@id\":\"https:\\\/\\\/eurotrail.info\\\/fr\\\/producten\\\/caravane-camping-car-bus\\\/auvents-de-caravane\\\/tente-anti-moustiques-fjord\\\/#breadcrumb\",\"itemListElement\":[{\"@type\":\"ListItem\",\"position\":1,\"name\":\"Home\",\"item\":\"https:\\\/\\\/eurotrail.info\\\/fr\\\/\"},{\"@type\":\"ListItem\",\"position\":2,\"name\":\"Produits\",\"item\":\"https:\\\/\\\/eurotrail.info\\\/fr\\\/produits\\\/\"},{\"@type\":\"ListItem\",\"position\":3,\"name\":\"Tente anti-moustiques Fjord\"}]},{\"@type\":\"WebSite\",\"@id\":\"https:\\\/\\\/eurotrail.info\\\/#website\",\"url\":\"https:\\\/\\\/eurotrail.info\\\/\",\"name\":\"Eurotrail | The way we camp!\",\"description\":\"\",\"publisher\":{\"@id\":\"https:\\\/\\\/eurotrail.info\\\/#organization\"},\"potentialAction\":[{\"@type\":\"SearchAction\",\"target\":{\"@type\":\"EntryPoint\",\"urlTemplate\":\"https:\\\/\\\/eurotrail.info\\\/?s={search_term_string}\"},\"query-input\":{\"@type\":\"PropertyValueSpecification\",\"valueRequired\":true,\"valueName\":\"search_term_string\"}}],\"inLanguage\":\"fr-FR\"},{\"@type\":\"Organization\",\"@id\":\"https:\\\/\\\/eurotrail.info\\\/#organization\",\"name\":\"Eurotrail | The way we camp!\",\"url\":\"https:\\\/\\\/eurotrail.info\\\/\",\"logo\":{\"@type\":\"ImageObject\",\"inLanguage\":\"fr-FR\",\"@id\":\"https:\\\/\\\/eurotrail.info\\\/#\\\/schema\\\/logo\\\/image\\\/\",\"url\":\"https:\\\/\\\/eurotrail.info\\\/wp\\\/wp-content\\\/uploads\\\/2023\\\/07\\\/ET-logo-quote_NL-scaled.jpg\",\"contentUrl\":\"https:\\\/\\\/eurotrail.info\\\/wp\\\/wp-content\\\/uploads\\\/2023\\\/07\\\/ET-logo-quote_NL-scaled.jpg\",\"width\":2560,\"height\":675,\"caption\":\"Eurotrail | The way we camp!\"},\"image\":{\"@id\":\"https:\\\/\\\/eurotrail.info\\\/#\\\/schema\\\/logo\\\/image\\\/\"}}]}<\/script>\n<!-- \/ Yoast SEO plugin. -->","yoast_head_json":{"title":"Tente anti-moustiques Fjord - Eurotrail | The way we camp!","description":"Avec cette moustiquaire, vous transformez votre auvent en une zone sans insectes ! Facile \u00e0 fixer \u00e0 votre auvent Fjord gr\u00e2ce au velcro.","robots":{"index":"index","follow":"follow","max-snippet":"max-snippet:-1","max-image-preview":"max-image-preview:large","max-video-preview":"max-video-preview:-1"},"canonical":"https:\/\/eurotrail.info\/fr\/producten\/caravane-camping-car-bus\/auvents-de-caravane\/tente-anti-moustiques-fjord\/","og_locale":"fr_FR","og_type":"article","og_title":"Tente anti-moustiques Fjord - Eurotrail | The way we camp!","og_description":"Avec cette moustiquaire, vous transformez votre auvent en une zone sans insectes ! Facile \u00e0 fixer \u00e0 votre auvent Fjord gr\u00e2ce au velcro.","og_url":"https:\/\/eurotrail.info\/fr\/producten\/caravane-camping-car-bus\/auvents-de-caravane\/tente-anti-moustiques-fjord\/","og_site_name":"Eurotrail | The way we camp!","article_modified_time":"2022-11-17T13:39:59+00:00","og_image":[{"width":2319,"height":1491,"url":"https:\/\/eurotrail.info\/wp\/wp-content\/uploads\/2022\/11\/IMG_1635-KLEIN.jpg","type":"image\/jpeg"}],"twitter_card":"summary_large_image","twitter_misc":{"Dur\u00e9e de lecture estim\u00e9e":"1 minute"},"schema":{"@context":"https:\/\/schema.org","@graph":[{"@type":"WebPage","@id":"https:\/\/eurotrail.info\/fr\/producten\/caravane-camping-car-bus\/auvents-de-caravane\/tente-anti-moustiques-fjord\/","url":"https:\/\/eurotrail.info\/fr\/producten\/caravane-camping-car-bus\/auvents-de-caravane\/tente-anti-moustiques-fjord\/","name":"Tente anti-moustiques Fjord - Eurotrail | The way we camp!","isPartOf":{"@id":"https:\/\/eurotrail.info\/#website"},"primaryImageOfPage":{"@id":"https:\/\/eurotrail.info\/fr\/producten\/caravane-camping-car-bus\/auvents-de-caravane\/tente-anti-moustiques-fjord\/#primaryimage"},"image":{"@id":"https:\/\/eurotrail.info\/fr\/producten\/caravane-camping-car-bus\/auvents-de-caravane\/tente-anti-moustiques-fjord\/#primaryimage"},"thumbnailUrl":"https:\/\/eurotrail.info\/wp\/wp-content\/uploads\/2022\/11\/IMG_1635-KLEIN.jpg","datePublished":"2022-11-17T13:39:00+00:00","dateModified":"2022-11-17T13:39:59+00:00","description":"Avec cette moustiquaire, vous transformez votre auvent en une zone sans insectes ! Facile \u00e0 fixer \u00e0 votre auvent Fjord gr\u00e2ce au velcro.","breadcrumb":{"@id":"https:\/\/eurotrail.info\/fr\/producten\/caravane-camping-car-bus\/auvents-de-caravane\/tente-anti-moustiques-fjord\/#breadcrumb"},"inLanguage":"fr-FR","potentialAction":[{"@type":"ReadAction","target":["https:\/\/eurotrail.info\/fr\/producten\/caravane-camping-car-bus\/auvents-de-caravane\/tente-anti-moustiques-fjord\/"]}]},{"@type":"ImageObject","inLanguage":"fr-FR","@id":"https:\/\/eurotrail.info\/fr\/producten\/caravane-camping-car-bus\/auvents-de-caravane\/tente-anti-moustiques-fjord\/#primaryimage","url":"https:\/\/eurotrail.info\/wp\/wp-content\/uploads\/2022\/11\/IMG_1635-KLEIN.jpg","contentUrl":"https:\/\/eurotrail.info\/wp\/wp-content\/uploads\/2022\/11\/IMG_1635-KLEIN.jpg","width":2319,"height":1491,"caption":"Eurotrail Fjord screen house"},{"@type":"BreadcrumbList","@id":"https:\/\/eurotrail.info\/fr\/producten\/caravane-camping-car-bus\/auvents-de-caravane\/tente-anti-moustiques-fjord\/#breadcrumb","itemListElement":[{"@type":"ListItem","position":1,"name":"Home","item":"https:\/\/eurotrail.info\/fr\/"},{"@type":"ListItem","position":2,"name":"Produits","item":"https:\/\/eurotrail.info\/fr\/produits\/"},{"@type":"ListItem","position":3,"name":"Tente anti-moustiques Fjord"}]},{"@type":"WebSite","@id":"https:\/\/eurotrail.info\/#website","url":"https:\/\/eurotrail.info\/","name":"Eurotrail | The way we camp!","description":"","publisher":{"@id":"https:\/\/eurotrail.info\/#organization"},"potentialAction":[{"@type":"SearchAction","target":{"@type":"EntryPoint","urlTemplate":"https:\/\/eurotrail.info\/?s={search_term_string}"},"query-input":{"@type":"PropertyValueSpecification","valueRequired":true,"valueName":"search_term_string"}}],"inLanguage":"fr-FR"},{"@type":"Organization","@id":"https:\/\/eurotrail.info\/#organization","name":"Eurotrail | The way we camp!","url":"https:\/\/eurotrail.info\/","logo":{"@type":"ImageObject","inLanguage":"fr-FR","@id":"https:\/\/eurotrail.info\/#\/schema\/logo\/image\/","url":"https:\/\/eurotrail.info\/wp\/wp-content\/uploads\/2023\/07\/ET-logo-quote_NL-scaled.jpg","contentUrl":"https:\/\/eurotrail.info\/wp\/wp-content\/uploads\/2023\/07\/ET-logo-quote_NL-scaled.jpg","width":2560,"height":675,"caption":"Eurotrail | The way we camp!"},"image":{"@id":"https:\/\/eurotrail.info\/#\/schema\/logo\/image\/"}}]}},"_links":{"self":[{"href":"https:\/\/eurotrail.info\/fr\/wp-json\/wp\/v2\/product\/20673","targetHints":{"allow":["GET"]}}],"collection":[{"href":"https:\/\/eurotrail.info\/fr\/wp-json\/wp\/v2\/product"}],"about":[{"href":"https:\/\/eurotrail.info\/fr\/wp-json\/wp\/v2\/types\/product"}],"replies":[{"embeddable":true,"href":"https:\/\/eurotrail.info\/fr\/wp-json\/wp\/v2\/comments?post=20673"}],"wp:featuredmedia":[{"embeddable":true,"href":"https:\/\/eurotrail.info\/fr\/wp-json\/wp\/v2\/media\/20667"}],"wp:attachment":[{"href":"https:\/\/eurotrail.info\/fr\/wp-json\/wp\/v2\/media?parent=20673"}],"wp:term":[{"taxonomy":"product_brand","embeddable":true,"href":"https:\/\/eurotrail.info\/fr\/wp-json\/wp\/v2\/product_brand?post=20673"},{"taxonomy":"product_cat","embeddable":true,"href":"https:\/\/eurotrail.info\/fr\/wp-json\/wp\/v2\/product_cat?post=20673"},{"taxonomy":"product_tag","embeddable":true,"href":"https:\/\/eurotrail.info\/fr\/wp-json\/wp\/v2\/product_tag?post=20673"}],"curies":[{"name":"wp","href":"https:\/\/api.w.org\/{rel}","templated":true}]}}